{"id":7406,"date":"2026-05-15T15:45:59","date_gmt":"2026-05-15T18:45:59","guid":{"rendered":"https:\/\/solardorosario.com.br\/galeria\/?post_type=product&#038;p=7406"},"modified":"2026-05-15T15:46:00","modified_gmt":"2026-05-15T18:46:00","slug":"livro-joao-o-astronomo","status":"publish","type":"product","link":"https:\/\/solardorosario.com.br\/galeria\/produto\/livro-joao-o-astronomo\/","title":{"rendered":"Livro - Jo\u00e3o, o astr\u00f4nomo"},"content":{"rendered":"<p><strong>T\u00edtulo:<\/strong> Jo\u00e3o, o astr\u00f4nomo<\/p>\n<p>\u00c9 muito prazeroso descobrir hist\u00f3rias na fam\u00edlia.<\/p>\n<p>Hist\u00f3rias relevantes como esta, do Jo\u00e3o da Paz, que contamos neste livro.<\/p>\n<p>E ela vale para todos n\u00f3s porque fala de personagens que viram estas paisagens, este mar e estas estrelas brilhando no c\u00e9u profundo, jamais imaginado por um europeu, quinhentos anos atr\u00e1s.<\/p>\n<p>\u00c9 tamb\u00e9m uma homenagem aos corajosos desbravadores que navegaram pelo mundo, vivendo aventuras que ajudaram a desenhar o mapa dos pa\u00edses como hoje os conhecemos.<\/p>\n<p>Tomara que voc\u00ea aproveite muito e se inspire para viver tamb\u00e9m as aventuras que a vida lhe reservar.<\/p>\n<p>&nbsp;<\/p>\n<p><strong>Regina de Barros Correia Casillo - Diretora fundadora do Solar do Ros\u00e1rio e membro da Academia Parananese de Letras.\u00a0\u00a0<\/strong><\/p>\n<p>&nbsp;<\/p>\n<p>Livro acompanha caneca<\/p>\n","protected":false},"excerpt":{"rendered":"<p>T\u00edtulo: Jo\u00e3o, o astr\u00f4nomo \u00c9 muito prazeroso descobrir hist\u00f3rias na fam\u00edlia. Hist\u00f3rias relevantes como esta, do Jo\u00e3o da Paz, que contamos neste livro. E ela vale para todos n\u00f3s porque fala de personagens que viram estas paisagens, este mar e estas estrelas brilhando no c\u00e9u profundo, jamais imaginado por um europeu, quinhentos anos atr\u00e1s. \u00c9 [&hellip;]<\/p>\n","protected":false},"featured_media":7407,"template":"","meta":[],"product_brand":[],"product_cat":[117],"product_tag":[],"class_list":{"0":"post-7406","1":"product","2":"type-product","3":"status-publish","4":"has-post-thumbnail","6":"product_cat-galeria","7":"pa_tecnica-livros-de-arte-e-artistas","9":"first","10":"instock","11":"shipping-taxable","12":"purchasable","13":"product-type-simple"},"yoast_head":"<!-- This site is optimized with the Yoast SEO plugin v27.6 - https:\/\/yoast.com\/product\/yoast-seo-wordpress\/ -->\n<title>Livro - Jo\u00e3o, o astr\u00f4nomo - Solar do Ros\u00e1rio Galeria \\\\\\\\Nova<\/title>\n<meta name=\"robots\" content=\"index, follow, max-snippet:-1, max-image-preview:large, max-video-preview:-1\" \/>\n<link rel=\"canonical\" href=\"https:\/\/solardorosario.com.br\/galeria\/produto\/livro-joao-o-astronomo\/\" \/>\n<meta property=\"og:locale\" content=\"pt_BR\" \/>\n<meta property=\"og:type\" content=\"article\" \/>\n<meta property=\"og:title\" content=\"Livro - Jo\u00e3o, o astr\u00f4nomo - Solar do Ros\u00e1rio Galeria \\\\\\\\Nova\" \/>\n<meta property=\"og:description\" content=\"T\u00edtulo: Jo\u00e3o, o astr\u00f4nomo \u00c9 muito prazeroso descobrir hist\u00f3rias na fam\u00edlia. Hist\u00f3rias relevantes como esta, do Jo\u00e3o da Paz, que contamos neste livro. E ela vale para todos n\u00f3s porque fala de personagens que viram estas paisagens, este mar e estas estrelas brilhando no c\u00e9u profundo, jamais imaginado por um europeu, quinhentos anos atr\u00e1s. \u00c9 [&hellip;]\" \/>\n<meta property=\"og:url\" content=\"https:\/\/solardorosario.com.br\/galeria\/produto\/livro-joao-o-astronomo\/\" \/>\n<meta property=\"og:site_name\" content=\"Solar do Ros\u00e1rio Galeria \\\\\\\\Nova\" \/>\n<meta property=\"article:modified_time\" content=\"2026-05-15T18:46:00+00:00\" \/>\n<meta property=\"og:image\" content=\"https:\/\/solardorosario.com.br\/galeria\/wp-content\/uploads\/2026\/05\/WhatsApp-Image-2025-12-10-at-16.45.101.jpeg\" \/>\n\t<meta property=\"og:image:width\" content=\"1259\" \/>\n\t<meta property=\"og:image:height\" content=\"1280\" \/>\n\t<meta property=\"og:image:type\" content=\"image\/jpeg\" \/>\n<meta name=\"twitter:card\" content=\"summary_large_image\" \/>\n<meta name=\"twitter:label1\" content=\"Est. tempo de leitura\" \/>\n\t<meta name=\"twitter:data1\" content=\"1 minuto\" \/>\n<script type=\"application\/ld+json\" class=\"yoast-schema-graph\">{\"@context\":\"https:\\\/\\\/schema.org\",\"@graph\":[{\"@type\":\"WebPage\",\"@id\":\"https:\\\/\\\/solardorosario.com.br\\\/galeria\\\/produto\\\/livro-joao-o-astronomo\\\/\",\"url\":\"https:\\\/\\\/solardorosario.com.br\\\/galeria\\\/produto\\\/livro-joao-o-astronomo\\\/\",\"name\":\"Livro - Jo\u00e3o, o astr\u00f4nomo - Solar do Ros\u00e1rio Galeria \\\\\\\\\\\\\\\\Nova\",\"isPartOf\":{\"@id\":\"https:\\\/\\\/solardorosario.com.br\\\/galeria\\\/#website\"},\"primaryImageOfPage\":{\"@id\":\"https:\\\/\\\/solardorosario.com.br\\\/galeria\\\/produto\\\/livro-joao-o-astronomo\\\/#primaryimage\"},\"image\":{\"@id\":\"https:\\\/\\\/solardorosario.com.br\\\/galeria\\\/produto\\\/livro-joao-o-astronomo\\\/#primaryimage\"},\"thumbnailUrl\":\"https:\\\/\\\/solardorosario.com.br\\\/galeria\\\/wp-content\\\/uploads\\\/2026\\\/05\\\/WhatsApp-Image-2025-12-10-at-16.45.101.jpeg\",\"datePublished\":\"2026-05-15T18:45:59+00:00\",\"dateModified\":\"2026-05-15T18:46:00+00:00\",\"breadcrumb\":{\"@id\":\"https:\\\/\\\/solardorosario.com.br\\\/galeria\\\/produto\\\/livro-joao-o-astronomo\\\/#breadcrumb\"},\"inLanguage\":\"pt-BR\",\"potentialAction\":[{\"@type\":\"ReadAction\",\"target\":[\"https:\\\/\\\/solardorosario.com.br\\\/galeria\\\/produto\\\/livro-joao-o-astronomo\\\/\"]}]},{\"@type\":\"ImageObject\",\"inLanguage\":\"pt-BR\",\"@id\":\"https:\\\/\\\/solardorosario.com.br\\\/galeria\\\/produto\\\/livro-joao-o-astronomo\\\/#primaryimage\",\"url\":\"https:\\\/\\\/solardorosario.com.br\\\/galeria\\\/wp-content\\\/uploads\\\/2026\\\/05\\\/WhatsApp-Image-2025-12-10-at-16.45.101.jpeg\",\"contentUrl\":\"https:\\\/\\\/solardorosario.com.br\\\/galeria\\\/wp-content\\\/uploads\\\/2026\\\/05\\\/WhatsApp-Image-2025-12-10-at-16.45.101.jpeg\",\"width\":1259,\"height\":1280},{\"@type\":\"BreadcrumbList\",\"@id\":\"https:\\\/\\\/solardorosario.com.br\\\/galeria\\\/produto\\\/livro-joao-o-astronomo\\\/#breadcrumb\",\"itemListElement\":[{\"@type\":\"ListItem\",\"position\":1,\"name\":\"In\u00edcio\",\"item\":\"https:\\\/\\\/solardorosario.com.br\\\/galeria\\\/\"},{\"@type\":\"ListItem\",\"position\":2,\"name\":\"galeria\",\"item\":\"https:\\\/\\\/solardorosario.com.br\\\/galeria\\\/galeria\\\/\"},{\"@type\":\"ListItem\",\"position\":3,\"name\":\"Livro - Jo\u00e3o, o astr\u00f4nomo\"}]},{\"@type\":\"WebSite\",\"@id\":\"https:\\\/\\\/solardorosario.com.br\\\/galeria\\\/#website\",\"url\":\"https:\\\/\\\/solardorosario.com.br\\\/galeria\\\/\",\"name\":\"Solar do Ros\u00e1rio Galeria \\\\\\\\\\\\\\\\Nova\",\"description\":\"\",\"potentialAction\":[{\"@type\":\"SearchAction\",\"target\":{\"@type\":\"EntryPoint\",\"urlTemplate\":\"https:\\\/\\\/solardorosario.com.br\\\/galeria\\\/?s={search_term_string}\"},\"query-input\":{\"@type\":\"PropertyValueSpecification\",\"valueRequired\":true,\"valueName\":\"search_term_string\"}}],\"inLanguage\":\"pt-BR\"}]}<\/script>\n<!-- \/ Yoast SEO plugin. -->","yoast_head_json":{"title":"Livro - Jo\u00e3o, o astr\u00f4nomo - Solar do Ros\u00e1rio Galeria \\\\\\\\Nova","robots":{"index":"index","follow":"follow","max-snippet":"max-snippet:-1","max-image-preview":"max-image-preview:large","max-video-preview":"max-video-preview:-1"},"canonical":"https:\/\/solardorosario.com.br\/galeria\/produto\/livro-joao-o-astronomo\/","og_locale":"pt_BR","og_type":"article","og_title":"Livro - Jo\u00e3o, o astr\u00f4nomo - Solar do Ros\u00e1rio Galeria \\\\\\\\Nova","og_description":"T\u00edtulo: Jo\u00e3o, o astr\u00f4nomo \u00c9 muito prazeroso descobrir hist\u00f3rias na fam\u00edlia. Hist\u00f3rias relevantes como esta, do Jo\u00e3o da Paz, que contamos neste livro. E ela vale para todos n\u00f3s porque fala de personagens que viram estas paisagens, este mar e estas estrelas brilhando no c\u00e9u profundo, jamais imaginado por um europeu, quinhentos anos atr\u00e1s. \u00c9 [&hellip;]","og_url":"https:\/\/solardorosario.com.br\/galeria\/produto\/livro-joao-o-astronomo\/","og_site_name":"Solar do Ros\u00e1rio Galeria \\\\\\\\Nova","article_modified_time":"2026-05-15T18:46:00+00:00","og_image":[{"width":1259,"height":1280,"url":"https:\/\/solardorosario.com.br\/galeria\/wp-content\/uploads\/2026\/05\/WhatsApp-Image-2025-12-10-at-16.45.101.jpeg","type":"image\/jpeg"}],"twitter_card":"summary_large_image","twitter_misc":{"Est. tempo de leitura":"1 minuto"},"schema":{"@context":"https:\/\/schema.org","@graph":[{"@type":"WebPage","@id":"https:\/\/solardorosario.com.br\/galeria\/produto\/livro-joao-o-astronomo\/","url":"https:\/\/solardorosario.com.br\/galeria\/produto\/livro-joao-o-astronomo\/","name":"Livro - Jo\u00e3o, o astr\u00f4nomo - Solar do Ros\u00e1rio Galeria \\\\\\\\Nova","isPartOf":{"@id":"https:\/\/solardorosario.com.br\/galeria\/#website"},"primaryImageOfPage":{"@id":"https:\/\/solardorosario.com.br\/galeria\/produto\/livro-joao-o-astronomo\/#primaryimage"},"image":{"@id":"https:\/\/solardorosario.com.br\/galeria\/produto\/livro-joao-o-astronomo\/#primaryimage"},"thumbnailUrl":"https:\/\/solardorosario.com.br\/galeria\/wp-content\/uploads\/2026\/05\/WhatsApp-Image-2025-12-10-at-16.45.101.jpeg","datePublished":"2026-05-15T18:45:59+00:00","dateModified":"2026-05-15T18:46:00+00:00","breadcrumb":{"@id":"https:\/\/solardorosario.com.br\/galeria\/produto\/livro-joao-o-astronomo\/#breadcrumb"},"inLanguage":"pt-BR","potentialAction":[{"@type":"ReadAction","target":["https:\/\/solardorosario.com.br\/galeria\/produto\/livro-joao-o-astronomo\/"]}]},{"@type":"ImageObject","inLanguage":"pt-BR","@id":"https:\/\/solardorosario.com.br\/galeria\/produto\/livro-joao-o-astronomo\/#primaryimage","url":"https:\/\/solardorosario.com.br\/galeria\/wp-content\/uploads\/2026\/05\/WhatsApp-Image-2025-12-10-at-16.45.101.jpeg","contentUrl":"https:\/\/solardorosario.com.br\/galeria\/wp-content\/uploads\/2026\/05\/WhatsApp-Image-2025-12-10-at-16.45.101.jpeg","width":1259,"height":1280},{"@type":"BreadcrumbList","@id":"https:\/\/solardorosario.com.br\/galeria\/produto\/livro-joao-o-astronomo\/#breadcrumb","itemListElement":[{"@type":"ListItem","position":1,"name":"In\u00edcio","item":"https:\/\/solardorosario.com.br\/galeria\/"},{"@type":"ListItem","position":2,"name":"galeria","item":"https:\/\/solardorosario.com.br\/galeria\/galeria\/"},{"@type":"ListItem","position":3,"name":"Livro - Jo\u00e3o, o astr\u00f4nomo"}]},{"@type":"WebSite","@id":"https:\/\/solardorosario.com.br\/galeria\/#website","url":"https:\/\/solardorosario.com.br\/galeria\/","name":"Solar do Ros\u00e1rio Galeria \\\\\\\\Nova","description":"","potentialAction":[{"@type":"SearchAction","target":{"@type":"EntryPoint","urlTemplate":"https:\/\/solardorosario.com.br\/galeria\/?s={search_term_string}"},"query-input":{"@type":"PropertyValueSpecification","valueRequired":true,"valueName":"search_term_string"}}],"inLanguage":"pt-BR"}]}},"_links":{"self":[{"href":"https:\/\/solardorosario.com.br\/galeria\/wp-json\/wp\/v2\/product\/7406","targetHints":{"allow":["GET"]}}],"collection":[{"href":"https:\/\/solardorosario.com.br\/galeria\/wp-json\/wp\/v2\/product"}],"about":[{"href":"https:\/\/solardorosario.com.br\/galeria\/wp-json\/wp\/v2\/types\/product"}],"wp:featuredmedia":[{"embeddable":true,"href":"https:\/\/solardorosario.com.br\/galeria\/wp-json\/wp\/v2\/media\/7407"}],"wp:attachment":[{"href":"https:\/\/solardorosario.com.br\/galeria\/wp-json\/wp\/v2\/media?parent=7406"}],"wp:term":[{"taxonomy":"product_brand","embeddable":true,"href":"https:\/\/solardorosario.com.br\/galeria\/wp-json\/wp\/v2\/product_brand?post=7406"},{"taxonomy":"product_cat","embeddable":true,"href":"https:\/\/solardorosario.com.br\/galeria\/wp-json\/wp\/v2\/product_cat?post=7406"},{"taxonomy":"product_tag","embeddable":true,"href":"https:\/\/solardorosario.com.br\/galeria\/wp-json\/wp\/v2\/product_tag?post=7406"}],"curies":[{"name":"wp","href":"https:\/\/api.w.org\/{rel}","templated":true}]}}