{"id":7405,"date":"2026-05-16T09:42:53","date_gmt":"2026-05-16T12:42:53","guid":{"rendered":"https:\/\/solardorosario.com.br\/galeria\/?post_type=product&#038;p=7405"},"modified":"2026-05-16T09:42:53","modified_gmt":"2026-05-16T12:42:53","slug":"livro-os-irmaos-que-construiram-pontes","status":"publish","type":"product","link":"https:\/\/solardorosario.com.br\/galeria\/produto\/livro-os-irmaos-que-construiram-pontes\/","title":{"rendered":"Livro - Os irm\u00e3os que constru\u00edram pontes"},"content":{"rendered":"<p><strong>T\u00edtulo:<\/strong> Os irm\u00e3os que constru\u00edram pontes<\/p>\n<p>&nbsp;<\/p>\n<p><strong>Dois irm\u00e3os, um pa\u00eds e um sonho.\u00a0<\/strong><\/p>\n<p>\"Assim \u00e9 o roteiro deste singelo livro de Regina Casillo para crian\u00e7as. Andr\u00e9 e Ant\u00f4nio Rebou\u00e7as s\u00e3o personagens de um Brasil mais sonhado do que real. Vieram ao mundo na primeira metade do s\u00e9culo XIX, em um ber\u00e7o surpreendemente privilegiado para homens negros, descendentes de africanos escravizados. Filhos do jurista e conselheiro do Imp\u00e9rio Ant\u00f4nio Pereira Rebou\u00e7as, tiveram educa\u00e7\u00e3o esmerada, nas melhores escolas da \u00e9poca. Completaram os estudos na Europa, em viagem financiada pelo pai. Ao contr\u00e1rio dos filhos da elite escravocrata da \u00e9poca, por\u00e9m, jamais se conformaram com a realidade cruel e injusta do Brasil em que viveram. Sonharam e lutaram por um pa\u00eds melhor. Realizaram grandes coisas, como obras de engenharia que at\u00e9 hoje surpreenderam pela ousadia e coragem, caso da ferrovia Curitiba-Paranagu\u00e1. Lutaram principalmente contra a escravid\u00e3o.<\/p>\n<p>Andr\u00e9 Rebou\u00e7as foi um dos maiores abolicionistas brasileiros. Tinha recursos e amigos influentes, com acesso aos sal\u00f5es mais requintados da corte, que inclu\u00edam a conviv\u00eancia com chefes de governo e membros da fam\u00edlia imperial. Frequentava a casa da Princesa Isabel e o marido, o Conde D'Eu, de quem era amigo \u00edntimo. Na lideran\u00e7a do movimento abolicionista, queria a\u00e7\u00e3o, e r\u00e1pida. Chegou a esbo\u00e7ar um itiner\u00e1rio para facilitar a fuga de escravos por via f\u00e9rrea. Sustentava que a liberta\u00e7\u00e3o dos escravos, por si s\u00f3, n\u00e3o seria suficiente. Era tamb\u00e9m necess\u00e1ria a imediata democratiza\u00e7\u00e3o da propriedade da terra, pelo fim do latif\u00fandio, de maneira a oferecer aos rec\u00e9m-libertados oportunidades de trabalho e acesso \u00e0 riqueza. O sonho de Rebou\u00e7as jamais se realizou.<\/p>\n<p>O Brasil acabou com a escravid\u00e3o, pela Lei \u00c1urea de maio de 1888, por\u00e9m nunca ofereceu oportunidades reais aos negros descendentes de escravos, o que explica muito das dificuldades atuais do pa\u00eds. \u00c9 um sonho que ficou pela metade. Por essas e outras raz\u00f5es, esta obra de Regina Casillo \u00e9 uma preciosa contribui\u00e7\u00e3o \u00e0 \u00e1rdua tarefa de pedagogos e professores de estimular em sala de aula o conhecimento e a reflex\u00e3o de crian\u00e7as e jovens estudantes a respeito dos desafios passados, presentes e futuros dos brasileiros. Uma leitura acess\u00edvel, l\u00fadica, agrad\u00e1vel e fundamental para todos n\u00f3s que sonhamos com um Brasil melhor - tanto quant os irm\u00e3os Rebou\u00e7as sonharam no s\u00e9culo XIX.\"<\/p>\n<p><strong>Laurentino Gomes\u00a0<\/strong><\/p>\n<p>&nbsp;<\/p>\n<p>&nbsp;<\/p>\n<p>Livro acompanha caneca<\/p>\n","protected":false},"excerpt":{"rendered":"<p>T\u00edtulo: Os irm\u00e3os que constru\u00edram pontes &nbsp; Dois irm\u00e3os, um pa\u00eds e um sonho.\u00a0 \"Assim \u00e9 o roteiro deste singelo livro de Regina Casillo para crian\u00e7as. Andr\u00e9 e Ant\u00f4nio Rebou\u00e7as s\u00e3o personagens de um Brasil mais sonhado do que real. Vieram ao mundo na primeira metade do s\u00e9culo XIX, em um ber\u00e7o surpreendemente privilegiado para [&hellip;]<\/p>\n","protected":false},"featured_media":0,"template":"","meta":[],"product_brand":[],"product_cat":[117],"product_tag":[],"class_list":{"0":"post-7405","1":"product","2":"type-product","3":"status-publish","5":"product_cat-galeria","7":"first","8":"instock","9":"shipping-taxable","10":"product-type-simple"},"yoast_head":"<!-- This site is optimized with the Yoast SEO plugin v27.6 - https:\/\/yoast.com\/product\/yoast-seo-wordpress\/ -->\n<title>Livro - Os irm\u00e3os que constru\u00edram pontes - Solar do Ros\u00e1rio Galeria \\\\\\\\Nova<\/title>\n<meta name=\"robots\" content=\"index, follow, max-snippet:-1, max-image-preview:large, max-video-preview:-1\" \/>\n<link rel=\"canonical\" href=\"https:\/\/solardorosario.com.br\/galeria\/?post_type=product&p=7405\" \/>\n<meta property=\"og:locale\" content=\"pt_BR\" \/>\n<meta property=\"og:type\" content=\"article\" \/>\n<meta property=\"og:title\" content=\"Livro - Os irm\u00e3os que constru\u00edram pontes - Solar do Ros\u00e1rio Galeria \\\\\\\\Nova\" \/>\n<meta property=\"og:description\" content=\"T\u00edtulo: Os irm\u00e3os que constru\u00edram pontes &nbsp; Dois irm\u00e3os, um pa\u00eds e um sonho.\u00a0 &quot;Assim \u00e9 o roteiro deste singelo livro de Regina Casillo para crian\u00e7as. Andr\u00e9 e Ant\u00f4nio Rebou\u00e7as s\u00e3o personagens de um Brasil mais sonhado do que real. Vieram ao mundo na primeira metade do s\u00e9culo XIX, em um ber\u00e7o surpreendemente privilegiado para [&hellip;]\" \/>\n<meta property=\"og:url\" content=\"https:\/\/solardorosario.com.br\/galeria\/?post_type=product&amp;p=7405\" \/>\n<meta property=\"og:site_name\" content=\"Solar do Ros\u00e1rio Galeria \\\\\\\\Nova\" \/>\n<meta name=\"twitter:card\" content=\"summary_large_image\" \/>\n<meta name=\"twitter:label1\" content=\"Est. tempo de leitura\" \/>\n\t<meta name=\"twitter:data1\" content=\"2 minutos\" \/>\n<script type=\"application\/ld+json\" class=\"yoast-schema-graph\">{\"@context\":\"https:\\\/\\\/schema.org\",\"@graph\":[{\"@type\":\"WebPage\",\"@id\":\"https:\\\/\\\/solardorosario.com.br\\\/galeria\\\/?post_type=product&p=7405\",\"url\":\"https:\\\/\\\/solardorosario.com.br\\\/galeria\\\/?post_type=product&p=7405\",\"name\":\"Livro - Os irm\u00e3os que constru\u00edram pontes - Solar do Ros\u00e1rio Galeria \\\\\\\\\\\\\\\\Nova\",\"isPartOf\":{\"@id\":\"https:\\\/\\\/solardorosario.com.br\\\/galeria\\\/#website\"},\"datePublished\":\"2026-05-16T12:42:53+00:00\",\"breadcrumb\":{\"@id\":\"https:\\\/\\\/solardorosario.com.br\\\/galeria\\\/?post_type=product&p=7405#breadcrumb\"},\"inLanguage\":\"pt-BR\",\"potentialAction\":[{\"@type\":\"ReadAction\",\"target\":[\"https:\\\/\\\/solardorosario.com.br\\\/galeria\\\/?post_type=product&p=7405\"]}]},{\"@type\":\"BreadcrumbList\",\"@id\":\"https:\\\/\\\/solardorosario.com.br\\\/galeria\\\/?post_type=product&p=7405#breadcrumb\",\"itemListElement\":[{\"@type\":\"ListItem\",\"position\":1,\"name\":\"In\u00edcio\",\"item\":\"https:\\\/\\\/solardorosario.com.br\\\/galeria\\\/\"},{\"@type\":\"ListItem\",\"position\":2,\"name\":\"galeria\",\"item\":\"https:\\\/\\\/solardorosario.com.br\\\/galeria\\\/galeria\\\/\"},{\"@type\":\"ListItem\",\"position\":3,\"name\":\"Livro - Os irm\u00e3os que constru\u00edram pontes\"}]},{\"@type\":\"WebSite\",\"@id\":\"https:\\\/\\\/solardorosario.com.br\\\/galeria\\\/#website\",\"url\":\"https:\\\/\\\/solardorosario.com.br\\\/galeria\\\/\",\"name\":\"Solar do Ros\u00e1rio Galeria \\\\\\\\\\\\\\\\Nova\",\"description\":\"\",\"potentialAction\":[{\"@type\":\"SearchAction\",\"target\":{\"@type\":\"EntryPoint\",\"urlTemplate\":\"https:\\\/\\\/solardorosario.com.br\\\/galeria\\\/?s={search_term_string}\"},\"query-input\":{\"@type\":\"PropertyValueSpecification\",\"valueRequired\":true,\"valueName\":\"search_term_string\"}}],\"inLanguage\":\"pt-BR\"}]}<\/script>\n<!-- \/ Yoast SEO plugin. -->","yoast_head_json":{"title":"Livro - Os irm\u00e3os que constru\u00edram pontes - Solar do Ros\u00e1rio Galeria \\\\\\\\Nova","robots":{"index":"index","follow":"follow","max-snippet":"max-snippet:-1","max-image-preview":"max-image-preview:large","max-video-preview":"max-video-preview:-1"},"canonical":"https:\/\/solardorosario.com.br\/galeria\/?post_type=product&p=7405","og_locale":"pt_BR","og_type":"article","og_title":"Livro - Os irm\u00e3os que constru\u00edram pontes - Solar do Ros\u00e1rio Galeria \\\\\\\\Nova","og_description":"T\u00edtulo: Os irm\u00e3os que constru\u00edram pontes &nbsp; Dois irm\u00e3os, um pa\u00eds e um sonho.\u00a0 \"Assim \u00e9 o roteiro deste singelo livro de Regina Casillo para crian\u00e7as. Andr\u00e9 e Ant\u00f4nio Rebou\u00e7as s\u00e3o personagens de um Brasil mais sonhado do que real. Vieram ao mundo na primeira metade do s\u00e9culo XIX, em um ber\u00e7o surpreendemente privilegiado para [&hellip;]","og_url":"https:\/\/solardorosario.com.br\/galeria\/?post_type=product&p=7405","og_site_name":"Solar do Ros\u00e1rio Galeria \\\\\\\\Nova","twitter_card":"summary_large_image","twitter_misc":{"Est. tempo de leitura":"2 minutos"},"schema":{"@context":"https:\/\/schema.org","@graph":[{"@type":"WebPage","@id":"https:\/\/solardorosario.com.br\/galeria\/?post_type=product&p=7405","url":"https:\/\/solardorosario.com.br\/galeria\/?post_type=product&p=7405","name":"Livro - Os irm\u00e3os que constru\u00edram pontes - Solar do Ros\u00e1rio Galeria \\\\\\\\Nova","isPartOf":{"@id":"https:\/\/solardorosario.com.br\/galeria\/#website"},"datePublished":"2026-05-16T12:42:53+00:00","breadcrumb":{"@id":"https:\/\/solardorosario.com.br\/galeria\/?post_type=product&p=7405#breadcrumb"},"inLanguage":"pt-BR","potentialAction":[{"@type":"ReadAction","target":["https:\/\/solardorosario.com.br\/galeria\/?post_type=product&p=7405"]}]},{"@type":"BreadcrumbList","@id":"https:\/\/solardorosario.com.br\/galeria\/?post_type=product&p=7405#breadcrumb","itemListElement":[{"@type":"ListItem","position":1,"name":"In\u00edcio","item":"https:\/\/solardorosario.com.br\/galeria\/"},{"@type":"ListItem","position":2,"name":"galeria","item":"https:\/\/solardorosario.com.br\/galeria\/galeria\/"},{"@type":"ListItem","position":3,"name":"Livro - Os irm\u00e3os que constru\u00edram pontes"}]},{"@type":"WebSite","@id":"https:\/\/solardorosario.com.br\/galeria\/#website","url":"https:\/\/solardorosario.com.br\/galeria\/","name":"Solar do Ros\u00e1rio Galeria \\\\\\\\Nova","description":"","potentialAction":[{"@type":"SearchAction","target":{"@type":"EntryPoint","urlTemplate":"https:\/\/solardorosario.com.br\/galeria\/?s={search_term_string}"},"query-input":{"@type":"PropertyValueSpecification","valueRequired":true,"valueName":"search_term_string"}}],"inLanguage":"pt-BR"}]}},"_links":{"self":[{"href":"https:\/\/solardorosario.com.br\/galeria\/wp-json\/wp\/v2\/product\/7405","targetHints":{"allow":["GET"]}}],"collection":[{"href":"https:\/\/solardorosario.com.br\/galeria\/wp-json\/wp\/v2\/product"}],"about":[{"href":"https:\/\/solardorosario.com.br\/galeria\/wp-json\/wp\/v2\/types\/product"}],"wp:attachment":[{"href":"https:\/\/solardorosario.com.br\/galeria\/wp-json\/wp\/v2\/media?parent=7405"}],"wp:term":[{"taxonomy":"product_brand","embeddable":true,"href":"https:\/\/solardorosario.com.br\/galeria\/wp-json\/wp\/v2\/product_brand?post=7405"},{"taxonomy":"product_cat","embeddable":true,"href":"https:\/\/solardorosario.com.br\/galeria\/wp-json\/wp\/v2\/product_cat?post=7405"},{"taxonomy":"product_tag","embeddable":true,"href":"https:\/\/solardorosario.com.br\/galeria\/wp-json\/wp\/v2\/product_tag?post=7405"}],"curies":[{"name":"wp","href":"https:\/\/api.w.org\/{rel}","templated":true}]}}