{"id":7388,"date":"2026-05-14T16:55:21","date_gmt":"2026-05-14T19:55:21","guid":{"rendered":"https:\/\/solardorosario.com.br\/galeria\/?post_type=product&#038;p=7388"},"modified":"2026-05-14T16:56:53","modified_gmt":"2026-05-14T19:56:53","slug":"kleber-ventura-bike-preta","status":"publish","type":"product","link":"https:\/\/solardorosario.com.br\/galeria\/produto\/kleber-ventura-bike-preta\/","title":{"rendered":"Kleber Ventura - Bike preta"},"content":{"rendered":"<p><strong>Artista:<\/strong> Kleber Ventura<\/p>\n<p><strong>T\u00edtulo:<\/strong> Bike Preta<\/p>\n<p><strong>Dimens\u00e3o:<\/strong> 50x50cm<\/p>\n<p><strong>T\u00e9cnica:<\/strong> Serigrafia (sem moldura)<\/p>\n<p>&nbsp;<\/p>\n<p>&nbsp;<\/p>\n<p>Kleber Ventura \u00e9 nascido em 18 de julho de 1950, em Itapipoca - CE. \u00c9 desenhista, pintor, gravador e escultor. Com 14 anos, participou de uma coletiva de gravadores no Hall do Teatro de Jos\u00e9 de Alencar, fazendo um curso de gravura com Misabel Pedoras. Estudou com os gravuristas Hansen Bahia e Marcello Grassmann. Aos 15 anos de idade, foi premiado pela primeira vez, no Sal\u00e3o de Abril. J\u00e1 recebeu mais de 33 pr\u00eamios e participou de 120 exposi\u00e7\u00f5es oficiais e catalogadas. Foi respons\u00e1vel por organizar o 1\u00ba Sal\u00e3o Hist\u00f3rico da Arte Cearense.<\/p>\n","protected":false},"excerpt":{"rendered":"<p>Artista: Kleber Ventura T\u00edtulo: Bike Preta Dimens\u00e3o: 50x50cm T\u00e9cnica: Serigrafia (sem moldura) &nbsp; &nbsp; Kleber Ventura \u00e9 nascido em 18 de julho de 1950, em Itapipoca - CE. \u00c9 desenhista, pintor, gravador e escultor. Com 14 anos, participou de uma coletiva de gravadores no Hall do Teatro de Jos\u00e9 de Alencar, fazendo um curso de [&hellip;]<\/p>\n","protected":false},"featured_media":7389,"template":"","meta":[],"product_brand":[],"product_cat":[117],"product_tag":[],"class_list":{"0":"post-7388","1":"product","2":"type-product","3":"status-publish","4":"has-post-thumbnail","6":"product_cat-galeria","7":"pa_artista-kleber-ventura","8":"pa_estilo-figurativo","9":"pa_tecnica-serigrafia","11":"first","12":"instock","13":"shipping-taxable","14":"product-type-simple"},"yoast_head":"<!-- This site is optimized with the Yoast SEO plugin v27.6 - https:\/\/yoast.com\/product\/yoast-seo-wordpress\/ -->\n<title>Kleber Ventura - Bike preta - Solar do Ros\u00e1rio Galeria \\\\\\\\Nova<\/title>\n<meta name=\"robots\" content=\"index, follow, max-snippet:-1, max-image-preview:large, max-video-preview:-1\" \/>\n<link rel=\"canonical\" href=\"https:\/\/solardorosario.com.br\/galeria\/produto\/kleber-ventura-bike-preta\/\" \/>\n<meta property=\"og:locale\" content=\"pt_BR\" \/>\n<meta property=\"og:type\" content=\"article\" \/>\n<meta property=\"og:title\" content=\"Kleber Ventura - Bike preta - Solar do Ros\u00e1rio Galeria \\\\\\\\Nova\" \/>\n<meta property=\"og:description\" content=\"Artista: Kleber Ventura T\u00edtulo: Bike Preta Dimens\u00e3o: 50x50cm T\u00e9cnica: Serigrafia (sem moldura) &nbsp; &nbsp; Kleber Ventura \u00e9 nascido em 18 de julho de 1950, em Itapipoca - CE. \u00c9 desenhista, pintor, gravador e escultor. Com 14 anos, participou de uma coletiva de gravadores no Hall do Teatro de Jos\u00e9 de Alencar, fazendo um curso de [&hellip;]\" \/>\n<meta property=\"og:url\" content=\"https:\/\/solardorosario.com.br\/galeria\/produto\/kleber-ventura-bike-preta\/\" \/>\n<meta property=\"og:site_name\" content=\"Solar do Ros\u00e1rio Galeria \\\\\\\\Nova\" \/>\n<meta property=\"article:modified_time\" content=\"2026-05-14T19:56:53+00:00\" \/>\n<meta property=\"og:image\" content=\"https:\/\/solardorosario.com.br\/galeria\/wp-content\/uploads\/2026\/05\/Sem-titulo-50x50cm-Serigrafia.jpeg\" \/>\n\t<meta property=\"og:image:width\" content=\"1274\" \/>\n\t<meta property=\"og:image:height\" content=\"1280\" \/>\n\t<meta property=\"og:image:type\" content=\"image\/jpeg\" \/>\n<meta name=\"twitter:card\" content=\"summary_large_image\" \/>\n<meta name=\"twitter:label1\" content=\"Est. tempo de leitura\" \/>\n\t<meta name=\"twitter:data1\" content=\"1 minuto\" \/>\n<script type=\"application\/ld+json\" class=\"yoast-schema-graph\">{\"@context\":\"https:\\\/\\\/schema.org\",\"@graph\":[{\"@type\":\"WebPage\",\"@id\":\"https:\\\/\\\/solardorosario.com.br\\\/galeria\\\/produto\\\/kleber-ventura-bike-preta\\\/\",\"url\":\"https:\\\/\\\/solardorosario.com.br\\\/galeria\\\/produto\\\/kleber-ventura-bike-preta\\\/\",\"name\":\"Kleber Ventura - Bike preta - Solar do Ros\u00e1rio Galeria \\\\\\\\\\\\\\\\Nova\",\"isPartOf\":{\"@id\":\"https:\\\/\\\/solardorosario.com.br\\\/galeria\\\/#website\"},\"primaryImageOfPage\":{\"@id\":\"https:\\\/\\\/solardorosario.com.br\\\/galeria\\\/produto\\\/kleber-ventura-bike-preta\\\/#primaryimage\"},\"image\":{\"@id\":\"https:\\\/\\\/solardorosario.com.br\\\/galeria\\\/produto\\\/kleber-ventura-bike-preta\\\/#primaryimage\"},\"thumbnailUrl\":\"https:\\\/\\\/solardorosario.com.br\\\/galeria\\\/wp-content\\\/uploads\\\/2026\\\/05\\\/Sem-titulo-50x50cm-Serigrafia.jpeg\",\"datePublished\":\"2026-05-14T19:55:21+00:00\",\"dateModified\":\"2026-05-14T19:56:53+00:00\",\"breadcrumb\":{\"@id\":\"https:\\\/\\\/solardorosario.com.br\\\/galeria\\\/produto\\\/kleber-ventura-bike-preta\\\/#breadcrumb\"},\"inLanguage\":\"pt-BR\",\"potentialAction\":[{\"@type\":\"ReadAction\",\"target\":[\"https:\\\/\\\/solardorosario.com.br\\\/galeria\\\/produto\\\/kleber-ventura-bike-preta\\\/\"]}]},{\"@type\":\"ImageObject\",\"inLanguage\":\"pt-BR\",\"@id\":\"https:\\\/\\\/solardorosario.com.br\\\/galeria\\\/produto\\\/kleber-ventura-bike-preta\\\/#primaryimage\",\"url\":\"https:\\\/\\\/solardorosario.com.br\\\/galeria\\\/wp-content\\\/uploads\\\/2026\\\/05\\\/Sem-titulo-50x50cm-Serigrafia.jpeg\",\"contentUrl\":\"https:\\\/\\\/solardorosario.com.br\\\/galeria\\\/wp-content\\\/uploads\\\/2026\\\/05\\\/Sem-titulo-50x50cm-Serigrafia.jpeg\",\"width\":1274,\"height\":1280},{\"@type\":\"BreadcrumbList\",\"@id\":\"https:\\\/\\\/solardorosario.com.br\\\/galeria\\\/produto\\\/kleber-ventura-bike-preta\\\/#breadcrumb\",\"itemListElement\":[{\"@type\":\"ListItem\",\"position\":1,\"name\":\"In\u00edcio\",\"item\":\"https:\\\/\\\/solardorosario.com.br\\\/galeria\\\/\"},{\"@type\":\"ListItem\",\"position\":2,\"name\":\"galeria\",\"item\":\"https:\\\/\\\/solardorosario.com.br\\\/galeria\\\/galeria\\\/\"},{\"@type\":\"ListItem\",\"position\":3,\"name\":\"Kleber Ventura - Bike preta\"}]},{\"@type\":\"WebSite\",\"@id\":\"https:\\\/\\\/solardorosario.com.br\\\/galeria\\\/#website\",\"url\":\"https:\\\/\\\/solardorosario.com.br\\\/galeria\\\/\",\"name\":\"Solar do Ros\u00e1rio Galeria \\\\\\\\\\\\\\\\Nova\",\"description\":\"\",\"potentialAction\":[{\"@type\":\"SearchAction\",\"target\":{\"@type\":\"EntryPoint\",\"urlTemplate\":\"https:\\\/\\\/solardorosario.com.br\\\/galeria\\\/?s={search_term_string}\"},\"query-input\":{\"@type\":\"PropertyValueSpecification\",\"valueRequired\":true,\"valueName\":\"search_term_string\"}}],\"inLanguage\":\"pt-BR\"}]}<\/script>\n<!-- \/ Yoast SEO plugin. -->","yoast_head_json":{"title":"Kleber Ventura - Bike preta - Solar do Ros\u00e1rio Galeria \\\\\\\\Nova","robots":{"index":"index","follow":"follow","max-snippet":"max-snippet:-1","max-image-preview":"max-image-preview:large","max-video-preview":"max-video-preview:-1"},"canonical":"https:\/\/solardorosario.com.br\/galeria\/produto\/kleber-ventura-bike-preta\/","og_locale":"pt_BR","og_type":"article","og_title":"Kleber Ventura - Bike preta - Solar do Ros\u00e1rio Galeria \\\\\\\\Nova","og_description":"Artista: Kleber Ventura T\u00edtulo: Bike Preta Dimens\u00e3o: 50x50cm T\u00e9cnica: Serigrafia (sem moldura) &nbsp; &nbsp; Kleber Ventura \u00e9 nascido em 18 de julho de 1950, em Itapipoca - CE. \u00c9 desenhista, pintor, gravador e escultor. Com 14 anos, participou de uma coletiva de gravadores no Hall do Teatro de Jos\u00e9 de Alencar, fazendo um curso de [&hellip;]","og_url":"https:\/\/solardorosario.com.br\/galeria\/produto\/kleber-ventura-bike-preta\/","og_site_name":"Solar do Ros\u00e1rio Galeria \\\\\\\\Nova","article_modified_time":"2026-05-14T19:56:53+00:00","og_image":[{"width":1274,"height":1280,"url":"https:\/\/solardorosario.com.br\/galeria\/wp-content\/uploads\/2026\/05\/Sem-titulo-50x50cm-Serigrafia.jpeg","type":"image\/jpeg"}],"twitter_card":"summary_large_image","twitter_misc":{"Est. tempo de leitura":"1 minuto"},"schema":{"@context":"https:\/\/schema.org","@graph":[{"@type":"WebPage","@id":"https:\/\/solardorosario.com.br\/galeria\/produto\/kleber-ventura-bike-preta\/","url":"https:\/\/solardorosario.com.br\/galeria\/produto\/kleber-ventura-bike-preta\/","name":"Kleber Ventura - Bike preta - Solar do Ros\u00e1rio Galeria \\\\\\\\Nova","isPartOf":{"@id":"https:\/\/solardorosario.com.br\/galeria\/#website"},"primaryImageOfPage":{"@id":"https:\/\/solardorosario.com.br\/galeria\/produto\/kleber-ventura-bike-preta\/#primaryimage"},"image":{"@id":"https:\/\/solardorosario.com.br\/galeria\/produto\/kleber-ventura-bike-preta\/#primaryimage"},"thumbnailUrl":"https:\/\/solardorosario.com.br\/galeria\/wp-content\/uploads\/2026\/05\/Sem-titulo-50x50cm-Serigrafia.jpeg","datePublished":"2026-05-14T19:55:21+00:00","dateModified":"2026-05-14T19:56:53+00:00","breadcrumb":{"@id":"https:\/\/solardorosario.com.br\/galeria\/produto\/kleber-ventura-bike-preta\/#breadcrumb"},"inLanguage":"pt-BR","potentialAction":[{"@type":"ReadAction","target":["https:\/\/solardorosario.com.br\/galeria\/produto\/kleber-ventura-bike-preta\/"]}]},{"@type":"ImageObject","inLanguage":"pt-BR","@id":"https:\/\/solardorosario.com.br\/galeria\/produto\/kleber-ventura-bike-preta\/#primaryimage","url":"https:\/\/solardorosario.com.br\/galeria\/wp-content\/uploads\/2026\/05\/Sem-titulo-50x50cm-Serigrafia.jpeg","contentUrl":"https:\/\/solardorosario.com.br\/galeria\/wp-content\/uploads\/2026\/05\/Sem-titulo-50x50cm-Serigrafia.jpeg","width":1274,"height":1280},{"@type":"BreadcrumbList","@id":"https:\/\/solardorosario.com.br\/galeria\/produto\/kleber-ventura-bike-preta\/#breadcrumb","itemListElement":[{"@type":"ListItem","position":1,"name":"In\u00edcio","item":"https:\/\/solardorosario.com.br\/galeria\/"},{"@type":"ListItem","position":2,"name":"galeria","item":"https:\/\/solardorosario.com.br\/galeria\/galeria\/"},{"@type":"ListItem","position":3,"name":"Kleber Ventura - Bike preta"}]},{"@type":"WebSite","@id":"https:\/\/solardorosario.com.br\/galeria\/#website","url":"https:\/\/solardorosario.com.br\/galeria\/","name":"Solar do Ros\u00e1rio Galeria \\\\\\\\Nova","description":"","potentialAction":[{"@type":"SearchAction","target":{"@type":"EntryPoint","urlTemplate":"https:\/\/solardorosario.com.br\/galeria\/?s={search_term_string}"},"query-input":{"@type":"PropertyValueSpecification","valueRequired":true,"valueName":"search_term_string"}}],"inLanguage":"pt-BR"}]}},"_links":{"self":[{"href":"https:\/\/solardorosario.com.br\/galeria\/wp-json\/wp\/v2\/product\/7388","targetHints":{"allow":["GET"]}}],"collection":[{"href":"https:\/\/solardorosario.com.br\/galeria\/wp-json\/wp\/v2\/product"}],"about":[{"href":"https:\/\/solardorosario.com.br\/galeria\/wp-json\/wp\/v2\/types\/product"}],"wp:featuredmedia":[{"embeddable":true,"href":"https:\/\/solardorosario.com.br\/galeria\/wp-json\/wp\/v2\/media\/7389"}],"wp:attachment":[{"href":"https:\/\/solardorosario.com.br\/galeria\/wp-json\/wp\/v2\/media?parent=7388"}],"wp:term":[{"taxonomy":"product_brand","embeddable":true,"href":"https:\/\/solardorosario.com.br\/galeria\/wp-json\/wp\/v2\/product_brand?post=7388"},{"taxonomy":"product_cat","embeddable":true,"href":"https:\/\/solardorosario.com.br\/galeria\/wp-json\/wp\/v2\/product_cat?post=7388"},{"taxonomy":"product_tag","embeddable":true,"href":"https:\/\/solardorosario.com.br\/galeria\/wp-json\/wp\/v2\/product_tag?post=7388"}],"curies":[{"name":"wp","href":"https:\/\/api.w.org\/{rel}","templated":true}]}}