{"id":7379,"date":"2026-05-14T15:32:46","date_gmt":"2026-05-14T18:32:46","guid":{"rendered":"https:\/\/solardorosario.com.br\/galeria\/?post_type=product&#038;p=7379"},"modified":"2026-05-14T15:32:46","modified_gmt":"2026-05-14T18:32:46","slug":"jose-carlos-de-paula-abstrato","status":"publish","type":"product","link":"https:\/\/solardorosario.com.br\/galeria\/produto\/jose-carlos-de-paula-abstrato\/","title":{"rendered":"Jos\u00e9 Carlos de Paula - Abstrato"},"content":{"rendered":"<p><strong>Artista:<\/strong> Jos\u00e9 Carlos de Paula<\/p>\n<p><strong>T\u00edtulo:<\/strong> Abstrato<\/p>\n<p><strong>Dimens\u00e3o:<\/strong> 40x40cm<\/p>\n<p><strong>T\u00e9cnica:<\/strong> Mista sobre eucatex<\/p>\n<p>&nbsp;<\/p>\n<p>&nbsp;<\/p>\n<p>Jos\u00e9 Carlos de Paula \u00e9 um artista visual nascido em S\u00e3o Paulo - SP, em 1950. \u00c9 formado em Bacharel em Filosofia, pelo Instituto de Filosofia e Ci\u00eancias Sociais (IFCS) da Universidade Federal do Rio de Janeiro (UFRJ), em 1976. No ano seguinte, ingressa na faculdade de Arquitetura da Universidade Gama Filho, permanecendo at\u00e9 1980, e tamb\u00e9m concluindo o curso de extens\u00e3o em desenho. Em 1978, come\u00e7a a desenvolver projetos audiovisuais para diversas marcas reconhecidas. Em 1982, se mudou para Belo Horizonte - MG, e se dedica a trabalhar com artes visuais. Fez exposi\u00e7\u00f5es em S\u00e3o Paulo, como em 1999, na Arte de Origem, al\u00e9m de trabalhar em Galerias em Bras\u00edlia e na Bahia. Participou de exposi\u00e7\u00f5es individuais e coletivas como na \"Arte Of\u00edcio Galeria\", no Centro Cultural UFMG, Casa da Cultura, em S\u00e3o Jos\u00e9 do Rio Preto - SP, etc.<\/p>\n","protected":false},"excerpt":{"rendered":"<p>Artista: Jos\u00e9 Carlos de Paula T\u00edtulo: Abstrato Dimens\u00e3o: 40x40cm T\u00e9cnica: Mista sobre eucatex &nbsp; &nbsp; Jos\u00e9 Carlos de Paula \u00e9 um artista visual nascido em S\u00e3o Paulo - SP, em 1950. \u00c9 formado em Bacharel em Filosofia, pelo Instituto de Filosofia e Ci\u00eancias Sociais (IFCS) da Universidade Federal do Rio de Janeiro (UFRJ), em 1976. [&hellip;]<\/p>\n","protected":false},"featured_media":7380,"template":"","meta":[],"product_brand":[],"product_cat":[117],"product_tag":[],"class_list":{"0":"post-7379","1":"product","2":"type-product","3":"status-publish","4":"has-post-thumbnail","6":"product_cat-galeria","7":"pa_artista-jose-carlos-de-paula","8":"pa_estilo-abstrato","9":"pa_tecnica-mista-sobre-eucatex","11":"first","12":"instock","13":"shipping-taxable","14":"product-type-simple"},"yoast_head":"<!-- This site is optimized with the Yoast SEO plugin v27.6 - https:\/\/yoast.com\/product\/yoast-seo-wordpress\/ -->\n<title>Jos\u00e9 Carlos de Paula - Abstrato - Solar do Ros\u00e1rio Galeria \\\\\\\\Nova<\/title>\n<meta name=\"robots\" content=\"index, follow, max-snippet:-1, max-image-preview:large, max-video-preview:-1\" \/>\n<link rel=\"canonical\" href=\"https:\/\/solardorosario.com.br\/galeria\/produto\/jose-carlos-de-paula-abstrato\/\" \/>\n<meta property=\"og:locale\" content=\"pt_BR\" \/>\n<meta property=\"og:type\" content=\"article\" \/>\n<meta property=\"og:title\" content=\"Jos\u00e9 Carlos de Paula - Abstrato - Solar do Ros\u00e1rio Galeria \\\\\\\\Nova\" \/>\n<meta property=\"og:description\" content=\"Artista: Jos\u00e9 Carlos de Paula T\u00edtulo: Abstrato Dimens\u00e3o: 40x40cm T\u00e9cnica: Mista sobre eucatex &nbsp; &nbsp; Jos\u00e9 Carlos de Paula \u00e9 um artista visual nascido em S\u00e3o Paulo - SP, em 1950. \u00c9 formado em Bacharel em Filosofia, pelo Instituto de Filosofia e Ci\u00eancias Sociais (IFCS) da Universidade Federal do Rio de Janeiro (UFRJ), em 1976. [&hellip;]\" \/>\n<meta property=\"og:url\" content=\"https:\/\/solardorosario.com.br\/galeria\/produto\/jose-carlos-de-paula-abstrato\/\" \/>\n<meta property=\"og:site_name\" content=\"Solar do Ros\u00e1rio Galeria \\\\\\\\Nova\" \/>\n<meta property=\"og:image\" content=\"https:\/\/solardorosario.com.br\/galeria\/wp-content\/uploads\/2026\/05\/Jose-Carlos-de-Paula_01272_1_OK.jpg\" \/>\n\t<meta property=\"og:image:width\" content=\"1164\" \/>\n\t<meta property=\"og:image:height\" content=\"1156\" \/>\n\t<meta property=\"og:image:type\" content=\"image\/jpeg\" \/>\n<meta name=\"twitter:card\" content=\"summary_large_image\" \/>\n<meta name=\"twitter:label1\" content=\"Est. tempo de leitura\" \/>\n\t<meta name=\"twitter:data1\" content=\"2 minutos\" \/>\n<script type=\"application\/ld+json\" class=\"yoast-schema-graph\">{\"@context\":\"https:\\\/\\\/schema.org\",\"@graph\":[{\"@type\":\"WebPage\",\"@id\":\"https:\\\/\\\/solardorosario.com.br\\\/galeria\\\/produto\\\/jose-carlos-de-paula-abstrato\\\/\",\"url\":\"https:\\\/\\\/solardorosario.com.br\\\/galeria\\\/produto\\\/jose-carlos-de-paula-abstrato\\\/\",\"name\":\"Jos\u00e9 Carlos de Paula - Abstrato - Solar do Ros\u00e1rio Galeria \\\\\\\\\\\\\\\\Nova\",\"isPartOf\":{\"@id\":\"https:\\\/\\\/solardorosario.com.br\\\/galeria\\\/#website\"},\"primaryImageOfPage\":{\"@id\":\"https:\\\/\\\/solardorosario.com.br\\\/galeria\\\/produto\\\/jose-carlos-de-paula-abstrato\\\/#primaryimage\"},\"image\":{\"@id\":\"https:\\\/\\\/solardorosario.com.br\\\/galeria\\\/produto\\\/jose-carlos-de-paula-abstrato\\\/#primaryimage\"},\"thumbnailUrl\":\"https:\\\/\\\/solardorosario.com.br\\\/galeria\\\/wp-content\\\/uploads\\\/2026\\\/05\\\/Jose-Carlos-de-Paula_01272_1_OK.jpg\",\"datePublished\":\"2026-05-14T18:32:46+00:00\",\"breadcrumb\":{\"@id\":\"https:\\\/\\\/solardorosario.com.br\\\/galeria\\\/produto\\\/jose-carlos-de-paula-abstrato\\\/#breadcrumb\"},\"inLanguage\":\"pt-BR\",\"potentialAction\":[{\"@type\":\"ReadAction\",\"target\":[\"https:\\\/\\\/solardorosario.com.br\\\/galeria\\\/produto\\\/jose-carlos-de-paula-abstrato\\\/\"]}]},{\"@type\":\"ImageObject\",\"inLanguage\":\"pt-BR\",\"@id\":\"https:\\\/\\\/solardorosario.com.br\\\/galeria\\\/produto\\\/jose-carlos-de-paula-abstrato\\\/#primaryimage\",\"url\":\"https:\\\/\\\/solardorosario.com.br\\\/galeria\\\/wp-content\\\/uploads\\\/2026\\\/05\\\/Jose-Carlos-de-Paula_01272_1_OK.jpg\",\"contentUrl\":\"https:\\\/\\\/solardorosario.com.br\\\/galeria\\\/wp-content\\\/uploads\\\/2026\\\/05\\\/Jose-Carlos-de-Paula_01272_1_OK.jpg\",\"width\":1164,\"height\":1156},{\"@type\":\"BreadcrumbList\",\"@id\":\"https:\\\/\\\/solardorosario.com.br\\\/galeria\\\/produto\\\/jose-carlos-de-paula-abstrato\\\/#breadcrumb\",\"itemListElement\":[{\"@type\":\"ListItem\",\"position\":1,\"name\":\"In\u00edcio\",\"item\":\"https:\\\/\\\/solardorosario.com.br\\\/galeria\\\/\"},{\"@type\":\"ListItem\",\"position\":2,\"name\":\"galeria\",\"item\":\"https:\\\/\\\/solardorosario.com.br\\\/galeria\\\/galeria\\\/\"},{\"@type\":\"ListItem\",\"position\":3,\"name\":\"Jos\u00e9 Carlos de Paula - Abstrato\"}]},{\"@type\":\"WebSite\",\"@id\":\"https:\\\/\\\/solardorosario.com.br\\\/galeria\\\/#website\",\"url\":\"https:\\\/\\\/solardorosario.com.br\\\/galeria\\\/\",\"name\":\"Solar do Ros\u00e1rio Galeria \\\\\\\\\\\\\\\\Nova\",\"description\":\"\",\"potentialAction\":[{\"@type\":\"SearchAction\",\"target\":{\"@type\":\"EntryPoint\",\"urlTemplate\":\"https:\\\/\\\/solardorosario.com.br\\\/galeria\\\/?s={search_term_string}\"},\"query-input\":{\"@type\":\"PropertyValueSpecification\",\"valueRequired\":true,\"valueName\":\"search_term_string\"}}],\"inLanguage\":\"pt-BR\"}]}<\/script>\n<!-- \/ Yoast SEO plugin. -->","yoast_head_json":{"title":"Jos\u00e9 Carlos de Paula - Abstrato - Solar do Ros\u00e1rio Galeria \\\\\\\\Nova","robots":{"index":"index","follow":"follow","max-snippet":"max-snippet:-1","max-image-preview":"max-image-preview:large","max-video-preview":"max-video-preview:-1"},"canonical":"https:\/\/solardorosario.com.br\/galeria\/produto\/jose-carlos-de-paula-abstrato\/","og_locale":"pt_BR","og_type":"article","og_title":"Jos\u00e9 Carlos de Paula - Abstrato - Solar do Ros\u00e1rio Galeria \\\\\\\\Nova","og_description":"Artista: Jos\u00e9 Carlos de Paula T\u00edtulo: Abstrato Dimens\u00e3o: 40x40cm T\u00e9cnica: Mista sobre eucatex &nbsp; &nbsp; Jos\u00e9 Carlos de Paula \u00e9 um artista visual nascido em S\u00e3o Paulo - SP, em 1950. \u00c9 formado em Bacharel em Filosofia, pelo Instituto de Filosofia e Ci\u00eancias Sociais (IFCS) da Universidade Federal do Rio de Janeiro (UFRJ), em 1976. [&hellip;]","og_url":"https:\/\/solardorosario.com.br\/galeria\/produto\/jose-carlos-de-paula-abstrato\/","og_site_name":"Solar do Ros\u00e1rio Galeria \\\\\\\\Nova","og_image":[{"width":1164,"height":1156,"url":"https:\/\/solardorosario.com.br\/galeria\/wp-content\/uploads\/2026\/05\/Jose-Carlos-de-Paula_01272_1_OK.jpg","type":"image\/jpeg"}],"twitter_card":"summary_large_image","twitter_misc":{"Est. tempo de leitura":"2 minutos"},"schema":{"@context":"https:\/\/schema.org","@graph":[{"@type":"WebPage","@id":"https:\/\/solardorosario.com.br\/galeria\/produto\/jose-carlos-de-paula-abstrato\/","url":"https:\/\/solardorosario.com.br\/galeria\/produto\/jose-carlos-de-paula-abstrato\/","name":"Jos\u00e9 Carlos de Paula - Abstrato - Solar do Ros\u00e1rio Galeria \\\\\\\\Nova","isPartOf":{"@id":"https:\/\/solardorosario.com.br\/galeria\/#website"},"primaryImageOfPage":{"@id":"https:\/\/solardorosario.com.br\/galeria\/produto\/jose-carlos-de-paula-abstrato\/#primaryimage"},"image":{"@id":"https:\/\/solardorosario.com.br\/galeria\/produto\/jose-carlos-de-paula-abstrato\/#primaryimage"},"thumbnailUrl":"https:\/\/solardorosario.com.br\/galeria\/wp-content\/uploads\/2026\/05\/Jose-Carlos-de-Paula_01272_1_OK.jpg","datePublished":"2026-05-14T18:32:46+00:00","breadcrumb":{"@id":"https:\/\/solardorosario.com.br\/galeria\/produto\/jose-carlos-de-paula-abstrato\/#breadcrumb"},"inLanguage":"pt-BR","potentialAction":[{"@type":"ReadAction","target":["https:\/\/solardorosario.com.br\/galeria\/produto\/jose-carlos-de-paula-abstrato\/"]}]},{"@type":"ImageObject","inLanguage":"pt-BR","@id":"https:\/\/solardorosario.com.br\/galeria\/produto\/jose-carlos-de-paula-abstrato\/#primaryimage","url":"https:\/\/solardorosario.com.br\/galeria\/wp-content\/uploads\/2026\/05\/Jose-Carlos-de-Paula_01272_1_OK.jpg","contentUrl":"https:\/\/solardorosario.com.br\/galeria\/wp-content\/uploads\/2026\/05\/Jose-Carlos-de-Paula_01272_1_OK.jpg","width":1164,"height":1156},{"@type":"BreadcrumbList","@id":"https:\/\/solardorosario.com.br\/galeria\/produto\/jose-carlos-de-paula-abstrato\/#breadcrumb","itemListElement":[{"@type":"ListItem","position":1,"name":"In\u00edcio","item":"https:\/\/solardorosario.com.br\/galeria\/"},{"@type":"ListItem","position":2,"name":"galeria","item":"https:\/\/solardorosario.com.br\/galeria\/galeria\/"},{"@type":"ListItem","position":3,"name":"Jos\u00e9 Carlos de Paula - Abstrato"}]},{"@type":"WebSite","@id":"https:\/\/solardorosario.com.br\/galeria\/#website","url":"https:\/\/solardorosario.com.br\/galeria\/","name":"Solar do Ros\u00e1rio Galeria \\\\\\\\Nova","description":"","potentialAction":[{"@type":"SearchAction","target":{"@type":"EntryPoint","urlTemplate":"https:\/\/solardorosario.com.br\/galeria\/?s={search_term_string}"},"query-input":{"@type":"PropertyValueSpecification","valueRequired":true,"valueName":"search_term_string"}}],"inLanguage":"pt-BR"}]}},"_links":{"self":[{"href":"https:\/\/solardorosario.com.br\/galeria\/wp-json\/wp\/v2\/product\/7379","targetHints":{"allow":["GET"]}}],"collection":[{"href":"https:\/\/solardorosario.com.br\/galeria\/wp-json\/wp\/v2\/product"}],"about":[{"href":"https:\/\/solardorosario.com.br\/galeria\/wp-json\/wp\/v2\/types\/product"}],"wp:featuredmedia":[{"embeddable":true,"href":"https:\/\/solardorosario.com.br\/galeria\/wp-json\/wp\/v2\/media\/7380"}],"wp:attachment":[{"href":"https:\/\/solardorosario.com.br\/galeria\/wp-json\/wp\/v2\/media?parent=7379"}],"wp:term":[{"taxonomy":"product_brand","embeddable":true,"href":"https:\/\/solardorosario.com.br\/galeria\/wp-json\/wp\/v2\/product_brand?post=7379"},{"taxonomy":"product_cat","embeddable":true,"href":"https:\/\/solardorosario.com.br\/galeria\/wp-json\/wp\/v2\/product_cat?post=7379"},{"taxonomy":"product_tag","embeddable":true,"href":"https:\/\/solardorosario.com.br\/galeria\/wp-json\/wp\/v2\/product_tag?post=7379"}],"curies":[{"name":"wp","href":"https:\/\/api.w.org\/{rel}","templated":true}]}}