{"id":7248,"date":"2026-04-30T15:09:06","date_gmt":"2026-04-30T18:09:06","guid":{"rendered":"https:\/\/solardorosario.com.br\/galeria\/?post_type=product&#038;p=7248"},"modified":"2026-05-06T10:52:36","modified_gmt":"2026-05-06T13:52:36","slug":"rogerio-dias-pato","status":"publish","type":"product","link":"https:\/\/solardorosario.com.br\/galeria\/produto\/rogerio-dias-pato\/","title":{"rendered":"Rog\u00e9rio Dias - pato"},"content":{"rendered":"<p><strong>Artista:<\/strong> Rog\u00e9rio Dias<\/p>\n<p><strong>T\u00edtulo:<\/strong> Sem t\u00edtulo (pato)<\/p>\n<p><strong>Dimens\u00e3o:<\/strong> 12x12cm<\/p>\n<p><strong>T\u00e9cnica:<\/strong> Acr\u00edlica sobre MDF (com moldura)<\/p>\n<p>&nbsp;<\/p>\n<p>&nbsp;<\/p>\n<p class=\"pf0\"><span class=\"cf0\">Rog\u00e9rio Dias, o pintor dos p\u00e1ssaros, nasceu em Jacarezinho em 1945. Considerado um dos expoentes da arte paranaense e brasileira, destacou-se na chamada gera\u00e7\u00e3o 80 como artista pl\u00e1stico, companheiro dos geniais Leminski, escritor, Solda, caricaturista e <\/span><span class=\"cf0\">Poty<\/span><span class=\"cf0\">, artista consagrado. <\/span><\/p>\n<p class=\"pf0\"><span class=\"cf0\">Foi publicit\u00e1rio, cartunista, ator, jornalista e diretor de arte da Revista Passarola da Varig, de 1975 a 1979. Autor do mural de grande dimens\u00e3o, situado no Centro C\u00edvico de Curitiba, sobre as origens do Rio Igua\u00e7u, at\u00e9 as Cataratas. <\/span><\/p>\n<p class=\"pf0\"><span class=\"cf0\">O governo e a prefeitura sempre presentearam dignit\u00e1rios estrangeiros com os p\u00e1ssaros de Rog\u00e9rio Dias. <\/span><\/p>\n<p class=\"pf0\"><span class=\"cf0\">As gralhas azuis do pintor voaram para v\u00e1rias cole\u00e7\u00f5es e museus do mundo. A Galeria Solar do Ros\u00e1rio desde a sua funda\u00e7\u00e3o, em 1992, trabalha divulgando a arte desse grande artista. <\/span><\/p>\n<p class=\"pf0\"><strong><span class=\"cf0\">Regina <\/span><span class=\"cf0\">Casillo<\/span><\/strong><\/p>\n<p class=\"pf0\"><strong><span class=\"cf0\">Diretora e fundadora do Solar do Ros\u00e1rio, membro da APL.<\/span><\/strong><\/p>\n","protected":false},"excerpt":{"rendered":"<p>Artista: Rog\u00e9rio Dias T\u00edtulo: Sem t\u00edtulo (pato) Dimens\u00e3o: 12x12cm T\u00e9cnica: Acr\u00edlica sobre MDF (com moldura) &nbsp; &nbsp; Rog\u00e9rio Dias, o pintor dos p\u00e1ssaros, nasceu em Jacarezinho em 1945. Considerado um dos expoentes da arte paranaense e brasileira, destacou-se na chamada gera\u00e7\u00e3o 80 como artista pl\u00e1stico, companheiro dos geniais Leminski, escritor, Solda, caricaturista e Poty, artista [&hellip;]<\/p>\n","protected":false},"featured_media":7249,"template":"","meta":[],"product_brand":[],"product_cat":[117],"product_tag":[],"class_list":{"0":"post-7248","1":"product","2":"type-product","3":"status-publish","4":"has-post-thumbnail","6":"product_cat-galeria","7":"pa_artista-rogerio-dias","8":"pa_estilo-figurativo","9":"pa_tecnica-acrilica-sobre-mdf","11":"first","12":"instock","13":"shipping-taxable","14":"product-type-simple"},"yoast_head":"<!-- This site is optimized with the Yoast SEO plugin v27.6 - https:\/\/yoast.com\/product\/yoast-seo-wordpress\/ -->\n<title>Rog\u00e9rio Dias - pato - Solar do Ros\u00e1rio Galeria \\\\\\\\Nova<\/title>\n<meta name=\"robots\" content=\"index, follow, max-snippet:-1, max-image-preview:large, max-video-preview:-1\" \/>\n<link rel=\"canonical\" href=\"https:\/\/solardorosario.com.br\/galeria\/produto\/rogerio-dias-pato\/\" \/>\n<meta property=\"og:locale\" content=\"pt_BR\" \/>\n<meta property=\"og:type\" content=\"article\" \/>\n<meta property=\"og:title\" content=\"Rog\u00e9rio Dias - pato - Solar do Ros\u00e1rio Galeria \\\\\\\\Nova\" \/>\n<meta property=\"og:description\" content=\"Artista: Rog\u00e9rio Dias T\u00edtulo: Sem t\u00edtulo (pato) Dimens\u00e3o: 12x12cm T\u00e9cnica: Acr\u00edlica sobre MDF (com moldura) &nbsp; &nbsp; Rog\u00e9rio Dias, o pintor dos p\u00e1ssaros, nasceu em Jacarezinho em 1945. Considerado um dos expoentes da arte paranaense e brasileira, destacou-se na chamada gera\u00e7\u00e3o 80 como artista pl\u00e1stico, companheiro dos geniais Leminski, escritor, Solda, caricaturista e Poty, artista [&hellip;]\" \/>\n<meta property=\"og:url\" content=\"https:\/\/solardorosario.com.br\/galeria\/produto\/rogerio-dias-pato\/\" \/>\n<meta property=\"og:site_name\" content=\"Solar do Ros\u00e1rio Galeria \\\\\\\\Nova\" \/>\n<meta property=\"article:modified_time\" content=\"2026-05-06T13:52:36+00:00\" \/>\n<meta property=\"og:image\" content=\"https:\/\/solardorosario.com.br\/galeria\/wp-content\/uploads\/2026\/04\/Imagem-do-WhatsApp-de-2025-08-04-as-15.56.52_662e21b8.jpg\" \/>\n\t<meta property=\"og:image:width\" content=\"1272\" \/>\n\t<meta property=\"og:image:height\" content=\"1279\" \/>\n\t<meta property=\"og:image:type\" content=\"image\/jpeg\" \/>\n<meta name=\"twitter:card\" content=\"summary_large_image\" \/>\n<meta name=\"twitter:label1\" content=\"Est. tempo de leitura\" \/>\n\t<meta name=\"twitter:data1\" content=\"2 minutos\" \/>\n<script type=\"application\/ld+json\" class=\"yoast-schema-graph\">{\"@context\":\"https:\\\/\\\/schema.org\",\"@graph\":[{\"@type\":\"WebPage\",\"@id\":\"https:\\\/\\\/solardorosario.com.br\\\/galeria\\\/produto\\\/rogerio-dias-pato\\\/\",\"url\":\"https:\\\/\\\/solardorosario.com.br\\\/galeria\\\/produto\\\/rogerio-dias-pato\\\/\",\"name\":\"Rog\u00e9rio Dias - pato - Solar do Ros\u00e1rio Galeria \\\\\\\\\\\\\\\\Nova\",\"isPartOf\":{\"@id\":\"https:\\\/\\\/solardorosario.com.br\\\/galeria\\\/#website\"},\"primaryImageOfPage\":{\"@id\":\"https:\\\/\\\/solardorosario.com.br\\\/galeria\\\/produto\\\/rogerio-dias-pato\\\/#primaryimage\"},\"image\":{\"@id\":\"https:\\\/\\\/solardorosario.com.br\\\/galeria\\\/produto\\\/rogerio-dias-pato\\\/#primaryimage\"},\"thumbnailUrl\":\"https:\\\/\\\/solardorosario.com.br\\\/galeria\\\/wp-content\\\/uploads\\\/2026\\\/04\\\/Imagem-do-WhatsApp-de-2025-08-04-as-15.56.52_662e21b8.jpg\",\"datePublished\":\"2026-04-30T18:09:06+00:00\",\"dateModified\":\"2026-05-06T13:52:36+00:00\",\"breadcrumb\":{\"@id\":\"https:\\\/\\\/solardorosario.com.br\\\/galeria\\\/produto\\\/rogerio-dias-pato\\\/#breadcrumb\"},\"inLanguage\":\"pt-BR\",\"potentialAction\":[{\"@type\":\"ReadAction\",\"target\":[\"https:\\\/\\\/solardorosario.com.br\\\/galeria\\\/produto\\\/rogerio-dias-pato\\\/\"]}]},{\"@type\":\"ImageObject\",\"inLanguage\":\"pt-BR\",\"@id\":\"https:\\\/\\\/solardorosario.com.br\\\/galeria\\\/produto\\\/rogerio-dias-pato\\\/#primaryimage\",\"url\":\"https:\\\/\\\/solardorosario.com.br\\\/galeria\\\/wp-content\\\/uploads\\\/2026\\\/04\\\/Imagem-do-WhatsApp-de-2025-08-04-as-15.56.52_662e21b8.jpg\",\"contentUrl\":\"https:\\\/\\\/solardorosario.com.br\\\/galeria\\\/wp-content\\\/uploads\\\/2026\\\/04\\\/Imagem-do-WhatsApp-de-2025-08-04-as-15.56.52_662e21b8.jpg\",\"width\":1272,\"height\":1279},{\"@type\":\"BreadcrumbList\",\"@id\":\"https:\\\/\\\/solardorosario.com.br\\\/galeria\\\/produto\\\/rogerio-dias-pato\\\/#breadcrumb\",\"itemListElement\":[{\"@type\":\"ListItem\",\"position\":1,\"name\":\"In\u00edcio\",\"item\":\"https:\\\/\\\/solardorosario.com.br\\\/galeria\\\/\"},{\"@type\":\"ListItem\",\"position\":2,\"name\":\"galeria\",\"item\":\"https:\\\/\\\/solardorosario.com.br\\\/galeria\\\/galeria\\\/\"},{\"@type\":\"ListItem\",\"position\":3,\"name\":\"Rog\u00e9rio Dias - pato\"}]},{\"@type\":\"WebSite\",\"@id\":\"https:\\\/\\\/solardorosario.com.br\\\/galeria\\\/#website\",\"url\":\"https:\\\/\\\/solardorosario.com.br\\\/galeria\\\/\",\"name\":\"Solar do Ros\u00e1rio Galeria \\\\\\\\\\\\\\\\Nova\",\"description\":\"\",\"potentialAction\":[{\"@type\":\"SearchAction\",\"target\":{\"@type\":\"EntryPoint\",\"urlTemplate\":\"https:\\\/\\\/solardorosario.com.br\\\/galeria\\\/?s={search_term_string}\"},\"query-input\":{\"@type\":\"PropertyValueSpecification\",\"valueRequired\":true,\"valueName\":\"search_term_string\"}}],\"inLanguage\":\"pt-BR\"}]}<\/script>\n<!-- \/ Yoast SEO plugin. -->","yoast_head_json":{"title":"Rog\u00e9rio Dias - pato - Solar do Ros\u00e1rio Galeria \\\\\\\\Nova","robots":{"index":"index","follow":"follow","max-snippet":"max-snippet:-1","max-image-preview":"max-image-preview:large","max-video-preview":"max-video-preview:-1"},"canonical":"https:\/\/solardorosario.com.br\/galeria\/produto\/rogerio-dias-pato\/","og_locale":"pt_BR","og_type":"article","og_title":"Rog\u00e9rio Dias - pato - Solar do Ros\u00e1rio Galeria \\\\\\\\Nova","og_description":"Artista: Rog\u00e9rio Dias T\u00edtulo: Sem t\u00edtulo (pato) Dimens\u00e3o: 12x12cm T\u00e9cnica: Acr\u00edlica sobre MDF (com moldura) &nbsp; &nbsp; Rog\u00e9rio Dias, o pintor dos p\u00e1ssaros, nasceu em Jacarezinho em 1945. Considerado um dos expoentes da arte paranaense e brasileira, destacou-se na chamada gera\u00e7\u00e3o 80 como artista pl\u00e1stico, companheiro dos geniais Leminski, escritor, Solda, caricaturista e Poty, artista [&hellip;]","og_url":"https:\/\/solardorosario.com.br\/galeria\/produto\/rogerio-dias-pato\/","og_site_name":"Solar do Ros\u00e1rio Galeria \\\\\\\\Nova","article_modified_time":"2026-05-06T13:52:36+00:00","og_image":[{"width":1272,"height":1279,"url":"https:\/\/solardorosario.com.br\/galeria\/wp-content\/uploads\/2026\/04\/Imagem-do-WhatsApp-de-2025-08-04-as-15.56.52_662e21b8.jpg","type":"image\/jpeg"}],"twitter_card":"summary_large_image","twitter_misc":{"Est. tempo de leitura":"2 minutos"},"schema":{"@context":"https:\/\/schema.org","@graph":[{"@type":"WebPage","@id":"https:\/\/solardorosario.com.br\/galeria\/produto\/rogerio-dias-pato\/","url":"https:\/\/solardorosario.com.br\/galeria\/produto\/rogerio-dias-pato\/","name":"Rog\u00e9rio Dias - pato - Solar do Ros\u00e1rio Galeria \\\\\\\\Nova","isPartOf":{"@id":"https:\/\/solardorosario.com.br\/galeria\/#website"},"primaryImageOfPage":{"@id":"https:\/\/solardorosario.com.br\/galeria\/produto\/rogerio-dias-pato\/#primaryimage"},"image":{"@id":"https:\/\/solardorosario.com.br\/galeria\/produto\/rogerio-dias-pato\/#primaryimage"},"thumbnailUrl":"https:\/\/solardorosario.com.br\/galeria\/wp-content\/uploads\/2026\/04\/Imagem-do-WhatsApp-de-2025-08-04-as-15.56.52_662e21b8.jpg","datePublished":"2026-04-30T18:09:06+00:00","dateModified":"2026-05-06T13:52:36+00:00","breadcrumb":{"@id":"https:\/\/solardorosario.com.br\/galeria\/produto\/rogerio-dias-pato\/#breadcrumb"},"inLanguage":"pt-BR","potentialAction":[{"@type":"ReadAction","target":["https:\/\/solardorosario.com.br\/galeria\/produto\/rogerio-dias-pato\/"]}]},{"@type":"ImageObject","inLanguage":"pt-BR","@id":"https:\/\/solardorosario.com.br\/galeria\/produto\/rogerio-dias-pato\/#primaryimage","url":"https:\/\/solardorosario.com.br\/galeria\/wp-content\/uploads\/2026\/04\/Imagem-do-WhatsApp-de-2025-08-04-as-15.56.52_662e21b8.jpg","contentUrl":"https:\/\/solardorosario.com.br\/galeria\/wp-content\/uploads\/2026\/04\/Imagem-do-WhatsApp-de-2025-08-04-as-15.56.52_662e21b8.jpg","width":1272,"height":1279},{"@type":"BreadcrumbList","@id":"https:\/\/solardorosario.com.br\/galeria\/produto\/rogerio-dias-pato\/#breadcrumb","itemListElement":[{"@type":"ListItem","position":1,"name":"In\u00edcio","item":"https:\/\/solardorosario.com.br\/galeria\/"},{"@type":"ListItem","position":2,"name":"galeria","item":"https:\/\/solardorosario.com.br\/galeria\/galeria\/"},{"@type":"ListItem","position":3,"name":"Rog\u00e9rio Dias - pato"}]},{"@type":"WebSite","@id":"https:\/\/solardorosario.com.br\/galeria\/#website","url":"https:\/\/solardorosario.com.br\/galeria\/","name":"Solar do Ros\u00e1rio Galeria \\\\\\\\Nova","description":"","potentialAction":[{"@type":"SearchAction","target":{"@type":"EntryPoint","urlTemplate":"https:\/\/solardorosario.com.br\/galeria\/?s={search_term_string}"},"query-input":{"@type":"PropertyValueSpecification","valueRequired":true,"valueName":"search_term_string"}}],"inLanguage":"pt-BR"}]}},"_links":{"self":[{"href":"https:\/\/solardorosario.com.br\/galeria\/wp-json\/wp\/v2\/product\/7248","targetHints":{"allow":["GET"]}}],"collection":[{"href":"https:\/\/solardorosario.com.br\/galeria\/wp-json\/wp\/v2\/product"}],"about":[{"href":"https:\/\/solardorosario.com.br\/galeria\/wp-json\/wp\/v2\/types\/product"}],"wp:featuredmedia":[{"embeddable":true,"href":"https:\/\/solardorosario.com.br\/galeria\/wp-json\/wp\/v2\/media\/7249"}],"wp:attachment":[{"href":"https:\/\/solardorosario.com.br\/galeria\/wp-json\/wp\/v2\/media?parent=7248"}],"wp:term":[{"taxonomy":"product_brand","embeddable":true,"href":"https:\/\/solardorosario.com.br\/galeria\/wp-json\/wp\/v2\/product_brand?post=7248"},{"taxonomy":"product_cat","embeddable":true,"href":"https:\/\/solardorosario.com.br\/galeria\/wp-json\/wp\/v2\/product_cat?post=7248"},{"taxonomy":"product_tag","embeddable":true,"href":"https:\/\/solardorosario.com.br\/galeria\/wp-json\/wp\/v2\/product_tag?post=7248"}],"curies":[{"name":"wp","href":"https:\/\/api.w.org\/{rel}","templated":true}]}}