{"id":7229,"date":"2026-04-23T11:56:35","date_gmt":"2026-04-23T14:56:35","guid":{"rendered":"https:\/\/solardorosario.com.br\/galeria\/?post_type=product&#038;p=7229"},"modified":"2026-04-23T11:56:36","modified_gmt":"2026-04-23T14:56:36","slug":"jose-antonio-de-lima-couro","status":"publish","type":"product","link":"https:\/\/solardorosario.com.br\/galeria\/produto\/jose-antonio-de-lima-couro\/","title":{"rendered":"Jos\u00e9 Antonio de Lima - Couro"},"content":{"rendered":"<p><strong>Artista:<\/strong> Jos\u00e9 Antonio de Lima<\/p>\n<p><strong>T\u00edtulo:<\/strong> Couro<\/p>\n<p><strong>Dimens\u00e3o:<\/strong> 145x135cm<\/p>\n<p><strong>T\u00e9cnica:<\/strong> Mista<\/p>\n<p>&nbsp;<\/p>\n<p>&nbsp;<\/p>\n<p>Jos\u00e9 Antonio de Lima nasceu em 1954, no munic\u00edpio de Sacramento - Minas Gerais, mas vive em Curitiba - Paran\u00e1 desde os 9 anos de idade. \u00c9 formado em Comunica\u00e7\u00e3o Social, com habilita\u00e7\u00e3o em Jornalismo pela Universidade Estadual de Londrina (UEL), em 1979. Desde 1985, desenvolve atividades na \u00e1rea das artes visuais, e fez diversos cursos, como o de Desenho, no Atelier do Museu de Arte Contempor\u00e2nea - MAC-PR, o de Desenho e Hist\u00f3ria da Arte em 1988 e o de Escultura em 1993, ambos no Museu Alfredo Andersen. Atualmente trabalha em seu pr\u00f3prio atelier. Em 1987, fez sua primeira exposi\u00e7\u00e3o individual, na Secretaria Municipal de Cultura de Maring\u00e1, no Paran\u00e1. Fez 3 exposi\u00e7\u00f5es na Galeria Solar do Ros\u00e1rio, uma em 1996, na Sala do Artista, a outra, no ano seguinte e posteriormente, a terceira em 2004. Tamb\u00e9m exp\u00f4s no SESC Paulista, na Secretaria de Estado da Cultura, no MAC-PR, no Museu Oscar Niemeyer (MON), Teatro HSBC, Memorial da Cidade etc. Al\u00e9m de Curitiba exp\u00f4s individualmente em S\u00e3o Paulo, Joinville, no Rio de Janeiro, na Finl\u00e2ndia, Jap\u00e3o e na Alemanha. Participou de mais de 30 exposi\u00e7\u00f5es coletivas espalhadas pelo Brasil e no exterior. Recebeu em 1989, dois pr\u00eamios, no Sal\u00e3o de Arte Religiosa de Curitiba e no I Sal\u00e3o Londrinense de Arte. Em 1990, recebeu a premia\u00e7\u00e3o no 16\u00ba Sal\u00e3o de Artes Pl\u00e1sticas - Secretaria de Estado da Cultura de Jacarezinho. Em 1992, foi premiado pela Curitiba Arte 8, na capital paranaense. Participou do livro Artistas Contempor\u00e2neos do Paran\u00e1 - volume I, editado e produzido pelo Solar do Ros\u00e1rio, nos anos 2000.<\/p>\n","protected":false},"excerpt":{"rendered":"<p>Artista: Jos\u00e9 Antonio de Lima T\u00edtulo: Couro Dimens\u00e3o: 145x135cm T\u00e9cnica: Mista &nbsp; &nbsp; Jos\u00e9 Antonio de Lima nasceu em 1954, no munic\u00edpio de Sacramento - Minas Gerais, mas vive em Curitiba - Paran\u00e1 desde os 9 anos de idade. \u00c9 formado em Comunica\u00e7\u00e3o Social, com habilita\u00e7\u00e3o em Jornalismo pela Universidade Estadual de Londrina (UEL), em [&hellip;]<\/p>\n","protected":false},"featured_media":7230,"template":"","meta":[],"product_brand":[],"product_cat":[117],"product_tag":[],"class_list":{"0":"post-7229","1":"product","2":"type-product","3":"status-publish","4":"has-post-thumbnail","6":"product_cat-galeria","7":"pa_artista-jose-antonio","8":"pa_estilo-abstrato","9":"pa_tecnica-mista","11":"first","12":"instock","13":"shipping-taxable","14":"product-type-simple"},"yoast_head":"<!-- This site is optimized with the Yoast SEO plugin v27.6 - https:\/\/yoast.com\/product\/yoast-seo-wordpress\/ -->\n<title>Jos\u00e9 Antonio de Lima - Couro - Solar do Ros\u00e1rio Galeria \\\\\\\\Nova<\/title>\n<meta name=\"robots\" content=\"index, follow, max-snippet:-1, max-image-preview:large, max-video-preview:-1\" \/>\n<link rel=\"canonical\" href=\"https:\/\/solardorosario.com.br\/galeria\/produto\/jose-antonio-de-lima-couro\/\" \/>\n<meta property=\"og:locale\" content=\"pt_BR\" \/>\n<meta property=\"og:type\" content=\"article\" \/>\n<meta property=\"og:title\" content=\"Jos\u00e9 Antonio de Lima - Couro - Solar do Ros\u00e1rio Galeria \\\\\\\\Nova\" \/>\n<meta property=\"og:description\" content=\"Artista: Jos\u00e9 Antonio de Lima T\u00edtulo: Couro Dimens\u00e3o: 145x135cm T\u00e9cnica: Mista &nbsp; &nbsp; Jos\u00e9 Antonio de Lima nasceu em 1954, no munic\u00edpio de Sacramento - Minas Gerais, mas vive em Curitiba - Paran\u00e1 desde os 9 anos de idade. \u00c9 formado em Comunica\u00e7\u00e3o Social, com habilita\u00e7\u00e3o em Jornalismo pela Universidade Estadual de Londrina (UEL), em [&hellip;]\" \/>\n<meta property=\"og:url\" content=\"https:\/\/solardorosario.com.br\/galeria\/produto\/jose-antonio-de-lima-couro\/\" \/>\n<meta property=\"og:site_name\" content=\"Solar do Ros\u00e1rio Galeria \\\\\\\\Nova\" \/>\n<meta property=\"article:modified_time\" content=\"2026-04-23T14:56:36+00:00\" \/>\n<meta property=\"og:image\" content=\"https:\/\/solardorosario.com.br\/galeria\/wp-content\/uploads\/2026\/04\/11701-scaled.jpeg\" \/>\n\t<meta property=\"og:image:width\" content=\"2560\" \/>\n\t<meta property=\"og:image:height\" content=\"2246\" \/>\n\t<meta property=\"og:image:type\" content=\"image\/jpeg\" \/>\n<meta name=\"twitter:card\" content=\"summary_large_image\" \/>\n<meta name=\"twitter:label1\" content=\"Est. tempo de leitura\" \/>\n\t<meta name=\"twitter:data1\" content=\"2 minutos\" \/>\n<script type=\"application\/ld+json\" class=\"yoast-schema-graph\">{\"@context\":\"https:\\\/\\\/schema.org\",\"@graph\":[{\"@type\":\"WebPage\",\"@id\":\"https:\\\/\\\/solardorosario.com.br\\\/galeria\\\/produto\\\/jose-antonio-de-lima-couro\\\/\",\"url\":\"https:\\\/\\\/solardorosario.com.br\\\/galeria\\\/produto\\\/jose-antonio-de-lima-couro\\\/\",\"name\":\"Jos\u00e9 Antonio de Lima - Couro - Solar do Ros\u00e1rio Galeria \\\\\\\\\\\\\\\\Nova\",\"isPartOf\":{\"@id\":\"https:\\\/\\\/solardorosario.com.br\\\/galeria\\\/#website\"},\"primaryImageOfPage\":{\"@id\":\"https:\\\/\\\/solardorosario.com.br\\\/galeria\\\/produto\\\/jose-antonio-de-lima-couro\\\/#primaryimage\"},\"image\":{\"@id\":\"https:\\\/\\\/solardorosario.com.br\\\/galeria\\\/produto\\\/jose-antonio-de-lima-couro\\\/#primaryimage\"},\"thumbnailUrl\":\"https:\\\/\\\/solardorosario.com.br\\\/galeria\\\/wp-content\\\/uploads\\\/2026\\\/04\\\/11701-scaled.jpeg\",\"datePublished\":\"2026-04-23T14:56:35+00:00\",\"dateModified\":\"2026-04-23T14:56:36+00:00\",\"breadcrumb\":{\"@id\":\"https:\\\/\\\/solardorosario.com.br\\\/galeria\\\/produto\\\/jose-antonio-de-lima-couro\\\/#breadcrumb\"},\"inLanguage\":\"pt-BR\",\"potentialAction\":[{\"@type\":\"ReadAction\",\"target\":[\"https:\\\/\\\/solardorosario.com.br\\\/galeria\\\/produto\\\/jose-antonio-de-lima-couro\\\/\"]}]},{\"@type\":\"ImageObject\",\"inLanguage\":\"pt-BR\",\"@id\":\"https:\\\/\\\/solardorosario.com.br\\\/galeria\\\/produto\\\/jose-antonio-de-lima-couro\\\/#primaryimage\",\"url\":\"https:\\\/\\\/solardorosario.com.br\\\/galeria\\\/wp-content\\\/uploads\\\/2026\\\/04\\\/11701-scaled.jpeg\",\"contentUrl\":\"https:\\\/\\\/solardorosario.com.br\\\/galeria\\\/wp-content\\\/uploads\\\/2026\\\/04\\\/11701-scaled.jpeg\",\"width\":2560,\"height\":2246},{\"@type\":\"BreadcrumbList\",\"@id\":\"https:\\\/\\\/solardorosario.com.br\\\/galeria\\\/produto\\\/jose-antonio-de-lima-couro\\\/#breadcrumb\",\"itemListElement\":[{\"@type\":\"ListItem\",\"position\":1,\"name\":\"In\u00edcio\",\"item\":\"https:\\\/\\\/solardorosario.com.br\\\/galeria\\\/\"},{\"@type\":\"ListItem\",\"position\":2,\"name\":\"galeria\",\"item\":\"https:\\\/\\\/solardorosario.com.br\\\/galeria\\\/galeria\\\/\"},{\"@type\":\"ListItem\",\"position\":3,\"name\":\"Jos\u00e9 Antonio de Lima - Couro\"}]},{\"@type\":\"WebSite\",\"@id\":\"https:\\\/\\\/solardorosario.com.br\\\/galeria\\\/#website\",\"url\":\"https:\\\/\\\/solardorosario.com.br\\\/galeria\\\/\",\"name\":\"Solar do Ros\u00e1rio Galeria \\\\\\\\\\\\\\\\Nova\",\"description\":\"\",\"potentialAction\":[{\"@type\":\"SearchAction\",\"target\":{\"@type\":\"EntryPoint\",\"urlTemplate\":\"https:\\\/\\\/solardorosario.com.br\\\/galeria\\\/?s={search_term_string}\"},\"query-input\":{\"@type\":\"PropertyValueSpecification\",\"valueRequired\":true,\"valueName\":\"search_term_string\"}}],\"inLanguage\":\"pt-BR\"}]}<\/script>\n<!-- \/ Yoast SEO plugin. -->","yoast_head_json":{"title":"Jos\u00e9 Antonio de Lima - Couro - Solar do Ros\u00e1rio Galeria \\\\\\\\Nova","robots":{"index":"index","follow":"follow","max-snippet":"max-snippet:-1","max-image-preview":"max-image-preview:large","max-video-preview":"max-video-preview:-1"},"canonical":"https:\/\/solardorosario.com.br\/galeria\/produto\/jose-antonio-de-lima-couro\/","og_locale":"pt_BR","og_type":"article","og_title":"Jos\u00e9 Antonio de Lima - Couro - Solar do Ros\u00e1rio Galeria \\\\\\\\Nova","og_description":"Artista: Jos\u00e9 Antonio de Lima T\u00edtulo: Couro Dimens\u00e3o: 145x135cm T\u00e9cnica: Mista &nbsp; &nbsp; Jos\u00e9 Antonio de Lima nasceu em 1954, no munic\u00edpio de Sacramento - Minas Gerais, mas vive em Curitiba - Paran\u00e1 desde os 9 anos de idade. \u00c9 formado em Comunica\u00e7\u00e3o Social, com habilita\u00e7\u00e3o em Jornalismo pela Universidade Estadual de Londrina (UEL), em [&hellip;]","og_url":"https:\/\/solardorosario.com.br\/galeria\/produto\/jose-antonio-de-lima-couro\/","og_site_name":"Solar do Ros\u00e1rio Galeria \\\\\\\\Nova","article_modified_time":"2026-04-23T14:56:36+00:00","og_image":[{"width":2560,"height":2246,"url":"https:\/\/solardorosario.com.br\/galeria\/wp-content\/uploads\/2026\/04\/11701-scaled.jpeg","type":"image\/jpeg"}],"twitter_card":"summary_large_image","twitter_misc":{"Est. tempo de leitura":"2 minutos"},"schema":{"@context":"https:\/\/schema.org","@graph":[{"@type":"WebPage","@id":"https:\/\/solardorosario.com.br\/galeria\/produto\/jose-antonio-de-lima-couro\/","url":"https:\/\/solardorosario.com.br\/galeria\/produto\/jose-antonio-de-lima-couro\/","name":"Jos\u00e9 Antonio de Lima - Couro - Solar do Ros\u00e1rio Galeria \\\\\\\\Nova","isPartOf":{"@id":"https:\/\/solardorosario.com.br\/galeria\/#website"},"primaryImageOfPage":{"@id":"https:\/\/solardorosario.com.br\/galeria\/produto\/jose-antonio-de-lima-couro\/#primaryimage"},"image":{"@id":"https:\/\/solardorosario.com.br\/galeria\/produto\/jose-antonio-de-lima-couro\/#primaryimage"},"thumbnailUrl":"https:\/\/solardorosario.com.br\/galeria\/wp-content\/uploads\/2026\/04\/11701-scaled.jpeg","datePublished":"2026-04-23T14:56:35+00:00","dateModified":"2026-04-23T14:56:36+00:00","breadcrumb":{"@id":"https:\/\/solardorosario.com.br\/galeria\/produto\/jose-antonio-de-lima-couro\/#breadcrumb"},"inLanguage":"pt-BR","potentialAction":[{"@type":"ReadAction","target":["https:\/\/solardorosario.com.br\/galeria\/produto\/jose-antonio-de-lima-couro\/"]}]},{"@type":"ImageObject","inLanguage":"pt-BR","@id":"https:\/\/solardorosario.com.br\/galeria\/produto\/jose-antonio-de-lima-couro\/#primaryimage","url":"https:\/\/solardorosario.com.br\/galeria\/wp-content\/uploads\/2026\/04\/11701-scaled.jpeg","contentUrl":"https:\/\/solardorosario.com.br\/galeria\/wp-content\/uploads\/2026\/04\/11701-scaled.jpeg","width":2560,"height":2246},{"@type":"BreadcrumbList","@id":"https:\/\/solardorosario.com.br\/galeria\/produto\/jose-antonio-de-lima-couro\/#breadcrumb","itemListElement":[{"@type":"ListItem","position":1,"name":"In\u00edcio","item":"https:\/\/solardorosario.com.br\/galeria\/"},{"@type":"ListItem","position":2,"name":"galeria","item":"https:\/\/solardorosario.com.br\/galeria\/galeria\/"},{"@type":"ListItem","position":3,"name":"Jos\u00e9 Antonio de Lima - Couro"}]},{"@type":"WebSite","@id":"https:\/\/solardorosario.com.br\/galeria\/#website","url":"https:\/\/solardorosario.com.br\/galeria\/","name":"Solar do Ros\u00e1rio Galeria \\\\\\\\Nova","description":"","potentialAction":[{"@type":"SearchAction","target":{"@type":"EntryPoint","urlTemplate":"https:\/\/solardorosario.com.br\/galeria\/?s={search_term_string}"},"query-input":{"@type":"PropertyValueSpecification","valueRequired":true,"valueName":"search_term_string"}}],"inLanguage":"pt-BR"}]}},"_links":{"self":[{"href":"https:\/\/solardorosario.com.br\/galeria\/wp-json\/wp\/v2\/product\/7229","targetHints":{"allow":["GET"]}}],"collection":[{"href":"https:\/\/solardorosario.com.br\/galeria\/wp-json\/wp\/v2\/product"}],"about":[{"href":"https:\/\/solardorosario.com.br\/galeria\/wp-json\/wp\/v2\/types\/product"}],"wp:featuredmedia":[{"embeddable":true,"href":"https:\/\/solardorosario.com.br\/galeria\/wp-json\/wp\/v2\/media\/7230"}],"wp:attachment":[{"href":"https:\/\/solardorosario.com.br\/galeria\/wp-json\/wp\/v2\/media?parent=7229"}],"wp:term":[{"taxonomy":"product_brand","embeddable":true,"href":"https:\/\/solardorosario.com.br\/galeria\/wp-json\/wp\/v2\/product_brand?post=7229"},{"taxonomy":"product_cat","embeddable":true,"href":"https:\/\/solardorosario.com.br\/galeria\/wp-json\/wp\/v2\/product_cat?post=7229"},{"taxonomy":"product_tag","embeddable":true,"href":"https:\/\/solardorosario.com.br\/galeria\/wp-json\/wp\/v2\/product_tag?post=7229"}],"curies":[{"name":"wp","href":"https:\/\/api.w.org\/{rel}","templated":true}]}}