{"id":7224,"date":"2026-04-22T16:19:04","date_gmt":"2026-04-22T19:19:04","guid":{"rendered":"https:\/\/solardorosario.com.br\/galeria\/?post_type=product&#038;p=7224"},"modified":"2026-04-22T16:19:05","modified_gmt":"2026-04-22T19:19:05","slug":"jayabujamra-pinheiro-altamira","status":"publish","type":"product","link":"https:\/\/solardorosario.com.br\/galeria\/produto\/jayabujamra-pinheiro-altamira\/","title":{"rendered":"Jayabujamra - Pinheiro Altamira"},"content":{"rendered":"<p><strong>Artista:<\/strong> Jayabujamra<\/p>\n<p><strong>T\u00edtulo:<\/strong> Pinheiro Altamira<\/p>\n<p><strong>Dimens\u00e3o:<\/strong> 70x30cm<\/p>\n<p><strong>T\u00e9cnica:<\/strong> Plotagem interferida<\/p>\n<p>&nbsp;<\/p>\n<p>&nbsp;<\/p>\n<p>Jayabujamra nasceu em Palmas - Paran\u00e1. Em 1984, fez cursos de desenho, da figura\u00e7\u00e3o a abstra\u00e7\u00e3o com a artista Dallva Lobo, de pintura e desenho no Atelier Alfredo Andersen e de Hist\u00f3ria da Arte, com Maria Cec\u00edlia Noronha. Em 1987, fez aulas de desenho e pintura na Escola Andrade Lima. Em 1994, fez curso de Cor e Composi\u00e7\u00e3o, com Yeda Coelho, no Atelier Alfredo Andersen. Em 1995, participou do curso \"Uma quest\u00e3o ulterior\", no Laborat\u00f3rio Fractal Liter\u00e1rio - Pl\u00e1stica - C\u00eanica, de Uiara Bartira. Entre 1995 e 2000, participou do atelier livre de Edilson Viriato. Em 1996, participou do curso de Hist\u00f3ria da Pintura Contempor\u00e2nea com Geraldo le\u00e3o. E em 1997, participou do Brasil - Reflex\u00e3o, III Semin\u00e1rio Internacional de Gravura. Recebeu v\u00e1rios pr\u00eamios, como o Pr\u00eamio Especial no VII Sal\u00e3o Curitibano, em 1996, em Curitiba, no ano seguinte, V Sal\u00e3o de Arte de Presidente Prudente, e em 1998, o II Sal\u00e3o de Natal (Associa\u00e7\u00e3o de Neoplasia de Curitiba), uma men\u00e7\u00e3o honrosa no IX Sal\u00e3o Mostra de Artes Pl\u00e1sticas de Goior\u00ea e no I Sal\u00e3o de Arte Contempor\u00e2nea de Santo Ant\u00f4nio da Platina. Fez exposi\u00e7\u00f5es individuais desde 1993, em Curitiba - PR e em Volta Redonda - RJ. Os sal\u00f5es e exposi\u00e7\u00f5es coletivas foram no Brasil e internacionalmente, como em Curitiba, Cascavel, Itaja\u00ed, Limeira, Maring\u00e1, S\u00e3o Paulo, Campo Largo, Campo Mour\u00e3o, Foz do Igua\u00e7u, Guarapuava, Jau, Joinville, Ribeir\u00e3o Preto, Goier\u00ea, Antonina, e pa\u00edses como a It\u00e1lia, Uruguai e Argentina.<\/p>\n","protected":false},"excerpt":{"rendered":"<p>Artista: Jayabujamra T\u00edtulo: Pinheiro Altamira Dimens\u00e3o: 70x30cm T\u00e9cnica: Plotagem interferida &nbsp; &nbsp; Jayabujamra nasceu em Palmas - Paran\u00e1. Em 1984, fez cursos de desenho, da figura\u00e7\u00e3o a abstra\u00e7\u00e3o com a artista Dallva Lobo, de pintura e desenho no Atelier Alfredo Andersen e de Hist\u00f3ria da Arte, com Maria Cec\u00edlia Noronha. Em 1987, fez aulas de [&hellip;]<\/p>\n","protected":false},"featured_media":7225,"template":"","meta":[],"product_brand":[],"product_cat":[117],"product_tag":[],"class_list":{"0":"post-7224","1":"product","2":"type-product","3":"status-publish","4":"has-post-thumbnail","6":"product_cat-galeria","7":"pa_artista-jayabujamra","8":"pa_estilo-figurativo","9":"pa_estilo-figurativo-paisagem","10":"pa_tecnica-plotagem-interferida","12":"first","13":"instock","14":"shipping-taxable","15":"product-type-simple"},"yoast_head":"<!-- This site is optimized with the Yoast SEO plugin v27.4 - https:\/\/yoast.com\/product\/yoast-seo-wordpress\/ -->\n<title>Jayabujamra - Pinheiro Altamira - Solar do Ros\u00e1rio Galeria \\\\\\\\Nova<\/title>\n<meta name=\"robots\" content=\"index, follow, max-snippet:-1, max-image-preview:large, max-video-preview:-1\" \/>\n<link rel=\"canonical\" href=\"https:\/\/solardorosario.com.br\/galeria\/produto\/jayabujamra-pinheiro-altamira\/\" \/>\n<meta property=\"og:locale\" content=\"pt_BR\" \/>\n<meta property=\"og:type\" content=\"article\" \/>\n<meta property=\"og:title\" content=\"Jayabujamra - Pinheiro Altamira - Solar do Ros\u00e1rio Galeria \\\\\\\\Nova\" \/>\n<meta property=\"og:description\" content=\"Artista: Jayabujamra T\u00edtulo: Pinheiro Altamira Dimens\u00e3o: 70x30cm T\u00e9cnica: Plotagem interferida &nbsp; &nbsp; Jayabujamra nasceu em Palmas - Paran\u00e1. Em 1984, fez cursos de desenho, da figura\u00e7\u00e3o a abstra\u00e7\u00e3o com a artista Dallva Lobo, de pintura e desenho no Atelier Alfredo Andersen e de Hist\u00f3ria da Arte, com Maria Cec\u00edlia Noronha. Em 1987, fez aulas de [&hellip;]\" \/>\n<meta property=\"og:url\" content=\"https:\/\/solardorosario.com.br\/galeria\/produto\/jayabujamra-pinheiro-altamira\/\" \/>\n<meta property=\"og:site_name\" content=\"Solar do Ros\u00e1rio Galeria \\\\\\\\Nova\" \/>\n<meta property=\"article:modified_time\" content=\"2026-04-22T19:19:05+00:00\" \/>\n<meta property=\"og:image\" content=\"https:\/\/solardorosario.com.br\/galeria\/wp-content\/uploads\/2026\/04\/Pinheiro-Altamira-70x30cm-Plotagem-interferida.jpeg\" \/>\n\t<meta property=\"og:image:width\" content=\"580\" \/>\n\t<meta property=\"og:image:height\" content=\"1280\" \/>\n\t<meta property=\"og:image:type\" content=\"image\/jpeg\" \/>\n<meta name=\"twitter:card\" content=\"summary_large_image\" \/>\n<meta name=\"twitter:label1\" content=\"Est. tempo de leitura\" \/>\n\t<meta name=\"twitter:data1\" content=\"2 minutos\" \/>\n<script type=\"application\/ld+json\" class=\"yoast-schema-graph\">{\"@context\":\"https:\\\/\\\/schema.org\",\"@graph\":[{\"@type\":\"WebPage\",\"@id\":\"https:\\\/\\\/solardorosario.com.br\\\/galeria\\\/produto\\\/jayabujamra-pinheiro-altamira\\\/\",\"url\":\"https:\\\/\\\/solardorosario.com.br\\\/galeria\\\/produto\\\/jayabujamra-pinheiro-altamira\\\/\",\"name\":\"Jayabujamra - Pinheiro Altamira - Solar do Ros\u00e1rio Galeria \\\\\\\\\\\\\\\\Nova\",\"isPartOf\":{\"@id\":\"https:\\\/\\\/solardorosario.com.br\\\/galeria\\\/#website\"},\"primaryImageOfPage\":{\"@id\":\"https:\\\/\\\/solardorosario.com.br\\\/galeria\\\/produto\\\/jayabujamra-pinheiro-altamira\\\/#primaryimage\"},\"image\":{\"@id\":\"https:\\\/\\\/solardorosario.com.br\\\/galeria\\\/produto\\\/jayabujamra-pinheiro-altamira\\\/#primaryimage\"},\"thumbnailUrl\":\"https:\\\/\\\/solardorosario.com.br\\\/galeria\\\/wp-content\\\/uploads\\\/2026\\\/04\\\/Pinheiro-Altamira-70x30cm-Plotagem-interferida.jpeg\",\"datePublished\":\"2026-04-22T19:19:04+00:00\",\"dateModified\":\"2026-04-22T19:19:05+00:00\",\"breadcrumb\":{\"@id\":\"https:\\\/\\\/solardorosario.com.br\\\/galeria\\\/produto\\\/jayabujamra-pinheiro-altamira\\\/#breadcrumb\"},\"inLanguage\":\"pt-BR\",\"potentialAction\":[{\"@type\":\"ReadAction\",\"target\":[\"https:\\\/\\\/solardorosario.com.br\\\/galeria\\\/produto\\\/jayabujamra-pinheiro-altamira\\\/\"]}]},{\"@type\":\"ImageObject\",\"inLanguage\":\"pt-BR\",\"@id\":\"https:\\\/\\\/solardorosario.com.br\\\/galeria\\\/produto\\\/jayabujamra-pinheiro-altamira\\\/#primaryimage\",\"url\":\"https:\\\/\\\/solardorosario.com.br\\\/galeria\\\/wp-content\\\/uploads\\\/2026\\\/04\\\/Pinheiro-Altamira-70x30cm-Plotagem-interferida.jpeg\",\"contentUrl\":\"https:\\\/\\\/solardorosario.com.br\\\/galeria\\\/wp-content\\\/uploads\\\/2026\\\/04\\\/Pinheiro-Altamira-70x30cm-Plotagem-interferida.jpeg\",\"width\":580,\"height\":1280},{\"@type\":\"BreadcrumbList\",\"@id\":\"https:\\\/\\\/solardorosario.com.br\\\/galeria\\\/produto\\\/jayabujamra-pinheiro-altamira\\\/#breadcrumb\",\"itemListElement\":[{\"@type\":\"ListItem\",\"position\":1,\"name\":\"In\u00edcio\",\"item\":\"https:\\\/\\\/solardorosario.com.br\\\/galeria\\\/\"},{\"@type\":\"ListItem\",\"position\":2,\"name\":\"galeria\",\"item\":\"https:\\\/\\\/solardorosario.com.br\\\/galeria\\\/galeria\\\/\"},{\"@type\":\"ListItem\",\"position\":3,\"name\":\"Jayabujamra - Pinheiro Altamira\"}]},{\"@type\":\"WebSite\",\"@id\":\"https:\\\/\\\/solardorosario.com.br\\\/galeria\\\/#website\",\"url\":\"https:\\\/\\\/solardorosario.com.br\\\/galeria\\\/\",\"name\":\"Solar do Ros\u00e1rio Galeria \\\\\\\\\\\\\\\\Nova\",\"description\":\"\",\"potentialAction\":[{\"@type\":\"SearchAction\",\"target\":{\"@type\":\"EntryPoint\",\"urlTemplate\":\"https:\\\/\\\/solardorosario.com.br\\\/galeria\\\/?s={search_term_string}\"},\"query-input\":{\"@type\":\"PropertyValueSpecification\",\"valueRequired\":true,\"valueName\":\"search_term_string\"}}],\"inLanguage\":\"pt-BR\"}]}<\/script>\n<!-- \/ Yoast SEO plugin. -->","yoast_head_json":{"title":"Jayabujamra - Pinheiro Altamira - Solar do Ros\u00e1rio Galeria \\\\\\\\Nova","robots":{"index":"index","follow":"follow","max-snippet":"max-snippet:-1","max-image-preview":"max-image-preview:large","max-video-preview":"max-video-preview:-1"},"canonical":"https:\/\/solardorosario.com.br\/galeria\/produto\/jayabujamra-pinheiro-altamira\/","og_locale":"pt_BR","og_type":"article","og_title":"Jayabujamra - Pinheiro Altamira - Solar do Ros\u00e1rio Galeria \\\\\\\\Nova","og_description":"Artista: Jayabujamra T\u00edtulo: Pinheiro Altamira Dimens\u00e3o: 70x30cm T\u00e9cnica: Plotagem interferida &nbsp; &nbsp; Jayabujamra nasceu em Palmas - Paran\u00e1. Em 1984, fez cursos de desenho, da figura\u00e7\u00e3o a abstra\u00e7\u00e3o com a artista Dallva Lobo, de pintura e desenho no Atelier Alfredo Andersen e de Hist\u00f3ria da Arte, com Maria Cec\u00edlia Noronha. Em 1987, fez aulas de [&hellip;]","og_url":"https:\/\/solardorosario.com.br\/galeria\/produto\/jayabujamra-pinheiro-altamira\/","og_site_name":"Solar do Ros\u00e1rio Galeria \\\\\\\\Nova","article_modified_time":"2026-04-22T19:19:05+00:00","og_image":[{"width":580,"height":1280,"url":"https:\/\/solardorosario.com.br\/galeria\/wp-content\/uploads\/2026\/04\/Pinheiro-Altamira-70x30cm-Plotagem-interferida.jpeg","type":"image\/jpeg"}],"twitter_card":"summary_large_image","twitter_misc":{"Est. tempo de leitura":"2 minutos"},"schema":{"@context":"https:\/\/schema.org","@graph":[{"@type":"WebPage","@id":"https:\/\/solardorosario.com.br\/galeria\/produto\/jayabujamra-pinheiro-altamira\/","url":"https:\/\/solardorosario.com.br\/galeria\/produto\/jayabujamra-pinheiro-altamira\/","name":"Jayabujamra - Pinheiro Altamira - Solar do Ros\u00e1rio Galeria \\\\\\\\Nova","isPartOf":{"@id":"https:\/\/solardorosario.com.br\/galeria\/#website"},"primaryImageOfPage":{"@id":"https:\/\/solardorosario.com.br\/galeria\/produto\/jayabujamra-pinheiro-altamira\/#primaryimage"},"image":{"@id":"https:\/\/solardorosario.com.br\/galeria\/produto\/jayabujamra-pinheiro-altamira\/#primaryimage"},"thumbnailUrl":"https:\/\/solardorosario.com.br\/galeria\/wp-content\/uploads\/2026\/04\/Pinheiro-Altamira-70x30cm-Plotagem-interferida.jpeg","datePublished":"2026-04-22T19:19:04+00:00","dateModified":"2026-04-22T19:19:05+00:00","breadcrumb":{"@id":"https:\/\/solardorosario.com.br\/galeria\/produto\/jayabujamra-pinheiro-altamira\/#breadcrumb"},"inLanguage":"pt-BR","potentialAction":[{"@type":"ReadAction","target":["https:\/\/solardorosario.com.br\/galeria\/produto\/jayabujamra-pinheiro-altamira\/"]}]},{"@type":"ImageObject","inLanguage":"pt-BR","@id":"https:\/\/solardorosario.com.br\/galeria\/produto\/jayabujamra-pinheiro-altamira\/#primaryimage","url":"https:\/\/solardorosario.com.br\/galeria\/wp-content\/uploads\/2026\/04\/Pinheiro-Altamira-70x30cm-Plotagem-interferida.jpeg","contentUrl":"https:\/\/solardorosario.com.br\/galeria\/wp-content\/uploads\/2026\/04\/Pinheiro-Altamira-70x30cm-Plotagem-interferida.jpeg","width":580,"height":1280},{"@type":"BreadcrumbList","@id":"https:\/\/solardorosario.com.br\/galeria\/produto\/jayabujamra-pinheiro-altamira\/#breadcrumb","itemListElement":[{"@type":"ListItem","position":1,"name":"In\u00edcio","item":"https:\/\/solardorosario.com.br\/galeria\/"},{"@type":"ListItem","position":2,"name":"galeria","item":"https:\/\/solardorosario.com.br\/galeria\/galeria\/"},{"@type":"ListItem","position":3,"name":"Jayabujamra - Pinheiro Altamira"}]},{"@type":"WebSite","@id":"https:\/\/solardorosario.com.br\/galeria\/#website","url":"https:\/\/solardorosario.com.br\/galeria\/","name":"Solar do Ros\u00e1rio Galeria \\\\\\\\Nova","description":"","potentialAction":[{"@type":"SearchAction","target":{"@type":"EntryPoint","urlTemplate":"https:\/\/solardorosario.com.br\/galeria\/?s={search_term_string}"},"query-input":{"@type":"PropertyValueSpecification","valueRequired":true,"valueName":"search_term_string"}}],"inLanguage":"pt-BR"}]}},"_links":{"self":[{"href":"https:\/\/solardorosario.com.br\/galeria\/wp-json\/wp\/v2\/product\/7224","targetHints":{"allow":["GET"]}}],"collection":[{"href":"https:\/\/solardorosario.com.br\/galeria\/wp-json\/wp\/v2\/product"}],"about":[{"href":"https:\/\/solardorosario.com.br\/galeria\/wp-json\/wp\/v2\/types\/product"}],"wp:featuredmedia":[{"embeddable":true,"href":"https:\/\/solardorosario.com.br\/galeria\/wp-json\/wp\/v2\/media\/7225"}],"wp:attachment":[{"href":"https:\/\/solardorosario.com.br\/galeria\/wp-json\/wp\/v2\/media?parent=7224"}],"wp:term":[{"taxonomy":"product_brand","embeddable":true,"href":"https:\/\/solardorosario.com.br\/galeria\/wp-json\/wp\/v2\/product_brand?post=7224"},{"taxonomy":"product_cat","embeddable":true,"href":"https:\/\/solardorosario.com.br\/galeria\/wp-json\/wp\/v2\/product_cat?post=7224"},{"taxonomy":"product_tag","embeddable":true,"href":"https:\/\/solardorosario.com.br\/galeria\/wp-json\/wp\/v2\/product_tag?post=7224"}],"curies":[{"name":"wp","href":"https:\/\/api.w.org\/{rel}","templated":true}]}}