{"id":7027,"date":"2026-03-24T17:29:51","date_gmt":"2026-03-24T20:29:51","guid":{"rendered":"https:\/\/solardorosario.com.br\/galeria\/?post_type=product&#038;p=7027"},"modified":"2026-03-24T17:29:52","modified_gmt":"2026-03-24T20:29:52","slug":"fabiano-vianna-ufpr","status":"publish","type":"product","link":"https:\/\/solardorosario.com.br\/galeria\/produto\/fabiano-vianna-ufpr\/","title":{"rendered":"Fabiano Vianna - UFPR"},"content":{"rendered":"<p><strong>Artista:<\/strong>\u00a0Fabiano Vianna<\/p>\n<p><strong>T\u00edtulo: <\/strong>UFPR<\/p>\n<p><strong>Dimens\u00e3o:<\/strong> 33x23cm<\/p>\n<p><strong>T\u00e9cnica:<\/strong> Aquarela (sem moldura)<\/p>\n<p>&nbsp;<\/p>\n<p>&nbsp;<\/p>\n<p>Fabiano Vianna - Nasceu em Curitiba, Julho de 1975. Formado em Arquitetura e Urbanismo pela PUCPR em 2001. Escritor, designer e ilustrador. Lan\u00e7ou em 2009 uma revista de literatura pulp chamada \u201cLAMA\u201d. Foi professor no curso \u201cArtes Gr\u00e1ficas\u201d, Centro Europeu. Coautor do livro \u201cSketchers do Brasil\u201d e integrante do movimento \u201cUrban Sketchers\u201d. Lan\u00e7ou seu primeiro livro de contos \u201cQuem costura quando Mirna costura\u201d, pela editora Arte e Letra em 2021. Professor na mat\u00e9ria \u201cDi\u00e1rio Gr\u00e1fico: croquis e aquarela\u201d, no curso de p\u00f3s gradua\u00e7\u00e3o \u2013Patrim\u00f4nio e Restauro, UTFPR. \u00c9 professor do curso de desenho a m\u00e3o livre: contornos da cidade, urban sketch e croqui urbano no Solar do Ros\u00e1rio.<\/p>\n","protected":false},"excerpt":{"rendered":"<p>Artista:\u00a0Fabiano Vianna T\u00edtulo: UFPR Dimens\u00e3o: 33x23cm T\u00e9cnica: Aquarela (sem moldura) &nbsp; &nbsp; Fabiano Vianna - Nasceu em Curitiba, Julho de 1975. Formado em Arquitetura e Urbanismo pela PUCPR em 2001. Escritor, designer e ilustrador. Lan\u00e7ou em 2009 uma revista de literatura pulp chamada \u201cLAMA\u201d. Foi professor no curso \u201cArtes Gr\u00e1ficas\u201d, Centro Europeu. Coautor do livro [&hellip;]<\/p>\n","protected":false},"featured_media":7028,"template":"","meta":[],"product_brand":[],"product_cat":[117],"product_tag":[],"class_list":{"0":"post-7027","1":"product","2":"type-product","3":"status-publish","4":"has-post-thumbnail","6":"product_cat-galeria","7":"pa_artista-fabiano-vianna","8":"pa_estilo-figura-humana","9":"pa_estilo-figurativo","10":"pa_estilo-figurativo-paisagem","11":"pa_tecnica-aquarela","13":"first","14":"instock","15":"shipping-taxable","16":"product-type-simple"},"yoast_head":"<!-- This site is optimized with the Yoast SEO plugin v27.3 - https:\/\/yoast.com\/product\/yoast-seo-wordpress\/ -->\n<title>Fabiano Vianna - UFPR - Solar do Ros\u00e1rio Galeria \\\\\\\\Nova<\/title>\n<meta name=\"robots\" content=\"index, follow, max-snippet:-1, max-image-preview:large, max-video-preview:-1\" \/>\n<link rel=\"canonical\" href=\"https:\/\/solardorosario.com.br\/galeria\/produto\/fabiano-vianna-ufpr\/\" \/>\n<meta property=\"og:locale\" content=\"pt_BR\" \/>\n<meta property=\"og:type\" content=\"article\" \/>\n<meta property=\"og:title\" content=\"Fabiano Vianna - UFPR - Solar do Ros\u00e1rio Galeria \\\\\\\\Nova\" \/>\n<meta property=\"og:description\" content=\"Artista:\u00a0Fabiano Vianna T\u00edtulo: UFPR Dimens\u00e3o: 33x23cm T\u00e9cnica: Aquarela (sem moldura) &nbsp; &nbsp; Fabiano Vianna - Nasceu em Curitiba, Julho de 1975. Formado em Arquitetura e Urbanismo pela PUCPR em 2001. Escritor, designer e ilustrador. Lan\u00e7ou em 2009 uma revista de literatura pulp chamada \u201cLAMA\u201d. Foi professor no curso \u201cArtes Gr\u00e1ficas\u201d, Centro Europeu. Coautor do livro [&hellip;]\" \/>\n<meta property=\"og:url\" content=\"https:\/\/solardorosario.com.br\/galeria\/produto\/fabiano-vianna-ufpr\/\" \/>\n<meta property=\"og:site_name\" content=\"Solar do Ros\u00e1rio Galeria \\\\\\\\Nova\" \/>\n<meta property=\"article:modified_time\" content=\"2026-03-24T20:29:52+00:00\" \/>\n<meta property=\"og:image\" content=\"https:\/\/solardorosario.com.br\/galeria\/wp-content\/uploads\/2026\/03\/UFPR-23x33cm-Aquarela.jpeg\" \/>\n\t<meta property=\"og:image:width\" content=\"1280\" \/>\n\t<meta property=\"og:image:height\" content=\"969\" \/>\n\t<meta property=\"og:image:type\" content=\"image\/jpeg\" \/>\n<meta name=\"twitter:card\" content=\"summary_large_image\" \/>\n<meta name=\"twitter:label1\" content=\"Est. tempo de leitura\" \/>\n\t<meta name=\"twitter:data1\" content=\"1 minuto\" \/>\n<script type=\"application\/ld+json\" class=\"yoast-schema-graph\">{\"@context\":\"https:\\\/\\\/schema.org\",\"@graph\":[{\"@type\":\"WebPage\",\"@id\":\"https:\\\/\\\/solardorosario.com.br\\\/galeria\\\/produto\\\/fabiano-vianna-ufpr\\\/\",\"url\":\"https:\\\/\\\/solardorosario.com.br\\\/galeria\\\/produto\\\/fabiano-vianna-ufpr\\\/\",\"name\":\"Fabiano Vianna - UFPR - Solar do Ros\u00e1rio Galeria \\\\\\\\\\\\\\\\Nova\",\"isPartOf\":{\"@id\":\"https:\\\/\\\/solardorosario.com.br\\\/galeria\\\/#website\"},\"primaryImageOfPage\":{\"@id\":\"https:\\\/\\\/solardorosario.com.br\\\/galeria\\\/produto\\\/fabiano-vianna-ufpr\\\/#primaryimage\"},\"image\":{\"@id\":\"https:\\\/\\\/solardorosario.com.br\\\/galeria\\\/produto\\\/fabiano-vianna-ufpr\\\/#primaryimage\"},\"thumbnailUrl\":\"https:\\\/\\\/solardorosario.com.br\\\/galeria\\\/wp-content\\\/uploads\\\/2026\\\/03\\\/UFPR-23x33cm-Aquarela.jpeg\",\"datePublished\":\"2026-03-24T20:29:51+00:00\",\"dateModified\":\"2026-03-24T20:29:52+00:00\",\"breadcrumb\":{\"@id\":\"https:\\\/\\\/solardorosario.com.br\\\/galeria\\\/produto\\\/fabiano-vianna-ufpr\\\/#breadcrumb\"},\"inLanguage\":\"pt-BR\",\"potentialAction\":[{\"@type\":\"ReadAction\",\"target\":[\"https:\\\/\\\/solardorosario.com.br\\\/galeria\\\/produto\\\/fabiano-vianna-ufpr\\\/\"]}]},{\"@type\":\"ImageObject\",\"inLanguage\":\"pt-BR\",\"@id\":\"https:\\\/\\\/solardorosario.com.br\\\/galeria\\\/produto\\\/fabiano-vianna-ufpr\\\/#primaryimage\",\"url\":\"https:\\\/\\\/solardorosario.com.br\\\/galeria\\\/wp-content\\\/uploads\\\/2026\\\/03\\\/UFPR-23x33cm-Aquarela.jpeg\",\"contentUrl\":\"https:\\\/\\\/solardorosario.com.br\\\/galeria\\\/wp-content\\\/uploads\\\/2026\\\/03\\\/UFPR-23x33cm-Aquarela.jpeg\",\"width\":1280,\"height\":969},{\"@type\":\"BreadcrumbList\",\"@id\":\"https:\\\/\\\/solardorosario.com.br\\\/galeria\\\/produto\\\/fabiano-vianna-ufpr\\\/#breadcrumb\",\"itemListElement\":[{\"@type\":\"ListItem\",\"position\":1,\"name\":\"In\u00edcio\",\"item\":\"https:\\\/\\\/solardorosario.com.br\\\/galeria\\\/\"},{\"@type\":\"ListItem\",\"position\":2,\"name\":\"galeria\",\"item\":\"https:\\\/\\\/solardorosario.com.br\\\/galeria\\\/galeria\\\/\"},{\"@type\":\"ListItem\",\"position\":3,\"name\":\"Fabiano Vianna - UFPR\"}]},{\"@type\":\"WebSite\",\"@id\":\"https:\\\/\\\/solardorosario.com.br\\\/galeria\\\/#website\",\"url\":\"https:\\\/\\\/solardorosario.com.br\\\/galeria\\\/\",\"name\":\"Solar do Ros\u00e1rio Galeria \\\\\\\\\\\\\\\\Nova\",\"description\":\"\",\"potentialAction\":[{\"@type\":\"SearchAction\",\"target\":{\"@type\":\"EntryPoint\",\"urlTemplate\":\"https:\\\/\\\/solardorosario.com.br\\\/galeria\\\/?s={search_term_string}\"},\"query-input\":{\"@type\":\"PropertyValueSpecification\",\"valueRequired\":true,\"valueName\":\"search_term_string\"}}],\"inLanguage\":\"pt-BR\"}]}<\/script>\n<!-- \/ Yoast SEO plugin. -->","yoast_head_json":{"title":"Fabiano Vianna - UFPR - Solar do Ros\u00e1rio Galeria \\\\\\\\Nova","robots":{"index":"index","follow":"follow","max-snippet":"max-snippet:-1","max-image-preview":"max-image-preview:large","max-video-preview":"max-video-preview:-1"},"canonical":"https:\/\/solardorosario.com.br\/galeria\/produto\/fabiano-vianna-ufpr\/","og_locale":"pt_BR","og_type":"article","og_title":"Fabiano Vianna - UFPR - Solar do Ros\u00e1rio Galeria \\\\\\\\Nova","og_description":"Artista:\u00a0Fabiano Vianna T\u00edtulo: UFPR Dimens\u00e3o: 33x23cm T\u00e9cnica: Aquarela (sem moldura) &nbsp; &nbsp; Fabiano Vianna - Nasceu em Curitiba, Julho de 1975. Formado em Arquitetura e Urbanismo pela PUCPR em 2001. Escritor, designer e ilustrador. Lan\u00e7ou em 2009 uma revista de literatura pulp chamada \u201cLAMA\u201d. Foi professor no curso \u201cArtes Gr\u00e1ficas\u201d, Centro Europeu. Coautor do livro [&hellip;]","og_url":"https:\/\/solardorosario.com.br\/galeria\/produto\/fabiano-vianna-ufpr\/","og_site_name":"Solar do Ros\u00e1rio Galeria \\\\\\\\Nova","article_modified_time":"2026-03-24T20:29:52+00:00","og_image":[{"width":1280,"height":969,"url":"https:\/\/solardorosario.com.br\/galeria\/wp-content\/uploads\/2026\/03\/UFPR-23x33cm-Aquarela.jpeg","type":"image\/jpeg"}],"twitter_card":"summary_large_image","twitter_misc":{"Est. tempo de leitura":"1 minuto"},"schema":{"@context":"https:\/\/schema.org","@graph":[{"@type":"WebPage","@id":"https:\/\/solardorosario.com.br\/galeria\/produto\/fabiano-vianna-ufpr\/","url":"https:\/\/solardorosario.com.br\/galeria\/produto\/fabiano-vianna-ufpr\/","name":"Fabiano Vianna - UFPR - Solar do Ros\u00e1rio Galeria \\\\\\\\Nova","isPartOf":{"@id":"https:\/\/solardorosario.com.br\/galeria\/#website"},"primaryImageOfPage":{"@id":"https:\/\/solardorosario.com.br\/galeria\/produto\/fabiano-vianna-ufpr\/#primaryimage"},"image":{"@id":"https:\/\/solardorosario.com.br\/galeria\/produto\/fabiano-vianna-ufpr\/#primaryimage"},"thumbnailUrl":"https:\/\/solardorosario.com.br\/galeria\/wp-content\/uploads\/2026\/03\/UFPR-23x33cm-Aquarela.jpeg","datePublished":"2026-03-24T20:29:51+00:00","dateModified":"2026-03-24T20:29:52+00:00","breadcrumb":{"@id":"https:\/\/solardorosario.com.br\/galeria\/produto\/fabiano-vianna-ufpr\/#breadcrumb"},"inLanguage":"pt-BR","potentialAction":[{"@type":"ReadAction","target":["https:\/\/solardorosario.com.br\/galeria\/produto\/fabiano-vianna-ufpr\/"]}]},{"@type":"ImageObject","inLanguage":"pt-BR","@id":"https:\/\/solardorosario.com.br\/galeria\/produto\/fabiano-vianna-ufpr\/#primaryimage","url":"https:\/\/solardorosario.com.br\/galeria\/wp-content\/uploads\/2026\/03\/UFPR-23x33cm-Aquarela.jpeg","contentUrl":"https:\/\/solardorosario.com.br\/galeria\/wp-content\/uploads\/2026\/03\/UFPR-23x33cm-Aquarela.jpeg","width":1280,"height":969},{"@type":"BreadcrumbList","@id":"https:\/\/solardorosario.com.br\/galeria\/produto\/fabiano-vianna-ufpr\/#breadcrumb","itemListElement":[{"@type":"ListItem","position":1,"name":"In\u00edcio","item":"https:\/\/solardorosario.com.br\/galeria\/"},{"@type":"ListItem","position":2,"name":"galeria","item":"https:\/\/solardorosario.com.br\/galeria\/galeria\/"},{"@type":"ListItem","position":3,"name":"Fabiano Vianna - UFPR"}]},{"@type":"WebSite","@id":"https:\/\/solardorosario.com.br\/galeria\/#website","url":"https:\/\/solardorosario.com.br\/galeria\/","name":"Solar do Ros\u00e1rio Galeria \\\\\\\\Nova","description":"","potentialAction":[{"@type":"SearchAction","target":{"@type":"EntryPoint","urlTemplate":"https:\/\/solardorosario.com.br\/galeria\/?s={search_term_string}"},"query-input":{"@type":"PropertyValueSpecification","valueRequired":true,"valueName":"search_term_string"}}],"inLanguage":"pt-BR"}]}},"_links":{"self":[{"href":"https:\/\/solardorosario.com.br\/galeria\/wp-json\/wp\/v2\/product\/7027","targetHints":{"allow":["GET"]}}],"collection":[{"href":"https:\/\/solardorosario.com.br\/galeria\/wp-json\/wp\/v2\/product"}],"about":[{"href":"https:\/\/solardorosario.com.br\/galeria\/wp-json\/wp\/v2\/types\/product"}],"wp:featuredmedia":[{"embeddable":true,"href":"https:\/\/solardorosario.com.br\/galeria\/wp-json\/wp\/v2\/media\/7028"}],"wp:attachment":[{"href":"https:\/\/solardorosario.com.br\/galeria\/wp-json\/wp\/v2\/media?parent=7027"}],"wp:term":[{"taxonomy":"product_brand","embeddable":true,"href":"https:\/\/solardorosario.com.br\/galeria\/wp-json\/wp\/v2\/product_brand?post=7027"},{"taxonomy":"product_cat","embeddable":true,"href":"https:\/\/solardorosario.com.br\/galeria\/wp-json\/wp\/v2\/product_cat?post=7027"},{"taxonomy":"product_tag","embeddable":true,"href":"https:\/\/solardorosario.com.br\/galeria\/wp-json\/wp\/v2\/product_tag?post=7027"}],"curies":[{"name":"wp","href":"https:\/\/api.w.org\/{rel}","templated":true}]}}