{"id":6952,"date":"2026-03-12T15:02:02","date_gmt":"2026-03-12T18:02:02","guid":{"rendered":"https:\/\/solardorosario.com.br\/galeria\/?post_type=product&#038;p=6952"},"modified":"2026-03-12T15:02:03","modified_gmt":"2026-03-12T18:02:03","slug":"gilberto-mello-irmao-vento","status":"publish","type":"product","link":"https:\/\/solardorosario.com.br\/galeria\/produto\/gilberto-mello-irmao-vento\/","title":{"rendered":"Gilberto Mello - Irm\u00e3o Vento"},"content":{"rendered":"<p><strong>Artista:<\/strong>\u00a0Gilberto Mello<\/p>\n<p><strong>T\u00edtulo:<\/strong> Irm\u00e3o Vento<\/p>\n<p><strong>Dimens\u00e3o:<\/strong> 22x32cm<\/p>\n<p><strong>T\u00e9cnica:<\/strong>\u00a0Serigrafia (sem moldura)<\/p>\n<p>&nbsp;<\/p>\n<p>&nbsp;<\/p>\n<p>Gilberto Mello nasceu em Santo Ant\u00f4nio de Jesus, na Bahia, em 1927. Se formou em Engenharia Agr\u00f4noma e tamb\u00e9m artista autodidata. Estudou Bot\u00e2nica Sistem\u00e1tica e Herb\u00e1rio, que \u00e9 uma t\u00e9cnica de secagem realizadas em esp\u00e9cies vegetais, que utilizou como base para estudos de seus primeiros trabalhos art\u00edsticos. Em 1963, se mudou para Bras\u00edlia. O tema principal de suas obras \u00e9 S\u00e3o Francisco de Assis. Ap\u00f3s uma viagem para Assis, na It\u00e1lia, ap\u00f3s perceber a rela\u00e7\u00e3o em agronomia e a voca\u00e7\u00e3o e amor do santo com a natureza. Em 1965, realizou sua primeira exposi\u00e7\u00e3o no Hotel Nacional de Bras\u00edlia. Em Bras\u00edlia, tamb\u00e9m decorou com entalhes a Igreja Metodista da cidade. Recebeu a premia\u00e7\u00e3o de men\u00e7\u00e3o honrosa em talha e em colagem, al\u00e9m de medalhas de ouro e bronze no III Sal\u00e3o da Inconfid\u00eancia. Em 1971, teve sua obra adquirida pelo Governo do Estado do Rio Grande do Norte e duas pelo Governo do Distrito Federal. Em 1973, ofereceu uma obra ao ministro da Educa\u00e7\u00e3o, que entregou como presente protocolar ao ministro da Educa\u00e7\u00e3o de Portugal. Suas obras est\u00e3o expostas na sede de Confedera\u00e7\u00e3o Nacional dos Bispos (CNBB) e tamb\u00e9m no Museu de Arte de Bras\u00edlia (MAB).<\/p>\n","protected":false},"excerpt":{"rendered":"<p>Artista:\u00a0Gilberto Mello T\u00edtulo: Irm\u00e3o Vento Dimens\u00e3o: 22x32cm T\u00e9cnica:\u00a0Serigrafia (sem moldura) &nbsp; &nbsp; Gilberto Mello nasceu em Santo Ant\u00f4nio de Jesus, na Bahia, em 1927. Se formou em Engenharia Agr\u00f4noma e tamb\u00e9m artista autodidata. Estudou Bot\u00e2nica Sistem\u00e1tica e Herb\u00e1rio, que \u00e9 uma t\u00e9cnica de secagem realizadas em esp\u00e9cies vegetais, que utilizou como base para estudos de [&hellip;]<\/p>\n","protected":false},"featured_media":6953,"template":"","meta":[],"product_brand":[],"product_cat":[117],"product_tag":[],"class_list":{"0":"post-6952","1":"product","2":"type-product","3":"status-publish","4":"has-post-thumbnail","6":"product_cat-galeria","7":"pa_artista-gilberto-mello","8":"pa_estilo-figurativo","9":"pa_estilo-gravura","10":"pa_tecnica-serigrafia","12":"first","13":"instock","14":"shipping-taxable","15":"product-type-simple"},"yoast_head":"<!-- This site is optimized with the Yoast SEO plugin v27.6 - https:\/\/yoast.com\/product\/yoast-seo-wordpress\/ -->\n<title>Gilberto Mello - Irm\u00e3o Vento - Solar do Ros\u00e1rio Galeria \\\\\\\\Nova<\/title>\n<meta name=\"robots\" content=\"index, follow, max-snippet:-1, max-image-preview:large, max-video-preview:-1\" \/>\n<link rel=\"canonical\" href=\"https:\/\/solardorosario.com.br\/galeria\/produto\/gilberto-mello-irmao-vento\/\" \/>\n<meta property=\"og:locale\" content=\"pt_BR\" \/>\n<meta property=\"og:type\" content=\"article\" \/>\n<meta property=\"og:title\" content=\"Gilberto Mello - Irm\u00e3o Vento - Solar do Ros\u00e1rio Galeria \\\\\\\\Nova\" \/>\n<meta property=\"og:description\" content=\"Artista:\u00a0Gilberto Mello T\u00edtulo: Irm\u00e3o Vento Dimens\u00e3o: 22x32cm T\u00e9cnica:\u00a0Serigrafia (sem moldura) &nbsp; &nbsp; Gilberto Mello nasceu em Santo Ant\u00f4nio de Jesus, na Bahia, em 1927. Se formou em Engenharia Agr\u00f4noma e tamb\u00e9m artista autodidata. Estudou Bot\u00e2nica Sistem\u00e1tica e Herb\u00e1rio, que \u00e9 uma t\u00e9cnica de secagem realizadas em esp\u00e9cies vegetais, que utilizou como base para estudos de [&hellip;]\" \/>\n<meta property=\"og:url\" content=\"https:\/\/solardorosario.com.br\/galeria\/produto\/gilberto-mello-irmao-vento\/\" \/>\n<meta property=\"og:site_name\" content=\"Solar do Ros\u00e1rio Galeria \\\\\\\\Nova\" \/>\n<meta property=\"article:modified_time\" content=\"2026-03-12T18:02:03+00:00\" \/>\n<meta property=\"og:image\" content=\"https:\/\/solardorosario.com.br\/galeria\/wp-content\/uploads\/2026\/03\/3-Irmao-Vento-22x32cm-Serigrafia.jpeg\" \/>\n\t<meta property=\"og:image:width\" content=\"951\" \/>\n\t<meta property=\"og:image:height\" content=\"1280\" \/>\n\t<meta property=\"og:image:type\" content=\"image\/jpeg\" \/>\n<meta name=\"twitter:card\" content=\"summary_large_image\" \/>\n<meta name=\"twitter:label1\" content=\"Est. tempo de leitura\" \/>\n\t<meta name=\"twitter:data1\" content=\"2 minutos\" \/>\n<script type=\"application\/ld+json\" class=\"yoast-schema-graph\">{\"@context\":\"https:\\\/\\\/schema.org\",\"@graph\":[{\"@type\":\"WebPage\",\"@id\":\"https:\\\/\\\/solardorosario.com.br\\\/galeria\\\/produto\\\/gilberto-mello-irmao-vento\\\/\",\"url\":\"https:\\\/\\\/solardorosario.com.br\\\/galeria\\\/produto\\\/gilberto-mello-irmao-vento\\\/\",\"name\":\"Gilberto Mello - Irm\u00e3o Vento - Solar do Ros\u00e1rio Galeria \\\\\\\\\\\\\\\\Nova\",\"isPartOf\":{\"@id\":\"https:\\\/\\\/solardorosario.com.br\\\/galeria\\\/#website\"},\"primaryImageOfPage\":{\"@id\":\"https:\\\/\\\/solardorosario.com.br\\\/galeria\\\/produto\\\/gilberto-mello-irmao-vento\\\/#primaryimage\"},\"image\":{\"@id\":\"https:\\\/\\\/solardorosario.com.br\\\/galeria\\\/produto\\\/gilberto-mello-irmao-vento\\\/#primaryimage\"},\"thumbnailUrl\":\"https:\\\/\\\/solardorosario.com.br\\\/galeria\\\/wp-content\\\/uploads\\\/2026\\\/03\\\/3-Irmao-Vento-22x32cm-Serigrafia.jpeg\",\"datePublished\":\"2026-03-12T18:02:02+00:00\",\"dateModified\":\"2026-03-12T18:02:03+00:00\",\"breadcrumb\":{\"@id\":\"https:\\\/\\\/solardorosario.com.br\\\/galeria\\\/produto\\\/gilberto-mello-irmao-vento\\\/#breadcrumb\"},\"inLanguage\":\"pt-BR\",\"potentialAction\":[{\"@type\":\"ReadAction\",\"target\":[\"https:\\\/\\\/solardorosario.com.br\\\/galeria\\\/produto\\\/gilberto-mello-irmao-vento\\\/\"]}]},{\"@type\":\"ImageObject\",\"inLanguage\":\"pt-BR\",\"@id\":\"https:\\\/\\\/solardorosario.com.br\\\/galeria\\\/produto\\\/gilberto-mello-irmao-vento\\\/#primaryimage\",\"url\":\"https:\\\/\\\/solardorosario.com.br\\\/galeria\\\/wp-content\\\/uploads\\\/2026\\\/03\\\/3-Irmao-Vento-22x32cm-Serigrafia.jpeg\",\"contentUrl\":\"https:\\\/\\\/solardorosario.com.br\\\/galeria\\\/wp-content\\\/uploads\\\/2026\\\/03\\\/3-Irmao-Vento-22x32cm-Serigrafia.jpeg\",\"width\":951,\"height\":1280},{\"@type\":\"BreadcrumbList\",\"@id\":\"https:\\\/\\\/solardorosario.com.br\\\/galeria\\\/produto\\\/gilberto-mello-irmao-vento\\\/#breadcrumb\",\"itemListElement\":[{\"@type\":\"ListItem\",\"position\":1,\"name\":\"In\u00edcio\",\"item\":\"https:\\\/\\\/solardorosario.com.br\\\/galeria\\\/\"},{\"@type\":\"ListItem\",\"position\":2,\"name\":\"galeria\",\"item\":\"https:\\\/\\\/solardorosario.com.br\\\/galeria\\\/galeria\\\/\"},{\"@type\":\"ListItem\",\"position\":3,\"name\":\"Gilberto Mello - Irm\u00e3o Vento\"}]},{\"@type\":\"WebSite\",\"@id\":\"https:\\\/\\\/solardorosario.com.br\\\/galeria\\\/#website\",\"url\":\"https:\\\/\\\/solardorosario.com.br\\\/galeria\\\/\",\"name\":\"Solar do Ros\u00e1rio Galeria \\\\\\\\\\\\\\\\Nova\",\"description\":\"\",\"potentialAction\":[{\"@type\":\"SearchAction\",\"target\":{\"@type\":\"EntryPoint\",\"urlTemplate\":\"https:\\\/\\\/solardorosario.com.br\\\/galeria\\\/?s={search_term_string}\"},\"query-input\":{\"@type\":\"PropertyValueSpecification\",\"valueRequired\":true,\"valueName\":\"search_term_string\"}}],\"inLanguage\":\"pt-BR\"}]}<\/script>\n<!-- \/ Yoast SEO plugin. -->","yoast_head_json":{"title":"Gilberto Mello - Irm\u00e3o Vento - Solar do Ros\u00e1rio Galeria \\\\\\\\Nova","robots":{"index":"index","follow":"follow","max-snippet":"max-snippet:-1","max-image-preview":"max-image-preview:large","max-video-preview":"max-video-preview:-1"},"canonical":"https:\/\/solardorosario.com.br\/galeria\/produto\/gilberto-mello-irmao-vento\/","og_locale":"pt_BR","og_type":"article","og_title":"Gilberto Mello - Irm\u00e3o Vento - Solar do Ros\u00e1rio Galeria \\\\\\\\Nova","og_description":"Artista:\u00a0Gilberto Mello T\u00edtulo: Irm\u00e3o Vento Dimens\u00e3o: 22x32cm T\u00e9cnica:\u00a0Serigrafia (sem moldura) &nbsp; &nbsp; Gilberto Mello nasceu em Santo Ant\u00f4nio de Jesus, na Bahia, em 1927. Se formou em Engenharia Agr\u00f4noma e tamb\u00e9m artista autodidata. Estudou Bot\u00e2nica Sistem\u00e1tica e Herb\u00e1rio, que \u00e9 uma t\u00e9cnica de secagem realizadas em esp\u00e9cies vegetais, que utilizou como base para estudos de [&hellip;]","og_url":"https:\/\/solardorosario.com.br\/galeria\/produto\/gilberto-mello-irmao-vento\/","og_site_name":"Solar do Ros\u00e1rio Galeria \\\\\\\\Nova","article_modified_time":"2026-03-12T18:02:03+00:00","og_image":[{"width":951,"height":1280,"url":"https:\/\/solardorosario.com.br\/galeria\/wp-content\/uploads\/2026\/03\/3-Irmao-Vento-22x32cm-Serigrafia.jpeg","type":"image\/jpeg"}],"twitter_card":"summary_large_image","twitter_misc":{"Est. tempo de leitura":"2 minutos"},"schema":{"@context":"https:\/\/schema.org","@graph":[{"@type":"WebPage","@id":"https:\/\/solardorosario.com.br\/galeria\/produto\/gilberto-mello-irmao-vento\/","url":"https:\/\/solardorosario.com.br\/galeria\/produto\/gilberto-mello-irmao-vento\/","name":"Gilberto Mello - Irm\u00e3o Vento - Solar do Ros\u00e1rio Galeria \\\\\\\\Nova","isPartOf":{"@id":"https:\/\/solardorosario.com.br\/galeria\/#website"},"primaryImageOfPage":{"@id":"https:\/\/solardorosario.com.br\/galeria\/produto\/gilberto-mello-irmao-vento\/#primaryimage"},"image":{"@id":"https:\/\/solardorosario.com.br\/galeria\/produto\/gilberto-mello-irmao-vento\/#primaryimage"},"thumbnailUrl":"https:\/\/solardorosario.com.br\/galeria\/wp-content\/uploads\/2026\/03\/3-Irmao-Vento-22x32cm-Serigrafia.jpeg","datePublished":"2026-03-12T18:02:02+00:00","dateModified":"2026-03-12T18:02:03+00:00","breadcrumb":{"@id":"https:\/\/solardorosario.com.br\/galeria\/produto\/gilberto-mello-irmao-vento\/#breadcrumb"},"inLanguage":"pt-BR","potentialAction":[{"@type":"ReadAction","target":["https:\/\/solardorosario.com.br\/galeria\/produto\/gilberto-mello-irmao-vento\/"]}]},{"@type":"ImageObject","inLanguage":"pt-BR","@id":"https:\/\/solardorosario.com.br\/galeria\/produto\/gilberto-mello-irmao-vento\/#primaryimage","url":"https:\/\/solardorosario.com.br\/galeria\/wp-content\/uploads\/2026\/03\/3-Irmao-Vento-22x32cm-Serigrafia.jpeg","contentUrl":"https:\/\/solardorosario.com.br\/galeria\/wp-content\/uploads\/2026\/03\/3-Irmao-Vento-22x32cm-Serigrafia.jpeg","width":951,"height":1280},{"@type":"BreadcrumbList","@id":"https:\/\/solardorosario.com.br\/galeria\/produto\/gilberto-mello-irmao-vento\/#breadcrumb","itemListElement":[{"@type":"ListItem","position":1,"name":"In\u00edcio","item":"https:\/\/solardorosario.com.br\/galeria\/"},{"@type":"ListItem","position":2,"name":"galeria","item":"https:\/\/solardorosario.com.br\/galeria\/galeria\/"},{"@type":"ListItem","position":3,"name":"Gilberto Mello - Irm\u00e3o Vento"}]},{"@type":"WebSite","@id":"https:\/\/solardorosario.com.br\/galeria\/#website","url":"https:\/\/solardorosario.com.br\/galeria\/","name":"Solar do Ros\u00e1rio Galeria \\\\\\\\Nova","description":"","potentialAction":[{"@type":"SearchAction","target":{"@type":"EntryPoint","urlTemplate":"https:\/\/solardorosario.com.br\/galeria\/?s={search_term_string}"},"query-input":{"@type":"PropertyValueSpecification","valueRequired":true,"valueName":"search_term_string"}}],"inLanguage":"pt-BR"}]}},"_links":{"self":[{"href":"https:\/\/solardorosario.com.br\/galeria\/wp-json\/wp\/v2\/product\/6952","targetHints":{"allow":["GET"]}}],"collection":[{"href":"https:\/\/solardorosario.com.br\/galeria\/wp-json\/wp\/v2\/product"}],"about":[{"href":"https:\/\/solardorosario.com.br\/galeria\/wp-json\/wp\/v2\/types\/product"}],"wp:featuredmedia":[{"embeddable":true,"href":"https:\/\/solardorosario.com.br\/galeria\/wp-json\/wp\/v2\/media\/6953"}],"wp:attachment":[{"href":"https:\/\/solardorosario.com.br\/galeria\/wp-json\/wp\/v2\/media?parent=6952"}],"wp:term":[{"taxonomy":"product_brand","embeddable":true,"href":"https:\/\/solardorosario.com.br\/galeria\/wp-json\/wp\/v2\/product_brand?post=6952"},{"taxonomy":"product_cat","embeddable":true,"href":"https:\/\/solardorosario.com.br\/galeria\/wp-json\/wp\/v2\/product_cat?post=6952"},{"taxonomy":"product_tag","embeddable":true,"href":"https:\/\/solardorosario.com.br\/galeria\/wp-json\/wp\/v2\/product_tag?post=6952"}],"curies":[{"name":"wp","href":"https:\/\/api.w.org\/{rel}","templated":true}]}}