{"id":6932,"date":"2026-03-10T15:06:20","date_gmt":"2026-03-10T18:06:20","guid":{"rendered":"https:\/\/solardorosario.com.br\/galeria\/?post_type=product&#038;p=6932"},"modified":"2026-03-10T15:20:29","modified_gmt":"2026-03-10T18:20:29","slug":"claudia-guimaraes-sem-titulo-2","status":"publish","type":"product","link":"https:\/\/solardorosario.com.br\/galeria\/produto\/claudia-guimaraes-sem-titulo-2\/","title":{"rendered":"Cl\u00e1udia Guimar\u00e3es - Sem t\u00edtulo (2)"},"content":{"rendered":"<p><strong>Artista:\u00a0<\/strong>Cl\u00e1udia Guimar\u00e3es<\/p>\n<p><strong>T\u00edtulo:\u00a0<\/strong>Sem t\u00edtulo (2)<\/p>\n<p><strong>Dimens\u00e3o:\u00a0<\/strong>28x38cm<\/p>\n<p><strong>T\u00e9cnica:\u00a0<\/strong>Gravura em metal (sem moldura)<\/p>\n<p>&nbsp;<\/p>\n<p>&nbsp;<\/p>\n<p>Cl\u00e1udia Guimar\u00e3es \u00e9 uma artista visual nascida em 1965, em Curitiba - Paran\u00e1. Sua forma\u00e7\u00e3o \u00e9 ecl\u00e9tica, com cursos de desenho nos museus Alfredo Andersen e Guido Viaro. Tamb\u00e9m fez curso de escultura com o artista Elvo Benito Damo no Centro de Criatividade de Curitiba, no Parque S\u00e3o Louren\u00e7o. Se formou no Superior de Pintura na Escola de M\u00fasica e Belas Artes do Paran\u00e1 (EMBAP). Em 2000, cursou a p\u00f3s-gradua\u00e7\u00e3o lato sensu em Especializa\u00e7\u00e3o em Cinema, pela Universidade Tuiuti do Paran\u00e1, em Curitiba. No mesmo per\u00edodo, estudou o curso avan\u00e7ado de Cinema, na Academia de Artes Cinematogr\u00e1ficas, al\u00e9m da Especializa\u00e7\u00e3o em Hist\u00f3ria da Arte do S\u00e9culo XX na EMBAP. Desde 1985 participa de exposi\u00e7\u00f5es coletivas como a Coletiva de Esculturas da EMBAP. Em 1987, participou da coletiva de artistas paranaenses na Saint Germain Des Pres. e tamb\u00e9m da Coletiva de Natal - Bico de Pena Espa\u00e7o de Arte, com as Galerias Casabranka e Contempor\u00e2nea. Fez parte de Sal\u00f5es de Arte, como o 4\u00ba Sal\u00e3o Universit\u00e1rio de Artes Pl\u00e1sticas - FURB, em Blumenau - Santa Catarina, do 3\u00ba Sal\u00e3o de Artes Pl\u00e1sticas do C\u00edrculo Militar do Paran\u00e1, o 1\u00ba Sal\u00e3o de Artes Pl\u00e1sticas \"Cidade Cora\u00e7\u00e3o\", em Guarapuava e tamb\u00e9m o 1\u00ba Sal\u00e3o Nacional Zumbi de Palmares, no Museu de Arte Moderna do Rio de Janeiro (MAM-RJ). Participou de mais de 20 mostras coletivas em Curitiba, Ponta Grossa, Antonina, Bahia, S\u00e3o Paulo, Tel\u00eamaco Borba, al\u00e9m de Jap\u00e3o, Chile e Espanha. Em 1996, participou do 53\u00ba Sal\u00e3o Paranaense, no Museu de Arte Contempor\u00e2nea do Paran\u00e1 (MAC-PR). Suas obras fazem parte de acervos particulares em Cuba, Chile, Curitiba, S\u00e3o Paulo, Porto Alegre e Tel\u00eamaco Borba. Ilustrou figuras em dois livros \"Artes Pl\u00e1sticas no Brasil, seu mercado, seus leil\u00f5es\" volume III, editado pela Inter\/Arte\/Brasil e \"Conversa de Mulher\", de Izza Zilli.<\/p>\n","protected":false},"excerpt":{"rendered":"<p>Artista:\u00a0Cl\u00e1udia Guimar\u00e3es T\u00edtulo:\u00a0Sem t\u00edtulo (2) Dimens\u00e3o:\u00a028x38cm T\u00e9cnica:\u00a0Gravura em metal (sem moldura) &nbsp; &nbsp; Cl\u00e1udia Guimar\u00e3es \u00e9 uma artista visual nascida em 1965, em Curitiba - Paran\u00e1. Sua forma\u00e7\u00e3o \u00e9 ecl\u00e9tica, com cursos de desenho nos museus Alfredo Andersen e Guido Viaro. Tamb\u00e9m fez curso de escultura com o artista Elvo Benito Damo no Centro de [&hellip;]<\/p>\n","protected":false},"featured_media":6933,"template":"","meta":[],"product_brand":[],"product_cat":[117],"product_tag":[],"class_list":{"0":"post-6932","1":"product","2":"type-product","3":"status-publish","4":"has-post-thumbnail","6":"product_cat-galeria","7":"pa_artista-claudia-guimaraes","8":"pa_estilo-figurativo","9":"pa_estilo-gravura","10":"pa_estilo-natureza-morta","11":"pa_tecnica-gravura-em-metal","13":"first","14":"instock","15":"shipping-taxable","16":"product-type-simple"},"yoast_head":"<!-- This site is optimized with the Yoast SEO plugin v27.6 - https:\/\/yoast.com\/product\/yoast-seo-wordpress\/ -->\n<title>Cl\u00e1udia Guimar\u00e3es - Sem t\u00edtulo (2) - Solar do Ros\u00e1rio Galeria \\\\\\\\Nova<\/title>\n<meta name=\"robots\" content=\"index, follow, max-snippet:-1, max-image-preview:large, max-video-preview:-1\" \/>\n<link rel=\"canonical\" href=\"https:\/\/solardorosario.com.br\/galeria\/produto\/claudia-guimaraes-sem-titulo-2\/\" \/>\n<meta property=\"og:locale\" content=\"pt_BR\" \/>\n<meta property=\"og:type\" content=\"article\" \/>\n<meta property=\"og:title\" content=\"Cl\u00e1udia Guimar\u00e3es - Sem t\u00edtulo (2) - Solar do Ros\u00e1rio Galeria \\\\\\\\Nova\" \/>\n<meta property=\"og:description\" content=\"Artista:\u00a0Cl\u00e1udia Guimar\u00e3es T\u00edtulo:\u00a0Sem t\u00edtulo (2) Dimens\u00e3o:\u00a028x38cm T\u00e9cnica:\u00a0Gravura em metal (sem moldura) &nbsp; &nbsp; Cl\u00e1udia Guimar\u00e3es \u00e9 uma artista visual nascida em 1965, em Curitiba - Paran\u00e1. Sua forma\u00e7\u00e3o \u00e9 ecl\u00e9tica, com cursos de desenho nos museus Alfredo Andersen e Guido Viaro. Tamb\u00e9m fez curso de escultura com o artista Elvo Benito Damo no Centro de [&hellip;]\" \/>\n<meta property=\"og:url\" content=\"https:\/\/solardorosario.com.br\/galeria\/produto\/claudia-guimaraes-sem-titulo-2\/\" \/>\n<meta property=\"og:site_name\" content=\"Solar do Ros\u00e1rio Galeria \\\\\\\\Nova\" \/>\n<meta property=\"article:modified_time\" content=\"2026-03-10T18:20:29+00:00\" \/>\n<meta property=\"og:image\" content=\"https:\/\/solardorosario.com.br\/galeria\/wp-content\/uploads\/2026\/03\/2-Sem-titulo-28x38cm-gravura-em-metal.jpeg\" \/>\n\t<meta property=\"og:image:width\" content=\"959\" \/>\n\t<meta property=\"og:image:height\" content=\"1280\" \/>\n\t<meta property=\"og:image:type\" content=\"image\/jpeg\" \/>\n<meta name=\"twitter:card\" content=\"summary_large_image\" \/>\n<meta name=\"twitter:label1\" content=\"Est. tempo de leitura\" \/>\n\t<meta name=\"twitter:data1\" content=\"2 minutos\" \/>\n<script type=\"application\/ld+json\" class=\"yoast-schema-graph\">{\"@context\":\"https:\\\/\\\/schema.org\",\"@graph\":[{\"@type\":\"WebPage\",\"@id\":\"https:\\\/\\\/solardorosario.com.br\\\/galeria\\\/produto\\\/claudia-guimaraes-sem-titulo-2\\\/\",\"url\":\"https:\\\/\\\/solardorosario.com.br\\\/galeria\\\/produto\\\/claudia-guimaraes-sem-titulo-2\\\/\",\"name\":\"Cl\u00e1udia Guimar\u00e3es - Sem t\u00edtulo (2) - Solar do Ros\u00e1rio Galeria \\\\\\\\\\\\\\\\Nova\",\"isPartOf\":{\"@id\":\"https:\\\/\\\/solardorosario.com.br\\\/galeria\\\/#website\"},\"primaryImageOfPage\":{\"@id\":\"https:\\\/\\\/solardorosario.com.br\\\/galeria\\\/produto\\\/claudia-guimaraes-sem-titulo-2\\\/#primaryimage\"},\"image\":{\"@id\":\"https:\\\/\\\/solardorosario.com.br\\\/galeria\\\/produto\\\/claudia-guimaraes-sem-titulo-2\\\/#primaryimage\"},\"thumbnailUrl\":\"https:\\\/\\\/solardorosario.com.br\\\/galeria\\\/wp-content\\\/uploads\\\/2026\\\/03\\\/2-Sem-titulo-28x38cm-gravura-em-metal.jpeg\",\"datePublished\":\"2026-03-10T18:06:20+00:00\",\"dateModified\":\"2026-03-10T18:20:29+00:00\",\"breadcrumb\":{\"@id\":\"https:\\\/\\\/solardorosario.com.br\\\/galeria\\\/produto\\\/claudia-guimaraes-sem-titulo-2\\\/#breadcrumb\"},\"inLanguage\":\"pt-BR\",\"potentialAction\":[{\"@type\":\"ReadAction\",\"target\":[\"https:\\\/\\\/solardorosario.com.br\\\/galeria\\\/produto\\\/claudia-guimaraes-sem-titulo-2\\\/\"]}]},{\"@type\":\"ImageObject\",\"inLanguage\":\"pt-BR\",\"@id\":\"https:\\\/\\\/solardorosario.com.br\\\/galeria\\\/produto\\\/claudia-guimaraes-sem-titulo-2\\\/#primaryimage\",\"url\":\"https:\\\/\\\/solardorosario.com.br\\\/galeria\\\/wp-content\\\/uploads\\\/2026\\\/03\\\/2-Sem-titulo-28x38cm-gravura-em-metal.jpeg\",\"contentUrl\":\"https:\\\/\\\/solardorosario.com.br\\\/galeria\\\/wp-content\\\/uploads\\\/2026\\\/03\\\/2-Sem-titulo-28x38cm-gravura-em-metal.jpeg\",\"width\":959,\"height\":1280},{\"@type\":\"BreadcrumbList\",\"@id\":\"https:\\\/\\\/solardorosario.com.br\\\/galeria\\\/produto\\\/claudia-guimaraes-sem-titulo-2\\\/#breadcrumb\",\"itemListElement\":[{\"@type\":\"ListItem\",\"position\":1,\"name\":\"In\u00edcio\",\"item\":\"https:\\\/\\\/solardorosario.com.br\\\/galeria\\\/\"},{\"@type\":\"ListItem\",\"position\":2,\"name\":\"galeria\",\"item\":\"https:\\\/\\\/solardorosario.com.br\\\/galeria\\\/galeria\\\/\"},{\"@type\":\"ListItem\",\"position\":3,\"name\":\"Cl\u00e1udia Guimar\u00e3es - Sem t\u00edtulo (2)\"}]},{\"@type\":\"WebSite\",\"@id\":\"https:\\\/\\\/solardorosario.com.br\\\/galeria\\\/#website\",\"url\":\"https:\\\/\\\/solardorosario.com.br\\\/galeria\\\/\",\"name\":\"Solar do Ros\u00e1rio Galeria \\\\\\\\\\\\\\\\Nova\",\"description\":\"\",\"potentialAction\":[{\"@type\":\"SearchAction\",\"target\":{\"@type\":\"EntryPoint\",\"urlTemplate\":\"https:\\\/\\\/solardorosario.com.br\\\/galeria\\\/?s={search_term_string}\"},\"query-input\":{\"@type\":\"PropertyValueSpecification\",\"valueRequired\":true,\"valueName\":\"search_term_string\"}}],\"inLanguage\":\"pt-BR\"}]}<\/script>\n<!-- \/ Yoast SEO plugin. -->","yoast_head_json":{"title":"Cl\u00e1udia Guimar\u00e3es - Sem t\u00edtulo (2) - Solar do Ros\u00e1rio Galeria \\\\\\\\Nova","robots":{"index":"index","follow":"follow","max-snippet":"max-snippet:-1","max-image-preview":"max-image-preview:large","max-video-preview":"max-video-preview:-1"},"canonical":"https:\/\/solardorosario.com.br\/galeria\/produto\/claudia-guimaraes-sem-titulo-2\/","og_locale":"pt_BR","og_type":"article","og_title":"Cl\u00e1udia Guimar\u00e3es - Sem t\u00edtulo (2) - Solar do Ros\u00e1rio Galeria \\\\\\\\Nova","og_description":"Artista:\u00a0Cl\u00e1udia Guimar\u00e3es T\u00edtulo:\u00a0Sem t\u00edtulo (2) Dimens\u00e3o:\u00a028x38cm T\u00e9cnica:\u00a0Gravura em metal (sem moldura) &nbsp; &nbsp; Cl\u00e1udia Guimar\u00e3es \u00e9 uma artista visual nascida em 1965, em Curitiba - Paran\u00e1. Sua forma\u00e7\u00e3o \u00e9 ecl\u00e9tica, com cursos de desenho nos museus Alfredo Andersen e Guido Viaro. Tamb\u00e9m fez curso de escultura com o artista Elvo Benito Damo no Centro de [&hellip;]","og_url":"https:\/\/solardorosario.com.br\/galeria\/produto\/claudia-guimaraes-sem-titulo-2\/","og_site_name":"Solar do Ros\u00e1rio Galeria \\\\\\\\Nova","article_modified_time":"2026-03-10T18:20:29+00:00","og_image":[{"width":959,"height":1280,"url":"https:\/\/solardorosario.com.br\/galeria\/wp-content\/uploads\/2026\/03\/2-Sem-titulo-28x38cm-gravura-em-metal.jpeg","type":"image\/jpeg"}],"twitter_card":"summary_large_image","twitter_misc":{"Est. tempo de leitura":"2 minutos"},"schema":{"@context":"https:\/\/schema.org","@graph":[{"@type":"WebPage","@id":"https:\/\/solardorosario.com.br\/galeria\/produto\/claudia-guimaraes-sem-titulo-2\/","url":"https:\/\/solardorosario.com.br\/galeria\/produto\/claudia-guimaraes-sem-titulo-2\/","name":"Cl\u00e1udia Guimar\u00e3es - Sem t\u00edtulo (2) - Solar do Ros\u00e1rio Galeria \\\\\\\\Nova","isPartOf":{"@id":"https:\/\/solardorosario.com.br\/galeria\/#website"},"primaryImageOfPage":{"@id":"https:\/\/solardorosario.com.br\/galeria\/produto\/claudia-guimaraes-sem-titulo-2\/#primaryimage"},"image":{"@id":"https:\/\/solardorosario.com.br\/galeria\/produto\/claudia-guimaraes-sem-titulo-2\/#primaryimage"},"thumbnailUrl":"https:\/\/solardorosario.com.br\/galeria\/wp-content\/uploads\/2026\/03\/2-Sem-titulo-28x38cm-gravura-em-metal.jpeg","datePublished":"2026-03-10T18:06:20+00:00","dateModified":"2026-03-10T18:20:29+00:00","breadcrumb":{"@id":"https:\/\/solardorosario.com.br\/galeria\/produto\/claudia-guimaraes-sem-titulo-2\/#breadcrumb"},"inLanguage":"pt-BR","potentialAction":[{"@type":"ReadAction","target":["https:\/\/solardorosario.com.br\/galeria\/produto\/claudia-guimaraes-sem-titulo-2\/"]}]},{"@type":"ImageObject","inLanguage":"pt-BR","@id":"https:\/\/solardorosario.com.br\/galeria\/produto\/claudia-guimaraes-sem-titulo-2\/#primaryimage","url":"https:\/\/solardorosario.com.br\/galeria\/wp-content\/uploads\/2026\/03\/2-Sem-titulo-28x38cm-gravura-em-metal.jpeg","contentUrl":"https:\/\/solardorosario.com.br\/galeria\/wp-content\/uploads\/2026\/03\/2-Sem-titulo-28x38cm-gravura-em-metal.jpeg","width":959,"height":1280},{"@type":"BreadcrumbList","@id":"https:\/\/solardorosario.com.br\/galeria\/produto\/claudia-guimaraes-sem-titulo-2\/#breadcrumb","itemListElement":[{"@type":"ListItem","position":1,"name":"In\u00edcio","item":"https:\/\/solardorosario.com.br\/galeria\/"},{"@type":"ListItem","position":2,"name":"galeria","item":"https:\/\/solardorosario.com.br\/galeria\/galeria\/"},{"@type":"ListItem","position":3,"name":"Cl\u00e1udia Guimar\u00e3es - Sem t\u00edtulo (2)"}]},{"@type":"WebSite","@id":"https:\/\/solardorosario.com.br\/galeria\/#website","url":"https:\/\/solardorosario.com.br\/galeria\/","name":"Solar do Ros\u00e1rio Galeria \\\\\\\\Nova","description":"","potentialAction":[{"@type":"SearchAction","target":{"@type":"EntryPoint","urlTemplate":"https:\/\/solardorosario.com.br\/galeria\/?s={search_term_string}"},"query-input":{"@type":"PropertyValueSpecification","valueRequired":true,"valueName":"search_term_string"}}],"inLanguage":"pt-BR"}]}},"_links":{"self":[{"href":"https:\/\/solardorosario.com.br\/galeria\/wp-json\/wp\/v2\/product\/6932","targetHints":{"allow":["GET"]}}],"collection":[{"href":"https:\/\/solardorosario.com.br\/galeria\/wp-json\/wp\/v2\/product"}],"about":[{"href":"https:\/\/solardorosario.com.br\/galeria\/wp-json\/wp\/v2\/types\/product"}],"wp:featuredmedia":[{"embeddable":true,"href":"https:\/\/solardorosario.com.br\/galeria\/wp-json\/wp\/v2\/media\/6933"}],"wp:attachment":[{"href":"https:\/\/solardorosario.com.br\/galeria\/wp-json\/wp\/v2\/media?parent=6932"}],"wp:term":[{"taxonomy":"product_brand","embeddable":true,"href":"https:\/\/solardorosario.com.br\/galeria\/wp-json\/wp\/v2\/product_brand?post=6932"},{"taxonomy":"product_cat","embeddable":true,"href":"https:\/\/solardorosario.com.br\/galeria\/wp-json\/wp\/v2\/product_cat?post=6932"},{"taxonomy":"product_tag","embeddable":true,"href":"https:\/\/solardorosario.com.br\/galeria\/wp-json\/wp\/v2\/product_tag?post=6932"}],"curies":[{"name":"wp","href":"https:\/\/api.w.org\/{rel}","templated":true}]}}