{"id":6924,"date":"2026-03-10T11:17:37","date_gmt":"2026-03-10T14:17:37","guid":{"rendered":"https:\/\/solardorosario.com.br\/galeria\/?post_type=product&#038;p=6924"},"modified":"2026-03-11T16:31:53","modified_gmt":"2026-03-11T19:31:53","slug":"virginia-de-paula-copos-de-leite","status":"publish","type":"product","link":"https:\/\/solardorosario.com.br\/galeria\/produto\/virginia-de-paula-copos-de-leite\/","title":{"rendered":"Virginia de Paula - Copos de Leite"},"content":{"rendered":"<p><strong>Artista: <\/strong>Virginia de Paula<\/p>\n<p><strong>T\u00edtulo:\u00a0<\/strong>Copos de Leite<\/p>\n<p><strong>Dimens\u00e3o:\u00a0<\/strong>50x35cm<\/p>\n<p><strong>T\u00e9cnica: <\/strong>Serigrafia (sem moldura)<\/p>\n<p>&nbsp;<\/p>\n<p>&nbsp;<\/p>\n<p>Virginia de Paula \u00e9 uma artista nascida em 08 de setembro de 1949, em Areado - Minas Gerais. Em 1964, estudou na Escola de Belas Artes Guignard, sob orienta\u00e7\u00e3o art\u00edstica de Nello Nuno, e em 1966 orientada por Inim\u00e1 de Paula. A partir de 1967, dez sua primeira exposi\u00e7\u00e3o individual, no tradicional Minas T\u00eanis Clube, em Belo Horizonte, na coletiva de artistas e jovens ciclo de confer\u00eancia e mostra de arte contempor\u00e2nea. Tamb\u00e9m foi nessa \u00e9poca que colaborou em exposi\u00e7\u00f5es coletivas, em Belo Horizonte, Bras\u00edlia, Juiz de Fora, S\u00e3o Paulo, Rio de Janeiro, Niter\u00f3i, Goi\u00e2nia, Londrina, Uberaba etc. Participou da coordena\u00e7\u00e3o de 3 Festivais de Inverno de Ouro Preto, em 1967, 1968 e 1969, inclusive fazendo especializa\u00e7\u00e3o em desenho e curso de xilogravuras. Em 1981, participou do Suplemento Liter\u00e1rio, como coordenadora de Artes Pl\u00e1sticas da Imprensa Oficial do Estado de Minas Gerais. Desde 1968 fez parte de sal\u00f5es de arte com direito \u00e0 premia\u00e7\u00f5es, como o Sal\u00e3o Nacional de Arte, em Belo Horizonte, que recebeu o pr\u00eamio aquisi\u00e7\u00e3o em 1968 e 1969, e tamb\u00e9m no mesmo ano o Sal\u00e3o Nacional de Artes Pl\u00e1sticas, com o pr\u00eamio Refer\u00eancia Especial. Em 1970, fez parte do IV Sal\u00e3o Nacional de Cultura Francesa. Em 1981, participou novamente do Sal\u00e3o Nacional de Arte.<\/p>\n<p>&nbsp;<\/p>\n","protected":false},"excerpt":{"rendered":"<p>Artista: Virginia de Paula T\u00edtulo:\u00a0Copos de Leite Dimens\u00e3o:\u00a050x35cm T\u00e9cnica: Serigrafia (sem moldura) &nbsp; &nbsp; Virginia de Paula \u00e9 uma artista nascida em 08 de setembro de 1949, em Areado - Minas Gerais. Em 1964, estudou na Escola de Belas Artes Guignard, sob orienta\u00e7\u00e3o art\u00edstica de Nello Nuno, e em 1966 orientada por Inim\u00e1 de Paula. [&hellip;]<\/p>\n","protected":false},"featured_media":6926,"template":"","meta":[],"product_brand":[],"product_cat":[117],"product_tag":[],"class_list":{"0":"post-6924","1":"product","2":"type-product","3":"status-publish","4":"has-post-thumbnail","6":"product_cat-galeria","7":"pa_artista-virginia-de-paula","8":"pa_estilo-figurativo","9":"pa_estilo-figurativo-paisagem","10":"pa_tecnica-serigrafia","12":"first","13":"instock","14":"shipping-taxable","15":"product-type-simple"},"yoast_head":"<!-- This site is optimized with the Yoast SEO plugin v27.6 - https:\/\/yoast.com\/product\/yoast-seo-wordpress\/ -->\n<title>Virginia de Paula - Copos de Leite - Solar do Ros\u00e1rio Galeria \\\\\\\\Nova<\/title>\n<meta name=\"robots\" content=\"index, follow, max-snippet:-1, max-image-preview:large, max-video-preview:-1\" \/>\n<link rel=\"canonical\" href=\"https:\/\/solardorosario.com.br\/galeria\/produto\/virginia-de-paula-copos-de-leite\/\" \/>\n<meta property=\"og:locale\" content=\"pt_BR\" \/>\n<meta property=\"og:type\" content=\"article\" \/>\n<meta property=\"og:title\" content=\"Virginia de Paula - Copos de Leite - Solar do Ros\u00e1rio Galeria \\\\\\\\Nova\" \/>\n<meta property=\"og:description\" content=\"Artista: Virginia de Paula T\u00edtulo:\u00a0Copos de Leite Dimens\u00e3o:\u00a050x35cm T\u00e9cnica: Serigrafia (sem moldura) &nbsp; &nbsp; Virginia de Paula \u00e9 uma artista nascida em 08 de setembro de 1949, em Areado - Minas Gerais. Em 1964, estudou na Escola de Belas Artes Guignard, sob orienta\u00e7\u00e3o art\u00edstica de Nello Nuno, e em 1966 orientada por Inim\u00e1 de Paula. [&hellip;]\" \/>\n<meta property=\"og:url\" content=\"https:\/\/solardorosario.com.br\/galeria\/produto\/virginia-de-paula-copos-de-leite\/\" \/>\n<meta property=\"og:site_name\" content=\"Solar do Ros\u00e1rio Galeria \\\\\\\\Nova\" \/>\n<meta property=\"article:modified_time\" content=\"2026-03-11T19:31:53+00:00\" \/>\n<meta property=\"og:image\" content=\"https:\/\/solardorosario.com.br\/galeria\/wp-content\/uploads\/2026\/03\/1-Copos-de-Leite-Serigrafia-50x35cm.jpeg\" \/>\n\t<meta property=\"og:image:width\" content=\"1280\" \/>\n\t<meta property=\"og:image:height\" content=\"888\" \/>\n\t<meta property=\"og:image:type\" content=\"image\/jpeg\" \/>\n<meta name=\"twitter:card\" content=\"summary_large_image\" \/>\n<meta name=\"twitter:label1\" content=\"Est. tempo de leitura\" \/>\n\t<meta name=\"twitter:data1\" content=\"2 minutos\" \/>\n<script type=\"application\/ld+json\" class=\"yoast-schema-graph\">{\"@context\":\"https:\\\/\\\/schema.org\",\"@graph\":[{\"@type\":\"WebPage\",\"@id\":\"https:\\\/\\\/solardorosario.com.br\\\/galeria\\\/produto\\\/virginia-de-paula-copos-de-leite\\\/\",\"url\":\"https:\\\/\\\/solardorosario.com.br\\\/galeria\\\/produto\\\/virginia-de-paula-copos-de-leite\\\/\",\"name\":\"Virginia de Paula - Copos de Leite - Solar do Ros\u00e1rio Galeria \\\\\\\\\\\\\\\\Nova\",\"isPartOf\":{\"@id\":\"https:\\\/\\\/solardorosario.com.br\\\/galeria\\\/#website\"},\"primaryImageOfPage\":{\"@id\":\"https:\\\/\\\/solardorosario.com.br\\\/galeria\\\/produto\\\/virginia-de-paula-copos-de-leite\\\/#primaryimage\"},\"image\":{\"@id\":\"https:\\\/\\\/solardorosario.com.br\\\/galeria\\\/produto\\\/virginia-de-paula-copos-de-leite\\\/#primaryimage\"},\"thumbnailUrl\":\"https:\\\/\\\/solardorosario.com.br\\\/galeria\\\/wp-content\\\/uploads\\\/2026\\\/03\\\/1-Copos-de-Leite-Serigrafia-50x35cm.jpeg\",\"datePublished\":\"2026-03-10T14:17:37+00:00\",\"dateModified\":\"2026-03-11T19:31:53+00:00\",\"breadcrumb\":{\"@id\":\"https:\\\/\\\/solardorosario.com.br\\\/galeria\\\/produto\\\/virginia-de-paula-copos-de-leite\\\/#breadcrumb\"},\"inLanguage\":\"pt-BR\",\"potentialAction\":[{\"@type\":\"ReadAction\",\"target\":[\"https:\\\/\\\/solardorosario.com.br\\\/galeria\\\/produto\\\/virginia-de-paula-copos-de-leite\\\/\"]}]},{\"@type\":\"ImageObject\",\"inLanguage\":\"pt-BR\",\"@id\":\"https:\\\/\\\/solardorosario.com.br\\\/galeria\\\/produto\\\/virginia-de-paula-copos-de-leite\\\/#primaryimage\",\"url\":\"https:\\\/\\\/solardorosario.com.br\\\/galeria\\\/wp-content\\\/uploads\\\/2026\\\/03\\\/1-Copos-de-Leite-Serigrafia-50x35cm.jpeg\",\"contentUrl\":\"https:\\\/\\\/solardorosario.com.br\\\/galeria\\\/wp-content\\\/uploads\\\/2026\\\/03\\\/1-Copos-de-Leite-Serigrafia-50x35cm.jpeg\",\"width\":1280,\"height\":888},{\"@type\":\"BreadcrumbList\",\"@id\":\"https:\\\/\\\/solardorosario.com.br\\\/galeria\\\/produto\\\/virginia-de-paula-copos-de-leite\\\/#breadcrumb\",\"itemListElement\":[{\"@type\":\"ListItem\",\"position\":1,\"name\":\"In\u00edcio\",\"item\":\"https:\\\/\\\/solardorosario.com.br\\\/galeria\\\/\"},{\"@type\":\"ListItem\",\"position\":2,\"name\":\"galeria\",\"item\":\"https:\\\/\\\/solardorosario.com.br\\\/galeria\\\/galeria\\\/\"},{\"@type\":\"ListItem\",\"position\":3,\"name\":\"Virginia de Paula - Copos de Leite\"}]},{\"@type\":\"WebSite\",\"@id\":\"https:\\\/\\\/solardorosario.com.br\\\/galeria\\\/#website\",\"url\":\"https:\\\/\\\/solardorosario.com.br\\\/galeria\\\/\",\"name\":\"Solar do Ros\u00e1rio Galeria \\\\\\\\\\\\\\\\Nova\",\"description\":\"\",\"potentialAction\":[{\"@type\":\"SearchAction\",\"target\":{\"@type\":\"EntryPoint\",\"urlTemplate\":\"https:\\\/\\\/solardorosario.com.br\\\/galeria\\\/?s={search_term_string}\"},\"query-input\":{\"@type\":\"PropertyValueSpecification\",\"valueRequired\":true,\"valueName\":\"search_term_string\"}}],\"inLanguage\":\"pt-BR\"}]}<\/script>\n<!-- \/ Yoast SEO plugin. -->","yoast_head_json":{"title":"Virginia de Paula - Copos de Leite - Solar do Ros\u00e1rio Galeria \\\\\\\\Nova","robots":{"index":"index","follow":"follow","max-snippet":"max-snippet:-1","max-image-preview":"max-image-preview:large","max-video-preview":"max-video-preview:-1"},"canonical":"https:\/\/solardorosario.com.br\/galeria\/produto\/virginia-de-paula-copos-de-leite\/","og_locale":"pt_BR","og_type":"article","og_title":"Virginia de Paula - Copos de Leite - Solar do Ros\u00e1rio Galeria \\\\\\\\Nova","og_description":"Artista: Virginia de Paula T\u00edtulo:\u00a0Copos de Leite Dimens\u00e3o:\u00a050x35cm T\u00e9cnica: Serigrafia (sem moldura) &nbsp; &nbsp; Virginia de Paula \u00e9 uma artista nascida em 08 de setembro de 1949, em Areado - Minas Gerais. Em 1964, estudou na Escola de Belas Artes Guignard, sob orienta\u00e7\u00e3o art\u00edstica de Nello Nuno, e em 1966 orientada por Inim\u00e1 de Paula. [&hellip;]","og_url":"https:\/\/solardorosario.com.br\/galeria\/produto\/virginia-de-paula-copos-de-leite\/","og_site_name":"Solar do Ros\u00e1rio Galeria \\\\\\\\Nova","article_modified_time":"2026-03-11T19:31:53+00:00","og_image":[{"width":1280,"height":888,"url":"https:\/\/solardorosario.com.br\/galeria\/wp-content\/uploads\/2026\/03\/1-Copos-de-Leite-Serigrafia-50x35cm.jpeg","type":"image\/jpeg"}],"twitter_card":"summary_large_image","twitter_misc":{"Est. tempo de leitura":"2 minutos"},"schema":{"@context":"https:\/\/schema.org","@graph":[{"@type":"WebPage","@id":"https:\/\/solardorosario.com.br\/galeria\/produto\/virginia-de-paula-copos-de-leite\/","url":"https:\/\/solardorosario.com.br\/galeria\/produto\/virginia-de-paula-copos-de-leite\/","name":"Virginia de Paula - Copos de Leite - Solar do Ros\u00e1rio Galeria \\\\\\\\Nova","isPartOf":{"@id":"https:\/\/solardorosario.com.br\/galeria\/#website"},"primaryImageOfPage":{"@id":"https:\/\/solardorosario.com.br\/galeria\/produto\/virginia-de-paula-copos-de-leite\/#primaryimage"},"image":{"@id":"https:\/\/solardorosario.com.br\/galeria\/produto\/virginia-de-paula-copos-de-leite\/#primaryimage"},"thumbnailUrl":"https:\/\/solardorosario.com.br\/galeria\/wp-content\/uploads\/2026\/03\/1-Copos-de-Leite-Serigrafia-50x35cm.jpeg","datePublished":"2026-03-10T14:17:37+00:00","dateModified":"2026-03-11T19:31:53+00:00","breadcrumb":{"@id":"https:\/\/solardorosario.com.br\/galeria\/produto\/virginia-de-paula-copos-de-leite\/#breadcrumb"},"inLanguage":"pt-BR","potentialAction":[{"@type":"ReadAction","target":["https:\/\/solardorosario.com.br\/galeria\/produto\/virginia-de-paula-copos-de-leite\/"]}]},{"@type":"ImageObject","inLanguage":"pt-BR","@id":"https:\/\/solardorosario.com.br\/galeria\/produto\/virginia-de-paula-copos-de-leite\/#primaryimage","url":"https:\/\/solardorosario.com.br\/galeria\/wp-content\/uploads\/2026\/03\/1-Copos-de-Leite-Serigrafia-50x35cm.jpeg","contentUrl":"https:\/\/solardorosario.com.br\/galeria\/wp-content\/uploads\/2026\/03\/1-Copos-de-Leite-Serigrafia-50x35cm.jpeg","width":1280,"height":888},{"@type":"BreadcrumbList","@id":"https:\/\/solardorosario.com.br\/galeria\/produto\/virginia-de-paula-copos-de-leite\/#breadcrumb","itemListElement":[{"@type":"ListItem","position":1,"name":"In\u00edcio","item":"https:\/\/solardorosario.com.br\/galeria\/"},{"@type":"ListItem","position":2,"name":"galeria","item":"https:\/\/solardorosario.com.br\/galeria\/galeria\/"},{"@type":"ListItem","position":3,"name":"Virginia de Paula - Copos de Leite"}]},{"@type":"WebSite","@id":"https:\/\/solardorosario.com.br\/galeria\/#website","url":"https:\/\/solardorosario.com.br\/galeria\/","name":"Solar do Ros\u00e1rio Galeria \\\\\\\\Nova","description":"","potentialAction":[{"@type":"SearchAction","target":{"@type":"EntryPoint","urlTemplate":"https:\/\/solardorosario.com.br\/galeria\/?s={search_term_string}"},"query-input":{"@type":"PropertyValueSpecification","valueRequired":true,"valueName":"search_term_string"}}],"inLanguage":"pt-BR"}]}},"_links":{"self":[{"href":"https:\/\/solardorosario.com.br\/galeria\/wp-json\/wp\/v2\/product\/6924","targetHints":{"allow":["GET"]}}],"collection":[{"href":"https:\/\/solardorosario.com.br\/galeria\/wp-json\/wp\/v2\/product"}],"about":[{"href":"https:\/\/solardorosario.com.br\/galeria\/wp-json\/wp\/v2\/types\/product"}],"wp:featuredmedia":[{"embeddable":true,"href":"https:\/\/solardorosario.com.br\/galeria\/wp-json\/wp\/v2\/media\/6926"}],"wp:attachment":[{"href":"https:\/\/solardorosario.com.br\/galeria\/wp-json\/wp\/v2\/media?parent=6924"}],"wp:term":[{"taxonomy":"product_brand","embeddable":true,"href":"https:\/\/solardorosario.com.br\/galeria\/wp-json\/wp\/v2\/product_brand?post=6924"},{"taxonomy":"product_cat","embeddable":true,"href":"https:\/\/solardorosario.com.br\/galeria\/wp-json\/wp\/v2\/product_cat?post=6924"},{"taxonomy":"product_tag","embeddable":true,"href":"https:\/\/solardorosario.com.br\/galeria\/wp-json\/wp\/v2\/product_tag?post=6924"}],"curies":[{"name":"wp","href":"https:\/\/api.w.org\/{rel}","templated":true}]}}