{"id":6894,"date":"2026-03-06T12:06:32","date_gmt":"2026-03-06T15:06:32","guid":{"rendered":"https:\/\/solardorosario.com.br\/galeria\/?post_type=product&#038;p=6894"},"modified":"2026-03-06T12:06:32","modified_gmt":"2026-03-06T15:06:32","slug":"antonio-mir-serie-palomas-e-bicicletas-10","status":"publish","type":"product","link":"https:\/\/solardorosario.com.br\/galeria\/produto\/antonio-mir-serie-palomas-e-bicicletas-10\/","title":{"rendered":"Ant\u00f4nio Mir - S\u00e9rie Palomas e Bicicletas (10)"},"content":{"rendered":"<p><strong>Artista:<\/strong>\u00a0Ant\u00f4nio Mir<\/p>\n<p><strong>T\u00edtulo:<\/strong> S\u00e9rie \"Palomas e Bicicletas\" (10)<\/p>\n<p><strong>Dimens\u00e3o:<\/strong>\u00a066x48cm<\/p>\n<p><strong>T\u00e9cnica:<\/strong>\u00a0Mista sobre papel (sem moldura)<\/p>\n<p>&nbsp;<\/p>\n<p>&nbsp;<\/p>\n<p>Ant\u00f4nio Mir (1950-2018) era um artista visual, pintor, escultor e gravador. Nascido em Lorca, na Espanha, em 1950. Com 8 anos de idade, se mudou para o Brasil com a fam\u00edlia, e se estabeleceram em Joinville - Santa Catarina. Em Curitiba, estudou Artes Pl\u00e1sticas na Escola de M\u00fasica e Belas Artes do Paran\u00e1, al\u00e9m de fazer xilogravura no Centro de Gravura do Paran\u00e1 e ter frequentado o ateli\u00ea de Nilo Previdi. Em Joinville, estabeleceu resid\u00eancia e um est\u00fadio. L\u00e1, atuou na cria\u00e7\u00e3o da Coletiva de Artistas e tamb\u00e9m do Museu de Arte de Joinville (MAJ). Come\u00e7ou a participar de exposi\u00e7\u00f5es em outras cidades e estados brasileiros, como o Sal\u00e3o de Artes Pl\u00e1sticas para Novos, em Curitiba, em 1967. Entre as d\u00e9cadas de 1970 e 1980, realizou v\u00e1rios murais para o Banco do Brasil, em Blumenau, Joinville e em Madrid. Aos 23 anos, foi convidado a participar da sua primeira Bienal, a Bienal Internacional de S\u00e3o Paulo, em 1973. Nos anos 1990, retornou a Espanha e abriu um ateli\u00ea, produzindo e aperfei\u00e7oando conhecimentos de pinturas e artes visuais. Nesse per\u00edodo, fez exposi\u00e7\u00f5es no Brasil e em outros pa\u00edses, como a Espanha, It\u00e1lia, Alemanha, Fran\u00e7a. Foi respons\u00e1vel pelo Memorial Binot Paulmier de Ganneville, com o projeto do Farol de Bombinhas (em SC), constru\u00eddo sob as \u00e1guas da Ba\u00eda de Babitonga, em S\u00e3o Francisco do Sul. Al\u00e9m disso, tamb\u00e9m um viaduto para recordar os 500 anos da chegada dos imigrantes europeus na cidade, em 2004. Em 2016, nas comemora\u00e7\u00f5es de 40 anos do MAJ, exp\u00f4s obras no museu. Faleceu no Vale do Itaja\u00ed, em 2018.<\/p>\n","protected":false},"excerpt":{"rendered":"<p>Artista:\u00a0Ant\u00f4nio Mir T\u00edtulo: S\u00e9rie \"Palomas e Bicicletas\" (10) Dimens\u00e3o:\u00a066x48cm T\u00e9cnica:\u00a0Mista sobre papel (sem moldura) &nbsp; &nbsp; Ant\u00f4nio Mir (1950-2018) era um artista visual, pintor, escultor e gravador. Nascido em Lorca, na Espanha, em 1950. Com 8 anos de idade, se mudou para o Brasil com a fam\u00edlia, e se estabeleceram em Joinville - Santa Catarina. [&hellip;]<\/p>\n","protected":false},"featured_media":6895,"template":"","meta":[],"product_brand":[],"product_cat":[117],"product_tag":[],"class_list":{"0":"post-6894","1":"product","2":"type-product","3":"status-publish","4":"has-post-thumbnail","6":"product_cat-galeria","7":"pa_artista-antonio-mir","8":"pa_estilo-figurativo","9":"pa_tecnica-mista-sobre-papel","11":"first","12":"instock","13":"shipping-taxable","14":"product-type-simple"},"yoast_head":"<!-- This site is optimized with the Yoast SEO plugin v27.4 - https:\/\/yoast.com\/product\/yoast-seo-wordpress\/ -->\n<title>Ant\u00f4nio Mir - S\u00e9rie Palomas e Bicicletas (10) - Solar do Ros\u00e1rio Galeria \\\\\\\\Nova<\/title>\n<meta name=\"robots\" content=\"index, follow, max-snippet:-1, max-image-preview:large, max-video-preview:-1\" \/>\n<link rel=\"canonical\" href=\"https:\/\/solardorosario.com.br\/galeria\/produto\/antonio-mir-serie-palomas-e-bicicletas-10\/\" \/>\n<meta property=\"og:locale\" content=\"pt_BR\" \/>\n<meta property=\"og:type\" content=\"article\" \/>\n<meta property=\"og:title\" content=\"Ant\u00f4nio Mir - S\u00e9rie Palomas e Bicicletas (10) - Solar do Ros\u00e1rio Galeria \\\\\\\\Nova\" \/>\n<meta property=\"og:description\" content=\"Artista:\u00a0Ant\u00f4nio Mir T\u00edtulo: S\u00e9rie &quot;Palomas e Bicicletas&quot; (10) Dimens\u00e3o:\u00a066x48cm T\u00e9cnica:\u00a0Mista sobre papel (sem moldura) &nbsp; &nbsp; Ant\u00f4nio Mir (1950-2018) era um artista visual, pintor, escultor e gravador. Nascido em Lorca, na Espanha, em 1950. Com 8 anos de idade, se mudou para o Brasil com a fam\u00edlia, e se estabeleceram em Joinville - Santa Catarina. [&hellip;]\" \/>\n<meta property=\"og:url\" content=\"https:\/\/solardorosario.com.br\/galeria\/produto\/antonio-mir-serie-palomas-e-bicicletas-10\/\" \/>\n<meta property=\"og:site_name\" content=\"Solar do Ros\u00e1rio Galeria \\\\\\\\Nova\" \/>\n<meta property=\"og:image\" content=\"https:\/\/solardorosario.com.br\/galeria\/wp-content\/uploads\/2026\/03\/10-Palomas-e-Bicicletas-66x48cm-mista-sobre-papel.jpeg\" \/>\n\t<meta property=\"og:image:width\" content=\"920\" \/>\n\t<meta property=\"og:image:height\" content=\"1280\" \/>\n\t<meta property=\"og:image:type\" content=\"image\/jpeg\" \/>\n<meta name=\"twitter:card\" content=\"summary_large_image\" \/>\n<meta name=\"twitter:label1\" content=\"Est. tempo de leitura\" \/>\n\t<meta name=\"twitter:data1\" content=\"2 minutos\" \/>\n<script type=\"application\/ld+json\" class=\"yoast-schema-graph\">{\"@context\":\"https:\\\/\\\/schema.org\",\"@graph\":[{\"@type\":\"WebPage\",\"@id\":\"https:\\\/\\\/solardorosario.com.br\\\/galeria\\\/produto\\\/antonio-mir-serie-palomas-e-bicicletas-10\\\/\",\"url\":\"https:\\\/\\\/solardorosario.com.br\\\/galeria\\\/produto\\\/antonio-mir-serie-palomas-e-bicicletas-10\\\/\",\"name\":\"Ant\u00f4nio Mir - S\u00e9rie Palomas e Bicicletas (10) - Solar do Ros\u00e1rio Galeria \\\\\\\\\\\\\\\\Nova\",\"isPartOf\":{\"@id\":\"https:\\\/\\\/solardorosario.com.br\\\/galeria\\\/#website\"},\"primaryImageOfPage\":{\"@id\":\"https:\\\/\\\/solardorosario.com.br\\\/galeria\\\/produto\\\/antonio-mir-serie-palomas-e-bicicletas-10\\\/#primaryimage\"},\"image\":{\"@id\":\"https:\\\/\\\/solardorosario.com.br\\\/galeria\\\/produto\\\/antonio-mir-serie-palomas-e-bicicletas-10\\\/#primaryimage\"},\"thumbnailUrl\":\"https:\\\/\\\/solardorosario.com.br\\\/galeria\\\/wp-content\\\/uploads\\\/2026\\\/03\\\/10-Palomas-e-Bicicletas-66x48cm-mista-sobre-papel.jpeg\",\"datePublished\":\"2026-03-06T15:06:32+00:00\",\"breadcrumb\":{\"@id\":\"https:\\\/\\\/solardorosario.com.br\\\/galeria\\\/produto\\\/antonio-mir-serie-palomas-e-bicicletas-10\\\/#breadcrumb\"},\"inLanguage\":\"pt-BR\",\"potentialAction\":[{\"@type\":\"ReadAction\",\"target\":[\"https:\\\/\\\/solardorosario.com.br\\\/galeria\\\/produto\\\/antonio-mir-serie-palomas-e-bicicletas-10\\\/\"]}]},{\"@type\":\"ImageObject\",\"inLanguage\":\"pt-BR\",\"@id\":\"https:\\\/\\\/solardorosario.com.br\\\/galeria\\\/produto\\\/antonio-mir-serie-palomas-e-bicicletas-10\\\/#primaryimage\",\"url\":\"https:\\\/\\\/solardorosario.com.br\\\/galeria\\\/wp-content\\\/uploads\\\/2026\\\/03\\\/10-Palomas-e-Bicicletas-66x48cm-mista-sobre-papel.jpeg\",\"contentUrl\":\"https:\\\/\\\/solardorosario.com.br\\\/galeria\\\/wp-content\\\/uploads\\\/2026\\\/03\\\/10-Palomas-e-Bicicletas-66x48cm-mista-sobre-papel.jpeg\",\"width\":920,\"height\":1280},{\"@type\":\"BreadcrumbList\",\"@id\":\"https:\\\/\\\/solardorosario.com.br\\\/galeria\\\/produto\\\/antonio-mir-serie-palomas-e-bicicletas-10\\\/#breadcrumb\",\"itemListElement\":[{\"@type\":\"ListItem\",\"position\":1,\"name\":\"In\u00edcio\",\"item\":\"https:\\\/\\\/solardorosario.com.br\\\/galeria\\\/\"},{\"@type\":\"ListItem\",\"position\":2,\"name\":\"galeria\",\"item\":\"https:\\\/\\\/solardorosario.com.br\\\/galeria\\\/galeria\\\/\"},{\"@type\":\"ListItem\",\"position\":3,\"name\":\"Ant\u00f4nio Mir - S\u00e9rie Palomas e Bicicletas (10)\"}]},{\"@type\":\"WebSite\",\"@id\":\"https:\\\/\\\/solardorosario.com.br\\\/galeria\\\/#website\",\"url\":\"https:\\\/\\\/solardorosario.com.br\\\/galeria\\\/\",\"name\":\"Solar do Ros\u00e1rio Galeria \\\\\\\\\\\\\\\\Nova\",\"description\":\"\",\"potentialAction\":[{\"@type\":\"SearchAction\",\"target\":{\"@type\":\"EntryPoint\",\"urlTemplate\":\"https:\\\/\\\/solardorosario.com.br\\\/galeria\\\/?s={search_term_string}\"},\"query-input\":{\"@type\":\"PropertyValueSpecification\",\"valueRequired\":true,\"valueName\":\"search_term_string\"}}],\"inLanguage\":\"pt-BR\"}]}<\/script>\n<!-- \/ Yoast SEO plugin. -->","yoast_head_json":{"title":"Ant\u00f4nio Mir - S\u00e9rie Palomas e Bicicletas (10) - Solar do Ros\u00e1rio Galeria \\\\\\\\Nova","robots":{"index":"index","follow":"follow","max-snippet":"max-snippet:-1","max-image-preview":"max-image-preview:large","max-video-preview":"max-video-preview:-1"},"canonical":"https:\/\/solardorosario.com.br\/galeria\/produto\/antonio-mir-serie-palomas-e-bicicletas-10\/","og_locale":"pt_BR","og_type":"article","og_title":"Ant\u00f4nio Mir - S\u00e9rie Palomas e Bicicletas (10) - Solar do Ros\u00e1rio Galeria \\\\\\\\Nova","og_description":"Artista:\u00a0Ant\u00f4nio Mir T\u00edtulo: S\u00e9rie \"Palomas e Bicicletas\" (10) Dimens\u00e3o:\u00a066x48cm T\u00e9cnica:\u00a0Mista sobre papel (sem moldura) &nbsp; &nbsp; Ant\u00f4nio Mir (1950-2018) era um artista visual, pintor, escultor e gravador. Nascido em Lorca, na Espanha, em 1950. Com 8 anos de idade, se mudou para o Brasil com a fam\u00edlia, e se estabeleceram em Joinville - Santa Catarina. [&hellip;]","og_url":"https:\/\/solardorosario.com.br\/galeria\/produto\/antonio-mir-serie-palomas-e-bicicletas-10\/","og_site_name":"Solar do Ros\u00e1rio Galeria \\\\\\\\Nova","og_image":[{"width":920,"height":1280,"url":"https:\/\/solardorosario.com.br\/galeria\/wp-content\/uploads\/2026\/03\/10-Palomas-e-Bicicletas-66x48cm-mista-sobre-papel.jpeg","type":"image\/jpeg"}],"twitter_card":"summary_large_image","twitter_misc":{"Est. tempo de leitura":"2 minutos"},"schema":{"@context":"https:\/\/schema.org","@graph":[{"@type":"WebPage","@id":"https:\/\/solardorosario.com.br\/galeria\/produto\/antonio-mir-serie-palomas-e-bicicletas-10\/","url":"https:\/\/solardorosario.com.br\/galeria\/produto\/antonio-mir-serie-palomas-e-bicicletas-10\/","name":"Ant\u00f4nio Mir - S\u00e9rie Palomas e Bicicletas (10) - Solar do Ros\u00e1rio Galeria \\\\\\\\Nova","isPartOf":{"@id":"https:\/\/solardorosario.com.br\/galeria\/#website"},"primaryImageOfPage":{"@id":"https:\/\/solardorosario.com.br\/galeria\/produto\/antonio-mir-serie-palomas-e-bicicletas-10\/#primaryimage"},"image":{"@id":"https:\/\/solardorosario.com.br\/galeria\/produto\/antonio-mir-serie-palomas-e-bicicletas-10\/#primaryimage"},"thumbnailUrl":"https:\/\/solardorosario.com.br\/galeria\/wp-content\/uploads\/2026\/03\/10-Palomas-e-Bicicletas-66x48cm-mista-sobre-papel.jpeg","datePublished":"2026-03-06T15:06:32+00:00","breadcrumb":{"@id":"https:\/\/solardorosario.com.br\/galeria\/produto\/antonio-mir-serie-palomas-e-bicicletas-10\/#breadcrumb"},"inLanguage":"pt-BR","potentialAction":[{"@type":"ReadAction","target":["https:\/\/solardorosario.com.br\/galeria\/produto\/antonio-mir-serie-palomas-e-bicicletas-10\/"]}]},{"@type":"ImageObject","inLanguage":"pt-BR","@id":"https:\/\/solardorosario.com.br\/galeria\/produto\/antonio-mir-serie-palomas-e-bicicletas-10\/#primaryimage","url":"https:\/\/solardorosario.com.br\/galeria\/wp-content\/uploads\/2026\/03\/10-Palomas-e-Bicicletas-66x48cm-mista-sobre-papel.jpeg","contentUrl":"https:\/\/solardorosario.com.br\/galeria\/wp-content\/uploads\/2026\/03\/10-Palomas-e-Bicicletas-66x48cm-mista-sobre-papel.jpeg","width":920,"height":1280},{"@type":"BreadcrumbList","@id":"https:\/\/solardorosario.com.br\/galeria\/produto\/antonio-mir-serie-palomas-e-bicicletas-10\/#breadcrumb","itemListElement":[{"@type":"ListItem","position":1,"name":"In\u00edcio","item":"https:\/\/solardorosario.com.br\/galeria\/"},{"@type":"ListItem","position":2,"name":"galeria","item":"https:\/\/solardorosario.com.br\/galeria\/galeria\/"},{"@type":"ListItem","position":3,"name":"Ant\u00f4nio Mir - S\u00e9rie Palomas e Bicicletas (10)"}]},{"@type":"WebSite","@id":"https:\/\/solardorosario.com.br\/galeria\/#website","url":"https:\/\/solardorosario.com.br\/galeria\/","name":"Solar do Ros\u00e1rio Galeria \\\\\\\\Nova","description":"","potentialAction":[{"@type":"SearchAction","target":{"@type":"EntryPoint","urlTemplate":"https:\/\/solardorosario.com.br\/galeria\/?s={search_term_string}"},"query-input":{"@type":"PropertyValueSpecification","valueRequired":true,"valueName":"search_term_string"}}],"inLanguage":"pt-BR"}]}},"_links":{"self":[{"href":"https:\/\/solardorosario.com.br\/galeria\/wp-json\/wp\/v2\/product\/6894","targetHints":{"allow":["GET"]}}],"collection":[{"href":"https:\/\/solardorosario.com.br\/galeria\/wp-json\/wp\/v2\/product"}],"about":[{"href":"https:\/\/solardorosario.com.br\/galeria\/wp-json\/wp\/v2\/types\/product"}],"wp:featuredmedia":[{"embeddable":true,"href":"https:\/\/solardorosario.com.br\/galeria\/wp-json\/wp\/v2\/media\/6895"}],"wp:attachment":[{"href":"https:\/\/solardorosario.com.br\/galeria\/wp-json\/wp\/v2\/media?parent=6894"}],"wp:term":[{"taxonomy":"product_brand","embeddable":true,"href":"https:\/\/solardorosario.com.br\/galeria\/wp-json\/wp\/v2\/product_brand?post=6894"},{"taxonomy":"product_cat","embeddable":true,"href":"https:\/\/solardorosario.com.br\/galeria\/wp-json\/wp\/v2\/product_cat?post=6894"},{"taxonomy":"product_tag","embeddable":true,"href":"https:\/\/solardorosario.com.br\/galeria\/wp-json\/wp\/v2\/product_tag?post=6894"}],"curies":[{"name":"wp","href":"https:\/\/api.w.org\/{rel}","templated":true}]}}