{"id":6876,"date":"2026-02-27T10:44:52","date_gmt":"2026-02-27T13:44:52","guid":{"rendered":"https:\/\/solardorosario.com.br\/galeria\/?post_type=product&#038;p=6876"},"modified":"2026-02-27T10:44:52","modified_gmt":"2026-02-27T13:44:52","slug":"jose-eleoterio-neto-sem-titulo","status":"publish","type":"product","link":"https:\/\/solardorosario.com.br\/galeria\/produto\/jose-eleoterio-neto-sem-titulo\/","title":{"rendered":"Jos\u00e9 Eleot\u00e9rio Neto - Sem t\u00edtulo"},"content":{"rendered":"<p><strong>Artista:<\/strong> Jos\u00e9 Eleot\u00e9rio Neto<\/p>\n<p><strong>T\u00edtulo:<\/strong> Sem t\u00edtulo<\/p>\n<p><strong>Dimens\u00e3o:<\/strong> 66x32cm<\/p>\n<p><strong>T\u00e9cnica:<\/strong> Serigrafia (sem moldura)<\/p>\n<p>&nbsp;<\/p>\n<p>&nbsp;<\/p>\n<p>Jos\u00e9 Eleot\u00e9rio Neto \u00e9 formado em Desenho Industrial com especializa\u00e7\u00e3o em Programa\u00e7\u00e3o Visual pela UNOPAR - Universidade do Norte do Paran\u00e1, em Londrina. Em 1991, participou do 1\u00ba Encontro dos Estudantes de Design, em Curitiba, Paran\u00e1. No mesmo ano, participou do Estudo e T\u00e9cnicas da Arte na Bauhus Studio de Artes, em Londrina. Em 1997, foi para a It\u00e1lia, onde fez curso de M\u00fasica e Cinema, na Torre di Babele, em Roma e Hist\u00f3ria da Arte \"Grega e Romana\" Dante Alighieri, na regi\u00e3o da Cal\u00e1bria. Em 1993 recebeu o 2\u00ba lugar na premia\u00e7\u00e3o de Cartaz divulgador do curso de Dan\u00e7a da UNOPAR. Em 1996, recebeu a medalha de prata pela The Association of Incentive Marketing (AIM) pela campanha \"De olho em voc\u00ea\", para a BS Continental, em Chicago, Estados Unidos.<\/p>\n","protected":false},"excerpt":{"rendered":"<p>Artista: Jos\u00e9 Eleot\u00e9rio Neto T\u00edtulo: Sem t\u00edtulo Dimens\u00e3o: 66x32cm T\u00e9cnica: Serigrafia (sem moldura) &nbsp; &nbsp; Jos\u00e9 Eleot\u00e9rio Neto \u00e9 formado em Desenho Industrial com especializa\u00e7\u00e3o em Programa\u00e7\u00e3o Visual pela UNOPAR - Universidade do Norte do Paran\u00e1, em Londrina. Em 1991, participou do 1\u00ba Encontro dos Estudantes de Design, em Curitiba, Paran\u00e1. No mesmo ano, participou [&hellip;]<\/p>\n","protected":false},"featured_media":6877,"template":"","meta":[],"product_brand":[],"product_cat":[117],"product_tag":[],"class_list":{"0":"post-6876","1":"product","2":"type-product","3":"status-publish","4":"has-post-thumbnail","6":"product_cat-galeria","7":"pa_artista-jose-eleoterio-neto","8":"pa_estilo-abstrato","9":"pa_tecnica-serigrafia","11":"first","12":"instock","13":"shipping-taxable","14":"purchasable","15":"product-type-simple"},"yoast_head":"<!-- This site is optimized with the Yoast SEO plugin v27.4 - https:\/\/yoast.com\/product\/yoast-seo-wordpress\/ -->\n<title>Jos\u00e9 Eleot\u00e9rio Neto - Sem t\u00edtulo - Solar do Ros\u00e1rio Galeria \\\\\\\\Nova<\/title>\n<meta name=\"robots\" content=\"index, follow, max-snippet:-1, max-image-preview:large, max-video-preview:-1\" \/>\n<link rel=\"canonical\" href=\"https:\/\/solardorosario.com.br\/galeria\/produto\/jose-eleoterio-neto-sem-titulo\/\" \/>\n<meta property=\"og:locale\" content=\"pt_BR\" \/>\n<meta property=\"og:type\" content=\"article\" \/>\n<meta property=\"og:title\" content=\"Jos\u00e9 Eleot\u00e9rio Neto - Sem t\u00edtulo - Solar do Ros\u00e1rio Galeria \\\\\\\\Nova\" \/>\n<meta property=\"og:description\" content=\"Artista: Jos\u00e9 Eleot\u00e9rio Neto T\u00edtulo: Sem t\u00edtulo Dimens\u00e3o: 66x32cm T\u00e9cnica: Serigrafia (sem moldura) &nbsp; &nbsp; Jos\u00e9 Eleot\u00e9rio Neto \u00e9 formado em Desenho Industrial com especializa\u00e7\u00e3o em Programa\u00e7\u00e3o Visual pela UNOPAR - Universidade do Norte do Paran\u00e1, em Londrina. Em 1991, participou do 1\u00ba Encontro dos Estudantes de Design, em Curitiba, Paran\u00e1. No mesmo ano, participou [&hellip;]\" \/>\n<meta property=\"og:url\" content=\"https:\/\/solardorosario.com.br\/galeria\/produto\/jose-eleoterio-neto-sem-titulo\/\" \/>\n<meta property=\"og:site_name\" content=\"Solar do Ros\u00e1rio Galeria \\\\\\\\Nova\" \/>\n<meta property=\"og:image\" content=\"https:\/\/solardorosario.com.br\/galeria\/wp-content\/uploads\/2026\/02\/1-Jose-Eleoterio-Neto-Sem-titulo-66x32cm-gravura.jpeg\" \/>\n\t<meta property=\"og:image:width\" content=\"1280\" \/>\n\t<meta property=\"og:image:height\" content=\"619\" \/>\n\t<meta property=\"og:image:type\" content=\"image\/jpeg\" \/>\n<meta name=\"twitter:card\" content=\"summary_large_image\" \/>\n<meta name=\"twitter:label1\" content=\"Est. tempo de leitura\" \/>\n\t<meta name=\"twitter:data1\" content=\"1 minuto\" \/>\n<script type=\"application\/ld+json\" class=\"yoast-schema-graph\">{\"@context\":\"https:\\\/\\\/schema.org\",\"@graph\":[{\"@type\":\"WebPage\",\"@id\":\"https:\\\/\\\/solardorosario.com.br\\\/galeria\\\/produto\\\/jose-eleoterio-neto-sem-titulo\\\/\",\"url\":\"https:\\\/\\\/solardorosario.com.br\\\/galeria\\\/produto\\\/jose-eleoterio-neto-sem-titulo\\\/\",\"name\":\"Jos\u00e9 Eleot\u00e9rio Neto - Sem t\u00edtulo - Solar do Ros\u00e1rio Galeria \\\\\\\\\\\\\\\\Nova\",\"isPartOf\":{\"@id\":\"https:\\\/\\\/solardorosario.com.br\\\/galeria\\\/#website\"},\"primaryImageOfPage\":{\"@id\":\"https:\\\/\\\/solardorosario.com.br\\\/galeria\\\/produto\\\/jose-eleoterio-neto-sem-titulo\\\/#primaryimage\"},\"image\":{\"@id\":\"https:\\\/\\\/solardorosario.com.br\\\/galeria\\\/produto\\\/jose-eleoterio-neto-sem-titulo\\\/#primaryimage\"},\"thumbnailUrl\":\"https:\\\/\\\/solardorosario.com.br\\\/galeria\\\/wp-content\\\/uploads\\\/2026\\\/02\\\/1-Jose-Eleoterio-Neto-Sem-titulo-66x32cm-gravura.jpeg\",\"datePublished\":\"2026-02-27T13:44:52+00:00\",\"breadcrumb\":{\"@id\":\"https:\\\/\\\/solardorosario.com.br\\\/galeria\\\/produto\\\/jose-eleoterio-neto-sem-titulo\\\/#breadcrumb\"},\"inLanguage\":\"pt-BR\",\"potentialAction\":[{\"@type\":\"ReadAction\",\"target\":[\"https:\\\/\\\/solardorosario.com.br\\\/galeria\\\/produto\\\/jose-eleoterio-neto-sem-titulo\\\/\"]}]},{\"@type\":\"ImageObject\",\"inLanguage\":\"pt-BR\",\"@id\":\"https:\\\/\\\/solardorosario.com.br\\\/galeria\\\/produto\\\/jose-eleoterio-neto-sem-titulo\\\/#primaryimage\",\"url\":\"https:\\\/\\\/solardorosario.com.br\\\/galeria\\\/wp-content\\\/uploads\\\/2026\\\/02\\\/1-Jose-Eleoterio-Neto-Sem-titulo-66x32cm-gravura.jpeg\",\"contentUrl\":\"https:\\\/\\\/solardorosario.com.br\\\/galeria\\\/wp-content\\\/uploads\\\/2026\\\/02\\\/1-Jose-Eleoterio-Neto-Sem-titulo-66x32cm-gravura.jpeg\",\"width\":1280,\"height\":619},{\"@type\":\"BreadcrumbList\",\"@id\":\"https:\\\/\\\/solardorosario.com.br\\\/galeria\\\/produto\\\/jose-eleoterio-neto-sem-titulo\\\/#breadcrumb\",\"itemListElement\":[{\"@type\":\"ListItem\",\"position\":1,\"name\":\"In\u00edcio\",\"item\":\"https:\\\/\\\/solardorosario.com.br\\\/galeria\\\/\"},{\"@type\":\"ListItem\",\"position\":2,\"name\":\"galeria\",\"item\":\"https:\\\/\\\/solardorosario.com.br\\\/galeria\\\/galeria\\\/\"},{\"@type\":\"ListItem\",\"position\":3,\"name\":\"Jos\u00e9 Eleot\u00e9rio Neto - Sem t\u00edtulo\"}]},{\"@type\":\"WebSite\",\"@id\":\"https:\\\/\\\/solardorosario.com.br\\\/galeria\\\/#website\",\"url\":\"https:\\\/\\\/solardorosario.com.br\\\/galeria\\\/\",\"name\":\"Solar do Ros\u00e1rio Galeria \\\\\\\\\\\\\\\\Nova\",\"description\":\"\",\"potentialAction\":[{\"@type\":\"SearchAction\",\"target\":{\"@type\":\"EntryPoint\",\"urlTemplate\":\"https:\\\/\\\/solardorosario.com.br\\\/galeria\\\/?s={search_term_string}\"},\"query-input\":{\"@type\":\"PropertyValueSpecification\",\"valueRequired\":true,\"valueName\":\"search_term_string\"}}],\"inLanguage\":\"pt-BR\"}]}<\/script>\n<!-- \/ Yoast SEO plugin. -->","yoast_head_json":{"title":"Jos\u00e9 Eleot\u00e9rio Neto - Sem t\u00edtulo - Solar do Ros\u00e1rio Galeria \\\\\\\\Nova","robots":{"index":"index","follow":"follow","max-snippet":"max-snippet:-1","max-image-preview":"max-image-preview:large","max-video-preview":"max-video-preview:-1"},"canonical":"https:\/\/solardorosario.com.br\/galeria\/produto\/jose-eleoterio-neto-sem-titulo\/","og_locale":"pt_BR","og_type":"article","og_title":"Jos\u00e9 Eleot\u00e9rio Neto - Sem t\u00edtulo - Solar do Ros\u00e1rio Galeria \\\\\\\\Nova","og_description":"Artista: Jos\u00e9 Eleot\u00e9rio Neto T\u00edtulo: Sem t\u00edtulo Dimens\u00e3o: 66x32cm T\u00e9cnica: Serigrafia (sem moldura) &nbsp; &nbsp; Jos\u00e9 Eleot\u00e9rio Neto \u00e9 formado em Desenho Industrial com especializa\u00e7\u00e3o em Programa\u00e7\u00e3o Visual pela UNOPAR - Universidade do Norte do Paran\u00e1, em Londrina. Em 1991, participou do 1\u00ba Encontro dos Estudantes de Design, em Curitiba, Paran\u00e1. No mesmo ano, participou [&hellip;]","og_url":"https:\/\/solardorosario.com.br\/galeria\/produto\/jose-eleoterio-neto-sem-titulo\/","og_site_name":"Solar do Ros\u00e1rio Galeria \\\\\\\\Nova","og_image":[{"width":1280,"height":619,"url":"https:\/\/solardorosario.com.br\/galeria\/wp-content\/uploads\/2026\/02\/1-Jose-Eleoterio-Neto-Sem-titulo-66x32cm-gravura.jpeg","type":"image\/jpeg"}],"twitter_card":"summary_large_image","twitter_misc":{"Est. tempo de leitura":"1 minuto"},"schema":{"@context":"https:\/\/schema.org","@graph":[{"@type":"WebPage","@id":"https:\/\/solardorosario.com.br\/galeria\/produto\/jose-eleoterio-neto-sem-titulo\/","url":"https:\/\/solardorosario.com.br\/galeria\/produto\/jose-eleoterio-neto-sem-titulo\/","name":"Jos\u00e9 Eleot\u00e9rio Neto - Sem t\u00edtulo - Solar do Ros\u00e1rio Galeria \\\\\\\\Nova","isPartOf":{"@id":"https:\/\/solardorosario.com.br\/galeria\/#website"},"primaryImageOfPage":{"@id":"https:\/\/solardorosario.com.br\/galeria\/produto\/jose-eleoterio-neto-sem-titulo\/#primaryimage"},"image":{"@id":"https:\/\/solardorosario.com.br\/galeria\/produto\/jose-eleoterio-neto-sem-titulo\/#primaryimage"},"thumbnailUrl":"https:\/\/solardorosario.com.br\/galeria\/wp-content\/uploads\/2026\/02\/1-Jose-Eleoterio-Neto-Sem-titulo-66x32cm-gravura.jpeg","datePublished":"2026-02-27T13:44:52+00:00","breadcrumb":{"@id":"https:\/\/solardorosario.com.br\/galeria\/produto\/jose-eleoterio-neto-sem-titulo\/#breadcrumb"},"inLanguage":"pt-BR","potentialAction":[{"@type":"ReadAction","target":["https:\/\/solardorosario.com.br\/galeria\/produto\/jose-eleoterio-neto-sem-titulo\/"]}]},{"@type":"ImageObject","inLanguage":"pt-BR","@id":"https:\/\/solardorosario.com.br\/galeria\/produto\/jose-eleoterio-neto-sem-titulo\/#primaryimage","url":"https:\/\/solardorosario.com.br\/galeria\/wp-content\/uploads\/2026\/02\/1-Jose-Eleoterio-Neto-Sem-titulo-66x32cm-gravura.jpeg","contentUrl":"https:\/\/solardorosario.com.br\/galeria\/wp-content\/uploads\/2026\/02\/1-Jose-Eleoterio-Neto-Sem-titulo-66x32cm-gravura.jpeg","width":1280,"height":619},{"@type":"BreadcrumbList","@id":"https:\/\/solardorosario.com.br\/galeria\/produto\/jose-eleoterio-neto-sem-titulo\/#breadcrumb","itemListElement":[{"@type":"ListItem","position":1,"name":"In\u00edcio","item":"https:\/\/solardorosario.com.br\/galeria\/"},{"@type":"ListItem","position":2,"name":"galeria","item":"https:\/\/solardorosario.com.br\/galeria\/galeria\/"},{"@type":"ListItem","position":3,"name":"Jos\u00e9 Eleot\u00e9rio Neto - Sem t\u00edtulo"}]},{"@type":"WebSite","@id":"https:\/\/solardorosario.com.br\/galeria\/#website","url":"https:\/\/solardorosario.com.br\/galeria\/","name":"Solar do Ros\u00e1rio Galeria \\\\\\\\Nova","description":"","potentialAction":[{"@type":"SearchAction","target":{"@type":"EntryPoint","urlTemplate":"https:\/\/solardorosario.com.br\/galeria\/?s={search_term_string}"},"query-input":{"@type":"PropertyValueSpecification","valueRequired":true,"valueName":"search_term_string"}}],"inLanguage":"pt-BR"}]}},"_links":{"self":[{"href":"https:\/\/solardorosario.com.br\/galeria\/wp-json\/wp\/v2\/product\/6876","targetHints":{"allow":["GET"]}}],"collection":[{"href":"https:\/\/solardorosario.com.br\/galeria\/wp-json\/wp\/v2\/product"}],"about":[{"href":"https:\/\/solardorosario.com.br\/galeria\/wp-json\/wp\/v2\/types\/product"}],"wp:featuredmedia":[{"embeddable":true,"href":"https:\/\/solardorosario.com.br\/galeria\/wp-json\/wp\/v2\/media\/6877"}],"wp:attachment":[{"href":"https:\/\/solardorosario.com.br\/galeria\/wp-json\/wp\/v2\/media?parent=6876"}],"wp:term":[{"taxonomy":"product_brand","embeddable":true,"href":"https:\/\/solardorosario.com.br\/galeria\/wp-json\/wp\/v2\/product_brand?post=6876"},{"taxonomy":"product_cat","embeddable":true,"href":"https:\/\/solardorosario.com.br\/galeria\/wp-json\/wp\/v2\/product_cat?post=6876"},{"taxonomy":"product_tag","embeddable":true,"href":"https:\/\/solardorosario.com.br\/galeria\/wp-json\/wp\/v2\/product_tag?post=6876"}],"curies":[{"name":"wp","href":"https:\/\/api.w.org\/{rel}","templated":true}]}}