{"id":6852,"date":"2026-02-19T16:10:37","date_gmt":"2026-02-19T19:10:37","guid":{"rendered":"https:\/\/solardorosario.com.br\/galeria\/?post_type=product&#038;p=6852"},"modified":"2026-02-19T16:10:37","modified_gmt":"2026-02-19T19:10:37","slug":"jose-paulo-da-fonseca-abstrato-sem-moldura","status":"publish","type":"product","link":"https:\/\/solardorosario.com.br\/galeria\/produto\/jose-paulo-da-fonseca-abstrato-sem-moldura\/","title":{"rendered":"Jos\u00e9 Paulo da Fonseca - Abstrato (sem moldura)"},"content":{"rendered":"<p><strong>Artista:<\/strong>\u00a0Jos\u00e9 Paulo da Fonseca<\/p>\n<p><strong>T\u00edtulo:<\/strong>\u00a0Abstrato<\/p>\n<p><strong>Dimens\u00e3o:<\/strong>\u00a070x70cm<\/p>\n<p><strong>T\u00e9cnica:<\/strong> Serigrafia (SEM moldura)<\/p>\n<p>&nbsp;<\/p>\n<p>&nbsp;<\/p>\n<p>Jos\u00e9 Paulo Moreira Da Fonseca (1922-2004) nasceu no Rio de Janeiro - RJ. Era pintor autodidata, teatr\u00f3logo, poeta e artista visual. Era formado em direito pela Pontif\u00edcia Universidade Cat\u00f3lica do Rio de Janeiro, em 1945 e em filosofia em 1948. Fez parte da gera\u00e7\u00e3o de 1945, no Rio de Janeiro e se inspirava nos artistas impressionistas. Em suas obras, trazia elementos da arquitetura colonial, como as portas e janelas detalhadas, que s\u00e3o finalizadas com o mar atr\u00e1s. Entre 1957 a 1959 exp\u00f4s pela primeira vez, no Sal\u00e3o Nacional de Arte Moderna, no Rio. Como escritor, recebeu o Pr\u00eamio Gra\u00e7a Aranha, em 1958 e no ano seguinte o Pr\u00eamio Jabuti. Em 1965, participa de uma exposi\u00e7\u00e3o coletiva internacional, com mostras no Egito, L\u00edbano e Israel. Em 1966, a exposi\u00e7\u00e3o vai para B\u00e9lgica, Alemanha, Gr\u00e9cia e Rep\u00fablica Tcheca. Suas obras fazem parte de acervos particulares como no Museu de Arte Moderna de Jerusal\u00e9m, Museu Real de Arte de Bruxelas, al\u00e9m do Museu de Olinda, Pernambuco, Museu Nacional de Belas Artes, no Rio de Janeiro e na Funda\u00e7\u00e3o Armando \u00c1lvares Penteado, em S\u00e3o Paulo.<\/p>\n","protected":false},"excerpt":{"rendered":"<p>Artista:\u00a0Jos\u00e9 Paulo da Fonseca T\u00edtulo:\u00a0Abstrato Dimens\u00e3o:\u00a070x70cm T\u00e9cnica: Serigrafia (SEM moldura) &nbsp; &nbsp; Jos\u00e9 Paulo Moreira Da Fonseca (1922-2004) nasceu no Rio de Janeiro - RJ. Era pintor autodidata, teatr\u00f3logo, poeta e artista visual. Era formado em direito pela Pontif\u00edcia Universidade Cat\u00f3lica do Rio de Janeiro, em 1945 e em filosofia em 1948. Fez parte da [&hellip;]<\/p>\n","protected":false},"featured_media":6854,"template":"","meta":[],"product_brand":[],"product_cat":[117],"product_tag":[],"class_list":{"0":"post-6852","1":"product","2":"type-product","3":"status-publish","4":"has-post-thumbnail","6":"product_cat-galeria","7":"pa_artista-jose-paulo-da-fonseca","8":"pa_estilo-figurativo","9":"pa_estilo-figurativo-paisagem","10":"pa_tecnica-serigrafia","12":"first","13":"instock","14":"shipping-taxable","15":"product-type-simple"},"yoast_head":"<!-- This site is optimized with the Yoast SEO plugin v27.4 - https:\/\/yoast.com\/product\/yoast-seo-wordpress\/ -->\n<title>Jos\u00e9 Paulo da Fonseca - Abstrato (sem moldura) - Solar do Ros\u00e1rio Galeria \\\\\\\\Nova<\/title>\n<meta name=\"robots\" content=\"index, follow, max-snippet:-1, max-image-preview:large, max-video-preview:-1\" \/>\n<link rel=\"canonical\" href=\"https:\/\/solardorosario.com.br\/galeria\/produto\/jose-paulo-da-fonseca-abstrato-sem-moldura\/\" \/>\n<meta property=\"og:locale\" content=\"pt_BR\" \/>\n<meta property=\"og:type\" content=\"article\" \/>\n<meta property=\"og:title\" content=\"Jos\u00e9 Paulo da Fonseca - Abstrato (sem moldura) - Solar do Ros\u00e1rio Galeria \\\\\\\\Nova\" \/>\n<meta property=\"og:description\" content=\"Artista:\u00a0Jos\u00e9 Paulo da Fonseca T\u00edtulo:\u00a0Abstrato Dimens\u00e3o:\u00a070x70cm T\u00e9cnica: Serigrafia (SEM moldura) &nbsp; &nbsp; Jos\u00e9 Paulo Moreira Da Fonseca (1922-2004) nasceu no Rio de Janeiro - RJ. Era pintor autodidata, teatr\u00f3logo, poeta e artista visual. Era formado em direito pela Pontif\u00edcia Universidade Cat\u00f3lica do Rio de Janeiro, em 1945 e em filosofia em 1948. Fez parte da [&hellip;]\" \/>\n<meta property=\"og:url\" content=\"https:\/\/solardorosario.com.br\/galeria\/produto\/jose-paulo-da-fonseca-abstrato-sem-moldura\/\" \/>\n<meta property=\"og:site_name\" content=\"Solar do Ros\u00e1rio Galeria \\\\\\\\Nova\" \/>\n<meta property=\"og:image\" content=\"https:\/\/solardorosario.com.br\/galeria\/wp-content\/uploads\/2026\/02\/1-Abstrato-Serigrafia-70x70cm.jpeg\" \/>\n\t<meta property=\"og:image:width\" content=\"1255\" \/>\n\t<meta property=\"og:image:height\" content=\"1280\" \/>\n\t<meta property=\"og:image:type\" content=\"image\/jpeg\" \/>\n<meta name=\"twitter:card\" content=\"summary_large_image\" \/>\n<meta name=\"twitter:label1\" content=\"Est. tempo de leitura\" \/>\n\t<meta name=\"twitter:data1\" content=\"2 minutos\" \/>\n<script type=\"application\/ld+json\" class=\"yoast-schema-graph\">{\"@context\":\"https:\\\/\\\/schema.org\",\"@graph\":[{\"@type\":\"WebPage\",\"@id\":\"https:\\\/\\\/solardorosario.com.br\\\/galeria\\\/produto\\\/jose-paulo-da-fonseca-abstrato-sem-moldura\\\/\",\"url\":\"https:\\\/\\\/solardorosario.com.br\\\/galeria\\\/produto\\\/jose-paulo-da-fonseca-abstrato-sem-moldura\\\/\",\"name\":\"Jos\u00e9 Paulo da Fonseca - Abstrato (sem moldura) - Solar do Ros\u00e1rio Galeria \\\\\\\\\\\\\\\\Nova\",\"isPartOf\":{\"@id\":\"https:\\\/\\\/solardorosario.com.br\\\/galeria\\\/#website\"},\"primaryImageOfPage\":{\"@id\":\"https:\\\/\\\/solardorosario.com.br\\\/galeria\\\/produto\\\/jose-paulo-da-fonseca-abstrato-sem-moldura\\\/#primaryimage\"},\"image\":{\"@id\":\"https:\\\/\\\/solardorosario.com.br\\\/galeria\\\/produto\\\/jose-paulo-da-fonseca-abstrato-sem-moldura\\\/#primaryimage\"},\"thumbnailUrl\":\"https:\\\/\\\/solardorosario.com.br\\\/galeria\\\/wp-content\\\/uploads\\\/2026\\\/02\\\/1-Abstrato-Serigrafia-70x70cm.jpeg\",\"datePublished\":\"2026-02-19T19:10:37+00:00\",\"breadcrumb\":{\"@id\":\"https:\\\/\\\/solardorosario.com.br\\\/galeria\\\/produto\\\/jose-paulo-da-fonseca-abstrato-sem-moldura\\\/#breadcrumb\"},\"inLanguage\":\"pt-BR\",\"potentialAction\":[{\"@type\":\"ReadAction\",\"target\":[\"https:\\\/\\\/solardorosario.com.br\\\/galeria\\\/produto\\\/jose-paulo-da-fonseca-abstrato-sem-moldura\\\/\"]}]},{\"@type\":\"ImageObject\",\"inLanguage\":\"pt-BR\",\"@id\":\"https:\\\/\\\/solardorosario.com.br\\\/galeria\\\/produto\\\/jose-paulo-da-fonseca-abstrato-sem-moldura\\\/#primaryimage\",\"url\":\"https:\\\/\\\/solardorosario.com.br\\\/galeria\\\/wp-content\\\/uploads\\\/2026\\\/02\\\/1-Abstrato-Serigrafia-70x70cm.jpeg\",\"contentUrl\":\"https:\\\/\\\/solardorosario.com.br\\\/galeria\\\/wp-content\\\/uploads\\\/2026\\\/02\\\/1-Abstrato-Serigrafia-70x70cm.jpeg\",\"width\":1255,\"height\":1280},{\"@type\":\"BreadcrumbList\",\"@id\":\"https:\\\/\\\/solardorosario.com.br\\\/galeria\\\/produto\\\/jose-paulo-da-fonseca-abstrato-sem-moldura\\\/#breadcrumb\",\"itemListElement\":[{\"@type\":\"ListItem\",\"position\":1,\"name\":\"In\u00edcio\",\"item\":\"https:\\\/\\\/solardorosario.com.br\\\/galeria\\\/\"},{\"@type\":\"ListItem\",\"position\":2,\"name\":\"galeria\",\"item\":\"https:\\\/\\\/solardorosario.com.br\\\/galeria\\\/galeria\\\/\"},{\"@type\":\"ListItem\",\"position\":3,\"name\":\"Jos\u00e9 Paulo da Fonseca - Abstrato (sem moldura)\"}]},{\"@type\":\"WebSite\",\"@id\":\"https:\\\/\\\/solardorosario.com.br\\\/galeria\\\/#website\",\"url\":\"https:\\\/\\\/solardorosario.com.br\\\/galeria\\\/\",\"name\":\"Solar do Ros\u00e1rio Galeria \\\\\\\\\\\\\\\\Nova\",\"description\":\"\",\"potentialAction\":[{\"@type\":\"SearchAction\",\"target\":{\"@type\":\"EntryPoint\",\"urlTemplate\":\"https:\\\/\\\/solardorosario.com.br\\\/galeria\\\/?s={search_term_string}\"},\"query-input\":{\"@type\":\"PropertyValueSpecification\",\"valueRequired\":true,\"valueName\":\"search_term_string\"}}],\"inLanguage\":\"pt-BR\"}]}<\/script>\n<!-- \/ Yoast SEO plugin. -->","yoast_head_json":{"title":"Jos\u00e9 Paulo da Fonseca - Abstrato (sem moldura) - Solar do Ros\u00e1rio Galeria \\\\\\\\Nova","robots":{"index":"index","follow":"follow","max-snippet":"max-snippet:-1","max-image-preview":"max-image-preview:large","max-video-preview":"max-video-preview:-1"},"canonical":"https:\/\/solardorosario.com.br\/galeria\/produto\/jose-paulo-da-fonseca-abstrato-sem-moldura\/","og_locale":"pt_BR","og_type":"article","og_title":"Jos\u00e9 Paulo da Fonseca - Abstrato (sem moldura) - Solar do Ros\u00e1rio Galeria \\\\\\\\Nova","og_description":"Artista:\u00a0Jos\u00e9 Paulo da Fonseca T\u00edtulo:\u00a0Abstrato Dimens\u00e3o:\u00a070x70cm T\u00e9cnica: Serigrafia (SEM moldura) &nbsp; &nbsp; Jos\u00e9 Paulo Moreira Da Fonseca (1922-2004) nasceu no Rio de Janeiro - RJ. Era pintor autodidata, teatr\u00f3logo, poeta e artista visual. Era formado em direito pela Pontif\u00edcia Universidade Cat\u00f3lica do Rio de Janeiro, em 1945 e em filosofia em 1948. Fez parte da [&hellip;]","og_url":"https:\/\/solardorosario.com.br\/galeria\/produto\/jose-paulo-da-fonseca-abstrato-sem-moldura\/","og_site_name":"Solar do Ros\u00e1rio Galeria \\\\\\\\Nova","og_image":[{"width":1255,"height":1280,"url":"https:\/\/solardorosario.com.br\/galeria\/wp-content\/uploads\/2026\/02\/1-Abstrato-Serigrafia-70x70cm.jpeg","type":"image\/jpeg"}],"twitter_card":"summary_large_image","twitter_misc":{"Est. tempo de leitura":"2 minutos"},"schema":{"@context":"https:\/\/schema.org","@graph":[{"@type":"WebPage","@id":"https:\/\/solardorosario.com.br\/galeria\/produto\/jose-paulo-da-fonseca-abstrato-sem-moldura\/","url":"https:\/\/solardorosario.com.br\/galeria\/produto\/jose-paulo-da-fonseca-abstrato-sem-moldura\/","name":"Jos\u00e9 Paulo da Fonseca - Abstrato (sem moldura) - Solar do Ros\u00e1rio Galeria \\\\\\\\Nova","isPartOf":{"@id":"https:\/\/solardorosario.com.br\/galeria\/#website"},"primaryImageOfPage":{"@id":"https:\/\/solardorosario.com.br\/galeria\/produto\/jose-paulo-da-fonseca-abstrato-sem-moldura\/#primaryimage"},"image":{"@id":"https:\/\/solardorosario.com.br\/galeria\/produto\/jose-paulo-da-fonseca-abstrato-sem-moldura\/#primaryimage"},"thumbnailUrl":"https:\/\/solardorosario.com.br\/galeria\/wp-content\/uploads\/2026\/02\/1-Abstrato-Serigrafia-70x70cm.jpeg","datePublished":"2026-02-19T19:10:37+00:00","breadcrumb":{"@id":"https:\/\/solardorosario.com.br\/galeria\/produto\/jose-paulo-da-fonseca-abstrato-sem-moldura\/#breadcrumb"},"inLanguage":"pt-BR","potentialAction":[{"@type":"ReadAction","target":["https:\/\/solardorosario.com.br\/galeria\/produto\/jose-paulo-da-fonseca-abstrato-sem-moldura\/"]}]},{"@type":"ImageObject","inLanguage":"pt-BR","@id":"https:\/\/solardorosario.com.br\/galeria\/produto\/jose-paulo-da-fonseca-abstrato-sem-moldura\/#primaryimage","url":"https:\/\/solardorosario.com.br\/galeria\/wp-content\/uploads\/2026\/02\/1-Abstrato-Serigrafia-70x70cm.jpeg","contentUrl":"https:\/\/solardorosario.com.br\/galeria\/wp-content\/uploads\/2026\/02\/1-Abstrato-Serigrafia-70x70cm.jpeg","width":1255,"height":1280},{"@type":"BreadcrumbList","@id":"https:\/\/solardorosario.com.br\/galeria\/produto\/jose-paulo-da-fonseca-abstrato-sem-moldura\/#breadcrumb","itemListElement":[{"@type":"ListItem","position":1,"name":"In\u00edcio","item":"https:\/\/solardorosario.com.br\/galeria\/"},{"@type":"ListItem","position":2,"name":"galeria","item":"https:\/\/solardorosario.com.br\/galeria\/galeria\/"},{"@type":"ListItem","position":3,"name":"Jos\u00e9 Paulo da Fonseca - Abstrato (sem moldura)"}]},{"@type":"WebSite","@id":"https:\/\/solardorosario.com.br\/galeria\/#website","url":"https:\/\/solardorosario.com.br\/galeria\/","name":"Solar do Ros\u00e1rio Galeria \\\\\\\\Nova","description":"","potentialAction":[{"@type":"SearchAction","target":{"@type":"EntryPoint","urlTemplate":"https:\/\/solardorosario.com.br\/galeria\/?s={search_term_string}"},"query-input":{"@type":"PropertyValueSpecification","valueRequired":true,"valueName":"search_term_string"}}],"inLanguage":"pt-BR"}]}},"_links":{"self":[{"href":"https:\/\/solardorosario.com.br\/galeria\/wp-json\/wp\/v2\/product\/6852","targetHints":{"allow":["GET"]}}],"collection":[{"href":"https:\/\/solardorosario.com.br\/galeria\/wp-json\/wp\/v2\/product"}],"about":[{"href":"https:\/\/solardorosario.com.br\/galeria\/wp-json\/wp\/v2\/types\/product"}],"wp:featuredmedia":[{"embeddable":true,"href":"https:\/\/solardorosario.com.br\/galeria\/wp-json\/wp\/v2\/media\/6854"}],"wp:attachment":[{"href":"https:\/\/solardorosario.com.br\/galeria\/wp-json\/wp\/v2\/media?parent=6852"}],"wp:term":[{"taxonomy":"product_brand","embeddable":true,"href":"https:\/\/solardorosario.com.br\/galeria\/wp-json\/wp\/v2\/product_brand?post=6852"},{"taxonomy":"product_cat","embeddable":true,"href":"https:\/\/solardorosario.com.br\/galeria\/wp-json\/wp\/v2\/product_cat?post=6852"},{"taxonomy":"product_tag","embeddable":true,"href":"https:\/\/solardorosario.com.br\/galeria\/wp-json\/wp\/v2\/product_tag?post=6852"}],"curies":[{"name":"wp","href":"https:\/\/api.w.org\/{rel}","templated":true}]}}