{"id":6849,"date":"2026-02-19T16:02:09","date_gmt":"2026-02-19T19:02:09","guid":{"rendered":"https:\/\/solardorosario.com.br\/galeria\/?post_type=product&#038;p=6849"},"modified":"2026-02-19T16:02:09","modified_gmt":"2026-02-19T19:02:09","slug":"aristide-brodeschi-violoncelo","status":"publish","type":"product","link":"https:\/\/solardorosario.com.br\/galeria\/produto\/aristide-brodeschi-violoncelo\/","title":{"rendered":"Aristide Brodeschi - Violoncelo"},"content":{"rendered":"<p><strong>Artista: <\/strong>Aristide Brodeschi<\/p>\n<p><strong>T\u00edtulo: <\/strong>Violoncelo<\/p>\n<p><strong>Dimens\u00e3o:\u00a0<\/strong>35x50cm<\/p>\n<p><strong>T\u00e9cnica:\u00a0<\/strong>Gravura\u00a0 (sem moldura)<\/p>\n<p>&nbsp;<\/p>\n<p>&nbsp;<\/p>\n<p>Aristide Brodeschi \u00e9 um artista visual, nascido em Bucareste, a capital da Rom\u00eania, em 1947. Sua inf\u00e2ncia e juventude foram marcadas pelos efeitos da 2\u00aa Guerra Mundial, al\u00e9m da expans\u00e3o e influ\u00eancia da Uni\u00e3o Sovi\u00e9tica. Se formou na Universidade de Arquitetura e Urbanismo \"Ion Mincu\", em Bucareste. Se mudou para o Brasil, onde desenvolveu v\u00e1rias t\u00e9cnicas de pintura, como \u00f3leo e acr\u00edlica, al\u00e9m das gravuras como gravura em metal, litografia, xilogravura, e outras como desenho, aquarela e tape\u00e7aria.<br \/>\nSua primeira exposi\u00e7\u00e3o individual foi em 1980, no Centro Israelita do Paran\u00e1. Participou de mostras e exposi\u00e7\u00f5es coletivas em Curitiba, no Par\u00e1 e em 1988, na exposi\u00e7\u00e3o de reprodu\u00e7\u00f5es em cart\u00f5es de fim de ano, em Nova York, nos Estados Unidos. Em 1984, recebeu a placa de ouro em Gravura no XIX Sal\u00e3o Primavera do Clube Conc\u00f3rdia. Em 1986, recebeu o pr\u00eamio Aquisi\u00e7\u00e3o do 30\u00ba Sal\u00e3o de Artes Pl\u00e1sticas para novos, em Campo Mour\u00e3o - Paran\u00e1. Em 2012, recebeu o t\u00edtulo de \"Cidad\u00e3o Honor\u00e1rio de Curitiba\", concedido pela C\u00e2mara Municipal de Vereadores.<\/p>\n","protected":false},"excerpt":{"rendered":"<p>Artista: Aristide Brodeschi T\u00edtulo: Violoncelo Dimens\u00e3o:\u00a035x50cm T\u00e9cnica:\u00a0Gravura\u00a0 (sem moldura) &nbsp; &nbsp; Aristide Brodeschi \u00e9 um artista visual, nascido em Bucareste, a capital da Rom\u00eania, em 1947. Sua inf\u00e2ncia e juventude foram marcadas pelos efeitos da 2\u00aa Guerra Mundial, al\u00e9m da expans\u00e3o e influ\u00eancia da Uni\u00e3o Sovi\u00e9tica. Se formou na Universidade de Arquitetura e Urbanismo \"Ion [&hellip;]<\/p>\n","protected":false},"featured_media":6850,"template":"","meta":[],"product_brand":[],"product_cat":[117],"product_tag":[],"class_list":{"0":"post-6849","1":"product","2":"type-product","3":"status-publish","4":"has-post-thumbnail","6":"product_cat-galeria","7":"pa_artista-aristide-brodeschi","8":"pa_estilo-figura-humana","9":"pa_estilo-figurativo","10":"pa_tecnica-gravura","12":"first","13":"instock","14":"shipping-taxable","15":"product-type-simple"},"yoast_head":"<!-- This site is optimized with the Yoast SEO plugin v27.4 - https:\/\/yoast.com\/product\/yoast-seo-wordpress\/ -->\n<title>Aristide Brodeschi - Violoncelo - Solar do Ros\u00e1rio Galeria \\\\\\\\Nova<\/title>\n<meta name=\"robots\" content=\"index, follow, max-snippet:-1, max-image-preview:large, max-video-preview:-1\" \/>\n<link rel=\"canonical\" href=\"https:\/\/solardorosario.com.br\/galeria\/produto\/aristide-brodeschi-violoncelo\/\" \/>\n<meta property=\"og:locale\" content=\"pt_BR\" \/>\n<meta property=\"og:type\" content=\"article\" \/>\n<meta property=\"og:title\" content=\"Aristide Brodeschi - Violoncelo - Solar do Ros\u00e1rio Galeria \\\\\\\\Nova\" \/>\n<meta property=\"og:description\" content=\"Artista: Aristide Brodeschi T\u00edtulo: Violoncelo Dimens\u00e3o:\u00a035x50cm T\u00e9cnica:\u00a0Gravura\u00a0 (sem moldura) &nbsp; &nbsp; Aristide Brodeschi \u00e9 um artista visual, nascido em Bucareste, a capital da Rom\u00eania, em 1947. Sua inf\u00e2ncia e juventude foram marcadas pelos efeitos da 2\u00aa Guerra Mundial, al\u00e9m da expans\u00e3o e influ\u00eancia da Uni\u00e3o Sovi\u00e9tica. Se formou na Universidade de Arquitetura e Urbanismo &quot;Ion [&hellip;]\" \/>\n<meta property=\"og:url\" content=\"https:\/\/solardorosario.com.br\/galeria\/produto\/aristide-brodeschi-violoncelo\/\" \/>\n<meta property=\"og:site_name\" content=\"Solar do Ros\u00e1rio Galeria \\\\\\\\Nova\" \/>\n<meta property=\"og:image\" content=\"https:\/\/solardorosario.com.br\/galeria\/wp-content\/uploads\/2026\/02\/6-Violocenlo-Desenho-em-nanquim-35x50cm.jpeg\" \/>\n\t<meta property=\"og:image:width\" content=\"854\" \/>\n\t<meta property=\"og:image:height\" content=\"1280\" \/>\n\t<meta property=\"og:image:type\" content=\"image\/jpeg\" \/>\n<meta name=\"twitter:card\" content=\"summary_large_image\" \/>\n<meta name=\"twitter:label1\" content=\"Est. tempo de leitura\" \/>\n\t<meta name=\"twitter:data1\" content=\"2 minutos\" \/>\n<script type=\"application\/ld+json\" class=\"yoast-schema-graph\">{\"@context\":\"https:\\\/\\\/schema.org\",\"@graph\":[{\"@type\":\"WebPage\",\"@id\":\"https:\\\/\\\/solardorosario.com.br\\\/galeria\\\/produto\\\/aristide-brodeschi-violoncelo\\\/\",\"url\":\"https:\\\/\\\/solardorosario.com.br\\\/galeria\\\/produto\\\/aristide-brodeschi-violoncelo\\\/\",\"name\":\"Aristide Brodeschi - Violoncelo - Solar do Ros\u00e1rio Galeria \\\\\\\\\\\\\\\\Nova\",\"isPartOf\":{\"@id\":\"https:\\\/\\\/solardorosario.com.br\\\/galeria\\\/#website\"},\"primaryImageOfPage\":{\"@id\":\"https:\\\/\\\/solardorosario.com.br\\\/galeria\\\/produto\\\/aristide-brodeschi-violoncelo\\\/#primaryimage\"},\"image\":{\"@id\":\"https:\\\/\\\/solardorosario.com.br\\\/galeria\\\/produto\\\/aristide-brodeschi-violoncelo\\\/#primaryimage\"},\"thumbnailUrl\":\"https:\\\/\\\/solardorosario.com.br\\\/galeria\\\/wp-content\\\/uploads\\\/2026\\\/02\\\/6-Violocenlo-Desenho-em-nanquim-35x50cm.jpeg\",\"datePublished\":\"2026-02-19T19:02:09+00:00\",\"breadcrumb\":{\"@id\":\"https:\\\/\\\/solardorosario.com.br\\\/galeria\\\/produto\\\/aristide-brodeschi-violoncelo\\\/#breadcrumb\"},\"inLanguage\":\"pt-BR\",\"potentialAction\":[{\"@type\":\"ReadAction\",\"target\":[\"https:\\\/\\\/solardorosario.com.br\\\/galeria\\\/produto\\\/aristide-brodeschi-violoncelo\\\/\"]}]},{\"@type\":\"ImageObject\",\"inLanguage\":\"pt-BR\",\"@id\":\"https:\\\/\\\/solardorosario.com.br\\\/galeria\\\/produto\\\/aristide-brodeschi-violoncelo\\\/#primaryimage\",\"url\":\"https:\\\/\\\/solardorosario.com.br\\\/galeria\\\/wp-content\\\/uploads\\\/2026\\\/02\\\/6-Violocenlo-Desenho-em-nanquim-35x50cm.jpeg\",\"contentUrl\":\"https:\\\/\\\/solardorosario.com.br\\\/galeria\\\/wp-content\\\/uploads\\\/2026\\\/02\\\/6-Violocenlo-Desenho-em-nanquim-35x50cm.jpeg\",\"width\":854,\"height\":1280},{\"@type\":\"BreadcrumbList\",\"@id\":\"https:\\\/\\\/solardorosario.com.br\\\/galeria\\\/produto\\\/aristide-brodeschi-violoncelo\\\/#breadcrumb\",\"itemListElement\":[{\"@type\":\"ListItem\",\"position\":1,\"name\":\"In\u00edcio\",\"item\":\"https:\\\/\\\/solardorosario.com.br\\\/galeria\\\/\"},{\"@type\":\"ListItem\",\"position\":2,\"name\":\"galeria\",\"item\":\"https:\\\/\\\/solardorosario.com.br\\\/galeria\\\/galeria\\\/\"},{\"@type\":\"ListItem\",\"position\":3,\"name\":\"Aristide Brodeschi - Violoncelo\"}]},{\"@type\":\"WebSite\",\"@id\":\"https:\\\/\\\/solardorosario.com.br\\\/galeria\\\/#website\",\"url\":\"https:\\\/\\\/solardorosario.com.br\\\/galeria\\\/\",\"name\":\"Solar do Ros\u00e1rio Galeria \\\\\\\\\\\\\\\\Nova\",\"description\":\"\",\"potentialAction\":[{\"@type\":\"SearchAction\",\"target\":{\"@type\":\"EntryPoint\",\"urlTemplate\":\"https:\\\/\\\/solardorosario.com.br\\\/galeria\\\/?s={search_term_string}\"},\"query-input\":{\"@type\":\"PropertyValueSpecification\",\"valueRequired\":true,\"valueName\":\"search_term_string\"}}],\"inLanguage\":\"pt-BR\"}]}<\/script>\n<!-- \/ Yoast SEO plugin. -->","yoast_head_json":{"title":"Aristide Brodeschi - Violoncelo - Solar do Ros\u00e1rio Galeria \\\\\\\\Nova","robots":{"index":"index","follow":"follow","max-snippet":"max-snippet:-1","max-image-preview":"max-image-preview:large","max-video-preview":"max-video-preview:-1"},"canonical":"https:\/\/solardorosario.com.br\/galeria\/produto\/aristide-brodeschi-violoncelo\/","og_locale":"pt_BR","og_type":"article","og_title":"Aristide Brodeschi - Violoncelo - Solar do Ros\u00e1rio Galeria \\\\\\\\Nova","og_description":"Artista: Aristide Brodeschi T\u00edtulo: Violoncelo Dimens\u00e3o:\u00a035x50cm T\u00e9cnica:\u00a0Gravura\u00a0 (sem moldura) &nbsp; &nbsp; Aristide Brodeschi \u00e9 um artista visual, nascido em Bucareste, a capital da Rom\u00eania, em 1947. Sua inf\u00e2ncia e juventude foram marcadas pelos efeitos da 2\u00aa Guerra Mundial, al\u00e9m da expans\u00e3o e influ\u00eancia da Uni\u00e3o Sovi\u00e9tica. Se formou na Universidade de Arquitetura e Urbanismo \"Ion [&hellip;]","og_url":"https:\/\/solardorosario.com.br\/galeria\/produto\/aristide-brodeschi-violoncelo\/","og_site_name":"Solar do Ros\u00e1rio Galeria \\\\\\\\Nova","og_image":[{"width":854,"height":1280,"url":"https:\/\/solardorosario.com.br\/galeria\/wp-content\/uploads\/2026\/02\/6-Violocenlo-Desenho-em-nanquim-35x50cm.jpeg","type":"image\/jpeg"}],"twitter_card":"summary_large_image","twitter_misc":{"Est. tempo de leitura":"2 minutos"},"schema":{"@context":"https:\/\/schema.org","@graph":[{"@type":"WebPage","@id":"https:\/\/solardorosario.com.br\/galeria\/produto\/aristide-brodeschi-violoncelo\/","url":"https:\/\/solardorosario.com.br\/galeria\/produto\/aristide-brodeschi-violoncelo\/","name":"Aristide Brodeschi - Violoncelo - Solar do Ros\u00e1rio Galeria \\\\\\\\Nova","isPartOf":{"@id":"https:\/\/solardorosario.com.br\/galeria\/#website"},"primaryImageOfPage":{"@id":"https:\/\/solardorosario.com.br\/galeria\/produto\/aristide-brodeschi-violoncelo\/#primaryimage"},"image":{"@id":"https:\/\/solardorosario.com.br\/galeria\/produto\/aristide-brodeschi-violoncelo\/#primaryimage"},"thumbnailUrl":"https:\/\/solardorosario.com.br\/galeria\/wp-content\/uploads\/2026\/02\/6-Violocenlo-Desenho-em-nanquim-35x50cm.jpeg","datePublished":"2026-02-19T19:02:09+00:00","breadcrumb":{"@id":"https:\/\/solardorosario.com.br\/galeria\/produto\/aristide-brodeschi-violoncelo\/#breadcrumb"},"inLanguage":"pt-BR","potentialAction":[{"@type":"ReadAction","target":["https:\/\/solardorosario.com.br\/galeria\/produto\/aristide-brodeschi-violoncelo\/"]}]},{"@type":"ImageObject","inLanguage":"pt-BR","@id":"https:\/\/solardorosario.com.br\/galeria\/produto\/aristide-brodeschi-violoncelo\/#primaryimage","url":"https:\/\/solardorosario.com.br\/galeria\/wp-content\/uploads\/2026\/02\/6-Violocenlo-Desenho-em-nanquim-35x50cm.jpeg","contentUrl":"https:\/\/solardorosario.com.br\/galeria\/wp-content\/uploads\/2026\/02\/6-Violocenlo-Desenho-em-nanquim-35x50cm.jpeg","width":854,"height":1280},{"@type":"BreadcrumbList","@id":"https:\/\/solardorosario.com.br\/galeria\/produto\/aristide-brodeschi-violoncelo\/#breadcrumb","itemListElement":[{"@type":"ListItem","position":1,"name":"In\u00edcio","item":"https:\/\/solardorosario.com.br\/galeria\/"},{"@type":"ListItem","position":2,"name":"galeria","item":"https:\/\/solardorosario.com.br\/galeria\/galeria\/"},{"@type":"ListItem","position":3,"name":"Aristide Brodeschi - Violoncelo"}]},{"@type":"WebSite","@id":"https:\/\/solardorosario.com.br\/galeria\/#website","url":"https:\/\/solardorosario.com.br\/galeria\/","name":"Solar do Ros\u00e1rio Galeria \\\\\\\\Nova","description":"","potentialAction":[{"@type":"SearchAction","target":{"@type":"EntryPoint","urlTemplate":"https:\/\/solardorosario.com.br\/galeria\/?s={search_term_string}"},"query-input":{"@type":"PropertyValueSpecification","valueRequired":true,"valueName":"search_term_string"}}],"inLanguage":"pt-BR"}]}},"_links":{"self":[{"href":"https:\/\/solardorosario.com.br\/galeria\/wp-json\/wp\/v2\/product\/6849","targetHints":{"allow":["GET"]}}],"collection":[{"href":"https:\/\/solardorosario.com.br\/galeria\/wp-json\/wp\/v2\/product"}],"about":[{"href":"https:\/\/solardorosario.com.br\/galeria\/wp-json\/wp\/v2\/types\/product"}],"wp:featuredmedia":[{"embeddable":true,"href":"https:\/\/solardorosario.com.br\/galeria\/wp-json\/wp\/v2\/media\/6850"}],"wp:attachment":[{"href":"https:\/\/solardorosario.com.br\/galeria\/wp-json\/wp\/v2\/media?parent=6849"}],"wp:term":[{"taxonomy":"product_brand","embeddable":true,"href":"https:\/\/solardorosario.com.br\/galeria\/wp-json\/wp\/v2\/product_brand?post=6849"},{"taxonomy":"product_cat","embeddable":true,"href":"https:\/\/solardorosario.com.br\/galeria\/wp-json\/wp\/v2\/product_cat?post=6849"},{"taxonomy":"product_tag","embeddable":true,"href":"https:\/\/solardorosario.com.br\/galeria\/wp-json\/wp\/v2\/product_tag?post=6849"}],"curies":[{"name":"wp","href":"https:\/\/api.w.org\/{rel}","templated":true}]}}