{"id":6839,"date":"2026-02-19T15:33:49","date_gmt":"2026-02-19T18:33:49","guid":{"rendered":"https:\/\/solardorosario.com.br\/galeria\/?post_type=product&#038;p=6839"},"modified":"2026-02-19T15:33:50","modified_gmt":"2026-02-19T18:33:50","slug":"solda-o-cartunista-solda-desenhando-o-solar-do-rosario","status":"publish","type":"product","link":"https:\/\/solardorosario.com.br\/galeria\/produto\/solda-o-cartunista-solda-desenhando-o-solar-do-rosario\/","title":{"rendered":"Solda - O Cartunista Solda Desenhando o Solar do Ros\u00e1rio"},"content":{"rendered":"<p><strong>Artista:<\/strong> Solda<\/p>\n<p><strong>T\u00edtulo:<\/strong> O Cartunista Solda Desenhando o Solar do Ros\u00e1rio<\/p>\n<p><strong>Dimens\u00e3o:<\/strong> 30x40cm<\/p>\n<p><strong>T\u00e9cnica: <\/strong>Desenho\u00a0sobre papel (sem moldura)<\/p>\n<p>&nbsp;<\/p>\n<p>&nbsp;<\/p>\n<p>Luiz Ant\u00f4nio Solda \u00e9 nascido em Itarar\u00e9, em S\u00e3o Paulo, em 1952. \u00c9 artista visual, cartunista, poeta, publicit\u00e1rio. Iniciou sua carreira em 1973, trabalhando em ag\u00eancias de publicidade e propagandas, como cartunista e chargista em jornais como O Estado do Paran\u00e1, Di\u00e1rio do Paran\u00e1, voz do Paran\u00e1, entre outros, al\u00e9m de publica\u00e7\u00f5es no Pasquim. Exp\u00f4s em Curitiba em diversos locais, como na Teatro Paiol, na Galeria Solar do Ros\u00e1rio, Gibiteca, Funda\u00e7\u00e3o Curitiba, al\u00e9m de outras cidades como Porto Alegre, Bras\u00edlia, Itarar\u00e9. Como publicit\u00e1rio, recebeu diversos pr\u00eamios de colunistas regionais e dois Profissionais do Ano. Como cartunista, recebeu 3 vezes o pr\u00eamio no Sal\u00e3o Internacional de Humor em Piracicaba, ganhou o pr\u00eamio de cartaz, do Festival de M\u00fasica de Londrina. Em 1976, em conjunto com mais 83 cartunistas e escritores, lan\u00e7ou o livro \"Antologia Brasileira de Humor\", em Porto Alegre. Em 1980, foi respons\u00e1vel pela decora\u00e7\u00e3o do Carnaval em Curitiba, e em 1992, da cidade de Antonina. Em 2014, recebeu o 1\u00ba Pr\u00eamio Cl\u00e1udio Seto de Quadrinhos (Trof\u00e9u Maria Er\u00f3tica), pelo conjunto da sua obra, na Bienal de Quadrinhos de Curitiba.<\/p>\n","protected":false},"excerpt":{"rendered":"<p>Artista: Solda T\u00edtulo: O Cartunista Solda Desenhando o Solar do Ros\u00e1rio Dimens\u00e3o: 30x40cm T\u00e9cnica: Desenho\u00a0sobre papel (sem moldura) &nbsp; &nbsp; Luiz Ant\u00f4nio Solda \u00e9 nascido em Itarar\u00e9, em S\u00e3o Paulo, em 1952. \u00c9 artista visual, cartunista, poeta, publicit\u00e1rio. Iniciou sua carreira em 1973, trabalhando em ag\u00eancias de publicidade e propagandas, como cartunista e chargista em [&hellip;]<\/p>\n","protected":false},"featured_media":6840,"template":"","meta":[],"product_brand":[],"product_cat":[117],"product_tag":[],"class_list":{"0":"post-6839","1":"product","2":"type-product","3":"status-publish","4":"has-post-thumbnail","6":"product_cat-galeria","7":"pa_artista-solda","8":"pa_estilo-figura-humana","9":"pa_estilo-figurativo","10":"pa_tecnica-desenho","12":"first","13":"instock","14":"shipping-taxable","15":"product-type-simple"},"yoast_head":"<!-- This site is optimized with the Yoast SEO plugin v27.4 - https:\/\/yoast.com\/product\/yoast-seo-wordpress\/ -->\n<title>Solda - O Cartunista Solda Desenhando o Solar do Ros\u00e1rio - Solar do Ros\u00e1rio Galeria \\\\\\\\Nova<\/title>\n<meta name=\"robots\" content=\"index, follow, max-snippet:-1, max-image-preview:large, max-video-preview:-1\" \/>\n<link rel=\"canonical\" href=\"https:\/\/solardorosario.com.br\/galeria\/produto\/solda-o-cartunista-solda-desenhando-o-solar-do-rosario\/\" \/>\n<meta property=\"og:locale\" content=\"pt_BR\" \/>\n<meta property=\"og:type\" content=\"article\" \/>\n<meta property=\"og:title\" content=\"Solda - O Cartunista Solda Desenhando o Solar do Ros\u00e1rio - Solar do Ros\u00e1rio Galeria \\\\\\\\Nova\" \/>\n<meta property=\"og:description\" content=\"Artista: Solda T\u00edtulo: O Cartunista Solda Desenhando o Solar do Ros\u00e1rio Dimens\u00e3o: 30x40cm T\u00e9cnica: Desenho\u00a0sobre papel (sem moldura) &nbsp; &nbsp; Luiz Ant\u00f4nio Solda \u00e9 nascido em Itarar\u00e9, em S\u00e3o Paulo, em 1952. \u00c9 artista visual, cartunista, poeta, publicit\u00e1rio. Iniciou sua carreira em 1973, trabalhando em ag\u00eancias de publicidade e propagandas, como cartunista e chargista em [&hellip;]\" \/>\n<meta property=\"og:url\" content=\"https:\/\/solardorosario.com.br\/galeria\/produto\/solda-o-cartunista-solda-desenhando-o-solar-do-rosario\/\" \/>\n<meta property=\"og:site_name\" content=\"Solar do Ros\u00e1rio Galeria \\\\\\\\Nova\" \/>\n<meta property=\"article:modified_time\" content=\"2026-02-19T18:33:50+00:00\" \/>\n<meta property=\"og:image\" content=\"https:\/\/solardorosario.com.br\/galeria\/wp-content\/uploads\/2026\/02\/1-O-Cartunista-Solda-Desenhando-o-Solar-do-Rosario-desenho-30x40cm.jpeg\" \/>\n\t<meta property=\"og:image:width\" content=\"1280\" \/>\n\t<meta property=\"og:image:height\" content=\"934\" \/>\n\t<meta property=\"og:image:type\" content=\"image\/jpeg\" \/>\n<meta name=\"twitter:card\" content=\"summary_large_image\" \/>\n<meta name=\"twitter:label1\" content=\"Est. tempo de leitura\" \/>\n\t<meta name=\"twitter:data1\" content=\"2 minutos\" \/>\n<script type=\"application\/ld+json\" class=\"yoast-schema-graph\">{\"@context\":\"https:\\\/\\\/schema.org\",\"@graph\":[{\"@type\":\"WebPage\",\"@id\":\"https:\\\/\\\/solardorosario.com.br\\\/galeria\\\/produto\\\/solda-o-cartunista-solda-desenhando-o-solar-do-rosario\\\/\",\"url\":\"https:\\\/\\\/solardorosario.com.br\\\/galeria\\\/produto\\\/solda-o-cartunista-solda-desenhando-o-solar-do-rosario\\\/\",\"name\":\"Solda - O Cartunista Solda Desenhando o Solar do Ros\u00e1rio - Solar do Ros\u00e1rio Galeria \\\\\\\\\\\\\\\\Nova\",\"isPartOf\":{\"@id\":\"https:\\\/\\\/solardorosario.com.br\\\/galeria\\\/#website\"},\"primaryImageOfPage\":{\"@id\":\"https:\\\/\\\/solardorosario.com.br\\\/galeria\\\/produto\\\/solda-o-cartunista-solda-desenhando-o-solar-do-rosario\\\/#primaryimage\"},\"image\":{\"@id\":\"https:\\\/\\\/solardorosario.com.br\\\/galeria\\\/produto\\\/solda-o-cartunista-solda-desenhando-o-solar-do-rosario\\\/#primaryimage\"},\"thumbnailUrl\":\"https:\\\/\\\/solardorosario.com.br\\\/galeria\\\/wp-content\\\/uploads\\\/2026\\\/02\\\/1-O-Cartunista-Solda-Desenhando-o-Solar-do-Rosario-desenho-30x40cm.jpeg\",\"datePublished\":\"2026-02-19T18:33:49+00:00\",\"dateModified\":\"2026-02-19T18:33:50+00:00\",\"breadcrumb\":{\"@id\":\"https:\\\/\\\/solardorosario.com.br\\\/galeria\\\/produto\\\/solda-o-cartunista-solda-desenhando-o-solar-do-rosario\\\/#breadcrumb\"},\"inLanguage\":\"pt-BR\",\"potentialAction\":[{\"@type\":\"ReadAction\",\"target\":[\"https:\\\/\\\/solardorosario.com.br\\\/galeria\\\/produto\\\/solda-o-cartunista-solda-desenhando-o-solar-do-rosario\\\/\"]}]},{\"@type\":\"ImageObject\",\"inLanguage\":\"pt-BR\",\"@id\":\"https:\\\/\\\/solardorosario.com.br\\\/galeria\\\/produto\\\/solda-o-cartunista-solda-desenhando-o-solar-do-rosario\\\/#primaryimage\",\"url\":\"https:\\\/\\\/solardorosario.com.br\\\/galeria\\\/wp-content\\\/uploads\\\/2026\\\/02\\\/1-O-Cartunista-Solda-Desenhando-o-Solar-do-Rosario-desenho-30x40cm.jpeg\",\"contentUrl\":\"https:\\\/\\\/solardorosario.com.br\\\/galeria\\\/wp-content\\\/uploads\\\/2026\\\/02\\\/1-O-Cartunista-Solda-Desenhando-o-Solar-do-Rosario-desenho-30x40cm.jpeg\",\"width\":1280,\"height\":934},{\"@type\":\"BreadcrumbList\",\"@id\":\"https:\\\/\\\/solardorosario.com.br\\\/galeria\\\/produto\\\/solda-o-cartunista-solda-desenhando-o-solar-do-rosario\\\/#breadcrumb\",\"itemListElement\":[{\"@type\":\"ListItem\",\"position\":1,\"name\":\"In\u00edcio\",\"item\":\"https:\\\/\\\/solardorosario.com.br\\\/galeria\\\/\"},{\"@type\":\"ListItem\",\"position\":2,\"name\":\"galeria\",\"item\":\"https:\\\/\\\/solardorosario.com.br\\\/galeria\\\/galeria\\\/\"},{\"@type\":\"ListItem\",\"position\":3,\"name\":\"Solda - O Cartunista Solda Desenhando o Solar do Ros\u00e1rio\"}]},{\"@type\":\"WebSite\",\"@id\":\"https:\\\/\\\/solardorosario.com.br\\\/galeria\\\/#website\",\"url\":\"https:\\\/\\\/solardorosario.com.br\\\/galeria\\\/\",\"name\":\"Solar do Ros\u00e1rio Galeria \\\\\\\\\\\\\\\\Nova\",\"description\":\"\",\"potentialAction\":[{\"@type\":\"SearchAction\",\"target\":{\"@type\":\"EntryPoint\",\"urlTemplate\":\"https:\\\/\\\/solardorosario.com.br\\\/galeria\\\/?s={search_term_string}\"},\"query-input\":{\"@type\":\"PropertyValueSpecification\",\"valueRequired\":true,\"valueName\":\"search_term_string\"}}],\"inLanguage\":\"pt-BR\"}]}<\/script>\n<!-- \/ Yoast SEO plugin. -->","yoast_head_json":{"title":"Solda - O Cartunista Solda Desenhando o Solar do Ros\u00e1rio - Solar do Ros\u00e1rio Galeria \\\\\\\\Nova","robots":{"index":"index","follow":"follow","max-snippet":"max-snippet:-1","max-image-preview":"max-image-preview:large","max-video-preview":"max-video-preview:-1"},"canonical":"https:\/\/solardorosario.com.br\/galeria\/produto\/solda-o-cartunista-solda-desenhando-o-solar-do-rosario\/","og_locale":"pt_BR","og_type":"article","og_title":"Solda - O Cartunista Solda Desenhando o Solar do Ros\u00e1rio - Solar do Ros\u00e1rio Galeria \\\\\\\\Nova","og_description":"Artista: Solda T\u00edtulo: O Cartunista Solda Desenhando o Solar do Ros\u00e1rio Dimens\u00e3o: 30x40cm T\u00e9cnica: Desenho\u00a0sobre papel (sem moldura) &nbsp; &nbsp; Luiz Ant\u00f4nio Solda \u00e9 nascido em Itarar\u00e9, em S\u00e3o Paulo, em 1952. \u00c9 artista visual, cartunista, poeta, publicit\u00e1rio. Iniciou sua carreira em 1973, trabalhando em ag\u00eancias de publicidade e propagandas, como cartunista e chargista em [&hellip;]","og_url":"https:\/\/solardorosario.com.br\/galeria\/produto\/solda-o-cartunista-solda-desenhando-o-solar-do-rosario\/","og_site_name":"Solar do Ros\u00e1rio Galeria \\\\\\\\Nova","article_modified_time":"2026-02-19T18:33:50+00:00","og_image":[{"width":1280,"height":934,"url":"https:\/\/solardorosario.com.br\/galeria\/wp-content\/uploads\/2026\/02\/1-O-Cartunista-Solda-Desenhando-o-Solar-do-Rosario-desenho-30x40cm.jpeg","type":"image\/jpeg"}],"twitter_card":"summary_large_image","twitter_misc":{"Est. tempo de leitura":"2 minutos"},"schema":{"@context":"https:\/\/schema.org","@graph":[{"@type":"WebPage","@id":"https:\/\/solardorosario.com.br\/galeria\/produto\/solda-o-cartunista-solda-desenhando-o-solar-do-rosario\/","url":"https:\/\/solardorosario.com.br\/galeria\/produto\/solda-o-cartunista-solda-desenhando-o-solar-do-rosario\/","name":"Solda - O Cartunista Solda Desenhando o Solar do Ros\u00e1rio - Solar do Ros\u00e1rio Galeria \\\\\\\\Nova","isPartOf":{"@id":"https:\/\/solardorosario.com.br\/galeria\/#website"},"primaryImageOfPage":{"@id":"https:\/\/solardorosario.com.br\/galeria\/produto\/solda-o-cartunista-solda-desenhando-o-solar-do-rosario\/#primaryimage"},"image":{"@id":"https:\/\/solardorosario.com.br\/galeria\/produto\/solda-o-cartunista-solda-desenhando-o-solar-do-rosario\/#primaryimage"},"thumbnailUrl":"https:\/\/solardorosario.com.br\/galeria\/wp-content\/uploads\/2026\/02\/1-O-Cartunista-Solda-Desenhando-o-Solar-do-Rosario-desenho-30x40cm.jpeg","datePublished":"2026-02-19T18:33:49+00:00","dateModified":"2026-02-19T18:33:50+00:00","breadcrumb":{"@id":"https:\/\/solardorosario.com.br\/galeria\/produto\/solda-o-cartunista-solda-desenhando-o-solar-do-rosario\/#breadcrumb"},"inLanguage":"pt-BR","potentialAction":[{"@type":"ReadAction","target":["https:\/\/solardorosario.com.br\/galeria\/produto\/solda-o-cartunista-solda-desenhando-o-solar-do-rosario\/"]}]},{"@type":"ImageObject","inLanguage":"pt-BR","@id":"https:\/\/solardorosario.com.br\/galeria\/produto\/solda-o-cartunista-solda-desenhando-o-solar-do-rosario\/#primaryimage","url":"https:\/\/solardorosario.com.br\/galeria\/wp-content\/uploads\/2026\/02\/1-O-Cartunista-Solda-Desenhando-o-Solar-do-Rosario-desenho-30x40cm.jpeg","contentUrl":"https:\/\/solardorosario.com.br\/galeria\/wp-content\/uploads\/2026\/02\/1-O-Cartunista-Solda-Desenhando-o-Solar-do-Rosario-desenho-30x40cm.jpeg","width":1280,"height":934},{"@type":"BreadcrumbList","@id":"https:\/\/solardorosario.com.br\/galeria\/produto\/solda-o-cartunista-solda-desenhando-o-solar-do-rosario\/#breadcrumb","itemListElement":[{"@type":"ListItem","position":1,"name":"In\u00edcio","item":"https:\/\/solardorosario.com.br\/galeria\/"},{"@type":"ListItem","position":2,"name":"galeria","item":"https:\/\/solardorosario.com.br\/galeria\/galeria\/"},{"@type":"ListItem","position":3,"name":"Solda - O Cartunista Solda Desenhando o Solar do Ros\u00e1rio"}]},{"@type":"WebSite","@id":"https:\/\/solardorosario.com.br\/galeria\/#website","url":"https:\/\/solardorosario.com.br\/galeria\/","name":"Solar do Ros\u00e1rio Galeria \\\\\\\\Nova","description":"","potentialAction":[{"@type":"SearchAction","target":{"@type":"EntryPoint","urlTemplate":"https:\/\/solardorosario.com.br\/galeria\/?s={search_term_string}"},"query-input":{"@type":"PropertyValueSpecification","valueRequired":true,"valueName":"search_term_string"}}],"inLanguage":"pt-BR"}]}},"_links":{"self":[{"href":"https:\/\/solardorosario.com.br\/galeria\/wp-json\/wp\/v2\/product\/6839","targetHints":{"allow":["GET"]}}],"collection":[{"href":"https:\/\/solardorosario.com.br\/galeria\/wp-json\/wp\/v2\/product"}],"about":[{"href":"https:\/\/solardorosario.com.br\/galeria\/wp-json\/wp\/v2\/types\/product"}],"wp:featuredmedia":[{"embeddable":true,"href":"https:\/\/solardorosario.com.br\/galeria\/wp-json\/wp\/v2\/media\/6840"}],"wp:attachment":[{"href":"https:\/\/solardorosario.com.br\/galeria\/wp-json\/wp\/v2\/media?parent=6839"}],"wp:term":[{"taxonomy":"product_brand","embeddable":true,"href":"https:\/\/solardorosario.com.br\/galeria\/wp-json\/wp\/v2\/product_brand?post=6839"},{"taxonomy":"product_cat","embeddable":true,"href":"https:\/\/solardorosario.com.br\/galeria\/wp-json\/wp\/v2\/product_cat?post=6839"},{"taxonomy":"product_tag","embeddable":true,"href":"https:\/\/solardorosario.com.br\/galeria\/wp-json\/wp\/v2\/product_tag?post=6839"}],"curies":[{"name":"wp","href":"https:\/\/api.w.org\/{rel}","templated":true}]}}