{"id":6834,"date":"2026-02-19T15:05:19","date_gmt":"2026-02-19T18:05:19","guid":{"rendered":"https:\/\/solardorosario.com.br\/galeria\/?post_type=product&#038;p=6834"},"modified":"2026-02-19T15:05:19","modified_gmt":"2026-02-19T18:05:19","slug":"toshiyuki-sawada-passaro","status":"publish","type":"product","link":"https:\/\/solardorosario.com.br\/galeria\/produto\/toshiyuki-sawada-passaro\/","title":{"rendered":"Toshiyuki Sawada - P\u00e1ssaro"},"content":{"rendered":"<p><strong>Artista:<\/strong> Toshiyuki Sawada<\/p>\n<p><strong>T\u00edtulo:<\/strong> P\u00e1ssaro<\/p>\n<p><strong>Dimens\u00e3o:<\/strong> 22x17cm<\/p>\n<p><strong>T\u00e9cnica:<\/strong> Aquarela sobre papel (sem moldura)<\/p>\n<p>&nbsp;<\/p>\n<p>&nbsp;<\/p>\n<p>Toshiyuki Sawada nasceu em 06\/11\/1943, em Galia - S\u00e3o Paulo. \u00c9 artista visual e atualmente professor volunt\u00e1rio do curso de Arquitetura e Urbanismo da Universidade Tecnol\u00f3gica Federal do Paran\u00e1 (UTFPR). J\u00e1 foi professor de Composi\u00e7\u00e3o e Perspectiva de Interiores do Curso de Especializa\u00e7\u00e3o em Design de Interiores e de Composi\u00e7\u00e3o de Especializa\u00e7\u00e3o em Cenografia, ambos na UTFPR. Em 1974, se graduou em Licenciatura em Desenho, Geometria Descritiva, Desenho Geom\u00e9trico, Desenho Perspectivo na Universidade Federal do Paran\u00e1 (UFPR). Tamb\u00e9m se graduou em Licenciatura em Composi\u00e7\u00e3o P\u00e1stica, pela Escola de M\u00fasica e Belas Artes do Paran\u00e1 (EMBAP), em 1979. Desde 1972, participa de Sal\u00f5es de Arte, como o XVI Sal\u00e3o de Artes Pl\u00e1sticas para novos, e em 1980, no VIII Sal\u00e3o de Artes do CEFET\/PR. De 1974 a 1977, participou da Sala de Artistas Professores da Escola de Artes da Casa Alfredo Andersen. Em 1988, participou da exposi\u00e7\u00e3o de Artes Pl\u00e1sticas em comemora\u00e7\u00e3o aos 80 anos da Imigra\u00e7\u00e3o Japonesa no estado do Paran\u00e1, no Pal\u00e1cio Igua\u00e7u, em Curitiba. Em 1998, participou da exposi\u00e7\u00e3o Espa\u00e7o &amp; Esp\u00e9cies, na Galeria Solar do Ros\u00e1rio. Em 2026, vai ser lan\u00e7ado o livro \"Composi\u00e7\u00e3o\".<\/p>\n","protected":false},"excerpt":{"rendered":"<p>Artista: Toshiyuki Sawada T\u00edtulo: P\u00e1ssaro Dimens\u00e3o: 22x17cm T\u00e9cnica: Aquarela sobre papel (sem moldura) &nbsp; &nbsp; Toshiyuki Sawada nasceu em 06\/11\/1943, em Galia - S\u00e3o Paulo. \u00c9 artista visual e atualmente professor volunt\u00e1rio do curso de Arquitetura e Urbanismo da Universidade Tecnol\u00f3gica Federal do Paran\u00e1 (UTFPR). J\u00e1 foi professor de Composi\u00e7\u00e3o e Perspectiva de Interiores do [&hellip;]<\/p>\n","protected":false},"featured_media":6835,"template":"","meta":[],"product_brand":[],"product_cat":[117],"product_tag":[],"class_list":{"0":"post-6834","1":"product","2":"type-product","3":"status-publish","4":"has-post-thumbnail","6":"product_cat-galeria","7":"pa_artista-toshiyuki-sawada","8":"pa_estilo-figurativo","9":"pa_tecnica-aquarela","11":"first","12":"instock","13":"shipping-taxable","14":"product-type-simple"},"yoast_head":"<!-- This site is optimized with the Yoast SEO plugin v27.4 - https:\/\/yoast.com\/product\/yoast-seo-wordpress\/ -->\n<title>Toshiyuki Sawada - P\u00e1ssaro - Solar do Ros\u00e1rio Galeria \\\\\\\\Nova<\/title>\n<meta name=\"robots\" content=\"index, follow, max-snippet:-1, max-image-preview:large, max-video-preview:-1\" \/>\n<link rel=\"canonical\" href=\"https:\/\/solardorosario.com.br\/galeria\/produto\/toshiyuki-sawada-passaro\/\" \/>\n<meta property=\"og:locale\" content=\"pt_BR\" \/>\n<meta property=\"og:type\" content=\"article\" \/>\n<meta property=\"og:title\" content=\"Toshiyuki Sawada - P\u00e1ssaro - Solar do Ros\u00e1rio Galeria \\\\\\\\Nova\" \/>\n<meta property=\"og:description\" content=\"Artista: Toshiyuki Sawada T\u00edtulo: P\u00e1ssaro Dimens\u00e3o: 22x17cm T\u00e9cnica: Aquarela sobre papel (sem moldura) &nbsp; &nbsp; Toshiyuki Sawada nasceu em 06\/11\/1943, em Galia - S\u00e3o Paulo. \u00c9 artista visual e atualmente professor volunt\u00e1rio do curso de Arquitetura e Urbanismo da Universidade Tecnol\u00f3gica Federal do Paran\u00e1 (UTFPR). J\u00e1 foi professor de Composi\u00e7\u00e3o e Perspectiva de Interiores do [&hellip;]\" \/>\n<meta property=\"og:url\" content=\"https:\/\/solardorosario.com.br\/galeria\/produto\/toshiyuki-sawada-passaro\/\" \/>\n<meta property=\"og:site_name\" content=\"Solar do Ros\u00e1rio Galeria \\\\\\\\Nova\" \/>\n<meta property=\"og:image\" content=\"https:\/\/solardorosario.com.br\/galeria\/wp-content\/uploads\/2026\/02\/2-Passaro-aquarela-sobre-papel-22x17cm.jpeg\" \/>\n\t<meta property=\"og:image:width\" content=\"1107\" \/>\n\t<meta property=\"og:image:height\" content=\"1280\" \/>\n\t<meta property=\"og:image:type\" content=\"image\/jpeg\" \/>\n<meta name=\"twitter:card\" content=\"summary_large_image\" \/>\n<meta name=\"twitter:label1\" content=\"Est. tempo de leitura\" \/>\n\t<meta name=\"twitter:data1\" content=\"2 minutos\" \/>\n<script type=\"application\/ld+json\" class=\"yoast-schema-graph\">{\"@context\":\"https:\\\/\\\/schema.org\",\"@graph\":[{\"@type\":\"WebPage\",\"@id\":\"https:\\\/\\\/solardorosario.com.br\\\/galeria\\\/produto\\\/toshiyuki-sawada-passaro\\\/\",\"url\":\"https:\\\/\\\/solardorosario.com.br\\\/galeria\\\/produto\\\/toshiyuki-sawada-passaro\\\/\",\"name\":\"Toshiyuki Sawada - P\u00e1ssaro - Solar do Ros\u00e1rio Galeria \\\\\\\\\\\\\\\\Nova\",\"isPartOf\":{\"@id\":\"https:\\\/\\\/solardorosario.com.br\\\/galeria\\\/#website\"},\"primaryImageOfPage\":{\"@id\":\"https:\\\/\\\/solardorosario.com.br\\\/galeria\\\/produto\\\/toshiyuki-sawada-passaro\\\/#primaryimage\"},\"image\":{\"@id\":\"https:\\\/\\\/solardorosario.com.br\\\/galeria\\\/produto\\\/toshiyuki-sawada-passaro\\\/#primaryimage\"},\"thumbnailUrl\":\"https:\\\/\\\/solardorosario.com.br\\\/galeria\\\/wp-content\\\/uploads\\\/2026\\\/02\\\/2-Passaro-aquarela-sobre-papel-22x17cm.jpeg\",\"datePublished\":\"2026-02-19T18:05:19+00:00\",\"breadcrumb\":{\"@id\":\"https:\\\/\\\/solardorosario.com.br\\\/galeria\\\/produto\\\/toshiyuki-sawada-passaro\\\/#breadcrumb\"},\"inLanguage\":\"pt-BR\",\"potentialAction\":[{\"@type\":\"ReadAction\",\"target\":[\"https:\\\/\\\/solardorosario.com.br\\\/galeria\\\/produto\\\/toshiyuki-sawada-passaro\\\/\"]}]},{\"@type\":\"ImageObject\",\"inLanguage\":\"pt-BR\",\"@id\":\"https:\\\/\\\/solardorosario.com.br\\\/galeria\\\/produto\\\/toshiyuki-sawada-passaro\\\/#primaryimage\",\"url\":\"https:\\\/\\\/solardorosario.com.br\\\/galeria\\\/wp-content\\\/uploads\\\/2026\\\/02\\\/2-Passaro-aquarela-sobre-papel-22x17cm.jpeg\",\"contentUrl\":\"https:\\\/\\\/solardorosario.com.br\\\/galeria\\\/wp-content\\\/uploads\\\/2026\\\/02\\\/2-Passaro-aquarela-sobre-papel-22x17cm.jpeg\",\"width\":1107,\"height\":1280},{\"@type\":\"BreadcrumbList\",\"@id\":\"https:\\\/\\\/solardorosario.com.br\\\/galeria\\\/produto\\\/toshiyuki-sawada-passaro\\\/#breadcrumb\",\"itemListElement\":[{\"@type\":\"ListItem\",\"position\":1,\"name\":\"In\u00edcio\",\"item\":\"https:\\\/\\\/solardorosario.com.br\\\/galeria\\\/\"},{\"@type\":\"ListItem\",\"position\":2,\"name\":\"galeria\",\"item\":\"https:\\\/\\\/solardorosario.com.br\\\/galeria\\\/galeria\\\/\"},{\"@type\":\"ListItem\",\"position\":3,\"name\":\"Toshiyuki Sawada - P\u00e1ssaro\"}]},{\"@type\":\"WebSite\",\"@id\":\"https:\\\/\\\/solardorosario.com.br\\\/galeria\\\/#website\",\"url\":\"https:\\\/\\\/solardorosario.com.br\\\/galeria\\\/\",\"name\":\"Solar do Ros\u00e1rio Galeria \\\\\\\\\\\\\\\\Nova\",\"description\":\"\",\"potentialAction\":[{\"@type\":\"SearchAction\",\"target\":{\"@type\":\"EntryPoint\",\"urlTemplate\":\"https:\\\/\\\/solardorosario.com.br\\\/galeria\\\/?s={search_term_string}\"},\"query-input\":{\"@type\":\"PropertyValueSpecification\",\"valueRequired\":true,\"valueName\":\"search_term_string\"}}],\"inLanguage\":\"pt-BR\"}]}<\/script>\n<!-- \/ Yoast SEO plugin. -->","yoast_head_json":{"title":"Toshiyuki Sawada - P\u00e1ssaro - Solar do Ros\u00e1rio Galeria \\\\\\\\Nova","robots":{"index":"index","follow":"follow","max-snippet":"max-snippet:-1","max-image-preview":"max-image-preview:large","max-video-preview":"max-video-preview:-1"},"canonical":"https:\/\/solardorosario.com.br\/galeria\/produto\/toshiyuki-sawada-passaro\/","og_locale":"pt_BR","og_type":"article","og_title":"Toshiyuki Sawada - P\u00e1ssaro - Solar do Ros\u00e1rio Galeria \\\\\\\\Nova","og_description":"Artista: Toshiyuki Sawada T\u00edtulo: P\u00e1ssaro Dimens\u00e3o: 22x17cm T\u00e9cnica: Aquarela sobre papel (sem moldura) &nbsp; &nbsp; Toshiyuki Sawada nasceu em 06\/11\/1943, em Galia - S\u00e3o Paulo. \u00c9 artista visual e atualmente professor volunt\u00e1rio do curso de Arquitetura e Urbanismo da Universidade Tecnol\u00f3gica Federal do Paran\u00e1 (UTFPR). J\u00e1 foi professor de Composi\u00e7\u00e3o e Perspectiva de Interiores do [&hellip;]","og_url":"https:\/\/solardorosario.com.br\/galeria\/produto\/toshiyuki-sawada-passaro\/","og_site_name":"Solar do Ros\u00e1rio Galeria \\\\\\\\Nova","og_image":[{"width":1107,"height":1280,"url":"https:\/\/solardorosario.com.br\/galeria\/wp-content\/uploads\/2026\/02\/2-Passaro-aquarela-sobre-papel-22x17cm.jpeg","type":"image\/jpeg"}],"twitter_card":"summary_large_image","twitter_misc":{"Est. tempo de leitura":"2 minutos"},"schema":{"@context":"https:\/\/schema.org","@graph":[{"@type":"WebPage","@id":"https:\/\/solardorosario.com.br\/galeria\/produto\/toshiyuki-sawada-passaro\/","url":"https:\/\/solardorosario.com.br\/galeria\/produto\/toshiyuki-sawada-passaro\/","name":"Toshiyuki Sawada - P\u00e1ssaro - Solar do Ros\u00e1rio Galeria \\\\\\\\Nova","isPartOf":{"@id":"https:\/\/solardorosario.com.br\/galeria\/#website"},"primaryImageOfPage":{"@id":"https:\/\/solardorosario.com.br\/galeria\/produto\/toshiyuki-sawada-passaro\/#primaryimage"},"image":{"@id":"https:\/\/solardorosario.com.br\/galeria\/produto\/toshiyuki-sawada-passaro\/#primaryimage"},"thumbnailUrl":"https:\/\/solardorosario.com.br\/galeria\/wp-content\/uploads\/2026\/02\/2-Passaro-aquarela-sobre-papel-22x17cm.jpeg","datePublished":"2026-02-19T18:05:19+00:00","breadcrumb":{"@id":"https:\/\/solardorosario.com.br\/galeria\/produto\/toshiyuki-sawada-passaro\/#breadcrumb"},"inLanguage":"pt-BR","potentialAction":[{"@type":"ReadAction","target":["https:\/\/solardorosario.com.br\/galeria\/produto\/toshiyuki-sawada-passaro\/"]}]},{"@type":"ImageObject","inLanguage":"pt-BR","@id":"https:\/\/solardorosario.com.br\/galeria\/produto\/toshiyuki-sawada-passaro\/#primaryimage","url":"https:\/\/solardorosario.com.br\/galeria\/wp-content\/uploads\/2026\/02\/2-Passaro-aquarela-sobre-papel-22x17cm.jpeg","contentUrl":"https:\/\/solardorosario.com.br\/galeria\/wp-content\/uploads\/2026\/02\/2-Passaro-aquarela-sobre-papel-22x17cm.jpeg","width":1107,"height":1280},{"@type":"BreadcrumbList","@id":"https:\/\/solardorosario.com.br\/galeria\/produto\/toshiyuki-sawada-passaro\/#breadcrumb","itemListElement":[{"@type":"ListItem","position":1,"name":"In\u00edcio","item":"https:\/\/solardorosario.com.br\/galeria\/"},{"@type":"ListItem","position":2,"name":"galeria","item":"https:\/\/solardorosario.com.br\/galeria\/galeria\/"},{"@type":"ListItem","position":3,"name":"Toshiyuki Sawada - P\u00e1ssaro"}]},{"@type":"WebSite","@id":"https:\/\/solardorosario.com.br\/galeria\/#website","url":"https:\/\/solardorosario.com.br\/galeria\/","name":"Solar do Ros\u00e1rio Galeria \\\\\\\\Nova","description":"","potentialAction":[{"@type":"SearchAction","target":{"@type":"EntryPoint","urlTemplate":"https:\/\/solardorosario.com.br\/galeria\/?s={search_term_string}"},"query-input":{"@type":"PropertyValueSpecification","valueRequired":true,"valueName":"search_term_string"}}],"inLanguage":"pt-BR"}]}},"_links":{"self":[{"href":"https:\/\/solardorosario.com.br\/galeria\/wp-json\/wp\/v2\/product\/6834","targetHints":{"allow":["GET"]}}],"collection":[{"href":"https:\/\/solardorosario.com.br\/galeria\/wp-json\/wp\/v2\/product"}],"about":[{"href":"https:\/\/solardorosario.com.br\/galeria\/wp-json\/wp\/v2\/types\/product"}],"wp:featuredmedia":[{"embeddable":true,"href":"https:\/\/solardorosario.com.br\/galeria\/wp-json\/wp\/v2\/media\/6835"}],"wp:attachment":[{"href":"https:\/\/solardorosario.com.br\/galeria\/wp-json\/wp\/v2\/media?parent=6834"}],"wp:term":[{"taxonomy":"product_brand","embeddable":true,"href":"https:\/\/solardorosario.com.br\/galeria\/wp-json\/wp\/v2\/product_brand?post=6834"},{"taxonomy":"product_cat","embeddable":true,"href":"https:\/\/solardorosario.com.br\/galeria\/wp-json\/wp\/v2\/product_cat?post=6834"},{"taxonomy":"product_tag","embeddable":true,"href":"https:\/\/solardorosario.com.br\/galeria\/wp-json\/wp\/v2\/product_tag?post=6834"}],"curies":[{"name":"wp","href":"https:\/\/api.w.org\/{rel}","templated":true}]}}