{"id":6800,"date":"2026-02-19T11:17:37","date_gmt":"2026-02-19T14:17:37","guid":{"rendered":"https:\/\/solardorosario.com.br\/galeria\/?post_type=product&#038;p=6800"},"modified":"2026-03-11T16:49:11","modified_gmt":"2026-03-11T19:49:11","slug":"orlando-dasilva-sem-titulo-nu-feminino","status":"publish","type":"product","link":"https:\/\/solardorosario.com.br\/galeria\/produto\/orlando-dasilva-sem-titulo-nu-feminino\/","title":{"rendered":"Orlando daSilva - Sem t\u00edtulo (Nu feminino)"},"content":{"rendered":"<p><strong>Artista:<\/strong> Orlando daSilva<\/p>\n<p><strong>T\u00edtulo:<\/strong> Sem t\u00edtulo (Nu feminino)<\/p>\n<p><strong>Dimens\u00e3o:<\/strong> 29x39cm<\/p>\n<p><strong>T\u00e9cnica:<\/strong> Xilogravura (sem moldura)<\/p>\n<p>&nbsp;<\/p>\n<p>&nbsp;<\/p>\n<p>Orlando Joaquim Correia da Silva (1923-2012)\u00a0 nasceu em Portugal, na cidade do Porto, em 1923. Faleceu na pequena cidade serrana de Paty dos Alferes, no Rio de Janeiro, em 2012, com 89 anos. Era professor, escritor, cr\u00edtico de arte, gravurista e artista visual. Se mudou com a fam\u00edlia, em 1932, aos 09 anos para o Brasil, fixando moradia na capital carioca, Rio de Janeiro. Em 1942, iniciou sua trajet\u00f3ria art\u00edstica, onde aprendeu desenho com Armando Pacheco no ateli\u00ea do artista, al\u00e9m de aulas de gravura com \u00e1gua-forte, com Carlos Oswald. Sua primeira exposi\u00e7\u00e3o coletiva foi em conjunto com Manuel Gaspar, entre 1943 e 1945. Com a cria\u00e7\u00e3o do curso de Ateli\u00ea de Gravura, Centro de Criatividade, o artista se mudou para Curitiba. Suas obras fazem parte do acervo de institui\u00e7\u00f5es reconhecidas como o Museu de Belas Artes, no Rio de Janeiro, a Biblioteca Nacional do Rio de Janeiro, o Museu de Arte Moderna de S\u00e3o Paulo (MAM-SP), o Museu Guido Viaro, em Curitiba, o Museu de Gravura da Cidade de Curitiba, o Museu de Arte Contempor\u00e2nea do Paran\u00e1, em Curitiba (MAC-PR), o Museu de Arte em Joinville - SC, o Museu de Arte de Santa Catarina, em Florian\u00f3polis, al\u00e9m da Biblioteca do Congresso, em Washigton (EUA), o Museu Hermitage, na R\u00fassia, entre outros.<\/p>\n","protected":false},"excerpt":{"rendered":"<p>Artista: Orlando daSilva T\u00edtulo: Sem t\u00edtulo (Nu feminino) Dimens\u00e3o: 29x39cm T\u00e9cnica: Xilogravura (sem moldura) &nbsp; &nbsp; Orlando Joaquim Correia da Silva (1923-2012)\u00a0 nasceu em Portugal, na cidade do Porto, em 1923. Faleceu na pequena cidade serrana de Paty dos Alferes, no Rio de Janeiro, em 2012, com 89 anos. Era professor, escritor, cr\u00edtico de arte, [&hellip;]<\/p>\n","protected":false},"featured_media":6804,"template":"","meta":[],"product_brand":[],"product_cat":[117],"product_tag":[],"class_list":{"0":"post-6800","1":"product","2":"type-product","3":"status-publish","4":"has-post-thumbnail","6":"product_cat-galeria","7":"pa_artista-orlando-da-silva","8":"pa_estilo-figura-humana","9":"pa_estilo-figurativo","10":"pa_estilo-gravura","11":"pa_tecnica-xilogravura","13":"first","14":"instock","15":"shipping-taxable","16":"product-type-simple"},"yoast_head":"<!-- This site is optimized with the Yoast SEO plugin v27.4 - https:\/\/yoast.com\/product\/yoast-seo-wordpress\/ -->\n<title>Orlando daSilva - Sem t\u00edtulo (Nu feminino) - Solar do Ros\u00e1rio Galeria \\\\\\\\Nova<\/title>\n<meta name=\"robots\" content=\"index, follow, max-snippet:-1, max-image-preview:large, max-video-preview:-1\" \/>\n<link rel=\"canonical\" href=\"https:\/\/solardorosario.com.br\/galeria\/produto\/orlando-dasilva-sem-titulo-nu-feminino\/\" \/>\n<meta property=\"og:locale\" content=\"pt_BR\" \/>\n<meta property=\"og:type\" content=\"article\" \/>\n<meta property=\"og:title\" content=\"Orlando daSilva - Sem t\u00edtulo (Nu feminino) - Solar do Ros\u00e1rio Galeria \\\\\\\\Nova\" \/>\n<meta property=\"og:description\" content=\"Artista: Orlando daSilva T\u00edtulo: Sem t\u00edtulo (Nu feminino) Dimens\u00e3o: 29x39cm T\u00e9cnica: Xilogravura (sem moldura) &nbsp; &nbsp; Orlando Joaquim Correia da Silva (1923-2012)\u00a0 nasceu em Portugal, na cidade do Porto, em 1923. Faleceu na pequena cidade serrana de Paty dos Alferes, no Rio de Janeiro, em 2012, com 89 anos. Era professor, escritor, cr\u00edtico de arte, [&hellip;]\" \/>\n<meta property=\"og:url\" content=\"https:\/\/solardorosario.com.br\/galeria\/produto\/orlando-dasilva-sem-titulo-nu-feminino\/\" \/>\n<meta property=\"og:site_name\" content=\"Solar do Ros\u00e1rio Galeria \\\\\\\\Nova\" \/>\n<meta property=\"article:modified_time\" content=\"2026-03-11T19:49:11+00:00\" \/>\n<meta property=\"og:image\" content=\"https:\/\/solardorosario.com.br\/galeria\/wp-content\/uploads\/2026\/02\/2-Nu-feminino-xilogravura-39x29cm-1-rotated.jpeg\" \/>\n\t<meta property=\"og:image:width\" content=\"980\" \/>\n\t<meta property=\"og:image:height\" content=\"1280\" \/>\n\t<meta property=\"og:image:type\" content=\"image\/jpeg\" \/>\n<meta name=\"twitter:card\" content=\"summary_large_image\" \/>\n<meta name=\"twitter:label1\" content=\"Est. tempo de leitura\" \/>\n\t<meta name=\"twitter:data1\" content=\"2 minutos\" \/>\n<script type=\"application\/ld+json\" class=\"yoast-schema-graph\">{\"@context\":\"https:\\\/\\\/schema.org\",\"@graph\":[{\"@type\":\"WebPage\",\"@id\":\"https:\\\/\\\/solardorosario.com.br\\\/galeria\\\/produto\\\/orlando-dasilva-sem-titulo-nu-feminino\\\/\",\"url\":\"https:\\\/\\\/solardorosario.com.br\\\/galeria\\\/produto\\\/orlando-dasilva-sem-titulo-nu-feminino\\\/\",\"name\":\"Orlando daSilva - Sem t\u00edtulo (Nu feminino) - Solar do Ros\u00e1rio Galeria \\\\\\\\\\\\\\\\Nova\",\"isPartOf\":{\"@id\":\"https:\\\/\\\/solardorosario.com.br\\\/galeria\\\/#website\"},\"primaryImageOfPage\":{\"@id\":\"https:\\\/\\\/solardorosario.com.br\\\/galeria\\\/produto\\\/orlando-dasilva-sem-titulo-nu-feminino\\\/#primaryimage\"},\"image\":{\"@id\":\"https:\\\/\\\/solardorosario.com.br\\\/galeria\\\/produto\\\/orlando-dasilva-sem-titulo-nu-feminino\\\/#primaryimage\"},\"thumbnailUrl\":\"https:\\\/\\\/solardorosario.com.br\\\/galeria\\\/wp-content\\\/uploads\\\/2026\\\/02\\\/2-Nu-feminino-xilogravura-39x29cm-1-rotated.jpeg\",\"datePublished\":\"2026-02-19T14:17:37+00:00\",\"dateModified\":\"2026-03-11T19:49:11+00:00\",\"breadcrumb\":{\"@id\":\"https:\\\/\\\/solardorosario.com.br\\\/galeria\\\/produto\\\/orlando-dasilva-sem-titulo-nu-feminino\\\/#breadcrumb\"},\"inLanguage\":\"pt-BR\",\"potentialAction\":[{\"@type\":\"ReadAction\",\"target\":[\"https:\\\/\\\/solardorosario.com.br\\\/galeria\\\/produto\\\/orlando-dasilva-sem-titulo-nu-feminino\\\/\"]}]},{\"@type\":\"ImageObject\",\"inLanguage\":\"pt-BR\",\"@id\":\"https:\\\/\\\/solardorosario.com.br\\\/galeria\\\/produto\\\/orlando-dasilva-sem-titulo-nu-feminino\\\/#primaryimage\",\"url\":\"https:\\\/\\\/solardorosario.com.br\\\/galeria\\\/wp-content\\\/uploads\\\/2026\\\/02\\\/2-Nu-feminino-xilogravura-39x29cm-1-rotated.jpeg\",\"contentUrl\":\"https:\\\/\\\/solardorosario.com.br\\\/galeria\\\/wp-content\\\/uploads\\\/2026\\\/02\\\/2-Nu-feminino-xilogravura-39x29cm-1-rotated.jpeg\",\"width\":980,\"height\":1280},{\"@type\":\"BreadcrumbList\",\"@id\":\"https:\\\/\\\/solardorosario.com.br\\\/galeria\\\/produto\\\/orlando-dasilva-sem-titulo-nu-feminino\\\/#breadcrumb\",\"itemListElement\":[{\"@type\":\"ListItem\",\"position\":1,\"name\":\"In\u00edcio\",\"item\":\"https:\\\/\\\/solardorosario.com.br\\\/galeria\\\/\"},{\"@type\":\"ListItem\",\"position\":2,\"name\":\"galeria\",\"item\":\"https:\\\/\\\/solardorosario.com.br\\\/galeria\\\/galeria\\\/\"},{\"@type\":\"ListItem\",\"position\":3,\"name\":\"Orlando daSilva - Sem t\u00edtulo (Nu feminino)\"}]},{\"@type\":\"WebSite\",\"@id\":\"https:\\\/\\\/solardorosario.com.br\\\/galeria\\\/#website\",\"url\":\"https:\\\/\\\/solardorosario.com.br\\\/galeria\\\/\",\"name\":\"Solar do Ros\u00e1rio Galeria \\\\\\\\\\\\\\\\Nova\",\"description\":\"\",\"potentialAction\":[{\"@type\":\"SearchAction\",\"target\":{\"@type\":\"EntryPoint\",\"urlTemplate\":\"https:\\\/\\\/solardorosario.com.br\\\/galeria\\\/?s={search_term_string}\"},\"query-input\":{\"@type\":\"PropertyValueSpecification\",\"valueRequired\":true,\"valueName\":\"search_term_string\"}}],\"inLanguage\":\"pt-BR\"}]}<\/script>\n<!-- \/ Yoast SEO plugin. -->","yoast_head_json":{"title":"Orlando daSilva - Sem t\u00edtulo (Nu feminino) - Solar do Ros\u00e1rio Galeria \\\\\\\\Nova","robots":{"index":"index","follow":"follow","max-snippet":"max-snippet:-1","max-image-preview":"max-image-preview:large","max-video-preview":"max-video-preview:-1"},"canonical":"https:\/\/solardorosario.com.br\/galeria\/produto\/orlando-dasilva-sem-titulo-nu-feminino\/","og_locale":"pt_BR","og_type":"article","og_title":"Orlando daSilva - Sem t\u00edtulo (Nu feminino) - Solar do Ros\u00e1rio Galeria \\\\\\\\Nova","og_description":"Artista: Orlando daSilva T\u00edtulo: Sem t\u00edtulo (Nu feminino) Dimens\u00e3o: 29x39cm T\u00e9cnica: Xilogravura (sem moldura) &nbsp; &nbsp; Orlando Joaquim Correia da Silva (1923-2012)\u00a0 nasceu em Portugal, na cidade do Porto, em 1923. Faleceu na pequena cidade serrana de Paty dos Alferes, no Rio de Janeiro, em 2012, com 89 anos. Era professor, escritor, cr\u00edtico de arte, [&hellip;]","og_url":"https:\/\/solardorosario.com.br\/galeria\/produto\/orlando-dasilva-sem-titulo-nu-feminino\/","og_site_name":"Solar do Ros\u00e1rio Galeria \\\\\\\\Nova","article_modified_time":"2026-03-11T19:49:11+00:00","og_image":[{"width":980,"height":1280,"url":"https:\/\/solardorosario.com.br\/galeria\/wp-content\/uploads\/2026\/02\/2-Nu-feminino-xilogravura-39x29cm-1-rotated.jpeg","type":"image\/jpeg"}],"twitter_card":"summary_large_image","twitter_misc":{"Est. tempo de leitura":"2 minutos"},"schema":{"@context":"https:\/\/schema.org","@graph":[{"@type":"WebPage","@id":"https:\/\/solardorosario.com.br\/galeria\/produto\/orlando-dasilva-sem-titulo-nu-feminino\/","url":"https:\/\/solardorosario.com.br\/galeria\/produto\/orlando-dasilva-sem-titulo-nu-feminino\/","name":"Orlando daSilva - Sem t\u00edtulo (Nu feminino) - Solar do Ros\u00e1rio Galeria \\\\\\\\Nova","isPartOf":{"@id":"https:\/\/solardorosario.com.br\/galeria\/#website"},"primaryImageOfPage":{"@id":"https:\/\/solardorosario.com.br\/galeria\/produto\/orlando-dasilva-sem-titulo-nu-feminino\/#primaryimage"},"image":{"@id":"https:\/\/solardorosario.com.br\/galeria\/produto\/orlando-dasilva-sem-titulo-nu-feminino\/#primaryimage"},"thumbnailUrl":"https:\/\/solardorosario.com.br\/galeria\/wp-content\/uploads\/2026\/02\/2-Nu-feminino-xilogravura-39x29cm-1-rotated.jpeg","datePublished":"2026-02-19T14:17:37+00:00","dateModified":"2026-03-11T19:49:11+00:00","breadcrumb":{"@id":"https:\/\/solardorosario.com.br\/galeria\/produto\/orlando-dasilva-sem-titulo-nu-feminino\/#breadcrumb"},"inLanguage":"pt-BR","potentialAction":[{"@type":"ReadAction","target":["https:\/\/solardorosario.com.br\/galeria\/produto\/orlando-dasilva-sem-titulo-nu-feminino\/"]}]},{"@type":"ImageObject","inLanguage":"pt-BR","@id":"https:\/\/solardorosario.com.br\/galeria\/produto\/orlando-dasilva-sem-titulo-nu-feminino\/#primaryimage","url":"https:\/\/solardorosario.com.br\/galeria\/wp-content\/uploads\/2026\/02\/2-Nu-feminino-xilogravura-39x29cm-1-rotated.jpeg","contentUrl":"https:\/\/solardorosario.com.br\/galeria\/wp-content\/uploads\/2026\/02\/2-Nu-feminino-xilogravura-39x29cm-1-rotated.jpeg","width":980,"height":1280},{"@type":"BreadcrumbList","@id":"https:\/\/solardorosario.com.br\/galeria\/produto\/orlando-dasilva-sem-titulo-nu-feminino\/#breadcrumb","itemListElement":[{"@type":"ListItem","position":1,"name":"In\u00edcio","item":"https:\/\/solardorosario.com.br\/galeria\/"},{"@type":"ListItem","position":2,"name":"galeria","item":"https:\/\/solardorosario.com.br\/galeria\/galeria\/"},{"@type":"ListItem","position":3,"name":"Orlando daSilva - Sem t\u00edtulo (Nu feminino)"}]},{"@type":"WebSite","@id":"https:\/\/solardorosario.com.br\/galeria\/#website","url":"https:\/\/solardorosario.com.br\/galeria\/","name":"Solar do Ros\u00e1rio Galeria \\\\\\\\Nova","description":"","potentialAction":[{"@type":"SearchAction","target":{"@type":"EntryPoint","urlTemplate":"https:\/\/solardorosario.com.br\/galeria\/?s={search_term_string}"},"query-input":{"@type":"PropertyValueSpecification","valueRequired":true,"valueName":"search_term_string"}}],"inLanguage":"pt-BR"}]}},"_links":{"self":[{"href":"https:\/\/solardorosario.com.br\/galeria\/wp-json\/wp\/v2\/product\/6800","targetHints":{"allow":["GET"]}}],"collection":[{"href":"https:\/\/solardorosario.com.br\/galeria\/wp-json\/wp\/v2\/product"}],"about":[{"href":"https:\/\/solardorosario.com.br\/galeria\/wp-json\/wp\/v2\/types\/product"}],"wp:featuredmedia":[{"embeddable":true,"href":"https:\/\/solardorosario.com.br\/galeria\/wp-json\/wp\/v2\/media\/6804"}],"wp:attachment":[{"href":"https:\/\/solardorosario.com.br\/galeria\/wp-json\/wp\/v2\/media?parent=6800"}],"wp:term":[{"taxonomy":"product_brand","embeddable":true,"href":"https:\/\/solardorosario.com.br\/galeria\/wp-json\/wp\/v2\/product_brand?post=6800"},{"taxonomy":"product_cat","embeddable":true,"href":"https:\/\/solardorosario.com.br\/galeria\/wp-json\/wp\/v2\/product_cat?post=6800"},{"taxonomy":"product_tag","embeddable":true,"href":"https:\/\/solardorosario.com.br\/galeria\/wp-json\/wp\/v2\/product_tag?post=6800"}],"curies":[{"name":"wp","href":"https:\/\/api.w.org\/{rel}","templated":true}]}}