{"id":6788,"date":"2026-02-18T15:27:01","date_gmt":"2026-02-18T18:27:01","guid":{"rendered":"https:\/\/solardorosario.com.br\/galeria\/?post_type=product&#038;p=6788"},"modified":"2026-02-18T15:27:01","modified_gmt":"2026-02-18T18:27:01","slug":"luiz-martins-sem-titulo-48x50cm","status":"publish","type":"product","link":"https:\/\/solardorosario.com.br\/galeria\/produto\/luiz-martins-sem-titulo-48x50cm\/","title":{"rendered":"Luiz Martins - Sem t\u00edtulo 48x50cm"},"content":{"rendered":"<p><strong>Artista:<\/strong>\u00a0Luiz Martins<\/p>\n<p><strong>T\u00edtulo:<\/strong> Sem t\u00edtulo<\/p>\n<p><strong>Dimens\u00e3o:<\/strong> 48x50cm<\/p>\n<p><strong>T\u00e9cnica:<\/strong>\u00a0Serigrafia (sem moldura)<\/p>\n<p>&nbsp;<\/p>\n<p>&nbsp;<\/p>\n<p>Luiz Martins nasceu em Machacalis, uma cidade pequena do interior de Minas Gerais. \u00c9 artista visual autodidata, que se inspira nas pinturas rupestres brasileiras, pois teve muito contato com elas, na regi\u00e3o que foi criado. Muda para S\u00e3o Paulo aos 17 anos. Desde 1995 exp\u00f4s em mostras e exposi\u00e7\u00f5es coletivas em galerias de arte e espa\u00e7os expositivos no Brasil e internacionalmente, como o Espa\u00e7o Cultural Casper L\u00edbero, o Centro Cultural S\u00e3o Paulo e o Sal\u00e3o de Artes do Mercosul - Organiza\u00e7\u00e3o Funda\u00e7\u00e3o Bollini, na Argentina. Sua primeira exposi\u00e7\u00e3o individual foi em 1996, em S\u00e3o Paulo, na Galeria Uni\u00e3o Cultural Brasil Estados Unidos. Com o passar do tempo, fez outras individuais tamb\u00e9m em S\u00e3o Paulo, em Piracicaba, no Rio de Janeiro, em Curitiba, e tamb\u00e9m em Viena, na \u00c1ustria. Suas obras fazem parte de acervos oficiais da Funda\u00e7\u00e3o Bollini, na Argentina, da Latin American Post, na Col\u00f4mbia, na Pinacoteca de S\u00e3o Bernardo do Campo e na Galeria de A Hebraica, ambas em S\u00e3o Paulo.<\/p>\n","protected":false},"excerpt":{"rendered":"<p>Artista:\u00a0Luiz Martins T\u00edtulo: Sem t\u00edtulo Dimens\u00e3o: 48x50cm T\u00e9cnica:\u00a0Serigrafia (sem moldura) &nbsp; &nbsp; Luiz Martins nasceu em Machacalis, uma cidade pequena do interior de Minas Gerais. \u00c9 artista visual autodidata, que se inspira nas pinturas rupestres brasileiras, pois teve muito contato com elas, na regi\u00e3o que foi criado. Muda para S\u00e3o Paulo aos 17 anos. Desde [&hellip;]<\/p>\n","protected":false},"featured_media":6790,"template":"","meta":[],"product_brand":[],"product_cat":[117],"product_tag":[],"class_list":{"0":"post-6788","1":"product","2":"type-product","3":"status-publish","4":"has-post-thumbnail","6":"product_cat-galeria","7":"pa_artista-luiz-martins","8":"pa_estilo-abstrato","9":"pa_tecnica-serigrafia","11":"first","12":"instock","13":"shipping-taxable","14":"product-type-simple"},"yoast_head":"<!-- This site is optimized with the Yoast SEO plugin v27.4 - https:\/\/yoast.com\/product\/yoast-seo-wordpress\/ -->\n<title>Luiz Martins - Sem t\u00edtulo 48x50cm - Solar do Ros\u00e1rio Galeria \\\\\\\\Nova<\/title>\n<meta name=\"robots\" content=\"index, follow, max-snippet:-1, max-image-preview:large, max-video-preview:-1\" \/>\n<link rel=\"canonical\" href=\"https:\/\/solardorosario.com.br\/galeria\/produto\/luiz-martins-sem-titulo-48x50cm\/\" \/>\n<meta property=\"og:locale\" content=\"pt_BR\" \/>\n<meta property=\"og:type\" content=\"article\" \/>\n<meta property=\"og:title\" content=\"Luiz Martins - Sem t\u00edtulo 48x50cm - Solar do Ros\u00e1rio Galeria \\\\\\\\Nova\" \/>\n<meta property=\"og:description\" content=\"Artista:\u00a0Luiz Martins T\u00edtulo: Sem t\u00edtulo Dimens\u00e3o: 48x50cm T\u00e9cnica:\u00a0Serigrafia (sem moldura) &nbsp; &nbsp; Luiz Martins nasceu em Machacalis, uma cidade pequena do interior de Minas Gerais. \u00c9 artista visual autodidata, que se inspira nas pinturas rupestres brasileiras, pois teve muito contato com elas, na regi\u00e3o que foi criado. Muda para S\u00e3o Paulo aos 17 anos. Desde [&hellip;]\" \/>\n<meta property=\"og:url\" content=\"https:\/\/solardorosario.com.br\/galeria\/produto\/luiz-martins-sem-titulo-48x50cm\/\" \/>\n<meta property=\"og:site_name\" content=\"Solar do Ros\u00e1rio Galeria \\\\\\\\Nova\" \/>\n<meta property=\"og:image\" content=\"https:\/\/solardorosario.com.br\/galeria\/wp-content\/uploads\/2026\/02\/3-Sem-titulo-48x50cm-Serigrafia.jpeg\" \/>\n\t<meta property=\"og:image:width\" content=\"1241\" \/>\n\t<meta property=\"og:image:height\" content=\"1280\" \/>\n\t<meta property=\"og:image:type\" content=\"image\/jpeg\" \/>\n<meta name=\"twitter:card\" content=\"summary_large_image\" \/>\n<meta name=\"twitter:label1\" content=\"Est. tempo de leitura\" \/>\n\t<meta name=\"twitter:data1\" content=\"2 minutos\" \/>\n<script type=\"application\/ld+json\" class=\"yoast-schema-graph\">{\"@context\":\"https:\\\/\\\/schema.org\",\"@graph\":[{\"@type\":\"WebPage\",\"@id\":\"https:\\\/\\\/solardorosario.com.br\\\/galeria\\\/produto\\\/luiz-martins-sem-titulo-48x50cm\\\/\",\"url\":\"https:\\\/\\\/solardorosario.com.br\\\/galeria\\\/produto\\\/luiz-martins-sem-titulo-48x50cm\\\/\",\"name\":\"Luiz Martins - Sem t\u00edtulo 48x50cm - Solar do Ros\u00e1rio Galeria \\\\\\\\\\\\\\\\Nova\",\"isPartOf\":{\"@id\":\"https:\\\/\\\/solardorosario.com.br\\\/galeria\\\/#website\"},\"primaryImageOfPage\":{\"@id\":\"https:\\\/\\\/solardorosario.com.br\\\/galeria\\\/produto\\\/luiz-martins-sem-titulo-48x50cm\\\/#primaryimage\"},\"image\":{\"@id\":\"https:\\\/\\\/solardorosario.com.br\\\/galeria\\\/produto\\\/luiz-martins-sem-titulo-48x50cm\\\/#primaryimage\"},\"thumbnailUrl\":\"https:\\\/\\\/solardorosario.com.br\\\/galeria\\\/wp-content\\\/uploads\\\/2026\\\/02\\\/3-Sem-titulo-48x50cm-Serigrafia.jpeg\",\"datePublished\":\"2026-02-18T18:27:01+00:00\",\"breadcrumb\":{\"@id\":\"https:\\\/\\\/solardorosario.com.br\\\/galeria\\\/produto\\\/luiz-martins-sem-titulo-48x50cm\\\/#breadcrumb\"},\"inLanguage\":\"pt-BR\",\"potentialAction\":[{\"@type\":\"ReadAction\",\"target\":[\"https:\\\/\\\/solardorosario.com.br\\\/galeria\\\/produto\\\/luiz-martins-sem-titulo-48x50cm\\\/\"]}]},{\"@type\":\"ImageObject\",\"inLanguage\":\"pt-BR\",\"@id\":\"https:\\\/\\\/solardorosario.com.br\\\/galeria\\\/produto\\\/luiz-martins-sem-titulo-48x50cm\\\/#primaryimage\",\"url\":\"https:\\\/\\\/solardorosario.com.br\\\/galeria\\\/wp-content\\\/uploads\\\/2026\\\/02\\\/3-Sem-titulo-48x50cm-Serigrafia.jpeg\",\"contentUrl\":\"https:\\\/\\\/solardorosario.com.br\\\/galeria\\\/wp-content\\\/uploads\\\/2026\\\/02\\\/3-Sem-titulo-48x50cm-Serigrafia.jpeg\",\"width\":1241,\"height\":1280},{\"@type\":\"BreadcrumbList\",\"@id\":\"https:\\\/\\\/solardorosario.com.br\\\/galeria\\\/produto\\\/luiz-martins-sem-titulo-48x50cm\\\/#breadcrumb\",\"itemListElement\":[{\"@type\":\"ListItem\",\"position\":1,\"name\":\"In\u00edcio\",\"item\":\"https:\\\/\\\/solardorosario.com.br\\\/galeria\\\/\"},{\"@type\":\"ListItem\",\"position\":2,\"name\":\"galeria\",\"item\":\"https:\\\/\\\/solardorosario.com.br\\\/galeria\\\/galeria\\\/\"},{\"@type\":\"ListItem\",\"position\":3,\"name\":\"Luiz Martins - Sem t\u00edtulo 48x50cm\"}]},{\"@type\":\"WebSite\",\"@id\":\"https:\\\/\\\/solardorosario.com.br\\\/galeria\\\/#website\",\"url\":\"https:\\\/\\\/solardorosario.com.br\\\/galeria\\\/\",\"name\":\"Solar do Ros\u00e1rio Galeria \\\\\\\\\\\\\\\\Nova\",\"description\":\"\",\"potentialAction\":[{\"@type\":\"SearchAction\",\"target\":{\"@type\":\"EntryPoint\",\"urlTemplate\":\"https:\\\/\\\/solardorosario.com.br\\\/galeria\\\/?s={search_term_string}\"},\"query-input\":{\"@type\":\"PropertyValueSpecification\",\"valueRequired\":true,\"valueName\":\"search_term_string\"}}],\"inLanguage\":\"pt-BR\"}]}<\/script>\n<!-- \/ Yoast SEO plugin. -->","yoast_head_json":{"title":"Luiz Martins - Sem t\u00edtulo 48x50cm - Solar do Ros\u00e1rio Galeria \\\\\\\\Nova","robots":{"index":"index","follow":"follow","max-snippet":"max-snippet:-1","max-image-preview":"max-image-preview:large","max-video-preview":"max-video-preview:-1"},"canonical":"https:\/\/solardorosario.com.br\/galeria\/produto\/luiz-martins-sem-titulo-48x50cm\/","og_locale":"pt_BR","og_type":"article","og_title":"Luiz Martins - Sem t\u00edtulo 48x50cm - Solar do Ros\u00e1rio Galeria \\\\\\\\Nova","og_description":"Artista:\u00a0Luiz Martins T\u00edtulo: Sem t\u00edtulo Dimens\u00e3o: 48x50cm T\u00e9cnica:\u00a0Serigrafia (sem moldura) &nbsp; &nbsp; Luiz Martins nasceu em Machacalis, uma cidade pequena do interior de Minas Gerais. \u00c9 artista visual autodidata, que se inspira nas pinturas rupestres brasileiras, pois teve muito contato com elas, na regi\u00e3o que foi criado. Muda para S\u00e3o Paulo aos 17 anos. Desde [&hellip;]","og_url":"https:\/\/solardorosario.com.br\/galeria\/produto\/luiz-martins-sem-titulo-48x50cm\/","og_site_name":"Solar do Ros\u00e1rio Galeria \\\\\\\\Nova","og_image":[{"width":1241,"height":1280,"url":"https:\/\/solardorosario.com.br\/galeria\/wp-content\/uploads\/2026\/02\/3-Sem-titulo-48x50cm-Serigrafia.jpeg","type":"image\/jpeg"}],"twitter_card":"summary_large_image","twitter_misc":{"Est. tempo de leitura":"2 minutos"},"schema":{"@context":"https:\/\/schema.org","@graph":[{"@type":"WebPage","@id":"https:\/\/solardorosario.com.br\/galeria\/produto\/luiz-martins-sem-titulo-48x50cm\/","url":"https:\/\/solardorosario.com.br\/galeria\/produto\/luiz-martins-sem-titulo-48x50cm\/","name":"Luiz Martins - Sem t\u00edtulo 48x50cm - Solar do Ros\u00e1rio Galeria \\\\\\\\Nova","isPartOf":{"@id":"https:\/\/solardorosario.com.br\/galeria\/#website"},"primaryImageOfPage":{"@id":"https:\/\/solardorosario.com.br\/galeria\/produto\/luiz-martins-sem-titulo-48x50cm\/#primaryimage"},"image":{"@id":"https:\/\/solardorosario.com.br\/galeria\/produto\/luiz-martins-sem-titulo-48x50cm\/#primaryimage"},"thumbnailUrl":"https:\/\/solardorosario.com.br\/galeria\/wp-content\/uploads\/2026\/02\/3-Sem-titulo-48x50cm-Serigrafia.jpeg","datePublished":"2026-02-18T18:27:01+00:00","breadcrumb":{"@id":"https:\/\/solardorosario.com.br\/galeria\/produto\/luiz-martins-sem-titulo-48x50cm\/#breadcrumb"},"inLanguage":"pt-BR","potentialAction":[{"@type":"ReadAction","target":["https:\/\/solardorosario.com.br\/galeria\/produto\/luiz-martins-sem-titulo-48x50cm\/"]}]},{"@type":"ImageObject","inLanguage":"pt-BR","@id":"https:\/\/solardorosario.com.br\/galeria\/produto\/luiz-martins-sem-titulo-48x50cm\/#primaryimage","url":"https:\/\/solardorosario.com.br\/galeria\/wp-content\/uploads\/2026\/02\/3-Sem-titulo-48x50cm-Serigrafia.jpeg","contentUrl":"https:\/\/solardorosario.com.br\/galeria\/wp-content\/uploads\/2026\/02\/3-Sem-titulo-48x50cm-Serigrafia.jpeg","width":1241,"height":1280},{"@type":"BreadcrumbList","@id":"https:\/\/solardorosario.com.br\/galeria\/produto\/luiz-martins-sem-titulo-48x50cm\/#breadcrumb","itemListElement":[{"@type":"ListItem","position":1,"name":"In\u00edcio","item":"https:\/\/solardorosario.com.br\/galeria\/"},{"@type":"ListItem","position":2,"name":"galeria","item":"https:\/\/solardorosario.com.br\/galeria\/galeria\/"},{"@type":"ListItem","position":3,"name":"Luiz Martins - Sem t\u00edtulo 48x50cm"}]},{"@type":"WebSite","@id":"https:\/\/solardorosario.com.br\/galeria\/#website","url":"https:\/\/solardorosario.com.br\/galeria\/","name":"Solar do Ros\u00e1rio Galeria \\\\\\\\Nova","description":"","potentialAction":[{"@type":"SearchAction","target":{"@type":"EntryPoint","urlTemplate":"https:\/\/solardorosario.com.br\/galeria\/?s={search_term_string}"},"query-input":{"@type":"PropertyValueSpecification","valueRequired":true,"valueName":"search_term_string"}}],"inLanguage":"pt-BR"}]}},"_links":{"self":[{"href":"https:\/\/solardorosario.com.br\/galeria\/wp-json\/wp\/v2\/product\/6788","targetHints":{"allow":["GET"]}}],"collection":[{"href":"https:\/\/solardorosario.com.br\/galeria\/wp-json\/wp\/v2\/product"}],"about":[{"href":"https:\/\/solardorosario.com.br\/galeria\/wp-json\/wp\/v2\/types\/product"}],"wp:featuredmedia":[{"embeddable":true,"href":"https:\/\/solardorosario.com.br\/galeria\/wp-json\/wp\/v2\/media\/6790"}],"wp:attachment":[{"href":"https:\/\/solardorosario.com.br\/galeria\/wp-json\/wp\/v2\/media?parent=6788"}],"wp:term":[{"taxonomy":"product_brand","embeddable":true,"href":"https:\/\/solardorosario.com.br\/galeria\/wp-json\/wp\/v2\/product_brand?post=6788"},{"taxonomy":"product_cat","embeddable":true,"href":"https:\/\/solardorosario.com.br\/galeria\/wp-json\/wp\/v2\/product_cat?post=6788"},{"taxonomy":"product_tag","embeddable":true,"href":"https:\/\/solardorosario.com.br\/galeria\/wp-json\/wp\/v2\/product_tag?post=6788"}],"curies":[{"name":"wp","href":"https:\/\/api.w.org\/{rel}","templated":true}]}}