{"id":6784,"date":"2026-02-18T15:20:41","date_gmt":"2026-02-18T18:20:41","guid":{"rendered":"https:\/\/solardorosario.com.br\/galeria\/?post_type=product&#038;p=6784"},"modified":"2026-02-18T15:21:05","modified_gmt":"2026-02-18T18:21:05","slug":"lucia-pe-arara","status":"publish","type":"product","link":"https:\/\/solardorosario.com.br\/galeria\/produto\/lucia-pe-arara\/","title":{"rendered":"Lucia PE - Arara"},"content":{"rendered":"<p><strong>Artista:<\/strong> Lucie PE<\/p>\n<p><strong>T\u00edtulo:<\/strong> Arara<\/p>\n<p><strong>Dimens\u00e3o:<\/strong> 30x43cm<\/p>\n<p><strong>T\u00e9cnica:<\/strong> Desenho em l\u00e1pis sobre papel (sem moldura)<\/p>\n<p>&nbsp;<\/p>\n<p>&nbsp;<\/p>\n<p>Lucia Vasconcellos de Oliveira, tamb\u00e9m conhecida como Lucia PE, \u00e9 nascida em Recife - Pernambuco, em 1951. Se formou em Arquitetura na Universidade Federal de Pernambuco (UFPE) e frequentou a Escolinha de Artes do Recife\/PE. Em 1981, se mudou para Curitiba - Paran\u00e1 e fez aulas no Centro de Criatividade com o professor e artista visual Alberto Massuda. Exerce fun\u00e7\u00f5es como arquiteta no Instituto de Pesquisa e Planejamento Urbano de Curitiba (IPPUC) na capital paranaense. Desde 1979, participa de exposi\u00e7\u00f5es coletivas e Sal\u00f5es de Arte. A primeira foi no II Sal\u00e3o da Ferrovia, no Rio de Janeiro - RJ. Em 1982, participou do 26\u00ba Sal\u00e3o de Artes Pl\u00e1sticas Para Novos em Uni\u00e3o da Vit\u00f3ria - PR, al\u00e9m do 2\u00ba Jovem Arte Sul Am\u00e9rica, em Florian\u00f3polis - SC. Em 1984, participou da sua 1\u00aa exposi\u00e7\u00e3o individual, na Galeria de Arte Centro Cultural Brasil Estados Unidos de Curitiba. Ao longo dos anos, fez parte de outras exposi\u00e7\u00f5es em diversos locais no Brasil, como Curitiba, Tel\u00eamaco Borba e Porto Alegre.<\/p>\n","protected":false},"excerpt":{"rendered":"<p>Artista: Lucie PE T\u00edtulo: Arara Dimens\u00e3o: 30x43cm T\u00e9cnica: Desenho em l\u00e1pis sobre papel (sem moldura) &nbsp; &nbsp; Lucia Vasconcellos de Oliveira, tamb\u00e9m conhecida como Lucia PE, \u00e9 nascida em Recife - Pernambuco, em 1951. Se formou em Arquitetura na Universidade Federal de Pernambuco (UFPE) e frequentou a Escolinha de Artes do Recife\/PE. Em 1981, se [&hellip;]<\/p>\n","protected":false},"featured_media":6785,"template":"","meta":[],"product_brand":[],"product_cat":[117],"product_tag":[],"class_list":{"0":"post-6784","1":"product","2":"type-product","3":"status-publish","4":"has-post-thumbnail","6":"product_cat-galeria","7":"pa_artista-lucia-pe","8":"pa_estilo-figurativo","9":"pa_tecnica-desenho","11":"first","12":"instock","13":"shipping-taxable","14":"product-type-simple"},"yoast_head":"<!-- This site is optimized with the Yoast SEO plugin v27.4 - https:\/\/yoast.com\/product\/yoast-seo-wordpress\/ -->\n<title>Lucia PE - Arara - Solar do Ros\u00e1rio Galeria \\\\\\\\Nova<\/title>\n<meta name=\"robots\" content=\"index, follow, max-snippet:-1, max-image-preview:large, max-video-preview:-1\" \/>\n<link rel=\"canonical\" href=\"https:\/\/solardorosario.com.br\/galeria\/produto\/lucia-pe-arara\/\" \/>\n<meta property=\"og:locale\" content=\"pt_BR\" \/>\n<meta property=\"og:type\" content=\"article\" \/>\n<meta property=\"og:title\" content=\"Lucia PE - Arara - Solar do Ros\u00e1rio Galeria \\\\\\\\Nova\" \/>\n<meta property=\"og:description\" content=\"Artista: Lucie PE T\u00edtulo: Arara Dimens\u00e3o: 30x43cm T\u00e9cnica: Desenho em l\u00e1pis sobre papel (sem moldura) &nbsp; &nbsp; Lucia Vasconcellos de Oliveira, tamb\u00e9m conhecida como Lucia PE, \u00e9 nascida em Recife - Pernambuco, em 1951. Se formou em Arquitetura na Universidade Federal de Pernambuco (UFPE) e frequentou a Escolinha de Artes do Recife\/PE. Em 1981, se [&hellip;]\" \/>\n<meta property=\"og:url\" content=\"https:\/\/solardorosario.com.br\/galeria\/produto\/lucia-pe-arara\/\" \/>\n<meta property=\"og:site_name\" content=\"Solar do Ros\u00e1rio Galeria \\\\\\\\Nova\" \/>\n<meta property=\"article:modified_time\" content=\"2026-02-18T18:21:05+00:00\" \/>\n<meta property=\"og:image\" content=\"https:\/\/solardorosario.com.br\/galeria\/wp-content\/uploads\/2026\/02\/2-Serie-Arara-Desenho-30x43cm.jpeg\" \/>\n\t<meta property=\"og:image:width\" content=\"877\" \/>\n\t<meta property=\"og:image:height\" content=\"1280\" \/>\n\t<meta property=\"og:image:type\" content=\"image\/jpeg\" \/>\n<meta name=\"twitter:card\" content=\"summary_large_image\" \/>\n<meta name=\"twitter:label1\" content=\"Est. tempo de leitura\" \/>\n\t<meta name=\"twitter:data1\" content=\"2 minutos\" \/>\n<script type=\"application\/ld+json\" class=\"yoast-schema-graph\">{\"@context\":\"https:\\\/\\\/schema.org\",\"@graph\":[{\"@type\":\"WebPage\",\"@id\":\"https:\\\/\\\/solardorosario.com.br\\\/galeria\\\/produto\\\/lucia-pe-arara\\\/\",\"url\":\"https:\\\/\\\/solardorosario.com.br\\\/galeria\\\/produto\\\/lucia-pe-arara\\\/\",\"name\":\"Lucia PE - Arara - Solar do Ros\u00e1rio Galeria \\\\\\\\\\\\\\\\Nova\",\"isPartOf\":{\"@id\":\"https:\\\/\\\/solardorosario.com.br\\\/galeria\\\/#website\"},\"primaryImageOfPage\":{\"@id\":\"https:\\\/\\\/solardorosario.com.br\\\/galeria\\\/produto\\\/lucia-pe-arara\\\/#primaryimage\"},\"image\":{\"@id\":\"https:\\\/\\\/solardorosario.com.br\\\/galeria\\\/produto\\\/lucia-pe-arara\\\/#primaryimage\"},\"thumbnailUrl\":\"https:\\\/\\\/solardorosario.com.br\\\/galeria\\\/wp-content\\\/uploads\\\/2026\\\/02\\\/2-Serie-Arara-Desenho-30x43cm.jpeg\",\"datePublished\":\"2026-02-18T18:20:41+00:00\",\"dateModified\":\"2026-02-18T18:21:05+00:00\",\"breadcrumb\":{\"@id\":\"https:\\\/\\\/solardorosario.com.br\\\/galeria\\\/produto\\\/lucia-pe-arara\\\/#breadcrumb\"},\"inLanguage\":\"pt-BR\",\"potentialAction\":[{\"@type\":\"ReadAction\",\"target\":[\"https:\\\/\\\/solardorosario.com.br\\\/galeria\\\/produto\\\/lucia-pe-arara\\\/\"]}]},{\"@type\":\"ImageObject\",\"inLanguage\":\"pt-BR\",\"@id\":\"https:\\\/\\\/solardorosario.com.br\\\/galeria\\\/produto\\\/lucia-pe-arara\\\/#primaryimage\",\"url\":\"https:\\\/\\\/solardorosario.com.br\\\/galeria\\\/wp-content\\\/uploads\\\/2026\\\/02\\\/2-Serie-Arara-Desenho-30x43cm.jpeg\",\"contentUrl\":\"https:\\\/\\\/solardorosario.com.br\\\/galeria\\\/wp-content\\\/uploads\\\/2026\\\/02\\\/2-Serie-Arara-Desenho-30x43cm.jpeg\",\"width\":877,\"height\":1280},{\"@type\":\"BreadcrumbList\",\"@id\":\"https:\\\/\\\/solardorosario.com.br\\\/galeria\\\/produto\\\/lucia-pe-arara\\\/#breadcrumb\",\"itemListElement\":[{\"@type\":\"ListItem\",\"position\":1,\"name\":\"In\u00edcio\",\"item\":\"https:\\\/\\\/solardorosario.com.br\\\/galeria\\\/\"},{\"@type\":\"ListItem\",\"position\":2,\"name\":\"galeria\",\"item\":\"https:\\\/\\\/solardorosario.com.br\\\/galeria\\\/galeria\\\/\"},{\"@type\":\"ListItem\",\"position\":3,\"name\":\"Lucia PE - Arara\"}]},{\"@type\":\"WebSite\",\"@id\":\"https:\\\/\\\/solardorosario.com.br\\\/galeria\\\/#website\",\"url\":\"https:\\\/\\\/solardorosario.com.br\\\/galeria\\\/\",\"name\":\"Solar do Ros\u00e1rio Galeria \\\\\\\\\\\\\\\\Nova\",\"description\":\"\",\"potentialAction\":[{\"@type\":\"SearchAction\",\"target\":{\"@type\":\"EntryPoint\",\"urlTemplate\":\"https:\\\/\\\/solardorosario.com.br\\\/galeria\\\/?s={search_term_string}\"},\"query-input\":{\"@type\":\"PropertyValueSpecification\",\"valueRequired\":true,\"valueName\":\"search_term_string\"}}],\"inLanguage\":\"pt-BR\"}]}<\/script>\n<!-- \/ Yoast SEO plugin. -->","yoast_head_json":{"title":"Lucia PE - Arara - Solar do Ros\u00e1rio Galeria \\\\\\\\Nova","robots":{"index":"index","follow":"follow","max-snippet":"max-snippet:-1","max-image-preview":"max-image-preview:large","max-video-preview":"max-video-preview:-1"},"canonical":"https:\/\/solardorosario.com.br\/galeria\/produto\/lucia-pe-arara\/","og_locale":"pt_BR","og_type":"article","og_title":"Lucia PE - Arara - Solar do Ros\u00e1rio Galeria \\\\\\\\Nova","og_description":"Artista: Lucie PE T\u00edtulo: Arara Dimens\u00e3o: 30x43cm T\u00e9cnica: Desenho em l\u00e1pis sobre papel (sem moldura) &nbsp; &nbsp; Lucia Vasconcellos de Oliveira, tamb\u00e9m conhecida como Lucia PE, \u00e9 nascida em Recife - Pernambuco, em 1951. Se formou em Arquitetura na Universidade Federal de Pernambuco (UFPE) e frequentou a Escolinha de Artes do Recife\/PE. Em 1981, se [&hellip;]","og_url":"https:\/\/solardorosario.com.br\/galeria\/produto\/lucia-pe-arara\/","og_site_name":"Solar do Ros\u00e1rio Galeria \\\\\\\\Nova","article_modified_time":"2026-02-18T18:21:05+00:00","og_image":[{"width":877,"height":1280,"url":"https:\/\/solardorosario.com.br\/galeria\/wp-content\/uploads\/2026\/02\/2-Serie-Arara-Desenho-30x43cm.jpeg","type":"image\/jpeg"}],"twitter_card":"summary_large_image","twitter_misc":{"Est. tempo de leitura":"2 minutos"},"schema":{"@context":"https:\/\/schema.org","@graph":[{"@type":"WebPage","@id":"https:\/\/solardorosario.com.br\/galeria\/produto\/lucia-pe-arara\/","url":"https:\/\/solardorosario.com.br\/galeria\/produto\/lucia-pe-arara\/","name":"Lucia PE - Arara - Solar do Ros\u00e1rio Galeria \\\\\\\\Nova","isPartOf":{"@id":"https:\/\/solardorosario.com.br\/galeria\/#website"},"primaryImageOfPage":{"@id":"https:\/\/solardorosario.com.br\/galeria\/produto\/lucia-pe-arara\/#primaryimage"},"image":{"@id":"https:\/\/solardorosario.com.br\/galeria\/produto\/lucia-pe-arara\/#primaryimage"},"thumbnailUrl":"https:\/\/solardorosario.com.br\/galeria\/wp-content\/uploads\/2026\/02\/2-Serie-Arara-Desenho-30x43cm.jpeg","datePublished":"2026-02-18T18:20:41+00:00","dateModified":"2026-02-18T18:21:05+00:00","breadcrumb":{"@id":"https:\/\/solardorosario.com.br\/galeria\/produto\/lucia-pe-arara\/#breadcrumb"},"inLanguage":"pt-BR","potentialAction":[{"@type":"ReadAction","target":["https:\/\/solardorosario.com.br\/galeria\/produto\/lucia-pe-arara\/"]}]},{"@type":"ImageObject","inLanguage":"pt-BR","@id":"https:\/\/solardorosario.com.br\/galeria\/produto\/lucia-pe-arara\/#primaryimage","url":"https:\/\/solardorosario.com.br\/galeria\/wp-content\/uploads\/2026\/02\/2-Serie-Arara-Desenho-30x43cm.jpeg","contentUrl":"https:\/\/solardorosario.com.br\/galeria\/wp-content\/uploads\/2026\/02\/2-Serie-Arara-Desenho-30x43cm.jpeg","width":877,"height":1280},{"@type":"BreadcrumbList","@id":"https:\/\/solardorosario.com.br\/galeria\/produto\/lucia-pe-arara\/#breadcrumb","itemListElement":[{"@type":"ListItem","position":1,"name":"In\u00edcio","item":"https:\/\/solardorosario.com.br\/galeria\/"},{"@type":"ListItem","position":2,"name":"galeria","item":"https:\/\/solardorosario.com.br\/galeria\/galeria\/"},{"@type":"ListItem","position":3,"name":"Lucia PE - Arara"}]},{"@type":"WebSite","@id":"https:\/\/solardorosario.com.br\/galeria\/#website","url":"https:\/\/solardorosario.com.br\/galeria\/","name":"Solar do Ros\u00e1rio Galeria \\\\\\\\Nova","description":"","potentialAction":[{"@type":"SearchAction","target":{"@type":"EntryPoint","urlTemplate":"https:\/\/solardorosario.com.br\/galeria\/?s={search_term_string}"},"query-input":{"@type":"PropertyValueSpecification","valueRequired":true,"valueName":"search_term_string"}}],"inLanguage":"pt-BR"}]}},"_links":{"self":[{"href":"https:\/\/solardorosario.com.br\/galeria\/wp-json\/wp\/v2\/product\/6784","targetHints":{"allow":["GET"]}}],"collection":[{"href":"https:\/\/solardorosario.com.br\/galeria\/wp-json\/wp\/v2\/product"}],"about":[{"href":"https:\/\/solardorosario.com.br\/galeria\/wp-json\/wp\/v2\/types\/product"}],"wp:featuredmedia":[{"embeddable":true,"href":"https:\/\/solardorosario.com.br\/galeria\/wp-json\/wp\/v2\/media\/6785"}],"wp:attachment":[{"href":"https:\/\/solardorosario.com.br\/galeria\/wp-json\/wp\/v2\/media?parent=6784"}],"wp:term":[{"taxonomy":"product_brand","embeddable":true,"href":"https:\/\/solardorosario.com.br\/galeria\/wp-json\/wp\/v2\/product_brand?post=6784"},{"taxonomy":"product_cat","embeddable":true,"href":"https:\/\/solardorosario.com.br\/galeria\/wp-json\/wp\/v2\/product_cat?post=6784"},{"taxonomy":"product_tag","embeddable":true,"href":"https:\/\/solardorosario.com.br\/galeria\/wp-json\/wp\/v2\/product_tag?post=6784"}],"curies":[{"name":"wp","href":"https:\/\/api.w.org\/{rel}","templated":true}]}}