{"id":6729,"date":"2026-02-04T14:36:22","date_gmt":"2026-02-04T17:36:22","guid":{"rendered":"https:\/\/solardorosario.com.br\/galeria\/?post_type=product&#038;p=6729"},"modified":"2026-04-07T16:05:42","modified_gmt":"2026-04-07T19:05:42","slug":"maria-do-carmo-fortes-margaridas","status":"publish","type":"product","link":"https:\/\/solardorosario.com.br\/galeria\/produto\/maria-do-carmo-fortes-margaridas\/","title":{"rendered":"Maria do Carmo Fortes - Margaridas"},"content":{"rendered":"<p><strong>Artista:<\/strong> Maria do Carmo Fortes<\/p>\n<p><strong>T\u00edtulo:<\/strong> Margaridas<\/p>\n<p><strong>Dimens\u00e3o:<\/strong> 30x40cm<\/p>\n<p><strong>T\u00e9cnica:<\/strong> Acr\u00edlica sobre tela<\/p>\n<p>&nbsp;<\/p>\n<p>&nbsp;<\/p>\n<p><!--StartFragment --><\/p>\n<p class=\"pf0\">Maria do Carmo Fortes (Ribeir\u00e3o Preto - SP, 1933 - Rio de Janeiro, RJ, 2013) era artista visual, pintora, desenhista e professora. Em 1954, se mudou para o Rio de Janeiro, e estudou na Escola Nacional de Belas Artes (ENBA). Em 1963, frequentou cursos pr\u00e1ticos de t\u00e9cnica de pintura e te\u00f3ricos, de cr\u00edtica de arte no Museu de Arte Moderna do Rio de Janeiro (MAM\/RJ), instru\u00edda por Ivan Serpa (1923-1973). No ano seguinte, fez sua primeira exposi\u00e7\u00e3o individual na Galeria Vila Rica, no Rio. A partir da d\u00e9cada de 1960, iniciou como professora no ensino de arte para crian\u00e7as, na Escolinha de Arte do Brasil (EAB), al\u00e9m de col\u00e9gios particulares e tamb\u00e9m fundou o Curso de Arte Amarelinha. Participou de duas Bienais Internacionais de S\u00e3o Paulo, em 1965 e em 1967, que recebeu o Pr\u00eamio Aquisi\u00e7\u00e3o do Itamaraty. Em 1980, ap\u00f3s alguns anos sem pintar, retornou a suas atividades, e em 1982, se muda para Belo Horizonte e ensina desenho e pintura na Escola Guignard. Em 1983 e 1984, fez curadoria das exposi\u00e7\u00f5es itinerantes Brasil pinturas e Brasil Desenhos, respectivamente. Em 1993, retornou a capital carioca, e passou a lecionar na Escola de Artes Visais do Parque Lage (EAV\/Parque Lage).<\/p>\n<p><!--EndFragment --><\/p>\n<p>&nbsp;<\/p>\n","protected":false},"excerpt":{"rendered":"<p>Artista: Maria do Carmo Fortes T\u00edtulo: Margaridas Dimens\u00e3o: 30x40cm T\u00e9cnica: Acr\u00edlica sobre tela &nbsp; &nbsp; Maria do Carmo Fortes (Ribeir\u00e3o Preto - SP, 1933 - Rio de Janeiro, RJ, 2013) era artista visual, pintora, desenhista e professora. Em 1954, se mudou para o Rio de Janeiro, e estudou na Escola Nacional de Belas Artes (ENBA). [&hellip;]<\/p>\n","protected":false},"featured_media":6730,"template":"","meta":[],"product_brand":[],"product_cat":[117],"product_tag":[],"class_list":{"0":"post-6729","1":"product","2":"type-product","3":"status-publish","4":"has-post-thumbnail","6":"product_cat-galeria","7":"pa_artista-maria-do-carmo-fortes","8":"pa_estilo-figurativo","9":"pa_estilo-figurativo-paisagem","10":"pa_tecnica-acrilica-sobre-tela","12":"first","13":"instock","14":"shipping-taxable","15":"product-type-simple"},"yoast_head":"<!-- This site is optimized with the Yoast SEO plugin v27.4 - https:\/\/yoast.com\/product\/yoast-seo-wordpress\/ -->\n<title>Maria do Carmo Fortes - Margaridas - Solar do Ros\u00e1rio Galeria \\\\\\\\Nova<\/title>\n<meta name=\"robots\" content=\"index, follow, max-snippet:-1, max-image-preview:large, max-video-preview:-1\" \/>\n<link rel=\"canonical\" href=\"https:\/\/solardorosario.com.br\/galeria\/produto\/maria-do-carmo-fortes-margaridas\/\" \/>\n<meta property=\"og:locale\" content=\"pt_BR\" \/>\n<meta property=\"og:type\" content=\"article\" \/>\n<meta property=\"og:title\" content=\"Maria do Carmo Fortes - Margaridas - Solar do Ros\u00e1rio Galeria \\\\\\\\Nova\" \/>\n<meta property=\"og:description\" content=\"Artista: Maria do Carmo Fortes T\u00edtulo: Margaridas Dimens\u00e3o: 30x40cm T\u00e9cnica: Acr\u00edlica sobre tela &nbsp; &nbsp; Maria do Carmo Fortes (Ribeir\u00e3o Preto - SP, 1933 - Rio de Janeiro, RJ, 2013) era artista visual, pintora, desenhista e professora. Em 1954, se mudou para o Rio de Janeiro, e estudou na Escola Nacional de Belas Artes (ENBA). [&hellip;]\" \/>\n<meta property=\"og:url\" content=\"https:\/\/solardorosario.com.br\/galeria\/produto\/maria-do-carmo-fortes-margaridas\/\" \/>\n<meta property=\"og:site_name\" content=\"Solar do Ros\u00e1rio Galeria \\\\\\\\Nova\" \/>\n<meta property=\"article:modified_time\" content=\"2026-04-07T19:05:42+00:00\" \/>\n<meta property=\"og:image\" content=\"https:\/\/solardorosario.com.br\/galeria\/wp-content\/uploads\/2026\/02\/WhatsApp-Image-2026-02-02-at-11.56.3a2.jpeg\" \/>\n\t<meta property=\"og:image:width\" content=\"1074\" \/>\n\t<meta property=\"og:image:height\" content=\"1280\" \/>\n\t<meta property=\"og:image:type\" content=\"image\/jpeg\" \/>\n<meta name=\"twitter:card\" content=\"summary_large_image\" \/>\n<meta name=\"twitter:label1\" content=\"Est. tempo de leitura\" \/>\n\t<meta name=\"twitter:data1\" content=\"2 minutos\" \/>\n<script type=\"application\/ld+json\" class=\"yoast-schema-graph\">{\"@context\":\"https:\\\/\\\/schema.org\",\"@graph\":[{\"@type\":\"WebPage\",\"@id\":\"https:\\\/\\\/solardorosario.com.br\\\/galeria\\\/produto\\\/maria-do-carmo-fortes-margaridas\\\/\",\"url\":\"https:\\\/\\\/solardorosario.com.br\\\/galeria\\\/produto\\\/maria-do-carmo-fortes-margaridas\\\/\",\"name\":\"Maria do Carmo Fortes - Margaridas - Solar do Ros\u00e1rio Galeria \\\\\\\\\\\\\\\\Nova\",\"isPartOf\":{\"@id\":\"https:\\\/\\\/solardorosario.com.br\\\/galeria\\\/#website\"},\"primaryImageOfPage\":{\"@id\":\"https:\\\/\\\/solardorosario.com.br\\\/galeria\\\/produto\\\/maria-do-carmo-fortes-margaridas\\\/#primaryimage\"},\"image\":{\"@id\":\"https:\\\/\\\/solardorosario.com.br\\\/galeria\\\/produto\\\/maria-do-carmo-fortes-margaridas\\\/#primaryimage\"},\"thumbnailUrl\":\"https:\\\/\\\/solardorosario.com.br\\\/galeria\\\/wp-content\\\/uploads\\\/2026\\\/02\\\/WhatsApp-Image-2026-02-02-at-11.56.3a2.jpeg\",\"datePublished\":\"2026-02-04T17:36:22+00:00\",\"dateModified\":\"2026-04-07T19:05:42+00:00\",\"breadcrumb\":{\"@id\":\"https:\\\/\\\/solardorosario.com.br\\\/galeria\\\/produto\\\/maria-do-carmo-fortes-margaridas\\\/#breadcrumb\"},\"inLanguage\":\"pt-BR\",\"potentialAction\":[{\"@type\":\"ReadAction\",\"target\":[\"https:\\\/\\\/solardorosario.com.br\\\/galeria\\\/produto\\\/maria-do-carmo-fortes-margaridas\\\/\"]}]},{\"@type\":\"ImageObject\",\"inLanguage\":\"pt-BR\",\"@id\":\"https:\\\/\\\/solardorosario.com.br\\\/galeria\\\/produto\\\/maria-do-carmo-fortes-margaridas\\\/#primaryimage\",\"url\":\"https:\\\/\\\/solardorosario.com.br\\\/galeria\\\/wp-content\\\/uploads\\\/2026\\\/02\\\/WhatsApp-Image-2026-02-02-at-11.56.3a2.jpeg\",\"contentUrl\":\"https:\\\/\\\/solardorosario.com.br\\\/galeria\\\/wp-content\\\/uploads\\\/2026\\\/02\\\/WhatsApp-Image-2026-02-02-at-11.56.3a2.jpeg\",\"width\":1074,\"height\":1280},{\"@type\":\"BreadcrumbList\",\"@id\":\"https:\\\/\\\/solardorosario.com.br\\\/galeria\\\/produto\\\/maria-do-carmo-fortes-margaridas\\\/#breadcrumb\",\"itemListElement\":[{\"@type\":\"ListItem\",\"position\":1,\"name\":\"In\u00edcio\",\"item\":\"https:\\\/\\\/solardorosario.com.br\\\/galeria\\\/\"},{\"@type\":\"ListItem\",\"position\":2,\"name\":\"galeria\",\"item\":\"https:\\\/\\\/solardorosario.com.br\\\/galeria\\\/galeria\\\/\"},{\"@type\":\"ListItem\",\"position\":3,\"name\":\"Maria do Carmo Fortes - Margaridas\"}]},{\"@type\":\"WebSite\",\"@id\":\"https:\\\/\\\/solardorosario.com.br\\\/galeria\\\/#website\",\"url\":\"https:\\\/\\\/solardorosario.com.br\\\/galeria\\\/\",\"name\":\"Solar do Ros\u00e1rio Galeria \\\\\\\\\\\\\\\\Nova\",\"description\":\"\",\"potentialAction\":[{\"@type\":\"SearchAction\",\"target\":{\"@type\":\"EntryPoint\",\"urlTemplate\":\"https:\\\/\\\/solardorosario.com.br\\\/galeria\\\/?s={search_term_string}\"},\"query-input\":{\"@type\":\"PropertyValueSpecification\",\"valueRequired\":true,\"valueName\":\"search_term_string\"}}],\"inLanguage\":\"pt-BR\"}]}<\/script>\n<!-- \/ Yoast SEO plugin. -->","yoast_head_json":{"title":"Maria do Carmo Fortes - Margaridas - Solar do Ros\u00e1rio Galeria \\\\\\\\Nova","robots":{"index":"index","follow":"follow","max-snippet":"max-snippet:-1","max-image-preview":"max-image-preview:large","max-video-preview":"max-video-preview:-1"},"canonical":"https:\/\/solardorosario.com.br\/galeria\/produto\/maria-do-carmo-fortes-margaridas\/","og_locale":"pt_BR","og_type":"article","og_title":"Maria do Carmo Fortes - Margaridas - Solar do Ros\u00e1rio Galeria \\\\\\\\Nova","og_description":"Artista: Maria do Carmo Fortes T\u00edtulo: Margaridas Dimens\u00e3o: 30x40cm T\u00e9cnica: Acr\u00edlica sobre tela &nbsp; &nbsp; Maria do Carmo Fortes (Ribeir\u00e3o Preto - SP, 1933 - Rio de Janeiro, RJ, 2013) era artista visual, pintora, desenhista e professora. Em 1954, se mudou para o Rio de Janeiro, e estudou na Escola Nacional de Belas Artes (ENBA). [&hellip;]","og_url":"https:\/\/solardorosario.com.br\/galeria\/produto\/maria-do-carmo-fortes-margaridas\/","og_site_name":"Solar do Ros\u00e1rio Galeria \\\\\\\\Nova","article_modified_time":"2026-04-07T19:05:42+00:00","og_image":[{"width":1074,"height":1280,"url":"https:\/\/solardorosario.com.br\/galeria\/wp-content\/uploads\/2026\/02\/WhatsApp-Image-2026-02-02-at-11.56.3a2.jpeg","type":"image\/jpeg"}],"twitter_card":"summary_large_image","twitter_misc":{"Est. tempo de leitura":"2 minutos"},"schema":{"@context":"https:\/\/schema.org","@graph":[{"@type":"WebPage","@id":"https:\/\/solardorosario.com.br\/galeria\/produto\/maria-do-carmo-fortes-margaridas\/","url":"https:\/\/solardorosario.com.br\/galeria\/produto\/maria-do-carmo-fortes-margaridas\/","name":"Maria do Carmo Fortes - Margaridas - Solar do Ros\u00e1rio Galeria \\\\\\\\Nova","isPartOf":{"@id":"https:\/\/solardorosario.com.br\/galeria\/#website"},"primaryImageOfPage":{"@id":"https:\/\/solardorosario.com.br\/galeria\/produto\/maria-do-carmo-fortes-margaridas\/#primaryimage"},"image":{"@id":"https:\/\/solardorosario.com.br\/galeria\/produto\/maria-do-carmo-fortes-margaridas\/#primaryimage"},"thumbnailUrl":"https:\/\/solardorosario.com.br\/galeria\/wp-content\/uploads\/2026\/02\/WhatsApp-Image-2026-02-02-at-11.56.3a2.jpeg","datePublished":"2026-02-04T17:36:22+00:00","dateModified":"2026-04-07T19:05:42+00:00","breadcrumb":{"@id":"https:\/\/solardorosario.com.br\/galeria\/produto\/maria-do-carmo-fortes-margaridas\/#breadcrumb"},"inLanguage":"pt-BR","potentialAction":[{"@type":"ReadAction","target":["https:\/\/solardorosario.com.br\/galeria\/produto\/maria-do-carmo-fortes-margaridas\/"]}]},{"@type":"ImageObject","inLanguage":"pt-BR","@id":"https:\/\/solardorosario.com.br\/galeria\/produto\/maria-do-carmo-fortes-margaridas\/#primaryimage","url":"https:\/\/solardorosario.com.br\/galeria\/wp-content\/uploads\/2026\/02\/WhatsApp-Image-2026-02-02-at-11.56.3a2.jpeg","contentUrl":"https:\/\/solardorosario.com.br\/galeria\/wp-content\/uploads\/2026\/02\/WhatsApp-Image-2026-02-02-at-11.56.3a2.jpeg","width":1074,"height":1280},{"@type":"BreadcrumbList","@id":"https:\/\/solardorosario.com.br\/galeria\/produto\/maria-do-carmo-fortes-margaridas\/#breadcrumb","itemListElement":[{"@type":"ListItem","position":1,"name":"In\u00edcio","item":"https:\/\/solardorosario.com.br\/galeria\/"},{"@type":"ListItem","position":2,"name":"galeria","item":"https:\/\/solardorosario.com.br\/galeria\/galeria\/"},{"@type":"ListItem","position":3,"name":"Maria do Carmo Fortes - Margaridas"}]},{"@type":"WebSite","@id":"https:\/\/solardorosario.com.br\/galeria\/#website","url":"https:\/\/solardorosario.com.br\/galeria\/","name":"Solar do Ros\u00e1rio Galeria \\\\\\\\Nova","description":"","potentialAction":[{"@type":"SearchAction","target":{"@type":"EntryPoint","urlTemplate":"https:\/\/solardorosario.com.br\/galeria\/?s={search_term_string}"},"query-input":{"@type":"PropertyValueSpecification","valueRequired":true,"valueName":"search_term_string"}}],"inLanguage":"pt-BR"}]}},"_links":{"self":[{"href":"https:\/\/solardorosario.com.br\/galeria\/wp-json\/wp\/v2\/product\/6729","targetHints":{"allow":["GET"]}}],"collection":[{"href":"https:\/\/solardorosario.com.br\/galeria\/wp-json\/wp\/v2\/product"}],"about":[{"href":"https:\/\/solardorosario.com.br\/galeria\/wp-json\/wp\/v2\/types\/product"}],"wp:featuredmedia":[{"embeddable":true,"href":"https:\/\/solardorosario.com.br\/galeria\/wp-json\/wp\/v2\/media\/6730"}],"wp:attachment":[{"href":"https:\/\/solardorosario.com.br\/galeria\/wp-json\/wp\/v2\/media?parent=6729"}],"wp:term":[{"taxonomy":"product_brand","embeddable":true,"href":"https:\/\/solardorosario.com.br\/galeria\/wp-json\/wp\/v2\/product_brand?post=6729"},{"taxonomy":"product_cat","embeddable":true,"href":"https:\/\/solardorosario.com.br\/galeria\/wp-json\/wp\/v2\/product_cat?post=6729"},{"taxonomy":"product_tag","embeddable":true,"href":"https:\/\/solardorosario.com.br\/galeria\/wp-json\/wp\/v2\/product_tag?post=6729"}],"curies":[{"name":"wp","href":"https:\/\/api.w.org\/{rel}","templated":true}]}}