{"id":6680,"date":"2026-01-26T15:46:04","date_gmt":"2026-01-26T18:46:04","guid":{"rendered":"https:\/\/solardorosario.com.br\/galeria\/?post_type=product&#038;p=6680"},"modified":"2026-01-26T15:49:15","modified_gmt":"2026-01-26T18:49:15","slug":"anita-l-jung-a-oncinha","status":"publish","type":"product","link":"https:\/\/solardorosario.com.br\/galeria\/produto\/anita-l-jung-a-oncinha\/","title":{"rendered":"Anita L Jung - A Oncinha"},"content":{"rendered":"<p><strong>Artista:<\/strong> Anita L Jung<\/p>\n<p><strong>T\u00edtulo:<\/strong> A Oncinha<\/p>\n<p><strong>Dimens\u00e3o:<\/strong> 50x70cm<\/p>\n<p><strong>T\u00e9cnica:<\/strong> Serigrafia (sem moldura)<\/p>\n<p>&nbsp;<\/p>\n<p>&nbsp;<\/p>\n<p>Nascida na Su\u00e9cia, mas cresceu na Fran\u00e7a, onde estudou Belas Artes em Paris VIII-Vincennes, a Univerisade do Colorado (Boulder) e Aix-en-Provence. Sua pr\u00e1tica art\u00edstica foi desenvolvida no Brasil, o pa\u00eds que escolheu viver. Ela ilustrava uma coluna para o Jornal Folha de S\u00e3o Paulo, do diretor Walter Salles. Ao retornar para Paris, come\u00e7ou a fazer gravuras. Faz exposi\u00e7\u00f5es individuais na Fran\u00e7a e em Portugal apresentando suas pe\u00e7as de xilogravura.<\/p>\n","protected":false},"excerpt":{"rendered":"<p>Artista: Anita L Jung T\u00edtulo: A Oncinha Dimens\u00e3o: 50x70cm T\u00e9cnica: Serigrafia (sem moldura) &nbsp; &nbsp; Nascida na Su\u00e9cia, mas cresceu na Fran\u00e7a, onde estudou Belas Artes em Paris VIII-Vincennes, a Univerisade do Colorado (Boulder) e Aix-en-Provence. Sua pr\u00e1tica art\u00edstica foi desenvolvida no Brasil, o pa\u00eds que escolheu viver. Ela ilustrava uma coluna para o Jornal [&hellip;]<\/p>\n","protected":false},"featured_media":6681,"template":"","meta":[],"product_brand":[],"product_cat":[117],"product_tag":[],"class_list":{"0":"post-6680","1":"product","2":"type-product","3":"status-publish","4":"has-post-thumbnail","6":"product_cat-galeria","7":"pa_artista-anita-l-jung","8":"pa_estilo-figurativo","9":"pa_tecnica-serigrafia","11":"first","12":"instock","13":"shipping-taxable","14":"purchasable","15":"product-type-simple"},"yoast_head":"<!-- This site is optimized with the Yoast SEO plugin v27.4 - https:\/\/yoast.com\/product\/yoast-seo-wordpress\/ -->\n<title>Anita L Jung - A Oncinha - Solar do Ros\u00e1rio Galeria \\\\\\\\Nova<\/title>\n<meta name=\"robots\" content=\"index, follow, max-snippet:-1, max-image-preview:large, max-video-preview:-1\" \/>\n<link rel=\"canonical\" href=\"https:\/\/solardorosario.com.br\/galeria\/produto\/anita-l-jung-a-oncinha\/\" \/>\n<meta property=\"og:locale\" content=\"pt_BR\" \/>\n<meta property=\"og:type\" content=\"article\" \/>\n<meta property=\"og:title\" content=\"Anita L Jung - A Oncinha - Solar do Ros\u00e1rio Galeria \\\\\\\\Nova\" \/>\n<meta property=\"og:description\" content=\"Artista: Anita L Jung T\u00edtulo: A Oncinha Dimens\u00e3o: 50x70cm T\u00e9cnica: Serigrafia (sem moldura) &nbsp; &nbsp; Nascida na Su\u00e9cia, mas cresceu na Fran\u00e7a, onde estudou Belas Artes em Paris VIII-Vincennes, a Univerisade do Colorado (Boulder) e Aix-en-Provence. Sua pr\u00e1tica art\u00edstica foi desenvolvida no Brasil, o pa\u00eds que escolheu viver. Ela ilustrava uma coluna para o Jornal [&hellip;]\" \/>\n<meta property=\"og:url\" content=\"https:\/\/solardorosario.com.br\/galeria\/produto\/anita-l-jung-a-oncinha\/\" \/>\n<meta property=\"og:site_name\" content=\"Solar do Ros\u00e1rio Galeria \\\\\\\\Nova\" \/>\n<meta property=\"article:modified_time\" content=\"2026-01-26T18:49:15+00:00\" \/>\n<meta property=\"og:image\" content=\"https:\/\/solardorosario.com.br\/galeria\/wp-content\/uploads\/2026\/01\/WhatsApp-Image-2026-01-26-at-15.33.02.jpeg\" \/>\n\t<meta property=\"og:image:width\" content=\"1280\" \/>\n\t<meta property=\"og:image:height\" content=\"903\" \/>\n\t<meta property=\"og:image:type\" content=\"image\/jpeg\" \/>\n<meta name=\"twitter:card\" content=\"summary_large_image\" \/>\n<meta name=\"twitter:label1\" content=\"Est. tempo de leitura\" \/>\n\t<meta name=\"twitter:data1\" content=\"1 minuto\" \/>\n<script type=\"application\/ld+json\" class=\"yoast-schema-graph\">{\"@context\":\"https:\\\/\\\/schema.org\",\"@graph\":[{\"@type\":\"WebPage\",\"@id\":\"https:\\\/\\\/solardorosario.com.br\\\/galeria\\\/produto\\\/anita-l-jung-a-oncinha\\\/\",\"url\":\"https:\\\/\\\/solardorosario.com.br\\\/galeria\\\/produto\\\/anita-l-jung-a-oncinha\\\/\",\"name\":\"Anita L Jung - A Oncinha - Solar do Ros\u00e1rio Galeria \\\\\\\\\\\\\\\\Nova\",\"isPartOf\":{\"@id\":\"https:\\\/\\\/solardorosario.com.br\\\/galeria\\\/#website\"},\"primaryImageOfPage\":{\"@id\":\"https:\\\/\\\/solardorosario.com.br\\\/galeria\\\/produto\\\/anita-l-jung-a-oncinha\\\/#primaryimage\"},\"image\":{\"@id\":\"https:\\\/\\\/solardorosario.com.br\\\/galeria\\\/produto\\\/anita-l-jung-a-oncinha\\\/#primaryimage\"},\"thumbnailUrl\":\"https:\\\/\\\/solardorosario.com.br\\\/galeria\\\/wp-content\\\/uploads\\\/2026\\\/01\\\/WhatsApp-Image-2026-01-26-at-15.33.02.jpeg\",\"datePublished\":\"2026-01-26T18:46:04+00:00\",\"dateModified\":\"2026-01-26T18:49:15+00:00\",\"breadcrumb\":{\"@id\":\"https:\\\/\\\/solardorosario.com.br\\\/galeria\\\/produto\\\/anita-l-jung-a-oncinha\\\/#breadcrumb\"},\"inLanguage\":\"pt-BR\",\"potentialAction\":[{\"@type\":\"ReadAction\",\"target\":[\"https:\\\/\\\/solardorosario.com.br\\\/galeria\\\/produto\\\/anita-l-jung-a-oncinha\\\/\"]}]},{\"@type\":\"ImageObject\",\"inLanguage\":\"pt-BR\",\"@id\":\"https:\\\/\\\/solardorosario.com.br\\\/galeria\\\/produto\\\/anita-l-jung-a-oncinha\\\/#primaryimage\",\"url\":\"https:\\\/\\\/solardorosario.com.br\\\/galeria\\\/wp-content\\\/uploads\\\/2026\\\/01\\\/WhatsApp-Image-2026-01-26-at-15.33.02.jpeg\",\"contentUrl\":\"https:\\\/\\\/solardorosario.com.br\\\/galeria\\\/wp-content\\\/uploads\\\/2026\\\/01\\\/WhatsApp-Image-2026-01-26-at-15.33.02.jpeg\",\"width\":1280,\"height\":903},{\"@type\":\"BreadcrumbList\",\"@id\":\"https:\\\/\\\/solardorosario.com.br\\\/galeria\\\/produto\\\/anita-l-jung-a-oncinha\\\/#breadcrumb\",\"itemListElement\":[{\"@type\":\"ListItem\",\"position\":1,\"name\":\"In\u00edcio\",\"item\":\"https:\\\/\\\/solardorosario.com.br\\\/galeria\\\/\"},{\"@type\":\"ListItem\",\"position\":2,\"name\":\"galeria\",\"item\":\"https:\\\/\\\/solardorosario.com.br\\\/galeria\\\/galeria\\\/\"},{\"@type\":\"ListItem\",\"position\":3,\"name\":\"Anita L Jung - A Oncinha\"}]},{\"@type\":\"WebSite\",\"@id\":\"https:\\\/\\\/solardorosario.com.br\\\/galeria\\\/#website\",\"url\":\"https:\\\/\\\/solardorosario.com.br\\\/galeria\\\/\",\"name\":\"Solar do Ros\u00e1rio Galeria \\\\\\\\\\\\\\\\Nova\",\"description\":\"\",\"potentialAction\":[{\"@type\":\"SearchAction\",\"target\":{\"@type\":\"EntryPoint\",\"urlTemplate\":\"https:\\\/\\\/solardorosario.com.br\\\/galeria\\\/?s={search_term_string}\"},\"query-input\":{\"@type\":\"PropertyValueSpecification\",\"valueRequired\":true,\"valueName\":\"search_term_string\"}}],\"inLanguage\":\"pt-BR\"}]}<\/script>\n<!-- \/ Yoast SEO plugin. -->","yoast_head_json":{"title":"Anita L Jung - A Oncinha - Solar do Ros\u00e1rio Galeria \\\\\\\\Nova","robots":{"index":"index","follow":"follow","max-snippet":"max-snippet:-1","max-image-preview":"max-image-preview:large","max-video-preview":"max-video-preview:-1"},"canonical":"https:\/\/solardorosario.com.br\/galeria\/produto\/anita-l-jung-a-oncinha\/","og_locale":"pt_BR","og_type":"article","og_title":"Anita L Jung - A Oncinha - Solar do Ros\u00e1rio Galeria \\\\\\\\Nova","og_description":"Artista: Anita L Jung T\u00edtulo: A Oncinha Dimens\u00e3o: 50x70cm T\u00e9cnica: Serigrafia (sem moldura) &nbsp; &nbsp; Nascida na Su\u00e9cia, mas cresceu na Fran\u00e7a, onde estudou Belas Artes em Paris VIII-Vincennes, a Univerisade do Colorado (Boulder) e Aix-en-Provence. Sua pr\u00e1tica art\u00edstica foi desenvolvida no Brasil, o pa\u00eds que escolheu viver. Ela ilustrava uma coluna para o Jornal [&hellip;]","og_url":"https:\/\/solardorosario.com.br\/galeria\/produto\/anita-l-jung-a-oncinha\/","og_site_name":"Solar do Ros\u00e1rio Galeria \\\\\\\\Nova","article_modified_time":"2026-01-26T18:49:15+00:00","og_image":[{"width":1280,"height":903,"url":"https:\/\/solardorosario.com.br\/galeria\/wp-content\/uploads\/2026\/01\/WhatsApp-Image-2026-01-26-at-15.33.02.jpeg","type":"image\/jpeg"}],"twitter_card":"summary_large_image","twitter_misc":{"Est. tempo de leitura":"1 minuto"},"schema":{"@context":"https:\/\/schema.org","@graph":[{"@type":"WebPage","@id":"https:\/\/solardorosario.com.br\/galeria\/produto\/anita-l-jung-a-oncinha\/","url":"https:\/\/solardorosario.com.br\/galeria\/produto\/anita-l-jung-a-oncinha\/","name":"Anita L Jung - A Oncinha - Solar do Ros\u00e1rio Galeria \\\\\\\\Nova","isPartOf":{"@id":"https:\/\/solardorosario.com.br\/galeria\/#website"},"primaryImageOfPage":{"@id":"https:\/\/solardorosario.com.br\/galeria\/produto\/anita-l-jung-a-oncinha\/#primaryimage"},"image":{"@id":"https:\/\/solardorosario.com.br\/galeria\/produto\/anita-l-jung-a-oncinha\/#primaryimage"},"thumbnailUrl":"https:\/\/solardorosario.com.br\/galeria\/wp-content\/uploads\/2026\/01\/WhatsApp-Image-2026-01-26-at-15.33.02.jpeg","datePublished":"2026-01-26T18:46:04+00:00","dateModified":"2026-01-26T18:49:15+00:00","breadcrumb":{"@id":"https:\/\/solardorosario.com.br\/galeria\/produto\/anita-l-jung-a-oncinha\/#breadcrumb"},"inLanguage":"pt-BR","potentialAction":[{"@type":"ReadAction","target":["https:\/\/solardorosario.com.br\/galeria\/produto\/anita-l-jung-a-oncinha\/"]}]},{"@type":"ImageObject","inLanguage":"pt-BR","@id":"https:\/\/solardorosario.com.br\/galeria\/produto\/anita-l-jung-a-oncinha\/#primaryimage","url":"https:\/\/solardorosario.com.br\/galeria\/wp-content\/uploads\/2026\/01\/WhatsApp-Image-2026-01-26-at-15.33.02.jpeg","contentUrl":"https:\/\/solardorosario.com.br\/galeria\/wp-content\/uploads\/2026\/01\/WhatsApp-Image-2026-01-26-at-15.33.02.jpeg","width":1280,"height":903},{"@type":"BreadcrumbList","@id":"https:\/\/solardorosario.com.br\/galeria\/produto\/anita-l-jung-a-oncinha\/#breadcrumb","itemListElement":[{"@type":"ListItem","position":1,"name":"In\u00edcio","item":"https:\/\/solardorosario.com.br\/galeria\/"},{"@type":"ListItem","position":2,"name":"galeria","item":"https:\/\/solardorosario.com.br\/galeria\/galeria\/"},{"@type":"ListItem","position":3,"name":"Anita L Jung - A Oncinha"}]},{"@type":"WebSite","@id":"https:\/\/solardorosario.com.br\/galeria\/#website","url":"https:\/\/solardorosario.com.br\/galeria\/","name":"Solar do Ros\u00e1rio Galeria \\\\\\\\Nova","description":"","potentialAction":[{"@type":"SearchAction","target":{"@type":"EntryPoint","urlTemplate":"https:\/\/solardorosario.com.br\/galeria\/?s={search_term_string}"},"query-input":{"@type":"PropertyValueSpecification","valueRequired":true,"valueName":"search_term_string"}}],"inLanguage":"pt-BR"}]}},"_links":{"self":[{"href":"https:\/\/solardorosario.com.br\/galeria\/wp-json\/wp\/v2\/product\/6680","targetHints":{"allow":["GET"]}}],"collection":[{"href":"https:\/\/solardorosario.com.br\/galeria\/wp-json\/wp\/v2\/product"}],"about":[{"href":"https:\/\/solardorosario.com.br\/galeria\/wp-json\/wp\/v2\/types\/product"}],"wp:featuredmedia":[{"embeddable":true,"href":"https:\/\/solardorosario.com.br\/galeria\/wp-json\/wp\/v2\/media\/6681"}],"wp:attachment":[{"href":"https:\/\/solardorosario.com.br\/galeria\/wp-json\/wp\/v2\/media?parent=6680"}],"wp:term":[{"taxonomy":"product_brand","embeddable":true,"href":"https:\/\/solardorosario.com.br\/galeria\/wp-json\/wp\/v2\/product_brand?post=6680"},{"taxonomy":"product_cat","embeddable":true,"href":"https:\/\/solardorosario.com.br\/galeria\/wp-json\/wp\/v2\/product_cat?post=6680"},{"taxonomy":"product_tag","embeddable":true,"href":"https:\/\/solardorosario.com.br\/galeria\/wp-json\/wp\/v2\/product_tag?post=6680"}],"curies":[{"name":"wp","href":"https:\/\/api.w.org\/{rel}","templated":true}]}}