{"id":6534,"date":"2025-12-12T15:22:16","date_gmt":"2025-12-12T18:22:16","guid":{"rendered":"https:\/\/solardorosario.com.br\/galeria\/?post_type=product&#038;p=6534"},"modified":"2025-12-12T15:22:17","modified_gmt":"2025-12-12T18:22:17","slug":"mini-azulejo-poty-sao-francisco-de-curitiba-sem-moldura","status":"publish","type":"product","link":"https:\/\/solardorosario.com.br\/galeria\/produto\/mini-azulejo-poty-sao-francisco-de-curitiba-sem-moldura\/","title":{"rendered":"Mini azulejo Poty - S\u00e3o Francisco de Curitiba (sem moldura)"},"content":{"rendered":"<p><strong>Artista:<\/strong> Poty<\/p>\n<p><strong>T\u00edtulo:<\/strong> S\u00e3o Francisco de Curitiba<\/p>\n<p><strong>Dimens\u00e3o:<\/strong> 10x10cm (sem moldura)<\/p>\n<p>&nbsp;<\/p>\n<p>&nbsp;<\/p>\n<p>S\u00e3o Francisco de Assis - S\u00e3o Francisco de Curitiba.\u00a0 Talvez o santo mais desenhado por Poty.<br \/>\nSeria a afinidade da maneira humilde de ser?<br \/>\n(...) Na vasta obra de Poty Lazzarotto, o santo protetor da It\u00e1lia sempre esteve presente.<br \/>\nPara o Solar do Ros\u00e1rio, Poty destinou o S\u00e3o Francisco, Perfeia Alegria (hist\u00f3ria baseada nos\u00a0<em>Fioretti<\/em>\u00a0de S\u00e3o Francisco), S\u00e3o Francisco, Irm\u00e3o Sol, Irm\u00e3 Lua e o original S\u00e3o Francisco de Curitiba, com o pinh\u00e3o, fruto da nossa arauc\u00e1ria e t\u00e3o representativa do Paran\u00e1.<br \/>\n(...) Poty criou o S\u00e3o Francisco de Curitiba, santo preferido dos devotos da cidade, com o que temos de t\u00e3o t\u00edpico: o nosso pinh\u00e3o.<\/p>\n<p>Regina Casillo, 1998.<\/p>\n<p><em>As cidades t\u00eam seus poetas, seus cantores e seus pintores. Os mineiros t\u00eam Guignard, os cariocas t\u00eam Di Cavalcanti. Curitiba recebeu dos deuses o privil\u00e9gio de ter Poty a celebr\u00e1-la. Muralista por excel\u00eancia, onde quer que se caminhe na capital do Paran\u00e1 acompanha-se a obra monumental e o forte tra\u00e7o, \u00fanico, caracter\u00edstico de Napoleon Potyguara Lazzarotto, o nosso Poty.<\/em><\/p>\n<p>Regina Casillo, 1998<\/p>\n","protected":false},"excerpt":{"rendered":"<p>Artista: Poty T\u00edtulo: S\u00e3o Francisco de Curitiba Dimens\u00e3o: 10x10cm (sem moldura) &nbsp; &nbsp; S\u00e3o Francisco de Assis - S\u00e3o Francisco de Curitiba.\u00a0 Talvez o santo mais desenhado por Poty. Seria a afinidade da maneira humilde de ser? (...) Na vasta obra de Poty Lazzarotto, o santo protetor da It\u00e1lia sempre esteve presente. Para o Solar [&hellip;]<\/p>\n","protected":false},"featured_media":6535,"template":"","meta":[],"product_brand":[],"product_cat":[117],"product_tag":[],"class_list":{"0":"post-6534","1":"product","2":"type-product","3":"status-publish","4":"has-post-thumbnail","6":"product_cat-galeria","7":"pa_tecnica-azulejos-de-arte","9":"first","10":"instock","11":"shipping-taxable","12":"purchasable","13":"product-type-simple"},"yoast_head":"<!-- This site is optimized with the Yoast SEO plugin v27.4 - https:\/\/yoast.com\/product\/yoast-seo-wordpress\/ -->\n<title>Mini azulejo Poty - S\u00e3o Francisco de Curitiba (sem moldura) - Solar do Ros\u00e1rio Galeria \\\\\\\\Nova<\/title>\n<meta name=\"robots\" content=\"index, follow, max-snippet:-1, max-image-preview:large, max-video-preview:-1\" \/>\n<link rel=\"canonical\" href=\"https:\/\/solardorosario.com.br\/galeria\/produto\/mini-azulejo-poty-sao-francisco-de-curitiba-sem-moldura\/\" \/>\n<meta property=\"og:locale\" content=\"pt_BR\" \/>\n<meta property=\"og:type\" content=\"article\" \/>\n<meta property=\"og:title\" content=\"Mini azulejo Poty - S\u00e3o Francisco de Curitiba (sem moldura) - Solar do Ros\u00e1rio Galeria \\\\\\\\Nova\" \/>\n<meta property=\"og:description\" content=\"Artista: Poty T\u00edtulo: S\u00e3o Francisco de Curitiba Dimens\u00e3o: 10x10cm (sem moldura) &nbsp; &nbsp; S\u00e3o Francisco de Assis - S\u00e3o Francisco de Curitiba.\u00a0 Talvez o santo mais desenhado por Poty. Seria a afinidade da maneira humilde de ser? (...) Na vasta obra de Poty Lazzarotto, o santo protetor da It\u00e1lia sempre esteve presente. Para o Solar [&hellip;]\" \/>\n<meta property=\"og:url\" content=\"https:\/\/solardorosario.com.br\/galeria\/produto\/mini-azulejo-poty-sao-francisco-de-curitiba-sem-moldura\/\" \/>\n<meta property=\"og:site_name\" content=\"Solar do Ros\u00e1rio Galeria \\\\\\\\Nova\" \/>\n<meta property=\"article:modified_time\" content=\"2025-12-12T18:22:17+00:00\" \/>\n<meta property=\"og:image\" content=\"https:\/\/solardorosario.com.br\/galeria\/wp-content\/uploads\/2025\/12\/Sao-Francisco.jpg\" \/>\n\t<meta property=\"og:image:width\" content=\"1304\" \/>\n\t<meta property=\"og:image:height\" content=\"1360\" \/>\n\t<meta property=\"og:image:type\" content=\"image\/jpeg\" \/>\n<meta name=\"twitter:card\" content=\"summary_large_image\" \/>\n<meta name=\"twitter:label1\" content=\"Est. tempo de leitura\" \/>\n\t<meta name=\"twitter:data1\" content=\"2 minutos\" \/>\n<script type=\"application\/ld+json\" class=\"yoast-schema-graph\">{\"@context\":\"https:\\\/\\\/schema.org\",\"@graph\":[{\"@type\":\"WebPage\",\"@id\":\"https:\\\/\\\/solardorosario.com.br\\\/galeria\\\/produto\\\/mini-azulejo-poty-sao-francisco-de-curitiba-sem-moldura\\\/\",\"url\":\"https:\\\/\\\/solardorosario.com.br\\\/galeria\\\/produto\\\/mini-azulejo-poty-sao-francisco-de-curitiba-sem-moldura\\\/\",\"name\":\"Mini azulejo Poty - S\u00e3o Francisco de Curitiba (sem moldura) - Solar do Ros\u00e1rio Galeria \\\\\\\\\\\\\\\\Nova\",\"isPartOf\":{\"@id\":\"https:\\\/\\\/solardorosario.com.br\\\/galeria\\\/#website\"},\"primaryImageOfPage\":{\"@id\":\"https:\\\/\\\/solardorosario.com.br\\\/galeria\\\/produto\\\/mini-azulejo-poty-sao-francisco-de-curitiba-sem-moldura\\\/#primaryimage\"},\"image\":{\"@id\":\"https:\\\/\\\/solardorosario.com.br\\\/galeria\\\/produto\\\/mini-azulejo-poty-sao-francisco-de-curitiba-sem-moldura\\\/#primaryimage\"},\"thumbnailUrl\":\"https:\\\/\\\/solardorosario.com.br\\\/galeria\\\/wp-content\\\/uploads\\\/2025\\\/12\\\/Sao-Francisco.jpg\",\"datePublished\":\"2025-12-12T18:22:16+00:00\",\"dateModified\":\"2025-12-12T18:22:17+00:00\",\"breadcrumb\":{\"@id\":\"https:\\\/\\\/solardorosario.com.br\\\/galeria\\\/produto\\\/mini-azulejo-poty-sao-francisco-de-curitiba-sem-moldura\\\/#breadcrumb\"},\"inLanguage\":\"pt-BR\",\"potentialAction\":[{\"@type\":\"ReadAction\",\"target\":[\"https:\\\/\\\/solardorosario.com.br\\\/galeria\\\/produto\\\/mini-azulejo-poty-sao-francisco-de-curitiba-sem-moldura\\\/\"]}]},{\"@type\":\"ImageObject\",\"inLanguage\":\"pt-BR\",\"@id\":\"https:\\\/\\\/solardorosario.com.br\\\/galeria\\\/produto\\\/mini-azulejo-poty-sao-francisco-de-curitiba-sem-moldura\\\/#primaryimage\",\"url\":\"https:\\\/\\\/solardorosario.com.br\\\/galeria\\\/wp-content\\\/uploads\\\/2025\\\/12\\\/Sao-Francisco.jpg\",\"contentUrl\":\"https:\\\/\\\/solardorosario.com.br\\\/galeria\\\/wp-content\\\/uploads\\\/2025\\\/12\\\/Sao-Francisco.jpg\",\"width\":1304,\"height\":1360},{\"@type\":\"BreadcrumbList\",\"@id\":\"https:\\\/\\\/solardorosario.com.br\\\/galeria\\\/produto\\\/mini-azulejo-poty-sao-francisco-de-curitiba-sem-moldura\\\/#breadcrumb\",\"itemListElement\":[{\"@type\":\"ListItem\",\"position\":1,\"name\":\"In\u00edcio\",\"item\":\"https:\\\/\\\/solardorosario.com.br\\\/galeria\\\/\"},{\"@type\":\"ListItem\",\"position\":2,\"name\":\"galeria\",\"item\":\"https:\\\/\\\/solardorosario.com.br\\\/galeria\\\/galeria\\\/\"},{\"@type\":\"ListItem\",\"position\":3,\"name\":\"Mini azulejo Poty - S\u00e3o Francisco de Curitiba (sem moldura)\"}]},{\"@type\":\"WebSite\",\"@id\":\"https:\\\/\\\/solardorosario.com.br\\\/galeria\\\/#website\",\"url\":\"https:\\\/\\\/solardorosario.com.br\\\/galeria\\\/\",\"name\":\"Solar do Ros\u00e1rio Galeria \\\\\\\\\\\\\\\\Nova\",\"description\":\"\",\"potentialAction\":[{\"@type\":\"SearchAction\",\"target\":{\"@type\":\"EntryPoint\",\"urlTemplate\":\"https:\\\/\\\/solardorosario.com.br\\\/galeria\\\/?s={search_term_string}\"},\"query-input\":{\"@type\":\"PropertyValueSpecification\",\"valueRequired\":true,\"valueName\":\"search_term_string\"}}],\"inLanguage\":\"pt-BR\"}]}<\/script>\n<!-- \/ Yoast SEO plugin. -->","yoast_head_json":{"title":"Mini azulejo Poty - S\u00e3o Francisco de Curitiba (sem moldura) - Solar do Ros\u00e1rio Galeria \\\\\\\\Nova","robots":{"index":"index","follow":"follow","max-snippet":"max-snippet:-1","max-image-preview":"max-image-preview:large","max-video-preview":"max-video-preview:-1"},"canonical":"https:\/\/solardorosario.com.br\/galeria\/produto\/mini-azulejo-poty-sao-francisco-de-curitiba-sem-moldura\/","og_locale":"pt_BR","og_type":"article","og_title":"Mini azulejo Poty - S\u00e3o Francisco de Curitiba (sem moldura) - Solar do Ros\u00e1rio Galeria \\\\\\\\Nova","og_description":"Artista: Poty T\u00edtulo: S\u00e3o Francisco de Curitiba Dimens\u00e3o: 10x10cm (sem moldura) &nbsp; &nbsp; S\u00e3o Francisco de Assis - S\u00e3o Francisco de Curitiba.\u00a0 Talvez o santo mais desenhado por Poty. Seria a afinidade da maneira humilde de ser? (...) Na vasta obra de Poty Lazzarotto, o santo protetor da It\u00e1lia sempre esteve presente. Para o Solar [&hellip;]","og_url":"https:\/\/solardorosario.com.br\/galeria\/produto\/mini-azulejo-poty-sao-francisco-de-curitiba-sem-moldura\/","og_site_name":"Solar do Ros\u00e1rio Galeria \\\\\\\\Nova","article_modified_time":"2025-12-12T18:22:17+00:00","og_image":[{"width":1304,"height":1360,"url":"https:\/\/solardorosario.com.br\/galeria\/wp-content\/uploads\/2025\/12\/Sao-Francisco.jpg","type":"image\/jpeg"}],"twitter_card":"summary_large_image","twitter_misc":{"Est. tempo de leitura":"2 minutos"},"schema":{"@context":"https:\/\/schema.org","@graph":[{"@type":"WebPage","@id":"https:\/\/solardorosario.com.br\/galeria\/produto\/mini-azulejo-poty-sao-francisco-de-curitiba-sem-moldura\/","url":"https:\/\/solardorosario.com.br\/galeria\/produto\/mini-azulejo-poty-sao-francisco-de-curitiba-sem-moldura\/","name":"Mini azulejo Poty - S\u00e3o Francisco de Curitiba (sem moldura) - Solar do Ros\u00e1rio Galeria \\\\\\\\Nova","isPartOf":{"@id":"https:\/\/solardorosario.com.br\/galeria\/#website"},"primaryImageOfPage":{"@id":"https:\/\/solardorosario.com.br\/galeria\/produto\/mini-azulejo-poty-sao-francisco-de-curitiba-sem-moldura\/#primaryimage"},"image":{"@id":"https:\/\/solardorosario.com.br\/galeria\/produto\/mini-azulejo-poty-sao-francisco-de-curitiba-sem-moldura\/#primaryimage"},"thumbnailUrl":"https:\/\/solardorosario.com.br\/galeria\/wp-content\/uploads\/2025\/12\/Sao-Francisco.jpg","datePublished":"2025-12-12T18:22:16+00:00","dateModified":"2025-12-12T18:22:17+00:00","breadcrumb":{"@id":"https:\/\/solardorosario.com.br\/galeria\/produto\/mini-azulejo-poty-sao-francisco-de-curitiba-sem-moldura\/#breadcrumb"},"inLanguage":"pt-BR","potentialAction":[{"@type":"ReadAction","target":["https:\/\/solardorosario.com.br\/galeria\/produto\/mini-azulejo-poty-sao-francisco-de-curitiba-sem-moldura\/"]}]},{"@type":"ImageObject","inLanguage":"pt-BR","@id":"https:\/\/solardorosario.com.br\/galeria\/produto\/mini-azulejo-poty-sao-francisco-de-curitiba-sem-moldura\/#primaryimage","url":"https:\/\/solardorosario.com.br\/galeria\/wp-content\/uploads\/2025\/12\/Sao-Francisco.jpg","contentUrl":"https:\/\/solardorosario.com.br\/galeria\/wp-content\/uploads\/2025\/12\/Sao-Francisco.jpg","width":1304,"height":1360},{"@type":"BreadcrumbList","@id":"https:\/\/solardorosario.com.br\/galeria\/produto\/mini-azulejo-poty-sao-francisco-de-curitiba-sem-moldura\/#breadcrumb","itemListElement":[{"@type":"ListItem","position":1,"name":"In\u00edcio","item":"https:\/\/solardorosario.com.br\/galeria\/"},{"@type":"ListItem","position":2,"name":"galeria","item":"https:\/\/solardorosario.com.br\/galeria\/galeria\/"},{"@type":"ListItem","position":3,"name":"Mini azulejo Poty - S\u00e3o Francisco de Curitiba (sem moldura)"}]},{"@type":"WebSite","@id":"https:\/\/solardorosario.com.br\/galeria\/#website","url":"https:\/\/solardorosario.com.br\/galeria\/","name":"Solar do Ros\u00e1rio Galeria \\\\\\\\Nova","description":"","potentialAction":[{"@type":"SearchAction","target":{"@type":"EntryPoint","urlTemplate":"https:\/\/solardorosario.com.br\/galeria\/?s={search_term_string}"},"query-input":{"@type":"PropertyValueSpecification","valueRequired":true,"valueName":"search_term_string"}}],"inLanguage":"pt-BR"}]}},"_links":{"self":[{"href":"https:\/\/solardorosario.com.br\/galeria\/wp-json\/wp\/v2\/product\/6534","targetHints":{"allow":["GET"]}}],"collection":[{"href":"https:\/\/solardorosario.com.br\/galeria\/wp-json\/wp\/v2\/product"}],"about":[{"href":"https:\/\/solardorosario.com.br\/galeria\/wp-json\/wp\/v2\/types\/product"}],"wp:featuredmedia":[{"embeddable":true,"href":"https:\/\/solardorosario.com.br\/galeria\/wp-json\/wp\/v2\/media\/6535"}],"wp:attachment":[{"href":"https:\/\/solardorosario.com.br\/galeria\/wp-json\/wp\/v2\/media?parent=6534"}],"wp:term":[{"taxonomy":"product_brand","embeddable":true,"href":"https:\/\/solardorosario.com.br\/galeria\/wp-json\/wp\/v2\/product_brand?post=6534"},{"taxonomy":"product_cat","embeddable":true,"href":"https:\/\/solardorosario.com.br\/galeria\/wp-json\/wp\/v2\/product_cat?post=6534"},{"taxonomy":"product_tag","embeddable":true,"href":"https:\/\/solardorosario.com.br\/galeria\/wp-json\/wp\/v2\/product_tag?post=6534"}],"curies":[{"name":"wp","href":"https:\/\/api.w.org\/{rel}","templated":true}]}}