{"id":6522,"date":"2025-12-11T16:05:45","date_gmt":"2025-12-11T19:05:45","guid":{"rendered":"https:\/\/solardorosario.com.br\/galeria\/?post_type=product&#038;p=6522"},"modified":"2025-12-11T16:05:45","modified_gmt":"2025-12-11T19:05:45","slug":"marco-antonio-camargo-sem-titulo-8","status":"publish","type":"product","link":"https:\/\/solardorosario.com.br\/galeria\/produto\/marco-antonio-camargo-sem-titulo-8\/","title":{"rendered":"Marco Ant\u00f4nio Camargo - Sem t\u00edtulo (8)"},"content":{"rendered":"<p><strong>Artista:<\/strong> Marco Ant\u00f4nio Camargo<\/p>\n<p><strong>T\u00edtulo:<\/strong> Sem t\u00edtulo (8)<\/p>\n<p><strong>Dimens\u00e3o:<\/strong> 42x30cm<\/p>\n<p><strong>T\u00e9cnica:<\/strong> Gravura (sem moldura)<\/p>\n<p>&nbsp;<\/p>\n<p>&nbsp;<\/p>\n<p>Marco Ant\u00f4nio Ribeiro de Camargo. Nascido 17 de outubro de 1955, em Curitiba - Paran\u00e1. Forma\u00e7\u00e3o acad\u00eamica em Matem\u00e1tica (1975 - UFPR), Escola de M\u00fasica e Belas Artes do Paran\u00e1 (EMBAP - 1982), Bacharelado em Letras Portugu\u00eas\/Espanhol (2011 - UNISEB, Rib. Preto - SP), Alian\u00e7a Francesa (1989 certifica\u00e7\u00f5es Delf e Dalf), Corso D'Ambrosio Italiano (1993 certifica\u00e7\u00e3o CILS).<\/p>\n<p>Como publicit\u00e1rio por mais de trinta e cinco anos, trabalhou em grandes ag\u00eancias de Curitiba (Opus &amp; M\u00faltipla, Grupo Positivo, Vis\u00e3o Publicidade) e de Santa Catarina (PEB, Exit Comunica\u00e7\u00e3o). Como roteirista e diretor de cena de comerciais e document\u00e1rios atuou em produtoras de Curitiba (Sir Laborat\u00f3rio, Softv\u00eddeo), S\u00e3o Paulo (Globotec) e Rio (Nova Onda).<\/p>\n<p>H\u00e1 tempos escreve e ilustra livros institucionais e infantojuvenis:<\/p>\n<p>Hist\u00f3ria de Friburgo - SC \/ 130 anos do Clube Duque de Caxias \/ Caderno dos 40 anos do Teatro Gua\u00edra \/ Hist\u00f3ria da Imigra\u00e7\u00e3o Menonita \/ Paran\u00e1 em letras e n\u00fameros (Adm. governo Jaime Lerner) \/ Senff 130 anos - uma hist\u00f3ria que continua \/ Ottocar Doerffel - Hist\u00f3ria de Joinville \/ Fam\u00edlia Klas (participa\u00e7\u00e3o) \/ A \u00e1rvore falante \/ A hist\u00f3ria dos animais e o coelhinho da floresta \/ Meri e seus segredos (design gr\u00e1fico) \/ Joaquim, a b\u00fassola e o mar.<\/p>\n<p>Como artista pl\u00e1stico, suas gravuras t\u00eam recebido reconhecimetno pelo car\u00e1ter original dos tra\u00e7os em suas figuras e o tratamento de temas que buscam a magia no cotidiano.<\/p>\n<p>&nbsp;<\/p>\n<p><em>\"Meus temas s\u00e3o, sempre, as pessoas, os bichos, as coisas curiosas, estranhas ou divertidas que a vida deixa por a\u00ed, meio \u00e0s escondidas.\"\u00a0<\/em><\/p>\n<p>-Marco Ant\u00f4nio.<\/p>\n","protected":false},"excerpt":{"rendered":"<p>Artista: Marco Ant\u00f4nio Camargo T\u00edtulo: Sem t\u00edtulo (8) Dimens\u00e3o: 42x30cm T\u00e9cnica: Gravura (sem moldura) &nbsp; &nbsp; Marco Ant\u00f4nio Ribeiro de Camargo. Nascido 17 de outubro de 1955, em Curitiba - Paran\u00e1. Forma\u00e7\u00e3o acad\u00eamica em Matem\u00e1tica (1975 - UFPR), Escola de M\u00fasica e Belas Artes do Paran\u00e1 (EMBAP - 1982), Bacharelado em Letras Portugu\u00eas\/Espanhol (2011 - [&hellip;]<\/p>\n","protected":false},"featured_media":6524,"template":"","meta":[],"product_brand":[],"product_cat":[117],"product_tag":[],"class_list":{"0":"post-6522","1":"product","2":"type-product","3":"status-publish","4":"has-post-thumbnail","6":"product_cat-galeria","7":"pa_artista-marco-antonio-camargo","8":"pa_estilo-figurativo","9":"pa_tecnica-gravura","11":"first","12":"instock","13":"shipping-taxable","14":"purchasable","15":"product-type-simple"},"yoast_head":"<!-- This site is optimized with the Yoast SEO plugin v27.4 - https:\/\/yoast.com\/product\/yoast-seo-wordpress\/ -->\n<title>Marco Ant\u00f4nio Camargo - Sem t\u00edtulo (8) - Solar do Ros\u00e1rio Galeria \\\\\\\\Nova<\/title>\n<meta name=\"robots\" content=\"index, follow, max-snippet:-1, max-image-preview:large, max-video-preview:-1\" \/>\n<link rel=\"canonical\" href=\"https:\/\/solardorosario.com.br\/galeria\/produto\/marco-antonio-camargo-sem-titulo-8\/\" \/>\n<meta property=\"og:locale\" content=\"pt_BR\" \/>\n<meta property=\"og:type\" content=\"article\" \/>\n<meta property=\"og:title\" content=\"Marco Ant\u00f4nio Camargo - Sem t\u00edtulo (8) - Solar do Ros\u00e1rio Galeria \\\\\\\\Nova\" \/>\n<meta property=\"og:description\" content=\"Artista: Marco Ant\u00f4nio Camargo T\u00edtulo: Sem t\u00edtulo (8) Dimens\u00e3o: 42x30cm T\u00e9cnica: Gravura (sem moldura) &nbsp; &nbsp; Marco Ant\u00f4nio Ribeiro de Camargo. Nascido 17 de outubro de 1955, em Curitiba - Paran\u00e1. Forma\u00e7\u00e3o acad\u00eamica em Matem\u00e1tica (1975 - UFPR), Escola de M\u00fasica e Belas Artes do Paran\u00e1 (EMBAP - 1982), Bacharelado em Letras Portugu\u00eas\/Espanhol (2011 - [&hellip;]\" \/>\n<meta property=\"og:url\" content=\"https:\/\/solardorosario.com.br\/galeria\/produto\/marco-antonio-camargo-sem-titulo-8\/\" \/>\n<meta property=\"og:site_name\" content=\"Solar do Ros\u00e1rio Galeria \\\\\\\\Nova\" \/>\n<meta property=\"og:image\" content=\"https:\/\/solardorosario.com.br\/galeria\/wp-content\/uploads\/2025\/12\/8-Sem-titulo-8-Casario-preto-e-branco-42x30cm.jpeg\" \/>\n\t<meta property=\"og:image:width\" content=\"888\" \/>\n\t<meta property=\"og:image:height\" content=\"1280\" \/>\n\t<meta property=\"og:image:type\" content=\"image\/jpeg\" \/>\n<meta name=\"twitter:card\" content=\"summary_large_image\" \/>\n<meta name=\"twitter:label1\" content=\"Est. tempo de leitura\" \/>\n\t<meta name=\"twitter:data1\" content=\"2 minutos\" \/>\n<script type=\"application\/ld+json\" class=\"yoast-schema-graph\">{\"@context\":\"https:\\\/\\\/schema.org\",\"@graph\":[{\"@type\":\"WebPage\",\"@id\":\"https:\\\/\\\/solardorosario.com.br\\\/galeria\\\/produto\\\/marco-antonio-camargo-sem-titulo-8\\\/\",\"url\":\"https:\\\/\\\/solardorosario.com.br\\\/galeria\\\/produto\\\/marco-antonio-camargo-sem-titulo-8\\\/\",\"name\":\"Marco Ant\u00f4nio Camargo - Sem t\u00edtulo (8) - Solar do Ros\u00e1rio Galeria \\\\\\\\\\\\\\\\Nova\",\"isPartOf\":{\"@id\":\"https:\\\/\\\/solardorosario.com.br\\\/galeria\\\/#website\"},\"primaryImageOfPage\":{\"@id\":\"https:\\\/\\\/solardorosario.com.br\\\/galeria\\\/produto\\\/marco-antonio-camargo-sem-titulo-8\\\/#primaryimage\"},\"image\":{\"@id\":\"https:\\\/\\\/solardorosario.com.br\\\/galeria\\\/produto\\\/marco-antonio-camargo-sem-titulo-8\\\/#primaryimage\"},\"thumbnailUrl\":\"https:\\\/\\\/solardorosario.com.br\\\/galeria\\\/wp-content\\\/uploads\\\/2025\\\/12\\\/8-Sem-titulo-8-Casario-preto-e-branco-42x30cm.jpeg\",\"datePublished\":\"2025-12-11T19:05:45+00:00\",\"breadcrumb\":{\"@id\":\"https:\\\/\\\/solardorosario.com.br\\\/galeria\\\/produto\\\/marco-antonio-camargo-sem-titulo-8\\\/#breadcrumb\"},\"inLanguage\":\"pt-BR\",\"potentialAction\":[{\"@type\":\"ReadAction\",\"target\":[\"https:\\\/\\\/solardorosario.com.br\\\/galeria\\\/produto\\\/marco-antonio-camargo-sem-titulo-8\\\/\"]}]},{\"@type\":\"ImageObject\",\"inLanguage\":\"pt-BR\",\"@id\":\"https:\\\/\\\/solardorosario.com.br\\\/galeria\\\/produto\\\/marco-antonio-camargo-sem-titulo-8\\\/#primaryimage\",\"url\":\"https:\\\/\\\/solardorosario.com.br\\\/galeria\\\/wp-content\\\/uploads\\\/2025\\\/12\\\/8-Sem-titulo-8-Casario-preto-e-branco-42x30cm.jpeg\",\"contentUrl\":\"https:\\\/\\\/solardorosario.com.br\\\/galeria\\\/wp-content\\\/uploads\\\/2025\\\/12\\\/8-Sem-titulo-8-Casario-preto-e-branco-42x30cm.jpeg\",\"width\":888,\"height\":1280},{\"@type\":\"BreadcrumbList\",\"@id\":\"https:\\\/\\\/solardorosario.com.br\\\/galeria\\\/produto\\\/marco-antonio-camargo-sem-titulo-8\\\/#breadcrumb\",\"itemListElement\":[{\"@type\":\"ListItem\",\"position\":1,\"name\":\"In\u00edcio\",\"item\":\"https:\\\/\\\/solardorosario.com.br\\\/galeria\\\/\"},{\"@type\":\"ListItem\",\"position\":2,\"name\":\"galeria\",\"item\":\"https:\\\/\\\/solardorosario.com.br\\\/galeria\\\/galeria\\\/\"},{\"@type\":\"ListItem\",\"position\":3,\"name\":\"Marco Ant\u00f4nio Camargo - Sem t\u00edtulo (8)\"}]},{\"@type\":\"WebSite\",\"@id\":\"https:\\\/\\\/solardorosario.com.br\\\/galeria\\\/#website\",\"url\":\"https:\\\/\\\/solardorosario.com.br\\\/galeria\\\/\",\"name\":\"Solar do Ros\u00e1rio Galeria \\\\\\\\\\\\\\\\Nova\",\"description\":\"\",\"potentialAction\":[{\"@type\":\"SearchAction\",\"target\":{\"@type\":\"EntryPoint\",\"urlTemplate\":\"https:\\\/\\\/solardorosario.com.br\\\/galeria\\\/?s={search_term_string}\"},\"query-input\":{\"@type\":\"PropertyValueSpecification\",\"valueRequired\":true,\"valueName\":\"search_term_string\"}}],\"inLanguage\":\"pt-BR\"}]}<\/script>\n<!-- \/ Yoast SEO plugin. -->","yoast_head_json":{"title":"Marco Ant\u00f4nio Camargo - Sem t\u00edtulo (8) - Solar do Ros\u00e1rio Galeria \\\\\\\\Nova","robots":{"index":"index","follow":"follow","max-snippet":"max-snippet:-1","max-image-preview":"max-image-preview:large","max-video-preview":"max-video-preview:-1"},"canonical":"https:\/\/solardorosario.com.br\/galeria\/produto\/marco-antonio-camargo-sem-titulo-8\/","og_locale":"pt_BR","og_type":"article","og_title":"Marco Ant\u00f4nio Camargo - Sem t\u00edtulo (8) - Solar do Ros\u00e1rio Galeria \\\\\\\\Nova","og_description":"Artista: Marco Ant\u00f4nio Camargo T\u00edtulo: Sem t\u00edtulo (8) Dimens\u00e3o: 42x30cm T\u00e9cnica: Gravura (sem moldura) &nbsp; &nbsp; Marco Ant\u00f4nio Ribeiro de Camargo. Nascido 17 de outubro de 1955, em Curitiba - Paran\u00e1. Forma\u00e7\u00e3o acad\u00eamica em Matem\u00e1tica (1975 - UFPR), Escola de M\u00fasica e Belas Artes do Paran\u00e1 (EMBAP - 1982), Bacharelado em Letras Portugu\u00eas\/Espanhol (2011 - [&hellip;]","og_url":"https:\/\/solardorosario.com.br\/galeria\/produto\/marco-antonio-camargo-sem-titulo-8\/","og_site_name":"Solar do Ros\u00e1rio Galeria \\\\\\\\Nova","og_image":[{"width":888,"height":1280,"url":"https:\/\/solardorosario.com.br\/galeria\/wp-content\/uploads\/2025\/12\/8-Sem-titulo-8-Casario-preto-e-branco-42x30cm.jpeg","type":"image\/jpeg"}],"twitter_card":"summary_large_image","twitter_misc":{"Est. tempo de leitura":"2 minutos"},"schema":{"@context":"https:\/\/schema.org","@graph":[{"@type":"WebPage","@id":"https:\/\/solardorosario.com.br\/galeria\/produto\/marco-antonio-camargo-sem-titulo-8\/","url":"https:\/\/solardorosario.com.br\/galeria\/produto\/marco-antonio-camargo-sem-titulo-8\/","name":"Marco Ant\u00f4nio Camargo - Sem t\u00edtulo (8) - Solar do Ros\u00e1rio Galeria \\\\\\\\Nova","isPartOf":{"@id":"https:\/\/solardorosario.com.br\/galeria\/#website"},"primaryImageOfPage":{"@id":"https:\/\/solardorosario.com.br\/galeria\/produto\/marco-antonio-camargo-sem-titulo-8\/#primaryimage"},"image":{"@id":"https:\/\/solardorosario.com.br\/galeria\/produto\/marco-antonio-camargo-sem-titulo-8\/#primaryimage"},"thumbnailUrl":"https:\/\/solardorosario.com.br\/galeria\/wp-content\/uploads\/2025\/12\/8-Sem-titulo-8-Casario-preto-e-branco-42x30cm.jpeg","datePublished":"2025-12-11T19:05:45+00:00","breadcrumb":{"@id":"https:\/\/solardorosario.com.br\/galeria\/produto\/marco-antonio-camargo-sem-titulo-8\/#breadcrumb"},"inLanguage":"pt-BR","potentialAction":[{"@type":"ReadAction","target":["https:\/\/solardorosario.com.br\/galeria\/produto\/marco-antonio-camargo-sem-titulo-8\/"]}]},{"@type":"ImageObject","inLanguage":"pt-BR","@id":"https:\/\/solardorosario.com.br\/galeria\/produto\/marco-antonio-camargo-sem-titulo-8\/#primaryimage","url":"https:\/\/solardorosario.com.br\/galeria\/wp-content\/uploads\/2025\/12\/8-Sem-titulo-8-Casario-preto-e-branco-42x30cm.jpeg","contentUrl":"https:\/\/solardorosario.com.br\/galeria\/wp-content\/uploads\/2025\/12\/8-Sem-titulo-8-Casario-preto-e-branco-42x30cm.jpeg","width":888,"height":1280},{"@type":"BreadcrumbList","@id":"https:\/\/solardorosario.com.br\/galeria\/produto\/marco-antonio-camargo-sem-titulo-8\/#breadcrumb","itemListElement":[{"@type":"ListItem","position":1,"name":"In\u00edcio","item":"https:\/\/solardorosario.com.br\/galeria\/"},{"@type":"ListItem","position":2,"name":"galeria","item":"https:\/\/solardorosario.com.br\/galeria\/galeria\/"},{"@type":"ListItem","position":3,"name":"Marco Ant\u00f4nio Camargo - Sem t\u00edtulo (8)"}]},{"@type":"WebSite","@id":"https:\/\/solardorosario.com.br\/galeria\/#website","url":"https:\/\/solardorosario.com.br\/galeria\/","name":"Solar do Ros\u00e1rio Galeria \\\\\\\\Nova","description":"","potentialAction":[{"@type":"SearchAction","target":{"@type":"EntryPoint","urlTemplate":"https:\/\/solardorosario.com.br\/galeria\/?s={search_term_string}"},"query-input":{"@type":"PropertyValueSpecification","valueRequired":true,"valueName":"search_term_string"}}],"inLanguage":"pt-BR"}]}},"_links":{"self":[{"href":"https:\/\/solardorosario.com.br\/galeria\/wp-json\/wp\/v2\/product\/6522","targetHints":{"allow":["GET"]}}],"collection":[{"href":"https:\/\/solardorosario.com.br\/galeria\/wp-json\/wp\/v2\/product"}],"about":[{"href":"https:\/\/solardorosario.com.br\/galeria\/wp-json\/wp\/v2\/types\/product"}],"wp:featuredmedia":[{"embeddable":true,"href":"https:\/\/solardorosario.com.br\/galeria\/wp-json\/wp\/v2\/media\/6524"}],"wp:attachment":[{"href":"https:\/\/solardorosario.com.br\/galeria\/wp-json\/wp\/v2\/media?parent=6522"}],"wp:term":[{"taxonomy":"product_brand","embeddable":true,"href":"https:\/\/solardorosario.com.br\/galeria\/wp-json\/wp\/v2\/product_brand?post=6522"},{"taxonomy":"product_cat","embeddable":true,"href":"https:\/\/solardorosario.com.br\/galeria\/wp-json\/wp\/v2\/product_cat?post=6522"},{"taxonomy":"product_tag","embeddable":true,"href":"https:\/\/solardorosario.com.br\/galeria\/wp-json\/wp\/v2\/product_tag?post=6522"}],"curies":[{"name":"wp","href":"https:\/\/api.w.org\/{rel}","templated":true}]}}