{"id":6492,"date":"2025-12-11T13:59:42","date_gmt":"2025-12-11T16:59:42","guid":{"rendered":"https:\/\/solardorosario.com.br\/galeria\/?post_type=product&#038;p=6492"},"modified":"2025-12-11T13:59:42","modified_gmt":"2025-12-11T16:59:42","slug":"maria-angela-tassi-xicara-azul","status":"publish","type":"product","link":"https:\/\/solardorosario.com.br\/galeria\/produto\/maria-angela-tassi-xicara-azul\/","title":{"rendered":"Maria \u00c2ngela Tassi - X\u00edcara Azul"},"content":{"rendered":"<p><strong>Artista:<\/strong> Maria \u00c2ngela Tassi<\/p>\n<p><strong>T\u00edtulo:<\/strong> X\u00edcara Azul<\/p>\n<p><strong>Dimens\u00e3o:<\/strong> 22x32cm<\/p>\n<p><strong>T\u00e9cnica:<\/strong> Monoprint (sem moldura)<\/p>\n<p>&nbsp;<\/p>\n<p>&nbsp;<\/p>\n<p>Maria \u00c2ngela Tassi \u00e9 artista visual curitibana. \u00c9 autodidata. Fez cursos livres desde 1989, como o curso de xilogravura, de Express\u00e3o Pl\u00e1stica e de serigrafia, todos no atelier Paula Menten. Em 1990, fez sua primeira exposi\u00e7\u00e3o individual, na Mostra Individual de Pintura - Banestado Caderneta de Poupan\u00e7a, em Londrina. Participou de v\u00e1rias mostras como a IX Mostra da Gravura Cidade de Curitiba, no Museu da Gravura, no Solar do Bar\u00e3o, em 1990, e no mesmo ano, o XIV Mural de Poemas do Departamento de Cultura de Londrina - PR. Tamb\u00e9m participou de exposi\u00e7\u00f5es coletivas e sal\u00f5es como o XVI Sal\u00e3o de Artes Pl\u00e1sticas em Jacarezinho, e 1990, e na exposi\u00e7\u00e3o coletiva na C\u00e2mara Municipal de Guimar\u00e3es, em Portugal.<\/p>\n","protected":false},"excerpt":{"rendered":"<p>Artista: Maria \u00c2ngela Tassi T\u00edtulo: X\u00edcara Azul Dimens\u00e3o: 22x32cm T\u00e9cnica: Monoprint (sem moldura) &nbsp; &nbsp; Maria \u00c2ngela Tassi \u00e9 artista visual curitibana. \u00c9 autodidata. Fez cursos livres desde 1989, como o curso de xilogravura, de Express\u00e3o Pl\u00e1stica e de serigrafia, todos no atelier Paula Menten. Em 1990, fez sua primeira exposi\u00e7\u00e3o individual, na Mostra Individual [&hellip;]<\/p>\n","protected":false},"featured_media":6493,"template":"","meta":[],"product_brand":[],"product_cat":[117],"product_tag":[],"class_list":{"0":"post-6492","1":"product","2":"type-product","3":"status-publish","4":"has-post-thumbnail","6":"product_cat-galeria","7":"pa_artista-maria-angela-tassi","8":"pa_estilo-figurativo","9":"pa_estilo-natureza-morta","10":"pa_tecnica-monoprint","12":"first","13":"instock","14":"shipping-taxable","15":"product-type-simple"},"yoast_head":"<!-- This site is optimized with the Yoast SEO plugin v27.4 - https:\/\/yoast.com\/product\/yoast-seo-wordpress\/ -->\n<title>Maria \u00c2ngela Tassi - X\u00edcara Azul - Solar do Ros\u00e1rio Galeria \\\\\\\\Nova<\/title>\n<meta name=\"robots\" content=\"index, follow, max-snippet:-1, max-image-preview:large, max-video-preview:-1\" \/>\n<link rel=\"canonical\" href=\"https:\/\/solardorosario.com.br\/galeria\/produto\/maria-angela-tassi-xicara-azul\/\" \/>\n<meta property=\"og:locale\" content=\"pt_BR\" \/>\n<meta property=\"og:type\" content=\"article\" \/>\n<meta property=\"og:title\" content=\"Maria \u00c2ngela Tassi - X\u00edcara Azul - Solar do Ros\u00e1rio Galeria \\\\\\\\Nova\" \/>\n<meta property=\"og:description\" content=\"Artista: Maria \u00c2ngela Tassi T\u00edtulo: X\u00edcara Azul Dimens\u00e3o: 22x32cm T\u00e9cnica: Monoprint (sem moldura) &nbsp; &nbsp; Maria \u00c2ngela Tassi \u00e9 artista visual curitibana. \u00c9 autodidata. Fez cursos livres desde 1989, como o curso de xilogravura, de Express\u00e3o Pl\u00e1stica e de serigrafia, todos no atelier Paula Menten. Em 1990, fez sua primeira exposi\u00e7\u00e3o individual, na Mostra Individual [&hellip;]\" \/>\n<meta property=\"og:url\" content=\"https:\/\/solardorosario.com.br\/galeria\/produto\/maria-angela-tassi-xicara-azul\/\" \/>\n<meta property=\"og:site_name\" content=\"Solar do Ros\u00e1rio Galeria \\\\\\\\Nova\" \/>\n<meta property=\"og:image\" content=\"https:\/\/solardorosario.com.br\/galeria\/wp-content\/uploads\/2025\/12\/2-Xicara-Azul-monoprint-22x32cm.jpeg\" \/>\n\t<meta property=\"og:image:width\" content=\"1280\" \/>\n\t<meta property=\"og:image:height\" content=\"875\" \/>\n\t<meta property=\"og:image:type\" content=\"image\/jpeg\" \/>\n<meta name=\"twitter:card\" content=\"summary_large_image\" \/>\n<meta name=\"twitter:label1\" content=\"Est. tempo de leitura\" \/>\n\t<meta name=\"twitter:data1\" content=\"1 minuto\" \/>\n<script type=\"application\/ld+json\" class=\"yoast-schema-graph\">{\"@context\":\"https:\\\/\\\/schema.org\",\"@graph\":[{\"@type\":\"WebPage\",\"@id\":\"https:\\\/\\\/solardorosario.com.br\\\/galeria\\\/produto\\\/maria-angela-tassi-xicara-azul\\\/\",\"url\":\"https:\\\/\\\/solardorosario.com.br\\\/galeria\\\/produto\\\/maria-angela-tassi-xicara-azul\\\/\",\"name\":\"Maria \u00c2ngela Tassi - X\u00edcara Azul - Solar do Ros\u00e1rio Galeria \\\\\\\\\\\\\\\\Nova\",\"isPartOf\":{\"@id\":\"https:\\\/\\\/solardorosario.com.br\\\/galeria\\\/#website\"},\"primaryImageOfPage\":{\"@id\":\"https:\\\/\\\/solardorosario.com.br\\\/galeria\\\/produto\\\/maria-angela-tassi-xicara-azul\\\/#primaryimage\"},\"image\":{\"@id\":\"https:\\\/\\\/solardorosario.com.br\\\/galeria\\\/produto\\\/maria-angela-tassi-xicara-azul\\\/#primaryimage\"},\"thumbnailUrl\":\"https:\\\/\\\/solardorosario.com.br\\\/galeria\\\/wp-content\\\/uploads\\\/2025\\\/12\\\/2-Xicara-Azul-monoprint-22x32cm.jpeg\",\"datePublished\":\"2025-12-11T16:59:42+00:00\",\"breadcrumb\":{\"@id\":\"https:\\\/\\\/solardorosario.com.br\\\/galeria\\\/produto\\\/maria-angela-tassi-xicara-azul\\\/#breadcrumb\"},\"inLanguage\":\"pt-BR\",\"potentialAction\":[{\"@type\":\"ReadAction\",\"target\":[\"https:\\\/\\\/solardorosario.com.br\\\/galeria\\\/produto\\\/maria-angela-tassi-xicara-azul\\\/\"]}]},{\"@type\":\"ImageObject\",\"inLanguage\":\"pt-BR\",\"@id\":\"https:\\\/\\\/solardorosario.com.br\\\/galeria\\\/produto\\\/maria-angela-tassi-xicara-azul\\\/#primaryimage\",\"url\":\"https:\\\/\\\/solardorosario.com.br\\\/galeria\\\/wp-content\\\/uploads\\\/2025\\\/12\\\/2-Xicara-Azul-monoprint-22x32cm.jpeg\",\"contentUrl\":\"https:\\\/\\\/solardorosario.com.br\\\/galeria\\\/wp-content\\\/uploads\\\/2025\\\/12\\\/2-Xicara-Azul-monoprint-22x32cm.jpeg\",\"width\":1280,\"height\":875},{\"@type\":\"BreadcrumbList\",\"@id\":\"https:\\\/\\\/solardorosario.com.br\\\/galeria\\\/produto\\\/maria-angela-tassi-xicara-azul\\\/#breadcrumb\",\"itemListElement\":[{\"@type\":\"ListItem\",\"position\":1,\"name\":\"In\u00edcio\",\"item\":\"https:\\\/\\\/solardorosario.com.br\\\/galeria\\\/\"},{\"@type\":\"ListItem\",\"position\":2,\"name\":\"galeria\",\"item\":\"https:\\\/\\\/solardorosario.com.br\\\/galeria\\\/galeria\\\/\"},{\"@type\":\"ListItem\",\"position\":3,\"name\":\"Maria \u00c2ngela Tassi - X\u00edcara Azul\"}]},{\"@type\":\"WebSite\",\"@id\":\"https:\\\/\\\/solardorosario.com.br\\\/galeria\\\/#website\",\"url\":\"https:\\\/\\\/solardorosario.com.br\\\/galeria\\\/\",\"name\":\"Solar do Ros\u00e1rio Galeria \\\\\\\\\\\\\\\\Nova\",\"description\":\"\",\"potentialAction\":[{\"@type\":\"SearchAction\",\"target\":{\"@type\":\"EntryPoint\",\"urlTemplate\":\"https:\\\/\\\/solardorosario.com.br\\\/galeria\\\/?s={search_term_string}\"},\"query-input\":{\"@type\":\"PropertyValueSpecification\",\"valueRequired\":true,\"valueName\":\"search_term_string\"}}],\"inLanguage\":\"pt-BR\"}]}<\/script>\n<!-- \/ Yoast SEO plugin. -->","yoast_head_json":{"title":"Maria \u00c2ngela Tassi - X\u00edcara Azul - Solar do Ros\u00e1rio Galeria \\\\\\\\Nova","robots":{"index":"index","follow":"follow","max-snippet":"max-snippet:-1","max-image-preview":"max-image-preview:large","max-video-preview":"max-video-preview:-1"},"canonical":"https:\/\/solardorosario.com.br\/galeria\/produto\/maria-angela-tassi-xicara-azul\/","og_locale":"pt_BR","og_type":"article","og_title":"Maria \u00c2ngela Tassi - X\u00edcara Azul - Solar do Ros\u00e1rio Galeria \\\\\\\\Nova","og_description":"Artista: Maria \u00c2ngela Tassi T\u00edtulo: X\u00edcara Azul Dimens\u00e3o: 22x32cm T\u00e9cnica: Monoprint (sem moldura) &nbsp; &nbsp; Maria \u00c2ngela Tassi \u00e9 artista visual curitibana. \u00c9 autodidata. Fez cursos livres desde 1989, como o curso de xilogravura, de Express\u00e3o Pl\u00e1stica e de serigrafia, todos no atelier Paula Menten. Em 1990, fez sua primeira exposi\u00e7\u00e3o individual, na Mostra Individual [&hellip;]","og_url":"https:\/\/solardorosario.com.br\/galeria\/produto\/maria-angela-tassi-xicara-azul\/","og_site_name":"Solar do Ros\u00e1rio Galeria \\\\\\\\Nova","og_image":[{"width":1280,"height":875,"url":"https:\/\/solardorosario.com.br\/galeria\/wp-content\/uploads\/2025\/12\/2-Xicara-Azul-monoprint-22x32cm.jpeg","type":"image\/jpeg"}],"twitter_card":"summary_large_image","twitter_misc":{"Est. tempo de leitura":"1 minuto"},"schema":{"@context":"https:\/\/schema.org","@graph":[{"@type":"WebPage","@id":"https:\/\/solardorosario.com.br\/galeria\/produto\/maria-angela-tassi-xicara-azul\/","url":"https:\/\/solardorosario.com.br\/galeria\/produto\/maria-angela-tassi-xicara-azul\/","name":"Maria \u00c2ngela Tassi - X\u00edcara Azul - Solar do Ros\u00e1rio Galeria \\\\\\\\Nova","isPartOf":{"@id":"https:\/\/solardorosario.com.br\/galeria\/#website"},"primaryImageOfPage":{"@id":"https:\/\/solardorosario.com.br\/galeria\/produto\/maria-angela-tassi-xicara-azul\/#primaryimage"},"image":{"@id":"https:\/\/solardorosario.com.br\/galeria\/produto\/maria-angela-tassi-xicara-azul\/#primaryimage"},"thumbnailUrl":"https:\/\/solardorosario.com.br\/galeria\/wp-content\/uploads\/2025\/12\/2-Xicara-Azul-monoprint-22x32cm.jpeg","datePublished":"2025-12-11T16:59:42+00:00","breadcrumb":{"@id":"https:\/\/solardorosario.com.br\/galeria\/produto\/maria-angela-tassi-xicara-azul\/#breadcrumb"},"inLanguage":"pt-BR","potentialAction":[{"@type":"ReadAction","target":["https:\/\/solardorosario.com.br\/galeria\/produto\/maria-angela-tassi-xicara-azul\/"]}]},{"@type":"ImageObject","inLanguage":"pt-BR","@id":"https:\/\/solardorosario.com.br\/galeria\/produto\/maria-angela-tassi-xicara-azul\/#primaryimage","url":"https:\/\/solardorosario.com.br\/galeria\/wp-content\/uploads\/2025\/12\/2-Xicara-Azul-monoprint-22x32cm.jpeg","contentUrl":"https:\/\/solardorosario.com.br\/galeria\/wp-content\/uploads\/2025\/12\/2-Xicara-Azul-monoprint-22x32cm.jpeg","width":1280,"height":875},{"@type":"BreadcrumbList","@id":"https:\/\/solardorosario.com.br\/galeria\/produto\/maria-angela-tassi-xicara-azul\/#breadcrumb","itemListElement":[{"@type":"ListItem","position":1,"name":"In\u00edcio","item":"https:\/\/solardorosario.com.br\/galeria\/"},{"@type":"ListItem","position":2,"name":"galeria","item":"https:\/\/solardorosario.com.br\/galeria\/galeria\/"},{"@type":"ListItem","position":3,"name":"Maria \u00c2ngela Tassi - X\u00edcara Azul"}]},{"@type":"WebSite","@id":"https:\/\/solardorosario.com.br\/galeria\/#website","url":"https:\/\/solardorosario.com.br\/galeria\/","name":"Solar do Ros\u00e1rio Galeria \\\\\\\\Nova","description":"","potentialAction":[{"@type":"SearchAction","target":{"@type":"EntryPoint","urlTemplate":"https:\/\/solardorosario.com.br\/galeria\/?s={search_term_string}"},"query-input":{"@type":"PropertyValueSpecification","valueRequired":true,"valueName":"search_term_string"}}],"inLanguage":"pt-BR"}]}},"_links":{"self":[{"href":"https:\/\/solardorosario.com.br\/galeria\/wp-json\/wp\/v2\/product\/6492","targetHints":{"allow":["GET"]}}],"collection":[{"href":"https:\/\/solardorosario.com.br\/galeria\/wp-json\/wp\/v2\/product"}],"about":[{"href":"https:\/\/solardorosario.com.br\/galeria\/wp-json\/wp\/v2\/types\/product"}],"wp:featuredmedia":[{"embeddable":true,"href":"https:\/\/solardorosario.com.br\/galeria\/wp-json\/wp\/v2\/media\/6493"}],"wp:attachment":[{"href":"https:\/\/solardorosario.com.br\/galeria\/wp-json\/wp\/v2\/media?parent=6492"}],"wp:term":[{"taxonomy":"product_brand","embeddable":true,"href":"https:\/\/solardorosario.com.br\/galeria\/wp-json\/wp\/v2\/product_brand?post=6492"},{"taxonomy":"product_cat","embeddable":true,"href":"https:\/\/solardorosario.com.br\/galeria\/wp-json\/wp\/v2\/product_cat?post=6492"},{"taxonomy":"product_tag","embeddable":true,"href":"https:\/\/solardorosario.com.br\/galeria\/wp-json\/wp\/v2\/product_tag?post=6492"}],"curies":[{"name":"wp","href":"https:\/\/api.w.org\/{rel}","templated":true}]}}