{"id":6490,"date":"2025-12-11T13:52:44","date_gmt":"2025-12-11T16:52:44","guid":{"rendered":"https:\/\/solardorosario.com.br\/galeria\/?post_type=product&#038;p=6490"},"modified":"2025-12-11T13:52:44","modified_gmt":"2025-12-11T16:52:44","slug":"maria-angela-tassi-mulher-com-flores","status":"publish","type":"product","link":"https:\/\/solardorosario.com.br\/galeria\/produto\/maria-angela-tassi-mulher-com-flores\/","title":{"rendered":"Maria \u00c2ngela Tassi - Mulher com flores"},"content":{"rendered":"<p><strong>Artista:<\/strong> Maria \u00c2ngela Tassi<\/p>\n<p><strong>T\u00edtulo:<\/strong> Mulher com flores<\/p>\n<p><strong>Dimens\u00e3o:<\/strong> 24x33cm<\/p>\n<p><strong>T\u00e9cnica:<\/strong> Serigrafia (sem moldura)<\/p>\n<p>&nbsp;<\/p>\n<p>&nbsp;<\/p>\n<p>Maria \u00c2ngela Tassi \u00e9 artista visual curitibana. \u00c9 autodidata. Fez cursos livres desde 1989, como o curso de xilogravura, de Express\u00e3o Pl\u00e1stica e de serigrafia, todos no atelier Paula Menten. Em 1990, fez sua primeira exposi\u00e7\u00e3o individual, na Mostra Individual de Pintura - Banestado Caderneta de Poupan\u00e7a, em Londrina. Participou de v\u00e1rias mostras como a IX Mostra da Gravura Cidade de Curitiba, no Museu da Gravura, no Solar do Bar\u00e3o, em 1990, e no mesmo ano, o XIV Mural de Poemas do Departamento de Cultura de Londrina - PR. Tamb\u00e9m participou de exposi\u00e7\u00f5es coletivas e sal\u00f5es como o XVI Sal\u00e3o de Artes Pl\u00e1sticas em Jacarezinho, e 1990, e na exposi\u00e7\u00e3o coletiva na C\u00e2mara Municipal de Guimar\u00e3es, em Portugal.<\/p>\n","protected":false},"excerpt":{"rendered":"<p>Artista: Maria \u00c2ngela Tassi T\u00edtulo: Mulher com flores Dimens\u00e3o: 24x33cm T\u00e9cnica: Serigrafia (sem moldura) &nbsp; &nbsp; Maria \u00c2ngela Tassi \u00e9 artista visual curitibana. \u00c9 autodidata. Fez cursos livres desde 1989, como o curso de xilogravura, de Express\u00e3o Pl\u00e1stica e de serigrafia, todos no atelier Paula Menten. Em 1990, fez sua primeira exposi\u00e7\u00e3o individual, na Mostra [&hellip;]<\/p>\n","protected":false},"featured_media":6491,"template":"","meta":[],"product_brand":[],"product_cat":[16],"product_tag":[],"class_list":{"0":"post-6490","1":"product","2":"type-product","3":"status-publish","4":"has-post-thumbnail","6":"product_cat-sem-categoria","7":"pa_artista-maria-angela-tassi","8":"pa_estilo-figurativo","9":"pa_tecnica-serigrafia","11":"first","12":"instock","13":"shipping-taxable","14":"product-type-simple"},"yoast_head":"<!-- This site is optimized with the Yoast SEO plugin v27.4 - https:\/\/yoast.com\/product\/yoast-seo-wordpress\/ -->\n<title>Maria \u00c2ngela Tassi - Mulher com flores - Solar do Ros\u00e1rio Galeria \\\\\\\\Nova<\/title>\n<meta name=\"robots\" content=\"index, follow, max-snippet:-1, max-image-preview:large, max-video-preview:-1\" \/>\n<link rel=\"canonical\" href=\"https:\/\/solardorosario.com.br\/galeria\/produto\/maria-angela-tassi-mulher-com-flores\/\" \/>\n<meta property=\"og:locale\" content=\"pt_BR\" \/>\n<meta property=\"og:type\" content=\"article\" \/>\n<meta property=\"og:title\" content=\"Maria \u00c2ngela Tassi - Mulher com flores - Solar do Ros\u00e1rio Galeria \\\\\\\\Nova\" \/>\n<meta property=\"og:description\" content=\"Artista: Maria \u00c2ngela Tassi T\u00edtulo: Mulher com flores Dimens\u00e3o: 24x33cm T\u00e9cnica: Serigrafia (sem moldura) &nbsp; &nbsp; Maria \u00c2ngela Tassi \u00e9 artista visual curitibana. \u00c9 autodidata. Fez cursos livres desde 1989, como o curso de xilogravura, de Express\u00e3o Pl\u00e1stica e de serigrafia, todos no atelier Paula Menten. Em 1990, fez sua primeira exposi\u00e7\u00e3o individual, na Mostra [&hellip;]\" \/>\n<meta property=\"og:url\" content=\"https:\/\/solardorosario.com.br\/galeria\/produto\/maria-angela-tassi-mulher-com-flores\/\" \/>\n<meta property=\"og:site_name\" content=\"Solar do Ros\u00e1rio Galeria \\\\\\\\Nova\" \/>\n<meta property=\"og:image\" content=\"https:\/\/solardorosario.com.br\/galeria\/wp-content\/uploads\/2025\/12\/1-Mulher-com-flores-serigrafia-24x33cm.jpeg\" \/>\n\t<meta property=\"og:image:width\" content=\"918\" \/>\n\t<meta property=\"og:image:height\" content=\"1280\" \/>\n\t<meta property=\"og:image:type\" content=\"image\/jpeg\" \/>\n<meta name=\"twitter:card\" content=\"summary_large_image\" \/>\n<meta name=\"twitter:label1\" content=\"Est. tempo de leitura\" \/>\n\t<meta name=\"twitter:data1\" content=\"1 minuto\" \/>\n<script type=\"application\/ld+json\" class=\"yoast-schema-graph\">{\"@context\":\"https:\\\/\\\/schema.org\",\"@graph\":[{\"@type\":\"WebPage\",\"@id\":\"https:\\\/\\\/solardorosario.com.br\\\/galeria\\\/produto\\\/maria-angela-tassi-mulher-com-flores\\\/\",\"url\":\"https:\\\/\\\/solardorosario.com.br\\\/galeria\\\/produto\\\/maria-angela-tassi-mulher-com-flores\\\/\",\"name\":\"Maria \u00c2ngela Tassi - Mulher com flores - Solar do Ros\u00e1rio Galeria \\\\\\\\\\\\\\\\Nova\",\"isPartOf\":{\"@id\":\"https:\\\/\\\/solardorosario.com.br\\\/galeria\\\/#website\"},\"primaryImageOfPage\":{\"@id\":\"https:\\\/\\\/solardorosario.com.br\\\/galeria\\\/produto\\\/maria-angela-tassi-mulher-com-flores\\\/#primaryimage\"},\"image\":{\"@id\":\"https:\\\/\\\/solardorosario.com.br\\\/galeria\\\/produto\\\/maria-angela-tassi-mulher-com-flores\\\/#primaryimage\"},\"thumbnailUrl\":\"https:\\\/\\\/solardorosario.com.br\\\/galeria\\\/wp-content\\\/uploads\\\/2025\\\/12\\\/1-Mulher-com-flores-serigrafia-24x33cm.jpeg\",\"datePublished\":\"2025-12-11T16:52:44+00:00\",\"breadcrumb\":{\"@id\":\"https:\\\/\\\/solardorosario.com.br\\\/galeria\\\/produto\\\/maria-angela-tassi-mulher-com-flores\\\/#breadcrumb\"},\"inLanguage\":\"pt-BR\",\"potentialAction\":[{\"@type\":\"ReadAction\",\"target\":[\"https:\\\/\\\/solardorosario.com.br\\\/galeria\\\/produto\\\/maria-angela-tassi-mulher-com-flores\\\/\"]}]},{\"@type\":\"ImageObject\",\"inLanguage\":\"pt-BR\",\"@id\":\"https:\\\/\\\/solardorosario.com.br\\\/galeria\\\/produto\\\/maria-angela-tassi-mulher-com-flores\\\/#primaryimage\",\"url\":\"https:\\\/\\\/solardorosario.com.br\\\/galeria\\\/wp-content\\\/uploads\\\/2025\\\/12\\\/1-Mulher-com-flores-serigrafia-24x33cm.jpeg\",\"contentUrl\":\"https:\\\/\\\/solardorosario.com.br\\\/galeria\\\/wp-content\\\/uploads\\\/2025\\\/12\\\/1-Mulher-com-flores-serigrafia-24x33cm.jpeg\",\"width\":918,\"height\":1280},{\"@type\":\"BreadcrumbList\",\"@id\":\"https:\\\/\\\/solardorosario.com.br\\\/galeria\\\/produto\\\/maria-angela-tassi-mulher-com-flores\\\/#breadcrumb\",\"itemListElement\":[{\"@type\":\"ListItem\",\"position\":1,\"name\":\"In\u00edcio\",\"item\":\"https:\\\/\\\/solardorosario.com.br\\\/galeria\\\/\"},{\"@type\":\"ListItem\",\"position\":2,\"name\":\"galeria\",\"item\":\"https:\\\/\\\/solardorosario.com.br\\\/galeria\\\/galeria\\\/\"},{\"@type\":\"ListItem\",\"position\":3,\"name\":\"Maria \u00c2ngela Tassi - Mulher com flores\"}]},{\"@type\":\"WebSite\",\"@id\":\"https:\\\/\\\/solardorosario.com.br\\\/galeria\\\/#website\",\"url\":\"https:\\\/\\\/solardorosario.com.br\\\/galeria\\\/\",\"name\":\"Solar do Ros\u00e1rio Galeria \\\\\\\\\\\\\\\\Nova\",\"description\":\"\",\"potentialAction\":[{\"@type\":\"SearchAction\",\"target\":{\"@type\":\"EntryPoint\",\"urlTemplate\":\"https:\\\/\\\/solardorosario.com.br\\\/galeria\\\/?s={search_term_string}\"},\"query-input\":{\"@type\":\"PropertyValueSpecification\",\"valueRequired\":true,\"valueName\":\"search_term_string\"}}],\"inLanguage\":\"pt-BR\"}]}<\/script>\n<!-- \/ Yoast SEO plugin. -->","yoast_head_json":{"title":"Maria \u00c2ngela Tassi - Mulher com flores - Solar do Ros\u00e1rio Galeria \\\\\\\\Nova","robots":{"index":"index","follow":"follow","max-snippet":"max-snippet:-1","max-image-preview":"max-image-preview:large","max-video-preview":"max-video-preview:-1"},"canonical":"https:\/\/solardorosario.com.br\/galeria\/produto\/maria-angela-tassi-mulher-com-flores\/","og_locale":"pt_BR","og_type":"article","og_title":"Maria \u00c2ngela Tassi - Mulher com flores - Solar do Ros\u00e1rio Galeria \\\\\\\\Nova","og_description":"Artista: Maria \u00c2ngela Tassi T\u00edtulo: Mulher com flores Dimens\u00e3o: 24x33cm T\u00e9cnica: Serigrafia (sem moldura) &nbsp; &nbsp; Maria \u00c2ngela Tassi \u00e9 artista visual curitibana. \u00c9 autodidata. Fez cursos livres desde 1989, como o curso de xilogravura, de Express\u00e3o Pl\u00e1stica e de serigrafia, todos no atelier Paula Menten. Em 1990, fez sua primeira exposi\u00e7\u00e3o individual, na Mostra [&hellip;]","og_url":"https:\/\/solardorosario.com.br\/galeria\/produto\/maria-angela-tassi-mulher-com-flores\/","og_site_name":"Solar do Ros\u00e1rio Galeria \\\\\\\\Nova","og_image":[{"width":918,"height":1280,"url":"https:\/\/solardorosario.com.br\/galeria\/wp-content\/uploads\/2025\/12\/1-Mulher-com-flores-serigrafia-24x33cm.jpeg","type":"image\/jpeg"}],"twitter_card":"summary_large_image","twitter_misc":{"Est. tempo de leitura":"1 minuto"},"schema":{"@context":"https:\/\/schema.org","@graph":[{"@type":"WebPage","@id":"https:\/\/solardorosario.com.br\/galeria\/produto\/maria-angela-tassi-mulher-com-flores\/","url":"https:\/\/solardorosario.com.br\/galeria\/produto\/maria-angela-tassi-mulher-com-flores\/","name":"Maria \u00c2ngela Tassi - Mulher com flores - Solar do Ros\u00e1rio Galeria \\\\\\\\Nova","isPartOf":{"@id":"https:\/\/solardorosario.com.br\/galeria\/#website"},"primaryImageOfPage":{"@id":"https:\/\/solardorosario.com.br\/galeria\/produto\/maria-angela-tassi-mulher-com-flores\/#primaryimage"},"image":{"@id":"https:\/\/solardorosario.com.br\/galeria\/produto\/maria-angela-tassi-mulher-com-flores\/#primaryimage"},"thumbnailUrl":"https:\/\/solardorosario.com.br\/galeria\/wp-content\/uploads\/2025\/12\/1-Mulher-com-flores-serigrafia-24x33cm.jpeg","datePublished":"2025-12-11T16:52:44+00:00","breadcrumb":{"@id":"https:\/\/solardorosario.com.br\/galeria\/produto\/maria-angela-tassi-mulher-com-flores\/#breadcrumb"},"inLanguage":"pt-BR","potentialAction":[{"@type":"ReadAction","target":["https:\/\/solardorosario.com.br\/galeria\/produto\/maria-angela-tassi-mulher-com-flores\/"]}]},{"@type":"ImageObject","inLanguage":"pt-BR","@id":"https:\/\/solardorosario.com.br\/galeria\/produto\/maria-angela-tassi-mulher-com-flores\/#primaryimage","url":"https:\/\/solardorosario.com.br\/galeria\/wp-content\/uploads\/2025\/12\/1-Mulher-com-flores-serigrafia-24x33cm.jpeg","contentUrl":"https:\/\/solardorosario.com.br\/galeria\/wp-content\/uploads\/2025\/12\/1-Mulher-com-flores-serigrafia-24x33cm.jpeg","width":918,"height":1280},{"@type":"BreadcrumbList","@id":"https:\/\/solardorosario.com.br\/galeria\/produto\/maria-angela-tassi-mulher-com-flores\/#breadcrumb","itemListElement":[{"@type":"ListItem","position":1,"name":"In\u00edcio","item":"https:\/\/solardorosario.com.br\/galeria\/"},{"@type":"ListItem","position":2,"name":"galeria","item":"https:\/\/solardorosario.com.br\/galeria\/galeria\/"},{"@type":"ListItem","position":3,"name":"Maria \u00c2ngela Tassi - Mulher com flores"}]},{"@type":"WebSite","@id":"https:\/\/solardorosario.com.br\/galeria\/#website","url":"https:\/\/solardorosario.com.br\/galeria\/","name":"Solar do Ros\u00e1rio Galeria \\\\\\\\Nova","description":"","potentialAction":[{"@type":"SearchAction","target":{"@type":"EntryPoint","urlTemplate":"https:\/\/solardorosario.com.br\/galeria\/?s={search_term_string}"},"query-input":{"@type":"PropertyValueSpecification","valueRequired":true,"valueName":"search_term_string"}}],"inLanguage":"pt-BR"}]}},"_links":{"self":[{"href":"https:\/\/solardorosario.com.br\/galeria\/wp-json\/wp\/v2\/product\/6490","targetHints":{"allow":["GET"]}}],"collection":[{"href":"https:\/\/solardorosario.com.br\/galeria\/wp-json\/wp\/v2\/product"}],"about":[{"href":"https:\/\/solardorosario.com.br\/galeria\/wp-json\/wp\/v2\/types\/product"}],"wp:featuredmedia":[{"embeddable":true,"href":"https:\/\/solardorosario.com.br\/galeria\/wp-json\/wp\/v2\/media\/6491"}],"wp:attachment":[{"href":"https:\/\/solardorosario.com.br\/galeria\/wp-json\/wp\/v2\/media?parent=6490"}],"wp:term":[{"taxonomy":"product_brand","embeddable":true,"href":"https:\/\/solardorosario.com.br\/galeria\/wp-json\/wp\/v2\/product_brand?post=6490"},{"taxonomy":"product_cat","embeddable":true,"href":"https:\/\/solardorosario.com.br\/galeria\/wp-json\/wp\/v2\/product_cat?post=6490"},{"taxonomy":"product_tag","embeddable":true,"href":"https:\/\/solardorosario.com.br\/galeria\/wp-json\/wp\/v2\/product_tag?post=6490"}],"curies":[{"name":"wp","href":"https:\/\/api.w.org\/{rel}","templated":true}]}}