{"id":6485,"date":"2025-12-11T13:40:30","date_gmt":"2025-12-11T16:40:30","guid":{"rendered":"https:\/\/solardorosario.com.br\/galeria\/?post_type=product&#038;p=6485"},"modified":"2026-02-27T11:02:57","modified_gmt":"2026-02-27T14:02:57","slug":"mari-ines-piekas-magia","status":"publish","type":"product","link":"https:\/\/solardorosario.com.br\/galeria\/produto\/mari-ines-piekas-magia\/","title":{"rendered":"Mari Ines Piekas - Magia"},"content":{"rendered":"<p><strong>Artista:<\/strong> Mari Ines Piekas<\/p>\n<p><strong>T\u00edtulo:<\/strong> Magia<\/p>\n<p><strong>Dimens\u00e3o:<\/strong> 24x24cm<\/p>\n<p><strong>T\u00e9cnica:<\/strong> Litografia (sem moldura)<\/p>\n<p>&nbsp;<\/p>\n<p>&nbsp;<\/p>\n<p>Mari Ines Piekas nasceu em 1968, no Paran\u00e1. Formada em T\u00e9cnico em Desenho Industrial, pela atual Universidade Tecnol\u00f3gica do Paran\u00e1, em 1986. No ano seguinte, faz Bacharelado em Comunica\u00e7\u00e3o Visual, pela Universidade Federal do Paran\u00e1. Entre 1998 e 1999, como bolsista do governo polon\u00eas num est\u00e1gio de p\u00f3s-gradua\u00e7\u00e3o, vai para a Academia de Belas Artes de Vars\u00f3via, e estudou cartaz, ilustra\u00e7\u00e3o para literatura infantil e litografia. Desde 1992, exp\u00f4s individualmente, recebendo inclusive o Pr\u00eamio Bom Design - S\u00e9rie Acaddemica, 1\u00ba Lugar. Al\u00e9m disso, participou de Sal\u00f5es e concursos no Rio de Janeiro, Arauc\u00e1ria, Pinhais, Joinville, S\u00e3o Jos\u00e9 dos Pinhais. Entre as exposi\u00e7\u00f5es mais recente est\u00e3o a coletiva itinerante Brazylijska Natura Sporjrzenia i Inspiracje, em Vars\u00f3via e em Crac\u00f3via, entre 2014-2015. Em 2018, a artista recebeu do Ministro da Cultura e do Patrim\u00f4nio Nacional da Pol\u00f4nia, a condecora\u00e7\u00e3o Zasluzony dla Kultury Polskiej, pela sua importante atua\u00e7\u00e3o em prol da cultura polonesa.<\/p>\n","protected":false},"excerpt":{"rendered":"<p>Artista: Mari Ines Piekas T\u00edtulo: Magia Dimens\u00e3o: 24x24cm T\u00e9cnica: Litografia (sem moldura) &nbsp; &nbsp; Mari Ines Piekas nasceu em 1968, no Paran\u00e1. Formada em T\u00e9cnico em Desenho Industrial, pela atual Universidade Tecnol\u00f3gica do Paran\u00e1, em 1986. No ano seguinte, faz Bacharelado em Comunica\u00e7\u00e3o Visual, pela Universidade Federal do Paran\u00e1. Entre 1998 e 1999, como bolsista [&hellip;]<\/p>\n","protected":false},"featured_media":6486,"template":"","meta":[],"product_brand":[],"product_cat":[117],"product_tag":[],"class_list":{"0":"post-6485","1":"product","2":"type-product","3":"status-publish","4":"has-post-thumbnail","6":"product_cat-galeria","7":"pa_artista-mari-ines-piekas","8":"pa_estilo-figurativo","9":"pa_tecnica-litografia","11":"first","12":"instock","13":"shipping-taxable","14":"product-type-simple"},"yoast_head":"<!-- This site is optimized with the Yoast SEO plugin v27.4 - https:\/\/yoast.com\/product\/yoast-seo-wordpress\/ -->\n<title>Mari Ines Piekas - Magia - Solar do Ros\u00e1rio Galeria \\\\\\\\Nova<\/title>\n<meta name=\"robots\" content=\"index, follow, max-snippet:-1, max-image-preview:large, max-video-preview:-1\" \/>\n<link rel=\"canonical\" href=\"https:\/\/solardorosario.com.br\/galeria\/produto\/mari-ines-piekas-magia\/\" \/>\n<meta property=\"og:locale\" content=\"pt_BR\" \/>\n<meta property=\"og:type\" content=\"article\" \/>\n<meta property=\"og:title\" content=\"Mari Ines Piekas - Magia - Solar do Ros\u00e1rio Galeria \\\\\\\\Nova\" \/>\n<meta property=\"og:description\" content=\"Artista: Mari Ines Piekas T\u00edtulo: Magia Dimens\u00e3o: 24x24cm T\u00e9cnica: Litografia (sem moldura) &nbsp; &nbsp; Mari Ines Piekas nasceu em 1968, no Paran\u00e1. Formada em T\u00e9cnico em Desenho Industrial, pela atual Universidade Tecnol\u00f3gica do Paran\u00e1, em 1986. No ano seguinte, faz Bacharelado em Comunica\u00e7\u00e3o Visual, pela Universidade Federal do Paran\u00e1. Entre 1998 e 1999, como bolsista [&hellip;]\" \/>\n<meta property=\"og:url\" content=\"https:\/\/solardorosario.com.br\/galeria\/produto\/mari-ines-piekas-magia\/\" \/>\n<meta property=\"og:site_name\" content=\"Solar do Ros\u00e1rio Galeria \\\\\\\\Nova\" \/>\n<meta property=\"article:modified_time\" content=\"2026-02-27T14:02:57+00:00\" \/>\n<meta property=\"og:image\" content=\"https:\/\/solardorosario.com.br\/galeria\/wp-content\/uploads\/2025\/12\/7-Magia-24x24cm-Litografia.jpeg\" \/>\n\t<meta property=\"og:image:width\" content=\"1224\" \/>\n\t<meta property=\"og:image:height\" content=\"1280\" \/>\n\t<meta property=\"og:image:type\" content=\"image\/jpeg\" \/>\n<meta name=\"twitter:card\" content=\"summary_large_image\" \/>\n<meta name=\"twitter:label1\" content=\"Est. tempo de leitura\" \/>\n\t<meta name=\"twitter:data1\" content=\"2 minutos\" \/>\n<script type=\"application\/ld+json\" class=\"yoast-schema-graph\">{\"@context\":\"https:\\\/\\\/schema.org\",\"@graph\":[{\"@type\":\"WebPage\",\"@id\":\"https:\\\/\\\/solardorosario.com.br\\\/galeria\\\/produto\\\/mari-ines-piekas-magia\\\/\",\"url\":\"https:\\\/\\\/solardorosario.com.br\\\/galeria\\\/produto\\\/mari-ines-piekas-magia\\\/\",\"name\":\"Mari Ines Piekas - Magia - Solar do Ros\u00e1rio Galeria \\\\\\\\\\\\\\\\Nova\",\"isPartOf\":{\"@id\":\"https:\\\/\\\/solardorosario.com.br\\\/galeria\\\/#website\"},\"primaryImageOfPage\":{\"@id\":\"https:\\\/\\\/solardorosario.com.br\\\/galeria\\\/produto\\\/mari-ines-piekas-magia\\\/#primaryimage\"},\"image\":{\"@id\":\"https:\\\/\\\/solardorosario.com.br\\\/galeria\\\/produto\\\/mari-ines-piekas-magia\\\/#primaryimage\"},\"thumbnailUrl\":\"https:\\\/\\\/solardorosario.com.br\\\/galeria\\\/wp-content\\\/uploads\\\/2025\\\/12\\\/7-Magia-24x24cm-Litografia.jpeg\",\"datePublished\":\"2025-12-11T16:40:30+00:00\",\"dateModified\":\"2026-02-27T14:02:57+00:00\",\"breadcrumb\":{\"@id\":\"https:\\\/\\\/solardorosario.com.br\\\/galeria\\\/produto\\\/mari-ines-piekas-magia\\\/#breadcrumb\"},\"inLanguage\":\"pt-BR\",\"potentialAction\":[{\"@type\":\"ReadAction\",\"target\":[\"https:\\\/\\\/solardorosario.com.br\\\/galeria\\\/produto\\\/mari-ines-piekas-magia\\\/\"]}]},{\"@type\":\"ImageObject\",\"inLanguage\":\"pt-BR\",\"@id\":\"https:\\\/\\\/solardorosario.com.br\\\/galeria\\\/produto\\\/mari-ines-piekas-magia\\\/#primaryimage\",\"url\":\"https:\\\/\\\/solardorosario.com.br\\\/galeria\\\/wp-content\\\/uploads\\\/2025\\\/12\\\/7-Magia-24x24cm-Litografia.jpeg\",\"contentUrl\":\"https:\\\/\\\/solardorosario.com.br\\\/galeria\\\/wp-content\\\/uploads\\\/2025\\\/12\\\/7-Magia-24x24cm-Litografia.jpeg\",\"width\":1224,\"height\":1280},{\"@type\":\"BreadcrumbList\",\"@id\":\"https:\\\/\\\/solardorosario.com.br\\\/galeria\\\/produto\\\/mari-ines-piekas-magia\\\/#breadcrumb\",\"itemListElement\":[{\"@type\":\"ListItem\",\"position\":1,\"name\":\"In\u00edcio\",\"item\":\"https:\\\/\\\/solardorosario.com.br\\\/galeria\\\/\"},{\"@type\":\"ListItem\",\"position\":2,\"name\":\"galeria\",\"item\":\"https:\\\/\\\/solardorosario.com.br\\\/galeria\\\/galeria\\\/\"},{\"@type\":\"ListItem\",\"position\":3,\"name\":\"Mari Ines Piekas - Magia\"}]},{\"@type\":\"WebSite\",\"@id\":\"https:\\\/\\\/solardorosario.com.br\\\/galeria\\\/#website\",\"url\":\"https:\\\/\\\/solardorosario.com.br\\\/galeria\\\/\",\"name\":\"Solar do Ros\u00e1rio Galeria \\\\\\\\\\\\\\\\Nova\",\"description\":\"\",\"potentialAction\":[{\"@type\":\"SearchAction\",\"target\":{\"@type\":\"EntryPoint\",\"urlTemplate\":\"https:\\\/\\\/solardorosario.com.br\\\/galeria\\\/?s={search_term_string}\"},\"query-input\":{\"@type\":\"PropertyValueSpecification\",\"valueRequired\":true,\"valueName\":\"search_term_string\"}}],\"inLanguage\":\"pt-BR\"}]}<\/script>\n<!-- \/ Yoast SEO plugin. -->","yoast_head_json":{"title":"Mari Ines Piekas - Magia - Solar do Ros\u00e1rio Galeria \\\\\\\\Nova","robots":{"index":"index","follow":"follow","max-snippet":"max-snippet:-1","max-image-preview":"max-image-preview:large","max-video-preview":"max-video-preview:-1"},"canonical":"https:\/\/solardorosario.com.br\/galeria\/produto\/mari-ines-piekas-magia\/","og_locale":"pt_BR","og_type":"article","og_title":"Mari Ines Piekas - Magia - Solar do Ros\u00e1rio Galeria \\\\\\\\Nova","og_description":"Artista: Mari Ines Piekas T\u00edtulo: Magia Dimens\u00e3o: 24x24cm T\u00e9cnica: Litografia (sem moldura) &nbsp; &nbsp; Mari Ines Piekas nasceu em 1968, no Paran\u00e1. Formada em T\u00e9cnico em Desenho Industrial, pela atual Universidade Tecnol\u00f3gica do Paran\u00e1, em 1986. No ano seguinte, faz Bacharelado em Comunica\u00e7\u00e3o Visual, pela Universidade Federal do Paran\u00e1. Entre 1998 e 1999, como bolsista [&hellip;]","og_url":"https:\/\/solardorosario.com.br\/galeria\/produto\/mari-ines-piekas-magia\/","og_site_name":"Solar do Ros\u00e1rio Galeria \\\\\\\\Nova","article_modified_time":"2026-02-27T14:02:57+00:00","og_image":[{"width":1224,"height":1280,"url":"https:\/\/solardorosario.com.br\/galeria\/wp-content\/uploads\/2025\/12\/7-Magia-24x24cm-Litografia.jpeg","type":"image\/jpeg"}],"twitter_card":"summary_large_image","twitter_misc":{"Est. tempo de leitura":"2 minutos"},"schema":{"@context":"https:\/\/schema.org","@graph":[{"@type":"WebPage","@id":"https:\/\/solardorosario.com.br\/galeria\/produto\/mari-ines-piekas-magia\/","url":"https:\/\/solardorosario.com.br\/galeria\/produto\/mari-ines-piekas-magia\/","name":"Mari Ines Piekas - Magia - Solar do Ros\u00e1rio Galeria \\\\\\\\Nova","isPartOf":{"@id":"https:\/\/solardorosario.com.br\/galeria\/#website"},"primaryImageOfPage":{"@id":"https:\/\/solardorosario.com.br\/galeria\/produto\/mari-ines-piekas-magia\/#primaryimage"},"image":{"@id":"https:\/\/solardorosario.com.br\/galeria\/produto\/mari-ines-piekas-magia\/#primaryimage"},"thumbnailUrl":"https:\/\/solardorosario.com.br\/galeria\/wp-content\/uploads\/2025\/12\/7-Magia-24x24cm-Litografia.jpeg","datePublished":"2025-12-11T16:40:30+00:00","dateModified":"2026-02-27T14:02:57+00:00","breadcrumb":{"@id":"https:\/\/solardorosario.com.br\/galeria\/produto\/mari-ines-piekas-magia\/#breadcrumb"},"inLanguage":"pt-BR","potentialAction":[{"@type":"ReadAction","target":["https:\/\/solardorosario.com.br\/galeria\/produto\/mari-ines-piekas-magia\/"]}]},{"@type":"ImageObject","inLanguage":"pt-BR","@id":"https:\/\/solardorosario.com.br\/galeria\/produto\/mari-ines-piekas-magia\/#primaryimage","url":"https:\/\/solardorosario.com.br\/galeria\/wp-content\/uploads\/2025\/12\/7-Magia-24x24cm-Litografia.jpeg","contentUrl":"https:\/\/solardorosario.com.br\/galeria\/wp-content\/uploads\/2025\/12\/7-Magia-24x24cm-Litografia.jpeg","width":1224,"height":1280},{"@type":"BreadcrumbList","@id":"https:\/\/solardorosario.com.br\/galeria\/produto\/mari-ines-piekas-magia\/#breadcrumb","itemListElement":[{"@type":"ListItem","position":1,"name":"In\u00edcio","item":"https:\/\/solardorosario.com.br\/galeria\/"},{"@type":"ListItem","position":2,"name":"galeria","item":"https:\/\/solardorosario.com.br\/galeria\/galeria\/"},{"@type":"ListItem","position":3,"name":"Mari Ines Piekas - Magia"}]},{"@type":"WebSite","@id":"https:\/\/solardorosario.com.br\/galeria\/#website","url":"https:\/\/solardorosario.com.br\/galeria\/","name":"Solar do Ros\u00e1rio Galeria \\\\\\\\Nova","description":"","potentialAction":[{"@type":"SearchAction","target":{"@type":"EntryPoint","urlTemplate":"https:\/\/solardorosario.com.br\/galeria\/?s={search_term_string}"},"query-input":{"@type":"PropertyValueSpecification","valueRequired":true,"valueName":"search_term_string"}}],"inLanguage":"pt-BR"}]}},"_links":{"self":[{"href":"https:\/\/solardorosario.com.br\/galeria\/wp-json\/wp\/v2\/product\/6485","targetHints":{"allow":["GET"]}}],"collection":[{"href":"https:\/\/solardorosario.com.br\/galeria\/wp-json\/wp\/v2\/product"}],"about":[{"href":"https:\/\/solardorosario.com.br\/galeria\/wp-json\/wp\/v2\/types\/product"}],"wp:featuredmedia":[{"embeddable":true,"href":"https:\/\/solardorosario.com.br\/galeria\/wp-json\/wp\/v2\/media\/6486"}],"wp:attachment":[{"href":"https:\/\/solardorosario.com.br\/galeria\/wp-json\/wp\/v2\/media?parent=6485"}],"wp:term":[{"taxonomy":"product_brand","embeddable":true,"href":"https:\/\/solardorosario.com.br\/galeria\/wp-json\/wp\/v2\/product_brand?post=6485"},{"taxonomy":"product_cat","embeddable":true,"href":"https:\/\/solardorosario.com.br\/galeria\/wp-json\/wp\/v2\/product_cat?post=6485"},{"taxonomy":"product_tag","embeddable":true,"href":"https:\/\/solardorosario.com.br\/galeria\/wp-json\/wp\/v2\/product_tag?post=6485"}],"curies":[{"name":"wp","href":"https:\/\/api.w.org\/{rel}","templated":true}]}}