{"id":6466,"date":"2025-12-09T15:53:16","date_gmt":"2025-12-09T18:53:16","guid":{"rendered":"https:\/\/solardorosario.com.br\/galeria\/?post_type=product&#038;p=6466"},"modified":"2026-04-06T16:54:27","modified_gmt":"2026-04-06T19:54:27","slug":"lucas-pennacchi-maternidade","status":"publish","type":"product","link":"https:\/\/solardorosario.com.br\/galeria\/produto\/lucas-pennacchi-maternidade\/","title":{"rendered":"Lucas Pennacchi - Maternidade"},"content":{"rendered":"<p><strong>Artista:<\/strong> Lucas Pennacchi<\/p>\n<p><strong>T\u00edtulo:<\/strong> Maternidade<\/p>\n<p><strong>Dimens\u00e3o:<\/strong> 20x30cm<\/p>\n<p><strong>T\u00e9cnica:<\/strong> Gravura (sem moldura)<\/p>\n<p>&nbsp;<\/p>\n<p>&nbsp;<\/p>\n<p><!--StartFragment --><span class=\"cf0\">Lucas <\/span><span class=\"cf0\">Pennacchi<\/span><span class=\"cf0\"> nasceu em S\u00e3o Paulo - SP, em 1960. \u00c9 pintor, gravurista e desenhista, e desde crian\u00e7a se dedica \u00e0 arte com seu pai, o renomado artista, F\u00falvio <\/span><span class=\"cf0\">Pennacchi<\/span><span class=\"cf0\">. Desde 1985 se dedica profissionalmente \u00e0 desenvolver sua arte. Sua produ\u00e7\u00e3o sempre foi marcada pela experimenta\u00e7\u00e3o t\u00e9cnica de materiais, com propostas e temas diversos.<\/span><\/p>\n","protected":false},"excerpt":{"rendered":"<p>Artista: Lucas Pennacchi T\u00edtulo: Maternidade Dimens\u00e3o: 20x30cm T\u00e9cnica: Gravura (sem moldura) &nbsp; &nbsp; Lucas Pennacchi nasceu em S\u00e3o Paulo - SP, em 1960. \u00c9 pintor, gravurista e desenhista, e desde crian\u00e7a se dedica \u00e0 arte com seu pai, o renomado artista, F\u00falvio Pennacchi. Desde 1985 se dedica profissionalmente \u00e0 desenvolver sua arte. Sua produ\u00e7\u00e3o sempre [&hellip;]<\/p>\n","protected":false},"featured_media":6467,"template":"","meta":[],"product_brand":[],"product_cat":[117],"product_tag":[],"class_list":{"0":"post-6466","1":"product","2":"type-product","3":"status-publish","4":"has-post-thumbnail","6":"product_cat-galeria","7":"pa_artista-lucas-pennacchi","8":"pa_estilo-figurativo","9":"pa_tecnica-gravura","11":"first","12":"instock","13":"shipping-taxable","14":"product-type-simple"},"yoast_head":"<!-- This site is optimized with the Yoast SEO plugin v27.4 - https:\/\/yoast.com\/product\/yoast-seo-wordpress\/ -->\n<title>Lucas Pennacchi - Maternidade - Solar do Ros\u00e1rio Galeria \\\\\\\\Nova<\/title>\n<meta name=\"robots\" content=\"index, follow, max-snippet:-1, max-image-preview:large, max-video-preview:-1\" \/>\n<link rel=\"canonical\" href=\"https:\/\/solardorosario.com.br\/galeria\/produto\/lucas-pennacchi-maternidade\/\" \/>\n<meta property=\"og:locale\" content=\"pt_BR\" \/>\n<meta property=\"og:type\" content=\"article\" \/>\n<meta property=\"og:title\" content=\"Lucas Pennacchi - Maternidade - Solar do Ros\u00e1rio Galeria \\\\\\\\Nova\" \/>\n<meta property=\"og:description\" content=\"Artista: Lucas Pennacchi T\u00edtulo: Maternidade Dimens\u00e3o: 20x30cm T\u00e9cnica: Gravura (sem moldura) &nbsp; &nbsp; Lucas Pennacchi nasceu em S\u00e3o Paulo - SP, em 1960. \u00c9 pintor, gravurista e desenhista, e desde crian\u00e7a se dedica \u00e0 arte com seu pai, o renomado artista, F\u00falvio Pennacchi. Desde 1985 se dedica profissionalmente \u00e0 desenvolver sua arte. Sua produ\u00e7\u00e3o sempre [&hellip;]\" \/>\n<meta property=\"og:url\" content=\"https:\/\/solardorosario.com.br\/galeria\/produto\/lucas-pennacchi-maternidade\/\" \/>\n<meta property=\"og:site_name\" content=\"Solar do Ros\u00e1rio Galeria \\\\\\\\Nova\" \/>\n<meta property=\"article:modified_time\" content=\"2026-04-06T19:54:27+00:00\" \/>\n<meta property=\"og:image\" content=\"https:\/\/solardorosario.com.br\/galeria\/wp-content\/uploads\/2025\/12\/2-Maternidade-20x30cm.jpeg\" \/>\n\t<meta property=\"og:image:width\" content=\"1065\" \/>\n\t<meta property=\"og:image:height\" content=\"1280\" \/>\n\t<meta property=\"og:image:type\" content=\"image\/jpeg\" \/>\n<meta name=\"twitter:card\" content=\"summary_large_image\" \/>\n<meta name=\"twitter:label1\" content=\"Est. tempo de leitura\" \/>\n\t<meta name=\"twitter:data1\" content=\"1 minuto\" \/>\n<script type=\"application\/ld+json\" class=\"yoast-schema-graph\">{\"@context\":\"https:\\\/\\\/schema.org\",\"@graph\":[{\"@type\":\"WebPage\",\"@id\":\"https:\\\/\\\/solardorosario.com.br\\\/galeria\\\/produto\\\/lucas-pennacchi-maternidade\\\/\",\"url\":\"https:\\\/\\\/solardorosario.com.br\\\/galeria\\\/produto\\\/lucas-pennacchi-maternidade\\\/\",\"name\":\"Lucas Pennacchi - Maternidade - Solar do Ros\u00e1rio Galeria \\\\\\\\\\\\\\\\Nova\",\"isPartOf\":{\"@id\":\"https:\\\/\\\/solardorosario.com.br\\\/galeria\\\/#website\"},\"primaryImageOfPage\":{\"@id\":\"https:\\\/\\\/solardorosario.com.br\\\/galeria\\\/produto\\\/lucas-pennacchi-maternidade\\\/#primaryimage\"},\"image\":{\"@id\":\"https:\\\/\\\/solardorosario.com.br\\\/galeria\\\/produto\\\/lucas-pennacchi-maternidade\\\/#primaryimage\"},\"thumbnailUrl\":\"https:\\\/\\\/solardorosario.com.br\\\/galeria\\\/wp-content\\\/uploads\\\/2025\\\/12\\\/2-Maternidade-20x30cm.jpeg\",\"datePublished\":\"2025-12-09T18:53:16+00:00\",\"dateModified\":\"2026-04-06T19:54:27+00:00\",\"breadcrumb\":{\"@id\":\"https:\\\/\\\/solardorosario.com.br\\\/galeria\\\/produto\\\/lucas-pennacchi-maternidade\\\/#breadcrumb\"},\"inLanguage\":\"pt-BR\",\"potentialAction\":[{\"@type\":\"ReadAction\",\"target\":[\"https:\\\/\\\/solardorosario.com.br\\\/galeria\\\/produto\\\/lucas-pennacchi-maternidade\\\/\"]}]},{\"@type\":\"ImageObject\",\"inLanguage\":\"pt-BR\",\"@id\":\"https:\\\/\\\/solardorosario.com.br\\\/galeria\\\/produto\\\/lucas-pennacchi-maternidade\\\/#primaryimage\",\"url\":\"https:\\\/\\\/solardorosario.com.br\\\/galeria\\\/wp-content\\\/uploads\\\/2025\\\/12\\\/2-Maternidade-20x30cm.jpeg\",\"contentUrl\":\"https:\\\/\\\/solardorosario.com.br\\\/galeria\\\/wp-content\\\/uploads\\\/2025\\\/12\\\/2-Maternidade-20x30cm.jpeg\",\"width\":1065,\"height\":1280},{\"@type\":\"BreadcrumbList\",\"@id\":\"https:\\\/\\\/solardorosario.com.br\\\/galeria\\\/produto\\\/lucas-pennacchi-maternidade\\\/#breadcrumb\",\"itemListElement\":[{\"@type\":\"ListItem\",\"position\":1,\"name\":\"In\u00edcio\",\"item\":\"https:\\\/\\\/solardorosario.com.br\\\/galeria\\\/\"},{\"@type\":\"ListItem\",\"position\":2,\"name\":\"galeria\",\"item\":\"https:\\\/\\\/solardorosario.com.br\\\/galeria\\\/galeria\\\/\"},{\"@type\":\"ListItem\",\"position\":3,\"name\":\"Lucas Pennacchi - Maternidade\"}]},{\"@type\":\"WebSite\",\"@id\":\"https:\\\/\\\/solardorosario.com.br\\\/galeria\\\/#website\",\"url\":\"https:\\\/\\\/solardorosario.com.br\\\/galeria\\\/\",\"name\":\"Solar do Ros\u00e1rio Galeria \\\\\\\\\\\\\\\\Nova\",\"description\":\"\",\"potentialAction\":[{\"@type\":\"SearchAction\",\"target\":{\"@type\":\"EntryPoint\",\"urlTemplate\":\"https:\\\/\\\/solardorosario.com.br\\\/galeria\\\/?s={search_term_string}\"},\"query-input\":{\"@type\":\"PropertyValueSpecification\",\"valueRequired\":true,\"valueName\":\"search_term_string\"}}],\"inLanguage\":\"pt-BR\"}]}<\/script>\n<!-- \/ Yoast SEO plugin. -->","yoast_head_json":{"title":"Lucas Pennacchi - Maternidade - Solar do Ros\u00e1rio Galeria \\\\\\\\Nova","robots":{"index":"index","follow":"follow","max-snippet":"max-snippet:-1","max-image-preview":"max-image-preview:large","max-video-preview":"max-video-preview:-1"},"canonical":"https:\/\/solardorosario.com.br\/galeria\/produto\/lucas-pennacchi-maternidade\/","og_locale":"pt_BR","og_type":"article","og_title":"Lucas Pennacchi - Maternidade - Solar do Ros\u00e1rio Galeria \\\\\\\\Nova","og_description":"Artista: Lucas Pennacchi T\u00edtulo: Maternidade Dimens\u00e3o: 20x30cm T\u00e9cnica: Gravura (sem moldura) &nbsp; &nbsp; Lucas Pennacchi nasceu em S\u00e3o Paulo - SP, em 1960. \u00c9 pintor, gravurista e desenhista, e desde crian\u00e7a se dedica \u00e0 arte com seu pai, o renomado artista, F\u00falvio Pennacchi. Desde 1985 se dedica profissionalmente \u00e0 desenvolver sua arte. Sua produ\u00e7\u00e3o sempre [&hellip;]","og_url":"https:\/\/solardorosario.com.br\/galeria\/produto\/lucas-pennacchi-maternidade\/","og_site_name":"Solar do Ros\u00e1rio Galeria \\\\\\\\Nova","article_modified_time":"2026-04-06T19:54:27+00:00","og_image":[{"width":1065,"height":1280,"url":"https:\/\/solardorosario.com.br\/galeria\/wp-content\/uploads\/2025\/12\/2-Maternidade-20x30cm.jpeg","type":"image\/jpeg"}],"twitter_card":"summary_large_image","twitter_misc":{"Est. tempo de leitura":"1 minuto"},"schema":{"@context":"https:\/\/schema.org","@graph":[{"@type":"WebPage","@id":"https:\/\/solardorosario.com.br\/galeria\/produto\/lucas-pennacchi-maternidade\/","url":"https:\/\/solardorosario.com.br\/galeria\/produto\/lucas-pennacchi-maternidade\/","name":"Lucas Pennacchi - Maternidade - Solar do Ros\u00e1rio Galeria \\\\\\\\Nova","isPartOf":{"@id":"https:\/\/solardorosario.com.br\/galeria\/#website"},"primaryImageOfPage":{"@id":"https:\/\/solardorosario.com.br\/galeria\/produto\/lucas-pennacchi-maternidade\/#primaryimage"},"image":{"@id":"https:\/\/solardorosario.com.br\/galeria\/produto\/lucas-pennacchi-maternidade\/#primaryimage"},"thumbnailUrl":"https:\/\/solardorosario.com.br\/galeria\/wp-content\/uploads\/2025\/12\/2-Maternidade-20x30cm.jpeg","datePublished":"2025-12-09T18:53:16+00:00","dateModified":"2026-04-06T19:54:27+00:00","breadcrumb":{"@id":"https:\/\/solardorosario.com.br\/galeria\/produto\/lucas-pennacchi-maternidade\/#breadcrumb"},"inLanguage":"pt-BR","potentialAction":[{"@type":"ReadAction","target":["https:\/\/solardorosario.com.br\/galeria\/produto\/lucas-pennacchi-maternidade\/"]}]},{"@type":"ImageObject","inLanguage":"pt-BR","@id":"https:\/\/solardorosario.com.br\/galeria\/produto\/lucas-pennacchi-maternidade\/#primaryimage","url":"https:\/\/solardorosario.com.br\/galeria\/wp-content\/uploads\/2025\/12\/2-Maternidade-20x30cm.jpeg","contentUrl":"https:\/\/solardorosario.com.br\/galeria\/wp-content\/uploads\/2025\/12\/2-Maternidade-20x30cm.jpeg","width":1065,"height":1280},{"@type":"BreadcrumbList","@id":"https:\/\/solardorosario.com.br\/galeria\/produto\/lucas-pennacchi-maternidade\/#breadcrumb","itemListElement":[{"@type":"ListItem","position":1,"name":"In\u00edcio","item":"https:\/\/solardorosario.com.br\/galeria\/"},{"@type":"ListItem","position":2,"name":"galeria","item":"https:\/\/solardorosario.com.br\/galeria\/galeria\/"},{"@type":"ListItem","position":3,"name":"Lucas Pennacchi - Maternidade"}]},{"@type":"WebSite","@id":"https:\/\/solardorosario.com.br\/galeria\/#website","url":"https:\/\/solardorosario.com.br\/galeria\/","name":"Solar do Ros\u00e1rio Galeria \\\\\\\\Nova","description":"","potentialAction":[{"@type":"SearchAction","target":{"@type":"EntryPoint","urlTemplate":"https:\/\/solardorosario.com.br\/galeria\/?s={search_term_string}"},"query-input":{"@type":"PropertyValueSpecification","valueRequired":true,"valueName":"search_term_string"}}],"inLanguage":"pt-BR"}]}},"_links":{"self":[{"href":"https:\/\/solardorosario.com.br\/galeria\/wp-json\/wp\/v2\/product\/6466","targetHints":{"allow":["GET"]}}],"collection":[{"href":"https:\/\/solardorosario.com.br\/galeria\/wp-json\/wp\/v2\/product"}],"about":[{"href":"https:\/\/solardorosario.com.br\/galeria\/wp-json\/wp\/v2\/types\/product"}],"wp:featuredmedia":[{"embeddable":true,"href":"https:\/\/solardorosario.com.br\/galeria\/wp-json\/wp\/v2\/media\/6467"}],"wp:attachment":[{"href":"https:\/\/solardorosario.com.br\/galeria\/wp-json\/wp\/v2\/media?parent=6466"}],"wp:term":[{"taxonomy":"product_brand","embeddable":true,"href":"https:\/\/solardorosario.com.br\/galeria\/wp-json\/wp\/v2\/product_brand?post=6466"},{"taxonomy":"product_cat","embeddable":true,"href":"https:\/\/solardorosario.com.br\/galeria\/wp-json\/wp\/v2\/product_cat?post=6466"},{"taxonomy":"product_tag","embeddable":true,"href":"https:\/\/solardorosario.com.br\/galeria\/wp-json\/wp\/v2\/product_tag?post=6466"}],"curies":[{"name":"wp","href":"https:\/\/api.w.org\/{rel}","templated":true}]}}