{"id":6459,"date":"2025-12-09T15:26:35","date_gmt":"2025-12-09T18:26:35","guid":{"rendered":"https:\/\/solardorosario.com.br\/galeria\/?post_type=product&#038;p=6459"},"modified":"2025-12-09T15:26:36","modified_gmt":"2025-12-09T18:26:36","slug":"doralice-zanetti-sem-titulo","status":"publish","type":"product","link":"https:\/\/solardorosario.com.br\/galeria\/produto\/doralice-zanetti-sem-titulo\/","title":{"rendered":"Doralice Zanetti - Sem t\u00edtulo"},"content":{"rendered":"<p><!--StartFragment --><\/p>\n<p><strong>Artista:<\/strong> Doralice Zanetti<\/p>\n<p><strong>T\u00edtulo:<\/strong>\u00a0Sem T\u00edtulo<\/p>\n<p><strong>Dimens\u00e3o:<\/strong> 26x33cm<\/p>\n<p><strong>T\u00e9cnica:<\/strong> Aquarela (sem moldura)<\/p>\n<p>&nbsp;<\/p>\n<p class=\"pf0\"><span class=\"cf0\">Doralice Zanetti \u00e9 natural de Imbituba, no Paran\u00e1. Foi aluna de mestres relevantes para a hist\u00f3ria da arte do Paran\u00e1 como Celso <\/span><span class=\"cf0\">Coppio<\/span><span class=\"cf0\">, Augusto Conte e Maria Cec\u00edlia Ara\u00fajo de Noronha, al\u00e9m de ter frequentado os ateli\u00eas de Alfredo Andersen, fazendo aula de desenho e pintura em 1981 e do Guido <\/span><span class=\"cf0\">Viaro<\/span><span class=\"cf0\"> de 1989 a 1992. Teve aulas de Arte Contempor\u00e2nea com Geraldo Le\u00e3o, em Curitiba e em 1994, fez um curso de Hist\u00f3ria da Arte em Nova York, Estados Unidos. J\u00e1 exp\u00f4s coletivamente desde 1986, por exemplo, no SESC da Esquina, no Lions Clube, em Curitiba, mas tamb\u00e9m j\u00e1 exp\u00f4s em coletivas e sal\u00f5es de arte em Uruguaiana, no Rio Grande do Sul, em Santo Andr\u00e9 (SP), Jacarezinho, Maring\u00e1, em Antonina, Gua\u00edra e Itaja\u00ed. Em 1996, participou da exposi\u00e7\u00e3o \"Fundo de Mar\", da Galeria Solar do Ros\u00e1rio, em Curitiba. <\/span><\/p>\n<p><!--EndFragment --><\/p>\n","protected":false},"excerpt":{"rendered":"<p>Artista: Doralice Zanetti T\u00edtulo:\u00a0Sem T\u00edtulo Dimens\u00e3o: 26x33cm T\u00e9cnica: Aquarela (sem moldura) &nbsp; Doralice Zanetti \u00e9 natural de Imbituba, no Paran\u00e1. Foi aluna de mestres relevantes para a hist\u00f3ria da arte do Paran\u00e1 como Celso Coppio, Augusto Conte e Maria Cec\u00edlia Ara\u00fajo de Noronha, al\u00e9m de ter frequentado os ateli\u00eas de Alfredo Andersen, fazendo aula de [&hellip;]<\/p>\n","protected":false},"featured_media":6460,"template":"","meta":[],"product_brand":[],"product_cat":[117],"product_tag":[],"class_list":{"0":"post-6459","1":"product","2":"type-product","3":"status-publish","4":"has-post-thumbnail","6":"product_cat-galeria","7":"pa_artista-doralice-zanetti","8":"pa_estilo-figurativo-marinha","9":"pa_tecnica-aquarela","11":"first","12":"instock","13":"shipping-taxable","14":"product-type-simple"},"yoast_head":"<!-- This site is optimized with the Yoast SEO plugin v27.4 - https:\/\/yoast.com\/product\/yoast-seo-wordpress\/ -->\n<title>Doralice Zanetti - Sem t\u00edtulo - Solar do Ros\u00e1rio Galeria \\\\\\\\Nova<\/title>\n<meta name=\"robots\" content=\"index, follow, max-snippet:-1, max-image-preview:large, max-video-preview:-1\" \/>\n<link rel=\"canonical\" href=\"https:\/\/solardorosario.com.br\/galeria\/produto\/doralice-zanetti-sem-titulo\/\" \/>\n<meta property=\"og:locale\" content=\"pt_BR\" \/>\n<meta property=\"og:type\" content=\"article\" \/>\n<meta property=\"og:title\" content=\"Doralice Zanetti - Sem t\u00edtulo - Solar do Ros\u00e1rio Galeria \\\\\\\\Nova\" \/>\n<meta property=\"og:description\" content=\"Artista: Doralice Zanetti T\u00edtulo:\u00a0Sem T\u00edtulo Dimens\u00e3o: 26x33cm T\u00e9cnica: Aquarela (sem moldura) &nbsp; Doralice Zanetti \u00e9 natural de Imbituba, no Paran\u00e1. Foi aluna de mestres relevantes para a hist\u00f3ria da arte do Paran\u00e1 como Celso Coppio, Augusto Conte e Maria Cec\u00edlia Ara\u00fajo de Noronha, al\u00e9m de ter frequentado os ateli\u00eas de Alfredo Andersen, fazendo aula de [&hellip;]\" \/>\n<meta property=\"og:url\" content=\"https:\/\/solardorosario.com.br\/galeria\/produto\/doralice-zanetti-sem-titulo\/\" \/>\n<meta property=\"og:site_name\" content=\"Solar do Ros\u00e1rio Galeria \\\\\\\\Nova\" \/>\n<meta property=\"article:modified_time\" content=\"2025-12-09T18:26:36+00:00\" \/>\n<meta property=\"og:image\" content=\"https:\/\/solardorosario.com.br\/galeria\/wp-content\/uploads\/2025\/12\/1-Sem-titulo-26x33cm-Aquarela.jpeg\" \/>\n\t<meta property=\"og:image:width\" content=\"772\" \/>\n\t<meta property=\"og:image:height\" content=\"1280\" \/>\n\t<meta property=\"og:image:type\" content=\"image\/jpeg\" \/>\n<meta name=\"twitter:card\" content=\"summary_large_image\" \/>\n<meta name=\"twitter:label1\" content=\"Est. tempo de leitura\" \/>\n\t<meta name=\"twitter:data1\" content=\"1 minuto\" \/>\n<script type=\"application\/ld+json\" class=\"yoast-schema-graph\">{\"@context\":\"https:\\\/\\\/schema.org\",\"@graph\":[{\"@type\":\"WebPage\",\"@id\":\"https:\\\/\\\/solardorosario.com.br\\\/galeria\\\/produto\\\/doralice-zanetti-sem-titulo\\\/\",\"url\":\"https:\\\/\\\/solardorosario.com.br\\\/galeria\\\/produto\\\/doralice-zanetti-sem-titulo\\\/\",\"name\":\"Doralice Zanetti - Sem t\u00edtulo - Solar do Ros\u00e1rio Galeria \\\\\\\\\\\\\\\\Nova\",\"isPartOf\":{\"@id\":\"https:\\\/\\\/solardorosario.com.br\\\/galeria\\\/#website\"},\"primaryImageOfPage\":{\"@id\":\"https:\\\/\\\/solardorosario.com.br\\\/galeria\\\/produto\\\/doralice-zanetti-sem-titulo\\\/#primaryimage\"},\"image\":{\"@id\":\"https:\\\/\\\/solardorosario.com.br\\\/galeria\\\/produto\\\/doralice-zanetti-sem-titulo\\\/#primaryimage\"},\"thumbnailUrl\":\"https:\\\/\\\/solardorosario.com.br\\\/galeria\\\/wp-content\\\/uploads\\\/2025\\\/12\\\/1-Sem-titulo-26x33cm-Aquarela.jpeg\",\"datePublished\":\"2025-12-09T18:26:35+00:00\",\"dateModified\":\"2025-12-09T18:26:36+00:00\",\"breadcrumb\":{\"@id\":\"https:\\\/\\\/solardorosario.com.br\\\/galeria\\\/produto\\\/doralice-zanetti-sem-titulo\\\/#breadcrumb\"},\"inLanguage\":\"pt-BR\",\"potentialAction\":[{\"@type\":\"ReadAction\",\"target\":[\"https:\\\/\\\/solardorosario.com.br\\\/galeria\\\/produto\\\/doralice-zanetti-sem-titulo\\\/\"]}]},{\"@type\":\"ImageObject\",\"inLanguage\":\"pt-BR\",\"@id\":\"https:\\\/\\\/solardorosario.com.br\\\/galeria\\\/produto\\\/doralice-zanetti-sem-titulo\\\/#primaryimage\",\"url\":\"https:\\\/\\\/solardorosario.com.br\\\/galeria\\\/wp-content\\\/uploads\\\/2025\\\/12\\\/1-Sem-titulo-26x33cm-Aquarela.jpeg\",\"contentUrl\":\"https:\\\/\\\/solardorosario.com.br\\\/galeria\\\/wp-content\\\/uploads\\\/2025\\\/12\\\/1-Sem-titulo-26x33cm-Aquarela.jpeg\",\"width\":772,\"height\":1280},{\"@type\":\"BreadcrumbList\",\"@id\":\"https:\\\/\\\/solardorosario.com.br\\\/galeria\\\/produto\\\/doralice-zanetti-sem-titulo\\\/#breadcrumb\",\"itemListElement\":[{\"@type\":\"ListItem\",\"position\":1,\"name\":\"In\u00edcio\",\"item\":\"https:\\\/\\\/solardorosario.com.br\\\/galeria\\\/\"},{\"@type\":\"ListItem\",\"position\":2,\"name\":\"galeria\",\"item\":\"https:\\\/\\\/solardorosario.com.br\\\/galeria\\\/galeria\\\/\"},{\"@type\":\"ListItem\",\"position\":3,\"name\":\"Doralice Zanetti - Sem t\u00edtulo\"}]},{\"@type\":\"WebSite\",\"@id\":\"https:\\\/\\\/solardorosario.com.br\\\/galeria\\\/#website\",\"url\":\"https:\\\/\\\/solardorosario.com.br\\\/galeria\\\/\",\"name\":\"Solar do Ros\u00e1rio Galeria \\\\\\\\\\\\\\\\Nova\",\"description\":\"\",\"potentialAction\":[{\"@type\":\"SearchAction\",\"target\":{\"@type\":\"EntryPoint\",\"urlTemplate\":\"https:\\\/\\\/solardorosario.com.br\\\/galeria\\\/?s={search_term_string}\"},\"query-input\":{\"@type\":\"PropertyValueSpecification\",\"valueRequired\":true,\"valueName\":\"search_term_string\"}}],\"inLanguage\":\"pt-BR\"}]}<\/script>\n<!-- \/ Yoast SEO plugin. -->","yoast_head_json":{"title":"Doralice Zanetti - Sem t\u00edtulo - Solar do Ros\u00e1rio Galeria \\\\\\\\Nova","robots":{"index":"index","follow":"follow","max-snippet":"max-snippet:-1","max-image-preview":"max-image-preview:large","max-video-preview":"max-video-preview:-1"},"canonical":"https:\/\/solardorosario.com.br\/galeria\/produto\/doralice-zanetti-sem-titulo\/","og_locale":"pt_BR","og_type":"article","og_title":"Doralice Zanetti - Sem t\u00edtulo - Solar do Ros\u00e1rio Galeria \\\\\\\\Nova","og_description":"Artista: Doralice Zanetti T\u00edtulo:\u00a0Sem T\u00edtulo Dimens\u00e3o: 26x33cm T\u00e9cnica: Aquarela (sem moldura) &nbsp; Doralice Zanetti \u00e9 natural de Imbituba, no Paran\u00e1. Foi aluna de mestres relevantes para a hist\u00f3ria da arte do Paran\u00e1 como Celso Coppio, Augusto Conte e Maria Cec\u00edlia Ara\u00fajo de Noronha, al\u00e9m de ter frequentado os ateli\u00eas de Alfredo Andersen, fazendo aula de [&hellip;]","og_url":"https:\/\/solardorosario.com.br\/galeria\/produto\/doralice-zanetti-sem-titulo\/","og_site_name":"Solar do Ros\u00e1rio Galeria \\\\\\\\Nova","article_modified_time":"2025-12-09T18:26:36+00:00","og_image":[{"width":772,"height":1280,"url":"https:\/\/solardorosario.com.br\/galeria\/wp-content\/uploads\/2025\/12\/1-Sem-titulo-26x33cm-Aquarela.jpeg","type":"image\/jpeg"}],"twitter_card":"summary_large_image","twitter_misc":{"Est. tempo de leitura":"1 minuto"},"schema":{"@context":"https:\/\/schema.org","@graph":[{"@type":"WebPage","@id":"https:\/\/solardorosario.com.br\/galeria\/produto\/doralice-zanetti-sem-titulo\/","url":"https:\/\/solardorosario.com.br\/galeria\/produto\/doralice-zanetti-sem-titulo\/","name":"Doralice Zanetti - Sem t\u00edtulo - Solar do Ros\u00e1rio Galeria \\\\\\\\Nova","isPartOf":{"@id":"https:\/\/solardorosario.com.br\/galeria\/#website"},"primaryImageOfPage":{"@id":"https:\/\/solardorosario.com.br\/galeria\/produto\/doralice-zanetti-sem-titulo\/#primaryimage"},"image":{"@id":"https:\/\/solardorosario.com.br\/galeria\/produto\/doralice-zanetti-sem-titulo\/#primaryimage"},"thumbnailUrl":"https:\/\/solardorosario.com.br\/galeria\/wp-content\/uploads\/2025\/12\/1-Sem-titulo-26x33cm-Aquarela.jpeg","datePublished":"2025-12-09T18:26:35+00:00","dateModified":"2025-12-09T18:26:36+00:00","breadcrumb":{"@id":"https:\/\/solardorosario.com.br\/galeria\/produto\/doralice-zanetti-sem-titulo\/#breadcrumb"},"inLanguage":"pt-BR","potentialAction":[{"@type":"ReadAction","target":["https:\/\/solardorosario.com.br\/galeria\/produto\/doralice-zanetti-sem-titulo\/"]}]},{"@type":"ImageObject","inLanguage":"pt-BR","@id":"https:\/\/solardorosario.com.br\/galeria\/produto\/doralice-zanetti-sem-titulo\/#primaryimage","url":"https:\/\/solardorosario.com.br\/galeria\/wp-content\/uploads\/2025\/12\/1-Sem-titulo-26x33cm-Aquarela.jpeg","contentUrl":"https:\/\/solardorosario.com.br\/galeria\/wp-content\/uploads\/2025\/12\/1-Sem-titulo-26x33cm-Aquarela.jpeg","width":772,"height":1280},{"@type":"BreadcrumbList","@id":"https:\/\/solardorosario.com.br\/galeria\/produto\/doralice-zanetti-sem-titulo\/#breadcrumb","itemListElement":[{"@type":"ListItem","position":1,"name":"In\u00edcio","item":"https:\/\/solardorosario.com.br\/galeria\/"},{"@type":"ListItem","position":2,"name":"galeria","item":"https:\/\/solardorosario.com.br\/galeria\/galeria\/"},{"@type":"ListItem","position":3,"name":"Doralice Zanetti - Sem t\u00edtulo"}]},{"@type":"WebSite","@id":"https:\/\/solardorosario.com.br\/galeria\/#website","url":"https:\/\/solardorosario.com.br\/galeria\/","name":"Solar do Ros\u00e1rio Galeria \\\\\\\\Nova","description":"","potentialAction":[{"@type":"SearchAction","target":{"@type":"EntryPoint","urlTemplate":"https:\/\/solardorosario.com.br\/galeria\/?s={search_term_string}"},"query-input":{"@type":"PropertyValueSpecification","valueRequired":true,"valueName":"search_term_string"}}],"inLanguage":"pt-BR"}]}},"_links":{"self":[{"href":"https:\/\/solardorosario.com.br\/galeria\/wp-json\/wp\/v2\/product\/6459","targetHints":{"allow":["GET"]}}],"collection":[{"href":"https:\/\/solardorosario.com.br\/galeria\/wp-json\/wp\/v2\/product"}],"about":[{"href":"https:\/\/solardorosario.com.br\/galeria\/wp-json\/wp\/v2\/types\/product"}],"wp:featuredmedia":[{"embeddable":true,"href":"https:\/\/solardorosario.com.br\/galeria\/wp-json\/wp\/v2\/media\/6460"}],"wp:attachment":[{"href":"https:\/\/solardorosario.com.br\/galeria\/wp-json\/wp\/v2\/media?parent=6459"}],"wp:term":[{"taxonomy":"product_brand","embeddable":true,"href":"https:\/\/solardorosario.com.br\/galeria\/wp-json\/wp\/v2\/product_brand?post=6459"},{"taxonomy":"product_cat","embeddable":true,"href":"https:\/\/solardorosario.com.br\/galeria\/wp-json\/wp\/v2\/product_cat?post=6459"},{"taxonomy":"product_tag","embeddable":true,"href":"https:\/\/solardorosario.com.br\/galeria\/wp-json\/wp\/v2\/product_tag?post=6459"}],"curies":[{"name":"wp","href":"https:\/\/api.w.org\/{rel}","templated":true}]}}