{"id":6449,"date":"2025-12-09T14:31:21","date_gmt":"2025-12-09T17:31:21","guid":{"rendered":"https:\/\/solardorosario.com.br\/galeria\/?post_type=product&#038;p=6449"},"modified":"2025-12-09T14:31:22","modified_gmt":"2025-12-09T17:31:22","slug":"lucia-bromberg-sem-titulo-bondinho-da-lapa","status":"publish","type":"product","link":"https:\/\/solardorosario.com.br\/galeria\/produto\/lucia-bromberg-sem-titulo-bondinho-da-lapa\/","title":{"rendered":"Lucia Bromberg - Sem t\u00edtulo (Bondinho da Lapa)"},"content":{"rendered":"<p><strong>Artista:<\/strong>\u00a0Lucia Bromberg<\/p>\n<p><strong>T\u00edtulo:<\/strong> Sem t\u00edtulo (Bondinho da Lapa)<\/p>\n<p><strong>Dimens\u00e3o:<\/strong> 24x34cm<\/p>\n<p><strong>T\u00e9cnica:<\/strong>\u00a0Serigrafia (sem moldura)<\/p>\n<p>&nbsp;<\/p>\n<p>&nbsp;<\/p>\n<p>Lucia Bromberg nasceu em Oakland, na Calif\u00f3rnia, em 1952. Se mudou para o Rio de Janeiro e estudou no Instituto de Belas Artes, e cursou Comunica\u00e7\u00e3o na Pontif\u00edcia Universidade Cat\u00f3lica, do Rio de Janeiro (PUC-RJ). Em 1975, voltou para os Estados Unidos, e estudou no San Ant\u00f4nio Art Institute, no Texas. Retornou ao Brasil em 1986. Entre 1993 e 1999, realizou per\u00edodos de estudos em Floren\u00e7a, na It\u00e1lia.<\/p>\n","protected":false},"excerpt":{"rendered":"<p>Artista:\u00a0Lucia Bromberg T\u00edtulo: Sem t\u00edtulo (Bondinho da Lapa) Dimens\u00e3o: 24x34cm T\u00e9cnica:\u00a0Serigrafia (sem moldura) &nbsp; &nbsp; Lucia Bromberg nasceu em Oakland, na Calif\u00f3rnia, em 1952. Se mudou para o Rio de Janeiro e estudou no Instituto de Belas Artes, e cursou Comunica\u00e7\u00e3o na Pontif\u00edcia Universidade Cat\u00f3lica, do Rio de Janeiro (PUC-RJ). Em 1975, voltou para os [&hellip;]<\/p>\n","protected":false},"featured_media":6450,"template":"","meta":[],"product_brand":[],"product_cat":[117],"product_tag":[],"class_list":{"0":"post-6449","1":"product","2":"type-product","3":"status-publish","4":"has-post-thumbnail","6":"product_cat-galeria","7":"pa_artista-lucia-broemberg","8":"pa_estilo-figurativo-paisagem","9":"pa_tecnica-serigrafia","11":"first","12":"instock","13":"shipping-taxable","14":"product-type-simple"},"yoast_head":"<!-- This site is optimized with the Yoast SEO plugin v27.4 - https:\/\/yoast.com\/product\/yoast-seo-wordpress\/ -->\n<title>Lucia Bromberg - Sem t\u00edtulo (Bondinho da Lapa) - Solar do Ros\u00e1rio Galeria \\\\\\\\Nova<\/title>\n<meta name=\"robots\" content=\"index, follow, max-snippet:-1, max-image-preview:large, max-video-preview:-1\" \/>\n<link rel=\"canonical\" href=\"https:\/\/solardorosario.com.br\/galeria\/produto\/lucia-bromberg-sem-titulo-bondinho-da-lapa\/\" \/>\n<meta property=\"og:locale\" content=\"pt_BR\" \/>\n<meta property=\"og:type\" content=\"article\" \/>\n<meta property=\"og:title\" content=\"Lucia Bromberg - Sem t\u00edtulo (Bondinho da Lapa) - Solar do Ros\u00e1rio Galeria \\\\\\\\Nova\" \/>\n<meta property=\"og:description\" content=\"Artista:\u00a0Lucia Bromberg T\u00edtulo: Sem t\u00edtulo (Bondinho da Lapa) Dimens\u00e3o: 24x34cm T\u00e9cnica:\u00a0Serigrafia (sem moldura) &nbsp; &nbsp; Lucia Bromberg nasceu em Oakland, na Calif\u00f3rnia, em 1952. Se mudou para o Rio de Janeiro e estudou no Instituto de Belas Artes, e cursou Comunica\u00e7\u00e3o na Pontif\u00edcia Universidade Cat\u00f3lica, do Rio de Janeiro (PUC-RJ). Em 1975, voltou para os [&hellip;]\" \/>\n<meta property=\"og:url\" content=\"https:\/\/solardorosario.com.br\/galeria\/produto\/lucia-bromberg-sem-titulo-bondinho-da-lapa\/\" \/>\n<meta property=\"og:site_name\" content=\"Solar do Ros\u00e1rio Galeria \\\\\\\\Nova\" \/>\n<meta property=\"article:modified_time\" content=\"2025-12-09T17:31:22+00:00\" \/>\n<meta property=\"og:image\" content=\"https:\/\/solardorosario.com.br\/galeria\/wp-content\/uploads\/2025\/12\/6-Sem-titulo-Bondinho-da-Lapa-34x24cm-serigrafia.jpeg\" \/>\n\t<meta property=\"og:image:width\" content=\"1280\" \/>\n\t<meta property=\"og:image:height\" content=\"904\" \/>\n\t<meta property=\"og:image:type\" content=\"image\/jpeg\" \/>\n<meta name=\"twitter:card\" content=\"summary_large_image\" \/>\n<meta name=\"twitter:label1\" content=\"Est. tempo de leitura\" \/>\n\t<meta name=\"twitter:data1\" content=\"1 minuto\" \/>\n<script type=\"application\/ld+json\" class=\"yoast-schema-graph\">{\"@context\":\"https:\\\/\\\/schema.org\",\"@graph\":[{\"@type\":\"WebPage\",\"@id\":\"https:\\\/\\\/solardorosario.com.br\\\/galeria\\\/produto\\\/lucia-bromberg-sem-titulo-bondinho-da-lapa\\\/\",\"url\":\"https:\\\/\\\/solardorosario.com.br\\\/galeria\\\/produto\\\/lucia-bromberg-sem-titulo-bondinho-da-lapa\\\/\",\"name\":\"Lucia Bromberg - Sem t\u00edtulo (Bondinho da Lapa) - Solar do Ros\u00e1rio Galeria \\\\\\\\\\\\\\\\Nova\",\"isPartOf\":{\"@id\":\"https:\\\/\\\/solardorosario.com.br\\\/galeria\\\/#website\"},\"primaryImageOfPage\":{\"@id\":\"https:\\\/\\\/solardorosario.com.br\\\/galeria\\\/produto\\\/lucia-bromberg-sem-titulo-bondinho-da-lapa\\\/#primaryimage\"},\"image\":{\"@id\":\"https:\\\/\\\/solardorosario.com.br\\\/galeria\\\/produto\\\/lucia-bromberg-sem-titulo-bondinho-da-lapa\\\/#primaryimage\"},\"thumbnailUrl\":\"https:\\\/\\\/solardorosario.com.br\\\/galeria\\\/wp-content\\\/uploads\\\/2025\\\/12\\\/6-Sem-titulo-Bondinho-da-Lapa-34x24cm-serigrafia.jpeg\",\"datePublished\":\"2025-12-09T17:31:21+00:00\",\"dateModified\":\"2025-12-09T17:31:22+00:00\",\"breadcrumb\":{\"@id\":\"https:\\\/\\\/solardorosario.com.br\\\/galeria\\\/produto\\\/lucia-bromberg-sem-titulo-bondinho-da-lapa\\\/#breadcrumb\"},\"inLanguage\":\"pt-BR\",\"potentialAction\":[{\"@type\":\"ReadAction\",\"target\":[\"https:\\\/\\\/solardorosario.com.br\\\/galeria\\\/produto\\\/lucia-bromberg-sem-titulo-bondinho-da-lapa\\\/\"]}]},{\"@type\":\"ImageObject\",\"inLanguage\":\"pt-BR\",\"@id\":\"https:\\\/\\\/solardorosario.com.br\\\/galeria\\\/produto\\\/lucia-bromberg-sem-titulo-bondinho-da-lapa\\\/#primaryimage\",\"url\":\"https:\\\/\\\/solardorosario.com.br\\\/galeria\\\/wp-content\\\/uploads\\\/2025\\\/12\\\/6-Sem-titulo-Bondinho-da-Lapa-34x24cm-serigrafia.jpeg\",\"contentUrl\":\"https:\\\/\\\/solardorosario.com.br\\\/galeria\\\/wp-content\\\/uploads\\\/2025\\\/12\\\/6-Sem-titulo-Bondinho-da-Lapa-34x24cm-serigrafia.jpeg\",\"width\":1280,\"height\":904},{\"@type\":\"BreadcrumbList\",\"@id\":\"https:\\\/\\\/solardorosario.com.br\\\/galeria\\\/produto\\\/lucia-bromberg-sem-titulo-bondinho-da-lapa\\\/#breadcrumb\",\"itemListElement\":[{\"@type\":\"ListItem\",\"position\":1,\"name\":\"In\u00edcio\",\"item\":\"https:\\\/\\\/solardorosario.com.br\\\/galeria\\\/\"},{\"@type\":\"ListItem\",\"position\":2,\"name\":\"galeria\",\"item\":\"https:\\\/\\\/solardorosario.com.br\\\/galeria\\\/galeria\\\/\"},{\"@type\":\"ListItem\",\"position\":3,\"name\":\"Lucia Bromberg - Sem t\u00edtulo (Bondinho da Lapa)\"}]},{\"@type\":\"WebSite\",\"@id\":\"https:\\\/\\\/solardorosario.com.br\\\/galeria\\\/#website\",\"url\":\"https:\\\/\\\/solardorosario.com.br\\\/galeria\\\/\",\"name\":\"Solar do Ros\u00e1rio Galeria \\\\\\\\\\\\\\\\Nova\",\"description\":\"\",\"potentialAction\":[{\"@type\":\"SearchAction\",\"target\":{\"@type\":\"EntryPoint\",\"urlTemplate\":\"https:\\\/\\\/solardorosario.com.br\\\/galeria\\\/?s={search_term_string}\"},\"query-input\":{\"@type\":\"PropertyValueSpecification\",\"valueRequired\":true,\"valueName\":\"search_term_string\"}}],\"inLanguage\":\"pt-BR\"}]}<\/script>\n<!-- \/ Yoast SEO plugin. -->","yoast_head_json":{"title":"Lucia Bromberg - Sem t\u00edtulo (Bondinho da Lapa) - Solar do Ros\u00e1rio Galeria \\\\\\\\Nova","robots":{"index":"index","follow":"follow","max-snippet":"max-snippet:-1","max-image-preview":"max-image-preview:large","max-video-preview":"max-video-preview:-1"},"canonical":"https:\/\/solardorosario.com.br\/galeria\/produto\/lucia-bromberg-sem-titulo-bondinho-da-lapa\/","og_locale":"pt_BR","og_type":"article","og_title":"Lucia Bromberg - Sem t\u00edtulo (Bondinho da Lapa) - Solar do Ros\u00e1rio Galeria \\\\\\\\Nova","og_description":"Artista:\u00a0Lucia Bromberg T\u00edtulo: Sem t\u00edtulo (Bondinho da Lapa) Dimens\u00e3o: 24x34cm T\u00e9cnica:\u00a0Serigrafia (sem moldura) &nbsp; &nbsp; Lucia Bromberg nasceu em Oakland, na Calif\u00f3rnia, em 1952. Se mudou para o Rio de Janeiro e estudou no Instituto de Belas Artes, e cursou Comunica\u00e7\u00e3o na Pontif\u00edcia Universidade Cat\u00f3lica, do Rio de Janeiro (PUC-RJ). Em 1975, voltou para os [&hellip;]","og_url":"https:\/\/solardorosario.com.br\/galeria\/produto\/lucia-bromberg-sem-titulo-bondinho-da-lapa\/","og_site_name":"Solar do Ros\u00e1rio Galeria \\\\\\\\Nova","article_modified_time":"2025-12-09T17:31:22+00:00","og_image":[{"width":1280,"height":904,"url":"https:\/\/solardorosario.com.br\/galeria\/wp-content\/uploads\/2025\/12\/6-Sem-titulo-Bondinho-da-Lapa-34x24cm-serigrafia.jpeg","type":"image\/jpeg"}],"twitter_card":"summary_large_image","twitter_misc":{"Est. tempo de leitura":"1 minuto"},"schema":{"@context":"https:\/\/schema.org","@graph":[{"@type":"WebPage","@id":"https:\/\/solardorosario.com.br\/galeria\/produto\/lucia-bromberg-sem-titulo-bondinho-da-lapa\/","url":"https:\/\/solardorosario.com.br\/galeria\/produto\/lucia-bromberg-sem-titulo-bondinho-da-lapa\/","name":"Lucia Bromberg - Sem t\u00edtulo (Bondinho da Lapa) - Solar do Ros\u00e1rio Galeria \\\\\\\\Nova","isPartOf":{"@id":"https:\/\/solardorosario.com.br\/galeria\/#website"},"primaryImageOfPage":{"@id":"https:\/\/solardorosario.com.br\/galeria\/produto\/lucia-bromberg-sem-titulo-bondinho-da-lapa\/#primaryimage"},"image":{"@id":"https:\/\/solardorosario.com.br\/galeria\/produto\/lucia-bromberg-sem-titulo-bondinho-da-lapa\/#primaryimage"},"thumbnailUrl":"https:\/\/solardorosario.com.br\/galeria\/wp-content\/uploads\/2025\/12\/6-Sem-titulo-Bondinho-da-Lapa-34x24cm-serigrafia.jpeg","datePublished":"2025-12-09T17:31:21+00:00","dateModified":"2025-12-09T17:31:22+00:00","breadcrumb":{"@id":"https:\/\/solardorosario.com.br\/galeria\/produto\/lucia-bromberg-sem-titulo-bondinho-da-lapa\/#breadcrumb"},"inLanguage":"pt-BR","potentialAction":[{"@type":"ReadAction","target":["https:\/\/solardorosario.com.br\/galeria\/produto\/lucia-bromberg-sem-titulo-bondinho-da-lapa\/"]}]},{"@type":"ImageObject","inLanguage":"pt-BR","@id":"https:\/\/solardorosario.com.br\/galeria\/produto\/lucia-bromberg-sem-titulo-bondinho-da-lapa\/#primaryimage","url":"https:\/\/solardorosario.com.br\/galeria\/wp-content\/uploads\/2025\/12\/6-Sem-titulo-Bondinho-da-Lapa-34x24cm-serigrafia.jpeg","contentUrl":"https:\/\/solardorosario.com.br\/galeria\/wp-content\/uploads\/2025\/12\/6-Sem-titulo-Bondinho-da-Lapa-34x24cm-serigrafia.jpeg","width":1280,"height":904},{"@type":"BreadcrumbList","@id":"https:\/\/solardorosario.com.br\/galeria\/produto\/lucia-bromberg-sem-titulo-bondinho-da-lapa\/#breadcrumb","itemListElement":[{"@type":"ListItem","position":1,"name":"In\u00edcio","item":"https:\/\/solardorosario.com.br\/galeria\/"},{"@type":"ListItem","position":2,"name":"galeria","item":"https:\/\/solardorosario.com.br\/galeria\/galeria\/"},{"@type":"ListItem","position":3,"name":"Lucia Bromberg - Sem t\u00edtulo (Bondinho da Lapa)"}]},{"@type":"WebSite","@id":"https:\/\/solardorosario.com.br\/galeria\/#website","url":"https:\/\/solardorosario.com.br\/galeria\/","name":"Solar do Ros\u00e1rio Galeria \\\\\\\\Nova","description":"","potentialAction":[{"@type":"SearchAction","target":{"@type":"EntryPoint","urlTemplate":"https:\/\/solardorosario.com.br\/galeria\/?s={search_term_string}"},"query-input":{"@type":"PropertyValueSpecification","valueRequired":true,"valueName":"search_term_string"}}],"inLanguage":"pt-BR"}]}},"_links":{"self":[{"href":"https:\/\/solardorosario.com.br\/galeria\/wp-json\/wp\/v2\/product\/6449","targetHints":{"allow":["GET"]}}],"collection":[{"href":"https:\/\/solardorosario.com.br\/galeria\/wp-json\/wp\/v2\/product"}],"about":[{"href":"https:\/\/solardorosario.com.br\/galeria\/wp-json\/wp\/v2\/types\/product"}],"wp:featuredmedia":[{"embeddable":true,"href":"https:\/\/solardorosario.com.br\/galeria\/wp-json\/wp\/v2\/media\/6450"}],"wp:attachment":[{"href":"https:\/\/solardorosario.com.br\/galeria\/wp-json\/wp\/v2\/media?parent=6449"}],"wp:term":[{"taxonomy":"product_brand","embeddable":true,"href":"https:\/\/solardorosario.com.br\/galeria\/wp-json\/wp\/v2\/product_brand?post=6449"},{"taxonomy":"product_cat","embeddable":true,"href":"https:\/\/solardorosario.com.br\/galeria\/wp-json\/wp\/v2\/product_cat?post=6449"},{"taxonomy":"product_tag","embeddable":true,"href":"https:\/\/solardorosario.com.br\/galeria\/wp-json\/wp\/v2\/product_tag?post=6449"}],"curies":[{"name":"wp","href":"https:\/\/api.w.org\/{rel}","templated":true}]}}