{"id":6382,"date":"2025-12-05T17:29:52","date_gmt":"2025-12-05T20:29:52","guid":{"rendered":"https:\/\/solardorosario.com.br\/galeria\/?post_type=product&#038;p=6382"},"modified":"2025-12-05T17:29:52","modified_gmt":"2025-12-05T20:29:52","slug":"leila-pugnaloni-sem-titulo-pombo","status":"publish","type":"product","link":"https:\/\/solardorosario.com.br\/galeria\/produto\/leila-pugnaloni-sem-titulo-pombo\/","title":{"rendered":"Leila Pugnaloni - Sem t\u00edtulo (pombo)"},"content":{"rendered":"<p><strong>Artista:<\/strong> Leila Pugnaloni<\/p>\n<p><strong>T\u00edtulo:<\/strong> Sem t\u00edtulo (pombo)<\/p>\n<p><strong>Dimens\u00e3o:<\/strong> 12x06cm<\/p>\n<p><strong>T\u00e9cnica:<\/strong> Desenho (sem moldura)<\/p>\n<p>&nbsp;<\/p>\n<p>Leila Maria de Abreu Pugnaloni nasceu no Rio de Janeiro, em 1956. \u00c9 artista visual. Iniciou sua forma\u00e7\u00e3o art\u00edstica no Paran\u00e1, no ateli\u00ea do Museu Alfredo Andersen, em Curitiba, entre 1976 e 1977. A partir de 1978, frequenta a Escola de M\u00fasica e Belas Artes do Paran\u00e1 (EMBAP) e a Escola de Artes Visuais (EAV) do Parque Lage, no Rio de Janeiro. Em 1982, viaja para Nova York e fez uma especializa\u00e7\u00e3o em gravura em metal e desenho da forma humana na The Art Students League. Em 1983, cursa litografia e gravura em metal no Solar do Bar\u00e3o da Funda\u00e7\u00e3o Cultural de Curitiba. A partir de 1985, trabalha como orientadora do curso livre de desenho da figura humana no Museu Alfredo Andersen, no Museu Guido Viaro e no Servi\u00e7o Social do Com\u00e9rcio (SESC) DE Curitiba. Na d\u00e9cada de 80 e 90, participa de diversas exposi\u00e7\u00f5es individuais e coletivas espalhadas pelo Brasil, em Curitiba, S\u00e3o Paulo, Belo Horizonte, Lages, Rio de Janeiro, Maring\u00e1, Porto Alegre, Foz do Igua\u00e7u, entre outros.<\/p>\n","protected":false},"excerpt":{"rendered":"<p>Artista: Leila Pugnaloni T\u00edtulo: Sem t\u00edtulo (pombo) Dimens\u00e3o: 12x06cm T\u00e9cnica: Desenho (sem moldura) &nbsp; Leila Maria de Abreu Pugnaloni nasceu no Rio de Janeiro, em 1956. \u00c9 artista visual. Iniciou sua forma\u00e7\u00e3o art\u00edstica no Paran\u00e1, no ateli\u00ea do Museu Alfredo Andersen, em Curitiba, entre 1976 e 1977. A partir de 1978, frequenta a Escola de [&hellip;]<\/p>\n","protected":false},"featured_media":6383,"template":"","meta":[],"product_brand":[],"product_cat":[117],"product_tag":[],"class_list":{"0":"post-6382","1":"product","2":"type-product","3":"status-publish","4":"has-post-thumbnail","6":"product_cat-galeria","7":"pa_artista-leila-pugnaloni","8":"pa_estilo-figurativo","9":"pa_tecnica-desenho","11":"first","12":"instock","13":"shipping-taxable","14":"product-type-simple"},"yoast_head":"<!-- This site is optimized with the Yoast SEO plugin v27.4 - https:\/\/yoast.com\/product\/yoast-seo-wordpress\/ -->\n<title>Leila Pugnaloni - Sem t\u00edtulo (pombo) - Solar do Ros\u00e1rio Galeria \\\\\\\\Nova<\/title>\n<meta name=\"robots\" content=\"index, follow, max-snippet:-1, max-image-preview:large, max-video-preview:-1\" \/>\n<link rel=\"canonical\" href=\"https:\/\/solardorosario.com.br\/galeria\/produto\/leila-pugnaloni-sem-titulo-pombo\/\" \/>\n<meta property=\"og:locale\" content=\"pt_BR\" \/>\n<meta property=\"og:type\" content=\"article\" \/>\n<meta property=\"og:title\" content=\"Leila Pugnaloni - Sem t\u00edtulo (pombo) - Solar do Ros\u00e1rio Galeria \\\\\\\\Nova\" \/>\n<meta property=\"og:description\" content=\"Artista: Leila Pugnaloni T\u00edtulo: Sem t\u00edtulo (pombo) Dimens\u00e3o: 12x06cm T\u00e9cnica: Desenho (sem moldura) &nbsp; Leila Maria de Abreu Pugnaloni nasceu no Rio de Janeiro, em 1956. \u00c9 artista visual. Iniciou sua forma\u00e7\u00e3o art\u00edstica no Paran\u00e1, no ateli\u00ea do Museu Alfredo Andersen, em Curitiba, entre 1976 e 1977. A partir de 1978, frequenta a Escola de [&hellip;]\" \/>\n<meta property=\"og:url\" content=\"https:\/\/solardorosario.com.br\/galeria\/produto\/leila-pugnaloni-sem-titulo-pombo\/\" \/>\n<meta property=\"og:site_name\" content=\"Solar do Ros\u00e1rio Galeria \\\\\\\\Nova\" \/>\n<meta property=\"og:image\" content=\"https:\/\/solardorosario.com.br\/galeria\/wp-content\/uploads\/2025\/12\/1-Sem-titulo-pombo-desenho-12x6cm.jpeg\" \/>\n\t<meta property=\"og:image:width\" content=\"914\" \/>\n\t<meta property=\"og:image:height\" content=\"1280\" \/>\n\t<meta property=\"og:image:type\" content=\"image\/jpeg\" \/>\n<meta name=\"twitter:card\" content=\"summary_large_image\" \/>\n<meta name=\"twitter:label1\" content=\"Est. tempo de leitura\" \/>\n\t<meta name=\"twitter:data1\" content=\"2 minutos\" \/>\n<script type=\"application\/ld+json\" class=\"yoast-schema-graph\">{\"@context\":\"https:\\\/\\\/schema.org\",\"@graph\":[{\"@type\":\"WebPage\",\"@id\":\"https:\\\/\\\/solardorosario.com.br\\\/galeria\\\/produto\\\/leila-pugnaloni-sem-titulo-pombo\\\/\",\"url\":\"https:\\\/\\\/solardorosario.com.br\\\/galeria\\\/produto\\\/leila-pugnaloni-sem-titulo-pombo\\\/\",\"name\":\"Leila Pugnaloni - Sem t\u00edtulo (pombo) - Solar do Ros\u00e1rio Galeria \\\\\\\\\\\\\\\\Nova\",\"isPartOf\":{\"@id\":\"https:\\\/\\\/solardorosario.com.br\\\/galeria\\\/#website\"},\"primaryImageOfPage\":{\"@id\":\"https:\\\/\\\/solardorosario.com.br\\\/galeria\\\/produto\\\/leila-pugnaloni-sem-titulo-pombo\\\/#primaryimage\"},\"image\":{\"@id\":\"https:\\\/\\\/solardorosario.com.br\\\/galeria\\\/produto\\\/leila-pugnaloni-sem-titulo-pombo\\\/#primaryimage\"},\"thumbnailUrl\":\"https:\\\/\\\/solardorosario.com.br\\\/galeria\\\/wp-content\\\/uploads\\\/2025\\\/12\\\/1-Sem-titulo-pombo-desenho-12x6cm.jpeg\",\"datePublished\":\"2025-12-05T20:29:52+00:00\",\"breadcrumb\":{\"@id\":\"https:\\\/\\\/solardorosario.com.br\\\/galeria\\\/produto\\\/leila-pugnaloni-sem-titulo-pombo\\\/#breadcrumb\"},\"inLanguage\":\"pt-BR\",\"potentialAction\":[{\"@type\":\"ReadAction\",\"target\":[\"https:\\\/\\\/solardorosario.com.br\\\/galeria\\\/produto\\\/leila-pugnaloni-sem-titulo-pombo\\\/\"]}]},{\"@type\":\"ImageObject\",\"inLanguage\":\"pt-BR\",\"@id\":\"https:\\\/\\\/solardorosario.com.br\\\/galeria\\\/produto\\\/leila-pugnaloni-sem-titulo-pombo\\\/#primaryimage\",\"url\":\"https:\\\/\\\/solardorosario.com.br\\\/galeria\\\/wp-content\\\/uploads\\\/2025\\\/12\\\/1-Sem-titulo-pombo-desenho-12x6cm.jpeg\",\"contentUrl\":\"https:\\\/\\\/solardorosario.com.br\\\/galeria\\\/wp-content\\\/uploads\\\/2025\\\/12\\\/1-Sem-titulo-pombo-desenho-12x6cm.jpeg\",\"width\":914,\"height\":1280},{\"@type\":\"BreadcrumbList\",\"@id\":\"https:\\\/\\\/solardorosario.com.br\\\/galeria\\\/produto\\\/leila-pugnaloni-sem-titulo-pombo\\\/#breadcrumb\",\"itemListElement\":[{\"@type\":\"ListItem\",\"position\":1,\"name\":\"In\u00edcio\",\"item\":\"https:\\\/\\\/solardorosario.com.br\\\/galeria\\\/\"},{\"@type\":\"ListItem\",\"position\":2,\"name\":\"galeria\",\"item\":\"https:\\\/\\\/solardorosario.com.br\\\/galeria\\\/galeria\\\/\"},{\"@type\":\"ListItem\",\"position\":3,\"name\":\"Leila Pugnaloni - Sem t\u00edtulo (pombo)\"}]},{\"@type\":\"WebSite\",\"@id\":\"https:\\\/\\\/solardorosario.com.br\\\/galeria\\\/#website\",\"url\":\"https:\\\/\\\/solardorosario.com.br\\\/galeria\\\/\",\"name\":\"Solar do Ros\u00e1rio Galeria \\\\\\\\\\\\\\\\Nova\",\"description\":\"\",\"potentialAction\":[{\"@type\":\"SearchAction\",\"target\":{\"@type\":\"EntryPoint\",\"urlTemplate\":\"https:\\\/\\\/solardorosario.com.br\\\/galeria\\\/?s={search_term_string}\"},\"query-input\":{\"@type\":\"PropertyValueSpecification\",\"valueRequired\":true,\"valueName\":\"search_term_string\"}}],\"inLanguage\":\"pt-BR\"}]}<\/script>\n<!-- \/ Yoast SEO plugin. -->","yoast_head_json":{"title":"Leila Pugnaloni - Sem t\u00edtulo (pombo) - Solar do Ros\u00e1rio Galeria \\\\\\\\Nova","robots":{"index":"index","follow":"follow","max-snippet":"max-snippet:-1","max-image-preview":"max-image-preview:large","max-video-preview":"max-video-preview:-1"},"canonical":"https:\/\/solardorosario.com.br\/galeria\/produto\/leila-pugnaloni-sem-titulo-pombo\/","og_locale":"pt_BR","og_type":"article","og_title":"Leila Pugnaloni - Sem t\u00edtulo (pombo) - Solar do Ros\u00e1rio Galeria \\\\\\\\Nova","og_description":"Artista: Leila Pugnaloni T\u00edtulo: Sem t\u00edtulo (pombo) Dimens\u00e3o: 12x06cm T\u00e9cnica: Desenho (sem moldura) &nbsp; Leila Maria de Abreu Pugnaloni nasceu no Rio de Janeiro, em 1956. \u00c9 artista visual. Iniciou sua forma\u00e7\u00e3o art\u00edstica no Paran\u00e1, no ateli\u00ea do Museu Alfredo Andersen, em Curitiba, entre 1976 e 1977. A partir de 1978, frequenta a Escola de [&hellip;]","og_url":"https:\/\/solardorosario.com.br\/galeria\/produto\/leila-pugnaloni-sem-titulo-pombo\/","og_site_name":"Solar do Ros\u00e1rio Galeria \\\\\\\\Nova","og_image":[{"width":914,"height":1280,"url":"https:\/\/solardorosario.com.br\/galeria\/wp-content\/uploads\/2025\/12\/1-Sem-titulo-pombo-desenho-12x6cm.jpeg","type":"image\/jpeg"}],"twitter_card":"summary_large_image","twitter_misc":{"Est. tempo de leitura":"2 minutos"},"schema":{"@context":"https:\/\/schema.org","@graph":[{"@type":"WebPage","@id":"https:\/\/solardorosario.com.br\/galeria\/produto\/leila-pugnaloni-sem-titulo-pombo\/","url":"https:\/\/solardorosario.com.br\/galeria\/produto\/leila-pugnaloni-sem-titulo-pombo\/","name":"Leila Pugnaloni - Sem t\u00edtulo (pombo) - Solar do Ros\u00e1rio Galeria \\\\\\\\Nova","isPartOf":{"@id":"https:\/\/solardorosario.com.br\/galeria\/#website"},"primaryImageOfPage":{"@id":"https:\/\/solardorosario.com.br\/galeria\/produto\/leila-pugnaloni-sem-titulo-pombo\/#primaryimage"},"image":{"@id":"https:\/\/solardorosario.com.br\/galeria\/produto\/leila-pugnaloni-sem-titulo-pombo\/#primaryimage"},"thumbnailUrl":"https:\/\/solardorosario.com.br\/galeria\/wp-content\/uploads\/2025\/12\/1-Sem-titulo-pombo-desenho-12x6cm.jpeg","datePublished":"2025-12-05T20:29:52+00:00","breadcrumb":{"@id":"https:\/\/solardorosario.com.br\/galeria\/produto\/leila-pugnaloni-sem-titulo-pombo\/#breadcrumb"},"inLanguage":"pt-BR","potentialAction":[{"@type":"ReadAction","target":["https:\/\/solardorosario.com.br\/galeria\/produto\/leila-pugnaloni-sem-titulo-pombo\/"]}]},{"@type":"ImageObject","inLanguage":"pt-BR","@id":"https:\/\/solardorosario.com.br\/galeria\/produto\/leila-pugnaloni-sem-titulo-pombo\/#primaryimage","url":"https:\/\/solardorosario.com.br\/galeria\/wp-content\/uploads\/2025\/12\/1-Sem-titulo-pombo-desenho-12x6cm.jpeg","contentUrl":"https:\/\/solardorosario.com.br\/galeria\/wp-content\/uploads\/2025\/12\/1-Sem-titulo-pombo-desenho-12x6cm.jpeg","width":914,"height":1280},{"@type":"BreadcrumbList","@id":"https:\/\/solardorosario.com.br\/galeria\/produto\/leila-pugnaloni-sem-titulo-pombo\/#breadcrumb","itemListElement":[{"@type":"ListItem","position":1,"name":"In\u00edcio","item":"https:\/\/solardorosario.com.br\/galeria\/"},{"@type":"ListItem","position":2,"name":"galeria","item":"https:\/\/solardorosario.com.br\/galeria\/galeria\/"},{"@type":"ListItem","position":3,"name":"Leila Pugnaloni - Sem t\u00edtulo (pombo)"}]},{"@type":"WebSite","@id":"https:\/\/solardorosario.com.br\/galeria\/#website","url":"https:\/\/solardorosario.com.br\/galeria\/","name":"Solar do Ros\u00e1rio Galeria \\\\\\\\Nova","description":"","potentialAction":[{"@type":"SearchAction","target":{"@type":"EntryPoint","urlTemplate":"https:\/\/solardorosario.com.br\/galeria\/?s={search_term_string}"},"query-input":{"@type":"PropertyValueSpecification","valueRequired":true,"valueName":"search_term_string"}}],"inLanguage":"pt-BR"}]}},"_links":{"self":[{"href":"https:\/\/solardorosario.com.br\/galeria\/wp-json\/wp\/v2\/product\/6382","targetHints":{"allow":["GET"]}}],"collection":[{"href":"https:\/\/solardorosario.com.br\/galeria\/wp-json\/wp\/v2\/product"}],"about":[{"href":"https:\/\/solardorosario.com.br\/galeria\/wp-json\/wp\/v2\/types\/product"}],"wp:featuredmedia":[{"embeddable":true,"href":"https:\/\/solardorosario.com.br\/galeria\/wp-json\/wp\/v2\/media\/6383"}],"wp:attachment":[{"href":"https:\/\/solardorosario.com.br\/galeria\/wp-json\/wp\/v2\/media?parent=6382"}],"wp:term":[{"taxonomy":"product_brand","embeddable":true,"href":"https:\/\/solardorosario.com.br\/galeria\/wp-json\/wp\/v2\/product_brand?post=6382"},{"taxonomy":"product_cat","embeddable":true,"href":"https:\/\/solardorosario.com.br\/galeria\/wp-json\/wp\/v2\/product_cat?post=6382"},{"taxonomy":"product_tag","embeddable":true,"href":"https:\/\/solardorosario.com.br\/galeria\/wp-json\/wp\/v2\/product_tag?post=6382"}],"curies":[{"name":"wp","href":"https:\/\/api.w.org\/{rel}","templated":true}]}}