{"id":6370,"date":"2025-12-05T16:28:46","date_gmt":"2025-12-05T19:28:46","guid":{"rendered":"https:\/\/solardorosario.com.br\/galeria\/?post_type=product&#038;p=6370"},"modified":"2026-02-26T12:21:08","modified_gmt":"2026-02-26T15:21:08","slug":"lando-sem-titulo-laranja-e-verde","status":"publish","type":"product","link":"https:\/\/solardorosario.com.br\/galeria\/produto\/lando-sem-titulo-laranja-e-verde\/","title":{"rendered":"Lando - Sem t\u00edtulo (laranja e verde)"},"content":{"rendered":"<p><strong>Artista:<\/strong> Lando<\/p>\n<p><strong>T\u00edtulo:<\/strong> Sem t\u00edtulo (laranja e verde)<\/p>\n<p><strong>Dimens\u00e3o:<\/strong> 74x53cm<\/p>\n<p><strong>T\u00e9cnica:<\/strong> Gravura (sem moldura)<\/p>\n<p>&nbsp;<\/p>\n<p>&nbsp;<\/p>\n<p>Sad\u00ed Lando nasceu em Erechim - RS, em 1954. Artista visual e pintor, frequentou o ateli\u00ea de Olga Calliari aos 23 anos, e fazia aulas de pintura. Entre 1981 a 1986, fazia o curso de pintura, escultura e gravura da Universidade Federal de Pelotas (UFPel), no Rio Grande do Sul. Nesse per\u00edodo que participou dos primeiros sal\u00f5es de arte, como o Arte Jovem Sul Am\u00e9rica no Museu de Artes do Rio Grande do Sul, 1\u00ba Sal\u00e3o de Novos da Funda\u00e7\u00e3o de Cultura, Lazer e Turismo de Pelotas RS. Em 1987, se muda para S\u00e3o Paulo, e participou de diversas mostras e exposi\u00e7\u00f5es coletivas, como Sal\u00e3o de Arte de Rio Claro, Sal\u00e3o de Arte Contempor\u00e2nea de S\u00e3o Bernardo do Campo e na Coletiva Pintores Abstratos, em Nova Andr\u00e9 Galeria.<\/p>\n","protected":false},"excerpt":{"rendered":"<p>Artista: Lando T\u00edtulo: Sem t\u00edtulo (laranja e verde) Dimens\u00e3o: 74x53cm T\u00e9cnica: Gravura (sem moldura) &nbsp; &nbsp; Sad\u00ed Lando nasceu em Erechim - RS, em 1954. Artista visual e pintor, frequentou o ateli\u00ea de Olga Calliari aos 23 anos, e fazia aulas de pintura. Entre 1981 a 1986, fazia o curso de pintura, escultura e gravura [&hellip;]<\/p>\n","protected":false},"featured_media":6371,"template":"","meta":[],"product_brand":[],"product_cat":[117],"product_tag":[],"class_list":{"0":"post-6370","1":"product","2":"type-product","3":"status-publish","4":"has-post-thumbnail","6":"product_cat-galeria","7":"pa_artista-lando","8":"pa_estilo-abstrato","9":"pa_estilo-gravura","10":"pa_tecnica-gravura","12":"first","13":"instock","14":"shipping-taxable","15":"purchasable","16":"product-type-simple"},"yoast_head":"<!-- This site is optimized with the Yoast SEO plugin v27.4 - https:\/\/yoast.com\/product\/yoast-seo-wordpress\/ -->\n<title>Lando - Sem t\u00edtulo (laranja e verde) - Solar do Ros\u00e1rio Galeria \\\\\\\\Nova<\/title>\n<meta name=\"robots\" content=\"index, follow, max-snippet:-1, max-image-preview:large, max-video-preview:-1\" \/>\n<link rel=\"canonical\" href=\"https:\/\/solardorosario.com.br\/galeria\/produto\/lando-sem-titulo-laranja-e-verde\/\" \/>\n<meta property=\"og:locale\" content=\"pt_BR\" \/>\n<meta property=\"og:type\" content=\"article\" \/>\n<meta property=\"og:title\" content=\"Lando - Sem t\u00edtulo (laranja e verde) - Solar do Ros\u00e1rio Galeria \\\\\\\\Nova\" \/>\n<meta property=\"og:description\" content=\"Artista: Lando T\u00edtulo: Sem t\u00edtulo (laranja e verde) Dimens\u00e3o: 74x53cm T\u00e9cnica: Gravura (sem moldura) &nbsp; &nbsp; Sad\u00ed Lando nasceu em Erechim - RS, em 1954. Artista visual e pintor, frequentou o ateli\u00ea de Olga Calliari aos 23 anos, e fazia aulas de pintura. Entre 1981 a 1986, fazia o curso de pintura, escultura e gravura [&hellip;]\" \/>\n<meta property=\"og:url\" content=\"https:\/\/solardorosario.com.br\/galeria\/produto\/lando-sem-titulo-laranja-e-verde\/\" \/>\n<meta property=\"og:site_name\" content=\"Solar do Ros\u00e1rio Galeria \\\\\\\\Nova\" \/>\n<meta property=\"article:modified_time\" content=\"2026-02-26T15:21:08+00:00\" \/>\n<meta property=\"og:image\" content=\"https:\/\/solardorosario.com.br\/galeria\/wp-content\/uploads\/2025\/12\/1-Sem-titulo-laranja-e-verde-74x53cm.jpeg\" \/>\n\t<meta property=\"og:image:width\" content=\"1600\" \/>\n\t<meta property=\"og:image:height\" content=\"1098\" \/>\n\t<meta property=\"og:image:type\" content=\"image\/jpeg\" \/>\n<meta name=\"twitter:card\" content=\"summary_large_image\" \/>\n<meta name=\"twitter:label1\" content=\"Est. tempo de leitura\" \/>\n\t<meta name=\"twitter:data1\" content=\"1 minuto\" \/>\n<script type=\"application\/ld+json\" class=\"yoast-schema-graph\">{\"@context\":\"https:\\\/\\\/schema.org\",\"@graph\":[{\"@type\":\"WebPage\",\"@id\":\"https:\\\/\\\/solardorosario.com.br\\\/galeria\\\/produto\\\/lando-sem-titulo-laranja-e-verde\\\/\",\"url\":\"https:\\\/\\\/solardorosario.com.br\\\/galeria\\\/produto\\\/lando-sem-titulo-laranja-e-verde\\\/\",\"name\":\"Lando - Sem t\u00edtulo (laranja e verde) - Solar do Ros\u00e1rio Galeria \\\\\\\\\\\\\\\\Nova\",\"isPartOf\":{\"@id\":\"https:\\\/\\\/solardorosario.com.br\\\/galeria\\\/#website\"},\"primaryImageOfPage\":{\"@id\":\"https:\\\/\\\/solardorosario.com.br\\\/galeria\\\/produto\\\/lando-sem-titulo-laranja-e-verde\\\/#primaryimage\"},\"image\":{\"@id\":\"https:\\\/\\\/solardorosario.com.br\\\/galeria\\\/produto\\\/lando-sem-titulo-laranja-e-verde\\\/#primaryimage\"},\"thumbnailUrl\":\"https:\\\/\\\/solardorosario.com.br\\\/galeria\\\/wp-content\\\/uploads\\\/2025\\\/12\\\/1-Sem-titulo-laranja-e-verde-74x53cm.jpeg\",\"datePublished\":\"2025-12-05T19:28:46+00:00\",\"dateModified\":\"2026-02-26T15:21:08+00:00\",\"breadcrumb\":{\"@id\":\"https:\\\/\\\/solardorosario.com.br\\\/galeria\\\/produto\\\/lando-sem-titulo-laranja-e-verde\\\/#breadcrumb\"},\"inLanguage\":\"pt-BR\",\"potentialAction\":[{\"@type\":\"ReadAction\",\"target\":[\"https:\\\/\\\/solardorosario.com.br\\\/galeria\\\/produto\\\/lando-sem-titulo-laranja-e-verde\\\/\"]}]},{\"@type\":\"ImageObject\",\"inLanguage\":\"pt-BR\",\"@id\":\"https:\\\/\\\/solardorosario.com.br\\\/galeria\\\/produto\\\/lando-sem-titulo-laranja-e-verde\\\/#primaryimage\",\"url\":\"https:\\\/\\\/solardorosario.com.br\\\/galeria\\\/wp-content\\\/uploads\\\/2025\\\/12\\\/1-Sem-titulo-laranja-e-verde-74x53cm.jpeg\",\"contentUrl\":\"https:\\\/\\\/solardorosario.com.br\\\/galeria\\\/wp-content\\\/uploads\\\/2025\\\/12\\\/1-Sem-titulo-laranja-e-verde-74x53cm.jpeg\",\"width\":1600,\"height\":1098},{\"@type\":\"BreadcrumbList\",\"@id\":\"https:\\\/\\\/solardorosario.com.br\\\/galeria\\\/produto\\\/lando-sem-titulo-laranja-e-verde\\\/#breadcrumb\",\"itemListElement\":[{\"@type\":\"ListItem\",\"position\":1,\"name\":\"In\u00edcio\",\"item\":\"https:\\\/\\\/solardorosario.com.br\\\/galeria\\\/\"},{\"@type\":\"ListItem\",\"position\":2,\"name\":\"galeria\",\"item\":\"https:\\\/\\\/solardorosario.com.br\\\/galeria\\\/galeria\\\/\"},{\"@type\":\"ListItem\",\"position\":3,\"name\":\"Lando - Sem t\u00edtulo (laranja e verde)\"}]},{\"@type\":\"WebSite\",\"@id\":\"https:\\\/\\\/solardorosario.com.br\\\/galeria\\\/#website\",\"url\":\"https:\\\/\\\/solardorosario.com.br\\\/galeria\\\/\",\"name\":\"Solar do Ros\u00e1rio Galeria \\\\\\\\\\\\\\\\Nova\",\"description\":\"\",\"potentialAction\":[{\"@type\":\"SearchAction\",\"target\":{\"@type\":\"EntryPoint\",\"urlTemplate\":\"https:\\\/\\\/solardorosario.com.br\\\/galeria\\\/?s={search_term_string}\"},\"query-input\":{\"@type\":\"PropertyValueSpecification\",\"valueRequired\":true,\"valueName\":\"search_term_string\"}}],\"inLanguage\":\"pt-BR\"}]}<\/script>\n<!-- \/ Yoast SEO plugin. -->","yoast_head_json":{"title":"Lando - Sem t\u00edtulo (laranja e verde) - Solar do Ros\u00e1rio Galeria \\\\\\\\Nova","robots":{"index":"index","follow":"follow","max-snippet":"max-snippet:-1","max-image-preview":"max-image-preview:large","max-video-preview":"max-video-preview:-1"},"canonical":"https:\/\/solardorosario.com.br\/galeria\/produto\/lando-sem-titulo-laranja-e-verde\/","og_locale":"pt_BR","og_type":"article","og_title":"Lando - Sem t\u00edtulo (laranja e verde) - Solar do Ros\u00e1rio Galeria \\\\\\\\Nova","og_description":"Artista: Lando T\u00edtulo: Sem t\u00edtulo (laranja e verde) Dimens\u00e3o: 74x53cm T\u00e9cnica: Gravura (sem moldura) &nbsp; &nbsp; Sad\u00ed Lando nasceu em Erechim - RS, em 1954. Artista visual e pintor, frequentou o ateli\u00ea de Olga Calliari aos 23 anos, e fazia aulas de pintura. Entre 1981 a 1986, fazia o curso de pintura, escultura e gravura [&hellip;]","og_url":"https:\/\/solardorosario.com.br\/galeria\/produto\/lando-sem-titulo-laranja-e-verde\/","og_site_name":"Solar do Ros\u00e1rio Galeria \\\\\\\\Nova","article_modified_time":"2026-02-26T15:21:08+00:00","og_image":[{"width":1600,"height":1098,"url":"https:\/\/solardorosario.com.br\/galeria\/wp-content\/uploads\/2025\/12\/1-Sem-titulo-laranja-e-verde-74x53cm.jpeg","type":"image\/jpeg"}],"twitter_card":"summary_large_image","twitter_misc":{"Est. tempo de leitura":"1 minuto"},"schema":{"@context":"https:\/\/schema.org","@graph":[{"@type":"WebPage","@id":"https:\/\/solardorosario.com.br\/galeria\/produto\/lando-sem-titulo-laranja-e-verde\/","url":"https:\/\/solardorosario.com.br\/galeria\/produto\/lando-sem-titulo-laranja-e-verde\/","name":"Lando - Sem t\u00edtulo (laranja e verde) - Solar do Ros\u00e1rio Galeria \\\\\\\\Nova","isPartOf":{"@id":"https:\/\/solardorosario.com.br\/galeria\/#website"},"primaryImageOfPage":{"@id":"https:\/\/solardorosario.com.br\/galeria\/produto\/lando-sem-titulo-laranja-e-verde\/#primaryimage"},"image":{"@id":"https:\/\/solardorosario.com.br\/galeria\/produto\/lando-sem-titulo-laranja-e-verde\/#primaryimage"},"thumbnailUrl":"https:\/\/solardorosario.com.br\/galeria\/wp-content\/uploads\/2025\/12\/1-Sem-titulo-laranja-e-verde-74x53cm.jpeg","datePublished":"2025-12-05T19:28:46+00:00","dateModified":"2026-02-26T15:21:08+00:00","breadcrumb":{"@id":"https:\/\/solardorosario.com.br\/galeria\/produto\/lando-sem-titulo-laranja-e-verde\/#breadcrumb"},"inLanguage":"pt-BR","potentialAction":[{"@type":"ReadAction","target":["https:\/\/solardorosario.com.br\/galeria\/produto\/lando-sem-titulo-laranja-e-verde\/"]}]},{"@type":"ImageObject","inLanguage":"pt-BR","@id":"https:\/\/solardorosario.com.br\/galeria\/produto\/lando-sem-titulo-laranja-e-verde\/#primaryimage","url":"https:\/\/solardorosario.com.br\/galeria\/wp-content\/uploads\/2025\/12\/1-Sem-titulo-laranja-e-verde-74x53cm.jpeg","contentUrl":"https:\/\/solardorosario.com.br\/galeria\/wp-content\/uploads\/2025\/12\/1-Sem-titulo-laranja-e-verde-74x53cm.jpeg","width":1600,"height":1098},{"@type":"BreadcrumbList","@id":"https:\/\/solardorosario.com.br\/galeria\/produto\/lando-sem-titulo-laranja-e-verde\/#breadcrumb","itemListElement":[{"@type":"ListItem","position":1,"name":"In\u00edcio","item":"https:\/\/solardorosario.com.br\/galeria\/"},{"@type":"ListItem","position":2,"name":"galeria","item":"https:\/\/solardorosario.com.br\/galeria\/galeria\/"},{"@type":"ListItem","position":3,"name":"Lando - Sem t\u00edtulo (laranja e verde)"}]},{"@type":"WebSite","@id":"https:\/\/solardorosario.com.br\/galeria\/#website","url":"https:\/\/solardorosario.com.br\/galeria\/","name":"Solar do Ros\u00e1rio Galeria \\\\\\\\Nova","description":"","potentialAction":[{"@type":"SearchAction","target":{"@type":"EntryPoint","urlTemplate":"https:\/\/solardorosario.com.br\/galeria\/?s={search_term_string}"},"query-input":{"@type":"PropertyValueSpecification","valueRequired":true,"valueName":"search_term_string"}}],"inLanguage":"pt-BR"}]}},"_links":{"self":[{"href":"https:\/\/solardorosario.com.br\/galeria\/wp-json\/wp\/v2\/product\/6370","targetHints":{"allow":["GET"]}}],"collection":[{"href":"https:\/\/solardorosario.com.br\/galeria\/wp-json\/wp\/v2\/product"}],"about":[{"href":"https:\/\/solardorosario.com.br\/galeria\/wp-json\/wp\/v2\/types\/product"}],"wp:featuredmedia":[{"embeddable":true,"href":"https:\/\/solardorosario.com.br\/galeria\/wp-json\/wp\/v2\/media\/6371"}],"wp:attachment":[{"href":"https:\/\/solardorosario.com.br\/galeria\/wp-json\/wp\/v2\/media?parent=6370"}],"wp:term":[{"taxonomy":"product_brand","embeddable":true,"href":"https:\/\/solardorosario.com.br\/galeria\/wp-json\/wp\/v2\/product_brand?post=6370"},{"taxonomy":"product_cat","embeddable":true,"href":"https:\/\/solardorosario.com.br\/galeria\/wp-json\/wp\/v2\/product_cat?post=6370"},{"taxonomy":"product_tag","embeddable":true,"href":"https:\/\/solardorosario.com.br\/galeria\/wp-json\/wp\/v2\/product_tag?post=6370"}],"curies":[{"name":"wp","href":"https:\/\/api.w.org\/{rel}","templated":true}]}}