{"id":6347,"date":"2025-12-04T17:15:23","date_gmt":"2025-12-04T20:15:23","guid":{"rendered":"https:\/\/solardorosario.com.br\/galeria\/?post_type=product&#038;p=6347"},"modified":"2025-12-04T17:15:23","modified_gmt":"2025-12-04T20:15:23","slug":"jair-mendes-imagens-de-curitiba-gravura","status":"publish","type":"product","link":"https:\/\/solardorosario.com.br\/galeria\/produto\/jair-mendes-imagens-de-curitiba-gravura\/","title":{"rendered":"Jair Mendes - Imagens de Curitiba (Gravura)"},"content":{"rendered":"<p><strong>Artista:<\/strong> Jair Mendes<\/p>\n<p><strong>T\u00edtulo:<\/strong> Imagens de Curitiba - Solar do Ros\u00e1rio<\/p>\n<p><strong>Dimens\u00e3o:<\/strong> 21x31cm<\/p>\n<p><strong>T\u00e9cnica:<\/strong> Serigrafia aquarelada (sem moldura)<\/p>\n<p>&nbsp;<\/p>\n<p>Nasceu em S\u00e3o Jos\u00e9 do Rio Pardo - SP, em 1938. \u00c9 formado pela Escola de M\u00fasica e Belas Artes do Paran\u00e1. Fez curso de desenho com Thorstein Andersen, frequentou o ateli\u00ea livre de Guido Viaro e fez cursos de gravura no Centro de Gravura do Paran\u00e1, em Curitiba. Em 1960, fundou junto com Adalice Ara\u00fajo, Constantino Viaro e Luiz Carlos Andrade Lima o C\u00edrculo de Artes Pl\u00e1sticos do Paran\u00e1. Criou, em 1962, o ateli\u00ea livre Miguel Bakun, em Curitiba. Implantou e dirigiu, de 1973 a 1975 o Centro de Criatividade de Curitiba, da Funda\u00e7\u00e3o Cultural de Curitiba (FCC). Organizou o 1\u00ba Encontro Nacional de Cr\u00edticos de Arte, em Curitiba. Em 1981, foi designado Coordenador Geral de Artes Pl\u00e1sticas, da FCC. Foi curador de mais de 20 mostras culturais, como da VII Mostra de Gravura da cidade de Curitiba, al\u00e9m de ser o curador do acervo e da exposi\u00e7\u00e3o inaugural do Museu Municipal de Arte (MuMa). Recebeu v\u00e1rios pr\u00eamios como 1\u00ba Lugar no Sal\u00e3o Panamericano de Arte, em 1960, e em 1963, venceu como Pr\u00eamio Aquisi\u00e7\u00e3o, no 20\u00ba Sal\u00e3o Paranaense. Exp\u00f4s individual e coletivamente em Curitiba, S\u00e3o Paulo, Rio de Janeiro, em Santa Catarina, na Su\u00ed\u00e7a, Estados Unidos, Portugal, Argentina, M\u00e9xico e Jap\u00e3o. Al\u00e9m disso, suas obras fazem parte de acervos de institui\u00e7\u00f5es como o Museu de Arte Contempor\u00e2nea \/PR (MAC-PR), MuMa, Museu de Arte de Joinville, Museu Euclides da Cunha (SP), Pal\u00e1cio do Governo do M\u00e9xico.<\/p>\n","protected":false},"excerpt":{"rendered":"<p>Artista: Jair Mendes T\u00edtulo: Imagens de Curitiba - Solar do Ros\u00e1rio Dimens\u00e3o: 21x31cm T\u00e9cnica: Serigrafia aquarelada (sem moldura) &nbsp; Nasceu em S\u00e3o Jos\u00e9 do Rio Pardo - SP, em 1938. \u00c9 formado pela Escola de M\u00fasica e Belas Artes do Paran\u00e1. Fez curso de desenho com Thorstein Andersen, frequentou o ateli\u00ea livre de Guido Viaro [&hellip;]<\/p>\n","protected":false},"featured_media":6348,"template":"","meta":[],"product_brand":[],"product_cat":[117],"product_tag":[],"class_list":{"0":"post-6347","1":"product","2":"type-product","3":"status-publish","4":"has-post-thumbnail","6":"product_cat-galeria","7":"pa_artista-jair-mendes","8":"pa_estilo-figurativo-paisagem","9":"pa_tecnica-gravura-aquarelada","11":"first","12":"instock","13":"shipping-taxable","14":"product-type-simple"},"yoast_head":"<!-- This site is optimized with the Yoast SEO plugin v27.4 - https:\/\/yoast.com\/product\/yoast-seo-wordpress\/ -->\n<title>Jair Mendes - Imagens de Curitiba (Gravura) - Solar do Ros\u00e1rio Galeria \\\\\\\\Nova<\/title>\n<meta name=\"robots\" content=\"index, follow, max-snippet:-1, max-image-preview:large, max-video-preview:-1\" \/>\n<link rel=\"canonical\" href=\"https:\/\/solardorosario.com.br\/galeria\/produto\/jair-mendes-imagens-de-curitiba-gravura\/\" \/>\n<meta property=\"og:locale\" content=\"pt_BR\" \/>\n<meta property=\"og:type\" content=\"article\" \/>\n<meta property=\"og:title\" content=\"Jair Mendes - Imagens de Curitiba (Gravura) - Solar do Ros\u00e1rio Galeria \\\\\\\\Nova\" \/>\n<meta property=\"og:description\" content=\"Artista: Jair Mendes T\u00edtulo: Imagens de Curitiba - Solar do Ros\u00e1rio Dimens\u00e3o: 21x31cm T\u00e9cnica: Serigrafia aquarelada (sem moldura) &nbsp; Nasceu em S\u00e3o Jos\u00e9 do Rio Pardo - SP, em 1938. \u00c9 formado pela Escola de M\u00fasica e Belas Artes do Paran\u00e1. Fez curso de desenho com Thorstein Andersen, frequentou o ateli\u00ea livre de Guido Viaro [&hellip;]\" \/>\n<meta property=\"og:url\" content=\"https:\/\/solardorosario.com.br\/galeria\/produto\/jair-mendes-imagens-de-curitiba-gravura\/\" \/>\n<meta property=\"og:site_name\" content=\"Solar do Ros\u00e1rio Galeria \\\\\\\\Nova\" \/>\n<meta property=\"og:image\" content=\"https:\/\/solardorosario.com.br\/galeria\/wp-content\/uploads\/2025\/12\/1-Solar-do-Rosario-gravura-aquarelada-31x21cm.jpeg\" \/>\n\t<meta property=\"og:image:width\" content=\"1280\" \/>\n\t<meta property=\"og:image:height\" content=\"888\" \/>\n\t<meta property=\"og:image:type\" content=\"image\/jpeg\" \/>\n<meta name=\"twitter:card\" content=\"summary_large_image\" \/>\n<meta name=\"twitter:label1\" content=\"Est. tempo de leitura\" \/>\n\t<meta name=\"twitter:data1\" content=\"2 minutos\" \/>\n<script type=\"application\/ld+json\" class=\"yoast-schema-graph\">{\"@context\":\"https:\\\/\\\/schema.org\",\"@graph\":[{\"@type\":\"WebPage\",\"@id\":\"https:\\\/\\\/solardorosario.com.br\\\/galeria\\\/produto\\\/jair-mendes-imagens-de-curitiba-gravura\\\/\",\"url\":\"https:\\\/\\\/solardorosario.com.br\\\/galeria\\\/produto\\\/jair-mendes-imagens-de-curitiba-gravura\\\/\",\"name\":\"Jair Mendes - Imagens de Curitiba (Gravura) - Solar do Ros\u00e1rio Galeria \\\\\\\\\\\\\\\\Nova\",\"isPartOf\":{\"@id\":\"https:\\\/\\\/solardorosario.com.br\\\/galeria\\\/#website\"},\"primaryImageOfPage\":{\"@id\":\"https:\\\/\\\/solardorosario.com.br\\\/galeria\\\/produto\\\/jair-mendes-imagens-de-curitiba-gravura\\\/#primaryimage\"},\"image\":{\"@id\":\"https:\\\/\\\/solardorosario.com.br\\\/galeria\\\/produto\\\/jair-mendes-imagens-de-curitiba-gravura\\\/#primaryimage\"},\"thumbnailUrl\":\"https:\\\/\\\/solardorosario.com.br\\\/galeria\\\/wp-content\\\/uploads\\\/2025\\\/12\\\/1-Solar-do-Rosario-gravura-aquarelada-31x21cm.jpeg\",\"datePublished\":\"2025-12-04T20:15:23+00:00\",\"breadcrumb\":{\"@id\":\"https:\\\/\\\/solardorosario.com.br\\\/galeria\\\/produto\\\/jair-mendes-imagens-de-curitiba-gravura\\\/#breadcrumb\"},\"inLanguage\":\"pt-BR\",\"potentialAction\":[{\"@type\":\"ReadAction\",\"target\":[\"https:\\\/\\\/solardorosario.com.br\\\/galeria\\\/produto\\\/jair-mendes-imagens-de-curitiba-gravura\\\/\"]}]},{\"@type\":\"ImageObject\",\"inLanguage\":\"pt-BR\",\"@id\":\"https:\\\/\\\/solardorosario.com.br\\\/galeria\\\/produto\\\/jair-mendes-imagens-de-curitiba-gravura\\\/#primaryimage\",\"url\":\"https:\\\/\\\/solardorosario.com.br\\\/galeria\\\/wp-content\\\/uploads\\\/2025\\\/12\\\/1-Solar-do-Rosario-gravura-aquarelada-31x21cm.jpeg\",\"contentUrl\":\"https:\\\/\\\/solardorosario.com.br\\\/galeria\\\/wp-content\\\/uploads\\\/2025\\\/12\\\/1-Solar-do-Rosario-gravura-aquarelada-31x21cm.jpeg\",\"width\":1280,\"height\":888},{\"@type\":\"BreadcrumbList\",\"@id\":\"https:\\\/\\\/solardorosario.com.br\\\/galeria\\\/produto\\\/jair-mendes-imagens-de-curitiba-gravura\\\/#breadcrumb\",\"itemListElement\":[{\"@type\":\"ListItem\",\"position\":1,\"name\":\"In\u00edcio\",\"item\":\"https:\\\/\\\/solardorosario.com.br\\\/galeria\\\/\"},{\"@type\":\"ListItem\",\"position\":2,\"name\":\"galeria\",\"item\":\"https:\\\/\\\/solardorosario.com.br\\\/galeria\\\/galeria\\\/\"},{\"@type\":\"ListItem\",\"position\":3,\"name\":\"Jair Mendes - Imagens de Curitiba (Gravura)\"}]},{\"@type\":\"WebSite\",\"@id\":\"https:\\\/\\\/solardorosario.com.br\\\/galeria\\\/#website\",\"url\":\"https:\\\/\\\/solardorosario.com.br\\\/galeria\\\/\",\"name\":\"Solar do Ros\u00e1rio Galeria \\\\\\\\\\\\\\\\Nova\",\"description\":\"\",\"potentialAction\":[{\"@type\":\"SearchAction\",\"target\":{\"@type\":\"EntryPoint\",\"urlTemplate\":\"https:\\\/\\\/solardorosario.com.br\\\/galeria\\\/?s={search_term_string}\"},\"query-input\":{\"@type\":\"PropertyValueSpecification\",\"valueRequired\":true,\"valueName\":\"search_term_string\"}}],\"inLanguage\":\"pt-BR\"}]}<\/script>\n<!-- \/ Yoast SEO plugin. -->","yoast_head_json":{"title":"Jair Mendes - Imagens de Curitiba (Gravura) - Solar do Ros\u00e1rio Galeria \\\\\\\\Nova","robots":{"index":"index","follow":"follow","max-snippet":"max-snippet:-1","max-image-preview":"max-image-preview:large","max-video-preview":"max-video-preview:-1"},"canonical":"https:\/\/solardorosario.com.br\/galeria\/produto\/jair-mendes-imagens-de-curitiba-gravura\/","og_locale":"pt_BR","og_type":"article","og_title":"Jair Mendes - Imagens de Curitiba (Gravura) - Solar do Ros\u00e1rio Galeria \\\\\\\\Nova","og_description":"Artista: Jair Mendes T\u00edtulo: Imagens de Curitiba - Solar do Ros\u00e1rio Dimens\u00e3o: 21x31cm T\u00e9cnica: Serigrafia aquarelada (sem moldura) &nbsp; Nasceu em S\u00e3o Jos\u00e9 do Rio Pardo - SP, em 1938. \u00c9 formado pela Escola de M\u00fasica e Belas Artes do Paran\u00e1. Fez curso de desenho com Thorstein Andersen, frequentou o ateli\u00ea livre de Guido Viaro [&hellip;]","og_url":"https:\/\/solardorosario.com.br\/galeria\/produto\/jair-mendes-imagens-de-curitiba-gravura\/","og_site_name":"Solar do Ros\u00e1rio Galeria \\\\\\\\Nova","og_image":[{"width":1280,"height":888,"url":"https:\/\/solardorosario.com.br\/galeria\/wp-content\/uploads\/2025\/12\/1-Solar-do-Rosario-gravura-aquarelada-31x21cm.jpeg","type":"image\/jpeg"}],"twitter_card":"summary_large_image","twitter_misc":{"Est. tempo de leitura":"2 minutos"},"schema":{"@context":"https:\/\/schema.org","@graph":[{"@type":"WebPage","@id":"https:\/\/solardorosario.com.br\/galeria\/produto\/jair-mendes-imagens-de-curitiba-gravura\/","url":"https:\/\/solardorosario.com.br\/galeria\/produto\/jair-mendes-imagens-de-curitiba-gravura\/","name":"Jair Mendes - Imagens de Curitiba (Gravura) - Solar do Ros\u00e1rio Galeria \\\\\\\\Nova","isPartOf":{"@id":"https:\/\/solardorosario.com.br\/galeria\/#website"},"primaryImageOfPage":{"@id":"https:\/\/solardorosario.com.br\/galeria\/produto\/jair-mendes-imagens-de-curitiba-gravura\/#primaryimage"},"image":{"@id":"https:\/\/solardorosario.com.br\/galeria\/produto\/jair-mendes-imagens-de-curitiba-gravura\/#primaryimage"},"thumbnailUrl":"https:\/\/solardorosario.com.br\/galeria\/wp-content\/uploads\/2025\/12\/1-Solar-do-Rosario-gravura-aquarelada-31x21cm.jpeg","datePublished":"2025-12-04T20:15:23+00:00","breadcrumb":{"@id":"https:\/\/solardorosario.com.br\/galeria\/produto\/jair-mendes-imagens-de-curitiba-gravura\/#breadcrumb"},"inLanguage":"pt-BR","potentialAction":[{"@type":"ReadAction","target":["https:\/\/solardorosario.com.br\/galeria\/produto\/jair-mendes-imagens-de-curitiba-gravura\/"]}]},{"@type":"ImageObject","inLanguage":"pt-BR","@id":"https:\/\/solardorosario.com.br\/galeria\/produto\/jair-mendes-imagens-de-curitiba-gravura\/#primaryimage","url":"https:\/\/solardorosario.com.br\/galeria\/wp-content\/uploads\/2025\/12\/1-Solar-do-Rosario-gravura-aquarelada-31x21cm.jpeg","contentUrl":"https:\/\/solardorosario.com.br\/galeria\/wp-content\/uploads\/2025\/12\/1-Solar-do-Rosario-gravura-aquarelada-31x21cm.jpeg","width":1280,"height":888},{"@type":"BreadcrumbList","@id":"https:\/\/solardorosario.com.br\/galeria\/produto\/jair-mendes-imagens-de-curitiba-gravura\/#breadcrumb","itemListElement":[{"@type":"ListItem","position":1,"name":"In\u00edcio","item":"https:\/\/solardorosario.com.br\/galeria\/"},{"@type":"ListItem","position":2,"name":"galeria","item":"https:\/\/solardorosario.com.br\/galeria\/galeria\/"},{"@type":"ListItem","position":3,"name":"Jair Mendes - Imagens de Curitiba (Gravura)"}]},{"@type":"WebSite","@id":"https:\/\/solardorosario.com.br\/galeria\/#website","url":"https:\/\/solardorosario.com.br\/galeria\/","name":"Solar do Ros\u00e1rio Galeria \\\\\\\\Nova","description":"","potentialAction":[{"@type":"SearchAction","target":{"@type":"EntryPoint","urlTemplate":"https:\/\/solardorosario.com.br\/galeria\/?s={search_term_string}"},"query-input":{"@type":"PropertyValueSpecification","valueRequired":true,"valueName":"search_term_string"}}],"inLanguage":"pt-BR"}]}},"_links":{"self":[{"href":"https:\/\/solardorosario.com.br\/galeria\/wp-json\/wp\/v2\/product\/6347","targetHints":{"allow":["GET"]}}],"collection":[{"href":"https:\/\/solardorosario.com.br\/galeria\/wp-json\/wp\/v2\/product"}],"about":[{"href":"https:\/\/solardorosario.com.br\/galeria\/wp-json\/wp\/v2\/types\/product"}],"wp:featuredmedia":[{"embeddable":true,"href":"https:\/\/solardorosario.com.br\/galeria\/wp-json\/wp\/v2\/media\/6348"}],"wp:attachment":[{"href":"https:\/\/solardorosario.com.br\/galeria\/wp-json\/wp\/v2\/media?parent=6347"}],"wp:term":[{"taxonomy":"product_brand","embeddable":true,"href":"https:\/\/solardorosario.com.br\/galeria\/wp-json\/wp\/v2\/product_brand?post=6347"},{"taxonomy":"product_cat","embeddable":true,"href":"https:\/\/solardorosario.com.br\/galeria\/wp-json\/wp\/v2\/product_cat?post=6347"},{"taxonomy":"product_tag","embeddable":true,"href":"https:\/\/solardorosario.com.br\/galeria\/wp-json\/wp\/v2\/product_tag?post=6347"}],"curies":[{"name":"wp","href":"https:\/\/api.w.org\/{rel}","templated":true}]}}