{"id":6331,"date":"2025-12-03T10:40:37","date_gmt":"2025-12-03T13:40:37","guid":{"rendered":"https:\/\/solardorosario.com.br\/galeria\/?post_type=product&#038;p=6331"},"modified":"2025-12-03T10:40:37","modified_gmt":"2025-12-03T13:40:37","slug":"eve-ferreti-a-bruxa-reproducao-em-canvas","status":"publish","type":"product","link":"https:\/\/solardorosario.com.br\/galeria\/produto\/eve-ferreti-a-bruxa-reproducao-em-canvas\/","title":{"rendered":"Eve Ferreti - A Bruxa (reprodu\u00e7\u00e3o em canvas)"},"content":{"rendered":"<p><strong>Artista:<\/strong>\u00a0Eve Ferretti<\/p>\n<p><strong>T\u00edtulo:<\/strong> A Bruxa<\/p>\n<p><strong>Dimens\u00e3o:<\/strong> 14x24cm<\/p>\n<p><strong>T\u00e9cnica:<\/strong> Reprodu\u00e7\u00e3o em canvas (sem moldura)<\/p>\n<p>&nbsp;<\/p>\n<p>Nasceu em Curitiba - PR, e \u00e9 formada pela Universidade Federal de Santa Catarina (UFSC) em Comunica\u00e7\u00e3o Visual. \u00c9 mestre em Ilustra\u00e7\u00e3o e Anima\u00e7\u00e3o pelo Instituto do C\u00e1vado e Ave (IPCA) em Portugal. Trabalha com ilustra\u00e7\u00e3o, pintura cl\u00e1ssica e desenho, al\u00e9m de ser escritora, roteirista e anima\u00e7\u00e3o. Como ilustradora, j\u00e1 trabalhou em quase 10 livros de diversas editoras brasileiras. Recebeu Men\u00e7\u00e3o Honrosa no Pr\u00eamio de Literatura Jo\u00e3o de Barro 2014, al\u00e9m de ser selecionada para o C\u00e1tedra Unesco, de 2016. Seu curta \"Old Lady\" foi indicado para v\u00e1rios festivais, como o Anima Mundi 2015, Brasil Stopmotion, Stopmotion Canad\u00e1 etc. Recebeu tamb\u00e9m a Men\u00e7\u00e3o Honrosa na \"Mostra Olhar Brasil de Anima\u00e7\u00e3o\", no Dia Internacional da Anima\u00e7\u00e3o, tamb\u00e9m em 2015.<\/p>\n","protected":false},"excerpt":{"rendered":"<p>Artista:\u00a0Eve Ferretti T\u00edtulo: A Bruxa Dimens\u00e3o: 14x24cm T\u00e9cnica: Reprodu\u00e7\u00e3o em canvas (sem moldura) &nbsp; Nasceu em Curitiba - PR, e \u00e9 formada pela Universidade Federal de Santa Catarina (UFSC) em Comunica\u00e7\u00e3o Visual. \u00c9 mestre em Ilustra\u00e7\u00e3o e Anima\u00e7\u00e3o pelo Instituto do C\u00e1vado e Ave (IPCA) em Portugal. Trabalha com ilustra\u00e7\u00e3o, pintura cl\u00e1ssica e desenho, al\u00e9m [&hellip;]<\/p>\n","protected":false},"featured_media":6332,"template":"","meta":[],"product_brand":[],"product_cat":[16],"product_tag":[],"class_list":{"0":"post-6331","1":"product","2":"type-product","3":"status-publish","4":"has-post-thumbnail","6":"product_cat-sem-categoria","7":"pa_artista-eve-ferretti","8":"pa_estilo-figurativo","9":"pa_tecnica-reproducao-em-tela","11":"first","12":"instock","13":"shipping-taxable","14":"product-type-simple"},"yoast_head":"<!-- This site is optimized with the Yoast SEO plugin v27.4 - https:\/\/yoast.com\/product\/yoast-seo-wordpress\/ -->\n<title>Eve Ferreti - A Bruxa (reprodu\u00e7\u00e3o em canvas) - Solar do Ros\u00e1rio Galeria \\\\\\\\Nova<\/title>\n<meta name=\"robots\" content=\"index, follow, max-snippet:-1, max-image-preview:large, max-video-preview:-1\" \/>\n<link rel=\"canonical\" href=\"https:\/\/solardorosario.com.br\/galeria\/produto\/eve-ferreti-a-bruxa-reproducao-em-canvas\/\" \/>\n<meta property=\"og:locale\" content=\"pt_BR\" \/>\n<meta property=\"og:type\" content=\"article\" \/>\n<meta property=\"og:title\" content=\"Eve Ferreti - A Bruxa (reprodu\u00e7\u00e3o em canvas) - Solar do Ros\u00e1rio Galeria \\\\\\\\Nova\" \/>\n<meta property=\"og:description\" content=\"Artista:\u00a0Eve Ferretti T\u00edtulo: A Bruxa Dimens\u00e3o: 14x24cm T\u00e9cnica: Reprodu\u00e7\u00e3o em canvas (sem moldura) &nbsp; Nasceu em Curitiba - PR, e \u00e9 formada pela Universidade Federal de Santa Catarina (UFSC) em Comunica\u00e7\u00e3o Visual. \u00c9 mestre em Ilustra\u00e7\u00e3o e Anima\u00e7\u00e3o pelo Instituto do C\u00e1vado e Ave (IPCA) em Portugal. Trabalha com ilustra\u00e7\u00e3o, pintura cl\u00e1ssica e desenho, al\u00e9m [&hellip;]\" \/>\n<meta property=\"og:url\" content=\"https:\/\/solardorosario.com.br\/galeria\/produto\/eve-ferreti-a-bruxa-reproducao-em-canvas\/\" \/>\n<meta property=\"og:site_name\" content=\"Solar do Ros\u00e1rio Galeria \\\\\\\\Nova\" \/>\n<meta property=\"og:image\" content=\"https:\/\/solardorosario.com.br\/galeria\/wp-content\/uploads\/2025\/12\/1-A-Bruxa-14x24cm-reproducao-em-canvas.jpeg\" \/>\n\t<meta property=\"og:image:width\" content=\"1280\" \/>\n\t<meta property=\"og:image:height\" content=\"789\" \/>\n\t<meta property=\"og:image:type\" content=\"image\/jpeg\" \/>\n<meta name=\"twitter:card\" content=\"summary_large_image\" \/>\n<meta name=\"twitter:label1\" content=\"Est. tempo de leitura\" \/>\n\t<meta name=\"twitter:data1\" content=\"1 minuto\" \/>\n<script type=\"application\/ld+json\" class=\"yoast-schema-graph\">{\"@context\":\"https:\\\/\\\/schema.org\",\"@graph\":[{\"@type\":\"WebPage\",\"@id\":\"https:\\\/\\\/solardorosario.com.br\\\/galeria\\\/produto\\\/eve-ferreti-a-bruxa-reproducao-em-canvas\\\/\",\"url\":\"https:\\\/\\\/solardorosario.com.br\\\/galeria\\\/produto\\\/eve-ferreti-a-bruxa-reproducao-em-canvas\\\/\",\"name\":\"Eve Ferreti - A Bruxa (reprodu\u00e7\u00e3o em canvas) - Solar do Ros\u00e1rio Galeria \\\\\\\\\\\\\\\\Nova\",\"isPartOf\":{\"@id\":\"https:\\\/\\\/solardorosario.com.br\\\/galeria\\\/#website\"},\"primaryImageOfPage\":{\"@id\":\"https:\\\/\\\/solardorosario.com.br\\\/galeria\\\/produto\\\/eve-ferreti-a-bruxa-reproducao-em-canvas\\\/#primaryimage\"},\"image\":{\"@id\":\"https:\\\/\\\/solardorosario.com.br\\\/galeria\\\/produto\\\/eve-ferreti-a-bruxa-reproducao-em-canvas\\\/#primaryimage\"},\"thumbnailUrl\":\"https:\\\/\\\/solardorosario.com.br\\\/galeria\\\/wp-content\\\/uploads\\\/2025\\\/12\\\/1-A-Bruxa-14x24cm-reproducao-em-canvas.jpeg\",\"datePublished\":\"2025-12-03T13:40:37+00:00\",\"breadcrumb\":{\"@id\":\"https:\\\/\\\/solardorosario.com.br\\\/galeria\\\/produto\\\/eve-ferreti-a-bruxa-reproducao-em-canvas\\\/#breadcrumb\"},\"inLanguage\":\"pt-BR\",\"potentialAction\":[{\"@type\":\"ReadAction\",\"target\":[\"https:\\\/\\\/solardorosario.com.br\\\/galeria\\\/produto\\\/eve-ferreti-a-bruxa-reproducao-em-canvas\\\/\"]}]},{\"@type\":\"ImageObject\",\"inLanguage\":\"pt-BR\",\"@id\":\"https:\\\/\\\/solardorosario.com.br\\\/galeria\\\/produto\\\/eve-ferreti-a-bruxa-reproducao-em-canvas\\\/#primaryimage\",\"url\":\"https:\\\/\\\/solardorosario.com.br\\\/galeria\\\/wp-content\\\/uploads\\\/2025\\\/12\\\/1-A-Bruxa-14x24cm-reproducao-em-canvas.jpeg\",\"contentUrl\":\"https:\\\/\\\/solardorosario.com.br\\\/galeria\\\/wp-content\\\/uploads\\\/2025\\\/12\\\/1-A-Bruxa-14x24cm-reproducao-em-canvas.jpeg\",\"width\":1280,\"height\":789},{\"@type\":\"BreadcrumbList\",\"@id\":\"https:\\\/\\\/solardorosario.com.br\\\/galeria\\\/produto\\\/eve-ferreti-a-bruxa-reproducao-em-canvas\\\/#breadcrumb\",\"itemListElement\":[{\"@type\":\"ListItem\",\"position\":1,\"name\":\"In\u00edcio\",\"item\":\"https:\\\/\\\/solardorosario.com.br\\\/galeria\\\/\"},{\"@type\":\"ListItem\",\"position\":2,\"name\":\"galeria\",\"item\":\"https:\\\/\\\/solardorosario.com.br\\\/galeria\\\/galeria\\\/\"},{\"@type\":\"ListItem\",\"position\":3,\"name\":\"Eve Ferreti - A Bruxa (reprodu\u00e7\u00e3o em canvas)\"}]},{\"@type\":\"WebSite\",\"@id\":\"https:\\\/\\\/solardorosario.com.br\\\/galeria\\\/#website\",\"url\":\"https:\\\/\\\/solardorosario.com.br\\\/galeria\\\/\",\"name\":\"Solar do Ros\u00e1rio Galeria \\\\\\\\\\\\\\\\Nova\",\"description\":\"\",\"potentialAction\":[{\"@type\":\"SearchAction\",\"target\":{\"@type\":\"EntryPoint\",\"urlTemplate\":\"https:\\\/\\\/solardorosario.com.br\\\/galeria\\\/?s={search_term_string}\"},\"query-input\":{\"@type\":\"PropertyValueSpecification\",\"valueRequired\":true,\"valueName\":\"search_term_string\"}}],\"inLanguage\":\"pt-BR\"}]}<\/script>\n<!-- \/ Yoast SEO plugin. -->","yoast_head_json":{"title":"Eve Ferreti - A Bruxa (reprodu\u00e7\u00e3o em canvas) - Solar do Ros\u00e1rio Galeria \\\\\\\\Nova","robots":{"index":"index","follow":"follow","max-snippet":"max-snippet:-1","max-image-preview":"max-image-preview:large","max-video-preview":"max-video-preview:-1"},"canonical":"https:\/\/solardorosario.com.br\/galeria\/produto\/eve-ferreti-a-bruxa-reproducao-em-canvas\/","og_locale":"pt_BR","og_type":"article","og_title":"Eve Ferreti - A Bruxa (reprodu\u00e7\u00e3o em canvas) - Solar do Ros\u00e1rio Galeria \\\\\\\\Nova","og_description":"Artista:\u00a0Eve Ferretti T\u00edtulo: A Bruxa Dimens\u00e3o: 14x24cm T\u00e9cnica: Reprodu\u00e7\u00e3o em canvas (sem moldura) &nbsp; Nasceu em Curitiba - PR, e \u00e9 formada pela Universidade Federal de Santa Catarina (UFSC) em Comunica\u00e7\u00e3o Visual. \u00c9 mestre em Ilustra\u00e7\u00e3o e Anima\u00e7\u00e3o pelo Instituto do C\u00e1vado e Ave (IPCA) em Portugal. Trabalha com ilustra\u00e7\u00e3o, pintura cl\u00e1ssica e desenho, al\u00e9m [&hellip;]","og_url":"https:\/\/solardorosario.com.br\/galeria\/produto\/eve-ferreti-a-bruxa-reproducao-em-canvas\/","og_site_name":"Solar do Ros\u00e1rio Galeria \\\\\\\\Nova","og_image":[{"width":1280,"height":789,"url":"https:\/\/solardorosario.com.br\/galeria\/wp-content\/uploads\/2025\/12\/1-A-Bruxa-14x24cm-reproducao-em-canvas.jpeg","type":"image\/jpeg"}],"twitter_card":"summary_large_image","twitter_misc":{"Est. tempo de leitura":"1 minuto"},"schema":{"@context":"https:\/\/schema.org","@graph":[{"@type":"WebPage","@id":"https:\/\/solardorosario.com.br\/galeria\/produto\/eve-ferreti-a-bruxa-reproducao-em-canvas\/","url":"https:\/\/solardorosario.com.br\/galeria\/produto\/eve-ferreti-a-bruxa-reproducao-em-canvas\/","name":"Eve Ferreti - A Bruxa (reprodu\u00e7\u00e3o em canvas) - Solar do Ros\u00e1rio Galeria \\\\\\\\Nova","isPartOf":{"@id":"https:\/\/solardorosario.com.br\/galeria\/#website"},"primaryImageOfPage":{"@id":"https:\/\/solardorosario.com.br\/galeria\/produto\/eve-ferreti-a-bruxa-reproducao-em-canvas\/#primaryimage"},"image":{"@id":"https:\/\/solardorosario.com.br\/galeria\/produto\/eve-ferreti-a-bruxa-reproducao-em-canvas\/#primaryimage"},"thumbnailUrl":"https:\/\/solardorosario.com.br\/galeria\/wp-content\/uploads\/2025\/12\/1-A-Bruxa-14x24cm-reproducao-em-canvas.jpeg","datePublished":"2025-12-03T13:40:37+00:00","breadcrumb":{"@id":"https:\/\/solardorosario.com.br\/galeria\/produto\/eve-ferreti-a-bruxa-reproducao-em-canvas\/#breadcrumb"},"inLanguage":"pt-BR","potentialAction":[{"@type":"ReadAction","target":["https:\/\/solardorosario.com.br\/galeria\/produto\/eve-ferreti-a-bruxa-reproducao-em-canvas\/"]}]},{"@type":"ImageObject","inLanguage":"pt-BR","@id":"https:\/\/solardorosario.com.br\/galeria\/produto\/eve-ferreti-a-bruxa-reproducao-em-canvas\/#primaryimage","url":"https:\/\/solardorosario.com.br\/galeria\/wp-content\/uploads\/2025\/12\/1-A-Bruxa-14x24cm-reproducao-em-canvas.jpeg","contentUrl":"https:\/\/solardorosario.com.br\/galeria\/wp-content\/uploads\/2025\/12\/1-A-Bruxa-14x24cm-reproducao-em-canvas.jpeg","width":1280,"height":789},{"@type":"BreadcrumbList","@id":"https:\/\/solardorosario.com.br\/galeria\/produto\/eve-ferreti-a-bruxa-reproducao-em-canvas\/#breadcrumb","itemListElement":[{"@type":"ListItem","position":1,"name":"In\u00edcio","item":"https:\/\/solardorosario.com.br\/galeria\/"},{"@type":"ListItem","position":2,"name":"galeria","item":"https:\/\/solardorosario.com.br\/galeria\/galeria\/"},{"@type":"ListItem","position":3,"name":"Eve Ferreti - A Bruxa (reprodu\u00e7\u00e3o em canvas)"}]},{"@type":"WebSite","@id":"https:\/\/solardorosario.com.br\/galeria\/#website","url":"https:\/\/solardorosario.com.br\/galeria\/","name":"Solar do Ros\u00e1rio Galeria \\\\\\\\Nova","description":"","potentialAction":[{"@type":"SearchAction","target":{"@type":"EntryPoint","urlTemplate":"https:\/\/solardorosario.com.br\/galeria\/?s={search_term_string}"},"query-input":{"@type":"PropertyValueSpecification","valueRequired":true,"valueName":"search_term_string"}}],"inLanguage":"pt-BR"}]}},"_links":{"self":[{"href":"https:\/\/solardorosario.com.br\/galeria\/wp-json\/wp\/v2\/product\/6331","targetHints":{"allow":["GET"]}}],"collection":[{"href":"https:\/\/solardorosario.com.br\/galeria\/wp-json\/wp\/v2\/product"}],"about":[{"href":"https:\/\/solardorosario.com.br\/galeria\/wp-json\/wp\/v2\/types\/product"}],"wp:featuredmedia":[{"embeddable":true,"href":"https:\/\/solardorosario.com.br\/galeria\/wp-json\/wp\/v2\/media\/6332"}],"wp:attachment":[{"href":"https:\/\/solardorosario.com.br\/galeria\/wp-json\/wp\/v2\/media?parent=6331"}],"wp:term":[{"taxonomy":"product_brand","embeddable":true,"href":"https:\/\/solardorosario.com.br\/galeria\/wp-json\/wp\/v2\/product_brand?post=6331"},{"taxonomy":"product_cat","embeddable":true,"href":"https:\/\/solardorosario.com.br\/galeria\/wp-json\/wp\/v2\/product_cat?post=6331"},{"taxonomy":"product_tag","embeddable":true,"href":"https:\/\/solardorosario.com.br\/galeria\/wp-json\/wp\/v2\/product_tag?post=6331"}],"curies":[{"name":"wp","href":"https:\/\/api.w.org\/{rel}","templated":true}]}}