{"id":6295,"date":"2025-12-02T15:44:29","date_gmt":"2025-12-02T18:44:29","guid":{"rendered":"https:\/\/solardorosario.com.br\/galeria\/?post_type=product&#038;p=6295"},"modified":"2026-03-26T11:03:30","modified_gmt":"2026-03-26T14:03:30","slug":"jaqueline-braun-pinheiros","status":"publish","type":"product","link":"https:\/\/solardorosario.com.br\/galeria\/produto\/jaqueline-braun-pinheiros\/","title":{"rendered":"Jaqueline Braun - Pinheiros"},"content":{"rendered":"<p><strong>Artista:<\/strong> Jaqueline Braun<\/p>\n<p><strong>T\u00edtulo:<\/strong> Pinheiros<\/p>\n<p><strong>Dimens\u00e3o:<\/strong> 33x45cm<\/p>\n<p><strong>T\u00e9cnica:<\/strong> Gravura em metal (sem moldura)<\/p>\n<p>&nbsp;<\/p>\n<p>&nbsp;<\/p>\n<p><!--StartFragment --><\/p>\n<p class=\"pf0\"><span class=\"cf0\">Jaqueline Braun nasceu em 02\/09\/1969, em Curitiba - Paran\u00e1. Fez o magist\u00e9rio de 1985 a 1988. Fez o curso b\u00e1sico de Desenho e Pintura \u00e0 \u00d3leo, no ateli\u00ea Leo <\/span><span class=\"cf0\">Angelo<\/span> <span class=\"cf0\">Sperandi<\/span><span class=\"cf0\">. Aprendeu desenho em crayon, l\u00e1pis de cor, desenho em pastel e pintura em \u00f3leo sobre tela. <\/span><span class=\"cf0\">Fez curso de litografia no Solar do Bar\u00e3o, da Funda\u00e7\u00e3o Cultural de Curitiba, sob orienta\u00e7\u00e3o da artistas visuais e gravuristas, Denise Roman e Bernadete <\/span><span class=\"cf0\">Panek<\/span><span class=\"cf0\">. Em 1991, recebeu uma Men\u00e7\u00e3o Honrosa no VI Sal\u00e3o Paranaense de Paisagem, em Maring\u00e1 - PR, onde participou do sal\u00e3o. No ano seguinte, participou de um lan\u00e7amento de \u00e1lbum no Solar do Bar\u00e3o e na exposi\u00e7\u00e3o Curitiba Arte 8. Em 1994, participou da mostra de arte <\/span><span class=\"cf0\">Funtain<\/span><span class=\"cf0\"> Pizza Bar e em 1995, participou do <\/span><span class=\"cf0\">Incentivare<\/span><span class=\"cf0\"> II: Mostra de Litografias e Aquarelas, feitas pelo Banco do Brasil.<\/span><\/p>\n","protected":false},"excerpt":{"rendered":"<p>Artista: Jaqueline Braun T\u00edtulo: Pinheiros Dimens\u00e3o: 33x45cm T\u00e9cnica: Gravura em metal (sem moldura) &nbsp; &nbsp; Jaqueline Braun nasceu em 02\/09\/1969, em Curitiba - Paran\u00e1. Fez o magist\u00e9rio de 1985 a 1988. Fez o curso b\u00e1sico de Desenho e Pintura \u00e0 \u00d3leo, no ateli\u00ea Leo Angelo Sperandi. Aprendeu desenho em crayon, l\u00e1pis de cor, desenho em [&hellip;]<\/p>\n","protected":false},"featured_media":6296,"template":"","meta":[],"product_brand":[],"product_cat":[117],"product_tag":[],"class_list":{"0":"post-6295","1":"product","2":"type-product","3":"status-publish","4":"has-post-thumbnail","6":"product_cat-galeria","7":"pa_artista-jaqueline-braun","8":"pa_estilo-figurativo-paisagem","9":"pa_tecnica-gravura","11":"first","12":"instock","13":"shipping-taxable","14":"product-type-simple"},"yoast_head":"<!-- This site is optimized with the Yoast SEO plugin v27.4 - https:\/\/yoast.com\/product\/yoast-seo-wordpress\/ -->\n<title>Jaqueline Braun - Pinheiros - Solar do Ros\u00e1rio Galeria \\\\\\\\Nova<\/title>\n<meta name=\"robots\" content=\"index, follow, max-snippet:-1, max-image-preview:large, max-video-preview:-1\" \/>\n<link rel=\"canonical\" href=\"https:\/\/solardorosario.com.br\/galeria\/produto\/jaqueline-braun-pinheiros\/\" \/>\n<meta property=\"og:locale\" content=\"pt_BR\" \/>\n<meta property=\"og:type\" content=\"article\" \/>\n<meta property=\"og:title\" content=\"Jaqueline Braun - Pinheiros - Solar do Ros\u00e1rio Galeria \\\\\\\\Nova\" \/>\n<meta property=\"og:description\" content=\"Artista: Jaqueline Braun T\u00edtulo: Pinheiros Dimens\u00e3o: 33x45cm T\u00e9cnica: Gravura em metal (sem moldura) &nbsp; &nbsp; Jaqueline Braun nasceu em 02\/09\/1969, em Curitiba - Paran\u00e1. Fez o magist\u00e9rio de 1985 a 1988. Fez o curso b\u00e1sico de Desenho e Pintura \u00e0 \u00d3leo, no ateli\u00ea Leo Angelo Sperandi. Aprendeu desenho em crayon, l\u00e1pis de cor, desenho em [&hellip;]\" \/>\n<meta property=\"og:url\" content=\"https:\/\/solardorosario.com.br\/galeria\/produto\/jaqueline-braun-pinheiros\/\" \/>\n<meta property=\"og:site_name\" content=\"Solar do Ros\u00e1rio Galeria \\\\\\\\Nova\" \/>\n<meta property=\"article:modified_time\" content=\"2026-03-26T14:03:30+00:00\" \/>\n<meta property=\"og:image\" content=\"https:\/\/solardorosario.com.br\/galeria\/wp-content\/uploads\/2025\/12\/2-Pinheiros-gravura-em-metal-33x45cm.jpeg\" \/>\n\t<meta property=\"og:image:width\" content=\"1280\" \/>\n\t<meta property=\"og:image:height\" content=\"1023\" \/>\n\t<meta property=\"og:image:type\" content=\"image\/jpeg\" \/>\n<meta name=\"twitter:card\" content=\"summary_large_image\" \/>\n<meta name=\"twitter:label1\" content=\"Est. tempo de leitura\" \/>\n\t<meta name=\"twitter:data1\" content=\"2 minutos\" \/>\n<script type=\"application\/ld+json\" class=\"yoast-schema-graph\">{\"@context\":\"https:\\\/\\\/schema.org\",\"@graph\":[{\"@type\":\"WebPage\",\"@id\":\"https:\\\/\\\/solardorosario.com.br\\\/galeria\\\/produto\\\/jaqueline-braun-pinheiros\\\/\",\"url\":\"https:\\\/\\\/solardorosario.com.br\\\/galeria\\\/produto\\\/jaqueline-braun-pinheiros\\\/\",\"name\":\"Jaqueline Braun - Pinheiros - Solar do Ros\u00e1rio Galeria \\\\\\\\\\\\\\\\Nova\",\"isPartOf\":{\"@id\":\"https:\\\/\\\/solardorosario.com.br\\\/galeria\\\/#website\"},\"primaryImageOfPage\":{\"@id\":\"https:\\\/\\\/solardorosario.com.br\\\/galeria\\\/produto\\\/jaqueline-braun-pinheiros\\\/#primaryimage\"},\"image\":{\"@id\":\"https:\\\/\\\/solardorosario.com.br\\\/galeria\\\/produto\\\/jaqueline-braun-pinheiros\\\/#primaryimage\"},\"thumbnailUrl\":\"https:\\\/\\\/solardorosario.com.br\\\/galeria\\\/wp-content\\\/uploads\\\/2025\\\/12\\\/2-Pinheiros-gravura-em-metal-33x45cm.jpeg\",\"datePublished\":\"2025-12-02T18:44:29+00:00\",\"dateModified\":\"2026-03-26T14:03:30+00:00\",\"breadcrumb\":{\"@id\":\"https:\\\/\\\/solardorosario.com.br\\\/galeria\\\/produto\\\/jaqueline-braun-pinheiros\\\/#breadcrumb\"},\"inLanguage\":\"pt-BR\",\"potentialAction\":[{\"@type\":\"ReadAction\",\"target\":[\"https:\\\/\\\/solardorosario.com.br\\\/galeria\\\/produto\\\/jaqueline-braun-pinheiros\\\/\"]}]},{\"@type\":\"ImageObject\",\"inLanguage\":\"pt-BR\",\"@id\":\"https:\\\/\\\/solardorosario.com.br\\\/galeria\\\/produto\\\/jaqueline-braun-pinheiros\\\/#primaryimage\",\"url\":\"https:\\\/\\\/solardorosario.com.br\\\/galeria\\\/wp-content\\\/uploads\\\/2025\\\/12\\\/2-Pinheiros-gravura-em-metal-33x45cm.jpeg\",\"contentUrl\":\"https:\\\/\\\/solardorosario.com.br\\\/galeria\\\/wp-content\\\/uploads\\\/2025\\\/12\\\/2-Pinheiros-gravura-em-metal-33x45cm.jpeg\",\"width\":1280,\"height\":1023},{\"@type\":\"BreadcrumbList\",\"@id\":\"https:\\\/\\\/solardorosario.com.br\\\/galeria\\\/produto\\\/jaqueline-braun-pinheiros\\\/#breadcrumb\",\"itemListElement\":[{\"@type\":\"ListItem\",\"position\":1,\"name\":\"In\u00edcio\",\"item\":\"https:\\\/\\\/solardorosario.com.br\\\/galeria\\\/\"},{\"@type\":\"ListItem\",\"position\":2,\"name\":\"galeria\",\"item\":\"https:\\\/\\\/solardorosario.com.br\\\/galeria\\\/galeria\\\/\"},{\"@type\":\"ListItem\",\"position\":3,\"name\":\"Jaqueline Braun - Pinheiros\"}]},{\"@type\":\"WebSite\",\"@id\":\"https:\\\/\\\/solardorosario.com.br\\\/galeria\\\/#website\",\"url\":\"https:\\\/\\\/solardorosario.com.br\\\/galeria\\\/\",\"name\":\"Solar do Ros\u00e1rio Galeria \\\\\\\\\\\\\\\\Nova\",\"description\":\"\",\"potentialAction\":[{\"@type\":\"SearchAction\",\"target\":{\"@type\":\"EntryPoint\",\"urlTemplate\":\"https:\\\/\\\/solardorosario.com.br\\\/galeria\\\/?s={search_term_string}\"},\"query-input\":{\"@type\":\"PropertyValueSpecification\",\"valueRequired\":true,\"valueName\":\"search_term_string\"}}],\"inLanguage\":\"pt-BR\"}]}<\/script>\n<!-- \/ Yoast SEO plugin. -->","yoast_head_json":{"title":"Jaqueline Braun - Pinheiros - Solar do Ros\u00e1rio Galeria \\\\\\\\Nova","robots":{"index":"index","follow":"follow","max-snippet":"max-snippet:-1","max-image-preview":"max-image-preview:large","max-video-preview":"max-video-preview:-1"},"canonical":"https:\/\/solardorosario.com.br\/galeria\/produto\/jaqueline-braun-pinheiros\/","og_locale":"pt_BR","og_type":"article","og_title":"Jaqueline Braun - Pinheiros - Solar do Ros\u00e1rio Galeria \\\\\\\\Nova","og_description":"Artista: Jaqueline Braun T\u00edtulo: Pinheiros Dimens\u00e3o: 33x45cm T\u00e9cnica: Gravura em metal (sem moldura) &nbsp; &nbsp; Jaqueline Braun nasceu em 02\/09\/1969, em Curitiba - Paran\u00e1. Fez o magist\u00e9rio de 1985 a 1988. Fez o curso b\u00e1sico de Desenho e Pintura \u00e0 \u00d3leo, no ateli\u00ea Leo Angelo Sperandi. Aprendeu desenho em crayon, l\u00e1pis de cor, desenho em [&hellip;]","og_url":"https:\/\/solardorosario.com.br\/galeria\/produto\/jaqueline-braun-pinheiros\/","og_site_name":"Solar do Ros\u00e1rio Galeria \\\\\\\\Nova","article_modified_time":"2026-03-26T14:03:30+00:00","og_image":[{"width":1280,"height":1023,"url":"https:\/\/solardorosario.com.br\/galeria\/wp-content\/uploads\/2025\/12\/2-Pinheiros-gravura-em-metal-33x45cm.jpeg","type":"image\/jpeg"}],"twitter_card":"summary_large_image","twitter_misc":{"Est. tempo de leitura":"2 minutos"},"schema":{"@context":"https:\/\/schema.org","@graph":[{"@type":"WebPage","@id":"https:\/\/solardorosario.com.br\/galeria\/produto\/jaqueline-braun-pinheiros\/","url":"https:\/\/solardorosario.com.br\/galeria\/produto\/jaqueline-braun-pinheiros\/","name":"Jaqueline Braun - Pinheiros - Solar do Ros\u00e1rio Galeria \\\\\\\\Nova","isPartOf":{"@id":"https:\/\/solardorosario.com.br\/galeria\/#website"},"primaryImageOfPage":{"@id":"https:\/\/solardorosario.com.br\/galeria\/produto\/jaqueline-braun-pinheiros\/#primaryimage"},"image":{"@id":"https:\/\/solardorosario.com.br\/galeria\/produto\/jaqueline-braun-pinheiros\/#primaryimage"},"thumbnailUrl":"https:\/\/solardorosario.com.br\/galeria\/wp-content\/uploads\/2025\/12\/2-Pinheiros-gravura-em-metal-33x45cm.jpeg","datePublished":"2025-12-02T18:44:29+00:00","dateModified":"2026-03-26T14:03:30+00:00","breadcrumb":{"@id":"https:\/\/solardorosario.com.br\/galeria\/produto\/jaqueline-braun-pinheiros\/#breadcrumb"},"inLanguage":"pt-BR","potentialAction":[{"@type":"ReadAction","target":["https:\/\/solardorosario.com.br\/galeria\/produto\/jaqueline-braun-pinheiros\/"]}]},{"@type":"ImageObject","inLanguage":"pt-BR","@id":"https:\/\/solardorosario.com.br\/galeria\/produto\/jaqueline-braun-pinheiros\/#primaryimage","url":"https:\/\/solardorosario.com.br\/galeria\/wp-content\/uploads\/2025\/12\/2-Pinheiros-gravura-em-metal-33x45cm.jpeg","contentUrl":"https:\/\/solardorosario.com.br\/galeria\/wp-content\/uploads\/2025\/12\/2-Pinheiros-gravura-em-metal-33x45cm.jpeg","width":1280,"height":1023},{"@type":"BreadcrumbList","@id":"https:\/\/solardorosario.com.br\/galeria\/produto\/jaqueline-braun-pinheiros\/#breadcrumb","itemListElement":[{"@type":"ListItem","position":1,"name":"In\u00edcio","item":"https:\/\/solardorosario.com.br\/galeria\/"},{"@type":"ListItem","position":2,"name":"galeria","item":"https:\/\/solardorosario.com.br\/galeria\/galeria\/"},{"@type":"ListItem","position":3,"name":"Jaqueline Braun - Pinheiros"}]},{"@type":"WebSite","@id":"https:\/\/solardorosario.com.br\/galeria\/#website","url":"https:\/\/solardorosario.com.br\/galeria\/","name":"Solar do Ros\u00e1rio Galeria \\\\\\\\Nova","description":"","potentialAction":[{"@type":"SearchAction","target":{"@type":"EntryPoint","urlTemplate":"https:\/\/solardorosario.com.br\/galeria\/?s={search_term_string}"},"query-input":{"@type":"PropertyValueSpecification","valueRequired":true,"valueName":"search_term_string"}}],"inLanguage":"pt-BR"}]}},"_links":{"self":[{"href":"https:\/\/solardorosario.com.br\/galeria\/wp-json\/wp\/v2\/product\/6295","targetHints":{"allow":["GET"]}}],"collection":[{"href":"https:\/\/solardorosario.com.br\/galeria\/wp-json\/wp\/v2\/product"}],"about":[{"href":"https:\/\/solardorosario.com.br\/galeria\/wp-json\/wp\/v2\/types\/product"}],"wp:featuredmedia":[{"embeddable":true,"href":"https:\/\/solardorosario.com.br\/galeria\/wp-json\/wp\/v2\/media\/6296"}],"wp:attachment":[{"href":"https:\/\/solardorosario.com.br\/galeria\/wp-json\/wp\/v2\/media?parent=6295"}],"wp:term":[{"taxonomy":"product_brand","embeddable":true,"href":"https:\/\/solardorosario.com.br\/galeria\/wp-json\/wp\/v2\/product_brand?post=6295"},{"taxonomy":"product_cat","embeddable":true,"href":"https:\/\/solardorosario.com.br\/galeria\/wp-json\/wp\/v2\/product_cat?post=6295"},{"taxonomy":"product_tag","embeddable":true,"href":"https:\/\/solardorosario.com.br\/galeria\/wp-json\/wp\/v2\/product_tag?post=6295"}],"curies":[{"name":"wp","href":"https:\/\/api.w.org\/{rel}","templated":true}]}}