{"id":6288,"date":"2025-12-02T14:36:01","date_gmt":"2025-12-02T17:36:01","guid":{"rendered":"https:\/\/solardorosario.com.br\/galeria\/?post_type=product&#038;p=6288"},"modified":"2026-04-07T15:44:12","modified_gmt":"2026-04-07T18:44:12","slug":"marcia-szeliga-assim-nasceu-em-curitiba","status":"publish","type":"product","link":"https:\/\/solardorosario.com.br\/galeria\/produto\/marcia-szeliga-assim-nasceu-em-curitiba\/","title":{"rendered":"M\u00e1rcia Sz\u00e9liga - Assim Nasceu em Curitiba"},"content":{"rendered":"<p><strong>Artista:<\/strong> Marcia Sz\u00e9liga<\/p>\n<p><strong>T\u00edtulo:<\/strong> Assim Nasceu em Curitiba<\/p>\n<p><strong>Dimens\u00e3o:<\/strong>\u00a035x25cm<\/p>\n<p><strong>T\u00e9cnica:<\/strong>\u00a0Gravura (sem moldura)<\/p>\n<p>&nbsp;<\/p>\n<p>&nbsp;<\/p>\n<p>M\u00e1rcia Sz\u00e9liga nasceu em Ponta Grossa - Paran\u00e1, em 1963, mas se mudou para Curitiba em 1978, onde mora at\u00e9 hoje. \u00c9 escritora, ilustradora e artista visual. Iniciou os estudos no curso de Pintura na Escola de M\u00fasica e Belas Artes do Paran\u00e1, em 1981, e j\u00e1 fazia parte de mostras e exposi\u00e7\u00f5es coletivas. No ano seguinte, fez sua primeira exposi\u00e7\u00e3o individual, no Centro Cultural Brasil-Estados Unidos, em Curitiba. Em 1989, viajou para a Amaz\u00f4nia e conviveu pelo per\u00edodo de 3 meses com os \u00edndios Kanamari, da bacia de Juru\u00e1. Ap\u00f3s isso, foi contemplada com a bolsa de estudos do Governo polon\u00eas, para uma especializa\u00e7\u00e3o em Desenho na Academia de Belas Artes de Crac\u00f3via, e nesse per\u00edodo, al\u00e9m da especializa\u00e7\u00e3o, estudou a l\u00edngua polonesa. Em 1992, estagiou no Mus\u00e9e de l'Homme, em Paris e desenhou uma cole\u00e7\u00e3o de pe\u00e7as ind\u00edgenas brasileiras. Depois disso, lan\u00e7ou quatro livros de literatura infanto-juvenil. Participou de exposi\u00e7\u00f5es individuais, sal\u00f5es e mostras coletivas em diversos locais em Curitiba, Ponta Grossa, Foz do Igua\u00e7u e em Santos.<\/p>\n","protected":false},"excerpt":{"rendered":"<p>Artista: Marcia Sz\u00e9liga T\u00edtulo: Assim Nasceu em Curitiba Dimens\u00e3o:\u00a035x25cm T\u00e9cnica:\u00a0Gravura (sem moldura) &nbsp; &nbsp; M\u00e1rcia Sz\u00e9liga nasceu em Ponta Grossa - Paran\u00e1, em 1963, mas se mudou para Curitiba em 1978, onde mora at\u00e9 hoje. \u00c9 escritora, ilustradora e artista visual. Iniciou os estudos no curso de Pintura na Escola de M\u00fasica e Belas Artes [&hellip;]<\/p>\n","protected":false},"featured_media":6289,"template":"","meta":[],"product_brand":[],"product_cat":[117],"product_tag":[],"class_list":{"0":"post-6288","1":"product","2":"type-product","3":"status-publish","4":"has-post-thumbnail","6":"product_cat-galeria","7":"pa_artista-marcia-szeliga","8":"pa_estilo-figurativo","9":"pa_tecnica-gravura","11":"first","12":"instock","13":"shipping-taxable","14":"purchasable","15":"product-type-simple"},"yoast_head":"<!-- This site is optimized with the Yoast SEO plugin v27.4 - https:\/\/yoast.com\/product\/yoast-seo-wordpress\/ -->\n<title>M\u00e1rcia Sz\u00e9liga - Assim Nasceu em Curitiba - Solar do Ros\u00e1rio Galeria \\\\\\\\Nova<\/title>\n<meta name=\"robots\" content=\"index, follow, max-snippet:-1, max-image-preview:large, max-video-preview:-1\" \/>\n<link rel=\"canonical\" href=\"https:\/\/solardorosario.com.br\/galeria\/produto\/marcia-szeliga-assim-nasceu-em-curitiba\/\" \/>\n<meta property=\"og:locale\" content=\"pt_BR\" \/>\n<meta property=\"og:type\" content=\"article\" \/>\n<meta property=\"og:title\" content=\"M\u00e1rcia Sz\u00e9liga - Assim Nasceu em Curitiba - Solar do Ros\u00e1rio Galeria \\\\\\\\Nova\" \/>\n<meta property=\"og:description\" content=\"Artista: Marcia Sz\u00e9liga T\u00edtulo: Assim Nasceu em Curitiba Dimens\u00e3o:\u00a035x25cm T\u00e9cnica:\u00a0Gravura (sem moldura) &nbsp; &nbsp; M\u00e1rcia Sz\u00e9liga nasceu em Ponta Grossa - Paran\u00e1, em 1963, mas se mudou para Curitiba em 1978, onde mora at\u00e9 hoje. \u00c9 escritora, ilustradora e artista visual. Iniciou os estudos no curso de Pintura na Escola de M\u00fasica e Belas Artes [&hellip;]\" \/>\n<meta property=\"og:url\" content=\"https:\/\/solardorosario.com.br\/galeria\/produto\/marcia-szeliga-assim-nasceu-em-curitiba\/\" \/>\n<meta property=\"og:site_name\" content=\"Solar do Ros\u00e1rio Galeria \\\\\\\\Nova\" \/>\n<meta property=\"article:modified_time\" content=\"2026-04-07T18:44:12+00:00\" \/>\n<meta property=\"og:image\" content=\"https:\/\/solardorosario.com.br\/galeria\/wp-content\/uploads\/2025\/12\/8-Assim-Nasceu-Curitiba-35x25cm.jpeg\" \/>\n\t<meta property=\"og:image:width\" content=\"905\" \/>\n\t<meta property=\"og:image:height\" content=\"1280\" \/>\n\t<meta property=\"og:image:type\" content=\"image\/jpeg\" \/>\n<meta name=\"twitter:card\" content=\"summary_large_image\" \/>\n<meta name=\"twitter:label1\" content=\"Est. tempo de leitura\" \/>\n\t<meta name=\"twitter:data1\" content=\"2 minutos\" \/>\n<script type=\"application\/ld+json\" class=\"yoast-schema-graph\">{\"@context\":\"https:\\\/\\\/schema.org\",\"@graph\":[{\"@type\":\"WebPage\",\"@id\":\"https:\\\/\\\/solardorosario.com.br\\\/galeria\\\/produto\\\/marcia-szeliga-assim-nasceu-em-curitiba\\\/\",\"url\":\"https:\\\/\\\/solardorosario.com.br\\\/galeria\\\/produto\\\/marcia-szeliga-assim-nasceu-em-curitiba\\\/\",\"name\":\"M\u00e1rcia Sz\u00e9liga - Assim Nasceu em Curitiba - Solar do Ros\u00e1rio Galeria \\\\\\\\\\\\\\\\Nova\",\"isPartOf\":{\"@id\":\"https:\\\/\\\/solardorosario.com.br\\\/galeria\\\/#website\"},\"primaryImageOfPage\":{\"@id\":\"https:\\\/\\\/solardorosario.com.br\\\/galeria\\\/produto\\\/marcia-szeliga-assim-nasceu-em-curitiba\\\/#primaryimage\"},\"image\":{\"@id\":\"https:\\\/\\\/solardorosario.com.br\\\/galeria\\\/produto\\\/marcia-szeliga-assim-nasceu-em-curitiba\\\/#primaryimage\"},\"thumbnailUrl\":\"https:\\\/\\\/solardorosario.com.br\\\/galeria\\\/wp-content\\\/uploads\\\/2025\\\/12\\\/8-Assim-Nasceu-Curitiba-35x25cm.jpeg\",\"datePublished\":\"2025-12-02T17:36:01+00:00\",\"dateModified\":\"2026-04-07T18:44:12+00:00\",\"breadcrumb\":{\"@id\":\"https:\\\/\\\/solardorosario.com.br\\\/galeria\\\/produto\\\/marcia-szeliga-assim-nasceu-em-curitiba\\\/#breadcrumb\"},\"inLanguage\":\"pt-BR\",\"potentialAction\":[{\"@type\":\"ReadAction\",\"target\":[\"https:\\\/\\\/solardorosario.com.br\\\/galeria\\\/produto\\\/marcia-szeliga-assim-nasceu-em-curitiba\\\/\"]}]},{\"@type\":\"ImageObject\",\"inLanguage\":\"pt-BR\",\"@id\":\"https:\\\/\\\/solardorosario.com.br\\\/galeria\\\/produto\\\/marcia-szeliga-assim-nasceu-em-curitiba\\\/#primaryimage\",\"url\":\"https:\\\/\\\/solardorosario.com.br\\\/galeria\\\/wp-content\\\/uploads\\\/2025\\\/12\\\/8-Assim-Nasceu-Curitiba-35x25cm.jpeg\",\"contentUrl\":\"https:\\\/\\\/solardorosario.com.br\\\/galeria\\\/wp-content\\\/uploads\\\/2025\\\/12\\\/8-Assim-Nasceu-Curitiba-35x25cm.jpeg\",\"width\":905,\"height\":1280},{\"@type\":\"BreadcrumbList\",\"@id\":\"https:\\\/\\\/solardorosario.com.br\\\/galeria\\\/produto\\\/marcia-szeliga-assim-nasceu-em-curitiba\\\/#breadcrumb\",\"itemListElement\":[{\"@type\":\"ListItem\",\"position\":1,\"name\":\"In\u00edcio\",\"item\":\"https:\\\/\\\/solardorosario.com.br\\\/galeria\\\/\"},{\"@type\":\"ListItem\",\"position\":2,\"name\":\"galeria\",\"item\":\"https:\\\/\\\/solardorosario.com.br\\\/galeria\\\/galeria\\\/\"},{\"@type\":\"ListItem\",\"position\":3,\"name\":\"M\u00e1rcia Sz\u00e9liga - Assim Nasceu em Curitiba\"}]},{\"@type\":\"WebSite\",\"@id\":\"https:\\\/\\\/solardorosario.com.br\\\/galeria\\\/#website\",\"url\":\"https:\\\/\\\/solardorosario.com.br\\\/galeria\\\/\",\"name\":\"Solar do Ros\u00e1rio Galeria \\\\\\\\\\\\\\\\Nova\",\"description\":\"\",\"potentialAction\":[{\"@type\":\"SearchAction\",\"target\":{\"@type\":\"EntryPoint\",\"urlTemplate\":\"https:\\\/\\\/solardorosario.com.br\\\/galeria\\\/?s={search_term_string}\"},\"query-input\":{\"@type\":\"PropertyValueSpecification\",\"valueRequired\":true,\"valueName\":\"search_term_string\"}}],\"inLanguage\":\"pt-BR\"}]}<\/script>\n<!-- \/ Yoast SEO plugin. -->","yoast_head_json":{"title":"M\u00e1rcia Sz\u00e9liga - Assim Nasceu em Curitiba - Solar do Ros\u00e1rio Galeria \\\\\\\\Nova","robots":{"index":"index","follow":"follow","max-snippet":"max-snippet:-1","max-image-preview":"max-image-preview:large","max-video-preview":"max-video-preview:-1"},"canonical":"https:\/\/solardorosario.com.br\/galeria\/produto\/marcia-szeliga-assim-nasceu-em-curitiba\/","og_locale":"pt_BR","og_type":"article","og_title":"M\u00e1rcia Sz\u00e9liga - Assim Nasceu em Curitiba - Solar do Ros\u00e1rio Galeria \\\\\\\\Nova","og_description":"Artista: Marcia Sz\u00e9liga T\u00edtulo: Assim Nasceu em Curitiba Dimens\u00e3o:\u00a035x25cm T\u00e9cnica:\u00a0Gravura (sem moldura) &nbsp; &nbsp; M\u00e1rcia Sz\u00e9liga nasceu em Ponta Grossa - Paran\u00e1, em 1963, mas se mudou para Curitiba em 1978, onde mora at\u00e9 hoje. \u00c9 escritora, ilustradora e artista visual. Iniciou os estudos no curso de Pintura na Escola de M\u00fasica e Belas Artes [&hellip;]","og_url":"https:\/\/solardorosario.com.br\/galeria\/produto\/marcia-szeliga-assim-nasceu-em-curitiba\/","og_site_name":"Solar do Ros\u00e1rio Galeria \\\\\\\\Nova","article_modified_time":"2026-04-07T18:44:12+00:00","og_image":[{"width":905,"height":1280,"url":"https:\/\/solardorosario.com.br\/galeria\/wp-content\/uploads\/2025\/12\/8-Assim-Nasceu-Curitiba-35x25cm.jpeg","type":"image\/jpeg"}],"twitter_card":"summary_large_image","twitter_misc":{"Est. tempo de leitura":"2 minutos"},"schema":{"@context":"https:\/\/schema.org","@graph":[{"@type":"WebPage","@id":"https:\/\/solardorosario.com.br\/galeria\/produto\/marcia-szeliga-assim-nasceu-em-curitiba\/","url":"https:\/\/solardorosario.com.br\/galeria\/produto\/marcia-szeliga-assim-nasceu-em-curitiba\/","name":"M\u00e1rcia Sz\u00e9liga - Assim Nasceu em Curitiba - Solar do Ros\u00e1rio Galeria \\\\\\\\Nova","isPartOf":{"@id":"https:\/\/solardorosario.com.br\/galeria\/#website"},"primaryImageOfPage":{"@id":"https:\/\/solardorosario.com.br\/galeria\/produto\/marcia-szeliga-assim-nasceu-em-curitiba\/#primaryimage"},"image":{"@id":"https:\/\/solardorosario.com.br\/galeria\/produto\/marcia-szeliga-assim-nasceu-em-curitiba\/#primaryimage"},"thumbnailUrl":"https:\/\/solardorosario.com.br\/galeria\/wp-content\/uploads\/2025\/12\/8-Assim-Nasceu-Curitiba-35x25cm.jpeg","datePublished":"2025-12-02T17:36:01+00:00","dateModified":"2026-04-07T18:44:12+00:00","breadcrumb":{"@id":"https:\/\/solardorosario.com.br\/galeria\/produto\/marcia-szeliga-assim-nasceu-em-curitiba\/#breadcrumb"},"inLanguage":"pt-BR","potentialAction":[{"@type":"ReadAction","target":["https:\/\/solardorosario.com.br\/galeria\/produto\/marcia-szeliga-assim-nasceu-em-curitiba\/"]}]},{"@type":"ImageObject","inLanguage":"pt-BR","@id":"https:\/\/solardorosario.com.br\/galeria\/produto\/marcia-szeliga-assim-nasceu-em-curitiba\/#primaryimage","url":"https:\/\/solardorosario.com.br\/galeria\/wp-content\/uploads\/2025\/12\/8-Assim-Nasceu-Curitiba-35x25cm.jpeg","contentUrl":"https:\/\/solardorosario.com.br\/galeria\/wp-content\/uploads\/2025\/12\/8-Assim-Nasceu-Curitiba-35x25cm.jpeg","width":905,"height":1280},{"@type":"BreadcrumbList","@id":"https:\/\/solardorosario.com.br\/galeria\/produto\/marcia-szeliga-assim-nasceu-em-curitiba\/#breadcrumb","itemListElement":[{"@type":"ListItem","position":1,"name":"In\u00edcio","item":"https:\/\/solardorosario.com.br\/galeria\/"},{"@type":"ListItem","position":2,"name":"galeria","item":"https:\/\/solardorosario.com.br\/galeria\/galeria\/"},{"@type":"ListItem","position":3,"name":"M\u00e1rcia Sz\u00e9liga - Assim Nasceu em Curitiba"}]},{"@type":"WebSite","@id":"https:\/\/solardorosario.com.br\/galeria\/#website","url":"https:\/\/solardorosario.com.br\/galeria\/","name":"Solar do Ros\u00e1rio Galeria \\\\\\\\Nova","description":"","potentialAction":[{"@type":"SearchAction","target":{"@type":"EntryPoint","urlTemplate":"https:\/\/solardorosario.com.br\/galeria\/?s={search_term_string}"},"query-input":{"@type":"PropertyValueSpecification","valueRequired":true,"valueName":"search_term_string"}}],"inLanguage":"pt-BR"}]}},"_links":{"self":[{"href":"https:\/\/solardorosario.com.br\/galeria\/wp-json\/wp\/v2\/product\/6288","targetHints":{"allow":["GET"]}}],"collection":[{"href":"https:\/\/solardorosario.com.br\/galeria\/wp-json\/wp\/v2\/product"}],"about":[{"href":"https:\/\/solardorosario.com.br\/galeria\/wp-json\/wp\/v2\/types\/product"}],"wp:featuredmedia":[{"embeddable":true,"href":"https:\/\/solardorosario.com.br\/galeria\/wp-json\/wp\/v2\/media\/6289"}],"wp:attachment":[{"href":"https:\/\/solardorosario.com.br\/galeria\/wp-json\/wp\/v2\/media?parent=6288"}],"wp:term":[{"taxonomy":"product_brand","embeddable":true,"href":"https:\/\/solardorosario.com.br\/galeria\/wp-json\/wp\/v2\/product_brand?post=6288"},{"taxonomy":"product_cat","embeddable":true,"href":"https:\/\/solardorosario.com.br\/galeria\/wp-json\/wp\/v2\/product_cat?post=6288"},{"taxonomy":"product_tag","embeddable":true,"href":"https:\/\/solardorosario.com.br\/galeria\/wp-json\/wp\/v2\/product_tag?post=6288"}],"curies":[{"name":"wp","href":"https:\/\/api.w.org\/{rel}","templated":true}]}}