{"id":6069,"date":"2025-11-18T15:26:04","date_gmt":"2025-11-18T18:26:04","guid":{"rendered":"https:\/\/solardorosario.com.br\/galeria\/?post_type=product&#038;p=6069"},"modified":"2026-03-23T16:41:31","modified_gmt":"2026-03-23T19:41:31","slug":"di-magalhaes-feira-do-largo-da-ordem","status":"publish","type":"product","link":"https:\/\/solardorosario.com.br\/galeria\/produto\/di-magalhaes-feira-do-largo-da-ordem\/","title":{"rendered":"Di Magalh\u00e3es - Feira do Largo da Ordem"},"content":{"rendered":"<p><strong>Artista:\u00a0<\/strong>Di Magalh\u00e3es<\/p>\n<p><strong>T\u00edtulo:<\/strong> Feira do Largo da Ordem<\/p>\n<p><strong>Dimens\u00e3o:<\/strong>\u00a024x34cm<\/p>\n<p><strong>T\u00e9cnica:<\/strong>\u00a0Serigrafia (sem moldura)<\/p>\n<p>&nbsp;<\/p>\n<p>&nbsp;<\/p>\n<p>Nasceu em Goi\u00e1s - GO, 1957. Iniciou os estudos em 1968, na escola de artes Veiga Valle. \u00c9 formado na Universidade Federal de Goi\u00e1s, em Artes Pl\u00e1sticas, na \u00e1rea de pintura e gravura. Desde 1990, reside em Curitiba - PR, e possui seu ateli\u00ea, e ministra aulas de desenho e pintura. Al\u00e9m de execu\u00e7\u00e3o de cen\u00e1rios para teatros e \u00f3peras, executa trabalhos em maior escala como murais do Instituto do Patrim\u00f4nio Hist\u00f3rico e Art\u00edstico Nacional de Curitiba, e se tornou especialista. Trabalha tamb\u00e9m com pinturas de tela, desenhos em bico de pena, aquarelas, serigrafia e litografia. Fez diversas exposi\u00e7\u00f5es individuais e coletivas principalmente em Curitiba e Goi\u00e2nia, al\u00e9m de participa\u00e7\u00e3o em sal\u00f5es, como o VI Sal\u00e3o Paranaense de Paisagem, em Maring\u00e1, em 1991. Participou tamb\u00e9m do IX Festival de M\u00fasica e Artes Pl\u00e1sticas do Estado de Goi\u00e1s em 1980 e do III Encontro Cultural Universit\u00e1rio do Estado de Goi\u00e1s, em 1985.<\/p>\n","protected":false},"excerpt":{"rendered":"<p>Artista:\u00a0Di Magalh\u00e3es T\u00edtulo: Feira do Largo da Ordem Dimens\u00e3o:\u00a024x34cm T\u00e9cnica:\u00a0Serigrafia (sem moldura) &nbsp; &nbsp; Nasceu em Goi\u00e1s - GO, 1957. Iniciou os estudos em 1968, na escola de artes Veiga Valle. \u00c9 formado na Universidade Federal de Goi\u00e1s, em Artes Pl\u00e1sticas, na \u00e1rea de pintura e gravura. Desde 1990, reside em Curitiba - PR, e [&hellip;]<\/p>\n","protected":false},"featured_media":6071,"template":"","meta":[],"product_brand":[],"product_cat":[117],"product_tag":[],"class_list":{"0":"post-6069","1":"product","2":"type-product","3":"status-publish","4":"has-post-thumbnail","6":"product_cat-galeria","7":"pa_artista-di-magalhaes","8":"pa_estilo-figurativo-paisagem","9":"pa_tecnica-serigrafia","11":"first","12":"instock","13":"shipping-taxable","14":"product-type-simple"},"yoast_head":"<!-- This site is optimized with the Yoast SEO plugin v27.4 - https:\/\/yoast.com\/product\/yoast-seo-wordpress\/ -->\n<title>Di Magalh\u00e3es - Feira do Largo da Ordem - Solar do Ros\u00e1rio Galeria \\\\\\\\Nova<\/title>\n<meta name=\"robots\" content=\"index, follow, max-snippet:-1, max-image-preview:large, max-video-preview:-1\" \/>\n<link rel=\"canonical\" href=\"https:\/\/solardorosario.com.br\/galeria\/produto\/di-magalhaes-feira-do-largo-da-ordem\/\" \/>\n<meta property=\"og:locale\" content=\"pt_BR\" \/>\n<meta property=\"og:type\" content=\"article\" \/>\n<meta property=\"og:title\" content=\"Di Magalh\u00e3es - Feira do Largo da Ordem - Solar do Ros\u00e1rio Galeria \\\\\\\\Nova\" \/>\n<meta property=\"og:description\" content=\"Artista:\u00a0Di Magalh\u00e3es T\u00edtulo: Feira do Largo da Ordem Dimens\u00e3o:\u00a024x34cm T\u00e9cnica:\u00a0Serigrafia (sem moldura) &nbsp; &nbsp; Nasceu em Goi\u00e1s - GO, 1957. Iniciou os estudos em 1968, na escola de artes Veiga Valle. \u00c9 formado na Universidade Federal de Goi\u00e1s, em Artes Pl\u00e1sticas, na \u00e1rea de pintura e gravura. Desde 1990, reside em Curitiba - PR, e [&hellip;]\" \/>\n<meta property=\"og:url\" content=\"https:\/\/solardorosario.com.br\/galeria\/produto\/di-magalhaes-feira-do-largo-da-ordem\/\" \/>\n<meta property=\"og:site_name\" content=\"Solar do Ros\u00e1rio Galeria \\\\\\\\Nova\" \/>\n<meta property=\"article:modified_time\" content=\"2026-03-23T19:41:31+00:00\" \/>\n<meta property=\"og:image\" content=\"https:\/\/solardorosario.com.br\/galeria\/wp-content\/uploads\/2025\/11\/7-Feira-do-Largo-da-Ordem.jpeg\" \/>\n\t<meta property=\"og:image:width\" content=\"1280\" \/>\n\t<meta property=\"og:image:height\" content=\"923\" \/>\n\t<meta property=\"og:image:type\" content=\"image\/jpeg\" \/>\n<meta name=\"twitter:card\" content=\"summary_large_image\" \/>\n<meta name=\"twitter:label1\" content=\"Est. tempo de leitura\" \/>\n\t<meta name=\"twitter:data1\" content=\"2 minutos\" \/>\n<script type=\"application\/ld+json\" class=\"yoast-schema-graph\">{\"@context\":\"https:\\\/\\\/schema.org\",\"@graph\":[{\"@type\":\"WebPage\",\"@id\":\"https:\\\/\\\/solardorosario.com.br\\\/galeria\\\/produto\\\/di-magalhaes-feira-do-largo-da-ordem\\\/\",\"url\":\"https:\\\/\\\/solardorosario.com.br\\\/galeria\\\/produto\\\/di-magalhaes-feira-do-largo-da-ordem\\\/\",\"name\":\"Di Magalh\u00e3es - Feira do Largo da Ordem - Solar do Ros\u00e1rio Galeria \\\\\\\\\\\\\\\\Nova\",\"isPartOf\":{\"@id\":\"https:\\\/\\\/solardorosario.com.br\\\/galeria\\\/#website\"},\"primaryImageOfPage\":{\"@id\":\"https:\\\/\\\/solardorosario.com.br\\\/galeria\\\/produto\\\/di-magalhaes-feira-do-largo-da-ordem\\\/#primaryimage\"},\"image\":{\"@id\":\"https:\\\/\\\/solardorosario.com.br\\\/galeria\\\/produto\\\/di-magalhaes-feira-do-largo-da-ordem\\\/#primaryimage\"},\"thumbnailUrl\":\"https:\\\/\\\/solardorosario.com.br\\\/galeria\\\/wp-content\\\/uploads\\\/2025\\\/11\\\/7-Feira-do-Largo-da-Ordem.jpeg\",\"datePublished\":\"2025-11-18T18:26:04+00:00\",\"dateModified\":\"2026-03-23T19:41:31+00:00\",\"breadcrumb\":{\"@id\":\"https:\\\/\\\/solardorosario.com.br\\\/galeria\\\/produto\\\/di-magalhaes-feira-do-largo-da-ordem\\\/#breadcrumb\"},\"inLanguage\":\"pt-BR\",\"potentialAction\":[{\"@type\":\"ReadAction\",\"target\":[\"https:\\\/\\\/solardorosario.com.br\\\/galeria\\\/produto\\\/di-magalhaes-feira-do-largo-da-ordem\\\/\"]}]},{\"@type\":\"ImageObject\",\"inLanguage\":\"pt-BR\",\"@id\":\"https:\\\/\\\/solardorosario.com.br\\\/galeria\\\/produto\\\/di-magalhaes-feira-do-largo-da-ordem\\\/#primaryimage\",\"url\":\"https:\\\/\\\/solardorosario.com.br\\\/galeria\\\/wp-content\\\/uploads\\\/2025\\\/11\\\/7-Feira-do-Largo-da-Ordem.jpeg\",\"contentUrl\":\"https:\\\/\\\/solardorosario.com.br\\\/galeria\\\/wp-content\\\/uploads\\\/2025\\\/11\\\/7-Feira-do-Largo-da-Ordem.jpeg\",\"width\":1280,\"height\":923},{\"@type\":\"BreadcrumbList\",\"@id\":\"https:\\\/\\\/solardorosario.com.br\\\/galeria\\\/produto\\\/di-magalhaes-feira-do-largo-da-ordem\\\/#breadcrumb\",\"itemListElement\":[{\"@type\":\"ListItem\",\"position\":1,\"name\":\"In\u00edcio\",\"item\":\"https:\\\/\\\/solardorosario.com.br\\\/galeria\\\/\"},{\"@type\":\"ListItem\",\"position\":2,\"name\":\"galeria\",\"item\":\"https:\\\/\\\/solardorosario.com.br\\\/galeria\\\/galeria\\\/\"},{\"@type\":\"ListItem\",\"position\":3,\"name\":\"Di Magalh\u00e3es - Feira do Largo da Ordem\"}]},{\"@type\":\"WebSite\",\"@id\":\"https:\\\/\\\/solardorosario.com.br\\\/galeria\\\/#website\",\"url\":\"https:\\\/\\\/solardorosario.com.br\\\/galeria\\\/\",\"name\":\"Solar do Ros\u00e1rio Galeria \\\\\\\\\\\\\\\\Nova\",\"description\":\"\",\"potentialAction\":[{\"@type\":\"SearchAction\",\"target\":{\"@type\":\"EntryPoint\",\"urlTemplate\":\"https:\\\/\\\/solardorosario.com.br\\\/galeria\\\/?s={search_term_string}\"},\"query-input\":{\"@type\":\"PropertyValueSpecification\",\"valueRequired\":true,\"valueName\":\"search_term_string\"}}],\"inLanguage\":\"pt-BR\"}]}<\/script>\n<!-- \/ Yoast SEO plugin. -->","yoast_head_json":{"title":"Di Magalh\u00e3es - Feira do Largo da Ordem - Solar do Ros\u00e1rio Galeria \\\\\\\\Nova","robots":{"index":"index","follow":"follow","max-snippet":"max-snippet:-1","max-image-preview":"max-image-preview:large","max-video-preview":"max-video-preview:-1"},"canonical":"https:\/\/solardorosario.com.br\/galeria\/produto\/di-magalhaes-feira-do-largo-da-ordem\/","og_locale":"pt_BR","og_type":"article","og_title":"Di Magalh\u00e3es - Feira do Largo da Ordem - Solar do Ros\u00e1rio Galeria \\\\\\\\Nova","og_description":"Artista:\u00a0Di Magalh\u00e3es T\u00edtulo: Feira do Largo da Ordem Dimens\u00e3o:\u00a024x34cm T\u00e9cnica:\u00a0Serigrafia (sem moldura) &nbsp; &nbsp; Nasceu em Goi\u00e1s - GO, 1957. Iniciou os estudos em 1968, na escola de artes Veiga Valle. \u00c9 formado na Universidade Federal de Goi\u00e1s, em Artes Pl\u00e1sticas, na \u00e1rea de pintura e gravura. Desde 1990, reside em Curitiba - PR, e [&hellip;]","og_url":"https:\/\/solardorosario.com.br\/galeria\/produto\/di-magalhaes-feira-do-largo-da-ordem\/","og_site_name":"Solar do Ros\u00e1rio Galeria \\\\\\\\Nova","article_modified_time":"2026-03-23T19:41:31+00:00","og_image":[{"width":1280,"height":923,"url":"https:\/\/solardorosario.com.br\/galeria\/wp-content\/uploads\/2025\/11\/7-Feira-do-Largo-da-Ordem.jpeg","type":"image\/jpeg"}],"twitter_card":"summary_large_image","twitter_misc":{"Est. tempo de leitura":"2 minutos"},"schema":{"@context":"https:\/\/schema.org","@graph":[{"@type":"WebPage","@id":"https:\/\/solardorosario.com.br\/galeria\/produto\/di-magalhaes-feira-do-largo-da-ordem\/","url":"https:\/\/solardorosario.com.br\/galeria\/produto\/di-magalhaes-feira-do-largo-da-ordem\/","name":"Di Magalh\u00e3es - Feira do Largo da Ordem - Solar do Ros\u00e1rio Galeria \\\\\\\\Nova","isPartOf":{"@id":"https:\/\/solardorosario.com.br\/galeria\/#website"},"primaryImageOfPage":{"@id":"https:\/\/solardorosario.com.br\/galeria\/produto\/di-magalhaes-feira-do-largo-da-ordem\/#primaryimage"},"image":{"@id":"https:\/\/solardorosario.com.br\/galeria\/produto\/di-magalhaes-feira-do-largo-da-ordem\/#primaryimage"},"thumbnailUrl":"https:\/\/solardorosario.com.br\/galeria\/wp-content\/uploads\/2025\/11\/7-Feira-do-Largo-da-Ordem.jpeg","datePublished":"2025-11-18T18:26:04+00:00","dateModified":"2026-03-23T19:41:31+00:00","breadcrumb":{"@id":"https:\/\/solardorosario.com.br\/galeria\/produto\/di-magalhaes-feira-do-largo-da-ordem\/#breadcrumb"},"inLanguage":"pt-BR","potentialAction":[{"@type":"ReadAction","target":["https:\/\/solardorosario.com.br\/galeria\/produto\/di-magalhaes-feira-do-largo-da-ordem\/"]}]},{"@type":"ImageObject","inLanguage":"pt-BR","@id":"https:\/\/solardorosario.com.br\/galeria\/produto\/di-magalhaes-feira-do-largo-da-ordem\/#primaryimage","url":"https:\/\/solardorosario.com.br\/galeria\/wp-content\/uploads\/2025\/11\/7-Feira-do-Largo-da-Ordem.jpeg","contentUrl":"https:\/\/solardorosario.com.br\/galeria\/wp-content\/uploads\/2025\/11\/7-Feira-do-Largo-da-Ordem.jpeg","width":1280,"height":923},{"@type":"BreadcrumbList","@id":"https:\/\/solardorosario.com.br\/galeria\/produto\/di-magalhaes-feira-do-largo-da-ordem\/#breadcrumb","itemListElement":[{"@type":"ListItem","position":1,"name":"In\u00edcio","item":"https:\/\/solardorosario.com.br\/galeria\/"},{"@type":"ListItem","position":2,"name":"galeria","item":"https:\/\/solardorosario.com.br\/galeria\/galeria\/"},{"@type":"ListItem","position":3,"name":"Di Magalh\u00e3es - Feira do Largo da Ordem"}]},{"@type":"WebSite","@id":"https:\/\/solardorosario.com.br\/galeria\/#website","url":"https:\/\/solardorosario.com.br\/galeria\/","name":"Solar do Ros\u00e1rio Galeria \\\\\\\\Nova","description":"","potentialAction":[{"@type":"SearchAction","target":{"@type":"EntryPoint","urlTemplate":"https:\/\/solardorosario.com.br\/galeria\/?s={search_term_string}"},"query-input":{"@type":"PropertyValueSpecification","valueRequired":true,"valueName":"search_term_string"}}],"inLanguage":"pt-BR"}]}},"_links":{"self":[{"href":"https:\/\/solardorosario.com.br\/galeria\/wp-json\/wp\/v2\/product\/6069","targetHints":{"allow":["GET"]}}],"collection":[{"href":"https:\/\/solardorosario.com.br\/galeria\/wp-json\/wp\/v2\/product"}],"about":[{"href":"https:\/\/solardorosario.com.br\/galeria\/wp-json\/wp\/v2\/types\/product"}],"wp:featuredmedia":[{"embeddable":true,"href":"https:\/\/solardorosario.com.br\/galeria\/wp-json\/wp\/v2\/media\/6071"}],"wp:attachment":[{"href":"https:\/\/solardorosario.com.br\/galeria\/wp-json\/wp\/v2\/media?parent=6069"}],"wp:term":[{"taxonomy":"product_brand","embeddable":true,"href":"https:\/\/solardorosario.com.br\/galeria\/wp-json\/wp\/v2\/product_brand?post=6069"},{"taxonomy":"product_cat","embeddable":true,"href":"https:\/\/solardorosario.com.br\/galeria\/wp-json\/wp\/v2\/product_cat?post=6069"},{"taxonomy":"product_tag","embeddable":true,"href":"https:\/\/solardorosario.com.br\/galeria\/wp-json\/wp\/v2\/product_tag?post=6069"}],"curies":[{"name":"wp","href":"https:\/\/api.w.org\/{rel}","templated":true}]}}