{"id":6048,"date":"2025-11-18T11:19:21","date_gmt":"2025-11-18T14:19:21","guid":{"rendered":"https:\/\/solardorosario.com.br\/galeria\/?post_type=product&#038;p=6048"},"modified":"2025-12-15T15:39:09","modified_gmt":"2025-12-15T18:39:09","slug":"paula-schimidlin-sem-titulo-predio-e-ovelhas","status":"publish","type":"product","link":"https:\/\/solardorosario.com.br\/galeria\/produto\/paula-schimidlin-sem-titulo-predio-e-ovelhas\/","title":{"rendered":"Paula Schimidlin - Sem t\u00edtulo (pr\u00e9dio e ovelhas)"},"content":{"rendered":"<p><strong>Artista:<\/strong>\u00a0Paula Schmidlin<\/p>\n<p><strong>T\u00edtulo:<\/strong> Sem t\u00edtulo (pr\u00e9dio e ovelhas)<\/p>\n<p><strong>Dimens\u00e3o:\u00a0<\/strong>40x30cm<\/p>\n<p><strong>T\u00e9cnica:<\/strong>\u00a0Desenho em Nanquim com tinta acr\u00edlica sobre papel<\/p>\n<p>&nbsp;<\/p>\n<p>&nbsp;<\/p>\n<p>Paula Schmidlin \u00e9 uma artista visual paranaense. \u00c9 formada pela Pontif\u00edcia Universidade Cat\u00f3lica (PUC) em Letras, em 1973 e na Escola de M\u00fasica e Belas Artes do Paran\u00e1 (EMBAP) em Superior de Pintura, em 1979. Fez cursos livres de xilogravura e Filosofia da Arte, com Nilo Previdi, em 1960, al\u00e9m do curso Artes Pl\u00e1sticas na Educa\u00e7\u00e3o, no Museu Alfredo Andersen, em 1967. No ano seguinte, estuda Gravura em Metal, na Universidade Federal do Paran\u00e1 (UFPR), com Fernando Calderari. Recebeu pr\u00eamios como o I Pr\u00eamio de Pintura, no Sal\u00e3o de Novos, na Biblioteca P\u00fablica do Paran\u00e1, em 1966, o Pr\u00eamio Aquisi\u00e7\u00e3o dos VIII e X Sal\u00e3o de Novos, tamb\u00e9m em 1966. Em 1967, participou do Sal\u00e3o Arte da Primavera, do Clube Conc\u00f3rdia e recebeu Pr\u00eamio Aquisi\u00e7\u00e3o. Recebeu outro pr\u00eamio aquisi\u00e7\u00e3o, para o Governo do Estado do Paran\u00e1, que adquiriu \"As Prolet\u00e1rias\". Participou de diversas exposi\u00e7\u00f5es e mostras coletivas como o II Sal\u00e3o de Arte Moderna, em Bras\u00edlia - DF, o Grupo T, na Biblioteca P\u00fablica do Paran\u00e1, Coletiva Galeria APAP\/PR, 2002, Sal\u00e3o de Artes do SESC PR, em 2002, entre outras em Curitiba, Bras\u00edlia, Colombo. Mostras individuais no Brasil, desde 2003, em S\u00e3o Jos\u00e9 dos Pinhais, Colombo, Curitiba, Bras\u00edlia, Lapa.<\/p>\n","protected":false},"excerpt":{"rendered":"<p>Artista:\u00a0Paula Schmidlin T\u00edtulo: Sem t\u00edtulo (pr\u00e9dio e ovelhas) Dimens\u00e3o:\u00a040x30cm T\u00e9cnica:\u00a0Desenho em Nanquim com tinta acr\u00edlica sobre papel &nbsp; &nbsp; Paula Schmidlin \u00e9 uma artista visual paranaense. \u00c9 formada pela Pontif\u00edcia Universidade Cat\u00f3lica (PUC) em Letras, em 1973 e na Escola de M\u00fasica e Belas Artes do Paran\u00e1 (EMBAP) em Superior de Pintura, em 1979. Fez [&hellip;]<\/p>\n","protected":false},"featured_media":6049,"template":"","meta":[],"product_brand":[],"product_cat":[117],"product_tag":[],"class_list":{"0":"post-6048","1":"product","2":"type-product","3":"status-publish","4":"has-post-thumbnail","6":"product_cat-galeria","7":"pa_artista-paula-schmidlin","8":"pa_estilo-figurativo","9":"pa_estilo-figurativo-paisagem","10":"pa_tecnica-desenho-a-nanquim","11":"pa_tecnica-mista","12":"pa_tecnica-nanquim","14":"first","15":"instock","16":"shipping-taxable","17":"product-type-simple"},"yoast_head":"<!-- This site is optimized with the Yoast SEO plugin v27.4 - https:\/\/yoast.com\/product\/yoast-seo-wordpress\/ -->\n<title>Paula Schimidlin - Sem t\u00edtulo (pr\u00e9dio e ovelhas) - Solar do Ros\u00e1rio Galeria \\\\\\\\Nova<\/title>\n<meta name=\"robots\" content=\"index, follow, max-snippet:-1, max-image-preview:large, max-video-preview:-1\" \/>\n<link rel=\"canonical\" href=\"https:\/\/solardorosario.com.br\/galeria\/produto\/paula-schimidlin-sem-titulo-predio-e-ovelhas\/\" \/>\n<meta property=\"og:locale\" content=\"pt_BR\" \/>\n<meta property=\"og:type\" content=\"article\" \/>\n<meta property=\"og:title\" content=\"Paula Schimidlin - Sem t\u00edtulo (pr\u00e9dio e ovelhas) - Solar do Ros\u00e1rio Galeria \\\\\\\\Nova\" \/>\n<meta property=\"og:description\" content=\"Artista:\u00a0Paula Schmidlin T\u00edtulo: Sem t\u00edtulo (pr\u00e9dio e ovelhas) Dimens\u00e3o:\u00a040x30cm T\u00e9cnica:\u00a0Desenho em Nanquim com tinta acr\u00edlica sobre papel &nbsp; &nbsp; Paula Schmidlin \u00e9 uma artista visual paranaense. \u00c9 formada pela Pontif\u00edcia Universidade Cat\u00f3lica (PUC) em Letras, em 1973 e na Escola de M\u00fasica e Belas Artes do Paran\u00e1 (EMBAP) em Superior de Pintura, em 1979. Fez [&hellip;]\" \/>\n<meta property=\"og:url\" content=\"https:\/\/solardorosario.com.br\/galeria\/produto\/paula-schimidlin-sem-titulo-predio-e-ovelhas\/\" \/>\n<meta property=\"og:site_name\" content=\"Solar do Ros\u00e1rio Galeria \\\\\\\\Nova\" \/>\n<meta property=\"article:modified_time\" content=\"2025-12-15T18:39:09+00:00\" \/>\n<meta property=\"og:image\" content=\"https:\/\/solardorosario.com.br\/galeria\/wp-content\/uploads\/2025\/11\/18-Sem-titulo-Predio-com-ovelhas.jpeg\" \/>\n\t<meta property=\"og:image:width\" content=\"1280\" \/>\n\t<meta property=\"og:image:height\" content=\"914\" \/>\n\t<meta property=\"og:image:type\" content=\"image\/jpeg\" \/>\n<meta name=\"twitter:card\" content=\"summary_large_image\" \/>\n<meta name=\"twitter:label1\" content=\"Est. tempo de leitura\" \/>\n\t<meta name=\"twitter:data1\" content=\"2 minutos\" \/>\n<script type=\"application\/ld+json\" class=\"yoast-schema-graph\">{\"@context\":\"https:\\\/\\\/schema.org\",\"@graph\":[{\"@type\":\"WebPage\",\"@id\":\"https:\\\/\\\/solardorosario.com.br\\\/galeria\\\/produto\\\/paula-schimidlin-sem-titulo-predio-e-ovelhas\\\/\",\"url\":\"https:\\\/\\\/solardorosario.com.br\\\/galeria\\\/produto\\\/paula-schimidlin-sem-titulo-predio-e-ovelhas\\\/\",\"name\":\"Paula Schimidlin - Sem t\u00edtulo (pr\u00e9dio e ovelhas) - Solar do Ros\u00e1rio Galeria \\\\\\\\\\\\\\\\Nova\",\"isPartOf\":{\"@id\":\"https:\\\/\\\/solardorosario.com.br\\\/galeria\\\/#website\"},\"primaryImageOfPage\":{\"@id\":\"https:\\\/\\\/solardorosario.com.br\\\/galeria\\\/produto\\\/paula-schimidlin-sem-titulo-predio-e-ovelhas\\\/#primaryimage\"},\"image\":{\"@id\":\"https:\\\/\\\/solardorosario.com.br\\\/galeria\\\/produto\\\/paula-schimidlin-sem-titulo-predio-e-ovelhas\\\/#primaryimage\"},\"thumbnailUrl\":\"https:\\\/\\\/solardorosario.com.br\\\/galeria\\\/wp-content\\\/uploads\\\/2025\\\/11\\\/18-Sem-titulo-Predio-com-ovelhas.jpeg\",\"datePublished\":\"2025-11-18T14:19:21+00:00\",\"dateModified\":\"2025-12-15T18:39:09+00:00\",\"breadcrumb\":{\"@id\":\"https:\\\/\\\/solardorosario.com.br\\\/galeria\\\/produto\\\/paula-schimidlin-sem-titulo-predio-e-ovelhas\\\/#breadcrumb\"},\"inLanguage\":\"pt-BR\",\"potentialAction\":[{\"@type\":\"ReadAction\",\"target\":[\"https:\\\/\\\/solardorosario.com.br\\\/galeria\\\/produto\\\/paula-schimidlin-sem-titulo-predio-e-ovelhas\\\/\"]}]},{\"@type\":\"ImageObject\",\"inLanguage\":\"pt-BR\",\"@id\":\"https:\\\/\\\/solardorosario.com.br\\\/galeria\\\/produto\\\/paula-schimidlin-sem-titulo-predio-e-ovelhas\\\/#primaryimage\",\"url\":\"https:\\\/\\\/solardorosario.com.br\\\/galeria\\\/wp-content\\\/uploads\\\/2025\\\/11\\\/18-Sem-titulo-Predio-com-ovelhas.jpeg\",\"contentUrl\":\"https:\\\/\\\/solardorosario.com.br\\\/galeria\\\/wp-content\\\/uploads\\\/2025\\\/11\\\/18-Sem-titulo-Predio-com-ovelhas.jpeg\",\"width\":1280,\"height\":914},{\"@type\":\"BreadcrumbList\",\"@id\":\"https:\\\/\\\/solardorosario.com.br\\\/galeria\\\/produto\\\/paula-schimidlin-sem-titulo-predio-e-ovelhas\\\/#breadcrumb\",\"itemListElement\":[{\"@type\":\"ListItem\",\"position\":1,\"name\":\"In\u00edcio\",\"item\":\"https:\\\/\\\/solardorosario.com.br\\\/galeria\\\/\"},{\"@type\":\"ListItem\",\"position\":2,\"name\":\"galeria\",\"item\":\"https:\\\/\\\/solardorosario.com.br\\\/galeria\\\/galeria\\\/\"},{\"@type\":\"ListItem\",\"position\":3,\"name\":\"Paula Schimidlin - Sem t\u00edtulo (pr\u00e9dio e ovelhas)\"}]},{\"@type\":\"WebSite\",\"@id\":\"https:\\\/\\\/solardorosario.com.br\\\/galeria\\\/#website\",\"url\":\"https:\\\/\\\/solardorosario.com.br\\\/galeria\\\/\",\"name\":\"Solar do Ros\u00e1rio Galeria \\\\\\\\\\\\\\\\Nova\",\"description\":\"\",\"potentialAction\":[{\"@type\":\"SearchAction\",\"target\":{\"@type\":\"EntryPoint\",\"urlTemplate\":\"https:\\\/\\\/solardorosario.com.br\\\/galeria\\\/?s={search_term_string}\"},\"query-input\":{\"@type\":\"PropertyValueSpecification\",\"valueRequired\":true,\"valueName\":\"search_term_string\"}}],\"inLanguage\":\"pt-BR\"}]}<\/script>\n<!-- \/ Yoast SEO plugin. -->","yoast_head_json":{"title":"Paula Schimidlin - Sem t\u00edtulo (pr\u00e9dio e ovelhas) - Solar do Ros\u00e1rio Galeria \\\\\\\\Nova","robots":{"index":"index","follow":"follow","max-snippet":"max-snippet:-1","max-image-preview":"max-image-preview:large","max-video-preview":"max-video-preview:-1"},"canonical":"https:\/\/solardorosario.com.br\/galeria\/produto\/paula-schimidlin-sem-titulo-predio-e-ovelhas\/","og_locale":"pt_BR","og_type":"article","og_title":"Paula Schimidlin - Sem t\u00edtulo (pr\u00e9dio e ovelhas) - Solar do Ros\u00e1rio Galeria \\\\\\\\Nova","og_description":"Artista:\u00a0Paula Schmidlin T\u00edtulo: Sem t\u00edtulo (pr\u00e9dio e ovelhas) Dimens\u00e3o:\u00a040x30cm T\u00e9cnica:\u00a0Desenho em Nanquim com tinta acr\u00edlica sobre papel &nbsp; &nbsp; Paula Schmidlin \u00e9 uma artista visual paranaense. \u00c9 formada pela Pontif\u00edcia Universidade Cat\u00f3lica (PUC) em Letras, em 1973 e na Escola de M\u00fasica e Belas Artes do Paran\u00e1 (EMBAP) em Superior de Pintura, em 1979. Fez [&hellip;]","og_url":"https:\/\/solardorosario.com.br\/galeria\/produto\/paula-schimidlin-sem-titulo-predio-e-ovelhas\/","og_site_name":"Solar do Ros\u00e1rio Galeria \\\\\\\\Nova","article_modified_time":"2025-12-15T18:39:09+00:00","og_image":[{"width":1280,"height":914,"url":"https:\/\/solardorosario.com.br\/galeria\/wp-content\/uploads\/2025\/11\/18-Sem-titulo-Predio-com-ovelhas.jpeg","type":"image\/jpeg"}],"twitter_card":"summary_large_image","twitter_misc":{"Est. tempo de leitura":"2 minutos"},"schema":{"@context":"https:\/\/schema.org","@graph":[{"@type":"WebPage","@id":"https:\/\/solardorosario.com.br\/galeria\/produto\/paula-schimidlin-sem-titulo-predio-e-ovelhas\/","url":"https:\/\/solardorosario.com.br\/galeria\/produto\/paula-schimidlin-sem-titulo-predio-e-ovelhas\/","name":"Paula Schimidlin - Sem t\u00edtulo (pr\u00e9dio e ovelhas) - Solar do Ros\u00e1rio Galeria \\\\\\\\Nova","isPartOf":{"@id":"https:\/\/solardorosario.com.br\/galeria\/#website"},"primaryImageOfPage":{"@id":"https:\/\/solardorosario.com.br\/galeria\/produto\/paula-schimidlin-sem-titulo-predio-e-ovelhas\/#primaryimage"},"image":{"@id":"https:\/\/solardorosario.com.br\/galeria\/produto\/paula-schimidlin-sem-titulo-predio-e-ovelhas\/#primaryimage"},"thumbnailUrl":"https:\/\/solardorosario.com.br\/galeria\/wp-content\/uploads\/2025\/11\/18-Sem-titulo-Predio-com-ovelhas.jpeg","datePublished":"2025-11-18T14:19:21+00:00","dateModified":"2025-12-15T18:39:09+00:00","breadcrumb":{"@id":"https:\/\/solardorosario.com.br\/galeria\/produto\/paula-schimidlin-sem-titulo-predio-e-ovelhas\/#breadcrumb"},"inLanguage":"pt-BR","potentialAction":[{"@type":"ReadAction","target":["https:\/\/solardorosario.com.br\/galeria\/produto\/paula-schimidlin-sem-titulo-predio-e-ovelhas\/"]}]},{"@type":"ImageObject","inLanguage":"pt-BR","@id":"https:\/\/solardorosario.com.br\/galeria\/produto\/paula-schimidlin-sem-titulo-predio-e-ovelhas\/#primaryimage","url":"https:\/\/solardorosario.com.br\/galeria\/wp-content\/uploads\/2025\/11\/18-Sem-titulo-Predio-com-ovelhas.jpeg","contentUrl":"https:\/\/solardorosario.com.br\/galeria\/wp-content\/uploads\/2025\/11\/18-Sem-titulo-Predio-com-ovelhas.jpeg","width":1280,"height":914},{"@type":"BreadcrumbList","@id":"https:\/\/solardorosario.com.br\/galeria\/produto\/paula-schimidlin-sem-titulo-predio-e-ovelhas\/#breadcrumb","itemListElement":[{"@type":"ListItem","position":1,"name":"In\u00edcio","item":"https:\/\/solardorosario.com.br\/galeria\/"},{"@type":"ListItem","position":2,"name":"galeria","item":"https:\/\/solardorosario.com.br\/galeria\/galeria\/"},{"@type":"ListItem","position":3,"name":"Paula Schimidlin - Sem t\u00edtulo (pr\u00e9dio e ovelhas)"}]},{"@type":"WebSite","@id":"https:\/\/solardorosario.com.br\/galeria\/#website","url":"https:\/\/solardorosario.com.br\/galeria\/","name":"Solar do Ros\u00e1rio Galeria \\\\\\\\Nova","description":"","potentialAction":[{"@type":"SearchAction","target":{"@type":"EntryPoint","urlTemplate":"https:\/\/solardorosario.com.br\/galeria\/?s={search_term_string}"},"query-input":{"@type":"PropertyValueSpecification","valueRequired":true,"valueName":"search_term_string"}}],"inLanguage":"pt-BR"}]}},"_links":{"self":[{"href":"https:\/\/solardorosario.com.br\/galeria\/wp-json\/wp\/v2\/product\/6048","targetHints":{"allow":["GET"]}}],"collection":[{"href":"https:\/\/solardorosario.com.br\/galeria\/wp-json\/wp\/v2\/product"}],"about":[{"href":"https:\/\/solardorosario.com.br\/galeria\/wp-json\/wp\/v2\/types\/product"}],"wp:featuredmedia":[{"embeddable":true,"href":"https:\/\/solardorosario.com.br\/galeria\/wp-json\/wp\/v2\/media\/6049"}],"wp:attachment":[{"href":"https:\/\/solardorosario.com.br\/galeria\/wp-json\/wp\/v2\/media?parent=6048"}],"wp:term":[{"taxonomy":"product_brand","embeddable":true,"href":"https:\/\/solardorosario.com.br\/galeria\/wp-json\/wp\/v2\/product_brand?post=6048"},{"taxonomy":"product_cat","embeddable":true,"href":"https:\/\/solardorosario.com.br\/galeria\/wp-json\/wp\/v2\/product_cat?post=6048"},{"taxonomy":"product_tag","embeddable":true,"href":"https:\/\/solardorosario.com.br\/galeria\/wp-json\/wp\/v2\/product_tag?post=6048"}],"curies":[{"name":"wp","href":"https:\/\/api.w.org\/{rel}","templated":true}]}}