{"id":5998,"date":"2025-11-10T12:11:32","date_gmt":"2025-11-10T15:11:32","guid":{"rendered":"https:\/\/solardorosario.com.br\/galeria\/?post_type=product&#038;p=5998"},"modified":"2026-03-26T17:25:00","modified_gmt":"2026-03-26T20:25:00","slug":"kambe-sem-titulo-casal","status":"publish","type":"product","link":"https:\/\/solardorosario.com.br\/galeria\/produto\/kambe-sem-titulo-casal\/","title":{"rendered":"Kamb\u00e9 - Sem t\u00edtulo (casal)"},"content":{"rendered":"<p><strong>Artista:<\/strong> Kamb\u00e9<\/p>\n<p><strong>T\u00edtulo:<\/strong> Sem t\u00edtulo (casal)<\/p>\n<p><strong>Dimens\u00e3o:<\/strong> 38x52cm<\/p>\n<p><strong>T\u00e9cnica:<\/strong> Gravura (sem moldura)<\/p>\n<p>&nbsp;<\/p>\n<p>&nbsp;<\/p>\n<p>Cl\u00e1udio Marcelino dos Santos nasceu em Mat\u00e3o - SP, 27 de outubro de 1950. Foi criado na cidade de Camb\u00e9, no interior do Paran\u00e1 e incorporou o nome ao seu nome art\u00edstico. A partir de 1992, assina como Kamb\u00e9. \u00c9 artista visual, pintor, desenhista e ilustrador autodidata. Trabalhou como ilustrador em v\u00e1rios jornais, desde 1977, como a Folha de S\u00e3o Paulo, Jornal Opini\u00e3o, Jornal Movimento e Folhetim e Ilustrada - ed. Atica. Participou do 44\u00ba Sal\u00e3o Paranaense, em 1987 em Curitiba - PR, de exposi\u00e7\u00f5es no Museu Guido Viaro, no Museu de Arte Contempor\u00e2nea do Paran\u00e1 (MAC - PR), al\u00e9m de exposi\u00e7\u00f5es em S\u00e3o Paulo, na It\u00e1lia e em Portugal.<\/p>\n","protected":false},"excerpt":{"rendered":"<p>Artista: Kamb\u00e9 T\u00edtulo: Sem t\u00edtulo (casal) Dimens\u00e3o: 38x52cm T\u00e9cnica: Gravura (sem moldura) &nbsp; &nbsp; Cl\u00e1udio Marcelino dos Santos nasceu em Mat\u00e3o - SP, 27 de outubro de 1950. Foi criado na cidade de Camb\u00e9, no interior do Paran\u00e1 e incorporou o nome ao seu nome art\u00edstico. A partir de 1992, assina como Kamb\u00e9. \u00c9 artista [&hellip;]<\/p>\n","protected":false},"featured_media":6000,"template":"","meta":[],"product_brand":[],"product_cat":[117],"product_tag":[],"class_list":{"0":"post-5998","1":"product","2":"type-product","3":"status-publish","4":"has-post-thumbnail","6":"product_cat-galeria","7":"pa_artista-kambe","8":"pa_estilo-figurativo","9":"pa_tecnica-gravura","11":"first","12":"instock","13":"shipping-taxable","14":"product-type-simple"},"yoast_head":"<!-- This site is optimized with the Yoast SEO plugin v27.4 - https:\/\/yoast.com\/product\/yoast-seo-wordpress\/ -->\n<title>Kamb\u00e9 - Sem t\u00edtulo (casal) - Solar do Ros\u00e1rio Galeria \\\\\\\\Nova<\/title>\n<meta name=\"robots\" content=\"index, follow, max-snippet:-1, max-image-preview:large, max-video-preview:-1\" \/>\n<link rel=\"canonical\" href=\"https:\/\/solardorosario.com.br\/galeria\/produto\/kambe-sem-titulo-casal\/\" \/>\n<meta property=\"og:locale\" content=\"pt_BR\" \/>\n<meta property=\"og:type\" content=\"article\" \/>\n<meta property=\"og:title\" content=\"Kamb\u00e9 - Sem t\u00edtulo (casal) - Solar do Ros\u00e1rio Galeria \\\\\\\\Nova\" \/>\n<meta property=\"og:description\" content=\"Artista: Kamb\u00e9 T\u00edtulo: Sem t\u00edtulo (casal) Dimens\u00e3o: 38x52cm T\u00e9cnica: Gravura (sem moldura) &nbsp; &nbsp; Cl\u00e1udio Marcelino dos Santos nasceu em Mat\u00e3o - SP, 27 de outubro de 1950. Foi criado na cidade de Camb\u00e9, no interior do Paran\u00e1 e incorporou o nome ao seu nome art\u00edstico. A partir de 1992, assina como Kamb\u00e9. \u00c9 artista [&hellip;]\" \/>\n<meta property=\"og:url\" content=\"https:\/\/solardorosario.com.br\/galeria\/produto\/kambe-sem-titulo-casal\/\" \/>\n<meta property=\"og:site_name\" content=\"Solar do Ros\u00e1rio Galeria \\\\\\\\Nova\" \/>\n<meta property=\"article:modified_time\" content=\"2026-03-26T20:25:00+00:00\" \/>\n<meta property=\"og:image\" content=\"https:\/\/solardorosario.com.br\/galeria\/wp-content\/uploads\/2025\/11\/8-Sem-titulo-casal-38x52cm.jpg\" \/>\n\t<meta property=\"og:image:width\" content=\"1280\" \/>\n\t<meta property=\"og:image:height\" content=\"921\" \/>\n\t<meta property=\"og:image:type\" content=\"image\/jpeg\" \/>\n<meta name=\"twitter:card\" content=\"summary_large_image\" \/>\n<meta name=\"twitter:label1\" content=\"Est. tempo de leitura\" \/>\n\t<meta name=\"twitter:data1\" content=\"1 minuto\" \/>\n<script type=\"application\/ld+json\" class=\"yoast-schema-graph\">{\"@context\":\"https:\\\/\\\/schema.org\",\"@graph\":[{\"@type\":\"WebPage\",\"@id\":\"https:\\\/\\\/solardorosario.com.br\\\/galeria\\\/produto\\\/kambe-sem-titulo-casal\\\/\",\"url\":\"https:\\\/\\\/solardorosario.com.br\\\/galeria\\\/produto\\\/kambe-sem-titulo-casal\\\/\",\"name\":\"Kamb\u00e9 - Sem t\u00edtulo (casal) - Solar do Ros\u00e1rio Galeria \\\\\\\\\\\\\\\\Nova\",\"isPartOf\":{\"@id\":\"https:\\\/\\\/solardorosario.com.br\\\/galeria\\\/#website\"},\"primaryImageOfPage\":{\"@id\":\"https:\\\/\\\/solardorosario.com.br\\\/galeria\\\/produto\\\/kambe-sem-titulo-casal\\\/#primaryimage\"},\"image\":{\"@id\":\"https:\\\/\\\/solardorosario.com.br\\\/galeria\\\/produto\\\/kambe-sem-titulo-casal\\\/#primaryimage\"},\"thumbnailUrl\":\"https:\\\/\\\/solardorosario.com.br\\\/galeria\\\/wp-content\\\/uploads\\\/2025\\\/11\\\/8-Sem-titulo-casal-38x52cm.jpg\",\"datePublished\":\"2025-11-10T15:11:32+00:00\",\"dateModified\":\"2026-03-26T20:25:00+00:00\",\"breadcrumb\":{\"@id\":\"https:\\\/\\\/solardorosario.com.br\\\/galeria\\\/produto\\\/kambe-sem-titulo-casal\\\/#breadcrumb\"},\"inLanguage\":\"pt-BR\",\"potentialAction\":[{\"@type\":\"ReadAction\",\"target\":[\"https:\\\/\\\/solardorosario.com.br\\\/galeria\\\/produto\\\/kambe-sem-titulo-casal\\\/\"]}]},{\"@type\":\"ImageObject\",\"inLanguage\":\"pt-BR\",\"@id\":\"https:\\\/\\\/solardorosario.com.br\\\/galeria\\\/produto\\\/kambe-sem-titulo-casal\\\/#primaryimage\",\"url\":\"https:\\\/\\\/solardorosario.com.br\\\/galeria\\\/wp-content\\\/uploads\\\/2025\\\/11\\\/8-Sem-titulo-casal-38x52cm.jpg\",\"contentUrl\":\"https:\\\/\\\/solardorosario.com.br\\\/galeria\\\/wp-content\\\/uploads\\\/2025\\\/11\\\/8-Sem-titulo-casal-38x52cm.jpg\",\"width\":1280,\"height\":921},{\"@type\":\"BreadcrumbList\",\"@id\":\"https:\\\/\\\/solardorosario.com.br\\\/galeria\\\/produto\\\/kambe-sem-titulo-casal\\\/#breadcrumb\",\"itemListElement\":[{\"@type\":\"ListItem\",\"position\":1,\"name\":\"In\u00edcio\",\"item\":\"https:\\\/\\\/solardorosario.com.br\\\/galeria\\\/\"},{\"@type\":\"ListItem\",\"position\":2,\"name\":\"galeria\",\"item\":\"https:\\\/\\\/solardorosario.com.br\\\/galeria\\\/galeria\\\/\"},{\"@type\":\"ListItem\",\"position\":3,\"name\":\"Kamb\u00e9 - Sem t\u00edtulo (casal)\"}]},{\"@type\":\"WebSite\",\"@id\":\"https:\\\/\\\/solardorosario.com.br\\\/galeria\\\/#website\",\"url\":\"https:\\\/\\\/solardorosario.com.br\\\/galeria\\\/\",\"name\":\"Solar do Ros\u00e1rio Galeria \\\\\\\\\\\\\\\\Nova\",\"description\":\"\",\"potentialAction\":[{\"@type\":\"SearchAction\",\"target\":{\"@type\":\"EntryPoint\",\"urlTemplate\":\"https:\\\/\\\/solardorosario.com.br\\\/galeria\\\/?s={search_term_string}\"},\"query-input\":{\"@type\":\"PropertyValueSpecification\",\"valueRequired\":true,\"valueName\":\"search_term_string\"}}],\"inLanguage\":\"pt-BR\"}]}<\/script>\n<!-- \/ Yoast SEO plugin. -->","yoast_head_json":{"title":"Kamb\u00e9 - Sem t\u00edtulo (casal) - Solar do Ros\u00e1rio Galeria \\\\\\\\Nova","robots":{"index":"index","follow":"follow","max-snippet":"max-snippet:-1","max-image-preview":"max-image-preview:large","max-video-preview":"max-video-preview:-1"},"canonical":"https:\/\/solardorosario.com.br\/galeria\/produto\/kambe-sem-titulo-casal\/","og_locale":"pt_BR","og_type":"article","og_title":"Kamb\u00e9 - Sem t\u00edtulo (casal) - Solar do Ros\u00e1rio Galeria \\\\\\\\Nova","og_description":"Artista: Kamb\u00e9 T\u00edtulo: Sem t\u00edtulo (casal) Dimens\u00e3o: 38x52cm T\u00e9cnica: Gravura (sem moldura) &nbsp; &nbsp; Cl\u00e1udio Marcelino dos Santos nasceu em Mat\u00e3o - SP, 27 de outubro de 1950. Foi criado na cidade de Camb\u00e9, no interior do Paran\u00e1 e incorporou o nome ao seu nome art\u00edstico. A partir de 1992, assina como Kamb\u00e9. \u00c9 artista [&hellip;]","og_url":"https:\/\/solardorosario.com.br\/galeria\/produto\/kambe-sem-titulo-casal\/","og_site_name":"Solar do Ros\u00e1rio Galeria \\\\\\\\Nova","article_modified_time":"2026-03-26T20:25:00+00:00","og_image":[{"width":1280,"height":921,"url":"https:\/\/solardorosario.com.br\/galeria\/wp-content\/uploads\/2025\/11\/8-Sem-titulo-casal-38x52cm.jpg","type":"image\/jpeg"}],"twitter_card":"summary_large_image","twitter_misc":{"Est. tempo de leitura":"1 minuto"},"schema":{"@context":"https:\/\/schema.org","@graph":[{"@type":"WebPage","@id":"https:\/\/solardorosario.com.br\/galeria\/produto\/kambe-sem-titulo-casal\/","url":"https:\/\/solardorosario.com.br\/galeria\/produto\/kambe-sem-titulo-casal\/","name":"Kamb\u00e9 - Sem t\u00edtulo (casal) - Solar do Ros\u00e1rio Galeria \\\\\\\\Nova","isPartOf":{"@id":"https:\/\/solardorosario.com.br\/galeria\/#website"},"primaryImageOfPage":{"@id":"https:\/\/solardorosario.com.br\/galeria\/produto\/kambe-sem-titulo-casal\/#primaryimage"},"image":{"@id":"https:\/\/solardorosario.com.br\/galeria\/produto\/kambe-sem-titulo-casal\/#primaryimage"},"thumbnailUrl":"https:\/\/solardorosario.com.br\/galeria\/wp-content\/uploads\/2025\/11\/8-Sem-titulo-casal-38x52cm.jpg","datePublished":"2025-11-10T15:11:32+00:00","dateModified":"2026-03-26T20:25:00+00:00","breadcrumb":{"@id":"https:\/\/solardorosario.com.br\/galeria\/produto\/kambe-sem-titulo-casal\/#breadcrumb"},"inLanguage":"pt-BR","potentialAction":[{"@type":"ReadAction","target":["https:\/\/solardorosario.com.br\/galeria\/produto\/kambe-sem-titulo-casal\/"]}]},{"@type":"ImageObject","inLanguage":"pt-BR","@id":"https:\/\/solardorosario.com.br\/galeria\/produto\/kambe-sem-titulo-casal\/#primaryimage","url":"https:\/\/solardorosario.com.br\/galeria\/wp-content\/uploads\/2025\/11\/8-Sem-titulo-casal-38x52cm.jpg","contentUrl":"https:\/\/solardorosario.com.br\/galeria\/wp-content\/uploads\/2025\/11\/8-Sem-titulo-casal-38x52cm.jpg","width":1280,"height":921},{"@type":"BreadcrumbList","@id":"https:\/\/solardorosario.com.br\/galeria\/produto\/kambe-sem-titulo-casal\/#breadcrumb","itemListElement":[{"@type":"ListItem","position":1,"name":"In\u00edcio","item":"https:\/\/solardorosario.com.br\/galeria\/"},{"@type":"ListItem","position":2,"name":"galeria","item":"https:\/\/solardorosario.com.br\/galeria\/galeria\/"},{"@type":"ListItem","position":3,"name":"Kamb\u00e9 - Sem t\u00edtulo (casal)"}]},{"@type":"WebSite","@id":"https:\/\/solardorosario.com.br\/galeria\/#website","url":"https:\/\/solardorosario.com.br\/galeria\/","name":"Solar do Ros\u00e1rio Galeria \\\\\\\\Nova","description":"","potentialAction":[{"@type":"SearchAction","target":{"@type":"EntryPoint","urlTemplate":"https:\/\/solardorosario.com.br\/galeria\/?s={search_term_string}"},"query-input":{"@type":"PropertyValueSpecification","valueRequired":true,"valueName":"search_term_string"}}],"inLanguage":"pt-BR"}]}},"_links":{"self":[{"href":"https:\/\/solardorosario.com.br\/galeria\/wp-json\/wp\/v2\/product\/5998","targetHints":{"allow":["GET"]}}],"collection":[{"href":"https:\/\/solardorosario.com.br\/galeria\/wp-json\/wp\/v2\/product"}],"about":[{"href":"https:\/\/solardorosario.com.br\/galeria\/wp-json\/wp\/v2\/types\/product"}],"wp:featuredmedia":[{"embeddable":true,"href":"https:\/\/solardorosario.com.br\/galeria\/wp-json\/wp\/v2\/media\/6000"}],"wp:attachment":[{"href":"https:\/\/solardorosario.com.br\/galeria\/wp-json\/wp\/v2\/media?parent=5998"}],"wp:term":[{"taxonomy":"product_brand","embeddable":true,"href":"https:\/\/solardorosario.com.br\/galeria\/wp-json\/wp\/v2\/product_brand?post=5998"},{"taxonomy":"product_cat","embeddable":true,"href":"https:\/\/solardorosario.com.br\/galeria\/wp-json\/wp\/v2\/product_cat?post=5998"},{"taxonomy":"product_tag","embeddable":true,"href":"https:\/\/solardorosario.com.br\/galeria\/wp-json\/wp\/v2\/product_tag?post=5998"}],"curies":[{"name":"wp","href":"https:\/\/api.w.org\/{rel}","templated":true}]}}