{"id":5960,"date":"2025-11-07T16:40:25","date_gmt":"2025-11-07T19:40:25","guid":{"rendered":"https:\/\/solardorosario.com.br\/galeria\/?post_type=product&#038;p=5960"},"modified":"2025-11-07T16:40:25","modified_gmt":"2025-11-07T19:40:25","slug":"nadia-ursinhos-se-abracando-fundo-amarelo","status":"publish","type":"product","link":"https:\/\/solardorosario.com.br\/galeria\/produto\/nadia-ursinhos-se-abracando-fundo-amarelo\/","title":{"rendered":"Nadia - Ursinhos se abra\u00e7ando (fundo amarelo)"},"content":{"rendered":"<p><strong>Artista:<\/strong> Nadia<\/p>\n<p><strong>T\u00edtulo:<\/strong> Ursinhos se abra\u00e7ando (fundo amarelo)<\/p>\n<p><strong>Dimens\u00e3o:<\/strong> 16x20cm<\/p>\n<p><strong>T\u00e9cnica:<\/strong> Aquarela sobre papel (sem moldura)<\/p>\n<p>&nbsp;<\/p>\n<p><!--StartFragment --><\/p>\n<p class=\"pf0\"><!--StartFragment --><span class=\"cf0\">Nadia<\/span><span class=\"cf0\"> \u00e9 uma artista visual, nascida em S\u00e3o Paulo - SP, em 1951. Fez o curso de Desenho e Ilustra\u00e7\u00e3o da Escola Panamericana de Artes - SP. No ano seguinte, fez o curso de Decora\u00e7\u00e3o na <\/span><span class=\"cf0\">Iade<\/span><span class=\"cf0\">, em S\u00e3o Paulo. Em 1982, fez um curso de Pintura com Jaime <\/span><span class=\"cf0\">Yesquenluitta<\/span><span class=\"cf0\">, em S\u00e3o Paulo. Em 1985, fez um curso de litografia no Atelier <\/span><span class=\"cf0\">Glatt<\/span><span class=\"cf0\">, tamb\u00e9m em S\u00e3o Paulo. Em 1979, exp\u00f4s coletivamente na Galeria <\/span><span class=\"cf0\">Mirakuru<\/span><span class=\"cf0\">, em T\u00f3quio, no Jap\u00e3o, pela primeira vez. No mesmo ano, participou de uma exposi\u00e7\u00e3o na M.U.G.A. Em 1982, participou da exposi\u00e7\u00e3o coletiva na <\/span><span class=\"cf0\">Kouros<\/span> <span class=\"cf0\">Gallery<\/span><span class=\"cf0\"> em Nova York, nos Estados Unidos. Participou de exposi\u00e7\u00f5es tamb\u00e9m na <\/span><span class=\"cf0\">Taslitz<\/span> <span class=\"cf0\">Gallery<\/span><span class=\"cf0\">, em Chicago, na Casa <\/span><span class=\"cf0\">Las<\/span><span class=\"cf0\"> Am\u00e9ricas, em Cuba, no Centro de Artes e <\/span><span class=\"cf0\">Comunicacion<\/span><span class=\"cf0\">, em Buenos Aires e no Instituo de Engenharia de S\u00e3o Paulo. Em 1992, participou do 2\u00ba Sal\u00e3o de Arte ao Vivo, do Centro de Neg\u00f3cios de S\u00e3o Paulo.<\/span><\/p>\n","protected":false},"excerpt":{"rendered":"<p>Artista: Nadia T\u00edtulo: Ursinhos se abra\u00e7ando (fundo amarelo) Dimens\u00e3o: 16x20cm T\u00e9cnica: Aquarela sobre papel (sem moldura) &nbsp; Nadia \u00e9 uma artista visual, nascida em S\u00e3o Paulo - SP, em 1951. Fez o curso de Desenho e Ilustra\u00e7\u00e3o da Escola Panamericana de Artes - SP. No ano seguinte, fez o curso de Decora\u00e7\u00e3o na Iade, em [&hellip;]<\/p>\n","protected":false},"featured_media":5961,"template":"","meta":[],"product_brand":[],"product_cat":[117],"product_tag":[],"class_list":{"0":"post-5960","1":"product","2":"type-product","3":"status-publish","4":"has-post-thumbnail","6":"product_cat-galeria","7":"pa_artista-nadia","8":"pa_estilo-figurativo","9":"pa_tecnica-aquarela","11":"first","12":"instock","13":"shipping-taxable","14":"product-type-simple"},"yoast_head":"<!-- This site is optimized with the Yoast SEO plugin v27.4 - https:\/\/yoast.com\/product\/yoast-seo-wordpress\/ -->\n<title>Nadia - Ursinhos se abra\u00e7ando (fundo amarelo) - Solar do Ros\u00e1rio Galeria \\\\\\\\Nova<\/title>\n<meta name=\"robots\" content=\"index, follow, max-snippet:-1, max-image-preview:large, max-video-preview:-1\" \/>\n<link rel=\"canonical\" href=\"https:\/\/solardorosario.com.br\/galeria\/produto\/nadia-ursinhos-se-abracando-fundo-amarelo\/\" \/>\n<meta property=\"og:locale\" content=\"pt_BR\" \/>\n<meta property=\"og:type\" content=\"article\" \/>\n<meta property=\"og:title\" content=\"Nadia - Ursinhos se abra\u00e7ando (fundo amarelo) - Solar do Ros\u00e1rio Galeria \\\\\\\\Nova\" \/>\n<meta property=\"og:description\" content=\"Artista: Nadia T\u00edtulo: Ursinhos se abra\u00e7ando (fundo amarelo) Dimens\u00e3o: 16x20cm T\u00e9cnica: Aquarela sobre papel (sem moldura) &nbsp; Nadia \u00e9 uma artista visual, nascida em S\u00e3o Paulo - SP, em 1951. Fez o curso de Desenho e Ilustra\u00e7\u00e3o da Escola Panamericana de Artes - SP. No ano seguinte, fez o curso de Decora\u00e7\u00e3o na Iade, em [&hellip;]\" \/>\n<meta property=\"og:url\" content=\"https:\/\/solardorosario.com.br\/galeria\/produto\/nadia-ursinhos-se-abracando-fundo-amarelo\/\" \/>\n<meta property=\"og:site_name\" content=\"Solar do Ros\u00e1rio Galeria \\\\\\\\Nova\" \/>\n<meta property=\"og:image\" content=\"https:\/\/solardorosario.com.br\/galeria\/wp-content\/uploads\/2025\/11\/2-Ursinhos-se-abracando-fundo-amarelo.jpg\" \/>\n\t<meta property=\"og:image:width\" content=\"1073\" \/>\n\t<meta property=\"og:image:height\" content=\"1280\" \/>\n\t<meta property=\"og:image:type\" content=\"image\/jpeg\" \/>\n<meta name=\"twitter:card\" content=\"summary_large_image\" \/>\n<meta name=\"twitter:label1\" content=\"Est. tempo de leitura\" \/>\n\t<meta name=\"twitter:data1\" content=\"2 minutos\" \/>\n<script type=\"application\/ld+json\" class=\"yoast-schema-graph\">{\"@context\":\"https:\\\/\\\/schema.org\",\"@graph\":[{\"@type\":\"WebPage\",\"@id\":\"https:\\\/\\\/solardorosario.com.br\\\/galeria\\\/produto\\\/nadia-ursinhos-se-abracando-fundo-amarelo\\\/\",\"url\":\"https:\\\/\\\/solardorosario.com.br\\\/galeria\\\/produto\\\/nadia-ursinhos-se-abracando-fundo-amarelo\\\/\",\"name\":\"Nadia - Ursinhos se abra\u00e7ando (fundo amarelo) - Solar do Ros\u00e1rio Galeria \\\\\\\\\\\\\\\\Nova\",\"isPartOf\":{\"@id\":\"https:\\\/\\\/solardorosario.com.br\\\/galeria\\\/#website\"},\"primaryImageOfPage\":{\"@id\":\"https:\\\/\\\/solardorosario.com.br\\\/galeria\\\/produto\\\/nadia-ursinhos-se-abracando-fundo-amarelo\\\/#primaryimage\"},\"image\":{\"@id\":\"https:\\\/\\\/solardorosario.com.br\\\/galeria\\\/produto\\\/nadia-ursinhos-se-abracando-fundo-amarelo\\\/#primaryimage\"},\"thumbnailUrl\":\"https:\\\/\\\/solardorosario.com.br\\\/galeria\\\/wp-content\\\/uploads\\\/2025\\\/11\\\/2-Ursinhos-se-abracando-fundo-amarelo.jpg\",\"datePublished\":\"2025-11-07T19:40:25+00:00\",\"breadcrumb\":{\"@id\":\"https:\\\/\\\/solardorosario.com.br\\\/galeria\\\/produto\\\/nadia-ursinhos-se-abracando-fundo-amarelo\\\/#breadcrumb\"},\"inLanguage\":\"pt-BR\",\"potentialAction\":[{\"@type\":\"ReadAction\",\"target\":[\"https:\\\/\\\/solardorosario.com.br\\\/galeria\\\/produto\\\/nadia-ursinhos-se-abracando-fundo-amarelo\\\/\"]}]},{\"@type\":\"ImageObject\",\"inLanguage\":\"pt-BR\",\"@id\":\"https:\\\/\\\/solardorosario.com.br\\\/galeria\\\/produto\\\/nadia-ursinhos-se-abracando-fundo-amarelo\\\/#primaryimage\",\"url\":\"https:\\\/\\\/solardorosario.com.br\\\/galeria\\\/wp-content\\\/uploads\\\/2025\\\/11\\\/2-Ursinhos-se-abracando-fundo-amarelo.jpg\",\"contentUrl\":\"https:\\\/\\\/solardorosario.com.br\\\/galeria\\\/wp-content\\\/uploads\\\/2025\\\/11\\\/2-Ursinhos-se-abracando-fundo-amarelo.jpg\",\"width\":1073,\"height\":1280},{\"@type\":\"BreadcrumbList\",\"@id\":\"https:\\\/\\\/solardorosario.com.br\\\/galeria\\\/produto\\\/nadia-ursinhos-se-abracando-fundo-amarelo\\\/#breadcrumb\",\"itemListElement\":[{\"@type\":\"ListItem\",\"position\":1,\"name\":\"In\u00edcio\",\"item\":\"https:\\\/\\\/solardorosario.com.br\\\/galeria\\\/\"},{\"@type\":\"ListItem\",\"position\":2,\"name\":\"galeria\",\"item\":\"https:\\\/\\\/solardorosario.com.br\\\/galeria\\\/galeria\\\/\"},{\"@type\":\"ListItem\",\"position\":3,\"name\":\"Nadia - Ursinhos se abra\u00e7ando (fundo amarelo)\"}]},{\"@type\":\"WebSite\",\"@id\":\"https:\\\/\\\/solardorosario.com.br\\\/galeria\\\/#website\",\"url\":\"https:\\\/\\\/solardorosario.com.br\\\/galeria\\\/\",\"name\":\"Solar do Ros\u00e1rio Galeria \\\\\\\\\\\\\\\\Nova\",\"description\":\"\",\"potentialAction\":[{\"@type\":\"SearchAction\",\"target\":{\"@type\":\"EntryPoint\",\"urlTemplate\":\"https:\\\/\\\/solardorosario.com.br\\\/galeria\\\/?s={search_term_string}\"},\"query-input\":{\"@type\":\"PropertyValueSpecification\",\"valueRequired\":true,\"valueName\":\"search_term_string\"}}],\"inLanguage\":\"pt-BR\"}]}<\/script>\n<!-- \/ Yoast SEO plugin. -->","yoast_head_json":{"title":"Nadia - Ursinhos se abra\u00e7ando (fundo amarelo) - Solar do Ros\u00e1rio Galeria \\\\\\\\Nova","robots":{"index":"index","follow":"follow","max-snippet":"max-snippet:-1","max-image-preview":"max-image-preview:large","max-video-preview":"max-video-preview:-1"},"canonical":"https:\/\/solardorosario.com.br\/galeria\/produto\/nadia-ursinhos-se-abracando-fundo-amarelo\/","og_locale":"pt_BR","og_type":"article","og_title":"Nadia - Ursinhos se abra\u00e7ando (fundo amarelo) - Solar do Ros\u00e1rio Galeria \\\\\\\\Nova","og_description":"Artista: Nadia T\u00edtulo: Ursinhos se abra\u00e7ando (fundo amarelo) Dimens\u00e3o: 16x20cm T\u00e9cnica: Aquarela sobre papel (sem moldura) &nbsp; Nadia \u00e9 uma artista visual, nascida em S\u00e3o Paulo - SP, em 1951. Fez o curso de Desenho e Ilustra\u00e7\u00e3o da Escola Panamericana de Artes - SP. No ano seguinte, fez o curso de Decora\u00e7\u00e3o na Iade, em [&hellip;]","og_url":"https:\/\/solardorosario.com.br\/galeria\/produto\/nadia-ursinhos-se-abracando-fundo-amarelo\/","og_site_name":"Solar do Ros\u00e1rio Galeria \\\\\\\\Nova","og_image":[{"width":1073,"height":1280,"url":"https:\/\/solardorosario.com.br\/galeria\/wp-content\/uploads\/2025\/11\/2-Ursinhos-se-abracando-fundo-amarelo.jpg","type":"image\/jpeg"}],"twitter_card":"summary_large_image","twitter_misc":{"Est. tempo de leitura":"2 minutos"},"schema":{"@context":"https:\/\/schema.org","@graph":[{"@type":"WebPage","@id":"https:\/\/solardorosario.com.br\/galeria\/produto\/nadia-ursinhos-se-abracando-fundo-amarelo\/","url":"https:\/\/solardorosario.com.br\/galeria\/produto\/nadia-ursinhos-se-abracando-fundo-amarelo\/","name":"Nadia - Ursinhos se abra\u00e7ando (fundo amarelo) - Solar do Ros\u00e1rio Galeria \\\\\\\\Nova","isPartOf":{"@id":"https:\/\/solardorosario.com.br\/galeria\/#website"},"primaryImageOfPage":{"@id":"https:\/\/solardorosario.com.br\/galeria\/produto\/nadia-ursinhos-se-abracando-fundo-amarelo\/#primaryimage"},"image":{"@id":"https:\/\/solardorosario.com.br\/galeria\/produto\/nadia-ursinhos-se-abracando-fundo-amarelo\/#primaryimage"},"thumbnailUrl":"https:\/\/solardorosario.com.br\/galeria\/wp-content\/uploads\/2025\/11\/2-Ursinhos-se-abracando-fundo-amarelo.jpg","datePublished":"2025-11-07T19:40:25+00:00","breadcrumb":{"@id":"https:\/\/solardorosario.com.br\/galeria\/produto\/nadia-ursinhos-se-abracando-fundo-amarelo\/#breadcrumb"},"inLanguage":"pt-BR","potentialAction":[{"@type":"ReadAction","target":["https:\/\/solardorosario.com.br\/galeria\/produto\/nadia-ursinhos-se-abracando-fundo-amarelo\/"]}]},{"@type":"ImageObject","inLanguage":"pt-BR","@id":"https:\/\/solardorosario.com.br\/galeria\/produto\/nadia-ursinhos-se-abracando-fundo-amarelo\/#primaryimage","url":"https:\/\/solardorosario.com.br\/galeria\/wp-content\/uploads\/2025\/11\/2-Ursinhos-se-abracando-fundo-amarelo.jpg","contentUrl":"https:\/\/solardorosario.com.br\/galeria\/wp-content\/uploads\/2025\/11\/2-Ursinhos-se-abracando-fundo-amarelo.jpg","width":1073,"height":1280},{"@type":"BreadcrumbList","@id":"https:\/\/solardorosario.com.br\/galeria\/produto\/nadia-ursinhos-se-abracando-fundo-amarelo\/#breadcrumb","itemListElement":[{"@type":"ListItem","position":1,"name":"In\u00edcio","item":"https:\/\/solardorosario.com.br\/galeria\/"},{"@type":"ListItem","position":2,"name":"galeria","item":"https:\/\/solardorosario.com.br\/galeria\/galeria\/"},{"@type":"ListItem","position":3,"name":"Nadia - Ursinhos se abra\u00e7ando (fundo amarelo)"}]},{"@type":"WebSite","@id":"https:\/\/solardorosario.com.br\/galeria\/#website","url":"https:\/\/solardorosario.com.br\/galeria\/","name":"Solar do Ros\u00e1rio Galeria \\\\\\\\Nova","description":"","potentialAction":[{"@type":"SearchAction","target":{"@type":"EntryPoint","urlTemplate":"https:\/\/solardorosario.com.br\/galeria\/?s={search_term_string}"},"query-input":{"@type":"PropertyValueSpecification","valueRequired":true,"valueName":"search_term_string"}}],"inLanguage":"pt-BR"}]}},"_links":{"self":[{"href":"https:\/\/solardorosario.com.br\/galeria\/wp-json\/wp\/v2\/product\/5960","targetHints":{"allow":["GET"]}}],"collection":[{"href":"https:\/\/solardorosario.com.br\/galeria\/wp-json\/wp\/v2\/product"}],"about":[{"href":"https:\/\/solardorosario.com.br\/galeria\/wp-json\/wp\/v2\/types\/product"}],"wp:featuredmedia":[{"embeddable":true,"href":"https:\/\/solardorosario.com.br\/galeria\/wp-json\/wp\/v2\/media\/5961"}],"wp:attachment":[{"href":"https:\/\/solardorosario.com.br\/galeria\/wp-json\/wp\/v2\/media?parent=5960"}],"wp:term":[{"taxonomy":"product_brand","embeddable":true,"href":"https:\/\/solardorosario.com.br\/galeria\/wp-json\/wp\/v2\/product_brand?post=5960"},{"taxonomy":"product_cat","embeddable":true,"href":"https:\/\/solardorosario.com.br\/galeria\/wp-json\/wp\/v2\/product_cat?post=5960"},{"taxonomy":"product_tag","embeddable":true,"href":"https:\/\/solardorosario.com.br\/galeria\/wp-json\/wp\/v2\/product_tag?post=5960"}],"curies":[{"name":"wp","href":"https:\/\/api.w.org\/{rel}","templated":true}]}}