{"id":5945,"date":"2025-11-07T15:28:26","date_gmt":"2025-11-07T18:28:26","guid":{"rendered":"https:\/\/solardorosario.com.br\/galeria\/?post_type=product&#038;p=5945"},"modified":"2026-03-18T18:23:15","modified_gmt":"2026-03-18T21:23:15","slug":"claudia-capelli-natureza-morta-peras","status":"publish","type":"product","link":"https:\/\/solardorosario.com.br\/galeria\/produto\/claudia-capelli-natureza-morta-peras\/","title":{"rendered":"Claudia Capelli - Natureza Morta (p\u00earas)"},"content":{"rendered":"<p><strong>Artista:<\/strong> Claudia Capelli<\/p>\n<p><strong>T\u00edtulo:<\/strong> Natureza Morta (p\u00earas)<\/p>\n<p><strong>Dimens\u00e3o:<\/strong> 25x19cm<\/p>\n<p><strong>T\u00e9cnica:<\/strong> Aquarela sobre papel (sem moldura)<\/p>\n<p>&nbsp;<\/p>\n<p>&nbsp;<\/p>\n<p><!--StartFragment --><\/p>\n<p class=\"pf0\"><span class=\"cf0\">Claudia <\/span><span class=\"cf0\">Capelli<\/span><span class=\"cf0\"> \u00e9 uma artista visual nascida em 1955, no Rio de Janeiro. \u00c9 autodidata, e realiza trabalho em diversas \u00e1reas, como ilustra\u00e7\u00f5es, serigrafias, aquarelas, programa\u00e7\u00e3o visual etc. Em 1984, fez cursos de Desenho de Propaganda, no SENAC, em Bras\u00edlia - DF, e tamb\u00e9m de Desenho de Arquitetura no SENAI. No ano seguinte, fez Hist\u00f3rias em Quadrinhos, na Universidade de Bras\u00edlia (UNB). Em 1989, fez o curso de Introdu\u00e7\u00e3o a Linguagem das Hist\u00f3rias em Quadrinhos, na Funda\u00e7\u00e3o Nacional do Livro Infantil, no Rio de Janeiro. Em 1989, fez aulas de desenho e pintura na Escola de Artes Visuais do Parque Lage, com Cristina Salgado e com Beatriz <\/span><span class=\"cf0\">Milhases<\/span><span class=\"cf0\">, no Rio de Janeiro. Em 1992, fez sua primeira exposi\u00e7\u00e3o individual, no Espa\u00e7o Manjeric\u00e3o, em Teres\u00f3polis. Desde 1990, participou de exposi\u00e7\u00f5es coletivas, como a de Nova Aquarela, pelo Instituto Cultural Brasil Argentina, a Mostra Espa\u00e7o Arte, da Barra da Tijuca e a exposi\u00e7\u00e3o da Caixa Econ\u00f4mica Federal, de Teres\u00f3polis.<\/span><\/p>\n","protected":false},"excerpt":{"rendered":"<p>Artista: Claudia Capelli T\u00edtulo: Natureza Morta (p\u00earas) Dimens\u00e3o: 25x19cm T\u00e9cnica: Aquarela sobre papel (sem moldura) &nbsp; &nbsp; Claudia Capelli \u00e9 uma artista visual nascida em 1955, no Rio de Janeiro. \u00c9 autodidata, e realiza trabalho em diversas \u00e1reas, como ilustra\u00e7\u00f5es, serigrafias, aquarelas, programa\u00e7\u00e3o visual etc. Em 1984, fez cursos de Desenho de Propaganda, no SENAC, [&hellip;]<\/p>\n","protected":false},"featured_media":5946,"template":"","meta":[],"product_brand":[],"product_cat":[117],"product_tag":[],"class_list":{"0":"post-5945","1":"product","2":"type-product","3":"status-publish","4":"has-post-thumbnail","6":"product_cat-galeria","7":"pa_artista-claudia-capelli","8":"pa_estilo-natureza-morta","9":"pa_tecnica-aquarela","11":"first","12":"instock","13":"shipping-taxable","14":"product-type-simple"},"yoast_head":"<!-- This site is optimized with the Yoast SEO plugin v27.4 - https:\/\/yoast.com\/product\/yoast-seo-wordpress\/ -->\n<title>Claudia Capelli - Natureza Morta (p\u00earas) - Solar do Ros\u00e1rio Galeria \\\\\\\\Nova<\/title>\n<meta name=\"robots\" content=\"index, follow, max-snippet:-1, max-image-preview:large, max-video-preview:-1\" \/>\n<link rel=\"canonical\" href=\"https:\/\/solardorosario.com.br\/galeria\/produto\/claudia-capelli-natureza-morta-peras\/\" \/>\n<meta property=\"og:locale\" content=\"pt_BR\" \/>\n<meta property=\"og:type\" content=\"article\" \/>\n<meta property=\"og:title\" content=\"Claudia Capelli - Natureza Morta (p\u00earas) - Solar do Ros\u00e1rio Galeria \\\\\\\\Nova\" \/>\n<meta property=\"og:description\" content=\"Artista: Claudia Capelli T\u00edtulo: Natureza Morta (p\u00earas) Dimens\u00e3o: 25x19cm T\u00e9cnica: Aquarela sobre papel (sem moldura) &nbsp; &nbsp; Claudia Capelli \u00e9 uma artista visual nascida em 1955, no Rio de Janeiro. \u00c9 autodidata, e realiza trabalho em diversas \u00e1reas, como ilustra\u00e7\u00f5es, serigrafias, aquarelas, programa\u00e7\u00e3o visual etc. Em 1984, fez cursos de Desenho de Propaganda, no SENAC, [&hellip;]\" \/>\n<meta property=\"og:url\" content=\"https:\/\/solardorosario.com.br\/galeria\/produto\/claudia-capelli-natureza-morta-peras\/\" \/>\n<meta property=\"og:site_name\" content=\"Solar do Ros\u00e1rio Galeria \\\\\\\\Nova\" \/>\n<meta property=\"article:modified_time\" content=\"2026-03-18T21:23:15+00:00\" \/>\n<meta property=\"og:image\" content=\"https:\/\/solardorosario.com.br\/galeria\/wp-content\/uploads\/2025\/11\/3-Natureza-Morta-peras-25x19cm.jpg\" \/>\n\t<meta property=\"og:image:width\" content=\"953\" \/>\n\t<meta property=\"og:image:height\" content=\"1280\" \/>\n\t<meta property=\"og:image:type\" content=\"image\/jpeg\" \/>\n<meta name=\"twitter:card\" content=\"summary_large_image\" \/>\n<meta name=\"twitter:label1\" content=\"Est. tempo de leitura\" \/>\n\t<meta name=\"twitter:data1\" content=\"2 minutos\" \/>\n<script type=\"application\/ld+json\" class=\"yoast-schema-graph\">{\"@context\":\"https:\\\/\\\/schema.org\",\"@graph\":[{\"@type\":\"WebPage\",\"@id\":\"https:\\\/\\\/solardorosario.com.br\\\/galeria\\\/produto\\\/claudia-capelli-natureza-morta-peras\\\/\",\"url\":\"https:\\\/\\\/solardorosario.com.br\\\/galeria\\\/produto\\\/claudia-capelli-natureza-morta-peras\\\/\",\"name\":\"Claudia Capelli - Natureza Morta (p\u00earas) - Solar do Ros\u00e1rio Galeria \\\\\\\\\\\\\\\\Nova\",\"isPartOf\":{\"@id\":\"https:\\\/\\\/solardorosario.com.br\\\/galeria\\\/#website\"},\"primaryImageOfPage\":{\"@id\":\"https:\\\/\\\/solardorosario.com.br\\\/galeria\\\/produto\\\/claudia-capelli-natureza-morta-peras\\\/#primaryimage\"},\"image\":{\"@id\":\"https:\\\/\\\/solardorosario.com.br\\\/galeria\\\/produto\\\/claudia-capelli-natureza-morta-peras\\\/#primaryimage\"},\"thumbnailUrl\":\"https:\\\/\\\/solardorosario.com.br\\\/galeria\\\/wp-content\\\/uploads\\\/2025\\\/11\\\/3-Natureza-Morta-peras-25x19cm.jpg\",\"datePublished\":\"2025-11-07T18:28:26+00:00\",\"dateModified\":\"2026-03-18T21:23:15+00:00\",\"breadcrumb\":{\"@id\":\"https:\\\/\\\/solardorosario.com.br\\\/galeria\\\/produto\\\/claudia-capelli-natureza-morta-peras\\\/#breadcrumb\"},\"inLanguage\":\"pt-BR\",\"potentialAction\":[{\"@type\":\"ReadAction\",\"target\":[\"https:\\\/\\\/solardorosario.com.br\\\/galeria\\\/produto\\\/claudia-capelli-natureza-morta-peras\\\/\"]}]},{\"@type\":\"ImageObject\",\"inLanguage\":\"pt-BR\",\"@id\":\"https:\\\/\\\/solardorosario.com.br\\\/galeria\\\/produto\\\/claudia-capelli-natureza-morta-peras\\\/#primaryimage\",\"url\":\"https:\\\/\\\/solardorosario.com.br\\\/galeria\\\/wp-content\\\/uploads\\\/2025\\\/11\\\/3-Natureza-Morta-peras-25x19cm.jpg\",\"contentUrl\":\"https:\\\/\\\/solardorosario.com.br\\\/galeria\\\/wp-content\\\/uploads\\\/2025\\\/11\\\/3-Natureza-Morta-peras-25x19cm.jpg\",\"width\":953,\"height\":1280},{\"@type\":\"BreadcrumbList\",\"@id\":\"https:\\\/\\\/solardorosario.com.br\\\/galeria\\\/produto\\\/claudia-capelli-natureza-morta-peras\\\/#breadcrumb\",\"itemListElement\":[{\"@type\":\"ListItem\",\"position\":1,\"name\":\"In\u00edcio\",\"item\":\"https:\\\/\\\/solardorosario.com.br\\\/galeria\\\/\"},{\"@type\":\"ListItem\",\"position\":2,\"name\":\"galeria\",\"item\":\"https:\\\/\\\/solardorosario.com.br\\\/galeria\\\/galeria\\\/\"},{\"@type\":\"ListItem\",\"position\":3,\"name\":\"Claudia Capelli - Natureza Morta (p\u00earas)\"}]},{\"@type\":\"WebSite\",\"@id\":\"https:\\\/\\\/solardorosario.com.br\\\/galeria\\\/#website\",\"url\":\"https:\\\/\\\/solardorosario.com.br\\\/galeria\\\/\",\"name\":\"Solar do Ros\u00e1rio Galeria \\\\\\\\\\\\\\\\Nova\",\"description\":\"\",\"potentialAction\":[{\"@type\":\"SearchAction\",\"target\":{\"@type\":\"EntryPoint\",\"urlTemplate\":\"https:\\\/\\\/solardorosario.com.br\\\/galeria\\\/?s={search_term_string}\"},\"query-input\":{\"@type\":\"PropertyValueSpecification\",\"valueRequired\":true,\"valueName\":\"search_term_string\"}}],\"inLanguage\":\"pt-BR\"}]}<\/script>\n<!-- \/ Yoast SEO plugin. -->","yoast_head_json":{"title":"Claudia Capelli - Natureza Morta (p\u00earas) - Solar do Ros\u00e1rio Galeria \\\\\\\\Nova","robots":{"index":"index","follow":"follow","max-snippet":"max-snippet:-1","max-image-preview":"max-image-preview:large","max-video-preview":"max-video-preview:-1"},"canonical":"https:\/\/solardorosario.com.br\/galeria\/produto\/claudia-capelli-natureza-morta-peras\/","og_locale":"pt_BR","og_type":"article","og_title":"Claudia Capelli - Natureza Morta (p\u00earas) - Solar do Ros\u00e1rio Galeria \\\\\\\\Nova","og_description":"Artista: Claudia Capelli T\u00edtulo: Natureza Morta (p\u00earas) Dimens\u00e3o: 25x19cm T\u00e9cnica: Aquarela sobre papel (sem moldura) &nbsp; &nbsp; Claudia Capelli \u00e9 uma artista visual nascida em 1955, no Rio de Janeiro. \u00c9 autodidata, e realiza trabalho em diversas \u00e1reas, como ilustra\u00e7\u00f5es, serigrafias, aquarelas, programa\u00e7\u00e3o visual etc. Em 1984, fez cursos de Desenho de Propaganda, no SENAC, [&hellip;]","og_url":"https:\/\/solardorosario.com.br\/galeria\/produto\/claudia-capelli-natureza-morta-peras\/","og_site_name":"Solar do Ros\u00e1rio Galeria \\\\\\\\Nova","article_modified_time":"2026-03-18T21:23:15+00:00","og_image":[{"width":953,"height":1280,"url":"https:\/\/solardorosario.com.br\/galeria\/wp-content\/uploads\/2025\/11\/3-Natureza-Morta-peras-25x19cm.jpg","type":"image\/jpeg"}],"twitter_card":"summary_large_image","twitter_misc":{"Est. tempo de leitura":"2 minutos"},"schema":{"@context":"https:\/\/schema.org","@graph":[{"@type":"WebPage","@id":"https:\/\/solardorosario.com.br\/galeria\/produto\/claudia-capelli-natureza-morta-peras\/","url":"https:\/\/solardorosario.com.br\/galeria\/produto\/claudia-capelli-natureza-morta-peras\/","name":"Claudia Capelli - Natureza Morta (p\u00earas) - Solar do Ros\u00e1rio Galeria \\\\\\\\Nova","isPartOf":{"@id":"https:\/\/solardorosario.com.br\/galeria\/#website"},"primaryImageOfPage":{"@id":"https:\/\/solardorosario.com.br\/galeria\/produto\/claudia-capelli-natureza-morta-peras\/#primaryimage"},"image":{"@id":"https:\/\/solardorosario.com.br\/galeria\/produto\/claudia-capelli-natureza-morta-peras\/#primaryimage"},"thumbnailUrl":"https:\/\/solardorosario.com.br\/galeria\/wp-content\/uploads\/2025\/11\/3-Natureza-Morta-peras-25x19cm.jpg","datePublished":"2025-11-07T18:28:26+00:00","dateModified":"2026-03-18T21:23:15+00:00","breadcrumb":{"@id":"https:\/\/solardorosario.com.br\/galeria\/produto\/claudia-capelli-natureza-morta-peras\/#breadcrumb"},"inLanguage":"pt-BR","potentialAction":[{"@type":"ReadAction","target":["https:\/\/solardorosario.com.br\/galeria\/produto\/claudia-capelli-natureza-morta-peras\/"]}]},{"@type":"ImageObject","inLanguage":"pt-BR","@id":"https:\/\/solardorosario.com.br\/galeria\/produto\/claudia-capelli-natureza-morta-peras\/#primaryimage","url":"https:\/\/solardorosario.com.br\/galeria\/wp-content\/uploads\/2025\/11\/3-Natureza-Morta-peras-25x19cm.jpg","contentUrl":"https:\/\/solardorosario.com.br\/galeria\/wp-content\/uploads\/2025\/11\/3-Natureza-Morta-peras-25x19cm.jpg","width":953,"height":1280},{"@type":"BreadcrumbList","@id":"https:\/\/solardorosario.com.br\/galeria\/produto\/claudia-capelli-natureza-morta-peras\/#breadcrumb","itemListElement":[{"@type":"ListItem","position":1,"name":"In\u00edcio","item":"https:\/\/solardorosario.com.br\/galeria\/"},{"@type":"ListItem","position":2,"name":"galeria","item":"https:\/\/solardorosario.com.br\/galeria\/galeria\/"},{"@type":"ListItem","position":3,"name":"Claudia Capelli - Natureza Morta (p\u00earas)"}]},{"@type":"WebSite","@id":"https:\/\/solardorosario.com.br\/galeria\/#website","url":"https:\/\/solardorosario.com.br\/galeria\/","name":"Solar do Ros\u00e1rio Galeria \\\\\\\\Nova","description":"","potentialAction":[{"@type":"SearchAction","target":{"@type":"EntryPoint","urlTemplate":"https:\/\/solardorosario.com.br\/galeria\/?s={search_term_string}"},"query-input":{"@type":"PropertyValueSpecification","valueRequired":true,"valueName":"search_term_string"}}],"inLanguage":"pt-BR"}]}},"_links":{"self":[{"href":"https:\/\/solardorosario.com.br\/galeria\/wp-json\/wp\/v2\/product\/5945","targetHints":{"allow":["GET"]}}],"collection":[{"href":"https:\/\/solardorosario.com.br\/galeria\/wp-json\/wp\/v2\/product"}],"about":[{"href":"https:\/\/solardorosario.com.br\/galeria\/wp-json\/wp\/v2\/types\/product"}],"wp:featuredmedia":[{"embeddable":true,"href":"https:\/\/solardorosario.com.br\/galeria\/wp-json\/wp\/v2\/media\/5946"}],"wp:attachment":[{"href":"https:\/\/solardorosario.com.br\/galeria\/wp-json\/wp\/v2\/media?parent=5945"}],"wp:term":[{"taxonomy":"product_brand","embeddable":true,"href":"https:\/\/solardorosario.com.br\/galeria\/wp-json\/wp\/v2\/product_brand?post=5945"},{"taxonomy":"product_cat","embeddable":true,"href":"https:\/\/solardorosario.com.br\/galeria\/wp-json\/wp\/v2\/product_cat?post=5945"},{"taxonomy":"product_tag","embeddable":true,"href":"https:\/\/solardorosario.com.br\/galeria\/wp-json\/wp\/v2\/product_tag?post=5945"}],"curies":[{"name":"wp","href":"https:\/\/api.w.org\/{rel}","templated":true}]}}