{"id":5933,"date":"2025-11-07T12:15:32","date_gmt":"2025-11-07T15:15:32","guid":{"rendered":"https:\/\/solardorosario.com.br\/galeria\/?post_type=product&#038;p=5933"},"modified":"2025-11-07T12:15:32","modified_gmt":"2025-11-07T15:15:32","slug":"miriam-martins-opera-de-arame","status":"publish","type":"product","link":"https:\/\/solardorosario.com.br\/galeria\/produto\/miriam-martins-opera-de-arame\/","title":{"rendered":"Miriam Martins - \u00d3pera de Arame"},"content":{"rendered":"<p><strong>Artista:<\/strong> Miriam Martins<\/p>\n<p><strong>T\u00edtulo:<\/strong> \u00d3pera de Arame<\/p>\n<p><strong>Dimens\u00e3o:<\/strong> 35x45cm<\/p>\n<p><strong>T\u00e9cnica:<\/strong> Gravura<\/p>\n<p>&nbsp;<\/p>\n<p>&nbsp;<\/p>\n<p><!--StartFragment --><span class=\"cf0\">Miriam Martin foi uma das artistas visuais escolhidas, em 1980, para a Agenda Banestado S\/A Cr\u00e9dito Imobili\u00e1rio, ao lado de artistas como Guido <\/span><span class=\"cf0\">Viaro<\/span><span class=\"cf0\">, <\/span><span class=\"cf0\">N\u00edsio<\/span><span class=\"cf0\">, <\/span><span class=\"cf0\">Rones<\/span> <span class=\"cf0\">Dumke<\/span><span class=\"cf0\">, Luiz Carlos de Andrade Lima e Theodoro De Bona. Seu nome \u00e9 verbete no \"Dicion\u00e1rio de Pintores Brasileiros\" volume II, organizado pelo cr\u00edtico de arte Walmir Ayala. Integra tamb\u00e9m o livro \"O Brasil por seus artistas\", editado pelo Minist\u00e9rio da Educa\u00e7\u00e3o e Cultura e Itamaraty. Desde 1973, participa de exposi\u00e7\u00f5es coletivas em Curitiba, Rio de Janeiro, S\u00e3o Paulo, Porto Alegre, Bras\u00edlia e fora do pa\u00eds, em Baden e na Su\u00ed\u00e7a. Realizou 9 exposi\u00e7\u00f5es individuais, sendo em 1983 em Porto Alegre e as demais em Curitiba.<\/span><\/p>\n","protected":false},"excerpt":{"rendered":"<p>Artista: Miriam Martins T\u00edtulo: \u00d3pera de Arame Dimens\u00e3o: 35x45cm T\u00e9cnica: Gravura &nbsp; &nbsp; Miriam Martin foi uma das artistas visuais escolhidas, em 1980, para a Agenda Banestado S\/A Cr\u00e9dito Imobili\u00e1rio, ao lado de artistas como Guido Viaro, N\u00edsio, Rones Dumke, Luiz Carlos de Andrade Lima e Theodoro De Bona. Seu nome \u00e9 verbete no \"Dicion\u00e1rio [&hellip;]<\/p>\n","protected":false},"featured_media":5935,"template":"","meta":[],"product_brand":[],"product_cat":[117],"product_tag":[],"class_list":{"0":"post-5933","1":"product","2":"type-product","3":"status-publish","4":"has-post-thumbnail","6":"product_cat-galeria","7":"pa_artista-miriam-martins","8":"pa_estilo-figurativo-paisagem","9":"pa_tecnica-gravura","11":"first","12":"instock","13":"shipping-taxable","14":"product-type-simple"},"yoast_head":"<!-- This site is optimized with the Yoast SEO plugin v27.4 - https:\/\/yoast.com\/product\/yoast-seo-wordpress\/ -->\n<title>Miriam Martins - \u00d3pera de Arame - Solar do Ros\u00e1rio Galeria \\\\\\\\Nova<\/title>\n<meta name=\"robots\" content=\"index, follow, max-snippet:-1, max-image-preview:large, max-video-preview:-1\" \/>\n<link rel=\"canonical\" href=\"https:\/\/solardorosario.com.br\/galeria\/produto\/miriam-martins-opera-de-arame\/\" \/>\n<meta property=\"og:locale\" content=\"pt_BR\" \/>\n<meta property=\"og:type\" content=\"article\" \/>\n<meta property=\"og:title\" content=\"Miriam Martins - \u00d3pera de Arame - Solar do Ros\u00e1rio Galeria \\\\\\\\Nova\" \/>\n<meta property=\"og:description\" content=\"Artista: Miriam Martins T\u00edtulo: \u00d3pera de Arame Dimens\u00e3o: 35x45cm T\u00e9cnica: Gravura &nbsp; &nbsp; Miriam Martin foi uma das artistas visuais escolhidas, em 1980, para a Agenda Banestado S\/A Cr\u00e9dito Imobili\u00e1rio, ao lado de artistas como Guido Viaro, N\u00edsio, Rones Dumke, Luiz Carlos de Andrade Lima e Theodoro De Bona. Seu nome \u00e9 verbete no &quot;Dicion\u00e1rio [&hellip;]\" \/>\n<meta property=\"og:url\" content=\"https:\/\/solardorosario.com.br\/galeria\/produto\/miriam-martins-opera-de-arame\/\" \/>\n<meta property=\"og:site_name\" content=\"Solar do Ros\u00e1rio Galeria \\\\\\\\Nova\" \/>\n<meta property=\"og:image\" content=\"https:\/\/solardorosario.com.br\/galeria\/wp-content\/uploads\/2025\/11\/2-Opera-de-Arame-35x45cm.jpg\" \/>\n\t<meta property=\"og:image:width\" content=\"1280\" \/>\n\t<meta property=\"og:image:height\" content=\"955\" \/>\n\t<meta property=\"og:image:type\" content=\"image\/jpeg\" \/>\n<meta name=\"twitter:card\" content=\"summary_large_image\" \/>\n<meta name=\"twitter:label1\" content=\"Est. tempo de leitura\" \/>\n\t<meta name=\"twitter:data1\" content=\"1 minuto\" \/>\n<script type=\"application\/ld+json\" class=\"yoast-schema-graph\">{\"@context\":\"https:\\\/\\\/schema.org\",\"@graph\":[{\"@type\":\"WebPage\",\"@id\":\"https:\\\/\\\/solardorosario.com.br\\\/galeria\\\/produto\\\/miriam-martins-opera-de-arame\\\/\",\"url\":\"https:\\\/\\\/solardorosario.com.br\\\/galeria\\\/produto\\\/miriam-martins-opera-de-arame\\\/\",\"name\":\"Miriam Martins - \u00d3pera de Arame - Solar do Ros\u00e1rio Galeria \\\\\\\\\\\\\\\\Nova\",\"isPartOf\":{\"@id\":\"https:\\\/\\\/solardorosario.com.br\\\/galeria\\\/#website\"},\"primaryImageOfPage\":{\"@id\":\"https:\\\/\\\/solardorosario.com.br\\\/galeria\\\/produto\\\/miriam-martins-opera-de-arame\\\/#primaryimage\"},\"image\":{\"@id\":\"https:\\\/\\\/solardorosario.com.br\\\/galeria\\\/produto\\\/miriam-martins-opera-de-arame\\\/#primaryimage\"},\"thumbnailUrl\":\"https:\\\/\\\/solardorosario.com.br\\\/galeria\\\/wp-content\\\/uploads\\\/2025\\\/11\\\/2-Opera-de-Arame-35x45cm.jpg\",\"datePublished\":\"2025-11-07T15:15:32+00:00\",\"breadcrumb\":{\"@id\":\"https:\\\/\\\/solardorosario.com.br\\\/galeria\\\/produto\\\/miriam-martins-opera-de-arame\\\/#breadcrumb\"},\"inLanguage\":\"pt-BR\",\"potentialAction\":[{\"@type\":\"ReadAction\",\"target\":[\"https:\\\/\\\/solardorosario.com.br\\\/galeria\\\/produto\\\/miriam-martins-opera-de-arame\\\/\"]}]},{\"@type\":\"ImageObject\",\"inLanguage\":\"pt-BR\",\"@id\":\"https:\\\/\\\/solardorosario.com.br\\\/galeria\\\/produto\\\/miriam-martins-opera-de-arame\\\/#primaryimage\",\"url\":\"https:\\\/\\\/solardorosario.com.br\\\/galeria\\\/wp-content\\\/uploads\\\/2025\\\/11\\\/2-Opera-de-Arame-35x45cm.jpg\",\"contentUrl\":\"https:\\\/\\\/solardorosario.com.br\\\/galeria\\\/wp-content\\\/uploads\\\/2025\\\/11\\\/2-Opera-de-Arame-35x45cm.jpg\",\"width\":1280,\"height\":955},{\"@type\":\"BreadcrumbList\",\"@id\":\"https:\\\/\\\/solardorosario.com.br\\\/galeria\\\/produto\\\/miriam-martins-opera-de-arame\\\/#breadcrumb\",\"itemListElement\":[{\"@type\":\"ListItem\",\"position\":1,\"name\":\"In\u00edcio\",\"item\":\"https:\\\/\\\/solardorosario.com.br\\\/galeria\\\/\"},{\"@type\":\"ListItem\",\"position\":2,\"name\":\"galeria\",\"item\":\"https:\\\/\\\/solardorosario.com.br\\\/galeria\\\/galeria\\\/\"},{\"@type\":\"ListItem\",\"position\":3,\"name\":\"Miriam Martins - \u00d3pera de Arame\"}]},{\"@type\":\"WebSite\",\"@id\":\"https:\\\/\\\/solardorosario.com.br\\\/galeria\\\/#website\",\"url\":\"https:\\\/\\\/solardorosario.com.br\\\/galeria\\\/\",\"name\":\"Solar do Ros\u00e1rio Galeria \\\\\\\\\\\\\\\\Nova\",\"description\":\"\",\"potentialAction\":[{\"@type\":\"SearchAction\",\"target\":{\"@type\":\"EntryPoint\",\"urlTemplate\":\"https:\\\/\\\/solardorosario.com.br\\\/galeria\\\/?s={search_term_string}\"},\"query-input\":{\"@type\":\"PropertyValueSpecification\",\"valueRequired\":true,\"valueName\":\"search_term_string\"}}],\"inLanguage\":\"pt-BR\"}]}<\/script>\n<!-- \/ Yoast SEO plugin. -->","yoast_head_json":{"title":"Miriam Martins - \u00d3pera de Arame - Solar do Ros\u00e1rio Galeria \\\\\\\\Nova","robots":{"index":"index","follow":"follow","max-snippet":"max-snippet:-1","max-image-preview":"max-image-preview:large","max-video-preview":"max-video-preview:-1"},"canonical":"https:\/\/solardorosario.com.br\/galeria\/produto\/miriam-martins-opera-de-arame\/","og_locale":"pt_BR","og_type":"article","og_title":"Miriam Martins - \u00d3pera de Arame - Solar do Ros\u00e1rio Galeria \\\\\\\\Nova","og_description":"Artista: Miriam Martins T\u00edtulo: \u00d3pera de Arame Dimens\u00e3o: 35x45cm T\u00e9cnica: Gravura &nbsp; &nbsp; Miriam Martin foi uma das artistas visuais escolhidas, em 1980, para a Agenda Banestado S\/A Cr\u00e9dito Imobili\u00e1rio, ao lado de artistas como Guido Viaro, N\u00edsio, Rones Dumke, Luiz Carlos de Andrade Lima e Theodoro De Bona. Seu nome \u00e9 verbete no \"Dicion\u00e1rio [&hellip;]","og_url":"https:\/\/solardorosario.com.br\/galeria\/produto\/miriam-martins-opera-de-arame\/","og_site_name":"Solar do Ros\u00e1rio Galeria \\\\\\\\Nova","og_image":[{"width":1280,"height":955,"url":"https:\/\/solardorosario.com.br\/galeria\/wp-content\/uploads\/2025\/11\/2-Opera-de-Arame-35x45cm.jpg","type":"image\/jpeg"}],"twitter_card":"summary_large_image","twitter_misc":{"Est. tempo de leitura":"1 minuto"},"schema":{"@context":"https:\/\/schema.org","@graph":[{"@type":"WebPage","@id":"https:\/\/solardorosario.com.br\/galeria\/produto\/miriam-martins-opera-de-arame\/","url":"https:\/\/solardorosario.com.br\/galeria\/produto\/miriam-martins-opera-de-arame\/","name":"Miriam Martins - \u00d3pera de Arame - Solar do Ros\u00e1rio Galeria \\\\\\\\Nova","isPartOf":{"@id":"https:\/\/solardorosario.com.br\/galeria\/#website"},"primaryImageOfPage":{"@id":"https:\/\/solardorosario.com.br\/galeria\/produto\/miriam-martins-opera-de-arame\/#primaryimage"},"image":{"@id":"https:\/\/solardorosario.com.br\/galeria\/produto\/miriam-martins-opera-de-arame\/#primaryimage"},"thumbnailUrl":"https:\/\/solardorosario.com.br\/galeria\/wp-content\/uploads\/2025\/11\/2-Opera-de-Arame-35x45cm.jpg","datePublished":"2025-11-07T15:15:32+00:00","breadcrumb":{"@id":"https:\/\/solardorosario.com.br\/galeria\/produto\/miriam-martins-opera-de-arame\/#breadcrumb"},"inLanguage":"pt-BR","potentialAction":[{"@type":"ReadAction","target":["https:\/\/solardorosario.com.br\/galeria\/produto\/miriam-martins-opera-de-arame\/"]}]},{"@type":"ImageObject","inLanguage":"pt-BR","@id":"https:\/\/solardorosario.com.br\/galeria\/produto\/miriam-martins-opera-de-arame\/#primaryimage","url":"https:\/\/solardorosario.com.br\/galeria\/wp-content\/uploads\/2025\/11\/2-Opera-de-Arame-35x45cm.jpg","contentUrl":"https:\/\/solardorosario.com.br\/galeria\/wp-content\/uploads\/2025\/11\/2-Opera-de-Arame-35x45cm.jpg","width":1280,"height":955},{"@type":"BreadcrumbList","@id":"https:\/\/solardorosario.com.br\/galeria\/produto\/miriam-martins-opera-de-arame\/#breadcrumb","itemListElement":[{"@type":"ListItem","position":1,"name":"In\u00edcio","item":"https:\/\/solardorosario.com.br\/galeria\/"},{"@type":"ListItem","position":2,"name":"galeria","item":"https:\/\/solardorosario.com.br\/galeria\/galeria\/"},{"@type":"ListItem","position":3,"name":"Miriam Martins - \u00d3pera de Arame"}]},{"@type":"WebSite","@id":"https:\/\/solardorosario.com.br\/galeria\/#website","url":"https:\/\/solardorosario.com.br\/galeria\/","name":"Solar do Ros\u00e1rio Galeria \\\\\\\\Nova","description":"","potentialAction":[{"@type":"SearchAction","target":{"@type":"EntryPoint","urlTemplate":"https:\/\/solardorosario.com.br\/galeria\/?s={search_term_string}"},"query-input":{"@type":"PropertyValueSpecification","valueRequired":true,"valueName":"search_term_string"}}],"inLanguage":"pt-BR"}]}},"_links":{"self":[{"href":"https:\/\/solardorosario.com.br\/galeria\/wp-json\/wp\/v2\/product\/5933","targetHints":{"allow":["GET"]}}],"collection":[{"href":"https:\/\/solardorosario.com.br\/galeria\/wp-json\/wp\/v2\/product"}],"about":[{"href":"https:\/\/solardorosario.com.br\/galeria\/wp-json\/wp\/v2\/types\/product"}],"wp:featuredmedia":[{"embeddable":true,"href":"https:\/\/solardorosario.com.br\/galeria\/wp-json\/wp\/v2\/media\/5935"}],"wp:attachment":[{"href":"https:\/\/solardorosario.com.br\/galeria\/wp-json\/wp\/v2\/media?parent=5933"}],"wp:term":[{"taxonomy":"product_brand","embeddable":true,"href":"https:\/\/solardorosario.com.br\/galeria\/wp-json\/wp\/v2\/product_brand?post=5933"},{"taxonomy":"product_cat","embeddable":true,"href":"https:\/\/solardorosario.com.br\/galeria\/wp-json\/wp\/v2\/product_cat?post=5933"},{"taxonomy":"product_tag","embeddable":true,"href":"https:\/\/solardorosario.com.br\/galeria\/wp-json\/wp\/v2\/product_tag?post=5933"}],"curies":[{"name":"wp","href":"https:\/\/api.w.org\/{rel}","templated":true}]}}