{"id":5927,"date":"2025-11-04T17:11:32","date_gmt":"2025-11-04T20:11:32","guid":{"rendered":"https:\/\/solardorosario.com.br\/galeria\/?post_type=product&#038;p=5927"},"modified":"2025-11-04T17:11:32","modified_gmt":"2025-11-04T20:11:32","slug":"aldemir-martins-cajus","status":"publish","type":"product","link":"https:\/\/solardorosario.com.br\/galeria\/produto\/aldemir-martins-cajus\/","title":{"rendered":"Aldemir Martins - Cajus"},"content":{"rendered":"<p><strong>Artista:<\/strong> Aldemir Martins<\/p>\n<p><strong>T\u00edtulo:<\/strong> Cajus<\/p>\n<p><strong>Dimens\u00e3o:<\/strong> 50x35cm<\/p>\n<p><strong>T\u00e9cnica:<\/strong> Serigrafia (sem moldura)<\/p>\n<p>&nbsp;<\/p>\n<p>Nascido em Ingazeiras - CE, em 1922 e faleceu em S\u00e3o Paulo - SP, 2006. Foi artista visual, gravurista, desenhista e ilustrador. Um dos nomes mais reconhecidos nas artes visuais do Brasil, conhecido por representar a brasilidade, com paisagens, as pessoas do nordeste, fauna, flora e festas t\u00edpicas. Foi respons\u00e1vel, junto com outros artistas, por criar a Sociedade Cearense de Artistas Pl\u00e1sticos. Entre 1949 e 1951, morou em S\u00e3o Paulo, que \u00e9 onde realizou sua primeira exposi\u00e7\u00e3o individual, e frequenta cursos no Museu de Arte de S\u00e3o Paulo Assis Chateaubriand (MASP). L\u00e1, tem aulas de hist\u00f3ria da arte com Pietro Maria Bardi e de gravura com Poty Lazzarotto. Recebeu o pr\u00eamio Aquisi\u00e7\u00e3o, na 1\u00aa Bienal de S\u00e3o Paulo, com um desenho de paus-de-arara rendeiras e cangaceiros. Exp\u00f4s individualmente e coletivamente por todo o Brasil, e fora do pa\u00eds, na It\u00e1lia, Estados Unidos, Espanha, Alemanha, Peru, Inglaterra, Su\u00e9cia, Fran\u00e7a, Jap\u00e3o, Su\u00ed\u00e7a, Uruguai, \u00c1ustria, Portugal, Holanda, Marrocos.<\/p>\n","protected":false},"excerpt":{"rendered":"<p>Artista: Aldemir Martins T\u00edtulo: Cajus Dimens\u00e3o: 50x35cm T\u00e9cnica: Serigrafia (sem moldura) &nbsp; Nascido em Ingazeiras - CE, em 1922 e faleceu em S\u00e3o Paulo - SP, 2006. Foi artista visual, gravurista, desenhista e ilustrador. Um dos nomes mais reconhecidos nas artes visuais do Brasil, conhecido por representar a brasilidade, com paisagens, as pessoas do nordeste, [&hellip;]<\/p>\n","protected":false},"featured_media":5928,"template":"","meta":[],"product_brand":[],"product_cat":[117],"product_tag":[],"class_list":{"0":"post-5927","1":"product","2":"type-product","3":"status-publish","4":"has-post-thumbnail","6":"product_cat-galeria","7":"pa_artista-aldemir-martins","8":"pa_tecnica-serigrafia","10":"first","11":"instock","12":"shipping-taxable","13":"product-type-simple"},"yoast_head":"<!-- This site is optimized with the Yoast SEO plugin v27.4 - https:\/\/yoast.com\/product\/yoast-seo-wordpress\/ -->\n<title>Aldemir Martins - Cajus - Solar do Ros\u00e1rio Galeria \\\\\\\\Nova<\/title>\n<meta name=\"robots\" content=\"index, follow, max-snippet:-1, max-image-preview:large, max-video-preview:-1\" \/>\n<link rel=\"canonical\" href=\"https:\/\/solardorosario.com.br\/galeria\/produto\/aldemir-martins-cajus\/\" \/>\n<meta property=\"og:locale\" content=\"pt_BR\" \/>\n<meta property=\"og:type\" content=\"article\" \/>\n<meta property=\"og:title\" content=\"Aldemir Martins - Cajus - Solar do Ros\u00e1rio Galeria \\\\\\\\Nova\" \/>\n<meta property=\"og:description\" content=\"Artista: Aldemir Martins T\u00edtulo: Cajus Dimens\u00e3o: 50x35cm T\u00e9cnica: Serigrafia (sem moldura) &nbsp; Nascido em Ingazeiras - CE, em 1922 e faleceu em S\u00e3o Paulo - SP, 2006. Foi artista visual, gravurista, desenhista e ilustrador. Um dos nomes mais reconhecidos nas artes visuais do Brasil, conhecido por representar a brasilidade, com paisagens, as pessoas do nordeste, [&hellip;]\" \/>\n<meta property=\"og:url\" content=\"https:\/\/solardorosario.com.br\/galeria\/produto\/aldemir-martins-cajus\/\" \/>\n<meta property=\"og:site_name\" content=\"Solar do Ros\u00e1rio Galeria \\\\\\\\Nova\" \/>\n<meta property=\"og:image\" content=\"https:\/\/solardorosario.com.br\/galeria\/wp-content\/uploads\/2025\/11\/1-Cajus-50x35cm.jpg\" \/>\n\t<meta property=\"og:image:width\" content=\"1280\" \/>\n\t<meta property=\"og:image:height\" content=\"897\" \/>\n\t<meta property=\"og:image:type\" content=\"image\/jpeg\" \/>\n<meta name=\"twitter:card\" content=\"summary_large_image\" \/>\n<meta name=\"twitter:label1\" content=\"Est. tempo de leitura\" \/>\n\t<meta name=\"twitter:data1\" content=\"2 minutos\" \/>\n<script type=\"application\/ld+json\" class=\"yoast-schema-graph\">{\"@context\":\"https:\\\/\\\/schema.org\",\"@graph\":[{\"@type\":\"WebPage\",\"@id\":\"https:\\\/\\\/solardorosario.com.br\\\/galeria\\\/produto\\\/aldemir-martins-cajus\\\/\",\"url\":\"https:\\\/\\\/solardorosario.com.br\\\/galeria\\\/produto\\\/aldemir-martins-cajus\\\/\",\"name\":\"Aldemir Martins - Cajus - Solar do Ros\u00e1rio Galeria \\\\\\\\\\\\\\\\Nova\",\"isPartOf\":{\"@id\":\"https:\\\/\\\/solardorosario.com.br\\\/galeria\\\/#website\"},\"primaryImageOfPage\":{\"@id\":\"https:\\\/\\\/solardorosario.com.br\\\/galeria\\\/produto\\\/aldemir-martins-cajus\\\/#primaryimage\"},\"image\":{\"@id\":\"https:\\\/\\\/solardorosario.com.br\\\/galeria\\\/produto\\\/aldemir-martins-cajus\\\/#primaryimage\"},\"thumbnailUrl\":\"https:\\\/\\\/solardorosario.com.br\\\/galeria\\\/wp-content\\\/uploads\\\/2025\\\/11\\\/1-Cajus-50x35cm.jpg\",\"datePublished\":\"2025-11-04T20:11:32+00:00\",\"breadcrumb\":{\"@id\":\"https:\\\/\\\/solardorosario.com.br\\\/galeria\\\/produto\\\/aldemir-martins-cajus\\\/#breadcrumb\"},\"inLanguage\":\"pt-BR\",\"potentialAction\":[{\"@type\":\"ReadAction\",\"target\":[\"https:\\\/\\\/solardorosario.com.br\\\/galeria\\\/produto\\\/aldemir-martins-cajus\\\/\"]}]},{\"@type\":\"ImageObject\",\"inLanguage\":\"pt-BR\",\"@id\":\"https:\\\/\\\/solardorosario.com.br\\\/galeria\\\/produto\\\/aldemir-martins-cajus\\\/#primaryimage\",\"url\":\"https:\\\/\\\/solardorosario.com.br\\\/galeria\\\/wp-content\\\/uploads\\\/2025\\\/11\\\/1-Cajus-50x35cm.jpg\",\"contentUrl\":\"https:\\\/\\\/solardorosario.com.br\\\/galeria\\\/wp-content\\\/uploads\\\/2025\\\/11\\\/1-Cajus-50x35cm.jpg\",\"width\":1280,\"height\":897},{\"@type\":\"BreadcrumbList\",\"@id\":\"https:\\\/\\\/solardorosario.com.br\\\/galeria\\\/produto\\\/aldemir-martins-cajus\\\/#breadcrumb\",\"itemListElement\":[{\"@type\":\"ListItem\",\"position\":1,\"name\":\"In\u00edcio\",\"item\":\"https:\\\/\\\/solardorosario.com.br\\\/galeria\\\/\"},{\"@type\":\"ListItem\",\"position\":2,\"name\":\"galeria\",\"item\":\"https:\\\/\\\/solardorosario.com.br\\\/galeria\\\/galeria\\\/\"},{\"@type\":\"ListItem\",\"position\":3,\"name\":\"Aldemir Martins - Cajus\"}]},{\"@type\":\"WebSite\",\"@id\":\"https:\\\/\\\/solardorosario.com.br\\\/galeria\\\/#website\",\"url\":\"https:\\\/\\\/solardorosario.com.br\\\/galeria\\\/\",\"name\":\"Solar do Ros\u00e1rio Galeria \\\\\\\\\\\\\\\\Nova\",\"description\":\"\",\"potentialAction\":[{\"@type\":\"SearchAction\",\"target\":{\"@type\":\"EntryPoint\",\"urlTemplate\":\"https:\\\/\\\/solardorosario.com.br\\\/galeria\\\/?s={search_term_string}\"},\"query-input\":{\"@type\":\"PropertyValueSpecification\",\"valueRequired\":true,\"valueName\":\"search_term_string\"}}],\"inLanguage\":\"pt-BR\"}]}<\/script>\n<!-- \/ Yoast SEO plugin. -->","yoast_head_json":{"title":"Aldemir Martins - Cajus - Solar do Ros\u00e1rio Galeria \\\\\\\\Nova","robots":{"index":"index","follow":"follow","max-snippet":"max-snippet:-1","max-image-preview":"max-image-preview:large","max-video-preview":"max-video-preview:-1"},"canonical":"https:\/\/solardorosario.com.br\/galeria\/produto\/aldemir-martins-cajus\/","og_locale":"pt_BR","og_type":"article","og_title":"Aldemir Martins - Cajus - Solar do Ros\u00e1rio Galeria \\\\\\\\Nova","og_description":"Artista: Aldemir Martins T\u00edtulo: Cajus Dimens\u00e3o: 50x35cm T\u00e9cnica: Serigrafia (sem moldura) &nbsp; Nascido em Ingazeiras - CE, em 1922 e faleceu em S\u00e3o Paulo - SP, 2006. Foi artista visual, gravurista, desenhista e ilustrador. Um dos nomes mais reconhecidos nas artes visuais do Brasil, conhecido por representar a brasilidade, com paisagens, as pessoas do nordeste, [&hellip;]","og_url":"https:\/\/solardorosario.com.br\/galeria\/produto\/aldemir-martins-cajus\/","og_site_name":"Solar do Ros\u00e1rio Galeria \\\\\\\\Nova","og_image":[{"width":1280,"height":897,"url":"https:\/\/solardorosario.com.br\/galeria\/wp-content\/uploads\/2025\/11\/1-Cajus-50x35cm.jpg","type":"image\/jpeg"}],"twitter_card":"summary_large_image","twitter_misc":{"Est. tempo de leitura":"2 minutos"},"schema":{"@context":"https:\/\/schema.org","@graph":[{"@type":"WebPage","@id":"https:\/\/solardorosario.com.br\/galeria\/produto\/aldemir-martins-cajus\/","url":"https:\/\/solardorosario.com.br\/galeria\/produto\/aldemir-martins-cajus\/","name":"Aldemir Martins - Cajus - Solar do Ros\u00e1rio Galeria \\\\\\\\Nova","isPartOf":{"@id":"https:\/\/solardorosario.com.br\/galeria\/#website"},"primaryImageOfPage":{"@id":"https:\/\/solardorosario.com.br\/galeria\/produto\/aldemir-martins-cajus\/#primaryimage"},"image":{"@id":"https:\/\/solardorosario.com.br\/galeria\/produto\/aldemir-martins-cajus\/#primaryimage"},"thumbnailUrl":"https:\/\/solardorosario.com.br\/galeria\/wp-content\/uploads\/2025\/11\/1-Cajus-50x35cm.jpg","datePublished":"2025-11-04T20:11:32+00:00","breadcrumb":{"@id":"https:\/\/solardorosario.com.br\/galeria\/produto\/aldemir-martins-cajus\/#breadcrumb"},"inLanguage":"pt-BR","potentialAction":[{"@type":"ReadAction","target":["https:\/\/solardorosario.com.br\/galeria\/produto\/aldemir-martins-cajus\/"]}]},{"@type":"ImageObject","inLanguage":"pt-BR","@id":"https:\/\/solardorosario.com.br\/galeria\/produto\/aldemir-martins-cajus\/#primaryimage","url":"https:\/\/solardorosario.com.br\/galeria\/wp-content\/uploads\/2025\/11\/1-Cajus-50x35cm.jpg","contentUrl":"https:\/\/solardorosario.com.br\/galeria\/wp-content\/uploads\/2025\/11\/1-Cajus-50x35cm.jpg","width":1280,"height":897},{"@type":"BreadcrumbList","@id":"https:\/\/solardorosario.com.br\/galeria\/produto\/aldemir-martins-cajus\/#breadcrumb","itemListElement":[{"@type":"ListItem","position":1,"name":"In\u00edcio","item":"https:\/\/solardorosario.com.br\/galeria\/"},{"@type":"ListItem","position":2,"name":"galeria","item":"https:\/\/solardorosario.com.br\/galeria\/galeria\/"},{"@type":"ListItem","position":3,"name":"Aldemir Martins - Cajus"}]},{"@type":"WebSite","@id":"https:\/\/solardorosario.com.br\/galeria\/#website","url":"https:\/\/solardorosario.com.br\/galeria\/","name":"Solar do Ros\u00e1rio Galeria \\\\\\\\Nova","description":"","potentialAction":[{"@type":"SearchAction","target":{"@type":"EntryPoint","urlTemplate":"https:\/\/solardorosario.com.br\/galeria\/?s={search_term_string}"},"query-input":{"@type":"PropertyValueSpecification","valueRequired":true,"valueName":"search_term_string"}}],"inLanguage":"pt-BR"}]}},"_links":{"self":[{"href":"https:\/\/solardorosario.com.br\/galeria\/wp-json\/wp\/v2\/product\/5927","targetHints":{"allow":["GET"]}}],"collection":[{"href":"https:\/\/solardorosario.com.br\/galeria\/wp-json\/wp\/v2\/product"}],"about":[{"href":"https:\/\/solardorosario.com.br\/galeria\/wp-json\/wp\/v2\/types\/product"}],"wp:featuredmedia":[{"embeddable":true,"href":"https:\/\/solardorosario.com.br\/galeria\/wp-json\/wp\/v2\/media\/5928"}],"wp:attachment":[{"href":"https:\/\/solardorosario.com.br\/galeria\/wp-json\/wp\/v2\/media?parent=5927"}],"wp:term":[{"taxonomy":"product_brand","embeddable":true,"href":"https:\/\/solardorosario.com.br\/galeria\/wp-json\/wp\/v2\/product_brand?post=5927"},{"taxonomy":"product_cat","embeddable":true,"href":"https:\/\/solardorosario.com.br\/galeria\/wp-json\/wp\/v2\/product_cat?post=5927"},{"taxonomy":"product_tag","embeddable":true,"href":"https:\/\/solardorosario.com.br\/galeria\/wp-json\/wp\/v2\/product_tag?post=5927"}],"curies":[{"name":"wp","href":"https:\/\/api.w.org\/{rel}","templated":true}]}}