{"id":5919,"date":"2025-11-04T15:17:45","date_gmt":"2025-11-04T18:17:45","guid":{"rendered":"https:\/\/solardorosario.com.br\/galeria\/?post_type=product&#038;p=5919"},"modified":"2026-04-06T11:49:46","modified_gmt":"2026-04-06T14:49:46","slug":"livro-as-historias-que-voce-precisa-contar","status":"publish","type":"product","link":"https:\/\/solardorosario.com.br\/galeria\/produto\/livro-as-historias-que-voce-precisa-contar\/","title":{"rendered":"Livro - As Hist\u00f3rias que voc\u00ea precisa contar"},"content":{"rendered":"<p><strong>T\u00edtulo:<\/strong> As Hist\u00f3rias que voc\u00ea precisa contar<\/p>\n<p>\"Este livro, de t\u00edtulo t\u00e3o sugestivo, \u00e9 a primeira incurs\u00e3o do Solar do Ros\u00e1rio na \u00e1rea de produ\u00e7\u00e3o liter\u00e1ria de textos de mem\u00f3ria e de fic\u00e7\u00e3o autoral.<\/p>\n<p>Desde a inaugura\u00e7\u00e3o do Solar do Ros\u00e1rio em Curitiba, no outono de 1992, o objetivo da nossa Editora e Livraria foi produzir livros de arte, com foco primordial na arte do Paran\u00e1. As colet\u00e2neas se seguiram e chegamos a quatro dezenas de comp\u00eandios registrando o que h\u00e1 de melhor na arte paranaense e brasileira. O teatro tamb\u00e9m foi contemplado com o emblem\u00e1tico\u00a0<em>Caminhos do Teatro Ocidental\u00a0<\/em>de Barbara Heliodora, a renomada cr\u00edtica do teatro brasileiro. Outros livros sobre outras \u00e1reas do conhecimento se seguiram, enriquecendo ainda mais nossa bibliografia.<\/p>\n<p>Sentimos que \u00e9 chegada a hora da literatura. Escrever mem\u00f3rias ou fic\u00e7\u00e3o autoral \u00e9 uma atividade criativa. \u00c9 um ato de reflex\u00e3o e tamb\u00e9m de celebra\u00e7\u00e3o. A g\u00eanese desse momento foi o curso de\u00a0<em>Memoir Writing\u00a0<\/em>que tem como mentora a Professora Doutora Cristiane Busato Smith, que h\u00e1 dois anos realiza encontros semanais com seu talento e generosidade leva os neo escritores a verdadeiras catarses, ajudando a garimpar hist\u00f3rias valiosas transformando-as em narrativas impactantes.<\/p>\n<p>O resultado est\u00e1 em suas m\u00e3os. Agradecemos a todos que colaboraram para a realiza\u00e7\u00e3o desse sonho.\"<\/p>\n<p>&nbsp;<\/p>\n<p><em><strong>Regina Casillo - Diretora fundadora do Solar do Ros\u00e1rio<\/strong><\/em><\/p>\n<p><em><strong>Membro da Academia Paranaense de Letras<\/strong><\/em><\/p>\n<p><strong>\u00a0\u00a0<\/strong><\/p>\n<p><strong>Escritores:<\/strong> Ana Claudia Fontana Fran\u00e7a - Ana Claudia T. Stier - Cec\u00edlia MacDowell Santos - Cristiane Busato Smith - Elaine Sizilio - Jorge Henrique Jacob - Liane Grassi - Lusiane Maria Bendhack - Manuela Busato - Maria Regina Caldas de Oliveira - Maria Carolina Busato Amaral - Marina Maruyama Mori - Malu Biscaia - Marcos Pagani - Martha Dias Schlemm - Monica Ballarin - Regina Casillo - Rossana Veltrini Amud<\/p>\n","protected":false},"excerpt":{"rendered":"<p>T\u00edtulo: As Hist\u00f3rias que voc\u00ea precisa contar \"Este livro, de t\u00edtulo t\u00e3o sugestivo, \u00e9 a primeira incurs\u00e3o do Solar do Ros\u00e1rio na \u00e1rea de produ\u00e7\u00e3o liter\u00e1ria de textos de mem\u00f3ria e de fic\u00e7\u00e3o autoral. Desde a inaugura\u00e7\u00e3o do Solar do Ros\u00e1rio em Curitiba, no outono de 1992, o objetivo da nossa Editora e Livraria foi [&hellip;]<\/p>\n","protected":false},"featured_media":5920,"template":"","meta":[],"product_brand":[],"product_cat":[117],"product_tag":[],"class_list":{"0":"post-5919","1":"product","2":"type-product","3":"status-publish","4":"has-post-thumbnail","6":"product_cat-galeria","7":"pa_tecnica-livros-de-arte-e-artistas","9":"first","10":"instock","11":"shipping-taxable","12":"purchasable","13":"product-type-simple"},"yoast_head":"<!-- This site is optimized with the Yoast SEO plugin v27.4 - https:\/\/yoast.com\/product\/yoast-seo-wordpress\/ -->\n<title>Livro - As Hist\u00f3rias que voc\u00ea precisa contar - Solar do Ros\u00e1rio Galeria \\\\\\\\Nova<\/title>\n<meta name=\"robots\" content=\"index, follow, max-snippet:-1, max-image-preview:large, max-video-preview:-1\" \/>\n<link rel=\"canonical\" href=\"https:\/\/solardorosario.com.br\/galeria\/produto\/livro-as-historias-que-voce-precisa-contar\/\" \/>\n<meta property=\"og:locale\" content=\"pt_BR\" \/>\n<meta property=\"og:type\" content=\"article\" \/>\n<meta property=\"og:title\" content=\"Livro - As Hist\u00f3rias que voc\u00ea precisa contar - Solar do Ros\u00e1rio Galeria \\\\\\\\Nova\" \/>\n<meta property=\"og:description\" content=\"T\u00edtulo: As Hist\u00f3rias que voc\u00ea precisa contar &quot;Este livro, de t\u00edtulo t\u00e3o sugestivo, \u00e9 a primeira incurs\u00e3o do Solar do Ros\u00e1rio na \u00e1rea de produ\u00e7\u00e3o liter\u00e1ria de textos de mem\u00f3ria e de fic\u00e7\u00e3o autoral. Desde a inaugura\u00e7\u00e3o do Solar do Ros\u00e1rio em Curitiba, no outono de 1992, o objetivo da nossa Editora e Livraria foi [&hellip;]\" \/>\n<meta property=\"og:url\" content=\"https:\/\/solardorosario.com.br\/galeria\/produto\/livro-as-historias-que-voce-precisa-contar\/\" \/>\n<meta property=\"og:site_name\" content=\"Solar do Ros\u00e1rio Galeria \\\\\\\\Nova\" \/>\n<meta property=\"article:modified_time\" content=\"2026-04-06T14:49:46+00:00\" \/>\n<meta property=\"og:image\" content=\"https:\/\/solardorosario.com.br\/galeria\/wp-content\/uploads\/2025\/11\/Imagem-do-WhatsApp-de-2025-10-10-as-15.42.42_4860f902.jpg\" \/>\n\t<meta property=\"og:image:width\" content=\"860\" \/>\n\t<meta property=\"og:image:height\" content=\"1280\" \/>\n\t<meta property=\"og:image:type\" content=\"image\/jpeg\" \/>\n<meta name=\"twitter:card\" content=\"summary_large_image\" \/>\n<meta name=\"twitter:label1\" content=\"Est. tempo de leitura\" \/>\n\t<meta name=\"twitter:data1\" content=\"2 minutos\" \/>\n<script type=\"application\/ld+json\" class=\"yoast-schema-graph\">{\"@context\":\"https:\\\/\\\/schema.org\",\"@graph\":[{\"@type\":\"WebPage\",\"@id\":\"https:\\\/\\\/solardorosario.com.br\\\/galeria\\\/produto\\\/livro-as-historias-que-voce-precisa-contar\\\/\",\"url\":\"https:\\\/\\\/solardorosario.com.br\\\/galeria\\\/produto\\\/livro-as-historias-que-voce-precisa-contar\\\/\",\"name\":\"Livro - As Hist\u00f3rias que voc\u00ea precisa contar - Solar do Ros\u00e1rio Galeria \\\\\\\\\\\\\\\\Nova\",\"isPartOf\":{\"@id\":\"https:\\\/\\\/solardorosario.com.br\\\/galeria\\\/#website\"},\"primaryImageOfPage\":{\"@id\":\"https:\\\/\\\/solardorosario.com.br\\\/galeria\\\/produto\\\/livro-as-historias-que-voce-precisa-contar\\\/#primaryimage\"},\"image\":{\"@id\":\"https:\\\/\\\/solardorosario.com.br\\\/galeria\\\/produto\\\/livro-as-historias-que-voce-precisa-contar\\\/#primaryimage\"},\"thumbnailUrl\":\"https:\\\/\\\/solardorosario.com.br\\\/galeria\\\/wp-content\\\/uploads\\\/2025\\\/11\\\/Imagem-do-WhatsApp-de-2025-10-10-as-15.42.42_4860f902.jpg\",\"datePublished\":\"2025-11-04T18:17:45+00:00\",\"dateModified\":\"2026-04-06T14:49:46+00:00\",\"breadcrumb\":{\"@id\":\"https:\\\/\\\/solardorosario.com.br\\\/galeria\\\/produto\\\/livro-as-historias-que-voce-precisa-contar\\\/#breadcrumb\"},\"inLanguage\":\"pt-BR\",\"potentialAction\":[{\"@type\":\"ReadAction\",\"target\":[\"https:\\\/\\\/solardorosario.com.br\\\/galeria\\\/produto\\\/livro-as-historias-que-voce-precisa-contar\\\/\"]}]},{\"@type\":\"ImageObject\",\"inLanguage\":\"pt-BR\",\"@id\":\"https:\\\/\\\/solardorosario.com.br\\\/galeria\\\/produto\\\/livro-as-historias-que-voce-precisa-contar\\\/#primaryimage\",\"url\":\"https:\\\/\\\/solardorosario.com.br\\\/galeria\\\/wp-content\\\/uploads\\\/2025\\\/11\\\/Imagem-do-WhatsApp-de-2025-10-10-as-15.42.42_4860f902.jpg\",\"contentUrl\":\"https:\\\/\\\/solardorosario.com.br\\\/galeria\\\/wp-content\\\/uploads\\\/2025\\\/11\\\/Imagem-do-WhatsApp-de-2025-10-10-as-15.42.42_4860f902.jpg\",\"width\":860,\"height\":1280},{\"@type\":\"BreadcrumbList\",\"@id\":\"https:\\\/\\\/solardorosario.com.br\\\/galeria\\\/produto\\\/livro-as-historias-que-voce-precisa-contar\\\/#breadcrumb\",\"itemListElement\":[{\"@type\":\"ListItem\",\"position\":1,\"name\":\"In\u00edcio\",\"item\":\"https:\\\/\\\/solardorosario.com.br\\\/galeria\\\/\"},{\"@type\":\"ListItem\",\"position\":2,\"name\":\"galeria\",\"item\":\"https:\\\/\\\/solardorosario.com.br\\\/galeria\\\/galeria\\\/\"},{\"@type\":\"ListItem\",\"position\":3,\"name\":\"Livro - As Hist\u00f3rias que voc\u00ea precisa contar\"}]},{\"@type\":\"WebSite\",\"@id\":\"https:\\\/\\\/solardorosario.com.br\\\/galeria\\\/#website\",\"url\":\"https:\\\/\\\/solardorosario.com.br\\\/galeria\\\/\",\"name\":\"Solar do Ros\u00e1rio Galeria \\\\\\\\\\\\\\\\Nova\",\"description\":\"\",\"potentialAction\":[{\"@type\":\"SearchAction\",\"target\":{\"@type\":\"EntryPoint\",\"urlTemplate\":\"https:\\\/\\\/solardorosario.com.br\\\/galeria\\\/?s={search_term_string}\"},\"query-input\":{\"@type\":\"PropertyValueSpecification\",\"valueRequired\":true,\"valueName\":\"search_term_string\"}}],\"inLanguage\":\"pt-BR\"}]}<\/script>\n<!-- \/ Yoast SEO plugin. -->","yoast_head_json":{"title":"Livro - As Hist\u00f3rias que voc\u00ea precisa contar - Solar do Ros\u00e1rio Galeria \\\\\\\\Nova","robots":{"index":"index","follow":"follow","max-snippet":"max-snippet:-1","max-image-preview":"max-image-preview:large","max-video-preview":"max-video-preview:-1"},"canonical":"https:\/\/solardorosario.com.br\/galeria\/produto\/livro-as-historias-que-voce-precisa-contar\/","og_locale":"pt_BR","og_type":"article","og_title":"Livro - As Hist\u00f3rias que voc\u00ea precisa contar - Solar do Ros\u00e1rio Galeria \\\\\\\\Nova","og_description":"T\u00edtulo: As Hist\u00f3rias que voc\u00ea precisa contar \"Este livro, de t\u00edtulo t\u00e3o sugestivo, \u00e9 a primeira incurs\u00e3o do Solar do Ros\u00e1rio na \u00e1rea de produ\u00e7\u00e3o liter\u00e1ria de textos de mem\u00f3ria e de fic\u00e7\u00e3o autoral. Desde a inaugura\u00e7\u00e3o do Solar do Ros\u00e1rio em Curitiba, no outono de 1992, o objetivo da nossa Editora e Livraria foi [&hellip;]","og_url":"https:\/\/solardorosario.com.br\/galeria\/produto\/livro-as-historias-que-voce-precisa-contar\/","og_site_name":"Solar do Ros\u00e1rio Galeria \\\\\\\\Nova","article_modified_time":"2026-04-06T14:49:46+00:00","og_image":[{"width":860,"height":1280,"url":"https:\/\/solardorosario.com.br\/galeria\/wp-content\/uploads\/2025\/11\/Imagem-do-WhatsApp-de-2025-10-10-as-15.42.42_4860f902.jpg","type":"image\/jpeg"}],"twitter_card":"summary_large_image","twitter_misc":{"Est. tempo de leitura":"2 minutos"},"schema":{"@context":"https:\/\/schema.org","@graph":[{"@type":"WebPage","@id":"https:\/\/solardorosario.com.br\/galeria\/produto\/livro-as-historias-que-voce-precisa-contar\/","url":"https:\/\/solardorosario.com.br\/galeria\/produto\/livro-as-historias-que-voce-precisa-contar\/","name":"Livro - As Hist\u00f3rias que voc\u00ea precisa contar - Solar do Ros\u00e1rio Galeria \\\\\\\\Nova","isPartOf":{"@id":"https:\/\/solardorosario.com.br\/galeria\/#website"},"primaryImageOfPage":{"@id":"https:\/\/solardorosario.com.br\/galeria\/produto\/livro-as-historias-que-voce-precisa-contar\/#primaryimage"},"image":{"@id":"https:\/\/solardorosario.com.br\/galeria\/produto\/livro-as-historias-que-voce-precisa-contar\/#primaryimage"},"thumbnailUrl":"https:\/\/solardorosario.com.br\/galeria\/wp-content\/uploads\/2025\/11\/Imagem-do-WhatsApp-de-2025-10-10-as-15.42.42_4860f902.jpg","datePublished":"2025-11-04T18:17:45+00:00","dateModified":"2026-04-06T14:49:46+00:00","breadcrumb":{"@id":"https:\/\/solardorosario.com.br\/galeria\/produto\/livro-as-historias-que-voce-precisa-contar\/#breadcrumb"},"inLanguage":"pt-BR","potentialAction":[{"@type":"ReadAction","target":["https:\/\/solardorosario.com.br\/galeria\/produto\/livro-as-historias-que-voce-precisa-contar\/"]}]},{"@type":"ImageObject","inLanguage":"pt-BR","@id":"https:\/\/solardorosario.com.br\/galeria\/produto\/livro-as-historias-que-voce-precisa-contar\/#primaryimage","url":"https:\/\/solardorosario.com.br\/galeria\/wp-content\/uploads\/2025\/11\/Imagem-do-WhatsApp-de-2025-10-10-as-15.42.42_4860f902.jpg","contentUrl":"https:\/\/solardorosario.com.br\/galeria\/wp-content\/uploads\/2025\/11\/Imagem-do-WhatsApp-de-2025-10-10-as-15.42.42_4860f902.jpg","width":860,"height":1280},{"@type":"BreadcrumbList","@id":"https:\/\/solardorosario.com.br\/galeria\/produto\/livro-as-historias-que-voce-precisa-contar\/#breadcrumb","itemListElement":[{"@type":"ListItem","position":1,"name":"In\u00edcio","item":"https:\/\/solardorosario.com.br\/galeria\/"},{"@type":"ListItem","position":2,"name":"galeria","item":"https:\/\/solardorosario.com.br\/galeria\/galeria\/"},{"@type":"ListItem","position":3,"name":"Livro - As Hist\u00f3rias que voc\u00ea precisa contar"}]},{"@type":"WebSite","@id":"https:\/\/solardorosario.com.br\/galeria\/#website","url":"https:\/\/solardorosario.com.br\/galeria\/","name":"Solar do Ros\u00e1rio Galeria \\\\\\\\Nova","description":"","potentialAction":[{"@type":"SearchAction","target":{"@type":"EntryPoint","urlTemplate":"https:\/\/solardorosario.com.br\/galeria\/?s={search_term_string}"},"query-input":{"@type":"PropertyValueSpecification","valueRequired":true,"valueName":"search_term_string"}}],"inLanguage":"pt-BR"}]}},"_links":{"self":[{"href":"https:\/\/solardorosario.com.br\/galeria\/wp-json\/wp\/v2\/product\/5919","targetHints":{"allow":["GET"]}}],"collection":[{"href":"https:\/\/solardorosario.com.br\/galeria\/wp-json\/wp\/v2\/product"}],"about":[{"href":"https:\/\/solardorosario.com.br\/galeria\/wp-json\/wp\/v2\/types\/product"}],"wp:featuredmedia":[{"embeddable":true,"href":"https:\/\/solardorosario.com.br\/galeria\/wp-json\/wp\/v2\/media\/5920"}],"wp:attachment":[{"href":"https:\/\/solardorosario.com.br\/galeria\/wp-json\/wp\/v2\/media?parent=5919"}],"wp:term":[{"taxonomy":"product_brand","embeddable":true,"href":"https:\/\/solardorosario.com.br\/galeria\/wp-json\/wp\/v2\/product_brand?post=5919"},{"taxonomy":"product_cat","embeddable":true,"href":"https:\/\/solardorosario.com.br\/galeria\/wp-json\/wp\/v2\/product_cat?post=5919"},{"taxonomy":"product_tag","embeddable":true,"href":"https:\/\/solardorosario.com.br\/galeria\/wp-json\/wp\/v2\/product_tag?post=5919"}],"curies":[{"name":"wp","href":"https:\/\/api.w.org\/{rel}","templated":true}]}}