{"id":5911,"date":"2025-10-28T18:16:51","date_gmt":"2025-10-28T21:16:51","guid":{"rendered":"https:\/\/solardorosario.com.br\/galeria\/?post_type=product&#038;p=5911"},"modified":"2026-02-11T16:49:12","modified_gmt":"2026-02-11T19:49:12","slug":"culau-igreja-de-santa-terezinha-curitiba-pr","status":"publish","type":"product","link":"https:\/\/solardorosario.com.br\/galeria\/produto\/culau-igreja-de-santa-terezinha-curitiba-pr\/","title":{"rendered":"Culau - Igreja de Santa Terezinha - Curitiba\/PR"},"content":{"rendered":"<p><strong>Artista:<\/strong> Culau<\/p>\n<p><strong>T\u00edtulo:<\/strong> Igreja de Santa Terezinha - Curitiba - PR<\/p>\n<p><strong>Dimens\u00e3o:<\/strong> 21x27cm<\/p>\n<p><strong>T\u00e9cnica:<\/strong> Gravura aquarelada (sem moldura)<\/p>\n<p>&nbsp;<\/p>\n<p>&nbsp;<\/p>\n<p>Nasceu em Santa Maria - RS, 1959. \u00c9 pintor, desenhista, urban sketcher. Se formou em publicidade e propaganda, pela UFSM\/RS, em 1990 e logo se muda para Curitiba - PR, e participa dos cursos de extens\u00e3o de Aprecia\u00e7\u00e3o Cr\u00edtica do Cinema, no Museu de Imagem e o Som. Tematiza vis\u00f5es do urbano, do social e do rural. Em 1993, \u00e9 respons\u00e1vel pela execu\u00e7\u00e3o Mural do Trabalho, do Tribunal Regional do Trabalho, em Curitiba. Tamb\u00e9m em 1993, na individual Curitiba 300 Anos, apresenta desenhos a bico-de-pena, que se destacam pelo grafismo \u2013 ao mesmo tempo sutil e seguro \u2013, abordando seus aspectos urbanos, cujas edifica\u00e7\u00f5es v\u00e3o do estilo colonial e ecl\u00e9tico ao contempor\u00e2neo. Exposi\u00e7\u00f5es individuais e coletivas em diversos locais de Santa Maria e Curitiba, al\u00e9m de sal\u00f5es, como 5.\u00ba Sal\u00e3o Paranaense da Paisagem\u201d \u2013 Pa\u00e7o Municipal\/PMM, MAC-PR\/COSEM\/SEEC, Maring\u00e1\/PR, 1990, XXII Sal\u00e3o de Belas Artes da Primavera\u201d \u2013 Clube Conc\u00f3rdia, Curitiba\/PR. Al\u00e9m disso, tem uma obra no acervo no Sindicato dos Servidores da Justi\u00e7a do Trabalho, de 1990.<\/p>\n","protected":false},"excerpt":{"rendered":"<p>Artista: Culau T\u00edtulo: Igreja de Santa Terezinha - Curitiba - PR Dimens\u00e3o: 21x27cm T\u00e9cnica: Gravura aquarelada (sem moldura) &nbsp; &nbsp; Nasceu em Santa Maria - RS, 1959. \u00c9 pintor, desenhista, urban sketcher. Se formou em publicidade e propaganda, pela UFSM\/RS, em 1990 e logo se muda para Curitiba - PR, e participa dos cursos de [&hellip;]<\/p>\n","protected":false},"featured_media":5912,"template":"","meta":[],"product_brand":[],"product_cat":[117],"product_tag":[],"class_list":{"0":"post-5911","1":"product","2":"type-product","3":"status-publish","4":"has-post-thumbnail","6":"product_cat-galeria","7":"pa_artista-culau","8":"pa_estilo-figurativo-paisagem","9":"pa_tecnica-gravura-aquarelada","11":"first","12":"instock","13":"shipping-taxable","14":"purchasable","15":"product-type-simple"},"yoast_head":"<!-- This site is optimized with the Yoast SEO plugin v27.4 - https:\/\/yoast.com\/product\/yoast-seo-wordpress\/ -->\n<title>Culau - Igreja de Santa Terezinha - Curitiba\/PR - Solar do Ros\u00e1rio Galeria \\\\\\\\Nova<\/title>\n<meta name=\"robots\" content=\"index, follow, max-snippet:-1, max-image-preview:large, max-video-preview:-1\" \/>\n<link rel=\"canonical\" href=\"https:\/\/solardorosario.com.br\/galeria\/produto\/culau-igreja-de-santa-terezinha-curitiba-pr\/\" \/>\n<meta property=\"og:locale\" content=\"pt_BR\" \/>\n<meta property=\"og:type\" content=\"article\" \/>\n<meta property=\"og:title\" content=\"Culau - Igreja de Santa Terezinha - Curitiba\/PR - Solar do Ros\u00e1rio Galeria \\\\\\\\Nova\" \/>\n<meta property=\"og:description\" content=\"Artista: Culau T\u00edtulo: Igreja de Santa Terezinha - Curitiba - PR Dimens\u00e3o: 21x27cm T\u00e9cnica: Gravura aquarelada (sem moldura) &nbsp; &nbsp; Nasceu em Santa Maria - RS, 1959. \u00c9 pintor, desenhista, urban sketcher. Se formou em publicidade e propaganda, pela UFSM\/RS, em 1990 e logo se muda para Curitiba - PR, e participa dos cursos de [&hellip;]\" \/>\n<meta property=\"og:url\" content=\"https:\/\/solardorosario.com.br\/galeria\/produto\/culau-igreja-de-santa-terezinha-curitiba-pr\/\" \/>\n<meta property=\"og:site_name\" content=\"Solar do Ros\u00e1rio Galeria \\\\\\\\Nova\" \/>\n<meta property=\"article:modified_time\" content=\"2026-02-11T19:49:12+00:00\" \/>\n<meta property=\"og:image\" content=\"https:\/\/solardorosario.com.br\/galeria\/wp-content\/uploads\/2025\/10\/Imagem-do-WhatsApp-de-2025-10-28-as-12.08.57_23521ac3.jpg\" \/>\n\t<meta property=\"og:image:width\" content=\"1280\" \/>\n\t<meta property=\"og:image:height\" content=\"1068\" \/>\n\t<meta property=\"og:image:type\" content=\"image\/jpeg\" \/>\n<meta name=\"twitter:card\" content=\"summary_large_image\" \/>\n<meta name=\"twitter:label1\" content=\"Est. tempo de leitura\" \/>\n\t<meta name=\"twitter:data1\" content=\"2 minutos\" \/>\n<script type=\"application\/ld+json\" class=\"yoast-schema-graph\">{\"@context\":\"https:\\\/\\\/schema.org\",\"@graph\":[{\"@type\":\"WebPage\",\"@id\":\"https:\\\/\\\/solardorosario.com.br\\\/galeria\\\/produto\\\/culau-igreja-de-santa-terezinha-curitiba-pr\\\/\",\"url\":\"https:\\\/\\\/solardorosario.com.br\\\/galeria\\\/produto\\\/culau-igreja-de-santa-terezinha-curitiba-pr\\\/\",\"name\":\"Culau - Igreja de Santa Terezinha - Curitiba\\\/PR - Solar do Ros\u00e1rio Galeria \\\\\\\\\\\\\\\\Nova\",\"isPartOf\":{\"@id\":\"https:\\\/\\\/solardorosario.com.br\\\/galeria\\\/#website\"},\"primaryImageOfPage\":{\"@id\":\"https:\\\/\\\/solardorosario.com.br\\\/galeria\\\/produto\\\/culau-igreja-de-santa-terezinha-curitiba-pr\\\/#primaryimage\"},\"image\":{\"@id\":\"https:\\\/\\\/solardorosario.com.br\\\/galeria\\\/produto\\\/culau-igreja-de-santa-terezinha-curitiba-pr\\\/#primaryimage\"},\"thumbnailUrl\":\"https:\\\/\\\/solardorosario.com.br\\\/galeria\\\/wp-content\\\/uploads\\\/2025\\\/10\\\/Imagem-do-WhatsApp-de-2025-10-28-as-12.08.57_23521ac3.jpg\",\"datePublished\":\"2025-10-28T21:16:51+00:00\",\"dateModified\":\"2026-02-11T19:49:12+00:00\",\"breadcrumb\":{\"@id\":\"https:\\\/\\\/solardorosario.com.br\\\/galeria\\\/produto\\\/culau-igreja-de-santa-terezinha-curitiba-pr\\\/#breadcrumb\"},\"inLanguage\":\"pt-BR\",\"potentialAction\":[{\"@type\":\"ReadAction\",\"target\":[\"https:\\\/\\\/solardorosario.com.br\\\/galeria\\\/produto\\\/culau-igreja-de-santa-terezinha-curitiba-pr\\\/\"]}]},{\"@type\":\"ImageObject\",\"inLanguage\":\"pt-BR\",\"@id\":\"https:\\\/\\\/solardorosario.com.br\\\/galeria\\\/produto\\\/culau-igreja-de-santa-terezinha-curitiba-pr\\\/#primaryimage\",\"url\":\"https:\\\/\\\/solardorosario.com.br\\\/galeria\\\/wp-content\\\/uploads\\\/2025\\\/10\\\/Imagem-do-WhatsApp-de-2025-10-28-as-12.08.57_23521ac3.jpg\",\"contentUrl\":\"https:\\\/\\\/solardorosario.com.br\\\/galeria\\\/wp-content\\\/uploads\\\/2025\\\/10\\\/Imagem-do-WhatsApp-de-2025-10-28-as-12.08.57_23521ac3.jpg\",\"width\":1280,\"height\":1068},{\"@type\":\"BreadcrumbList\",\"@id\":\"https:\\\/\\\/solardorosario.com.br\\\/galeria\\\/produto\\\/culau-igreja-de-santa-terezinha-curitiba-pr\\\/#breadcrumb\",\"itemListElement\":[{\"@type\":\"ListItem\",\"position\":1,\"name\":\"In\u00edcio\",\"item\":\"https:\\\/\\\/solardorosario.com.br\\\/galeria\\\/\"},{\"@type\":\"ListItem\",\"position\":2,\"name\":\"galeria\",\"item\":\"https:\\\/\\\/solardorosario.com.br\\\/galeria\\\/galeria\\\/\"},{\"@type\":\"ListItem\",\"position\":3,\"name\":\"Culau - Igreja de Santa Terezinha - Curitiba\\\/PR\"}]},{\"@type\":\"WebSite\",\"@id\":\"https:\\\/\\\/solardorosario.com.br\\\/galeria\\\/#website\",\"url\":\"https:\\\/\\\/solardorosario.com.br\\\/galeria\\\/\",\"name\":\"Solar do Ros\u00e1rio Galeria \\\\\\\\\\\\\\\\Nova\",\"description\":\"\",\"potentialAction\":[{\"@type\":\"SearchAction\",\"target\":{\"@type\":\"EntryPoint\",\"urlTemplate\":\"https:\\\/\\\/solardorosario.com.br\\\/galeria\\\/?s={search_term_string}\"},\"query-input\":{\"@type\":\"PropertyValueSpecification\",\"valueRequired\":true,\"valueName\":\"search_term_string\"}}],\"inLanguage\":\"pt-BR\"}]}<\/script>\n<!-- \/ Yoast SEO plugin. -->","yoast_head_json":{"title":"Culau - Igreja de Santa Terezinha - Curitiba\/PR - Solar do Ros\u00e1rio Galeria \\\\\\\\Nova","robots":{"index":"index","follow":"follow","max-snippet":"max-snippet:-1","max-image-preview":"max-image-preview:large","max-video-preview":"max-video-preview:-1"},"canonical":"https:\/\/solardorosario.com.br\/galeria\/produto\/culau-igreja-de-santa-terezinha-curitiba-pr\/","og_locale":"pt_BR","og_type":"article","og_title":"Culau - Igreja de Santa Terezinha - Curitiba\/PR - Solar do Ros\u00e1rio Galeria \\\\\\\\Nova","og_description":"Artista: Culau T\u00edtulo: Igreja de Santa Terezinha - Curitiba - PR Dimens\u00e3o: 21x27cm T\u00e9cnica: Gravura aquarelada (sem moldura) &nbsp; &nbsp; Nasceu em Santa Maria - RS, 1959. \u00c9 pintor, desenhista, urban sketcher. Se formou em publicidade e propaganda, pela UFSM\/RS, em 1990 e logo se muda para Curitiba - PR, e participa dos cursos de [&hellip;]","og_url":"https:\/\/solardorosario.com.br\/galeria\/produto\/culau-igreja-de-santa-terezinha-curitiba-pr\/","og_site_name":"Solar do Ros\u00e1rio Galeria \\\\\\\\Nova","article_modified_time":"2026-02-11T19:49:12+00:00","og_image":[{"width":1280,"height":1068,"url":"https:\/\/solardorosario.com.br\/galeria\/wp-content\/uploads\/2025\/10\/Imagem-do-WhatsApp-de-2025-10-28-as-12.08.57_23521ac3.jpg","type":"image\/jpeg"}],"twitter_card":"summary_large_image","twitter_misc":{"Est. tempo de leitura":"2 minutos"},"schema":{"@context":"https:\/\/schema.org","@graph":[{"@type":"WebPage","@id":"https:\/\/solardorosario.com.br\/galeria\/produto\/culau-igreja-de-santa-terezinha-curitiba-pr\/","url":"https:\/\/solardorosario.com.br\/galeria\/produto\/culau-igreja-de-santa-terezinha-curitiba-pr\/","name":"Culau - Igreja de Santa Terezinha - Curitiba\/PR - Solar do Ros\u00e1rio Galeria \\\\\\\\Nova","isPartOf":{"@id":"https:\/\/solardorosario.com.br\/galeria\/#website"},"primaryImageOfPage":{"@id":"https:\/\/solardorosario.com.br\/galeria\/produto\/culau-igreja-de-santa-terezinha-curitiba-pr\/#primaryimage"},"image":{"@id":"https:\/\/solardorosario.com.br\/galeria\/produto\/culau-igreja-de-santa-terezinha-curitiba-pr\/#primaryimage"},"thumbnailUrl":"https:\/\/solardorosario.com.br\/galeria\/wp-content\/uploads\/2025\/10\/Imagem-do-WhatsApp-de-2025-10-28-as-12.08.57_23521ac3.jpg","datePublished":"2025-10-28T21:16:51+00:00","dateModified":"2026-02-11T19:49:12+00:00","breadcrumb":{"@id":"https:\/\/solardorosario.com.br\/galeria\/produto\/culau-igreja-de-santa-terezinha-curitiba-pr\/#breadcrumb"},"inLanguage":"pt-BR","potentialAction":[{"@type":"ReadAction","target":["https:\/\/solardorosario.com.br\/galeria\/produto\/culau-igreja-de-santa-terezinha-curitiba-pr\/"]}]},{"@type":"ImageObject","inLanguage":"pt-BR","@id":"https:\/\/solardorosario.com.br\/galeria\/produto\/culau-igreja-de-santa-terezinha-curitiba-pr\/#primaryimage","url":"https:\/\/solardorosario.com.br\/galeria\/wp-content\/uploads\/2025\/10\/Imagem-do-WhatsApp-de-2025-10-28-as-12.08.57_23521ac3.jpg","contentUrl":"https:\/\/solardorosario.com.br\/galeria\/wp-content\/uploads\/2025\/10\/Imagem-do-WhatsApp-de-2025-10-28-as-12.08.57_23521ac3.jpg","width":1280,"height":1068},{"@type":"BreadcrumbList","@id":"https:\/\/solardorosario.com.br\/galeria\/produto\/culau-igreja-de-santa-terezinha-curitiba-pr\/#breadcrumb","itemListElement":[{"@type":"ListItem","position":1,"name":"In\u00edcio","item":"https:\/\/solardorosario.com.br\/galeria\/"},{"@type":"ListItem","position":2,"name":"galeria","item":"https:\/\/solardorosario.com.br\/galeria\/galeria\/"},{"@type":"ListItem","position":3,"name":"Culau - Igreja de Santa Terezinha - Curitiba\/PR"}]},{"@type":"WebSite","@id":"https:\/\/solardorosario.com.br\/galeria\/#website","url":"https:\/\/solardorosario.com.br\/galeria\/","name":"Solar do Ros\u00e1rio Galeria \\\\\\\\Nova","description":"","potentialAction":[{"@type":"SearchAction","target":{"@type":"EntryPoint","urlTemplate":"https:\/\/solardorosario.com.br\/galeria\/?s={search_term_string}"},"query-input":{"@type":"PropertyValueSpecification","valueRequired":true,"valueName":"search_term_string"}}],"inLanguage":"pt-BR"}]}},"_links":{"self":[{"href":"https:\/\/solardorosario.com.br\/galeria\/wp-json\/wp\/v2\/product\/5911","targetHints":{"allow":["GET"]}}],"collection":[{"href":"https:\/\/solardorosario.com.br\/galeria\/wp-json\/wp\/v2\/product"}],"about":[{"href":"https:\/\/solardorosario.com.br\/galeria\/wp-json\/wp\/v2\/types\/product"}],"wp:featuredmedia":[{"embeddable":true,"href":"https:\/\/solardorosario.com.br\/galeria\/wp-json\/wp\/v2\/media\/5912"}],"wp:attachment":[{"href":"https:\/\/solardorosario.com.br\/galeria\/wp-json\/wp\/v2\/media?parent=5911"}],"wp:term":[{"taxonomy":"product_brand","embeddable":true,"href":"https:\/\/solardorosario.com.br\/galeria\/wp-json\/wp\/v2\/product_brand?post=5911"},{"taxonomy":"product_cat","embeddable":true,"href":"https:\/\/solardorosario.com.br\/galeria\/wp-json\/wp\/v2\/product_cat?post=5911"},{"taxonomy":"product_tag","embeddable":true,"href":"https:\/\/solardorosario.com.br\/galeria\/wp-json\/wp\/v2\/product_tag?post=5911"}],"curies":[{"name":"wp","href":"https:\/\/api.w.org\/{rel}","templated":true}]}}