{"id":5808,"date":"2025-10-06T14:06:42","date_gmt":"2025-10-06T17:06:42","guid":{"rendered":"https:\/\/solardorosario.com.br\/galeria\/?post_type=product&#038;p=5808"},"modified":"2026-03-25T17:34:36","modified_gmt":"2026-03-25T20:34:36","slug":"inos-corradin-sao-francisco","status":"publish","type":"product","link":"https:\/\/solardorosario.com.br\/galeria\/produto\/inos-corradin-sao-francisco\/","title":{"rendered":"Inos Corradin - S\u00e3o Francisco"},"content":{"rendered":"<p><strong>Artista:<\/strong> Inos Corradin<\/p>\n<p><strong>T\u00edtulo:<\/strong> S\u00e3o Francisco<\/p>\n<p><strong>Dimens\u00e3o:<\/strong> 70x50cm<\/p>\n<p><strong>T\u00e9cnica:<\/strong> Serigrafia (sem moldura)<\/p>\n<p>&nbsp;<\/p>\n<p>&nbsp;<\/p>\n<p><!--StartFragment --><span class=\"cf0\">Inos<\/span> <span class=\"cf0\">Corradin<\/span><span class=\"cf0\"> \u00e9 um artista visual, pintor, cen\u00f3grafo, gravurista e desenhista. \u00c9 italiano, nascido em 1929, e ainda crian\u00e7a teve seu primeiro contato com a arte. Em <\/span><span class=\"cf0\">Castelbaldo<\/span><span class=\"cf0\">, teve aulas com o mestre <\/span><span class=\"cf0\">Tardivello<\/span><span class=\"cf0\">, e aprimorou suas t\u00e9cnicas de pintura e desenho. Em 1950, se mudou para S\u00e3o Paulo, se estabelecendo no interior de S\u00e3o Paulo, em Jundia\u00ed. Nos anos seguintes, participa de mostras coletivas como o Sal\u00e3o Paulista de Arte Moderna e Sal\u00e3o Nacional de Arte Moderna. Na d\u00e9cada de 1980, al\u00e9m de exposi\u00e7\u00f5es em diversas cidades brasileiras, sua carreira internacional j\u00e1 estava bastante consolidada, com exposi\u00e7\u00f5es individuais na It\u00e1lia, Alemanha, Su\u00ed\u00e7a, Estados Unidos, Argentina, Uruguai, Holanda e Canad\u00e1. <\/span><!--EndFragment --><\/p>\n","protected":false},"excerpt":{"rendered":"<p>Artista: Inos Corradin T\u00edtulo: S\u00e3o Francisco Dimens\u00e3o: 70x50cm T\u00e9cnica: Serigrafia (sem moldura) &nbsp; &nbsp; Inos Corradin \u00e9 um artista visual, pintor, cen\u00f3grafo, gravurista e desenhista. \u00c9 italiano, nascido em 1929, e ainda crian\u00e7a teve seu primeiro contato com a arte. Em Castelbaldo, teve aulas com o mestre Tardivello, e aprimorou suas t\u00e9cnicas de pintura e [&hellip;]<\/p>\n","protected":false},"featured_media":5814,"template":"","meta":[],"product_brand":[],"product_cat":[117],"product_tag":[],"class_list":{"0":"post-5808","1":"product","2":"type-product","3":"status-publish","4":"has-post-thumbnail","6":"product_cat-galeria","7":"pa_artista-inos-corradin","8":"pa_estilo-figurativo","9":"pa_tecnica-serigrafia","11":"first","12":"instock","13":"shipping-taxable","14":"product-type-simple"},"yoast_head":"<!-- This site is optimized with the Yoast SEO plugin v27.4 - https:\/\/yoast.com\/product\/yoast-seo-wordpress\/ -->\n<title>Inos Corradin - S\u00e3o Francisco - Solar do Ros\u00e1rio Galeria \\\\\\\\Nova<\/title>\n<meta name=\"robots\" content=\"index, follow, max-snippet:-1, max-image-preview:large, max-video-preview:-1\" \/>\n<link rel=\"canonical\" href=\"https:\/\/solardorosario.com.br\/galeria\/produto\/inos-corradin-sao-francisco\/\" \/>\n<meta property=\"og:locale\" content=\"pt_BR\" \/>\n<meta property=\"og:type\" content=\"article\" \/>\n<meta property=\"og:title\" content=\"Inos Corradin - S\u00e3o Francisco - Solar do Ros\u00e1rio Galeria \\\\\\\\Nova\" \/>\n<meta property=\"og:description\" content=\"Artista: Inos Corradin T\u00edtulo: S\u00e3o Francisco Dimens\u00e3o: 70x50cm T\u00e9cnica: Serigrafia (sem moldura) &nbsp; &nbsp; Inos Corradin \u00e9 um artista visual, pintor, cen\u00f3grafo, gravurista e desenhista. \u00c9 italiano, nascido em 1929, e ainda crian\u00e7a teve seu primeiro contato com a arte. Em Castelbaldo, teve aulas com o mestre Tardivello, e aprimorou suas t\u00e9cnicas de pintura e [&hellip;]\" \/>\n<meta property=\"og:url\" content=\"https:\/\/solardorosario.com.br\/galeria\/produto\/inos-corradin-sao-francisco\/\" \/>\n<meta property=\"og:site_name\" content=\"Solar do Ros\u00e1rio Galeria \\\\\\\\Nova\" \/>\n<meta property=\"article:modified_time\" content=\"2026-03-25T20:34:36+00:00\" \/>\n<meta property=\"og:image\" content=\"https:\/\/solardorosario.com.br\/galeria\/wp-content\/uploads\/2025\/10\/Inos-Coradin-07607.jpg\" \/>\n\t<meta property=\"og:image:width\" content=\"1644\" \/>\n\t<meta property=\"og:image:height\" content=\"2312\" \/>\n\t<meta property=\"og:image:type\" content=\"image\/jpeg\" \/>\n<meta name=\"twitter:card\" content=\"summary_large_image\" \/>\n<meta name=\"twitter:label1\" content=\"Est. tempo de leitura\" \/>\n\t<meta name=\"twitter:data1\" content=\"1 minuto\" \/>\n<script type=\"application\/ld+json\" class=\"yoast-schema-graph\">{\"@context\":\"https:\\\/\\\/schema.org\",\"@graph\":[{\"@type\":\"WebPage\",\"@id\":\"https:\\\/\\\/solardorosario.com.br\\\/galeria\\\/produto\\\/inos-corradin-sao-francisco\\\/\",\"url\":\"https:\\\/\\\/solardorosario.com.br\\\/galeria\\\/produto\\\/inos-corradin-sao-francisco\\\/\",\"name\":\"Inos Corradin - S\u00e3o Francisco - Solar do Ros\u00e1rio Galeria \\\\\\\\\\\\\\\\Nova\",\"isPartOf\":{\"@id\":\"https:\\\/\\\/solardorosario.com.br\\\/galeria\\\/#website\"},\"primaryImageOfPage\":{\"@id\":\"https:\\\/\\\/solardorosario.com.br\\\/galeria\\\/produto\\\/inos-corradin-sao-francisco\\\/#primaryimage\"},\"image\":{\"@id\":\"https:\\\/\\\/solardorosario.com.br\\\/galeria\\\/produto\\\/inos-corradin-sao-francisco\\\/#primaryimage\"},\"thumbnailUrl\":\"https:\\\/\\\/solardorosario.com.br\\\/galeria\\\/wp-content\\\/uploads\\\/2025\\\/10\\\/Inos-Coradin-07607.jpg\",\"datePublished\":\"2025-10-06T17:06:42+00:00\",\"dateModified\":\"2026-03-25T20:34:36+00:00\",\"breadcrumb\":{\"@id\":\"https:\\\/\\\/solardorosario.com.br\\\/galeria\\\/produto\\\/inos-corradin-sao-francisco\\\/#breadcrumb\"},\"inLanguage\":\"pt-BR\",\"potentialAction\":[{\"@type\":\"ReadAction\",\"target\":[\"https:\\\/\\\/solardorosario.com.br\\\/galeria\\\/produto\\\/inos-corradin-sao-francisco\\\/\"]}]},{\"@type\":\"ImageObject\",\"inLanguage\":\"pt-BR\",\"@id\":\"https:\\\/\\\/solardorosario.com.br\\\/galeria\\\/produto\\\/inos-corradin-sao-francisco\\\/#primaryimage\",\"url\":\"https:\\\/\\\/solardorosario.com.br\\\/galeria\\\/wp-content\\\/uploads\\\/2025\\\/10\\\/Inos-Coradin-07607.jpg\",\"contentUrl\":\"https:\\\/\\\/solardorosario.com.br\\\/galeria\\\/wp-content\\\/uploads\\\/2025\\\/10\\\/Inos-Coradin-07607.jpg\",\"width\":1644,\"height\":2312},{\"@type\":\"BreadcrumbList\",\"@id\":\"https:\\\/\\\/solardorosario.com.br\\\/galeria\\\/produto\\\/inos-corradin-sao-francisco\\\/#breadcrumb\",\"itemListElement\":[{\"@type\":\"ListItem\",\"position\":1,\"name\":\"In\u00edcio\",\"item\":\"https:\\\/\\\/solardorosario.com.br\\\/galeria\\\/\"},{\"@type\":\"ListItem\",\"position\":2,\"name\":\"galeria\",\"item\":\"https:\\\/\\\/solardorosario.com.br\\\/galeria\\\/galeria\\\/\"},{\"@type\":\"ListItem\",\"position\":3,\"name\":\"Inos Corradin - S\u00e3o Francisco\"}]},{\"@type\":\"WebSite\",\"@id\":\"https:\\\/\\\/solardorosario.com.br\\\/galeria\\\/#website\",\"url\":\"https:\\\/\\\/solardorosario.com.br\\\/galeria\\\/\",\"name\":\"Solar do Ros\u00e1rio Galeria \\\\\\\\\\\\\\\\Nova\",\"description\":\"\",\"potentialAction\":[{\"@type\":\"SearchAction\",\"target\":{\"@type\":\"EntryPoint\",\"urlTemplate\":\"https:\\\/\\\/solardorosario.com.br\\\/galeria\\\/?s={search_term_string}\"},\"query-input\":{\"@type\":\"PropertyValueSpecification\",\"valueRequired\":true,\"valueName\":\"search_term_string\"}}],\"inLanguage\":\"pt-BR\"}]}<\/script>\n<!-- \/ Yoast SEO plugin. -->","yoast_head_json":{"title":"Inos Corradin - S\u00e3o Francisco - Solar do Ros\u00e1rio Galeria \\\\\\\\Nova","robots":{"index":"index","follow":"follow","max-snippet":"max-snippet:-1","max-image-preview":"max-image-preview:large","max-video-preview":"max-video-preview:-1"},"canonical":"https:\/\/solardorosario.com.br\/galeria\/produto\/inos-corradin-sao-francisco\/","og_locale":"pt_BR","og_type":"article","og_title":"Inos Corradin - S\u00e3o Francisco - Solar do Ros\u00e1rio Galeria \\\\\\\\Nova","og_description":"Artista: Inos Corradin T\u00edtulo: S\u00e3o Francisco Dimens\u00e3o: 70x50cm T\u00e9cnica: Serigrafia (sem moldura) &nbsp; &nbsp; Inos Corradin \u00e9 um artista visual, pintor, cen\u00f3grafo, gravurista e desenhista. \u00c9 italiano, nascido em 1929, e ainda crian\u00e7a teve seu primeiro contato com a arte. Em Castelbaldo, teve aulas com o mestre Tardivello, e aprimorou suas t\u00e9cnicas de pintura e [&hellip;]","og_url":"https:\/\/solardorosario.com.br\/galeria\/produto\/inos-corradin-sao-francisco\/","og_site_name":"Solar do Ros\u00e1rio Galeria \\\\\\\\Nova","article_modified_time":"2026-03-25T20:34:36+00:00","og_image":[{"width":1644,"height":2312,"url":"https:\/\/solardorosario.com.br\/galeria\/wp-content\/uploads\/2025\/10\/Inos-Coradin-07607.jpg","type":"image\/jpeg"}],"twitter_card":"summary_large_image","twitter_misc":{"Est. tempo de leitura":"1 minuto"},"schema":{"@context":"https:\/\/schema.org","@graph":[{"@type":"WebPage","@id":"https:\/\/solardorosario.com.br\/galeria\/produto\/inos-corradin-sao-francisco\/","url":"https:\/\/solardorosario.com.br\/galeria\/produto\/inos-corradin-sao-francisco\/","name":"Inos Corradin - S\u00e3o Francisco - Solar do Ros\u00e1rio Galeria \\\\\\\\Nova","isPartOf":{"@id":"https:\/\/solardorosario.com.br\/galeria\/#website"},"primaryImageOfPage":{"@id":"https:\/\/solardorosario.com.br\/galeria\/produto\/inos-corradin-sao-francisco\/#primaryimage"},"image":{"@id":"https:\/\/solardorosario.com.br\/galeria\/produto\/inos-corradin-sao-francisco\/#primaryimage"},"thumbnailUrl":"https:\/\/solardorosario.com.br\/galeria\/wp-content\/uploads\/2025\/10\/Inos-Coradin-07607.jpg","datePublished":"2025-10-06T17:06:42+00:00","dateModified":"2026-03-25T20:34:36+00:00","breadcrumb":{"@id":"https:\/\/solardorosario.com.br\/galeria\/produto\/inos-corradin-sao-francisco\/#breadcrumb"},"inLanguage":"pt-BR","potentialAction":[{"@type":"ReadAction","target":["https:\/\/solardorosario.com.br\/galeria\/produto\/inos-corradin-sao-francisco\/"]}]},{"@type":"ImageObject","inLanguage":"pt-BR","@id":"https:\/\/solardorosario.com.br\/galeria\/produto\/inos-corradin-sao-francisco\/#primaryimage","url":"https:\/\/solardorosario.com.br\/galeria\/wp-content\/uploads\/2025\/10\/Inos-Coradin-07607.jpg","contentUrl":"https:\/\/solardorosario.com.br\/galeria\/wp-content\/uploads\/2025\/10\/Inos-Coradin-07607.jpg","width":1644,"height":2312},{"@type":"BreadcrumbList","@id":"https:\/\/solardorosario.com.br\/galeria\/produto\/inos-corradin-sao-francisco\/#breadcrumb","itemListElement":[{"@type":"ListItem","position":1,"name":"In\u00edcio","item":"https:\/\/solardorosario.com.br\/galeria\/"},{"@type":"ListItem","position":2,"name":"galeria","item":"https:\/\/solardorosario.com.br\/galeria\/galeria\/"},{"@type":"ListItem","position":3,"name":"Inos Corradin - S\u00e3o Francisco"}]},{"@type":"WebSite","@id":"https:\/\/solardorosario.com.br\/galeria\/#website","url":"https:\/\/solardorosario.com.br\/galeria\/","name":"Solar do Ros\u00e1rio Galeria \\\\\\\\Nova","description":"","potentialAction":[{"@type":"SearchAction","target":{"@type":"EntryPoint","urlTemplate":"https:\/\/solardorosario.com.br\/galeria\/?s={search_term_string}"},"query-input":{"@type":"PropertyValueSpecification","valueRequired":true,"valueName":"search_term_string"}}],"inLanguage":"pt-BR"}]}},"_links":{"self":[{"href":"https:\/\/solardorosario.com.br\/galeria\/wp-json\/wp\/v2\/product\/5808","targetHints":{"allow":["GET"]}}],"collection":[{"href":"https:\/\/solardorosario.com.br\/galeria\/wp-json\/wp\/v2\/product"}],"about":[{"href":"https:\/\/solardorosario.com.br\/galeria\/wp-json\/wp\/v2\/types\/product"}],"wp:featuredmedia":[{"embeddable":true,"href":"https:\/\/solardorosario.com.br\/galeria\/wp-json\/wp\/v2\/media\/5814"}],"wp:attachment":[{"href":"https:\/\/solardorosario.com.br\/galeria\/wp-json\/wp\/v2\/media?parent=5808"}],"wp:term":[{"taxonomy":"product_brand","embeddable":true,"href":"https:\/\/solardorosario.com.br\/galeria\/wp-json\/wp\/v2\/product_brand?post=5808"},{"taxonomy":"product_cat","embeddable":true,"href":"https:\/\/solardorosario.com.br\/galeria\/wp-json\/wp\/v2\/product_cat?post=5808"},{"taxonomy":"product_tag","embeddable":true,"href":"https:\/\/solardorosario.com.br\/galeria\/wp-json\/wp\/v2\/product_tag?post=5808"}],"curies":[{"name":"wp","href":"https:\/\/api.w.org\/{rel}","templated":true}]}}