{"id":5676,"date":"2025-08-06T11:45:23","date_gmt":"2025-08-06T14:45:23","guid":{"rendered":"https:\/\/solardorosario.com.br\/galeria\/?post_type=product&#038;p=5676"},"modified":"2026-04-15T14:24:42","modified_gmt":"2026-04-15T17:24:42","slug":"rogerio-dias-sao-francisco-15x10cm-1","status":"publish","type":"product","link":"https:\/\/solardorosario.com.br\/galeria\/produto\/rogerio-dias-sao-francisco-15x10cm-1\/","title":{"rendered":"Rog\u00e9rio Dias - S\u00e3o Francisco 15x10cm (1)"},"content":{"rendered":"<p><strong>Artista:<\/strong> Rog\u00e9rio Dias<\/p>\n<p><strong>T\u00edtulo:<\/strong> S\u00e3o Francisco (1)<\/p>\n<p><strong>Dimens\u00e3o:<\/strong> 15x10cm<\/p>\n<p><strong>T\u00e9cnica:<\/strong> Acr\u00edlica sobre tela (com moldura)<\/p>\n<p>&nbsp;<\/p>\n<p>&nbsp;<\/p>\n<p class=\"pf0\"><span class=\"cf0\">Rog\u00e9rio Dias, o pintor dos p\u00e1ssaros, nasceu em Jacarezinho em 1945. Considerado um dos expoentes da arte paranaense e brasileira, destacou-se na chamada gera\u00e7\u00e3o 80 como artista pl\u00e1stico, companheiro dos geniais Leminski, escritor, Solda, caricaturista e <\/span><span class=\"cf0\">Poty<\/span><span class=\"cf0\">, artista consagrado. <\/span><\/p>\n<p class=\"pf0\"><span class=\"cf0\">Foi publicit\u00e1rio, cartunista, ator, jornalista e diretor de arte da Revista Passarola da Varig, de 1975 a 1979. Autor do mural de grande dimens\u00e3o, situado no Centro C\u00edvico de Curitiba, sobre as origens do Rio Igua\u00e7u, at\u00e9 as Cataratas. <\/span><\/p>\n<p class=\"pf0\"><span class=\"cf0\">O governo e a prefeitura sempre presentearam dignit\u00e1rios estrangeiros com os p\u00e1ssaros de Rog\u00e9rio Dias. <\/span><\/p>\n<p class=\"pf0\"><span class=\"cf0\">As gralhas azuis do pintor voaram para v\u00e1rias cole\u00e7\u00f5es e museus do mundo. A Galeria Solar do Ros\u00e1rio desde a sua funda\u00e7\u00e3o, em 1992, trabalha divulgando a arte desse grande artista. <\/span><\/p>\n<p class=\"pf0\"><strong><span class=\"cf0\">Regina <\/span><span class=\"cf0\">Casillo<\/span><\/strong><\/p>\n<p class=\"pf0\"><strong><span class=\"cf0\">Diretora e fundadora do Solar do Ros\u00e1rio, membro da APL.<\/span><\/strong><\/p>\n<p>&nbsp;<\/p>\n<p>&nbsp;<\/p>\n<p><em>Impulsionado pela inquieta\u00e7\u00e3o, Rog\u00e9rio Dias constr\u00f3i seus p\u00e1ssaros, solit\u00e1rios ou \u00e0s dezenas, em m\u00f3dulos sequ\u00eancias e os transforma em interlocutores cr\u00edticos da realidade. Passivos ou agressivos, expressos por formas vigorosas e bem definidas ou em r\u00e1pidas pinceladas apenas sugerindo as formas, que ainda assim s\u00e3o reconhec\u00edveis, esses pretendem, mais do que tudo, apreender a realidade.<\/em><br \/>\n<em>\u00c9 sob essa perspectiva que se percebe a busca exemplar da similaridade empreendida pelo artista em sua obra. O que ele procura \u00e9 uma semelhan\u00e7a essencial e n\u00e3o imitativa. E se \u00e9 verdade que cada nova \u00e9poca os artistas buscam diferentes estrat\u00e9gias para avan\u00e7ar at\u00e9 a realidade, ent\u00e3o a similaridade precisa ser sempre reinventada para que se cumpra a fun\u00e7\u00e3o da arte.<\/em><br \/>\n<em>As obras do Rog\u00e9rio Dias, em grandes formatos ou em pequenas e intimistas composi\u00e7\u00f5es, ao mesmo tempo em que encantam tamb\u00e9m intrigam, colocando desta forma \u00e0 disposi\u00e7\u00e3o do observador a possibilidade da experi\u00eancia est\u00e9tica na sua plenitude.<\/em><\/p>\n<p>Noronha, 2000<\/p>\n<p>*Trecho retirado do livro Pintores Contempor\u00e2neos do Paran\u00e1, Vol 1, editado pelo Solar do Ros\u00e1rio em 2000<\/p>\n","protected":false},"excerpt":{"rendered":"<p>Artista: Rog\u00e9rio Dias T\u00edtulo: S\u00e3o Francisco (1) Dimens\u00e3o: 15x10cm T\u00e9cnica: Acr\u00edlica sobre tela (com moldura) &nbsp; &nbsp; Rog\u00e9rio Dias, o pintor dos p\u00e1ssaros, nasceu em Jacarezinho em 1945. Considerado um dos expoentes da arte paranaense e brasileira, destacou-se na chamada gera\u00e7\u00e3o 80 como artista pl\u00e1stico, companheiro dos geniais Leminski, escritor, Solda, caricaturista e Poty, artista [&hellip;]<\/p>\n","protected":false},"featured_media":5678,"template":"","meta":[],"product_brand":[],"product_cat":[117],"product_tag":[],"class_list":{"0":"post-5676","1":"product","2":"type-product","3":"status-publish","4":"has-post-thumbnail","6":"product_cat-galeria","7":"pa_artista-rogerio-dias","8":"pa_estilo-figurativo","9":"pa_tecnica-acrilica-sobre-tela","11":"first","12":"instock","13":"shipping-taxable","14":"purchasable","15":"product-type-simple"},"yoast_head":"<!-- This site is optimized with the Yoast SEO plugin v27.4 - https:\/\/yoast.com\/product\/yoast-seo-wordpress\/ -->\n<title>Rog\u00e9rio Dias - S\u00e3o Francisco 15x10cm (1) - Solar do Ros\u00e1rio Galeria \\\\\\\\Nova<\/title>\n<meta name=\"robots\" content=\"index, follow, max-snippet:-1, max-image-preview:large, max-video-preview:-1\" \/>\n<link rel=\"canonical\" href=\"https:\/\/solardorosario.com.br\/galeria\/produto\/rogerio-dias-sao-francisco-15x10cm-1\/\" \/>\n<meta property=\"og:locale\" content=\"pt_BR\" \/>\n<meta property=\"og:type\" content=\"article\" \/>\n<meta property=\"og:title\" content=\"Rog\u00e9rio Dias - S\u00e3o Francisco 15x10cm (1) - Solar do Ros\u00e1rio Galeria \\\\\\\\Nova\" \/>\n<meta property=\"og:description\" content=\"Artista: Rog\u00e9rio Dias T\u00edtulo: S\u00e3o Francisco (1) Dimens\u00e3o: 15x10cm T\u00e9cnica: Acr\u00edlica sobre tela (com moldura) &nbsp; &nbsp; Rog\u00e9rio Dias, o pintor dos p\u00e1ssaros, nasceu em Jacarezinho em 1945. Considerado um dos expoentes da arte paranaense e brasileira, destacou-se na chamada gera\u00e7\u00e3o 80 como artista pl\u00e1stico, companheiro dos geniais Leminski, escritor, Solda, caricaturista e Poty, artista [&hellip;]\" \/>\n<meta property=\"og:url\" content=\"https:\/\/solardorosario.com.br\/galeria\/produto\/rogerio-dias-sao-francisco-15x10cm-1\/\" \/>\n<meta property=\"og:site_name\" content=\"Solar do Ros\u00e1rio Galeria \\\\\\\\Nova\" \/>\n<meta property=\"article:modified_time\" content=\"2026-04-15T17:24:42+00:00\" \/>\n<meta property=\"og:image\" content=\"https:\/\/solardorosario.com.br\/galeria\/wp-content\/uploads\/2025\/08\/Imagem-do-WhatsApp-de-2025-08-04-as-15.56.53_a08a2df6.jpg\" \/>\n\t<meta property=\"og:image:width\" content=\"1049\" \/>\n\t<meta property=\"og:image:height\" content=\"1280\" \/>\n\t<meta property=\"og:image:type\" content=\"image\/jpeg\" \/>\n<meta name=\"twitter:card\" content=\"summary_large_image\" \/>\n<meta name=\"twitter:label1\" content=\"Est. tempo de leitura\" \/>\n\t<meta name=\"twitter:data1\" content=\"2 minutos\" \/>\n<script type=\"application\/ld+json\" class=\"yoast-schema-graph\">{\"@context\":\"https:\\\/\\\/schema.org\",\"@graph\":[{\"@type\":\"WebPage\",\"@id\":\"https:\\\/\\\/solardorosario.com.br\\\/galeria\\\/produto\\\/rogerio-dias-sao-francisco-15x10cm-1\\\/\",\"url\":\"https:\\\/\\\/solardorosario.com.br\\\/galeria\\\/produto\\\/rogerio-dias-sao-francisco-15x10cm-1\\\/\",\"name\":\"Rog\u00e9rio Dias - S\u00e3o Francisco 15x10cm (1) - Solar do Ros\u00e1rio Galeria \\\\\\\\\\\\\\\\Nova\",\"isPartOf\":{\"@id\":\"https:\\\/\\\/solardorosario.com.br\\\/galeria\\\/#website\"},\"primaryImageOfPage\":{\"@id\":\"https:\\\/\\\/solardorosario.com.br\\\/galeria\\\/produto\\\/rogerio-dias-sao-francisco-15x10cm-1\\\/#primaryimage\"},\"image\":{\"@id\":\"https:\\\/\\\/solardorosario.com.br\\\/galeria\\\/produto\\\/rogerio-dias-sao-francisco-15x10cm-1\\\/#primaryimage\"},\"thumbnailUrl\":\"https:\\\/\\\/solardorosario.com.br\\\/galeria\\\/wp-content\\\/uploads\\\/2025\\\/08\\\/Imagem-do-WhatsApp-de-2025-08-04-as-15.56.53_a08a2df6.jpg\",\"datePublished\":\"2025-08-06T14:45:23+00:00\",\"dateModified\":\"2026-04-15T17:24:42+00:00\",\"breadcrumb\":{\"@id\":\"https:\\\/\\\/solardorosario.com.br\\\/galeria\\\/produto\\\/rogerio-dias-sao-francisco-15x10cm-1\\\/#breadcrumb\"},\"inLanguage\":\"pt-BR\",\"potentialAction\":[{\"@type\":\"ReadAction\",\"target\":[\"https:\\\/\\\/solardorosario.com.br\\\/galeria\\\/produto\\\/rogerio-dias-sao-francisco-15x10cm-1\\\/\"]}]},{\"@type\":\"ImageObject\",\"inLanguage\":\"pt-BR\",\"@id\":\"https:\\\/\\\/solardorosario.com.br\\\/galeria\\\/produto\\\/rogerio-dias-sao-francisco-15x10cm-1\\\/#primaryimage\",\"url\":\"https:\\\/\\\/solardorosario.com.br\\\/galeria\\\/wp-content\\\/uploads\\\/2025\\\/08\\\/Imagem-do-WhatsApp-de-2025-08-04-as-15.56.53_a08a2df6.jpg\",\"contentUrl\":\"https:\\\/\\\/solardorosario.com.br\\\/galeria\\\/wp-content\\\/uploads\\\/2025\\\/08\\\/Imagem-do-WhatsApp-de-2025-08-04-as-15.56.53_a08a2df6.jpg\",\"width\":1049,\"height\":1280},{\"@type\":\"BreadcrumbList\",\"@id\":\"https:\\\/\\\/solardorosario.com.br\\\/galeria\\\/produto\\\/rogerio-dias-sao-francisco-15x10cm-1\\\/#breadcrumb\",\"itemListElement\":[{\"@type\":\"ListItem\",\"position\":1,\"name\":\"In\u00edcio\",\"item\":\"https:\\\/\\\/solardorosario.com.br\\\/galeria\\\/\"},{\"@type\":\"ListItem\",\"position\":2,\"name\":\"galeria\",\"item\":\"https:\\\/\\\/solardorosario.com.br\\\/galeria\\\/galeria\\\/\"},{\"@type\":\"ListItem\",\"position\":3,\"name\":\"Rog\u00e9rio Dias - S\u00e3o Francisco 15x10cm (1)\"}]},{\"@type\":\"WebSite\",\"@id\":\"https:\\\/\\\/solardorosario.com.br\\\/galeria\\\/#website\",\"url\":\"https:\\\/\\\/solardorosario.com.br\\\/galeria\\\/\",\"name\":\"Solar do Ros\u00e1rio Galeria \\\\\\\\\\\\\\\\Nova\",\"description\":\"\",\"potentialAction\":[{\"@type\":\"SearchAction\",\"target\":{\"@type\":\"EntryPoint\",\"urlTemplate\":\"https:\\\/\\\/solardorosario.com.br\\\/galeria\\\/?s={search_term_string}\"},\"query-input\":{\"@type\":\"PropertyValueSpecification\",\"valueRequired\":true,\"valueName\":\"search_term_string\"}}],\"inLanguage\":\"pt-BR\"}]}<\/script>\n<!-- \/ Yoast SEO plugin. -->","yoast_head_json":{"title":"Rog\u00e9rio Dias - S\u00e3o Francisco 15x10cm (1) - Solar do Ros\u00e1rio Galeria \\\\\\\\Nova","robots":{"index":"index","follow":"follow","max-snippet":"max-snippet:-1","max-image-preview":"max-image-preview:large","max-video-preview":"max-video-preview:-1"},"canonical":"https:\/\/solardorosario.com.br\/galeria\/produto\/rogerio-dias-sao-francisco-15x10cm-1\/","og_locale":"pt_BR","og_type":"article","og_title":"Rog\u00e9rio Dias - S\u00e3o Francisco 15x10cm (1) - Solar do Ros\u00e1rio Galeria \\\\\\\\Nova","og_description":"Artista: Rog\u00e9rio Dias T\u00edtulo: S\u00e3o Francisco (1) Dimens\u00e3o: 15x10cm T\u00e9cnica: Acr\u00edlica sobre tela (com moldura) &nbsp; &nbsp; Rog\u00e9rio Dias, o pintor dos p\u00e1ssaros, nasceu em Jacarezinho em 1945. Considerado um dos expoentes da arte paranaense e brasileira, destacou-se na chamada gera\u00e7\u00e3o 80 como artista pl\u00e1stico, companheiro dos geniais Leminski, escritor, Solda, caricaturista e Poty, artista [&hellip;]","og_url":"https:\/\/solardorosario.com.br\/galeria\/produto\/rogerio-dias-sao-francisco-15x10cm-1\/","og_site_name":"Solar do Ros\u00e1rio Galeria \\\\\\\\Nova","article_modified_time":"2026-04-15T17:24:42+00:00","og_image":[{"width":1049,"height":1280,"url":"https:\/\/solardorosario.com.br\/galeria\/wp-content\/uploads\/2025\/08\/Imagem-do-WhatsApp-de-2025-08-04-as-15.56.53_a08a2df6.jpg","type":"image\/jpeg"}],"twitter_card":"summary_large_image","twitter_misc":{"Est. tempo de leitura":"2 minutos"},"schema":{"@context":"https:\/\/schema.org","@graph":[{"@type":"WebPage","@id":"https:\/\/solardorosario.com.br\/galeria\/produto\/rogerio-dias-sao-francisco-15x10cm-1\/","url":"https:\/\/solardorosario.com.br\/galeria\/produto\/rogerio-dias-sao-francisco-15x10cm-1\/","name":"Rog\u00e9rio Dias - S\u00e3o Francisco 15x10cm (1) - Solar do Ros\u00e1rio Galeria \\\\\\\\Nova","isPartOf":{"@id":"https:\/\/solardorosario.com.br\/galeria\/#website"},"primaryImageOfPage":{"@id":"https:\/\/solardorosario.com.br\/galeria\/produto\/rogerio-dias-sao-francisco-15x10cm-1\/#primaryimage"},"image":{"@id":"https:\/\/solardorosario.com.br\/galeria\/produto\/rogerio-dias-sao-francisco-15x10cm-1\/#primaryimage"},"thumbnailUrl":"https:\/\/solardorosario.com.br\/galeria\/wp-content\/uploads\/2025\/08\/Imagem-do-WhatsApp-de-2025-08-04-as-15.56.53_a08a2df6.jpg","datePublished":"2025-08-06T14:45:23+00:00","dateModified":"2026-04-15T17:24:42+00:00","breadcrumb":{"@id":"https:\/\/solardorosario.com.br\/galeria\/produto\/rogerio-dias-sao-francisco-15x10cm-1\/#breadcrumb"},"inLanguage":"pt-BR","potentialAction":[{"@type":"ReadAction","target":["https:\/\/solardorosario.com.br\/galeria\/produto\/rogerio-dias-sao-francisco-15x10cm-1\/"]}]},{"@type":"ImageObject","inLanguage":"pt-BR","@id":"https:\/\/solardorosario.com.br\/galeria\/produto\/rogerio-dias-sao-francisco-15x10cm-1\/#primaryimage","url":"https:\/\/solardorosario.com.br\/galeria\/wp-content\/uploads\/2025\/08\/Imagem-do-WhatsApp-de-2025-08-04-as-15.56.53_a08a2df6.jpg","contentUrl":"https:\/\/solardorosario.com.br\/galeria\/wp-content\/uploads\/2025\/08\/Imagem-do-WhatsApp-de-2025-08-04-as-15.56.53_a08a2df6.jpg","width":1049,"height":1280},{"@type":"BreadcrumbList","@id":"https:\/\/solardorosario.com.br\/galeria\/produto\/rogerio-dias-sao-francisco-15x10cm-1\/#breadcrumb","itemListElement":[{"@type":"ListItem","position":1,"name":"In\u00edcio","item":"https:\/\/solardorosario.com.br\/galeria\/"},{"@type":"ListItem","position":2,"name":"galeria","item":"https:\/\/solardorosario.com.br\/galeria\/galeria\/"},{"@type":"ListItem","position":3,"name":"Rog\u00e9rio Dias - S\u00e3o Francisco 15x10cm (1)"}]},{"@type":"WebSite","@id":"https:\/\/solardorosario.com.br\/galeria\/#website","url":"https:\/\/solardorosario.com.br\/galeria\/","name":"Solar do Ros\u00e1rio Galeria \\\\\\\\Nova","description":"","potentialAction":[{"@type":"SearchAction","target":{"@type":"EntryPoint","urlTemplate":"https:\/\/solardorosario.com.br\/galeria\/?s={search_term_string}"},"query-input":{"@type":"PropertyValueSpecification","valueRequired":true,"valueName":"search_term_string"}}],"inLanguage":"pt-BR"}]}},"_links":{"self":[{"href":"https:\/\/solardorosario.com.br\/galeria\/wp-json\/wp\/v2\/product\/5676","targetHints":{"allow":["GET"]}}],"collection":[{"href":"https:\/\/solardorosario.com.br\/galeria\/wp-json\/wp\/v2\/product"}],"about":[{"href":"https:\/\/solardorosario.com.br\/galeria\/wp-json\/wp\/v2\/types\/product"}],"wp:featuredmedia":[{"embeddable":true,"href":"https:\/\/solardorosario.com.br\/galeria\/wp-json\/wp\/v2\/media\/5678"}],"wp:attachment":[{"href":"https:\/\/solardorosario.com.br\/galeria\/wp-json\/wp\/v2\/media?parent=5676"}],"wp:term":[{"taxonomy":"product_brand","embeddable":true,"href":"https:\/\/solardorosario.com.br\/galeria\/wp-json\/wp\/v2\/product_brand?post=5676"},{"taxonomy":"product_cat","embeddable":true,"href":"https:\/\/solardorosario.com.br\/galeria\/wp-json\/wp\/v2\/product_cat?post=5676"},{"taxonomy":"product_tag","embeddable":true,"href":"https:\/\/solardorosario.com.br\/galeria\/wp-json\/wp\/v2\/product_tag?post=5676"}],"curies":[{"name":"wp","href":"https:\/\/api.w.org\/{rel}","templated":true}]}}