{"id":5538,"date":"2025-06-26T11:57:53","date_gmt":"2025-06-26T14:57:53","guid":{"rendered":"https:\/\/solardorosario.com.br\/galeria\/?post_type=product&#038;p=5538"},"modified":"2026-03-23T14:19:24","modified_gmt":"2026-03-23T17:19:24","slug":"eloir-jr-passeio-na-bicicleta","status":"publish","type":"product","link":"https:\/\/solardorosario.com.br\/galeria\/produto\/eloir-jr-passeio-na-bicicleta\/","title":{"rendered":"Eloir Jr - Passeio na Bicicleta"},"content":{"rendered":"<p><strong>Artista:<\/strong> Eloir Jr<\/p>\n<p><strong>T\u00edtulo:<\/strong> Passeio na Bicicleta<\/p>\n<p><strong>Dimens\u00e3o:<\/strong> 97x71cm (com moldura)<\/p>\n<p><strong>T\u00e9cnica:<\/strong> Acr\u00edlica sobre tela P.E.T<\/p>\n<p>&nbsp;<\/p>\n<p>&nbsp;<\/p>\n<p>Nasceu em 1969, em Curitiba - PR. Graduado em Design de Moda, em 2003 pela Universidade Tuiuti do Paran\u00e1 \u2013 Curitiba \u2013 PR, e Bacharel em gravura, pela Escola de M\u00fasica e Belas Artes do Paran\u00e1, em 2004, fez P\u00f3s-gradua\u00e7\u00e3o em Hist\u00f3ria da Arte do s\u00e9culo XX, pela EMBAP, tamb\u00e9m em 2004. Em suas obras, retrata p\u00eassankas, matrioskas, sempre abordando a tem\u00e1tica das diferentes culturas que formaram o Paran\u00e1. Fez ateli\u00eas e cursos diversos, incluindo aulas com a Mst.Profa. Maria Cec\u00edlia de Noronha e Mst. Rafael Grecca de Macedo. Exposi\u00e7\u00f5es individuais e coletivas em locais diversos de Curitiba - PR.<\/p>\n","protected":false},"excerpt":{"rendered":"<p>Artista: Eloir Jr T\u00edtulo: Passeio na Bicicleta Dimens\u00e3o: 97x71cm (com moldura) T\u00e9cnica: Acr\u00edlica sobre tela P.E.T &nbsp; &nbsp; Nasceu em 1969, em Curitiba - PR. Graduado em Design de Moda, em 2003 pela Universidade Tuiuti do Paran\u00e1 \u2013 Curitiba \u2013 PR, e Bacharel em gravura, pela Escola de M\u00fasica e Belas Artes do Paran\u00e1, em [&hellip;]<\/p>\n","protected":false},"featured_media":5540,"template":"","meta":[],"product_brand":[],"product_cat":[117],"product_tag":[],"class_list":{"0":"post-5538","1":"product","2":"type-product","3":"status-publish","4":"has-post-thumbnail","6":"product_cat-galeria","7":"pa_artista-eloir-jr","8":"pa_estilo-figurativo","9":"pa_tecnica-acrilica-sobre-tela","11":"first","12":"instock","13":"shipping-taxable","14":"purchasable","15":"product-type-simple"},"yoast_head":"<!-- This site is optimized with the Yoast SEO plugin v27.4 - https:\/\/yoast.com\/product\/yoast-seo-wordpress\/ -->\n<title>Eloir Jr - Passeio na Bicicleta - Solar do Ros\u00e1rio Galeria \\\\\\\\Nova<\/title>\n<meta name=\"robots\" content=\"index, follow, max-snippet:-1, max-image-preview:large, max-video-preview:-1\" \/>\n<link rel=\"canonical\" href=\"https:\/\/solardorosario.com.br\/galeria\/produto\/eloir-jr-passeio-na-bicicleta\/\" \/>\n<meta property=\"og:locale\" content=\"pt_BR\" \/>\n<meta property=\"og:type\" content=\"article\" \/>\n<meta property=\"og:title\" content=\"Eloir Jr - Passeio na Bicicleta - Solar do Ros\u00e1rio Galeria \\\\\\\\Nova\" \/>\n<meta property=\"og:description\" content=\"Artista: Eloir Jr T\u00edtulo: Passeio na Bicicleta Dimens\u00e3o: 97x71cm (com moldura) T\u00e9cnica: Acr\u00edlica sobre tela P.E.T &nbsp; &nbsp; Nasceu em 1969, em Curitiba - PR. Graduado em Design de Moda, em 2003 pela Universidade Tuiuti do Paran\u00e1 \u2013 Curitiba \u2013 PR, e Bacharel em gravura, pela Escola de M\u00fasica e Belas Artes do Paran\u00e1, em [&hellip;]\" \/>\n<meta property=\"og:url\" content=\"https:\/\/solardorosario.com.br\/galeria\/produto\/eloir-jr-passeio-na-bicicleta\/\" \/>\n<meta property=\"og:site_name\" content=\"Solar do Ros\u00e1rio Galeria \\\\\\\\Nova\" \/>\n<meta property=\"article:modified_time\" content=\"2026-03-23T17:19:24+00:00\" \/>\n<meta property=\"og:image\" content=\"https:\/\/solardorosario.com.br\/galeria\/wp-content\/uploads\/2025\/06\/Imagem-do-WhatsApp-de-2025-06-26-as-11.46.28_a1374e6b.jpg\" \/>\n\t<meta property=\"og:image:width\" content=\"856\" \/>\n\t<meta property=\"og:image:height\" content=\"1280\" \/>\n\t<meta property=\"og:image:type\" content=\"image\/jpeg\" \/>\n<meta name=\"twitter:card\" content=\"summary_large_image\" \/>\n<meta name=\"twitter:label1\" content=\"Est. tempo de leitura\" \/>\n\t<meta name=\"twitter:data1\" content=\"1 minuto\" \/>\n<script type=\"application\/ld+json\" class=\"yoast-schema-graph\">{\"@context\":\"https:\\\/\\\/schema.org\",\"@graph\":[{\"@type\":\"WebPage\",\"@id\":\"https:\\\/\\\/solardorosario.com.br\\\/galeria\\\/produto\\\/eloir-jr-passeio-na-bicicleta\\\/\",\"url\":\"https:\\\/\\\/solardorosario.com.br\\\/galeria\\\/produto\\\/eloir-jr-passeio-na-bicicleta\\\/\",\"name\":\"Eloir Jr - Passeio na Bicicleta - Solar do Ros\u00e1rio Galeria \\\\\\\\\\\\\\\\Nova\",\"isPartOf\":{\"@id\":\"https:\\\/\\\/solardorosario.com.br\\\/galeria\\\/#website\"},\"primaryImageOfPage\":{\"@id\":\"https:\\\/\\\/solardorosario.com.br\\\/galeria\\\/produto\\\/eloir-jr-passeio-na-bicicleta\\\/#primaryimage\"},\"image\":{\"@id\":\"https:\\\/\\\/solardorosario.com.br\\\/galeria\\\/produto\\\/eloir-jr-passeio-na-bicicleta\\\/#primaryimage\"},\"thumbnailUrl\":\"https:\\\/\\\/solardorosario.com.br\\\/galeria\\\/wp-content\\\/uploads\\\/2025\\\/06\\\/Imagem-do-WhatsApp-de-2025-06-26-as-11.46.28_a1374e6b.jpg\",\"datePublished\":\"2025-06-26T14:57:53+00:00\",\"dateModified\":\"2026-03-23T17:19:24+00:00\",\"breadcrumb\":{\"@id\":\"https:\\\/\\\/solardorosario.com.br\\\/galeria\\\/produto\\\/eloir-jr-passeio-na-bicicleta\\\/#breadcrumb\"},\"inLanguage\":\"pt-BR\",\"potentialAction\":[{\"@type\":\"ReadAction\",\"target\":[\"https:\\\/\\\/solardorosario.com.br\\\/galeria\\\/produto\\\/eloir-jr-passeio-na-bicicleta\\\/\"]}]},{\"@type\":\"ImageObject\",\"inLanguage\":\"pt-BR\",\"@id\":\"https:\\\/\\\/solardorosario.com.br\\\/galeria\\\/produto\\\/eloir-jr-passeio-na-bicicleta\\\/#primaryimage\",\"url\":\"https:\\\/\\\/solardorosario.com.br\\\/galeria\\\/wp-content\\\/uploads\\\/2025\\\/06\\\/Imagem-do-WhatsApp-de-2025-06-26-as-11.46.28_a1374e6b.jpg\",\"contentUrl\":\"https:\\\/\\\/solardorosario.com.br\\\/galeria\\\/wp-content\\\/uploads\\\/2025\\\/06\\\/Imagem-do-WhatsApp-de-2025-06-26-as-11.46.28_a1374e6b.jpg\",\"width\":856,\"height\":1280},{\"@type\":\"BreadcrumbList\",\"@id\":\"https:\\\/\\\/solardorosario.com.br\\\/galeria\\\/produto\\\/eloir-jr-passeio-na-bicicleta\\\/#breadcrumb\",\"itemListElement\":[{\"@type\":\"ListItem\",\"position\":1,\"name\":\"In\u00edcio\",\"item\":\"https:\\\/\\\/solardorosario.com.br\\\/galeria\\\/\"},{\"@type\":\"ListItem\",\"position\":2,\"name\":\"galeria\",\"item\":\"https:\\\/\\\/solardorosario.com.br\\\/galeria\\\/galeria\\\/\"},{\"@type\":\"ListItem\",\"position\":3,\"name\":\"Eloir Jr - Passeio na Bicicleta\"}]},{\"@type\":\"WebSite\",\"@id\":\"https:\\\/\\\/solardorosario.com.br\\\/galeria\\\/#website\",\"url\":\"https:\\\/\\\/solardorosario.com.br\\\/galeria\\\/\",\"name\":\"Solar do Ros\u00e1rio Galeria \\\\\\\\\\\\\\\\Nova\",\"description\":\"\",\"potentialAction\":[{\"@type\":\"SearchAction\",\"target\":{\"@type\":\"EntryPoint\",\"urlTemplate\":\"https:\\\/\\\/solardorosario.com.br\\\/galeria\\\/?s={search_term_string}\"},\"query-input\":{\"@type\":\"PropertyValueSpecification\",\"valueRequired\":true,\"valueName\":\"search_term_string\"}}],\"inLanguage\":\"pt-BR\"}]}<\/script>\n<!-- \/ Yoast SEO plugin. -->","yoast_head_json":{"title":"Eloir Jr - Passeio na Bicicleta - Solar do Ros\u00e1rio Galeria \\\\\\\\Nova","robots":{"index":"index","follow":"follow","max-snippet":"max-snippet:-1","max-image-preview":"max-image-preview:large","max-video-preview":"max-video-preview:-1"},"canonical":"https:\/\/solardorosario.com.br\/galeria\/produto\/eloir-jr-passeio-na-bicicleta\/","og_locale":"pt_BR","og_type":"article","og_title":"Eloir Jr - Passeio na Bicicleta - Solar do Ros\u00e1rio Galeria \\\\\\\\Nova","og_description":"Artista: Eloir Jr T\u00edtulo: Passeio na Bicicleta Dimens\u00e3o: 97x71cm (com moldura) T\u00e9cnica: Acr\u00edlica sobre tela P.E.T &nbsp; &nbsp; Nasceu em 1969, em Curitiba - PR. Graduado em Design de Moda, em 2003 pela Universidade Tuiuti do Paran\u00e1 \u2013 Curitiba \u2013 PR, e Bacharel em gravura, pela Escola de M\u00fasica e Belas Artes do Paran\u00e1, em [&hellip;]","og_url":"https:\/\/solardorosario.com.br\/galeria\/produto\/eloir-jr-passeio-na-bicicleta\/","og_site_name":"Solar do Ros\u00e1rio Galeria \\\\\\\\Nova","article_modified_time":"2026-03-23T17:19:24+00:00","og_image":[{"width":856,"height":1280,"url":"https:\/\/solardorosario.com.br\/galeria\/wp-content\/uploads\/2025\/06\/Imagem-do-WhatsApp-de-2025-06-26-as-11.46.28_a1374e6b.jpg","type":"image\/jpeg"}],"twitter_card":"summary_large_image","twitter_misc":{"Est. tempo de leitura":"1 minuto"},"schema":{"@context":"https:\/\/schema.org","@graph":[{"@type":"WebPage","@id":"https:\/\/solardorosario.com.br\/galeria\/produto\/eloir-jr-passeio-na-bicicleta\/","url":"https:\/\/solardorosario.com.br\/galeria\/produto\/eloir-jr-passeio-na-bicicleta\/","name":"Eloir Jr - Passeio na Bicicleta - Solar do Ros\u00e1rio Galeria \\\\\\\\Nova","isPartOf":{"@id":"https:\/\/solardorosario.com.br\/galeria\/#website"},"primaryImageOfPage":{"@id":"https:\/\/solardorosario.com.br\/galeria\/produto\/eloir-jr-passeio-na-bicicleta\/#primaryimage"},"image":{"@id":"https:\/\/solardorosario.com.br\/galeria\/produto\/eloir-jr-passeio-na-bicicleta\/#primaryimage"},"thumbnailUrl":"https:\/\/solardorosario.com.br\/galeria\/wp-content\/uploads\/2025\/06\/Imagem-do-WhatsApp-de-2025-06-26-as-11.46.28_a1374e6b.jpg","datePublished":"2025-06-26T14:57:53+00:00","dateModified":"2026-03-23T17:19:24+00:00","breadcrumb":{"@id":"https:\/\/solardorosario.com.br\/galeria\/produto\/eloir-jr-passeio-na-bicicleta\/#breadcrumb"},"inLanguage":"pt-BR","potentialAction":[{"@type":"ReadAction","target":["https:\/\/solardorosario.com.br\/galeria\/produto\/eloir-jr-passeio-na-bicicleta\/"]}]},{"@type":"ImageObject","inLanguage":"pt-BR","@id":"https:\/\/solardorosario.com.br\/galeria\/produto\/eloir-jr-passeio-na-bicicleta\/#primaryimage","url":"https:\/\/solardorosario.com.br\/galeria\/wp-content\/uploads\/2025\/06\/Imagem-do-WhatsApp-de-2025-06-26-as-11.46.28_a1374e6b.jpg","contentUrl":"https:\/\/solardorosario.com.br\/galeria\/wp-content\/uploads\/2025\/06\/Imagem-do-WhatsApp-de-2025-06-26-as-11.46.28_a1374e6b.jpg","width":856,"height":1280},{"@type":"BreadcrumbList","@id":"https:\/\/solardorosario.com.br\/galeria\/produto\/eloir-jr-passeio-na-bicicleta\/#breadcrumb","itemListElement":[{"@type":"ListItem","position":1,"name":"In\u00edcio","item":"https:\/\/solardorosario.com.br\/galeria\/"},{"@type":"ListItem","position":2,"name":"galeria","item":"https:\/\/solardorosario.com.br\/galeria\/galeria\/"},{"@type":"ListItem","position":3,"name":"Eloir Jr - Passeio na Bicicleta"}]},{"@type":"WebSite","@id":"https:\/\/solardorosario.com.br\/galeria\/#website","url":"https:\/\/solardorosario.com.br\/galeria\/","name":"Solar do Ros\u00e1rio Galeria \\\\\\\\Nova","description":"","potentialAction":[{"@type":"SearchAction","target":{"@type":"EntryPoint","urlTemplate":"https:\/\/solardorosario.com.br\/galeria\/?s={search_term_string}"},"query-input":{"@type":"PropertyValueSpecification","valueRequired":true,"valueName":"search_term_string"}}],"inLanguage":"pt-BR"}]}},"_links":{"self":[{"href":"https:\/\/solardorosario.com.br\/galeria\/wp-json\/wp\/v2\/product\/5538","targetHints":{"allow":["GET"]}}],"collection":[{"href":"https:\/\/solardorosario.com.br\/galeria\/wp-json\/wp\/v2\/product"}],"about":[{"href":"https:\/\/solardorosario.com.br\/galeria\/wp-json\/wp\/v2\/types\/product"}],"wp:featuredmedia":[{"embeddable":true,"href":"https:\/\/solardorosario.com.br\/galeria\/wp-json\/wp\/v2\/media\/5540"}],"wp:attachment":[{"href":"https:\/\/solardorosario.com.br\/galeria\/wp-json\/wp\/v2\/media?parent=5538"}],"wp:term":[{"taxonomy":"product_brand","embeddable":true,"href":"https:\/\/solardorosario.com.br\/galeria\/wp-json\/wp\/v2\/product_brand?post=5538"},{"taxonomy":"product_cat","embeddable":true,"href":"https:\/\/solardorosario.com.br\/galeria\/wp-json\/wp\/v2\/product_cat?post=5538"},{"taxonomy":"product_tag","embeddable":true,"href":"https:\/\/solardorosario.com.br\/galeria\/wp-json\/wp\/v2\/product_tag?post=5538"}],"curies":[{"name":"wp","href":"https:\/\/api.w.org\/{rel}","templated":true}]}}