{"id":5349,"date":"2025-05-15T15:30:32","date_gmt":"2025-05-15T18:30:32","guid":{"rendered":"https:\/\/solardorosario.com.br\/galeria\/?post_type=product&#038;p=5349"},"modified":"2026-04-06T14:57:20","modified_gmt":"2026-04-06T17:57:20","slug":"livro-salmao-e-alcachofra-e-outras-historias-contos-cronicas","status":"publish","type":"product","link":"https:\/\/solardorosario.com.br\/galeria\/produto\/livro-salmao-e-alcachofra-e-outras-historias-contos-cronicas\/","title":{"rendered":"Livro - Salm\u00e3o e Alcachofra e outras Hist\u00f3rias - Contos &amp; cr\u00f4nicas"},"content":{"rendered":"<p><strong>T\u00edtulo:<\/strong> Salm\u00e3o e Alcachofras e outras Hist\u00f3rias - Contos &amp; Cr\u00f4nicas<\/p>\n<p>\"Os contos de Regina Casillo s\u00e3o desse momento. Falar, ler e escrever s\u00e3o uma \u00fanica atividade que ela transforma em ocasi\u00f5es comuns. Paisagens, pessoas, situa\u00e7\u00f5es nos s\u00e3o contadas numa l\u00edngua agrad\u00e1vel, onde n\u00e3o faltam humor ou poesia. Boa companhia, sua voz conduz a uma \"fl\u00e2nerie\", sem tempo, sem pressa, sem preocupa\u00e7\u00f5es. \u00c9 como se o mundo de Regina fosse um coro de vozes que ela interroga sem cessar. Nele, os leitores s\u00e3o testemunhas e interlocutores. E com a escritora, eles veem juntos um anjo passar. Ou desfilar um cortejo de pequenas joias de intelig\u00eancia e sensibilidade.\"<\/p>\n<p><em>Mary Del Priore - Historiadora, escritora e Membro da Academia Paulista de Letras\u00a0<\/em>no pref\u00e1cio de \"Salm\u00e3o e Alcachofra e outras Hist\u00f3rias\".<\/p>\n<p>\"Regina, que ama janelas, generosamente nos oferece, em Salm\u00e3o, Alcachofras e outras Hist\u00f3rias, pequenas e preciosas janelas para sua vida e seu modo todo especial de ver e viver o mundo. Janelas que, com certeza, agregar\u00e3o uma legi\u00e3o de amigos, admiradores e curiosos. Que essa \"coragem tardia\" em escrever perdure e que venham outras, muitas outras mem\u00f3rias.\"<\/p>\n<p><em>Liana de Camargo Le\u00e3o - Escritora, professora e Membro da Academia Parananese de Letras\u00a0<\/em>no texto de introdu\u00e7\u00e3o de \"Salm\u00e3o e Alcachofra e outras Hist\u00f3rias\".<\/p>\n<p>&nbsp;<\/p>\n","protected":false},"excerpt":{"rendered":"<p>T\u00edtulo: Salm\u00e3o e Alcachofras e outras Hist\u00f3rias - Contos &amp; Cr\u00f4nicas \"Os contos de Regina Casillo s\u00e3o desse momento. Falar, ler e escrever s\u00e3o uma \u00fanica atividade que ela transforma em ocasi\u00f5es comuns. Paisagens, pessoas, situa\u00e7\u00f5es nos s\u00e3o contadas numa l\u00edngua agrad\u00e1vel, onde n\u00e3o faltam humor ou poesia. Boa companhia, sua voz conduz a uma [&hellip;]<\/p>\n","protected":false},"featured_media":5350,"template":"","meta":[],"product_brand":[],"product_cat":[117],"product_tag":[],"class_list":{"0":"post-5349","1":"product","2":"type-product","3":"status-publish","4":"has-post-thumbnail","6":"product_cat-galeria","7":"pa_tecnica-livros-de-arte-e-artistas","9":"first","10":"instock","11":"shipping-taxable","12":"purchasable","13":"product-type-simple"},"yoast_head":"<!-- This site is optimized with the Yoast SEO plugin v27.4 - https:\/\/yoast.com\/product\/yoast-seo-wordpress\/ -->\n<title>Livro - Salm\u00e3o e Alcachofra e outras Hist\u00f3rias - Contos &amp; cr\u00f4nicas - Solar do Ros\u00e1rio Galeria \\\\\\\\Nova<\/title>\n<meta name=\"robots\" content=\"index, follow, max-snippet:-1, max-image-preview:large, max-video-preview:-1\" \/>\n<link rel=\"canonical\" href=\"https:\/\/solardorosario.com.br\/galeria\/produto\/livro-salmao-e-alcachofra-e-outras-historias-contos-cronicas\/\" \/>\n<meta property=\"og:locale\" content=\"pt_BR\" \/>\n<meta property=\"og:type\" content=\"article\" \/>\n<meta property=\"og:title\" content=\"Livro - Salm\u00e3o e Alcachofra e outras Hist\u00f3rias - Contos &amp; cr\u00f4nicas - Solar do Ros\u00e1rio Galeria \\\\\\\\Nova\" \/>\n<meta property=\"og:description\" content=\"T\u00edtulo: Salm\u00e3o e Alcachofras e outras Hist\u00f3rias - Contos &amp; Cr\u00f4nicas &quot;Os contos de Regina Casillo s\u00e3o desse momento. Falar, ler e escrever s\u00e3o uma \u00fanica atividade que ela transforma em ocasi\u00f5es comuns. Paisagens, pessoas, situa\u00e7\u00f5es nos s\u00e3o contadas numa l\u00edngua agrad\u00e1vel, onde n\u00e3o faltam humor ou poesia. Boa companhia, sua voz conduz a uma [&hellip;]\" \/>\n<meta property=\"og:url\" content=\"https:\/\/solardorosario.com.br\/galeria\/produto\/livro-salmao-e-alcachofra-e-outras-historias-contos-cronicas\/\" \/>\n<meta property=\"og:site_name\" content=\"Solar do Ros\u00e1rio Galeria \\\\\\\\Nova\" \/>\n<meta property=\"article:modified_time\" content=\"2026-04-06T17:57:20+00:00\" \/>\n<meta property=\"og:image\" content=\"https:\/\/solardorosario.com.br\/galeria\/wp-content\/uploads\/2025\/05\/Salmao-e-Alcachofra-e-Outras-Historias-scaled.jpg\" \/>\n\t<meta property=\"og:image:width\" content=\"1777\" \/>\n\t<meta property=\"og:image:height\" content=\"2560\" \/>\n\t<meta property=\"og:image:type\" content=\"image\/jpeg\" \/>\n<meta name=\"twitter:card\" content=\"summary_large_image\" \/>\n<meta name=\"twitter:label1\" content=\"Est. tempo de leitura\" \/>\n\t<meta name=\"twitter:data1\" content=\"2 minutos\" \/>\n<script type=\"application\/ld+json\" class=\"yoast-schema-graph\">{\"@context\":\"https:\\\/\\\/schema.org\",\"@graph\":[{\"@type\":\"WebPage\",\"@id\":\"https:\\\/\\\/solardorosario.com.br\\\/galeria\\\/produto\\\/livro-salmao-e-alcachofra-e-outras-historias-contos-cronicas\\\/\",\"url\":\"https:\\\/\\\/solardorosario.com.br\\\/galeria\\\/produto\\\/livro-salmao-e-alcachofra-e-outras-historias-contos-cronicas\\\/\",\"name\":\"Livro - Salm\u00e3o e Alcachofra e outras Hist\u00f3rias - Contos &amp; cr\u00f4nicas - Solar do Ros\u00e1rio Galeria \\\\\\\\\\\\\\\\Nova\",\"isPartOf\":{\"@id\":\"https:\\\/\\\/solardorosario.com.br\\\/galeria\\\/#website\"},\"primaryImageOfPage\":{\"@id\":\"https:\\\/\\\/solardorosario.com.br\\\/galeria\\\/produto\\\/livro-salmao-e-alcachofra-e-outras-historias-contos-cronicas\\\/#primaryimage\"},\"image\":{\"@id\":\"https:\\\/\\\/solardorosario.com.br\\\/galeria\\\/produto\\\/livro-salmao-e-alcachofra-e-outras-historias-contos-cronicas\\\/#primaryimage\"},\"thumbnailUrl\":\"https:\\\/\\\/solardorosario.com.br\\\/galeria\\\/wp-content\\\/uploads\\\/2025\\\/05\\\/Salmao-e-Alcachofra-e-Outras-Historias-scaled.jpg\",\"datePublished\":\"2025-05-15T18:30:32+00:00\",\"dateModified\":\"2026-04-06T17:57:20+00:00\",\"breadcrumb\":{\"@id\":\"https:\\\/\\\/solardorosario.com.br\\\/galeria\\\/produto\\\/livro-salmao-e-alcachofra-e-outras-historias-contos-cronicas\\\/#breadcrumb\"},\"inLanguage\":\"pt-BR\",\"potentialAction\":[{\"@type\":\"ReadAction\",\"target\":[\"https:\\\/\\\/solardorosario.com.br\\\/galeria\\\/produto\\\/livro-salmao-e-alcachofra-e-outras-historias-contos-cronicas\\\/\"]}]},{\"@type\":\"ImageObject\",\"inLanguage\":\"pt-BR\",\"@id\":\"https:\\\/\\\/solardorosario.com.br\\\/galeria\\\/produto\\\/livro-salmao-e-alcachofra-e-outras-historias-contos-cronicas\\\/#primaryimage\",\"url\":\"https:\\\/\\\/solardorosario.com.br\\\/galeria\\\/wp-content\\\/uploads\\\/2025\\\/05\\\/Salmao-e-Alcachofra-e-Outras-Historias-scaled.jpg\",\"contentUrl\":\"https:\\\/\\\/solardorosario.com.br\\\/galeria\\\/wp-content\\\/uploads\\\/2025\\\/05\\\/Salmao-e-Alcachofra-e-Outras-Historias-scaled.jpg\",\"width\":1777,\"height\":2560},{\"@type\":\"BreadcrumbList\",\"@id\":\"https:\\\/\\\/solardorosario.com.br\\\/galeria\\\/produto\\\/livro-salmao-e-alcachofra-e-outras-historias-contos-cronicas\\\/#breadcrumb\",\"itemListElement\":[{\"@type\":\"ListItem\",\"position\":1,\"name\":\"In\u00edcio\",\"item\":\"https:\\\/\\\/solardorosario.com.br\\\/galeria\\\/\"},{\"@type\":\"ListItem\",\"position\":2,\"name\":\"galeria\",\"item\":\"https:\\\/\\\/solardorosario.com.br\\\/galeria\\\/galeria\\\/\"},{\"@type\":\"ListItem\",\"position\":3,\"name\":\"Livro - Salm\u00e3o e Alcachofra e outras Hist\u00f3rias - Contos &amp; cr\u00f4nicas\"}]},{\"@type\":\"WebSite\",\"@id\":\"https:\\\/\\\/solardorosario.com.br\\\/galeria\\\/#website\",\"url\":\"https:\\\/\\\/solardorosario.com.br\\\/galeria\\\/\",\"name\":\"Solar do Ros\u00e1rio Galeria \\\\\\\\\\\\\\\\Nova\",\"description\":\"\",\"potentialAction\":[{\"@type\":\"SearchAction\",\"target\":{\"@type\":\"EntryPoint\",\"urlTemplate\":\"https:\\\/\\\/solardorosario.com.br\\\/galeria\\\/?s={search_term_string}\"},\"query-input\":{\"@type\":\"PropertyValueSpecification\",\"valueRequired\":true,\"valueName\":\"search_term_string\"}}],\"inLanguage\":\"pt-BR\"}]}<\/script>\n<!-- \/ Yoast SEO plugin. -->","yoast_head_json":{"title":"Livro - Salm\u00e3o e Alcachofra e outras Hist\u00f3rias - Contos &amp; cr\u00f4nicas - Solar do Ros\u00e1rio Galeria \\\\\\\\Nova","robots":{"index":"index","follow":"follow","max-snippet":"max-snippet:-1","max-image-preview":"max-image-preview:large","max-video-preview":"max-video-preview:-1"},"canonical":"https:\/\/solardorosario.com.br\/galeria\/produto\/livro-salmao-e-alcachofra-e-outras-historias-contos-cronicas\/","og_locale":"pt_BR","og_type":"article","og_title":"Livro - Salm\u00e3o e Alcachofra e outras Hist\u00f3rias - Contos &amp; cr\u00f4nicas - Solar do Ros\u00e1rio Galeria \\\\\\\\Nova","og_description":"T\u00edtulo: Salm\u00e3o e Alcachofras e outras Hist\u00f3rias - Contos &amp; Cr\u00f4nicas \"Os contos de Regina Casillo s\u00e3o desse momento. Falar, ler e escrever s\u00e3o uma \u00fanica atividade que ela transforma em ocasi\u00f5es comuns. Paisagens, pessoas, situa\u00e7\u00f5es nos s\u00e3o contadas numa l\u00edngua agrad\u00e1vel, onde n\u00e3o faltam humor ou poesia. Boa companhia, sua voz conduz a uma [&hellip;]","og_url":"https:\/\/solardorosario.com.br\/galeria\/produto\/livro-salmao-e-alcachofra-e-outras-historias-contos-cronicas\/","og_site_name":"Solar do Ros\u00e1rio Galeria \\\\\\\\Nova","article_modified_time":"2026-04-06T17:57:20+00:00","og_image":[{"width":1777,"height":2560,"url":"https:\/\/solardorosario.com.br\/galeria\/wp-content\/uploads\/2025\/05\/Salmao-e-Alcachofra-e-Outras-Historias-scaled.jpg","type":"image\/jpeg"}],"twitter_card":"summary_large_image","twitter_misc":{"Est. tempo de leitura":"2 minutos"},"schema":{"@context":"https:\/\/schema.org","@graph":[{"@type":"WebPage","@id":"https:\/\/solardorosario.com.br\/galeria\/produto\/livro-salmao-e-alcachofra-e-outras-historias-contos-cronicas\/","url":"https:\/\/solardorosario.com.br\/galeria\/produto\/livro-salmao-e-alcachofra-e-outras-historias-contos-cronicas\/","name":"Livro - Salm\u00e3o e Alcachofra e outras Hist\u00f3rias - Contos &amp; cr\u00f4nicas - Solar do Ros\u00e1rio Galeria \\\\\\\\Nova","isPartOf":{"@id":"https:\/\/solardorosario.com.br\/galeria\/#website"},"primaryImageOfPage":{"@id":"https:\/\/solardorosario.com.br\/galeria\/produto\/livro-salmao-e-alcachofra-e-outras-historias-contos-cronicas\/#primaryimage"},"image":{"@id":"https:\/\/solardorosario.com.br\/galeria\/produto\/livro-salmao-e-alcachofra-e-outras-historias-contos-cronicas\/#primaryimage"},"thumbnailUrl":"https:\/\/solardorosario.com.br\/galeria\/wp-content\/uploads\/2025\/05\/Salmao-e-Alcachofra-e-Outras-Historias-scaled.jpg","datePublished":"2025-05-15T18:30:32+00:00","dateModified":"2026-04-06T17:57:20+00:00","breadcrumb":{"@id":"https:\/\/solardorosario.com.br\/galeria\/produto\/livro-salmao-e-alcachofra-e-outras-historias-contos-cronicas\/#breadcrumb"},"inLanguage":"pt-BR","potentialAction":[{"@type":"ReadAction","target":["https:\/\/solardorosario.com.br\/galeria\/produto\/livro-salmao-e-alcachofra-e-outras-historias-contos-cronicas\/"]}]},{"@type":"ImageObject","inLanguage":"pt-BR","@id":"https:\/\/solardorosario.com.br\/galeria\/produto\/livro-salmao-e-alcachofra-e-outras-historias-contos-cronicas\/#primaryimage","url":"https:\/\/solardorosario.com.br\/galeria\/wp-content\/uploads\/2025\/05\/Salmao-e-Alcachofra-e-Outras-Historias-scaled.jpg","contentUrl":"https:\/\/solardorosario.com.br\/galeria\/wp-content\/uploads\/2025\/05\/Salmao-e-Alcachofra-e-Outras-Historias-scaled.jpg","width":1777,"height":2560},{"@type":"BreadcrumbList","@id":"https:\/\/solardorosario.com.br\/galeria\/produto\/livro-salmao-e-alcachofra-e-outras-historias-contos-cronicas\/#breadcrumb","itemListElement":[{"@type":"ListItem","position":1,"name":"In\u00edcio","item":"https:\/\/solardorosario.com.br\/galeria\/"},{"@type":"ListItem","position":2,"name":"galeria","item":"https:\/\/solardorosario.com.br\/galeria\/galeria\/"},{"@type":"ListItem","position":3,"name":"Livro - Salm\u00e3o e Alcachofra e outras Hist\u00f3rias - Contos &amp; cr\u00f4nicas"}]},{"@type":"WebSite","@id":"https:\/\/solardorosario.com.br\/galeria\/#website","url":"https:\/\/solardorosario.com.br\/galeria\/","name":"Solar do Ros\u00e1rio Galeria \\\\\\\\Nova","description":"","potentialAction":[{"@type":"SearchAction","target":{"@type":"EntryPoint","urlTemplate":"https:\/\/solardorosario.com.br\/galeria\/?s={search_term_string}"},"query-input":{"@type":"PropertyValueSpecification","valueRequired":true,"valueName":"search_term_string"}}],"inLanguage":"pt-BR"}]}},"_links":{"self":[{"href":"https:\/\/solardorosario.com.br\/galeria\/wp-json\/wp\/v2\/product\/5349","targetHints":{"allow":["GET"]}}],"collection":[{"href":"https:\/\/solardorosario.com.br\/galeria\/wp-json\/wp\/v2\/product"}],"about":[{"href":"https:\/\/solardorosario.com.br\/galeria\/wp-json\/wp\/v2\/types\/product"}],"wp:featuredmedia":[{"embeddable":true,"href":"https:\/\/solardorosario.com.br\/galeria\/wp-json\/wp\/v2\/media\/5350"}],"wp:attachment":[{"href":"https:\/\/solardorosario.com.br\/galeria\/wp-json\/wp\/v2\/media?parent=5349"}],"wp:term":[{"taxonomy":"product_brand","embeddable":true,"href":"https:\/\/solardorosario.com.br\/galeria\/wp-json\/wp\/v2\/product_brand?post=5349"},{"taxonomy":"product_cat","embeddable":true,"href":"https:\/\/solardorosario.com.br\/galeria\/wp-json\/wp\/v2\/product_cat?post=5349"},{"taxonomy":"product_tag","embeddable":true,"href":"https:\/\/solardorosario.com.br\/galeria\/wp-json\/wp\/v2\/product_tag?post=5349"}],"curies":[{"name":"wp","href":"https:\/\/api.w.org\/{rel}","templated":true}]}}