{"id":5247,"date":"2024-12-04T10:47:49","date_gmt":"2024-12-04T13:47:49","guid":{"rendered":"https:\/\/solardorosario.com.br\/galeria\/?post_type=product&#038;p=5247"},"modified":"2026-03-19T14:33:20","modified_gmt":"2026-03-19T17:33:20","slug":"cristina-roese-presepio","status":"publish","type":"product","link":"https:\/\/solardorosario.com.br\/galeria\/produto\/cristina-roese-presepio\/","title":{"rendered":"Cristina Roese - Pres\u00e9pio"},"content":{"rendered":"<p><strong>Artista:<\/strong> Cristina Roese<\/p>\n<p><strong>T\u00edtulo:<\/strong> Pres\u00e9pio<\/p>\n<p><strong>Dimens\u00e3o:<\/strong> 16x7cm<\/p>\n<p><strong>T\u00e9cnica:<\/strong> Escultura em Bronze<\/p>\n<p>&nbsp;<\/p>\n<p>&nbsp;<\/p>\n<p>Nascida em Ilh\u00e9us - Bahia, em 1947. Em 1971, se muda para Campinas aprendendo sozinha t\u00e9cnicas de escultura em troncos de madeira. Em 1983, inicia os desenhos, e depois trabalha com pintura e giz pastel, com cursos no Museu de Arte de Campinas e no ateli\u00ea Giglio. Depois de um tempo, abre o pr\u00f3prio ateli\u00ea, que era a \u00fanica galeria de esculturas da regi\u00e3o. Participou de exposi\u00e7\u00f5es individuais e coletivas em Campinas, S\u00e3o Paulo, Itu, Jaguariuna, S\u00e3o Jo\u00e3o da Boa Vista, Set\u00fabal e Franca. Recebeu men\u00e7\u00f5es honrosas em sal\u00f5es de Arte de Franca, no VI Sal\u00e3o de Mogi Mirim e no XIX Sal\u00e3o de Arte Contempor\u00e2nea.<\/p>\n","protected":false},"excerpt":{"rendered":"<p>Artista: Cristina Roese T\u00edtulo: Pres\u00e9pio Dimens\u00e3o: 16x7cm T\u00e9cnica: Escultura em Bronze &nbsp; &nbsp; Nascida em Ilh\u00e9us - Bahia, em 1947. Em 1971, se muda para Campinas aprendendo sozinha t\u00e9cnicas de escultura em troncos de madeira. Em 1983, inicia os desenhos, e depois trabalha com pintura e giz pastel, com cursos no Museu de Arte de [&hellip;]<\/p>\n","protected":false},"featured_media":5250,"template":"","meta":[],"product_brand":[],"product_cat":[117],"product_tag":[],"class_list":{"0":"post-5247","1":"product","2":"type-product","3":"status-publish","4":"has-post-thumbnail","6":"product_cat-galeria","7":"pa_artista-cristina-roese","8":"pa_estilo-figurativo","9":"pa_tecnica-bronze","11":"first","12":"instock","13":"shipping-taxable","14":"purchasable","15":"product-type-simple"},"yoast_head":"<!-- This site is optimized with the Yoast SEO plugin v27.4 - https:\/\/yoast.com\/product\/yoast-seo-wordpress\/ -->\n<title>Cristina Roese - Pres\u00e9pio - Solar do Ros\u00e1rio Galeria \\\\\\\\Nova<\/title>\n<meta name=\"robots\" content=\"index, follow, max-snippet:-1, max-image-preview:large, max-video-preview:-1\" \/>\n<link rel=\"canonical\" href=\"https:\/\/solardorosario.com.br\/galeria\/produto\/cristina-roese-presepio\/\" \/>\n<meta property=\"og:locale\" content=\"pt_BR\" \/>\n<meta property=\"og:type\" content=\"article\" \/>\n<meta property=\"og:title\" content=\"Cristina Roese - Pres\u00e9pio - Solar do Ros\u00e1rio Galeria \\\\\\\\Nova\" \/>\n<meta property=\"og:description\" content=\"Artista: Cristina Roese T\u00edtulo: Pres\u00e9pio Dimens\u00e3o: 16x7cm T\u00e9cnica: Escultura em Bronze &nbsp; &nbsp; Nascida em Ilh\u00e9us - Bahia, em 1947. Em 1971, se muda para Campinas aprendendo sozinha t\u00e9cnicas de escultura em troncos de madeira. Em 1983, inicia os desenhos, e depois trabalha com pintura e giz pastel, com cursos no Museu de Arte de [&hellip;]\" \/>\n<meta property=\"og:url\" content=\"https:\/\/solardorosario.com.br\/galeria\/produto\/cristina-roese-presepio\/\" \/>\n<meta property=\"og:site_name\" content=\"Solar do Ros\u00e1rio Galeria \\\\\\\\Nova\" \/>\n<meta property=\"article:modified_time\" content=\"2026-03-19T17:33:20+00:00\" \/>\n<meta property=\"og:image\" content=\"https:\/\/solardorosario.com.br\/galeria\/wp-content\/uploads\/2024\/12\/DSC_0079-copiar-scaled.jpg\" \/>\n\t<meta property=\"og:image:width\" content=\"2560\" \/>\n\t<meta property=\"og:image:height\" content=\"2560\" \/>\n\t<meta property=\"og:image:type\" content=\"image\/jpeg\" \/>\n<meta name=\"twitter:card\" content=\"summary_large_image\" \/>\n<meta name=\"twitter:label1\" content=\"Est. tempo de leitura\" \/>\n\t<meta name=\"twitter:data1\" content=\"1 minuto\" \/>\n<script type=\"application\/ld+json\" class=\"yoast-schema-graph\">{\"@context\":\"https:\\\/\\\/schema.org\",\"@graph\":[{\"@type\":\"WebPage\",\"@id\":\"https:\\\/\\\/solardorosario.com.br\\\/galeria\\\/produto\\\/cristina-roese-presepio\\\/\",\"url\":\"https:\\\/\\\/solardorosario.com.br\\\/galeria\\\/produto\\\/cristina-roese-presepio\\\/\",\"name\":\"Cristina Roese - Pres\u00e9pio - Solar do Ros\u00e1rio Galeria \\\\\\\\\\\\\\\\Nova\",\"isPartOf\":{\"@id\":\"https:\\\/\\\/solardorosario.com.br\\\/galeria\\\/#website\"},\"primaryImageOfPage\":{\"@id\":\"https:\\\/\\\/solardorosario.com.br\\\/galeria\\\/produto\\\/cristina-roese-presepio\\\/#primaryimage\"},\"image\":{\"@id\":\"https:\\\/\\\/solardorosario.com.br\\\/galeria\\\/produto\\\/cristina-roese-presepio\\\/#primaryimage\"},\"thumbnailUrl\":\"https:\\\/\\\/solardorosario.com.br\\\/galeria\\\/wp-content\\\/uploads\\\/2024\\\/12\\\/DSC_0079-copiar-scaled.jpg\",\"datePublished\":\"2024-12-04T13:47:49+00:00\",\"dateModified\":\"2026-03-19T17:33:20+00:00\",\"breadcrumb\":{\"@id\":\"https:\\\/\\\/solardorosario.com.br\\\/galeria\\\/produto\\\/cristina-roese-presepio\\\/#breadcrumb\"},\"inLanguage\":\"pt-BR\",\"potentialAction\":[{\"@type\":\"ReadAction\",\"target\":[\"https:\\\/\\\/solardorosario.com.br\\\/galeria\\\/produto\\\/cristina-roese-presepio\\\/\"]}]},{\"@type\":\"ImageObject\",\"inLanguage\":\"pt-BR\",\"@id\":\"https:\\\/\\\/solardorosario.com.br\\\/galeria\\\/produto\\\/cristina-roese-presepio\\\/#primaryimage\",\"url\":\"https:\\\/\\\/solardorosario.com.br\\\/galeria\\\/wp-content\\\/uploads\\\/2024\\\/12\\\/DSC_0079-copiar-scaled.jpg\",\"contentUrl\":\"https:\\\/\\\/solardorosario.com.br\\\/galeria\\\/wp-content\\\/uploads\\\/2024\\\/12\\\/DSC_0079-copiar-scaled.jpg\",\"width\":2560,\"height\":2560},{\"@type\":\"BreadcrumbList\",\"@id\":\"https:\\\/\\\/solardorosario.com.br\\\/galeria\\\/produto\\\/cristina-roese-presepio\\\/#breadcrumb\",\"itemListElement\":[{\"@type\":\"ListItem\",\"position\":1,\"name\":\"In\u00edcio\",\"item\":\"https:\\\/\\\/solardorosario.com.br\\\/galeria\\\/\"},{\"@type\":\"ListItem\",\"position\":2,\"name\":\"galeria\",\"item\":\"https:\\\/\\\/solardorosario.com.br\\\/galeria\\\/galeria\\\/\"},{\"@type\":\"ListItem\",\"position\":3,\"name\":\"Cristina Roese - Pres\u00e9pio\"}]},{\"@type\":\"WebSite\",\"@id\":\"https:\\\/\\\/solardorosario.com.br\\\/galeria\\\/#website\",\"url\":\"https:\\\/\\\/solardorosario.com.br\\\/galeria\\\/\",\"name\":\"Solar do Ros\u00e1rio Galeria \\\\\\\\\\\\\\\\Nova\",\"description\":\"\",\"potentialAction\":[{\"@type\":\"SearchAction\",\"target\":{\"@type\":\"EntryPoint\",\"urlTemplate\":\"https:\\\/\\\/solardorosario.com.br\\\/galeria\\\/?s={search_term_string}\"},\"query-input\":{\"@type\":\"PropertyValueSpecification\",\"valueRequired\":true,\"valueName\":\"search_term_string\"}}],\"inLanguage\":\"pt-BR\"}]}<\/script>\n<!-- \/ Yoast SEO plugin. -->","yoast_head_json":{"title":"Cristina Roese - Pres\u00e9pio - Solar do Ros\u00e1rio Galeria \\\\\\\\Nova","robots":{"index":"index","follow":"follow","max-snippet":"max-snippet:-1","max-image-preview":"max-image-preview:large","max-video-preview":"max-video-preview:-1"},"canonical":"https:\/\/solardorosario.com.br\/galeria\/produto\/cristina-roese-presepio\/","og_locale":"pt_BR","og_type":"article","og_title":"Cristina Roese - Pres\u00e9pio - Solar do Ros\u00e1rio Galeria \\\\\\\\Nova","og_description":"Artista: Cristina Roese T\u00edtulo: Pres\u00e9pio Dimens\u00e3o: 16x7cm T\u00e9cnica: Escultura em Bronze &nbsp; &nbsp; Nascida em Ilh\u00e9us - Bahia, em 1947. Em 1971, se muda para Campinas aprendendo sozinha t\u00e9cnicas de escultura em troncos de madeira. Em 1983, inicia os desenhos, e depois trabalha com pintura e giz pastel, com cursos no Museu de Arte de [&hellip;]","og_url":"https:\/\/solardorosario.com.br\/galeria\/produto\/cristina-roese-presepio\/","og_site_name":"Solar do Ros\u00e1rio Galeria \\\\\\\\Nova","article_modified_time":"2026-03-19T17:33:20+00:00","og_image":[{"width":2560,"height":2560,"url":"https:\/\/solardorosario.com.br\/galeria\/wp-content\/uploads\/2024\/12\/DSC_0079-copiar-scaled.jpg","type":"image\/jpeg"}],"twitter_card":"summary_large_image","twitter_misc":{"Est. tempo de leitura":"1 minuto"},"schema":{"@context":"https:\/\/schema.org","@graph":[{"@type":"WebPage","@id":"https:\/\/solardorosario.com.br\/galeria\/produto\/cristina-roese-presepio\/","url":"https:\/\/solardorosario.com.br\/galeria\/produto\/cristina-roese-presepio\/","name":"Cristina Roese - Pres\u00e9pio - Solar do Ros\u00e1rio Galeria \\\\\\\\Nova","isPartOf":{"@id":"https:\/\/solardorosario.com.br\/galeria\/#website"},"primaryImageOfPage":{"@id":"https:\/\/solardorosario.com.br\/galeria\/produto\/cristina-roese-presepio\/#primaryimage"},"image":{"@id":"https:\/\/solardorosario.com.br\/galeria\/produto\/cristina-roese-presepio\/#primaryimage"},"thumbnailUrl":"https:\/\/solardorosario.com.br\/galeria\/wp-content\/uploads\/2024\/12\/DSC_0079-copiar-scaled.jpg","datePublished":"2024-12-04T13:47:49+00:00","dateModified":"2026-03-19T17:33:20+00:00","breadcrumb":{"@id":"https:\/\/solardorosario.com.br\/galeria\/produto\/cristina-roese-presepio\/#breadcrumb"},"inLanguage":"pt-BR","potentialAction":[{"@type":"ReadAction","target":["https:\/\/solardorosario.com.br\/galeria\/produto\/cristina-roese-presepio\/"]}]},{"@type":"ImageObject","inLanguage":"pt-BR","@id":"https:\/\/solardorosario.com.br\/galeria\/produto\/cristina-roese-presepio\/#primaryimage","url":"https:\/\/solardorosario.com.br\/galeria\/wp-content\/uploads\/2024\/12\/DSC_0079-copiar-scaled.jpg","contentUrl":"https:\/\/solardorosario.com.br\/galeria\/wp-content\/uploads\/2024\/12\/DSC_0079-copiar-scaled.jpg","width":2560,"height":2560},{"@type":"BreadcrumbList","@id":"https:\/\/solardorosario.com.br\/galeria\/produto\/cristina-roese-presepio\/#breadcrumb","itemListElement":[{"@type":"ListItem","position":1,"name":"In\u00edcio","item":"https:\/\/solardorosario.com.br\/galeria\/"},{"@type":"ListItem","position":2,"name":"galeria","item":"https:\/\/solardorosario.com.br\/galeria\/galeria\/"},{"@type":"ListItem","position":3,"name":"Cristina Roese - Pres\u00e9pio"}]},{"@type":"WebSite","@id":"https:\/\/solardorosario.com.br\/galeria\/#website","url":"https:\/\/solardorosario.com.br\/galeria\/","name":"Solar do Ros\u00e1rio Galeria \\\\\\\\Nova","description":"","potentialAction":[{"@type":"SearchAction","target":{"@type":"EntryPoint","urlTemplate":"https:\/\/solardorosario.com.br\/galeria\/?s={search_term_string}"},"query-input":{"@type":"PropertyValueSpecification","valueRequired":true,"valueName":"search_term_string"}}],"inLanguage":"pt-BR"}]}},"_links":{"self":[{"href":"https:\/\/solardorosario.com.br\/galeria\/wp-json\/wp\/v2\/product\/5247","targetHints":{"allow":["GET"]}}],"collection":[{"href":"https:\/\/solardorosario.com.br\/galeria\/wp-json\/wp\/v2\/product"}],"about":[{"href":"https:\/\/solardorosario.com.br\/galeria\/wp-json\/wp\/v2\/types\/product"}],"wp:featuredmedia":[{"embeddable":true,"href":"https:\/\/solardorosario.com.br\/galeria\/wp-json\/wp\/v2\/media\/5250"}],"wp:attachment":[{"href":"https:\/\/solardorosario.com.br\/galeria\/wp-json\/wp\/v2\/media?parent=5247"}],"wp:term":[{"taxonomy":"product_brand","embeddable":true,"href":"https:\/\/solardorosario.com.br\/galeria\/wp-json\/wp\/v2\/product_brand?post=5247"},{"taxonomy":"product_cat","embeddable":true,"href":"https:\/\/solardorosario.com.br\/galeria\/wp-json\/wp\/v2\/product_cat?post=5247"},{"taxonomy":"product_tag","embeddable":true,"href":"https:\/\/solardorosario.com.br\/galeria\/wp-json\/wp\/v2\/product_tag?post=5247"}],"curies":[{"name":"wp","href":"https:\/\/api.w.org\/{rel}","templated":true}]}}